{"id":1473,"date":"2021-01-27T22:00:39","date_gmt":"2021-01-27T22:00:39","guid":{"rendered":"http:\/\/heartfailurematters.local:8888\/digitalis-praeparate\/"},"modified":"2025-12-04T11:24:10","modified_gmt":"2025-12-04T11:24:10","slug":"digitalis-praeparate","status":"publish","type":"page","link":"https:\/\/www.heartfailurematters.org\/de\/das-koennen-ihr-arzt-oder-pflegepersonal-tun\/digitalis-praeparate\/","title":{"rendered":"Digitalis"},"content":{"rendered":"<h2>Wirkweise<\/h2>\n<p>Die am h\u00e4ufigsten verwendeten Digitalis-Pr\u00e4parate sind <a class=\"addtooltip\" title=\"&lt;div id='ToolTipTextWrap'&gt;Digoxin&lt;\/div&gt;&lt;p&gt; Ein Medikament, das verwendet wird, um Herzrhythmusst\u00f6rungen in den Griff zu bekommen und die Herzleistung zu verbessern.&lt;\/p&gt;\"><strong>Digoxin<\/strong><\/a> und Digitoxin. Beide k\u00f6nnen Ihr Herz sanft st\u00e4rken und Ihre Herzfrequenz leicht senken. Digitalis kann auch <a class=\"addtooltip\" title=\"&lt;div id='ToolTipTextWrap'&gt;\u00d6dem&lt;\/div&gt;&lt;p&gt; Schwellung eines Gewebes durch Fl\u00fcssigkeitsansammlung und Stauung.&lt;\/p&gt;\"><strong>\u00d6deme<\/strong><\/a> (Schwellungen durch Fl\u00fcssigkeitsansammlung) verringern. Es ist vor allem f\u00fcr Menschen mit unregelm\u00e4\u00dfigem Herzrhythmus n\u00fctzlich, insbesondere bei <a class=\"addtooltip\" title=\"&lt;div id='ToolTipTextWrap'&gt;Vorhofflimmern&lt;\/div&gt;&lt;p&gt; Unregelm\u00e4\u00dfiger und oftmals schneller Herzschlag im linken Vorhof (Atrium), der zu einem unregelm\u00e4\u00dfigem Herzschlag in den Kammern f\u00fchrt.&lt;\/p&gt;\"><strong>Vorhofflimmern<\/strong><\/a> mit schneller Herzfrequenz.<\/p>\n<h2>Welche Vorteile sind zu erwarten?<\/h2>\n<p>Digitalis hilft dabei, Ihre Herzfrequenz in den Griff zu bekommen und somit die Symptome zu lindern.<\/p>\n<h2>Nebenwirkungen<\/h2>\n<p>Es ist wichtig, dass Sie die richtige Dosis Digoxin erhalten \u2013 Ihre \u00c4rztin\/Ihr Arzt oder medizinisches Fachpersonal wird regelm\u00e4\u00dfige Blutuntersuchungen durchf\u00fchren, um dies zu \u00fcberpr\u00fcfen. Falls Sie zu viel Digoxin erhalten, k\u00f6nnten Sie Ihr Appetit vermindert sein oder es k\u00f6nnten sich \u00dcbelkeit, Kopfschmerzen oder verschwommenes Sehen\/Farbsinnst\u00f6rungen entwickeln.<\/p>\n<p>Gelegentlich k\u00f6nnen hohe Digoxinspiegel zu Herzrhythmusst\u00f6rungen f\u00fchren, die m\u00f6glicherweise in <a class=\"addtooltip\" title=\"&lt;div id='ToolTipTextWrap'&gt;Herzrasen&lt;\/div&gt;&lt;p&gt;Wahrnehmung von ausgesetzten, zus\u00e4tzlichen oder unregelm\u00e4\u00dfigen Herzschl\u00e4gen.&lt;\/p&gt;\"><strong>Herzrasen<\/strong><\/a> oder <a class=\"addtooltip\" title=\"&lt;div id='ToolTipTextWrap'&gt;Ohnmacht&lt;\/div&gt;&lt;p&gt;Bezeichnung f\u00fcr einen pl\u00f6tzlichen, vor\u00fcbergehenden Bewusstseinsverlust, der durch einen verringerten Blutfluss (und damit weniger Sauerstoffzufuhr) zum Gehirn verursacht wird. Die Ursache ist in der Regel auf einen niedrigen Blutdruck oder eine langsame Herzfrequenz zur\u00fcckzuf\u00fchren.&lt;\/p&gt;\"><strong>Ohnmacht<\/strong><\/a> resultieren. Falls Sie eines dieser Symptome haben, sollten Sie Ihre Haus\u00e4rztin\/Ihren Hausarzt aufsuchen.<\/p>\n<h2>Top-Tipps<\/h2>\n<p>Falls Sie einen unterdurchschnittlichen <a class=\"addtooltip\" title=\"&lt;div id='ToolTipTextWrap'&gt;Kalium&lt;\/div&gt;&lt;p&gt; Ein essentieller Mineralstoff, der von Ihrem K\u00f6rper f\u00fcr die normale Zellfunktion ben\u00f6tigt wird. Diuretika k\u00f6nnen zum Verlust von Kalium f\u00fchren.&lt;\/p&gt;\"><strong>Kalium<\/strong><\/a>-Spiegel haben (dies kann zum Beispiel der Fall sein, wenn Sie <a class=\"addtooltip\" title=\"&lt;div id='ToolTipTextWrap'&gt;Insulin&lt;\/div&gt;&lt;p&gt; Ein von der Bauchspeicheldr\u00fcse produziertes Hormon, das es dem K\u00f6rper erm\u00f6glicht, Glukose f\u00fcr die Energieerzeugung zu verwerten.&lt;\/p&gt;\"><strong>insulinabh\u00e4ngigen Diabetes<\/strong><\/a> haben oder Diuretika einnehmen), kann dies den Spiegel von Digoxin oder Digitoxin im Blut anheben. Sie sollten daher sicherstellen, dass Sie die fr\u00fchen Anzeichen einer zu hohen Digoxin-Medikation wie \u00dcbelkeit, Appetitlosigkeit oder einen extrem langsamen Herzschlag erkennen k\u00f6nnen. Falls Sie eines dieser Symptome entwickeln, empfiehlt sich ein haus\u00e4rztliches Beratungsgespr\u00e4ch.<\/p>\n<p>Vor jeder Art von Operation, einschlie\u00dflich zahnmedizinischer oder Notfallbehandlungen, sollten Sie Ihrer Haus\u00e4rztin\/Ihrem Hausarzt, Ihrer Zahn\u00e4rztin\/Ihrem Zahnarzt oder Ihrer Chirurgin\/Ihrem Chirurgen mitteilen, dass Sie Digoxin bzw. Digitoxin einnehmen.<\/p>\n<h2>Auch bekannt als:<\/h2>\n<ul>\n<li> <strong>Digoxin<\/strong> (Lanoxin\u00ae, Lanicor\u00ae)<\/li>\n<li><strong>Acetyldigoxin<\/strong> (Novodigal\u00ae)<\/li>\n<li><strong>Metildigoxin<\/strong> (Lanitop\u00ae)<\/li>\n<li><strong>Digitoxin<\/strong> (Digitoxin AWD\u00ae)<\/li>\n<\/ul>\n<p><a href=\"https:\/\/www.heartfailurematters.org\/what-your-doctor-can-do\/heart-failure-medicines\/\">Zur\u00fcck zu Medikamenten zur Behandlung von Herzinsuffizienz<\/a><\/p>\n","protected":false},"excerpt":{"rendered":"<p>Wirkweise Die am h\u00e4ufigsten verwendeten Digitalis-Pr\u00e4parate sind Digoxin und Digitoxin. Beide k\u00f6nnen Ihr Herz sanft st\u00e4rken und Ihre Herzfrequenz leicht senken. Digitalis kann auch \u00d6deme (Schwellungen durch Fl\u00fcssigkeitsansammlung) verringern. Es ist vor allem f\u00fcr Menschen mit unregelm\u00e4\u00dfigem Herzrhythmus n\u00fctzlich, insbesondere bei Vorhofflimmern mit schneller Herzfrequenz. Welche Vorteile sind zu erwarten? Digitalis hilft dabei, Ihre Herzfrequenz [&hellip;]<\/p>\n","protected":false},"author":1,"featured_media":10869,"parent":2680,"menu_order":0,"comment_status":"open","ping_status":"open","template":"","meta":{"_acf_changed":false,"footnotes":""},"categories":[],"tags":[],"class_list":["post-1473","page","type-page","status-publish","has-post-thumbnail","hentry"],"acf":[],"yoast_head":"<!-- This site is optimized with the Yoast SEO plugin v24.8.1 - https:\/\/yoast.com\/wordpress\/plugins\/seo\/ -->\n<title>Digitalis bei Herzinsuffizienz<\/title>\n<meta name=\"description\" content=\"Die am h\u00e4ufigsten verwendeten Digitalis-Pr\u00e4parate sind Digoxin und Digitoxin. Beide k\u00f6nnen Ihr Herz sanft st\u00e4rken und Ihre Herzfrequenz leicht senken.\" \/>\n<meta name=\"robots\" content=\"index, follow, max-snippet:-1, max-image-preview:large, max-video-preview:-1\" \/>\n<link rel=\"canonical\" href=\"https:\/\/www.heartfailurematters.org\/de\/das-koennen-ihr-arzt-oder-pflegepersonal-tun\/digitalis-praeparate\/\" \/>\n<meta property=\"og:locale\" content=\"de_DE\" \/>\n<meta property=\"og:type\" content=\"article\" \/>\n<meta property=\"og:title\" content=\"Digitalis bei Herzinsuffizienz\" \/>\n<meta property=\"og:description\" content=\"Die am h\u00e4ufigsten verwendeten Digitalis-Pr\u00e4parate sind Digoxin und Digitoxin. Beide k\u00f6nnen Ihr Herz sanft st\u00e4rken und Ihre Herzfrequenz leicht senken.\" \/>\n<meta property=\"og:url\" content=\"https:\/\/www.heartfailurematters.org\/de\/das-koennen-ihr-arzt-oder-pflegepersonal-tun\/digitalis-praeparate\/\" \/>\n<meta property=\"og:site_name\" content=\"Heart Failure Matters\" \/>\n<meta property=\"article:publisher\" content=\"https:\/\/www.facebook.com\/heartfailurematters\" \/>\n<meta property=\"article:modified_time\" content=\"2025-12-04T11:24:10+00:00\" \/>\n<meta property=\"og:image\" content=\"https:\/\/www.heartfailurematters.org\/wp-content\/uploads\/2022\/03\/shutterstock_441673426-1-min.jpg\" \/>\n\t<meta property=\"og:image:width\" content=\"900\" \/>\n\t<meta property=\"og:image:height\" content=\"596\" \/>\n\t<meta property=\"og:image:type\" content=\"image\/jpeg\" \/>\n<meta name=\"twitter:card\" content=\"summary_large_image\" \/>\n<meta name=\"twitter:label1\" content=\"Gesch\u00e4tzte Lesezeit\" \/>\n\t<meta name=\"twitter:data1\" content=\"1\u00a0Minute\" \/>\n<script type=\"application\/ld+json\" class=\"yoast-schema-graph\">{\"@context\":\"https:\/\/schema.org\",\"@graph\":[{\"@type\":\"WebPage\",\"@id\":\"https:\/\/www.heartfailurematters.org\/de\/das-koennen-ihr-arzt-oder-pflegepersonal-tun\/digitalis-praeparate\/\",\"url\":\"https:\/\/www.heartfailurematters.org\/de\/das-koennen-ihr-arzt-oder-pflegepersonal-tun\/digitalis-praeparate\/\",\"name\":\"Digitalis bei Herzinsuffizienz\",\"isPartOf\":{\"@id\":\"https:\/\/www.heartfailurematters.org\/de\/#website\"},\"primaryImageOfPage\":{\"@id\":\"https:\/\/www.heartfailurematters.org\/de\/das-koennen-ihr-arzt-oder-pflegepersonal-tun\/digitalis-praeparate\/#primaryimage\"},\"image\":{\"@id\":\"https:\/\/www.heartfailurematters.org\/de\/das-koennen-ihr-arzt-oder-pflegepersonal-tun\/digitalis-praeparate\/#primaryimage\"},\"thumbnailUrl\":\"https:\/\/www.heartfailurematters.org\/wp-content\/uploads\/2022\/03\/shutterstock_441673426-1-min.jpg\",\"datePublished\":\"2021-01-27T22:00:39+00:00\",\"dateModified\":\"2025-12-04T11:24:10+00:00\",\"description\":\"Die am h\u00e4ufigsten verwendeten Digitalis-Pr\u00e4parate sind Digoxin und Digitoxin. Beide k\u00f6nnen Ihr Herz sanft st\u00e4rken und Ihre Herzfrequenz leicht senken.\",\"breadcrumb\":{\"@id\":\"https:\/\/www.heartfailurematters.org\/de\/das-koennen-ihr-arzt-oder-pflegepersonal-tun\/digitalis-praeparate\/#breadcrumb\"},\"inLanguage\":\"de\",\"potentialAction\":[{\"@type\":\"ReadAction\",\"target\":[\"https:\/\/www.heartfailurematters.org\/de\/das-koennen-ihr-arzt-oder-pflegepersonal-tun\/digitalis-praeparate\/\"]}]},{\"@type\":\"ImageObject\",\"inLanguage\":\"de\",\"@id\":\"https:\/\/www.heartfailurematters.org\/de\/das-koennen-ihr-arzt-oder-pflegepersonal-tun\/digitalis-praeparate\/#primaryimage\",\"url\":\"https:\/\/www.heartfailurematters.org\/wp-content\/uploads\/2022\/03\/shutterstock_441673426-1-min.jpg\",\"contentUrl\":\"https:\/\/www.heartfailurematters.org\/wp-content\/uploads\/2022\/03\/shutterstock_441673426-1-min.jpg\",\"width\":900,\"height\":596},{\"@type\":\"BreadcrumbList\",\"@id\":\"https:\/\/www.heartfailurematters.org\/de\/das-koennen-ihr-arzt-oder-pflegepersonal-tun\/digitalis-praeparate\/#breadcrumb\",\"itemListElement\":[{\"@type\":\"ListItem\",\"position\":1,\"name\":\"Startseite\",\"item\":\"https:\/\/www.heartfailurematters.org\/de\/\"},{\"@type\":\"ListItem\",\"position\":2,\"name\":\"Das kann Ihr Arzt tun\",\"item\":\"https:\/\/www.heartfailurematters.org\/de\/das-koennen-ihr-arzt-oder-pflegepersonal-tun\/\"},{\"@type\":\"ListItem\",\"position\":3,\"name\":\"Digitalis\"}]},{\"@type\":\"WebSite\",\"@id\":\"https:\/\/www.heartfailurematters.org\/de\/#website\",\"url\":\"https:\/\/www.heartfailurematters.org\/de\/\",\"name\":\"Heart Failure Matters\",\"description\":\"Practical information for patients, families and caregivers.\",\"publisher\":{\"@id\":\"https:\/\/www.heartfailurematters.org\/de\/#organization\"},\"potentialAction\":[{\"@type\":\"SearchAction\",\"target\":{\"@type\":\"EntryPoint\",\"urlTemplate\":\"https:\/\/www.heartfailurematters.org\/de\/?s={search_term_string}\"},\"query-input\":{\"@type\":\"PropertyValueSpecification\",\"valueRequired\":true,\"valueName\":\"search_term_string\"}}],\"inLanguage\":\"de\"},{\"@type\":\"Organization\",\"@id\":\"https:\/\/www.heartfailurematters.org\/de\/#organization\",\"name\":\"Heart Failure Matters\",\"url\":\"https:\/\/www.heartfailurematters.org\/de\/\",\"logo\":{\"@type\":\"ImageObject\",\"inLanguage\":\"de\",\"@id\":\"https:\/\/www.heartfailurematters.org\/de\/#\/schema\/logo\/image\/\",\"url\":\"https:\/\/cdn-endpoint-hfm.azureedge.net\/heartfailurematters\/2024\/07\/hfm-logo1.jpg\",\"contentUrl\":\"https:\/\/cdn-endpoint-hfm.azureedge.net\/heartfailurematters\/2024\/07\/hfm-logo1.jpg\",\"width\":1280,\"height\":720,\"caption\":\"Heart Failure Matters\"},\"image\":{\"@id\":\"https:\/\/www.heartfailurematters.org\/de\/#\/schema\/logo\/image\/\"},\"sameAs\":[\"https:\/\/www.facebook.com\/heartfailurematters\"]}]}<\/script>\n<!-- \/ Yoast SEO plugin. -->","yoast_head_json":{"title":"Digitalis bei Herzinsuffizienz","description":"Die am h\u00e4ufigsten verwendeten Digitalis-Pr\u00e4parate sind Digoxin und Digitoxin. Beide k\u00f6nnen Ihr Herz sanft st\u00e4rken und Ihre Herzfrequenz leicht senken.","robots":{"index":"index","follow":"follow","max-snippet":"max-snippet:-1","max-image-preview":"max-image-preview:large","max-video-preview":"max-video-preview:-1"},"canonical":"https:\/\/www.heartfailurematters.org\/de\/das-koennen-ihr-arzt-oder-pflegepersonal-tun\/digitalis-praeparate\/","og_locale":"de_DE","og_type":"article","og_title":"Digitalis bei Herzinsuffizienz","og_description":"Die am h\u00e4ufigsten verwendeten Digitalis-Pr\u00e4parate sind Digoxin und Digitoxin. Beide k\u00f6nnen Ihr Herz sanft st\u00e4rken und Ihre Herzfrequenz leicht senken.","og_url":"https:\/\/www.heartfailurematters.org\/de\/das-koennen-ihr-arzt-oder-pflegepersonal-tun\/digitalis-praeparate\/","og_site_name":"Heart Failure Matters","article_publisher":"https:\/\/www.facebook.com\/heartfailurematters","article_modified_time":"2025-12-04T11:24:10+00:00","og_image":[{"width":900,"height":596,"url":"https:\/\/www.heartfailurematters.org\/wp-content\/uploads\/2022\/03\/shutterstock_441673426-1-min.jpg","type":"image\/jpeg"}],"twitter_card":"summary_large_image","twitter_misc":{"Gesch\u00e4tzte Lesezeit":"1\u00a0Minute"},"schema":{"@context":"https:\/\/schema.org","@graph":[{"@type":"WebPage","@id":"https:\/\/www.heartfailurematters.org\/de\/das-koennen-ihr-arzt-oder-pflegepersonal-tun\/digitalis-praeparate\/","url":"https:\/\/www.heartfailurematters.org\/de\/das-koennen-ihr-arzt-oder-pflegepersonal-tun\/digitalis-praeparate\/","name":"Digitalis bei Herzinsuffizienz","isPartOf":{"@id":"https:\/\/www.heartfailurematters.org\/de\/#website"},"primaryImageOfPage":{"@id":"https:\/\/www.heartfailurematters.org\/de\/das-koennen-ihr-arzt-oder-pflegepersonal-tun\/digitalis-praeparate\/#primaryimage"},"image":{"@id":"https:\/\/www.heartfailurematters.org\/de\/das-koennen-ihr-arzt-oder-pflegepersonal-tun\/digitalis-praeparate\/#primaryimage"},"thumbnailUrl":"https:\/\/www.heartfailurematters.org\/wp-content\/uploads\/2022\/03\/shutterstock_441673426-1-min.jpg","datePublished":"2021-01-27T22:00:39+00:00","dateModified":"2025-12-04T11:24:10+00:00","description":"Die am h\u00e4ufigsten verwendeten Digitalis-Pr\u00e4parate sind Digoxin und Digitoxin. Beide k\u00f6nnen Ihr Herz sanft st\u00e4rken und Ihre Herzfrequenz leicht senken.","breadcrumb":{"@id":"https:\/\/www.heartfailurematters.org\/de\/das-koennen-ihr-arzt-oder-pflegepersonal-tun\/digitalis-praeparate\/#breadcrumb"},"inLanguage":"de","potentialAction":[{"@type":"ReadAction","target":["https:\/\/www.heartfailurematters.org\/de\/das-koennen-ihr-arzt-oder-pflegepersonal-tun\/digitalis-praeparate\/"]}]},{"@type":"ImageObject","inLanguage":"de","@id":"https:\/\/www.heartfailurematters.org\/de\/das-koennen-ihr-arzt-oder-pflegepersonal-tun\/digitalis-praeparate\/#primaryimage","url":"https:\/\/www.heartfailurematters.org\/wp-content\/uploads\/2022\/03\/shutterstock_441673426-1-min.jpg","contentUrl":"https:\/\/www.heartfailurematters.org\/wp-content\/uploads\/2022\/03\/shutterstock_441673426-1-min.jpg","width":900,"height":596},{"@type":"BreadcrumbList","@id":"https:\/\/www.heartfailurematters.org\/de\/das-koennen-ihr-arzt-oder-pflegepersonal-tun\/digitalis-praeparate\/#breadcrumb","itemListElement":[{"@type":"ListItem","position":1,"name":"Startseite","item":"https:\/\/www.heartfailurematters.org\/de\/"},{"@type":"ListItem","position":2,"name":"Das kann Ihr Arzt tun","item":"https:\/\/www.heartfailurematters.org\/de\/das-koennen-ihr-arzt-oder-pflegepersonal-tun\/"},{"@type":"ListItem","position":3,"name":"Digitalis"}]},{"@type":"WebSite","@id":"https:\/\/www.heartfailurematters.org\/de\/#website","url":"https:\/\/www.heartfailurematters.org\/de\/","name":"Heart Failure Matters","description":"Practical information for patients, families and caregivers.","publisher":{"@id":"https:\/\/www.heartfailurematters.org\/de\/#organization"},"potentialAction":[{"@type":"SearchAction","target":{"@type":"EntryPoint","urlTemplate":"https:\/\/www.heartfailurematters.org\/de\/?s={search_term_string}"},"query-input":{"@type":"PropertyValueSpecification","valueRequired":true,"valueName":"search_term_string"}}],"inLanguage":"de"},{"@type":"Organization","@id":"https:\/\/www.heartfailurematters.org\/de\/#organization","name":"Heart Failure Matters","url":"https:\/\/www.heartfailurematters.org\/de\/","logo":{"@type":"ImageObject","inLanguage":"de","@id":"https:\/\/www.heartfailurematters.org\/de\/#\/schema\/logo\/image\/","url":"https:\/\/cdn-endpoint-hfm.azureedge.net\/heartfailurematters\/2024\/07\/hfm-logo1.jpg","contentUrl":"https:\/\/cdn-endpoint-hfm.azureedge.net\/heartfailurematters\/2024\/07\/hfm-logo1.jpg","width":1280,"height":720,"caption":"Heart Failure Matters"},"image":{"@id":"https:\/\/www.heartfailurematters.org\/de\/#\/schema\/logo\/image\/"},"sameAs":["https:\/\/www.facebook.com\/heartfailurematters"]}]}},"_links":{"self":[{"href":"https:\/\/www.heartfailurematters.org\/de\/wp-json\/wp\/v2\/pages\/1473","targetHints":{"allow":["GET"]}}],"collection":[{"href":"https:\/\/www.heartfailurematters.org\/de\/wp-json\/wp\/v2\/pages"}],"about":[{"href":"https:\/\/www.heartfailurematters.org\/de\/wp-json\/wp\/v2\/types\/page"}],"author":[{"embeddable":true,"href":"https:\/\/www.heartfailurematters.org\/de\/wp-json\/wp\/v2\/users\/1"}],"replies":[{"embeddable":true,"href":"https:\/\/www.heartfailurematters.org\/de\/wp-json\/wp\/v2\/comments?post=1473"}],"version-history":[{"count":1,"href":"https:\/\/www.heartfailurematters.org\/de\/wp-json\/wp\/v2\/pages\/1473\/revisions"}],"predecessor-version":[{"id":13631,"href":"https:\/\/www.heartfailurematters.org\/de\/wp-json\/wp\/v2\/pages\/1473\/revisions\/13631"}],"up":[{"embeddable":true,"href":"https:\/\/www.heartfailurematters.org\/de\/wp-json\/wp\/v2\/pages\/2680"}],"wp:featuredmedia":[{"embeddable":true,"href":"https:\/\/www.heartfailurematters.org\/de\/wp-json\/wp\/v2\/media\/10869"}],"wp:attachment":[{"href":"https:\/\/www.heartfailurematters.org\/de\/wp-json\/wp\/v2\/media?parent=1473"}],"wp:term":[{"taxonomy":"category","embeddable":true,"href":"https:\/\/www.heartfailurematters.org\/de\/wp-json\/wp\/v2\/categories?post=1473"},{"taxonomy":"post_tag","embeddable":true,"href":"https:\/\/www.heartfailurematters.org\/de\/wp-json\/wp\/v2\/tags?post=1473"}],"curies":[{"name":"wp","href":"https:\/\/api.w.org\/{rel}","templated":true}]}}