{"id":1468,"date":"2021-01-27T22:00:39","date_gmt":"2021-01-27T22:00:39","guid":{"rendered":"http:\/\/heartfailurematters.local:8888\/teilnahme-an-klinischen-studien\/"},"modified":"2021-01-27T22:00:39","modified_gmt":"2021-01-27T22:00:39","slug":"teilnahme-an-klinischen-studien","status":"publish","type":"page","link":"https:\/\/www.heartfailurematters.org\/de\/das-koennen-ihr-arzt-oder-pflegepersonal-tun\/teilnahme-an-klinischen-studien\/","title":{"rendered":"Teilnahme an klinischen Studien"},"content":{"rendered":"<h2>Was sind klinische Studien?<\/h2>\n<p>Klinische Studien liefern medizinischem Fachpersonal die erforderlichen Nachweise, um sicherzustellen, dass neue Therapien bei Herzinsuffizienz entwickelt werden, deren Sicherheit und Wirksamkeit nachgewiesen ist, bevor sie f&uuml;r die Patientenbehandlung zur Verf&uuml;gung gestellt werden.<\/p>\n<p>Damit ein neues Medikament oder Medizinprodukt an viele Patienten verabreicht werden kann, muss es zun&auml;chst auf seine Sicherheit und Wirksamkeit hin getestet werden: In klinischen Studien wird die Wirkung einer bestimmten Behandlung streng wissenschaftlich kontrolliert getestet.<\/p>\n<p>Klinische Studien werden von benannten Ethikkommissionen und staatlichen Arzneimittelzulassungsbeh&ouml;rden sorgf&auml;ltig ausgewertet, um sicherzustellen, dass die Studie eine g&uuml;ltige Antwort auf die Frage gibt, die sie beantworten soll (in der Regel, ob die Behandlung ohne zu viele Nebenwirkungen funktioniert); Ethikkommissionen pr&uuml;fen auch, ob die Studie nach der Guten Klinischen Praxis durchgef&uuml;hrt wird (d.&nbsp;h. eine Reihe international anerkannter Regeln zum Schutz der an einer Studie beteiligten Personen); ein unabh&auml;ngiges Komitee zur &Uuml;berwachung der Datensicherheit wird in der Regel eingerichtet, das w&auml;hrend der gesamten Studie kontinuierlich Berichte &uuml;ber Ereignisse erh&auml;lt. Die Hauptaufgabe dieses Komitees ist der Schutz der teilnehmenden Patienten w&auml;hrend der Studie: Zulassungsbeh&ouml;rden wie die EMA (European Medicine Agency) oder die FDA (Food and Drug Administration) &uuml;berwachen die Sicherheit und Langzeitwirkung von Medikamenten und Ger&auml;ten vor und nach der Zulassung.<\/p>\n<h2>Weshalb w&uuml;rden Sie an einer klinischen Studie teilnehmen wollen?<\/h2>\n<p>Medikamente die sicherer und wirksamer sind werden laufend neu entwickelt. Welches sind die Vorteile einer Teilnahme an einer klinischen Studie?<\/p>\n<p>Klinische Studien an Patienten sind notwendig, um den Nutzen zu belegen, bevor die Zulassungsbeh&ouml;rden ein Medikament als sicher und wirksam beurteilen und es f&uuml;r den Einsatz am Menschen zulassen k&ouml;nnen. Wenn Sie sich f&uuml;r die Teilnahme an einer klinischen Studie entscheiden, unterst&uuml;tzen Sie die Forschung an neuen Medikamenten, die so entwickelt wurden, dass sie sicherer und wirksamer sind als bestehende Therapien.<\/p>\n<p>&Auml;rzte, die an&nbsp;<a class=\"addtooltip\" title=\"Klinische Studie: Medizinische Forschungsstudien an Patienten, die dazu dienen, spezifische Fragen zu beantworten und bessere M&ouml;glichkeiten zur Vorbeugung, Erkennung oder Behandlung von Krankheiten wie Herzinsuffizienz oder zur Erkennung m&ouml;glicher Nebenwirkungen von Medikamenten zu finden\"><strong>klinischen Studien beteiligt sind,<\/strong><\/a> sind oft besonders an der in der Studie untersuchten Erkrankung interessiert. Pr&uuml;fer und Studienassistenten sollten Ihnen auch dann zur Verf&uuml;gung stehen, wenn sich Ihre Symptome verschlimmern. Auf diese Weise haben Sie h&auml;ufig Zugang zu einer Behandlung, die erst Jahre sp&auml;ter allgemein zur Verf&uuml;gung steht.<\/p>\n<h2>Was bringt die Teilnahme an einer Studie mit sich?<\/h2>\n<p>Wenn Ihr Arzt der Ansicht ist, dass Sie f&uuml;r die Teilnahme an einer klinischen Studie geeignet sind, wird er Ihnen den Zweck und die Bedeutung der klinischen Studie erl&auml;utern. Eine gr&uuml;ndliche<a title=\"K&ouml;rperliche Untersuchung: eine gr&uuml;ndliche Untersuchung eines Patienten auf Anzeichen einer Krankheit oder Anomalie\" class=\"addtooltip\"><strong>k&ouml;rperliche Untersuchung<\/strong><\/a> und eine Pr&uuml;fung Ihrer <a title=\"Krankengeschichte: Angaben zu den Symptomen einer Person, zu neueren oder vergangenen Krankheiten und Behandlungen, zu fr&uuml;heren Operationen oder Verfahren, zur Verwendung von Medikamenten und zur Familiengeschichte\" class=\"addtooltip\"><strong>medizinischen Vorgeschichte<\/strong><\/a> ist erforderlich, um sicherzustellen, dass Sie f&uuml;r die betreffende klinische Studie geeignet sind. Wenn Sie geeignet sind, wird Ihnen eine Behandlung zugewiesen, die getestet wird, und Sie erhalten einen Behandlungsplan, den Sie einhalten m&uuml;ssen. Sie k&ouml;nnen auch gebeten werden, Tagebuch zu f&uuml;hren, um &Auml;nderungen in Ihrer Gesundheit zu notieren, und Sie k&ouml;nnen gebeten werden, zu regelm&auml;&szlig;igen Untersuchungen in Ihre Klinik zur&uuml;ckzukehren.<\/p>\n<p>Ihr Hausarzt wird einbezogen und informiert, wenn Sie an der Studie teilnehmen, und erh&auml;lt am Ende der Studie eine schriftliche Zusammenfassung.<\/p>\n<p>Wenn zwei Medikamente verglichen werden, kann die klinische Studie<a title=\"Verblindet: eine verblindete klinische &nbsp;Studie &nbsp;ist eine Studie mit einem Medikament, bei der der Empf&auml;nger nicht wei&szlig;, ob er das aktive Studienmedikament oder Placebo erh&auml;lt.\" class=\"addtooltip\"><strong>verblindet<\/strong><\/a> sein, dies bedeutet, dass entweder Sie oder der Studienarzt (oder beide &ndash; das wird dann <a title=\"Doppelblind: eine doppelblinde klinische Studie ist eine Studie mit einem Medikament, bei der weder der Empf&auml;nger noch der Pr&uuml;fer wei&szlig;, ob der Empf&auml;nger das aktive Studienmedikament oder Placebo erh&auml;lt\" class=\"addtooltip\"><strong>doppelblind<\/strong><\/a>genannt), nicht wissen, welches Medikament Sie tats&auml;chlich einnehmen. Dies dient dazu, jede Beeinflussung zu vermeiden, die sich daraus ergeben kann, dass Sie wissen, dass Sie das Medikament, das von der Studie untersucht wird, nicht erhalten. Das Data Safety Monitoring Committee ist w&auml;hrend der gesamten Studie nicht verblindet, um die Sicherheit der Patienten zu gew&auml;hrleisten.<\/p>\n<p>Sie erhalten m&ouml;glicherweise ein Medikament, das keinen Wirkstoff enth&auml;lt, dieses wird auch <a title=\"Placebo: ein Medikament ohne Wirkstoff, wie es h&auml;ufig in klinischen Studien verwendet wird\" class=\"addtooltip\"><strong>Placebo<\/strong><\/a> genannt. Ein Placebo wird verwendet, um zu sehen, ob es eine Wirkung der neuen Behandlung im Vergleich zur Standardbehandlung gibt.<\/p>\n<h2>Fragen Sie Ihren Arzt<\/h2>\n<ul>\n<li>Wie lange dauert die Studie?<\/li>\n<li>Kann ich meine Meinung &auml;ndern, und die Teilnahme wieder beenden, wenn die Studie schon begonnen hat?<\/li>\n<li>Wie oft muss ich zu Untersuchungen ins Krankenhaus oder in die Praxis kommen?<\/li>\n<li>Darf ich wissen, ob ich das Pr&uuml;fpr&auml;parat tats&auml;chlich nehme?<\/li>\n<li>Welche Nebenwirkungen und potenziellen Risiken hat das Pr&uuml;fpr&auml;parat?<\/li>\n<li>Kann ich die Behandlung auch nach Abschluss der Studie fortsetzen?<\/li>\n<\/ul>\n","protected":false},"excerpt":{"rendered":"<p>Was sind klinische Studien? Klinische Studien liefern medizinischem Fachpersonal die erforderlichen Nachweise, um sicherzustellen, dass neue Therapien bei Herzinsuffizienz entwickelt werden, deren Sicherheit und Wirksamkeit nachgewiesen ist, bevor sie f&uuml;r die Patientenbehandlung zur Verf&uuml;gung gestellt werden. Damit ein neues Medikament oder Medizinprodukt an viele Patienten verabreicht werden kann, muss es zun&auml;chst auf seine Sicherheit und [&hellip;]<\/p>\n","protected":false},"author":1,"featured_media":10538,"parent":2680,"menu_order":10,"comment_status":"open","ping_status":"closed","template":"","meta":{"_acf_changed":false,"footnotes":""},"categories":[145],"tags":[],"class_list":["post-1468","page","type-page","status-publish","has-post-thumbnail","hentry","category-what-can-your-doctor-do-de"],"acf":[],"yoast_head":"<!-- This site is optimized with the Yoast SEO plugin v24.8.1 - https:\/\/yoast.com\/wordpress\/plugins\/seo\/ -->\n<title>Teilnahme an klinischen Studien<\/title>\n<meta name=\"description\" content=\"Klinische Studien liefern medizinischem Fachpersonal die erforderlichen Nachweise, um immer wieder neue Therapien f\u00fcr Herzinsuffizienz verf\u00fcgbar zu machen und deren sichere und effektive Anwendung zu garantieren, noch bevor sie f\u00fcr die Patientenbehandlung eingesetzt werden.\" \/>\n<meta name=\"robots\" content=\"index, follow, max-snippet:-1, max-image-preview:large, max-video-preview:-1\" \/>\n<link rel=\"canonical\" href=\"https:\/\/www.heartfailurematters.org\/de\/das-koennen-ihr-arzt-oder-pflegepersonal-tun\/teilnahme-an-klinischen-studien\/\" \/>\n<meta property=\"og:locale\" content=\"de_DE\" \/>\n<meta property=\"og:type\" content=\"article\" \/>\n<meta property=\"og:title\" content=\"Teilnahme an klinischen Studien\" \/>\n<meta property=\"og:description\" content=\"Klinische Studien liefern medizinischem Fachpersonal die erforderlichen Nachweise, um immer wieder neue Therapien f\u00fcr Herzinsuffizienz verf\u00fcgbar zu machen und deren sichere und effektive Anwendung zu garantieren, noch bevor sie f\u00fcr die Patientenbehandlung eingesetzt werden.\" \/>\n<meta property=\"og:url\" content=\"https:\/\/www.heartfailurematters.org\/de\/das-koennen-ihr-arzt-oder-pflegepersonal-tun\/teilnahme-an-klinischen-studien\/\" \/>\n<meta property=\"og:site_name\" content=\"Heart Failure Matters\" \/>\n<meta property=\"article:publisher\" content=\"https:\/\/www.facebook.com\/heartfailurematters\" \/>\n<meta property=\"og:image\" content=\"https:\/\/www.heartfailurematters.org\/wp-content\/uploads\/2022\/02\/shutterstock_258402434-1-min.jpg\" \/>\n\t<meta property=\"og:image:width\" content=\"900\" \/>\n\t<meta property=\"og:image:height\" content=\"475\" \/>\n\t<meta property=\"og:image:type\" content=\"image\/jpeg\" \/>\n<meta name=\"twitter:card\" content=\"summary_large_image\" \/>\n<meta name=\"twitter:label1\" content=\"Gesch\u00e4tzte Lesezeit\" \/>\n\t<meta name=\"twitter:data1\" content=\"4\u00a0Minuten\" \/>\n<script type=\"application\/ld+json\" class=\"yoast-schema-graph\">{\"@context\":\"https:\/\/schema.org\",\"@graph\":[{\"@type\":\"WebPage\",\"@id\":\"https:\/\/www.heartfailurematters.org\/de\/das-koennen-ihr-arzt-oder-pflegepersonal-tun\/teilnahme-an-klinischen-studien\/\",\"url\":\"https:\/\/www.heartfailurematters.org\/de\/das-koennen-ihr-arzt-oder-pflegepersonal-tun\/teilnahme-an-klinischen-studien\/\",\"name\":\"Teilnahme an klinischen Studien\",\"isPartOf\":{\"@id\":\"https:\/\/www.heartfailurematters.org\/de\/#website\"},\"primaryImageOfPage\":{\"@id\":\"https:\/\/www.heartfailurematters.org\/de\/das-koennen-ihr-arzt-oder-pflegepersonal-tun\/teilnahme-an-klinischen-studien\/#primaryimage\"},\"image\":{\"@id\":\"https:\/\/www.heartfailurematters.org\/de\/das-koennen-ihr-arzt-oder-pflegepersonal-tun\/teilnahme-an-klinischen-studien\/#primaryimage\"},\"thumbnailUrl\":\"https:\/\/www.heartfailurematters.org\/wp-content\/uploads\/2022\/02\/shutterstock_258402434-1-min.jpg\",\"datePublished\":\"2021-01-27T22:00:39+00:00\",\"description\":\"Klinische Studien liefern medizinischem Fachpersonal die erforderlichen Nachweise, um immer wieder neue Therapien f\u00fcr Herzinsuffizienz verf\u00fcgbar zu machen und deren sichere und effektive Anwendung zu garantieren, noch bevor sie f\u00fcr die Patientenbehandlung eingesetzt werden.\",\"breadcrumb\":{\"@id\":\"https:\/\/www.heartfailurematters.org\/de\/das-koennen-ihr-arzt-oder-pflegepersonal-tun\/teilnahme-an-klinischen-studien\/#breadcrumb\"},\"inLanguage\":\"de\",\"potentialAction\":[{\"@type\":\"ReadAction\",\"target\":[\"https:\/\/www.heartfailurematters.org\/de\/das-koennen-ihr-arzt-oder-pflegepersonal-tun\/teilnahme-an-klinischen-studien\/\"]}]},{\"@type\":\"ImageObject\",\"inLanguage\":\"de\",\"@id\":\"https:\/\/www.heartfailurematters.org\/de\/das-koennen-ihr-arzt-oder-pflegepersonal-tun\/teilnahme-an-klinischen-studien\/#primaryimage\",\"url\":\"https:\/\/www.heartfailurematters.org\/wp-content\/uploads\/2022\/02\/shutterstock_258402434-1-min.jpg\",\"contentUrl\":\"https:\/\/www.heartfailurematters.org\/wp-content\/uploads\/2022\/02\/shutterstock_258402434-1-min.jpg\",\"width\":900,\"height\":475},{\"@type\":\"BreadcrumbList\",\"@id\":\"https:\/\/www.heartfailurematters.org\/de\/das-koennen-ihr-arzt-oder-pflegepersonal-tun\/teilnahme-an-klinischen-studien\/#breadcrumb\",\"itemListElement\":[{\"@type\":\"ListItem\",\"position\":1,\"name\":\"Startseite\",\"item\":\"https:\/\/www.heartfailurematters.org\/de\/\"},{\"@type\":\"ListItem\",\"position\":2,\"name\":\"Das kann Ihr Arzt tun\",\"item\":\"https:\/\/www.heartfailurematters.org\/de\/das-koennen-ihr-arzt-oder-pflegepersonal-tun\/\"},{\"@type\":\"ListItem\",\"position\":3,\"name\":\"Teilnahme an klinischen Studien\"}]},{\"@type\":\"WebSite\",\"@id\":\"https:\/\/www.heartfailurematters.org\/de\/#website\",\"url\":\"https:\/\/www.heartfailurematters.org\/de\/\",\"name\":\"Heart Failure Matters\",\"description\":\"Practical information for patients, families and caregivers.\",\"publisher\":{\"@id\":\"https:\/\/www.heartfailurematters.org\/de\/#organization\"},\"potentialAction\":[{\"@type\":\"SearchAction\",\"target\":{\"@type\":\"EntryPoint\",\"urlTemplate\":\"https:\/\/www.heartfailurematters.org\/de\/?s={search_term_string}\"},\"query-input\":{\"@type\":\"PropertyValueSpecification\",\"valueRequired\":true,\"valueName\":\"search_term_string\"}}],\"inLanguage\":\"de\"},{\"@type\":\"Organization\",\"@id\":\"https:\/\/www.heartfailurematters.org\/de\/#organization\",\"name\":\"Heart Failure Matters\",\"url\":\"https:\/\/www.heartfailurematters.org\/de\/\",\"logo\":{\"@type\":\"ImageObject\",\"inLanguage\":\"de\",\"@id\":\"https:\/\/www.heartfailurematters.org\/de\/#\/schema\/logo\/image\/\",\"url\":\"https:\/\/cdn-endpoint-hfm.azureedge.net\/heartfailurematters\/2024\/07\/hfm-logo1.jpg\",\"contentUrl\":\"https:\/\/cdn-endpoint-hfm.azureedge.net\/heartfailurematters\/2024\/07\/hfm-logo1.jpg\",\"width\":1280,\"height\":720,\"caption\":\"Heart Failure Matters\"},\"image\":{\"@id\":\"https:\/\/www.heartfailurematters.org\/de\/#\/schema\/logo\/image\/\"},\"sameAs\":[\"https:\/\/www.facebook.com\/heartfailurematters\"]}]}<\/script>\n<!-- \/ Yoast SEO plugin. -->","yoast_head_json":{"title":"Teilnahme an klinischen Studien","description":"Klinische Studien liefern medizinischem Fachpersonal die erforderlichen Nachweise, um immer wieder neue Therapien f\u00fcr Herzinsuffizienz verf\u00fcgbar zu machen und deren sichere und effektive Anwendung zu garantieren, noch bevor sie f\u00fcr die Patientenbehandlung eingesetzt werden.","robots":{"index":"index","follow":"follow","max-snippet":"max-snippet:-1","max-image-preview":"max-image-preview:large","max-video-preview":"max-video-preview:-1"},"canonical":"https:\/\/www.heartfailurematters.org\/de\/das-koennen-ihr-arzt-oder-pflegepersonal-tun\/teilnahme-an-klinischen-studien\/","og_locale":"de_DE","og_type":"article","og_title":"Teilnahme an klinischen Studien","og_description":"Klinische Studien liefern medizinischem Fachpersonal die erforderlichen Nachweise, um immer wieder neue Therapien f\u00fcr Herzinsuffizienz verf\u00fcgbar zu machen und deren sichere und effektive Anwendung zu garantieren, noch bevor sie f\u00fcr die Patientenbehandlung eingesetzt werden.","og_url":"https:\/\/www.heartfailurematters.org\/de\/das-koennen-ihr-arzt-oder-pflegepersonal-tun\/teilnahme-an-klinischen-studien\/","og_site_name":"Heart Failure Matters","article_publisher":"https:\/\/www.facebook.com\/heartfailurematters","og_image":[{"width":900,"height":475,"url":"https:\/\/www.heartfailurematters.org\/wp-content\/uploads\/2022\/02\/shutterstock_258402434-1-min.jpg","type":"image\/jpeg"}],"twitter_card":"summary_large_image","twitter_misc":{"Gesch\u00e4tzte Lesezeit":"4\u00a0Minuten"},"schema":{"@context":"https:\/\/schema.org","@graph":[{"@type":"WebPage","@id":"https:\/\/www.heartfailurematters.org\/de\/das-koennen-ihr-arzt-oder-pflegepersonal-tun\/teilnahme-an-klinischen-studien\/","url":"https:\/\/www.heartfailurematters.org\/de\/das-koennen-ihr-arzt-oder-pflegepersonal-tun\/teilnahme-an-klinischen-studien\/","name":"Teilnahme an klinischen Studien","isPartOf":{"@id":"https:\/\/www.heartfailurematters.org\/de\/#website"},"primaryImageOfPage":{"@id":"https:\/\/www.heartfailurematters.org\/de\/das-koennen-ihr-arzt-oder-pflegepersonal-tun\/teilnahme-an-klinischen-studien\/#primaryimage"},"image":{"@id":"https:\/\/www.heartfailurematters.org\/de\/das-koennen-ihr-arzt-oder-pflegepersonal-tun\/teilnahme-an-klinischen-studien\/#primaryimage"},"thumbnailUrl":"https:\/\/www.heartfailurematters.org\/wp-content\/uploads\/2022\/02\/shutterstock_258402434-1-min.jpg","datePublished":"2021-01-27T22:00:39+00:00","description":"Klinische Studien liefern medizinischem Fachpersonal die erforderlichen Nachweise, um immer wieder neue Therapien f\u00fcr Herzinsuffizienz verf\u00fcgbar zu machen und deren sichere und effektive Anwendung zu garantieren, noch bevor sie f\u00fcr die Patientenbehandlung eingesetzt werden.","breadcrumb":{"@id":"https:\/\/www.heartfailurematters.org\/de\/das-koennen-ihr-arzt-oder-pflegepersonal-tun\/teilnahme-an-klinischen-studien\/#breadcrumb"},"inLanguage":"de","potentialAction":[{"@type":"ReadAction","target":["https:\/\/www.heartfailurematters.org\/de\/das-koennen-ihr-arzt-oder-pflegepersonal-tun\/teilnahme-an-klinischen-studien\/"]}]},{"@type":"ImageObject","inLanguage":"de","@id":"https:\/\/www.heartfailurematters.org\/de\/das-koennen-ihr-arzt-oder-pflegepersonal-tun\/teilnahme-an-klinischen-studien\/#primaryimage","url":"https:\/\/www.heartfailurematters.org\/wp-content\/uploads\/2022\/02\/shutterstock_258402434-1-min.jpg","contentUrl":"https:\/\/www.heartfailurematters.org\/wp-content\/uploads\/2022\/02\/shutterstock_258402434-1-min.jpg","width":900,"height":475},{"@type":"BreadcrumbList","@id":"https:\/\/www.heartfailurematters.org\/de\/das-koennen-ihr-arzt-oder-pflegepersonal-tun\/teilnahme-an-klinischen-studien\/#breadcrumb","itemListElement":[{"@type":"ListItem","position":1,"name":"Startseite","item":"https:\/\/www.heartfailurematters.org\/de\/"},{"@type":"ListItem","position":2,"name":"Das kann Ihr Arzt tun","item":"https:\/\/www.heartfailurematters.org\/de\/das-koennen-ihr-arzt-oder-pflegepersonal-tun\/"},{"@type":"ListItem","position":3,"name":"Teilnahme an klinischen Studien"}]},{"@type":"WebSite","@id":"https:\/\/www.heartfailurematters.org\/de\/#website","url":"https:\/\/www.heartfailurematters.org\/de\/","name":"Heart Failure Matters","description":"Practical information for patients, families and caregivers.","publisher":{"@id":"https:\/\/www.heartfailurematters.org\/de\/#organization"},"potentialAction":[{"@type":"SearchAction","target":{"@type":"EntryPoint","urlTemplate":"https:\/\/www.heartfailurematters.org\/de\/?s={search_term_string}"},"query-input":{"@type":"PropertyValueSpecification","valueRequired":true,"valueName":"search_term_string"}}],"inLanguage":"de"},{"@type":"Organization","@id":"https:\/\/www.heartfailurematters.org\/de\/#organization","name":"Heart Failure Matters","url":"https:\/\/www.heartfailurematters.org\/de\/","logo":{"@type":"ImageObject","inLanguage":"de","@id":"https:\/\/www.heartfailurematters.org\/de\/#\/schema\/logo\/image\/","url":"https:\/\/cdn-endpoint-hfm.azureedge.net\/heartfailurematters\/2024\/07\/hfm-logo1.jpg","contentUrl":"https:\/\/cdn-endpoint-hfm.azureedge.net\/heartfailurematters\/2024\/07\/hfm-logo1.jpg","width":1280,"height":720,"caption":"Heart Failure Matters"},"image":{"@id":"https:\/\/www.heartfailurematters.org\/de\/#\/schema\/logo\/image\/"},"sameAs":["https:\/\/www.facebook.com\/heartfailurematters"]}]}},"_links":{"self":[{"href":"https:\/\/www.heartfailurematters.org\/de\/wp-json\/wp\/v2\/pages\/1468","targetHints":{"allow":["GET"]}}],"collection":[{"href":"https:\/\/www.heartfailurematters.org\/de\/wp-json\/wp\/v2\/pages"}],"about":[{"href":"https:\/\/www.heartfailurematters.org\/de\/wp-json\/wp\/v2\/types\/page"}],"author":[{"embeddable":true,"href":"https:\/\/www.heartfailurematters.org\/de\/wp-json\/wp\/v2\/users\/1"}],"replies":[{"embeddable":true,"href":"https:\/\/www.heartfailurematters.org\/de\/wp-json\/wp\/v2\/comments?post=1468"}],"version-history":[{"count":0,"href":"https:\/\/www.heartfailurematters.org\/de\/wp-json\/wp\/v2\/pages\/1468\/revisions"}],"up":[{"embeddable":true,"href":"https:\/\/www.heartfailurematters.org\/de\/wp-json\/wp\/v2\/pages\/2680"}],"wp:featuredmedia":[{"embeddable":true,"href":"https:\/\/www.heartfailurematters.org\/de\/wp-json\/wp\/v2\/media\/10538"}],"wp:attachment":[{"href":"https:\/\/www.heartfailurematters.org\/de\/wp-json\/wp\/v2\/media?parent=1468"}],"wp:term":[{"taxonomy":"category","embeddable":true,"href":"https:\/\/www.heartfailurematters.org\/de\/wp-json\/wp\/v2\/categories?post=1468"},{"taxonomy":"post_tag","embeddable":true,"href":"https:\/\/www.heartfailurematters.org\/de\/wp-json\/wp\/v2\/tags?post=1468"}],"curies":[{"name":"wp","href":"https:\/\/api.w.org\/{rel}","templated":true}]}}