{"id":1466,"date":"2021-01-27T22:00:39","date_gmt":"2021-01-27T22:00:39","guid":{"rendered":"http:\/\/heartfailurematters.local:8888\/krebstherapie-und-herzinsuffizienz\/"},"modified":"2025-12-04T11:24:05","modified_gmt":"2025-12-04T11:24:05","slug":"krebstherapie-und-herzinsuffizienz","status":"publish","type":"page","link":"https:\/\/www.heartfailurematters.org\/de\/zurueck-zu-ursachen-fuer-herzinsuffizienz-und-andere-haeufige-erkrankungen\/krebstherapie-und-herzinsuffizienz\/","title":{"rendered":"Krebstherapie und Herzinsuffizienz"},"content":{"rendered":"<p>Bestimmte Arten von Behandlungen von Krebspatientinnen und -patienten k\u00f6nnen Herzinsuffizienz verursachen. Dazu geh\u00f6ren verschiedene Arten von Chemotherapie, eine Strahlentherapie des Brustkorbs und mehrere neuere gezielte Krebsbehandlungen, sogenannte biologische Therapien.<\/p>\n<p>Solche Krebsbehandlungen k\u00f6nnen Herzprobleme verursachen, die entweder vor\u00fcbergehend (kurzfristig) oder dauerhaft (langfristig) sind. W\u00e4hrend oder kurz nach der Krebsbehandlung k\u00f6nnen sich Probleme entwickeln oder auch noch viele Jahre sp\u00e4ter entstehen. Das Risiko f\u00fcr Herzprobleme h\u00e4ngt von der Art und Dauer der Krebsbehandlung ab.<\/p>\n<p>Ihr Risiko f\u00fcr die Entwicklung von Herzinsuffizienz kann erh\u00f6ht sein, wenn:<\/p>\n<ul>\n<li>&#8211; Sie bereits ein Herzproblem haben, bevor Sie mit der Krebsbehandlung beginnen.<\/li>\n<li>&#8211; Bei Ihnen andere Risikofaktoren f\u00fcr Herzprobleme zutreffen, z. B. Rauchen, Diabetes, Bluthochdruck, gehobenes Alter.<\/li>\n<li>&#8211; Sie mehrere Krebsbehandlungen ben\u00f6tigen, die sich auf das Herz auswirken.<\/li>\n<li>&#8211; Sie bereits eine Krebsbehandlung erhalten haben, die sich auf Ihre Herzgesundheit auswirkte, und Sie jetzt eine weitere Behandlung ben\u00f6tigen.<\/li>\n<li>&#8211; Sie als Kind eine Krebsbehandlung hatten.<\/li>\n<\/ul>\n<p>Falls Sie von Herzinsuffizienz betroffen sind und jetzt eine Krebsbehandlung ben\u00f6tigen, ist ein onkologisches und kardiologisches Beratungsgespr\u00e4ch ratsam. Die \u00c4rzteschaft und das Pflegepersonal sind sich dar\u00fcber im Klaren, dass die Krebsbehandlung manchmal zu Anzeichen und Symptomen einer Herzinsuffizienz f\u00fchren kann, auch bei Patientinnen und Patienten ohne vorherige Herzprobleme, und dass es gegebenenfalls Anpassungsm\u00f6glichkeiten gibt, um die Art der Krebsbehandlung auf Patientinnen und Patienten mit vorheriger Herzinsuffizienz abzustimmen.<\/p>\n<p>Effektive Untersuchungen, wie Echokardiogramme und Bluttests, k\u00f6nnen Ihre Herzfunktion bewerten und Anzeichen einer Herzinsuffizienz fr\u00fchzeitig erkennen. Die Nebenwirkungen notwendiger Krebstherapien sind in der Regel kurzfristig und treten w\u00e4hrend oder kurz nach der Behandlung auf. Jegliche Symptome, einschlie\u00dflich Kurzatmigkeit oder Fl\u00fcssigkeitseinlagerungen, sollten so schnell wie m\u00f6glich im Rahmen eines Beratungsgespr\u00e4chs mit Ihrem Arzt\/Ihrer \u00c4rztin oder Ihrem Pflegexperten\/Ihrer Pflegeexpertin er\u00f6rtert werden. Siehe <a href=\"https:\/\/www.heartfailurematters.org\/warning-signs\/chest-pain\/\">Warnsignale<\/a>.<\/p>\n<p>Weitere Informationen zum Thema Herzgesundheit und Krebsbehandlung finden Sie in der Informationsbrosch\u00fcre \u201e<a href=\"https:\/\/www.macmillan.org.uk\/cancer-information-and-support\/impacts-of-cancer\/heart-health\" target=\"_blank\" rel=\"noopener noreferrer\">Heart Health and Cancer Treatment<\/a>\u201c von Macmillan.<\/p>\n<p><a href=\"https:\/\/www.heartfailurematters.org\/heart-failure-causes-and-other-common-medical-conditions\/other-common-medical-conditions-and-heart-failure\/\">Zur\u00fcck zu Andere h\u00e4ufige Erkrankungen und Herzinsuffizienz<\/a><\/p>\n","protected":false},"excerpt":{"rendered":"<p>Bestimmte Arten von Behandlungen von Krebspatientinnen und -patienten k\u00f6nnen Herzinsuffizienz verursachen. Dazu geh\u00f6ren verschiedene Arten von Chemotherapie, eine Strahlentherapie des Brustkorbs und mehrere neuere gezielte Krebsbehandlungen, sogenannte biologische Therapien. Solche Krebsbehandlungen k\u00f6nnen Herzprobleme verursachen, die entweder vor\u00fcbergehend (kurzfristig) oder dauerhaft (langfristig) sind. W\u00e4hrend oder kurz nach der Krebsbehandlung k\u00f6nnen sich Probleme entwickeln oder auch noch [&hellip;]<\/p>\n","protected":false},"author":1,"featured_media":10778,"parent":8049,"menu_order":16,"comment_status":"open","ping_status":"closed","template":"","meta":{"_acf_changed":false,"footnotes":""},"categories":[145],"tags":[],"class_list":["post-1466","page","type-page","status-publish","has-post-thumbnail","hentry","category-what-can-your-doctor-do-de"],"acf":[],"yoast_head":"<!-- This site is optimized with the Yoast SEO plugin v24.8.1 - https:\/\/yoast.com\/wordpress\/plugins\/seo\/ -->\n<title>Krebstherapie und Herzinsuffizienz<\/title>\n<meta name=\"description\" content=\"Bestimmte Arten von Behandlungen von Krebspatientinnen und -patienten k\u00f6nnen Herzinsuffizienz verursachen. Dazu geh\u00f6ren einige Arten von Chemotherapie und Thoraxstrahlentherapie.\" \/>\n<meta name=\"robots\" content=\"index, follow, max-snippet:-1, max-image-preview:large, max-video-preview:-1\" \/>\n<link rel=\"canonical\" href=\"https:\/\/www.heartfailurematters.org\/de\/zurueck-zu-ursachen-fuer-herzinsuffizienz-und-andere-haeufige-erkrankungen\/krebstherapie-und-herzinsuffizienz\/\" \/>\n<meta property=\"og:locale\" content=\"de_DE\" \/>\n<meta property=\"og:type\" content=\"article\" \/>\n<meta property=\"og:title\" content=\"Krebstherapie und Herzinsuffizienz\" \/>\n<meta property=\"og:description\" content=\"Bestimmte Arten von Behandlungen von Krebspatientinnen und -patienten k\u00f6nnen Herzinsuffizienz verursachen. Dazu geh\u00f6ren einige Arten von Chemotherapie und Thoraxstrahlentherapie.\" \/>\n<meta property=\"og:url\" content=\"https:\/\/www.heartfailurematters.org\/de\/zurueck-zu-ursachen-fuer-herzinsuffizienz-und-andere-haeufige-erkrankungen\/krebstherapie-und-herzinsuffizienz\/\" \/>\n<meta property=\"og:site_name\" content=\"Heart Failure Matters\" \/>\n<meta property=\"article:publisher\" content=\"https:\/\/www.facebook.com\/heartfailurematters\" \/>\n<meta property=\"article:modified_time\" content=\"2025-12-04T11:24:05+00:00\" \/>\n<meta property=\"og:image\" content=\"https:\/\/www.heartfailurematters.org\/wp-content\/uploads\/2022\/03\/shutterstock_529109200-1-min.jpg\" \/>\n\t<meta property=\"og:image:width\" content=\"900\" \/>\n\t<meta property=\"og:image:height\" content=\"599\" \/>\n\t<meta property=\"og:image:type\" content=\"image\/jpeg\" \/>\n<meta name=\"twitter:card\" content=\"summary_large_image\" \/>\n<meta name=\"twitter:label1\" content=\"Gesch\u00e4tzte Lesezeit\" \/>\n\t<meta name=\"twitter:data1\" content=\"2\u00a0Minuten\" \/>\n<script type=\"application\/ld+json\" class=\"yoast-schema-graph\">{\"@context\":\"https:\/\/schema.org\",\"@graph\":[{\"@type\":\"WebPage\",\"@id\":\"https:\/\/www.heartfailurematters.org\/de\/zurueck-zu-ursachen-fuer-herzinsuffizienz-und-andere-haeufige-erkrankungen\/krebstherapie-und-herzinsuffizienz\/\",\"url\":\"https:\/\/www.heartfailurematters.org\/de\/zurueck-zu-ursachen-fuer-herzinsuffizienz-und-andere-haeufige-erkrankungen\/krebstherapie-und-herzinsuffizienz\/\",\"name\":\"Krebstherapie und Herzinsuffizienz\",\"isPartOf\":{\"@id\":\"https:\/\/www.heartfailurematters.org\/de\/#website\"},\"primaryImageOfPage\":{\"@id\":\"https:\/\/www.heartfailurematters.org\/de\/zurueck-zu-ursachen-fuer-herzinsuffizienz-und-andere-haeufige-erkrankungen\/krebstherapie-und-herzinsuffizienz\/#primaryimage\"},\"image\":{\"@id\":\"https:\/\/www.heartfailurematters.org\/de\/zurueck-zu-ursachen-fuer-herzinsuffizienz-und-andere-haeufige-erkrankungen\/krebstherapie-und-herzinsuffizienz\/#primaryimage\"},\"thumbnailUrl\":\"https:\/\/www.heartfailurematters.org\/wp-content\/uploads\/2022\/03\/shutterstock_529109200-1-min.jpg\",\"datePublished\":\"2021-01-27T22:00:39+00:00\",\"dateModified\":\"2025-12-04T11:24:05+00:00\",\"description\":\"Bestimmte Arten von Behandlungen von Krebspatientinnen und -patienten k\u00f6nnen Herzinsuffizienz verursachen. Dazu geh\u00f6ren einige Arten von Chemotherapie und Thoraxstrahlentherapie.\",\"breadcrumb\":{\"@id\":\"https:\/\/www.heartfailurematters.org\/de\/zurueck-zu-ursachen-fuer-herzinsuffizienz-und-andere-haeufige-erkrankungen\/krebstherapie-und-herzinsuffizienz\/#breadcrumb\"},\"inLanguage\":\"de\",\"potentialAction\":[{\"@type\":\"ReadAction\",\"target\":[\"https:\/\/www.heartfailurematters.org\/de\/zurueck-zu-ursachen-fuer-herzinsuffizienz-und-andere-haeufige-erkrankungen\/krebstherapie-und-herzinsuffizienz\/\"]}]},{\"@type\":\"ImageObject\",\"inLanguage\":\"de\",\"@id\":\"https:\/\/www.heartfailurematters.org\/de\/zurueck-zu-ursachen-fuer-herzinsuffizienz-und-andere-haeufige-erkrankungen\/krebstherapie-und-herzinsuffizienz\/#primaryimage\",\"url\":\"https:\/\/www.heartfailurematters.org\/wp-content\/uploads\/2022\/03\/shutterstock_529109200-1-min.jpg\",\"contentUrl\":\"https:\/\/www.heartfailurematters.org\/wp-content\/uploads\/2022\/03\/shutterstock_529109200-1-min.jpg\",\"width\":900,\"height\":599},{\"@type\":\"BreadcrumbList\",\"@id\":\"https:\/\/www.heartfailurematters.org\/de\/zurueck-zu-ursachen-fuer-herzinsuffizienz-und-andere-haeufige-erkrankungen\/krebstherapie-und-herzinsuffizienz\/#breadcrumb\",\"itemListElement\":[{\"@type\":\"ListItem\",\"position\":1,\"name\":\"Startseite\",\"item\":\"https:\/\/www.heartfailurematters.org\/de\/\"},{\"@type\":\"ListItem\",\"position\":2,\"name\":\"Ursachen f\u00fcr Herzinsuffizienz und andere h\u00e4ufige Erkrankungen\",\"item\":\"https:\/\/www.heartfailurematters.org\/de\/zurueck-zu-ursachen-fuer-herzinsuffizienz-und-andere-haeufige-erkrankungen\/\"},{\"@type\":\"ListItem\",\"position\":3,\"name\":\"Krebstherapie und Herzinsuffizienz\"}]},{\"@type\":\"WebSite\",\"@id\":\"https:\/\/www.heartfailurematters.org\/de\/#website\",\"url\":\"https:\/\/www.heartfailurematters.org\/de\/\",\"name\":\"Heart Failure Matters\",\"description\":\"Practical information for patients, families and caregivers.\",\"publisher\":{\"@id\":\"https:\/\/www.heartfailurematters.org\/de\/#organization\"},\"potentialAction\":[{\"@type\":\"SearchAction\",\"target\":{\"@type\":\"EntryPoint\",\"urlTemplate\":\"https:\/\/www.heartfailurematters.org\/de\/?s={search_term_string}\"},\"query-input\":{\"@type\":\"PropertyValueSpecification\",\"valueRequired\":true,\"valueName\":\"search_term_string\"}}],\"inLanguage\":\"de\"},{\"@type\":\"Organization\",\"@id\":\"https:\/\/www.heartfailurematters.org\/de\/#organization\",\"name\":\"Heart Failure Matters\",\"url\":\"https:\/\/www.heartfailurematters.org\/de\/\",\"logo\":{\"@type\":\"ImageObject\",\"inLanguage\":\"de\",\"@id\":\"https:\/\/www.heartfailurematters.org\/de\/#\/schema\/logo\/image\/\",\"url\":\"https:\/\/cdn-endpoint-hfm.azureedge.net\/heartfailurematters\/2024\/07\/hfm-logo1.jpg\",\"contentUrl\":\"https:\/\/cdn-endpoint-hfm.azureedge.net\/heartfailurematters\/2024\/07\/hfm-logo1.jpg\",\"width\":1280,\"height\":720,\"caption\":\"Heart Failure Matters\"},\"image\":{\"@id\":\"https:\/\/www.heartfailurematters.org\/de\/#\/schema\/logo\/image\/\"},\"sameAs\":[\"https:\/\/www.facebook.com\/heartfailurematters\"]}]}<\/script>\n<!-- \/ Yoast SEO plugin. -->","yoast_head_json":{"title":"Krebstherapie und Herzinsuffizienz","description":"Bestimmte Arten von Behandlungen von Krebspatientinnen und -patienten k\u00f6nnen Herzinsuffizienz verursachen. Dazu geh\u00f6ren einige Arten von Chemotherapie und Thoraxstrahlentherapie.","robots":{"index":"index","follow":"follow","max-snippet":"max-snippet:-1","max-image-preview":"max-image-preview:large","max-video-preview":"max-video-preview:-1"},"canonical":"https:\/\/www.heartfailurematters.org\/de\/zurueck-zu-ursachen-fuer-herzinsuffizienz-und-andere-haeufige-erkrankungen\/krebstherapie-und-herzinsuffizienz\/","og_locale":"de_DE","og_type":"article","og_title":"Krebstherapie und Herzinsuffizienz","og_description":"Bestimmte Arten von Behandlungen von Krebspatientinnen und -patienten k\u00f6nnen Herzinsuffizienz verursachen. Dazu geh\u00f6ren einige Arten von Chemotherapie und Thoraxstrahlentherapie.","og_url":"https:\/\/www.heartfailurematters.org\/de\/zurueck-zu-ursachen-fuer-herzinsuffizienz-und-andere-haeufige-erkrankungen\/krebstherapie-und-herzinsuffizienz\/","og_site_name":"Heart Failure Matters","article_publisher":"https:\/\/www.facebook.com\/heartfailurematters","article_modified_time":"2025-12-04T11:24:05+00:00","og_image":[{"width":900,"height":599,"url":"https:\/\/www.heartfailurematters.org\/wp-content\/uploads\/2022\/03\/shutterstock_529109200-1-min.jpg","type":"image\/jpeg"}],"twitter_card":"summary_large_image","twitter_misc":{"Gesch\u00e4tzte Lesezeit":"2\u00a0Minuten"},"schema":{"@context":"https:\/\/schema.org","@graph":[{"@type":"WebPage","@id":"https:\/\/www.heartfailurematters.org\/de\/zurueck-zu-ursachen-fuer-herzinsuffizienz-und-andere-haeufige-erkrankungen\/krebstherapie-und-herzinsuffizienz\/","url":"https:\/\/www.heartfailurematters.org\/de\/zurueck-zu-ursachen-fuer-herzinsuffizienz-und-andere-haeufige-erkrankungen\/krebstherapie-und-herzinsuffizienz\/","name":"Krebstherapie und Herzinsuffizienz","isPartOf":{"@id":"https:\/\/www.heartfailurematters.org\/de\/#website"},"primaryImageOfPage":{"@id":"https:\/\/www.heartfailurematters.org\/de\/zurueck-zu-ursachen-fuer-herzinsuffizienz-und-andere-haeufige-erkrankungen\/krebstherapie-und-herzinsuffizienz\/#primaryimage"},"image":{"@id":"https:\/\/www.heartfailurematters.org\/de\/zurueck-zu-ursachen-fuer-herzinsuffizienz-und-andere-haeufige-erkrankungen\/krebstherapie-und-herzinsuffizienz\/#primaryimage"},"thumbnailUrl":"https:\/\/www.heartfailurematters.org\/wp-content\/uploads\/2022\/03\/shutterstock_529109200-1-min.jpg","datePublished":"2021-01-27T22:00:39+00:00","dateModified":"2025-12-04T11:24:05+00:00","description":"Bestimmte Arten von Behandlungen von Krebspatientinnen und -patienten k\u00f6nnen Herzinsuffizienz verursachen. Dazu geh\u00f6ren einige Arten von Chemotherapie und Thoraxstrahlentherapie.","breadcrumb":{"@id":"https:\/\/www.heartfailurematters.org\/de\/zurueck-zu-ursachen-fuer-herzinsuffizienz-und-andere-haeufige-erkrankungen\/krebstherapie-und-herzinsuffizienz\/#breadcrumb"},"inLanguage":"de","potentialAction":[{"@type":"ReadAction","target":["https:\/\/www.heartfailurematters.org\/de\/zurueck-zu-ursachen-fuer-herzinsuffizienz-und-andere-haeufige-erkrankungen\/krebstherapie-und-herzinsuffizienz\/"]}]},{"@type":"ImageObject","inLanguage":"de","@id":"https:\/\/www.heartfailurematters.org\/de\/zurueck-zu-ursachen-fuer-herzinsuffizienz-und-andere-haeufige-erkrankungen\/krebstherapie-und-herzinsuffizienz\/#primaryimage","url":"https:\/\/www.heartfailurematters.org\/wp-content\/uploads\/2022\/03\/shutterstock_529109200-1-min.jpg","contentUrl":"https:\/\/www.heartfailurematters.org\/wp-content\/uploads\/2022\/03\/shutterstock_529109200-1-min.jpg","width":900,"height":599},{"@type":"BreadcrumbList","@id":"https:\/\/www.heartfailurematters.org\/de\/zurueck-zu-ursachen-fuer-herzinsuffizienz-und-andere-haeufige-erkrankungen\/krebstherapie-und-herzinsuffizienz\/#breadcrumb","itemListElement":[{"@type":"ListItem","position":1,"name":"Startseite","item":"https:\/\/www.heartfailurematters.org\/de\/"},{"@type":"ListItem","position":2,"name":"Ursachen f\u00fcr Herzinsuffizienz und andere h\u00e4ufige Erkrankungen","item":"https:\/\/www.heartfailurematters.org\/de\/zurueck-zu-ursachen-fuer-herzinsuffizienz-und-andere-haeufige-erkrankungen\/"},{"@type":"ListItem","position":3,"name":"Krebstherapie und Herzinsuffizienz"}]},{"@type":"WebSite","@id":"https:\/\/www.heartfailurematters.org\/de\/#website","url":"https:\/\/www.heartfailurematters.org\/de\/","name":"Heart Failure Matters","description":"Practical information for patients, families and caregivers.","publisher":{"@id":"https:\/\/www.heartfailurematters.org\/de\/#organization"},"potentialAction":[{"@type":"SearchAction","target":{"@type":"EntryPoint","urlTemplate":"https:\/\/www.heartfailurematters.org\/de\/?s={search_term_string}"},"query-input":{"@type":"PropertyValueSpecification","valueRequired":true,"valueName":"search_term_string"}}],"inLanguage":"de"},{"@type":"Organization","@id":"https:\/\/www.heartfailurematters.org\/de\/#organization","name":"Heart Failure Matters","url":"https:\/\/www.heartfailurematters.org\/de\/","logo":{"@type":"ImageObject","inLanguage":"de","@id":"https:\/\/www.heartfailurematters.org\/de\/#\/schema\/logo\/image\/","url":"https:\/\/cdn-endpoint-hfm.azureedge.net\/heartfailurematters\/2024\/07\/hfm-logo1.jpg","contentUrl":"https:\/\/cdn-endpoint-hfm.azureedge.net\/heartfailurematters\/2024\/07\/hfm-logo1.jpg","width":1280,"height":720,"caption":"Heart Failure Matters"},"image":{"@id":"https:\/\/www.heartfailurematters.org\/de\/#\/schema\/logo\/image\/"},"sameAs":["https:\/\/www.facebook.com\/heartfailurematters"]}]}},"_links":{"self":[{"href":"https:\/\/www.heartfailurematters.org\/de\/wp-json\/wp\/v2\/pages\/1466","targetHints":{"allow":["GET"]}}],"collection":[{"href":"https:\/\/www.heartfailurematters.org\/de\/wp-json\/wp\/v2\/pages"}],"about":[{"href":"https:\/\/www.heartfailurematters.org\/de\/wp-json\/wp\/v2\/types\/page"}],"author":[{"embeddable":true,"href":"https:\/\/www.heartfailurematters.org\/de\/wp-json\/wp\/v2\/users\/1"}],"replies":[{"embeddable":true,"href":"https:\/\/www.heartfailurematters.org\/de\/wp-json\/wp\/v2\/comments?post=1466"}],"version-history":[{"count":1,"href":"https:\/\/www.heartfailurematters.org\/de\/wp-json\/wp\/v2\/pages\/1466\/revisions"}],"predecessor-version":[{"id":13621,"href":"https:\/\/www.heartfailurematters.org\/de\/wp-json\/wp\/v2\/pages\/1466\/revisions\/13621"}],"up":[{"embeddable":true,"href":"https:\/\/www.heartfailurematters.org\/de\/wp-json\/wp\/v2\/pages\/8049"}],"wp:featuredmedia":[{"embeddable":true,"href":"https:\/\/www.heartfailurematters.org\/de\/wp-json\/wp\/v2\/media\/10778"}],"wp:attachment":[{"href":"https:\/\/www.heartfailurematters.org\/de\/wp-json\/wp\/v2\/media?parent=1466"}],"wp:term":[{"taxonomy":"category","embeddable":true,"href":"https:\/\/www.heartfailurematters.org\/de\/wp-json\/wp\/v2\/categories?post=1466"},{"taxonomy":"post_tag","embeddable":true,"href":"https:\/\/www.heartfailurematters.org\/de\/wp-json\/wp\/v2\/tags?post=1466"}],"curies":[{"name":"wp","href":"https:\/\/api.w.org\/{rel}","templated":true}]}}