{"id":1459,"date":"2021-01-27T22:00:39","date_gmt":"2021-01-27T22:00:39","guid":{"rendered":"http:\/\/heartfailurematters.local:8888\/wie-arbeitet-das-gesunde-herz\/"},"modified":"2025-12-04T11:24:11","modified_gmt":"2025-12-04T11:24:11","slug":"wie-arbeitet-das-gesunde-herz-2","status":"publish","type":"page","link":"https:\/\/www.heartfailurematters.org\/de\/herzinsuffizienz-verstehen\/wie-arbeitet-das-gesunde-herz-2\/","title":{"rendered":"Wie funktioniert das normale Herz?"},"content":{"rendered":"<p>Ihr Herz ist ein spezialisierter Muskel, der Blut durch den K\u00f6rper pumpt. Das Blut bringt Sauerstoff und N\u00e4hrstoffe in alle Teile des K\u00f6rpers und nimmt Abfallstoffe aus verschiedenen Organen auf, besonders aus der Lunge und den Nieren, um sie abzutransportieren.<\/p>\n<p>Ihr Herz besteht aus zwei Pumpen, die zusammenarbeiten. Das aus den K\u00f6rperorganen und -geweben zur\u00fcckkehrende Blut wird auf die rechte Seite des Herzes transportiert und von dort schlie\u00dflich zur Lunge gepumpt. Ihre Lungen entfernen CO2-R\u00fcckst\u00e4nde aus dem Blut und versorgen es mit neuem Sauerstoff.<\/p>\n<p>Das sauerstoffreiche Blut, das aus Ihrer Lunge zur\u00fcckkehrt, wird auf die linke Seite des Herzes transportiert, von wo aus es dann in alle Teile Ihres K\u00f6rpers, einschlie\u00dflich Ihres Herzmuskels, gepumpt wird.<\/p>\n<p>Dieser Prozess stellt sicher, dass immer gen\u00fcgend Sauerstoff und N\u00e4hrstoffe f\u00fcr eine effiziente Funktionsweise des K\u00f6rpers vorhanden sind. Klicken Sie hier f\u00fcr eine detaillierte Erkl\u00e4rung \u00fcber die Funktionsweise Ihres Herzes.<\/p>\n<p>Lesen Sie eine <a title=\"Klicken Sie hier f\u00fcr eine detaillierte Erkl\u00e4rung \u00fcber die Funktionsweise Ihres Herzes.\" href=\"https:\/\/www.heartfailurematters.org\/understanding-heart-failure\/how-does-the-normal-heart-work-part\/\">detaillierte Erkl\u00e4rung \u00fcber die Funktionsweise Ihres Herzes.<\/a><\/p>\n<p><a class=\"lightview\" href=\"https:\/\/www.youtube.com\/embed\/6ae5XyDyGDQ?hl=en_UK&amp;autoplay=1;&amp;version=3&amp;rel=0&amp;showinfo=0\" data-lightview-group=\"patients\" data-lightview-type=\"iframe\" data-lightview-options=\"width: 550, height: 750\" data-lightview-title=\"Animation n\u00b01\" data-lightview-caption=\"How the normal heart works\"><img decoding=\"async\" class=\"alignnone size-full wp-image-4721\" src=\"https:\/\/cdn-endpoint-hfm.azureedge.net\/heartfailurematters\/2021\/02\/01-animation.jpg\" alt=\"\" width=\"180\" height=\"130\"\/><\/a><\/p>\n<h3>So funktioniert das normale Herz<\/h3>\n","protected":false},"excerpt":{"rendered":"<p>Ihr Herz ist ein spezialisierter Muskel, der Blut durch den K\u00f6rper pumpt. Das Blut bringt Sauerstoff und N\u00e4hrstoffe in alle Teile des K\u00f6rpers und nimmt Abfallstoffe aus verschiedenen Organen auf, besonders aus der Lunge und den Nieren, um sie abzutransportieren. Ihr Herz besteht aus zwei Pumpen, die zusammenarbeiten. Das aus den K\u00f6rperorganen und -geweben zur\u00fcckkehrende [&hellip;]<\/p>\n","protected":false},"author":1,"featured_media":10575,"parent":1371,"menu_order":4,"comment_status":"open","ping_status":"closed","template":"","meta":{"_acf_changed":false,"footnotes":""},"categories":[119],"tags":[],"class_list":["post-1459","page","type-page","status-publish","has-post-thumbnail","hentry","category-understanding-heart-failure-de"],"acf":[],"yoast_head":"<!-- This site is optimized with the Yoast SEO plugin v24.8.1 - https:\/\/yoast.com\/wordpress\/plugins\/seo\/ -->\n<title>Wie funktioniert das normale Herz?<\/title>\n<meta name=\"description\" content=\"Erfahren Sie, wie ihre Vorh\u00f6fe und Herzkammern zusammenarbeiten, indem Sie sich abwechselnd zusammenziehen, um Blut aus dem Herz zu dr\u00fccken, und entspannen, um es mit Blut zu f\u00fcllen.\" \/>\n<meta name=\"robots\" content=\"index, follow, max-snippet:-1, max-image-preview:large, max-video-preview:-1\" \/>\n<link rel=\"canonical\" href=\"https:\/\/www.heartfailurematters.org\/de\/herzinsuffizienz-verstehen\/wie-arbeitet-das-gesunde-herz-2\/\" \/>\n<meta property=\"og:locale\" content=\"de_DE\" \/>\n<meta property=\"og:type\" content=\"article\" \/>\n<meta property=\"og:title\" content=\"Wie funktioniert das normale Herz?\" \/>\n<meta property=\"og:description\" content=\"Erfahren Sie, wie ihre Vorh\u00f6fe und Herzkammern zusammenarbeiten, indem Sie sich abwechselnd zusammenziehen, um Blut aus dem Herz zu dr\u00fccken, und entspannen, um es mit Blut zu f\u00fcllen.\" \/>\n<meta property=\"og:url\" content=\"https:\/\/www.heartfailurematters.org\/de\/herzinsuffizienz-verstehen\/wie-arbeitet-das-gesunde-herz-2\/\" \/>\n<meta property=\"og:site_name\" content=\"Heart Failure Matters\" \/>\n<meta property=\"article:publisher\" content=\"https:\/\/www.facebook.com\/heartfailurematters\" \/>\n<meta property=\"article:modified_time\" content=\"2025-12-04T11:24:11+00:00\" \/>\n<meta property=\"og:image\" content=\"https:\/\/www.heartfailurematters.org\/wp-content\/uploads\/2022\/02\/shutterstock_121294759-1-min.jpg\" \/>\n\t<meta property=\"og:image:width\" content=\"900\" \/>\n\t<meta property=\"og:image:height\" content=\"600\" \/>\n\t<meta property=\"og:image:type\" content=\"image\/jpeg\" \/>\n<meta name=\"twitter:card\" content=\"summary_large_image\" \/>\n<meta name=\"twitter:label1\" content=\"Gesch\u00e4tzte Lesezeit\" \/>\n\t<meta name=\"twitter:data1\" content=\"1\u00a0Minute\" \/>\n<script type=\"application\/ld+json\" class=\"yoast-schema-graph\">{\"@context\":\"https:\/\/schema.org\",\"@graph\":[{\"@type\":\"WebPage\",\"@id\":\"https:\/\/www.heartfailurematters.org\/de\/herzinsuffizienz-verstehen\/wie-arbeitet-das-gesunde-herz-2\/\",\"url\":\"https:\/\/www.heartfailurematters.org\/de\/herzinsuffizienz-verstehen\/wie-arbeitet-das-gesunde-herz-2\/\",\"name\":\"Wie funktioniert das normale Herz?\",\"isPartOf\":{\"@id\":\"https:\/\/www.heartfailurematters.org\/de\/#website\"},\"primaryImageOfPage\":{\"@id\":\"https:\/\/www.heartfailurematters.org\/de\/herzinsuffizienz-verstehen\/wie-arbeitet-das-gesunde-herz-2\/#primaryimage\"},\"image\":{\"@id\":\"https:\/\/www.heartfailurematters.org\/de\/herzinsuffizienz-verstehen\/wie-arbeitet-das-gesunde-herz-2\/#primaryimage\"},\"thumbnailUrl\":\"https:\/\/www.heartfailurematters.org\/wp-content\/uploads\/2022\/02\/shutterstock_121294759-1-min.jpg\",\"datePublished\":\"2021-01-27T22:00:39+00:00\",\"dateModified\":\"2025-12-04T11:24:11+00:00\",\"description\":\"Erfahren Sie, wie ihre Vorh\u00f6fe und Herzkammern zusammenarbeiten, indem Sie sich abwechselnd zusammenziehen, um Blut aus dem Herz zu dr\u00fccken, und entspannen, um es mit Blut zu f\u00fcllen.\",\"breadcrumb\":{\"@id\":\"https:\/\/www.heartfailurematters.org\/de\/herzinsuffizienz-verstehen\/wie-arbeitet-das-gesunde-herz-2\/#breadcrumb\"},\"inLanguage\":\"de\",\"potentialAction\":[{\"@type\":\"ReadAction\",\"target\":[\"https:\/\/www.heartfailurematters.org\/de\/herzinsuffizienz-verstehen\/wie-arbeitet-das-gesunde-herz-2\/\"]}]},{\"@type\":\"ImageObject\",\"inLanguage\":\"de\",\"@id\":\"https:\/\/www.heartfailurematters.org\/de\/herzinsuffizienz-verstehen\/wie-arbeitet-das-gesunde-herz-2\/#primaryimage\",\"url\":\"https:\/\/www.heartfailurematters.org\/wp-content\/uploads\/2022\/02\/shutterstock_121294759-1-min.jpg\",\"contentUrl\":\"https:\/\/www.heartfailurematters.org\/wp-content\/uploads\/2022\/02\/shutterstock_121294759-1-min.jpg\",\"width\":900,\"height\":600},{\"@type\":\"BreadcrumbList\",\"@id\":\"https:\/\/www.heartfailurematters.org\/de\/herzinsuffizienz-verstehen\/wie-arbeitet-das-gesunde-herz-2\/#breadcrumb\",\"itemListElement\":[{\"@type\":\"ListItem\",\"position\":1,\"name\":\"Startseite\",\"item\":\"https:\/\/www.heartfailurematters.org\/de\/\"},{\"@type\":\"ListItem\",\"position\":2,\"name\":\"Herzinsuffizienz verstehen\",\"item\":\"https:\/\/www.heartfailurematters.org\/de\/herzinsuffizienz-verstehen\/\"},{\"@type\":\"ListItem\",\"position\":3,\"name\":\"Wie funktioniert das normale Herz?\"}]},{\"@type\":\"WebSite\",\"@id\":\"https:\/\/www.heartfailurematters.org\/de\/#website\",\"url\":\"https:\/\/www.heartfailurematters.org\/de\/\",\"name\":\"Heart Failure Matters\",\"description\":\"Practical information for patients, families and caregivers.\",\"publisher\":{\"@id\":\"https:\/\/www.heartfailurematters.org\/de\/#organization\"},\"potentialAction\":[{\"@type\":\"SearchAction\",\"target\":{\"@type\":\"EntryPoint\",\"urlTemplate\":\"https:\/\/www.heartfailurematters.org\/de\/?s={search_term_string}\"},\"query-input\":{\"@type\":\"PropertyValueSpecification\",\"valueRequired\":true,\"valueName\":\"search_term_string\"}}],\"inLanguage\":\"de\"},{\"@type\":\"Organization\",\"@id\":\"https:\/\/www.heartfailurematters.org\/de\/#organization\",\"name\":\"Heart Failure Matters\",\"url\":\"https:\/\/www.heartfailurematters.org\/de\/\",\"logo\":{\"@type\":\"ImageObject\",\"inLanguage\":\"de\",\"@id\":\"https:\/\/www.heartfailurematters.org\/de\/#\/schema\/logo\/image\/\",\"url\":\"https:\/\/cdn-endpoint-hfm.azureedge.net\/heartfailurematters\/2024\/07\/hfm-logo1.jpg\",\"contentUrl\":\"https:\/\/cdn-endpoint-hfm.azureedge.net\/heartfailurematters\/2024\/07\/hfm-logo1.jpg\",\"width\":1280,\"height\":720,\"caption\":\"Heart Failure Matters\"},\"image\":{\"@id\":\"https:\/\/www.heartfailurematters.org\/de\/#\/schema\/logo\/image\/\"},\"sameAs\":[\"https:\/\/www.facebook.com\/heartfailurematters\"]}]}<\/script>\n<!-- \/ Yoast SEO plugin. -->","yoast_head_json":{"title":"Wie funktioniert das normale Herz?","description":"Erfahren Sie, wie ihre Vorh\u00f6fe und Herzkammern zusammenarbeiten, indem Sie sich abwechselnd zusammenziehen, um Blut aus dem Herz zu dr\u00fccken, und entspannen, um es mit Blut zu f\u00fcllen.","robots":{"index":"index","follow":"follow","max-snippet":"max-snippet:-1","max-image-preview":"max-image-preview:large","max-video-preview":"max-video-preview:-1"},"canonical":"https:\/\/www.heartfailurematters.org\/de\/herzinsuffizienz-verstehen\/wie-arbeitet-das-gesunde-herz-2\/","og_locale":"de_DE","og_type":"article","og_title":"Wie funktioniert das normale Herz?","og_description":"Erfahren Sie, wie ihre Vorh\u00f6fe und Herzkammern zusammenarbeiten, indem Sie sich abwechselnd zusammenziehen, um Blut aus dem Herz zu dr\u00fccken, und entspannen, um es mit Blut zu f\u00fcllen.","og_url":"https:\/\/www.heartfailurematters.org\/de\/herzinsuffizienz-verstehen\/wie-arbeitet-das-gesunde-herz-2\/","og_site_name":"Heart Failure Matters","article_publisher":"https:\/\/www.facebook.com\/heartfailurematters","article_modified_time":"2025-12-04T11:24:11+00:00","og_image":[{"width":900,"height":600,"url":"https:\/\/www.heartfailurematters.org\/wp-content\/uploads\/2022\/02\/shutterstock_121294759-1-min.jpg","type":"image\/jpeg"}],"twitter_card":"summary_large_image","twitter_misc":{"Gesch\u00e4tzte Lesezeit":"1\u00a0Minute"},"schema":{"@context":"https:\/\/schema.org","@graph":[{"@type":"WebPage","@id":"https:\/\/www.heartfailurematters.org\/de\/herzinsuffizienz-verstehen\/wie-arbeitet-das-gesunde-herz-2\/","url":"https:\/\/www.heartfailurematters.org\/de\/herzinsuffizienz-verstehen\/wie-arbeitet-das-gesunde-herz-2\/","name":"Wie funktioniert das normale Herz?","isPartOf":{"@id":"https:\/\/www.heartfailurematters.org\/de\/#website"},"primaryImageOfPage":{"@id":"https:\/\/www.heartfailurematters.org\/de\/herzinsuffizienz-verstehen\/wie-arbeitet-das-gesunde-herz-2\/#primaryimage"},"image":{"@id":"https:\/\/www.heartfailurematters.org\/de\/herzinsuffizienz-verstehen\/wie-arbeitet-das-gesunde-herz-2\/#primaryimage"},"thumbnailUrl":"https:\/\/www.heartfailurematters.org\/wp-content\/uploads\/2022\/02\/shutterstock_121294759-1-min.jpg","datePublished":"2021-01-27T22:00:39+00:00","dateModified":"2025-12-04T11:24:11+00:00","description":"Erfahren Sie, wie ihre Vorh\u00f6fe und Herzkammern zusammenarbeiten, indem Sie sich abwechselnd zusammenziehen, um Blut aus dem Herz zu dr\u00fccken, und entspannen, um es mit Blut zu f\u00fcllen.","breadcrumb":{"@id":"https:\/\/www.heartfailurematters.org\/de\/herzinsuffizienz-verstehen\/wie-arbeitet-das-gesunde-herz-2\/#breadcrumb"},"inLanguage":"de","potentialAction":[{"@type":"ReadAction","target":["https:\/\/www.heartfailurematters.org\/de\/herzinsuffizienz-verstehen\/wie-arbeitet-das-gesunde-herz-2\/"]}]},{"@type":"ImageObject","inLanguage":"de","@id":"https:\/\/www.heartfailurematters.org\/de\/herzinsuffizienz-verstehen\/wie-arbeitet-das-gesunde-herz-2\/#primaryimage","url":"https:\/\/www.heartfailurematters.org\/wp-content\/uploads\/2022\/02\/shutterstock_121294759-1-min.jpg","contentUrl":"https:\/\/www.heartfailurematters.org\/wp-content\/uploads\/2022\/02\/shutterstock_121294759-1-min.jpg","width":900,"height":600},{"@type":"BreadcrumbList","@id":"https:\/\/www.heartfailurematters.org\/de\/herzinsuffizienz-verstehen\/wie-arbeitet-das-gesunde-herz-2\/#breadcrumb","itemListElement":[{"@type":"ListItem","position":1,"name":"Startseite","item":"https:\/\/www.heartfailurematters.org\/de\/"},{"@type":"ListItem","position":2,"name":"Herzinsuffizienz verstehen","item":"https:\/\/www.heartfailurematters.org\/de\/herzinsuffizienz-verstehen\/"},{"@type":"ListItem","position":3,"name":"Wie funktioniert das normale Herz?"}]},{"@type":"WebSite","@id":"https:\/\/www.heartfailurematters.org\/de\/#website","url":"https:\/\/www.heartfailurematters.org\/de\/","name":"Heart Failure Matters","description":"Practical information for patients, families and caregivers.","publisher":{"@id":"https:\/\/www.heartfailurematters.org\/de\/#organization"},"potentialAction":[{"@type":"SearchAction","target":{"@type":"EntryPoint","urlTemplate":"https:\/\/www.heartfailurematters.org\/de\/?s={search_term_string}"},"query-input":{"@type":"PropertyValueSpecification","valueRequired":true,"valueName":"search_term_string"}}],"inLanguage":"de"},{"@type":"Organization","@id":"https:\/\/www.heartfailurematters.org\/de\/#organization","name":"Heart Failure Matters","url":"https:\/\/www.heartfailurematters.org\/de\/","logo":{"@type":"ImageObject","inLanguage":"de","@id":"https:\/\/www.heartfailurematters.org\/de\/#\/schema\/logo\/image\/","url":"https:\/\/cdn-endpoint-hfm.azureedge.net\/heartfailurematters\/2024\/07\/hfm-logo1.jpg","contentUrl":"https:\/\/cdn-endpoint-hfm.azureedge.net\/heartfailurematters\/2024\/07\/hfm-logo1.jpg","width":1280,"height":720,"caption":"Heart Failure Matters"},"image":{"@id":"https:\/\/www.heartfailurematters.org\/de\/#\/schema\/logo\/image\/"},"sameAs":["https:\/\/www.facebook.com\/heartfailurematters"]}]}},"_links":{"self":[{"href":"https:\/\/www.heartfailurematters.org\/de\/wp-json\/wp\/v2\/pages\/1459","targetHints":{"allow":["GET"]}}],"collection":[{"href":"https:\/\/www.heartfailurematters.org\/de\/wp-json\/wp\/v2\/pages"}],"about":[{"href":"https:\/\/www.heartfailurematters.org\/de\/wp-json\/wp\/v2\/types\/page"}],"author":[{"embeddable":true,"href":"https:\/\/www.heartfailurematters.org\/de\/wp-json\/wp\/v2\/users\/1"}],"replies":[{"embeddable":true,"href":"https:\/\/www.heartfailurematters.org\/de\/wp-json\/wp\/v2\/comments?post=1459"}],"version-history":[{"count":3,"href":"https:\/\/www.heartfailurematters.org\/de\/wp-json\/wp\/v2\/pages\/1459\/revisions"}],"predecessor-version":[{"id":13633,"href":"https:\/\/www.heartfailurematters.org\/de\/wp-json\/wp\/v2\/pages\/1459\/revisions\/13633"}],"up":[{"embeddable":true,"href":"https:\/\/www.heartfailurematters.org\/de\/wp-json\/wp\/v2\/pages\/1371"}],"wp:featuredmedia":[{"embeddable":true,"href":"https:\/\/www.heartfailurematters.org\/de\/wp-json\/wp\/v2\/media\/10575"}],"wp:attachment":[{"href":"https:\/\/www.heartfailurematters.org\/de\/wp-json\/wp\/v2\/media?parent=1459"}],"wp:term":[{"taxonomy":"category","embeddable":true,"href":"https:\/\/www.heartfailurematters.org\/de\/wp-json\/wp\/v2\/categories?post=1459"},{"taxonomy":"post_tag","embeddable":true,"href":"https:\/\/www.heartfailurematters.org\/de\/wp-json\/wp\/v2\/tags?post=1459"}],"curies":[{"name":"wp","href":"https:\/\/api.w.org\/{rel}","templated":true}]}}