{"id":1458,"date":"2021-01-27T22:00:39","date_gmt":"2021-01-27T22:00:39","guid":{"rendered":"http:\/\/heartfailurematters.local:8888\/angiotensin-ii-rezeptorblocker-arb\/"},"modified":"2022-01-21T14:32:42","modified_gmt":"2022-01-21T14:32:42","slug":"angiotensin-ii-rezeptorblocker-arb","status":"publish","type":"page","link":"https:\/\/www.heartfailurematters.org\/de\/das-koennen-ihr-arzt-oder-pflegepersonal-tun\/angiotensin-ii-rezeptorblocker-arb\/","title":{"rendered":"Angiotensin II Rezeptorblocker (ARB)"},"content":{"rendered":"<h2>Wie diese wirken<\/h2>\n<p><a class=\"addtooltip\" title=\"Angiotensin-Rezeptorblocker (ARB): Eine Klasse von Medikamenten, die die Wirkung von Angiotensin II hemmen und den Blutdruck senken\"><strong>Angiotensin II Rezeptorblocker (ARB)<\/strong><\/a> blockieren die Wirkungen von <a class=\"addtooltip\" title=\"Angiotensin II: ein Hormon, das auf nat\u00fcrliche Weise von den Nieren produziert wird und die Verengung der Blutgef\u00e4\u00dfe verursacht, die Urinproduktion reduziert und den Blutdruck erh\u00f6ht\"><strong>Angiotensin II<\/strong><\/a>, einem <a class=\"addtooltip\" title=\"Hormone: Substanzen, die von verschiedenen Dr\u00fcsen im K\u00f6rper in das Blut abgegeben werden und die wesentliche Funktionen regulieren\"><strong>Hormon,<\/strong><\/a> das nat\u00fcrlicherweise von Ihren Nieren produziert wird. Durch die Blockade der Wirkung von Angiotensin II bewirken ARB eine Entspannung Ihrer Blutgef\u00e4\u00dfe, was wiederum eine Blutdrucksenkung hervorruft. Dies bedeutet, dass Ihr Herz nicht so hart arbeiten muss, um Ihr Blut durch den K\u00f6rper zu pumpen.<\/p>\n<p>ARB wirken fast genauso wie ACE-Hemmer. Weil diese gew\u00f6hnlich teurer sind als ACE-Hemmer, bleiben Sie h\u00e4ufig reserviert f\u00fcr Patienten, die ACE-Hemmer nicht vertragen.<\/p>\n<h2>Was ist der erwartete Nutzen?<\/h2>\n<p>Es hat sich gezeigt, dass ARB Herzinsuffizienz-bedingte Krankenhausaufenthalte reduzieren, das Leben verl\u00e4ngern, die Leistungstoleranz und die Lebensqualit\u00e4t verbessern.<\/p>\n<h2>Nebenwirkungen<\/h2>\n<p>Nebenwirkungen sind extrem selten. Im Gegensatz zu den ACE-Hemmern rufen die ARB keinen trockenen Husten hervor. Ansonsten sind die Nebenwirkungen f\u00fcr ARB und ACE-Hemmer die gleichen. Eine Nebenwirkung ist Schwindelgef\u00fchl, das h\u00e4ufig bei allen blutdrucksenkenden Mitteln auftritt. Ihr Herz kann jedoch bei niedrigerem Blutdruck besser arbeiten. Ihr Blutdruck wird regelm\u00e4\u00dfig \u00fcberwacht.<\/p>\n<p>Wie ACE-Hemmer k\u00f6nnen auch die ARB die Nierenfunktion beeintr\u00e4chtigen und den <a class=\"addtooltip\" title=\"Kalium: ein chemisches Element, das der K\u00f6rper f\u00fcr die normale Zellfunktion ben\u00f6tigt, Diuretika k\u00f6nnen zum Verlust von Kalium f\u00fchren\"><strong>Kalium<\/strong><\/a>spiegel erh\u00f6hen. Ihr Arzt wird diese Werte regelm\u00e4\u00dfig kontrollieren.<\/p>\n<h2>Wichtige Tipps<\/h2>\n<p>Ihr Arzt wird Ihnen m\u00f6glicherweise raten, die erste Dosis Ihres ARB vor dem Zubettgehen einzunehmen, um Schwindel vorzubeugen. Schwindel tritt h\u00e4ufig bei Medikamenten auf, die den Blutdruck senken, aber Ihr Herz kann bei einem niedrigen Blutdruck besser arbeiten.<\/p>\n<p>Wenn Sie sich morgens schwindlig f\u00fchlen, bewegen Sie Ihre F\u00fc\u00dfe etwa zehn Minuten lang vor und zur\u00fcck, bevor Sie aufstehen. Es kann auch hilfreich sein, zun\u00e4chst die Beine aus dem Bett zu h\u00e4ngen, bevor Sie sich aufrichten und dann 1 Minute auf der Bettkante sitzen zu bleiben, bevor Sie aufstehen. Schnelles Aufstehen aus dem Sitzen oder Liegen sollten Sie vermeiden, da dies zu Schwindel f\u00fchren kann. Geben Sie Ihrem K\u00f6rper Zeit sich anzupassen.<\/p>\n<p><strong>Auch bekannt als:<\/strong><\/p>\n<ul>\n<li><strong>Candesartan<\/strong> (Amias\u00ae, Atacand\u00ae)<\/li>\n<li><strong>Eprosartan<\/strong> (Teveten\u00ae)<\/li>\n<li><strong>Irbesartan <\/strong>(Avapro\u00ae, Aprovel\u00ae, Avalide\u00ae)<\/li>\n<li><strong>Losartan <\/strong>(Cozaar\u00ae)<\/li>\n<li><strong>Olmesartan <\/strong>(Olmetec\u00ae, Benicar\u00ae)<\/li>\n<li><strong>Telmisartan <\/strong>(Micardis\u00ae)<\/li>\n<li><strong>Valsartan<\/strong> (Diovan\u00ae)<\/li>\n<li><strong>Kombinationspr\u00e4parate <\/strong>(Co Aprovel\u00ae, Cozaar-Comp\u00ae, Almetec Plus\u00ae, Micardis Plus\u00ae, Co-Diovan\u00ae)<\/li>\n<\/ul>\n<p>&nbsp;<\/p>\n<p><a class=\"lightview\" href=\"https:\/\/www.youtube.com\/embed\/SAqjbHkxww8?hl=en_UK&amp;autoplay=1;&amp;version=3&amp;rel=0&amp;showinfo=0\" data-lightview-caption=\"The animation above shows how ACE (Angiotensin converting enzyme) inhibitors can help you by causing your blood vessels to relax and thus lower your blood pressure. This means your heart doesn't have to work so hard to squeeze your blood around your body.\" data-lightview-title=\"How ACE inhibitors work in heart failure\" data-lightview-options=\"width: 535, height: 400\" data-lightview-type=\"iframe\" data-lightview-group=\"journey\"><img decoding=\"async\" class=\"alignnone size-full wp-image-5075\" src=\"https:\/\/cdn-endpoint-hfm.azureedge.net\/heartfailurematters\/2021\/02\/07-animation.jpg\" alt=\"\" width=\"180\" height=\"130\" \/><\/a>Animation, die erkl\u00e4rt, wie Angiotensin-Rezeptorhemmer bei Herzinsuffizienz wirken.<\/p>\n<p><a href=\"https:\/\/www.heartfailurematters.org\/de\/das-koennen-ihr-arzt-oder-pflegepersonal-tun\/medikamente-gegen-herzinsuffizienz\/\">Zur\u00fcck zu \u201eMedikamente gegen Herzinsuffizienz\u201c<\/a><\/p>\n","protected":false},"excerpt":{"rendered":"<p>Wie diese wirken Angiotensin II Rezeptorblocker (ARB) blockieren die Wirkungen von Angiotensin II, einem Hormon, das nat\u00fcrlicherweise von Ihren Nieren produziert wird. Durch die Blockade der Wirkung von Angiotensin II bewirken ARB eine Entspannung Ihrer Blutgef\u00e4\u00dfe, was wiederum eine Blutdrucksenkung hervorruft. Dies bedeutet, dass Ihr Herz nicht so hart arbeiten muss, um Ihr Blut durch [&hellip;]<\/p>\n","protected":false},"author":1,"featured_media":10869,"parent":2680,"menu_order":0,"comment_status":"open","ping_status":"open","template":"","meta":{"_acf_changed":false,"footnotes":""},"categories":[],"tags":[],"class_list":["post-1458","page","type-page","status-publish","has-post-thumbnail","hentry"],"acf":[],"yoast_head":"<!-- This site is optimized with the Yoast SEO plugin v24.8.1 - https:\/\/yoast.com\/wordpress\/plugins\/seo\/ -->\n<title>Angiotensin-II-Rezeptorblocker (ARB)<\/title>\n<meta name=\"description\" content=\"Angiotensin-II-Rezeptor-Blocker (ARB) hemmen die Wirkungen von Angiotensin II, einem Hormon, das nat\u00fcrlich von Ihren Nieren produziert wird.\" \/>\n<meta name=\"robots\" content=\"index, follow, max-snippet:-1, max-image-preview:large, max-video-preview:-1\" \/>\n<link rel=\"canonical\" href=\"https:\/\/www.heartfailurematters.org\/de\/das-koennen-ihr-arzt-oder-pflegepersonal-tun\/angiotensin-ii-rezeptorblocker-arb\/\" \/>\n<meta property=\"og:locale\" content=\"de_DE\" \/>\n<meta property=\"og:type\" content=\"article\" \/>\n<meta property=\"og:title\" content=\"Angiotensin-II-Rezeptorblocker (ARB)\" \/>\n<meta property=\"og:description\" content=\"Angiotensin-II-Rezeptor-Blocker (ARB) hemmen die Wirkungen von Angiotensin II, einem Hormon, das nat\u00fcrlich von Ihren Nieren produziert wird.\" \/>\n<meta property=\"og:url\" content=\"https:\/\/www.heartfailurematters.org\/de\/das-koennen-ihr-arzt-oder-pflegepersonal-tun\/angiotensin-ii-rezeptorblocker-arb\/\" \/>\n<meta property=\"og:site_name\" content=\"Heart Failure Matters\" \/>\n<meta property=\"article:publisher\" content=\"https:\/\/www.facebook.com\/heartfailurematters\" \/>\n<meta property=\"article:modified_time\" content=\"2022-01-21T14:32:42+00:00\" \/>\n<meta property=\"og:image\" content=\"https:\/\/www.heartfailurematters.org\/wp-content\/uploads\/2022\/03\/shutterstock_441673426-1-min.jpg\" \/>\n\t<meta property=\"og:image:width\" content=\"900\" \/>\n\t<meta property=\"og:image:height\" content=\"596\" \/>\n\t<meta property=\"og:image:type\" content=\"image\/jpeg\" \/>\n<meta name=\"twitter:card\" content=\"summary_large_image\" \/>\n<meta name=\"twitter:label1\" content=\"Gesch\u00e4tzte Lesezeit\" \/>\n\t<meta name=\"twitter:data1\" content=\"2\u00a0Minuten\" \/>\n<script type=\"application\/ld+json\" class=\"yoast-schema-graph\">{\"@context\":\"https:\/\/schema.org\",\"@graph\":[{\"@type\":\"WebPage\",\"@id\":\"https:\/\/www.heartfailurematters.org\/de\/das-koennen-ihr-arzt-oder-pflegepersonal-tun\/angiotensin-ii-rezeptorblocker-arb\/\",\"url\":\"https:\/\/www.heartfailurematters.org\/de\/das-koennen-ihr-arzt-oder-pflegepersonal-tun\/angiotensin-ii-rezeptorblocker-arb\/\",\"name\":\"Angiotensin-II-Rezeptorblocker (ARB)\",\"isPartOf\":{\"@id\":\"https:\/\/www.heartfailurematters.org\/de\/#website\"},\"primaryImageOfPage\":{\"@id\":\"https:\/\/www.heartfailurematters.org\/de\/das-koennen-ihr-arzt-oder-pflegepersonal-tun\/angiotensin-ii-rezeptorblocker-arb\/#primaryimage\"},\"image\":{\"@id\":\"https:\/\/www.heartfailurematters.org\/de\/das-koennen-ihr-arzt-oder-pflegepersonal-tun\/angiotensin-ii-rezeptorblocker-arb\/#primaryimage\"},\"thumbnailUrl\":\"https:\/\/www.heartfailurematters.org\/wp-content\/uploads\/2022\/03\/shutterstock_441673426-1-min.jpg\",\"datePublished\":\"2021-01-27T22:00:39+00:00\",\"dateModified\":\"2022-01-21T14:32:42+00:00\",\"description\":\"Angiotensin-II-Rezeptor-Blocker (ARB) hemmen die Wirkungen von Angiotensin II, einem Hormon, das nat\u00fcrlich von Ihren Nieren produziert wird.\",\"breadcrumb\":{\"@id\":\"https:\/\/www.heartfailurematters.org\/de\/das-koennen-ihr-arzt-oder-pflegepersonal-tun\/angiotensin-ii-rezeptorblocker-arb\/#breadcrumb\"},\"inLanguage\":\"de\",\"potentialAction\":[{\"@type\":\"ReadAction\",\"target\":[\"https:\/\/www.heartfailurematters.org\/de\/das-koennen-ihr-arzt-oder-pflegepersonal-tun\/angiotensin-ii-rezeptorblocker-arb\/\"]}]},{\"@type\":\"ImageObject\",\"inLanguage\":\"de\",\"@id\":\"https:\/\/www.heartfailurematters.org\/de\/das-koennen-ihr-arzt-oder-pflegepersonal-tun\/angiotensin-ii-rezeptorblocker-arb\/#primaryimage\",\"url\":\"https:\/\/www.heartfailurematters.org\/wp-content\/uploads\/2022\/03\/shutterstock_441673426-1-min.jpg\",\"contentUrl\":\"https:\/\/www.heartfailurematters.org\/wp-content\/uploads\/2022\/03\/shutterstock_441673426-1-min.jpg\",\"width\":900,\"height\":596},{\"@type\":\"BreadcrumbList\",\"@id\":\"https:\/\/www.heartfailurematters.org\/de\/das-koennen-ihr-arzt-oder-pflegepersonal-tun\/angiotensin-ii-rezeptorblocker-arb\/#breadcrumb\",\"itemListElement\":[{\"@type\":\"ListItem\",\"position\":1,\"name\":\"Startseite\",\"item\":\"https:\/\/www.heartfailurematters.org\/de\/\"},{\"@type\":\"ListItem\",\"position\":2,\"name\":\"Das kann Ihr Arzt tun\",\"item\":\"https:\/\/www.heartfailurematters.org\/de\/das-koennen-ihr-arzt-oder-pflegepersonal-tun\/\"},{\"@type\":\"ListItem\",\"position\":3,\"name\":\"Angiotensin II Rezeptorblocker (ARB)\"}]},{\"@type\":\"WebSite\",\"@id\":\"https:\/\/www.heartfailurematters.org\/de\/#website\",\"url\":\"https:\/\/www.heartfailurematters.org\/de\/\",\"name\":\"Heart Failure Matters\",\"description\":\"Practical information for patients, families and caregivers.\",\"publisher\":{\"@id\":\"https:\/\/www.heartfailurematters.org\/de\/#organization\"},\"potentialAction\":[{\"@type\":\"SearchAction\",\"target\":{\"@type\":\"EntryPoint\",\"urlTemplate\":\"https:\/\/www.heartfailurematters.org\/de\/?s={search_term_string}\"},\"query-input\":{\"@type\":\"PropertyValueSpecification\",\"valueRequired\":true,\"valueName\":\"search_term_string\"}}],\"inLanguage\":\"de\"},{\"@type\":\"Organization\",\"@id\":\"https:\/\/www.heartfailurematters.org\/de\/#organization\",\"name\":\"Heart Failure Matters\",\"url\":\"https:\/\/www.heartfailurematters.org\/de\/\",\"logo\":{\"@type\":\"ImageObject\",\"inLanguage\":\"de\",\"@id\":\"https:\/\/www.heartfailurematters.org\/de\/#\/schema\/logo\/image\/\",\"url\":\"https:\/\/cdn-endpoint-hfm.azureedge.net\/heartfailurematters\/2024\/07\/hfm-logo1.jpg\",\"contentUrl\":\"https:\/\/cdn-endpoint-hfm.azureedge.net\/heartfailurematters\/2024\/07\/hfm-logo1.jpg\",\"width\":1280,\"height\":720,\"caption\":\"Heart Failure Matters\"},\"image\":{\"@id\":\"https:\/\/www.heartfailurematters.org\/de\/#\/schema\/logo\/image\/\"},\"sameAs\":[\"https:\/\/www.facebook.com\/heartfailurematters\"]}]}<\/script>\n<!-- \/ Yoast SEO plugin. -->","yoast_head_json":{"title":"Angiotensin-II-Rezeptorblocker (ARB)","description":"Angiotensin-II-Rezeptor-Blocker (ARB) hemmen die Wirkungen von Angiotensin II, einem Hormon, das nat\u00fcrlich von Ihren Nieren produziert wird.","robots":{"index":"index","follow":"follow","max-snippet":"max-snippet:-1","max-image-preview":"max-image-preview:large","max-video-preview":"max-video-preview:-1"},"canonical":"https:\/\/www.heartfailurematters.org\/de\/das-koennen-ihr-arzt-oder-pflegepersonal-tun\/angiotensin-ii-rezeptorblocker-arb\/","og_locale":"de_DE","og_type":"article","og_title":"Angiotensin-II-Rezeptorblocker (ARB)","og_description":"Angiotensin-II-Rezeptor-Blocker (ARB) hemmen die Wirkungen von Angiotensin II, einem Hormon, das nat\u00fcrlich von Ihren Nieren produziert wird.","og_url":"https:\/\/www.heartfailurematters.org\/de\/das-koennen-ihr-arzt-oder-pflegepersonal-tun\/angiotensin-ii-rezeptorblocker-arb\/","og_site_name":"Heart Failure Matters","article_publisher":"https:\/\/www.facebook.com\/heartfailurematters","article_modified_time":"2022-01-21T14:32:42+00:00","og_image":[{"width":900,"height":596,"url":"https:\/\/www.heartfailurematters.org\/wp-content\/uploads\/2022\/03\/shutterstock_441673426-1-min.jpg","type":"image\/jpeg"}],"twitter_card":"summary_large_image","twitter_misc":{"Gesch\u00e4tzte Lesezeit":"2\u00a0Minuten"},"schema":{"@context":"https:\/\/schema.org","@graph":[{"@type":"WebPage","@id":"https:\/\/www.heartfailurematters.org\/de\/das-koennen-ihr-arzt-oder-pflegepersonal-tun\/angiotensin-ii-rezeptorblocker-arb\/","url":"https:\/\/www.heartfailurematters.org\/de\/das-koennen-ihr-arzt-oder-pflegepersonal-tun\/angiotensin-ii-rezeptorblocker-arb\/","name":"Angiotensin-II-Rezeptorblocker (ARB)","isPartOf":{"@id":"https:\/\/www.heartfailurematters.org\/de\/#website"},"primaryImageOfPage":{"@id":"https:\/\/www.heartfailurematters.org\/de\/das-koennen-ihr-arzt-oder-pflegepersonal-tun\/angiotensin-ii-rezeptorblocker-arb\/#primaryimage"},"image":{"@id":"https:\/\/www.heartfailurematters.org\/de\/das-koennen-ihr-arzt-oder-pflegepersonal-tun\/angiotensin-ii-rezeptorblocker-arb\/#primaryimage"},"thumbnailUrl":"https:\/\/www.heartfailurematters.org\/wp-content\/uploads\/2022\/03\/shutterstock_441673426-1-min.jpg","datePublished":"2021-01-27T22:00:39+00:00","dateModified":"2022-01-21T14:32:42+00:00","description":"Angiotensin-II-Rezeptor-Blocker (ARB) hemmen die Wirkungen von Angiotensin II, einem Hormon, das nat\u00fcrlich von Ihren Nieren produziert wird.","breadcrumb":{"@id":"https:\/\/www.heartfailurematters.org\/de\/das-koennen-ihr-arzt-oder-pflegepersonal-tun\/angiotensin-ii-rezeptorblocker-arb\/#breadcrumb"},"inLanguage":"de","potentialAction":[{"@type":"ReadAction","target":["https:\/\/www.heartfailurematters.org\/de\/das-koennen-ihr-arzt-oder-pflegepersonal-tun\/angiotensin-ii-rezeptorblocker-arb\/"]}]},{"@type":"ImageObject","inLanguage":"de","@id":"https:\/\/www.heartfailurematters.org\/de\/das-koennen-ihr-arzt-oder-pflegepersonal-tun\/angiotensin-ii-rezeptorblocker-arb\/#primaryimage","url":"https:\/\/www.heartfailurematters.org\/wp-content\/uploads\/2022\/03\/shutterstock_441673426-1-min.jpg","contentUrl":"https:\/\/www.heartfailurematters.org\/wp-content\/uploads\/2022\/03\/shutterstock_441673426-1-min.jpg","width":900,"height":596},{"@type":"BreadcrumbList","@id":"https:\/\/www.heartfailurematters.org\/de\/das-koennen-ihr-arzt-oder-pflegepersonal-tun\/angiotensin-ii-rezeptorblocker-arb\/#breadcrumb","itemListElement":[{"@type":"ListItem","position":1,"name":"Startseite","item":"https:\/\/www.heartfailurematters.org\/de\/"},{"@type":"ListItem","position":2,"name":"Das kann Ihr Arzt tun","item":"https:\/\/www.heartfailurematters.org\/de\/das-koennen-ihr-arzt-oder-pflegepersonal-tun\/"},{"@type":"ListItem","position":3,"name":"Angiotensin II Rezeptorblocker (ARB)"}]},{"@type":"WebSite","@id":"https:\/\/www.heartfailurematters.org\/de\/#website","url":"https:\/\/www.heartfailurematters.org\/de\/","name":"Heart Failure Matters","description":"Practical information for patients, families and caregivers.","publisher":{"@id":"https:\/\/www.heartfailurematters.org\/de\/#organization"},"potentialAction":[{"@type":"SearchAction","target":{"@type":"EntryPoint","urlTemplate":"https:\/\/www.heartfailurematters.org\/de\/?s={search_term_string}"},"query-input":{"@type":"PropertyValueSpecification","valueRequired":true,"valueName":"search_term_string"}}],"inLanguage":"de"},{"@type":"Organization","@id":"https:\/\/www.heartfailurematters.org\/de\/#organization","name":"Heart Failure Matters","url":"https:\/\/www.heartfailurematters.org\/de\/","logo":{"@type":"ImageObject","inLanguage":"de","@id":"https:\/\/www.heartfailurematters.org\/de\/#\/schema\/logo\/image\/","url":"https:\/\/cdn-endpoint-hfm.azureedge.net\/heartfailurematters\/2024\/07\/hfm-logo1.jpg","contentUrl":"https:\/\/cdn-endpoint-hfm.azureedge.net\/heartfailurematters\/2024\/07\/hfm-logo1.jpg","width":1280,"height":720,"caption":"Heart Failure Matters"},"image":{"@id":"https:\/\/www.heartfailurematters.org\/de\/#\/schema\/logo\/image\/"},"sameAs":["https:\/\/www.facebook.com\/heartfailurematters"]}]}},"_links":{"self":[{"href":"https:\/\/www.heartfailurematters.org\/de\/wp-json\/wp\/v2\/pages\/1458","targetHints":{"allow":["GET"]}}],"collection":[{"href":"https:\/\/www.heartfailurematters.org\/de\/wp-json\/wp\/v2\/pages"}],"about":[{"href":"https:\/\/www.heartfailurematters.org\/de\/wp-json\/wp\/v2\/types\/page"}],"author":[{"embeddable":true,"href":"https:\/\/www.heartfailurematters.org\/de\/wp-json\/wp\/v2\/users\/1"}],"replies":[{"embeddable":true,"href":"https:\/\/www.heartfailurematters.org\/de\/wp-json\/wp\/v2\/comments?post=1458"}],"version-history":[{"count":2,"href":"https:\/\/www.heartfailurematters.org\/de\/wp-json\/wp\/v2\/pages\/1458\/revisions"}],"predecessor-version":[{"id":10311,"href":"https:\/\/www.heartfailurematters.org\/de\/wp-json\/wp\/v2\/pages\/1458\/revisions\/10311"}],"up":[{"embeddable":true,"href":"https:\/\/www.heartfailurematters.org\/de\/wp-json\/wp\/v2\/pages\/2680"}],"wp:featuredmedia":[{"embeddable":true,"href":"https:\/\/www.heartfailurematters.org\/de\/wp-json\/wp\/v2\/media\/10869"}],"wp:attachment":[{"href":"https:\/\/www.heartfailurematters.org\/de\/wp-json\/wp\/v2\/media?parent=1458"}],"wp:term":[{"taxonomy":"category","embeddable":true,"href":"https:\/\/www.heartfailurematters.org\/de\/wp-json\/wp\/v2\/categories?post=1458"},{"taxonomy":"post_tag","embeddable":true,"href":"https:\/\/www.heartfailurematters.org\/de\/wp-json\/wp\/v2\/tags?post=1458"}],"curies":[{"name":"wp","href":"https:\/\/api.w.org\/{rel}","templated":true}]}}