{"id":1456,"date":"2021-01-27T22:00:39","date_gmt":"2021-01-27T22:00:39","guid":{"rendered":"http:\/\/heartfailurematters.local:8888\/diabetes\/"},"modified":"2021-09-24T17:14:43","modified_gmt":"2021-09-24T16:14:43","slug":"diabetes","status":"publish","type":"page","link":"https:\/\/www.heartfailurematters.org\/de\/zurueck-zu-ursachen-fuer-herzinsuffizienz-und-andere-haeufige-erkrankungen\/diabetes\/","title":{"rendered":"Diabetes"},"content":{"rendered":"<p>Bei vielen Patienten mit Herzinsuffizienz wird Typ-II-Diabetes diagnostiziert. Dies ist nicht \u00fcberraschend, da <strong>Diabetes<\/strong> bei Patienten mit Herzinsuffizienz viel h\u00e4ufiger vorkommt als in der \u00fcbrigen Bev\u00f6lkerung. Wie bei jeder anderen Erkrankung gilt: je besser Sie sie verstehen, desto besser k\u00f6nnen Sie damit umgehen.<\/p>\n<p><strong>Diabetes<\/strong> wird diagnostiziert, wenn Sie zu viel <a class=\"addtooltip\" title=\"Ein Zucker, der eine wesentliche Energiequelle f\u00fcr den K\u00f6rper darstellt.\"><strong>Glukose<\/strong><\/a> (Blutzucker) im Blut haben, weil die Bauchspeicheldr\u00fcse zu wenig <a class=\"addtooltip\" title=\"Ein von der Bauchspeicheldr\u00fcse gebildetes Hormon, das es dem K\u00f6rper erm\u00f6glicht, Glukose in Energie umzuwandeln.\"><strong>Insulin <\/strong><\/a> produziert, um den Glukosegehalt im Blut zu regulieren. Glukose gelangt ins Blut, wenn der K\u00f6rper Zucker aufnimmt und Kohlenhydrate von Lebensmitteln und Getr\u00e4nken abbaut. Insulin ist notwendig, damit Glukose in die Zellen gelangen und als Energielieferant dienen kann. Typ-I-Diabetes tritt meist bei jungen Patienten auf und erfordert grunds\u00e4tzlich eine Insulinbehandlung. Patienten mit Typ-II-Diabetes produzieren zwar etwas Insulin, aber nicht ausreichend. Typ-II-Diabetes tritt h\u00e4ufig bei Patienten mit Herzinsuffizienz auf, insbesondere dann, wenn sie \u00fcbergewichtig oder adip\u00f6s sind.<\/p>\n<p>Die Bestimmung des Blutzuckerwertes geh\u00f6rt zu den Standard-Untersuchungen bei Patienten mit Herzinsuffizienz und dient der Feststellung von Diabetes. Wenn bei Ihnen ein Diabetesrisiko besteht, wird u. a. auch Ihr HbA1c-Wert gemessen (informiert \u00fcber den durchschnittlichen Blutzuckerspiegel in den letzten zwei bis drei Monaten).<\/p>\n<p>Sie k\u00f6nnen durch \u00c4nderungen Ihres Lebensstils zum erfolgreichen Umgang mit Diabetes beitragen. Einige Dinge, die Sie als Herzinsuffizienz-Patient vielleicht bereits tun, sind besonders wichtig: jeden Tag einen Spaziergang machen, Ihren Blutdruck messen und Ihr gew\u00fcnschtes Gewicht halten. Regelm\u00e4\u00dfiger Sport tr\u00e4gt zur Senkung des Blutzuckerspiegels bei. Man wird Sie auch anleiten, weitere Ma\u00dfnahmen zu ergreifen, beispielsweise die Messung Ihres Blutzuckerspiegels, die Anpassung Ihrer Ern\u00e4hrung und die sorgf\u00e4ltige \u00dcberwachung der Menge an Zucker oder Kohlenhydraten, die Sie essen. Kohlenhydrate sind die verschiedenen Formen von Zucker, der in Lebensmitteln wie Brot, Pasta, Reis und Kartoffeln vorkommt.<\/p>\n<p>Arzt oder Pflegepersonal teilen Ihnen alle praktischen Informationen zur Messung Ihres Blutzuckerspiegels und zur H\u00e4ufigkeit der Messung mit. Eine Ern\u00e4hrungs- und Di\u00e4tberatung sollte durch Arzt, Pflegepersonal oder Ern\u00e4hrungsberater erfolgen. M\u00f6glicherweise sind Sie sich manchmal unsicher und wissen nicht, was Sie essen d\u00fcrfen. Denken Sie daran, Ihre Fragen aufzuschreiben und zu Ihren Schulungsterminen mitzubringen.<\/p>\n<p>Es gibt einige medizinische Komplikationen, die bei chronischem Diabetes relativ h\u00e4ufig auftreten k\u00f6nnen. Ihr Arzt wird regelm\u00e4\u00dfig Ihre Nierenfunktion \u00fcberpr\u00fcfen, Ihre Augen untersuchen und Ihre F\u00fc\u00dfe auf Anzeichen von Gef\u00e4\u00dfproblemen (wie z. B. Geschw\u00fcre) untersuchen. Es ist wichtig, dass Komplikationen fr\u00fchzeitig diagnostiziert und behandelt werden, um ein Fortschreiten zu verhindern.<\/p>\n<p>Zu Beginn kann all dies sehr belastend sein. Mit der Zeit jedoch werden Sie sich im Umgang mit der Erkrankung sich sicherer f\u00fchlen und es wird Ihnen zunehmend leichter fallen. Die Behandlung von Diabetes beinhaltet in der Regel eine Kombination aus Di\u00e4t und Medikamenten. Es gibt sehr wirksame Medikamente f\u00fcr Patienten mit Diabetes. Einige Patienten ben\u00f6tigen zus\u00e4tzlich Insulininjektionen. Es ist nicht zu bef\u00fcrchten, dass Medikamente f\u00fcr eine Erkrankung sich negativ auf die andere auswirken. Die meisten Medikamente gegen Herzinsuffizienz k\u00f6nnen von Patienten mit Diabetes bedenkenlos eingenommen werden und bieten die gleichen Vorteile. Ebenso gibt es etliche Medikamente gegen Diabetes, die bei Herzinsuffizienz-Patienten sicher angewendet werden k\u00f6nnen. <a href=\"https:\/\/www.heartfailurematters.org\/what-your-doctor-can-do\/heart-failure-medicines\/\">Aktuell gibt es sogar neuere Medikamente, die gegen beide Erkrankungen (Herzinsuffizienz und Diabetes) gleicherma\u00dfen wirken.<\/a><\/p>\n<p>In manchen L\u00e4ndern werden Herzinsuffizienz und Diabetes nicht vom gleichen medizinischen Team behandelt. Vergessen Sie in diesem Fall nicht, die Teams \u00fcber alle Diagnosen und alle Medikamente, die Sie einnehmen, zu informieren. Bitte achten Sie darauf, stets eine aktuelle Liste Ihrer Medikamente bei sich zu tragen.<\/p>\n<p><a title=\"Zur\u00fcck zu Andere h\u00e4ufige Erkrankungen und Herzinsuffizienz\" href=\"https:\/\/www.heartfailurematters.org\/heart-failure-causes-and-other-common-medical-conditions\/other-common-medical-conditions-and-heart-failure\/\">Zur\u00fcck zu Andere h\u00e4ufige Erkrankungen und Herzinsuffizienz<\/a><\/p>\n","protected":false},"excerpt":{"rendered":"<p>Bei vielen Patienten mit Herzinsuffizienz wird Typ-II-Diabetes diagnostiziert. Dies ist nicht \u00fcberraschend, da Diabetes bei Patienten mit Herzinsuffizienz viel h\u00e4ufiger vorkommt als in der \u00fcbrigen Bev\u00f6lkerung. Wie bei jeder anderen Erkrankung gilt: je besser Sie sie verstehen, desto besser k\u00f6nnen Sie damit umgehen. Diabetes wird diagnostiziert, wenn Sie zu viel Glukose (Blutzucker) im Blut haben, [&hellip;]<\/p>\n","protected":false},"author":1,"featured_media":10757,"parent":8049,"menu_order":10,"comment_status":"open","ping_status":"open","template":"","meta":{"_acf_changed":false,"footnotes":""},"categories":[],"tags":[],"class_list":["post-1456","page","type-page","status-publish","has-post-thumbnail","hentry"],"acf":[],"yoast_head":"<!-- This site is optimized with the Yoast SEO plugin v24.8.1 - https:\/\/yoast.com\/wordpress\/plugins\/seo\/ -->\n<title>Diabetes<\/title>\n<meta name=\"description\" content=\"Diabetes stellt eine zus\u00e4tzliche Belastung f\u00fcr Ihr Herz dar und erh\u00f6ht Ihr Risiko f\u00fcr Herzinsuffizienz. Menschen mit Diabetes neigen zu \u00dcbergewicht und haben h\u00e4ufig hohen Blutdruck oder einen hohen Cholesterinspiegel.\" \/>\n<meta name=\"robots\" content=\"index, follow, max-snippet:-1, max-image-preview:large, max-video-preview:-1\" \/>\n<link rel=\"canonical\" href=\"https:\/\/www.heartfailurematters.org\/de\/zurueck-zu-ursachen-fuer-herzinsuffizienz-und-andere-haeufige-erkrankungen\/diabetes\/\" \/>\n<meta property=\"og:locale\" content=\"de_DE\" \/>\n<meta property=\"og:type\" content=\"article\" \/>\n<meta property=\"og:title\" content=\"Diabetes\" \/>\n<meta property=\"og:description\" content=\"Diabetes stellt eine zus\u00e4tzliche Belastung f\u00fcr Ihr Herz dar und erh\u00f6ht Ihr Risiko f\u00fcr Herzinsuffizienz. Menschen mit Diabetes neigen zu \u00dcbergewicht und haben h\u00e4ufig hohen Blutdruck oder einen hohen Cholesterinspiegel.\" \/>\n<meta property=\"og:url\" content=\"https:\/\/www.heartfailurematters.org\/de\/zurueck-zu-ursachen-fuer-herzinsuffizienz-und-andere-haeufige-erkrankungen\/diabetes\/\" \/>\n<meta property=\"og:site_name\" content=\"Heart Failure Matters\" \/>\n<meta property=\"article:publisher\" content=\"https:\/\/www.facebook.com\/heartfailurematters\" \/>\n<meta property=\"article:modified_time\" content=\"2021-09-24T16:14:43+00:00\" \/>\n<meta property=\"og:image\" content=\"https:\/\/www.heartfailurematters.org\/wp-content\/uploads\/2022\/03\/shutterstock_1439349791-1-min.jpg\" \/>\n\t<meta property=\"og:image:width\" content=\"900\" \/>\n\t<meta property=\"og:image:height\" content=\"601\" \/>\n\t<meta property=\"og:image:type\" content=\"image\/jpeg\" \/>\n<meta name=\"twitter:card\" content=\"summary_large_image\" \/>\n<meta name=\"twitter:label1\" content=\"Gesch\u00e4tzte Lesezeit\" \/>\n\t<meta name=\"twitter:data1\" content=\"3\u00a0Minuten\" \/>\n<script type=\"application\/ld+json\" class=\"yoast-schema-graph\">{\"@context\":\"https:\/\/schema.org\",\"@graph\":[{\"@type\":\"WebPage\",\"@id\":\"https:\/\/www.heartfailurematters.org\/de\/zurueck-zu-ursachen-fuer-herzinsuffizienz-und-andere-haeufige-erkrankungen\/diabetes\/\",\"url\":\"https:\/\/www.heartfailurematters.org\/de\/zurueck-zu-ursachen-fuer-herzinsuffizienz-und-andere-haeufige-erkrankungen\/diabetes\/\",\"name\":\"Diabetes\",\"isPartOf\":{\"@id\":\"https:\/\/www.heartfailurematters.org\/de\/#website\"},\"primaryImageOfPage\":{\"@id\":\"https:\/\/www.heartfailurematters.org\/de\/zurueck-zu-ursachen-fuer-herzinsuffizienz-und-andere-haeufige-erkrankungen\/diabetes\/#primaryimage\"},\"image\":{\"@id\":\"https:\/\/www.heartfailurematters.org\/de\/zurueck-zu-ursachen-fuer-herzinsuffizienz-und-andere-haeufige-erkrankungen\/diabetes\/#primaryimage\"},\"thumbnailUrl\":\"https:\/\/www.heartfailurematters.org\/wp-content\/uploads\/2022\/03\/shutterstock_1439349791-1-min.jpg\",\"datePublished\":\"2021-01-27T22:00:39+00:00\",\"dateModified\":\"2021-09-24T16:14:43+00:00\",\"description\":\"Diabetes stellt eine zus\u00e4tzliche Belastung f\u00fcr Ihr Herz dar und erh\u00f6ht Ihr Risiko f\u00fcr Herzinsuffizienz. Menschen mit Diabetes neigen zu \u00dcbergewicht und haben h\u00e4ufig hohen Blutdruck oder einen hohen Cholesterinspiegel.\",\"breadcrumb\":{\"@id\":\"https:\/\/www.heartfailurematters.org\/de\/zurueck-zu-ursachen-fuer-herzinsuffizienz-und-andere-haeufige-erkrankungen\/diabetes\/#breadcrumb\"},\"inLanguage\":\"de\",\"potentialAction\":[{\"@type\":\"ReadAction\",\"target\":[\"https:\/\/www.heartfailurematters.org\/de\/zurueck-zu-ursachen-fuer-herzinsuffizienz-und-andere-haeufige-erkrankungen\/diabetes\/\"]}]},{\"@type\":\"ImageObject\",\"inLanguage\":\"de\",\"@id\":\"https:\/\/www.heartfailurematters.org\/de\/zurueck-zu-ursachen-fuer-herzinsuffizienz-und-andere-haeufige-erkrankungen\/diabetes\/#primaryimage\",\"url\":\"https:\/\/www.heartfailurematters.org\/wp-content\/uploads\/2022\/03\/shutterstock_1439349791-1-min.jpg\",\"contentUrl\":\"https:\/\/www.heartfailurematters.org\/wp-content\/uploads\/2022\/03\/shutterstock_1439349791-1-min.jpg\",\"width\":900,\"height\":601},{\"@type\":\"BreadcrumbList\",\"@id\":\"https:\/\/www.heartfailurematters.org\/de\/zurueck-zu-ursachen-fuer-herzinsuffizienz-und-andere-haeufige-erkrankungen\/diabetes\/#breadcrumb\",\"itemListElement\":[{\"@type\":\"ListItem\",\"position\":1,\"name\":\"Startseite\",\"item\":\"https:\/\/www.heartfailurematters.org\/de\/\"},{\"@type\":\"ListItem\",\"position\":2,\"name\":\"Ursachen f\u00fcr Herzinsuffizienz und andere h\u00e4ufige Erkrankungen\",\"item\":\"https:\/\/www.heartfailurematters.org\/de\/zurueck-zu-ursachen-fuer-herzinsuffizienz-und-andere-haeufige-erkrankungen\/\"},{\"@type\":\"ListItem\",\"position\":3,\"name\":\"Diabetes\"}]},{\"@type\":\"WebSite\",\"@id\":\"https:\/\/www.heartfailurematters.org\/de\/#website\",\"url\":\"https:\/\/www.heartfailurematters.org\/de\/\",\"name\":\"Heart Failure Matters\",\"description\":\"Practical information for patients, families and caregivers.\",\"publisher\":{\"@id\":\"https:\/\/www.heartfailurematters.org\/de\/#organization\"},\"potentialAction\":[{\"@type\":\"SearchAction\",\"target\":{\"@type\":\"EntryPoint\",\"urlTemplate\":\"https:\/\/www.heartfailurematters.org\/de\/?s={search_term_string}\"},\"query-input\":{\"@type\":\"PropertyValueSpecification\",\"valueRequired\":true,\"valueName\":\"search_term_string\"}}],\"inLanguage\":\"de\"},{\"@type\":\"Organization\",\"@id\":\"https:\/\/www.heartfailurematters.org\/de\/#organization\",\"name\":\"Heart Failure Matters\",\"url\":\"https:\/\/www.heartfailurematters.org\/de\/\",\"logo\":{\"@type\":\"ImageObject\",\"inLanguage\":\"de\",\"@id\":\"https:\/\/www.heartfailurematters.org\/de\/#\/schema\/logo\/image\/\",\"url\":\"https:\/\/cdn-endpoint-hfm.azureedge.net\/heartfailurematters\/2024\/07\/hfm-logo1.jpg\",\"contentUrl\":\"https:\/\/cdn-endpoint-hfm.azureedge.net\/heartfailurematters\/2024\/07\/hfm-logo1.jpg\",\"width\":1280,\"height\":720,\"caption\":\"Heart Failure Matters\"},\"image\":{\"@id\":\"https:\/\/www.heartfailurematters.org\/de\/#\/schema\/logo\/image\/\"},\"sameAs\":[\"https:\/\/www.facebook.com\/heartfailurematters\"]}]}<\/script>\n<!-- \/ Yoast SEO plugin. -->","yoast_head_json":{"title":"Diabetes","description":"Diabetes stellt eine zus\u00e4tzliche Belastung f\u00fcr Ihr Herz dar und erh\u00f6ht Ihr Risiko f\u00fcr Herzinsuffizienz. Menschen mit Diabetes neigen zu \u00dcbergewicht und haben h\u00e4ufig hohen Blutdruck oder einen hohen Cholesterinspiegel.","robots":{"index":"index","follow":"follow","max-snippet":"max-snippet:-1","max-image-preview":"max-image-preview:large","max-video-preview":"max-video-preview:-1"},"canonical":"https:\/\/www.heartfailurematters.org\/de\/zurueck-zu-ursachen-fuer-herzinsuffizienz-und-andere-haeufige-erkrankungen\/diabetes\/","og_locale":"de_DE","og_type":"article","og_title":"Diabetes","og_description":"Diabetes stellt eine zus\u00e4tzliche Belastung f\u00fcr Ihr Herz dar und erh\u00f6ht Ihr Risiko f\u00fcr Herzinsuffizienz. Menschen mit Diabetes neigen zu \u00dcbergewicht und haben h\u00e4ufig hohen Blutdruck oder einen hohen Cholesterinspiegel.","og_url":"https:\/\/www.heartfailurematters.org\/de\/zurueck-zu-ursachen-fuer-herzinsuffizienz-und-andere-haeufige-erkrankungen\/diabetes\/","og_site_name":"Heart Failure Matters","article_publisher":"https:\/\/www.facebook.com\/heartfailurematters","article_modified_time":"2021-09-24T16:14:43+00:00","og_image":[{"width":900,"height":601,"url":"https:\/\/www.heartfailurematters.org\/wp-content\/uploads\/2022\/03\/shutterstock_1439349791-1-min.jpg","type":"image\/jpeg"}],"twitter_card":"summary_large_image","twitter_misc":{"Gesch\u00e4tzte Lesezeit":"3\u00a0Minuten"},"schema":{"@context":"https:\/\/schema.org","@graph":[{"@type":"WebPage","@id":"https:\/\/www.heartfailurematters.org\/de\/zurueck-zu-ursachen-fuer-herzinsuffizienz-und-andere-haeufige-erkrankungen\/diabetes\/","url":"https:\/\/www.heartfailurematters.org\/de\/zurueck-zu-ursachen-fuer-herzinsuffizienz-und-andere-haeufige-erkrankungen\/diabetes\/","name":"Diabetes","isPartOf":{"@id":"https:\/\/www.heartfailurematters.org\/de\/#website"},"primaryImageOfPage":{"@id":"https:\/\/www.heartfailurematters.org\/de\/zurueck-zu-ursachen-fuer-herzinsuffizienz-und-andere-haeufige-erkrankungen\/diabetes\/#primaryimage"},"image":{"@id":"https:\/\/www.heartfailurematters.org\/de\/zurueck-zu-ursachen-fuer-herzinsuffizienz-und-andere-haeufige-erkrankungen\/diabetes\/#primaryimage"},"thumbnailUrl":"https:\/\/www.heartfailurematters.org\/wp-content\/uploads\/2022\/03\/shutterstock_1439349791-1-min.jpg","datePublished":"2021-01-27T22:00:39+00:00","dateModified":"2021-09-24T16:14:43+00:00","description":"Diabetes stellt eine zus\u00e4tzliche Belastung f\u00fcr Ihr Herz dar und erh\u00f6ht Ihr Risiko f\u00fcr Herzinsuffizienz. Menschen mit Diabetes neigen zu \u00dcbergewicht und haben h\u00e4ufig hohen Blutdruck oder einen hohen Cholesterinspiegel.","breadcrumb":{"@id":"https:\/\/www.heartfailurematters.org\/de\/zurueck-zu-ursachen-fuer-herzinsuffizienz-und-andere-haeufige-erkrankungen\/diabetes\/#breadcrumb"},"inLanguage":"de","potentialAction":[{"@type":"ReadAction","target":["https:\/\/www.heartfailurematters.org\/de\/zurueck-zu-ursachen-fuer-herzinsuffizienz-und-andere-haeufige-erkrankungen\/diabetes\/"]}]},{"@type":"ImageObject","inLanguage":"de","@id":"https:\/\/www.heartfailurematters.org\/de\/zurueck-zu-ursachen-fuer-herzinsuffizienz-und-andere-haeufige-erkrankungen\/diabetes\/#primaryimage","url":"https:\/\/www.heartfailurematters.org\/wp-content\/uploads\/2022\/03\/shutterstock_1439349791-1-min.jpg","contentUrl":"https:\/\/www.heartfailurematters.org\/wp-content\/uploads\/2022\/03\/shutterstock_1439349791-1-min.jpg","width":900,"height":601},{"@type":"BreadcrumbList","@id":"https:\/\/www.heartfailurematters.org\/de\/zurueck-zu-ursachen-fuer-herzinsuffizienz-und-andere-haeufige-erkrankungen\/diabetes\/#breadcrumb","itemListElement":[{"@type":"ListItem","position":1,"name":"Startseite","item":"https:\/\/www.heartfailurematters.org\/de\/"},{"@type":"ListItem","position":2,"name":"Ursachen f\u00fcr Herzinsuffizienz und andere h\u00e4ufige Erkrankungen","item":"https:\/\/www.heartfailurematters.org\/de\/zurueck-zu-ursachen-fuer-herzinsuffizienz-und-andere-haeufige-erkrankungen\/"},{"@type":"ListItem","position":3,"name":"Diabetes"}]},{"@type":"WebSite","@id":"https:\/\/www.heartfailurematters.org\/de\/#website","url":"https:\/\/www.heartfailurematters.org\/de\/","name":"Heart Failure Matters","description":"Practical information for patients, families and caregivers.","publisher":{"@id":"https:\/\/www.heartfailurematters.org\/de\/#organization"},"potentialAction":[{"@type":"SearchAction","target":{"@type":"EntryPoint","urlTemplate":"https:\/\/www.heartfailurematters.org\/de\/?s={search_term_string}"},"query-input":{"@type":"PropertyValueSpecification","valueRequired":true,"valueName":"search_term_string"}}],"inLanguage":"de"},{"@type":"Organization","@id":"https:\/\/www.heartfailurematters.org\/de\/#organization","name":"Heart Failure Matters","url":"https:\/\/www.heartfailurematters.org\/de\/","logo":{"@type":"ImageObject","inLanguage":"de","@id":"https:\/\/www.heartfailurematters.org\/de\/#\/schema\/logo\/image\/","url":"https:\/\/cdn-endpoint-hfm.azureedge.net\/heartfailurematters\/2024\/07\/hfm-logo1.jpg","contentUrl":"https:\/\/cdn-endpoint-hfm.azureedge.net\/heartfailurematters\/2024\/07\/hfm-logo1.jpg","width":1280,"height":720,"caption":"Heart Failure Matters"},"image":{"@id":"https:\/\/www.heartfailurematters.org\/de\/#\/schema\/logo\/image\/"},"sameAs":["https:\/\/www.facebook.com\/heartfailurematters"]}]}},"_links":{"self":[{"href":"https:\/\/www.heartfailurematters.org\/de\/wp-json\/wp\/v2\/pages\/1456","targetHints":{"allow":["GET"]}}],"collection":[{"href":"https:\/\/www.heartfailurematters.org\/de\/wp-json\/wp\/v2\/pages"}],"about":[{"href":"https:\/\/www.heartfailurematters.org\/de\/wp-json\/wp\/v2\/types\/page"}],"author":[{"embeddable":true,"href":"https:\/\/www.heartfailurematters.org\/de\/wp-json\/wp\/v2\/users\/1"}],"replies":[{"embeddable":true,"href":"https:\/\/www.heartfailurematters.org\/de\/wp-json\/wp\/v2\/comments?post=1456"}],"version-history":[{"count":2,"href":"https:\/\/www.heartfailurematters.org\/de\/wp-json\/wp\/v2\/pages\/1456\/revisions"}],"predecessor-version":[{"id":9375,"href":"https:\/\/www.heartfailurematters.org\/de\/wp-json\/wp\/v2\/pages\/1456\/revisions\/9375"}],"up":[{"embeddable":true,"href":"https:\/\/www.heartfailurematters.org\/de\/wp-json\/wp\/v2\/pages\/8049"}],"wp:featuredmedia":[{"embeddable":true,"href":"https:\/\/www.heartfailurematters.org\/de\/wp-json\/wp\/v2\/media\/10757"}],"wp:attachment":[{"href":"https:\/\/www.heartfailurematters.org\/de\/wp-json\/wp\/v2\/media?parent=1456"}],"wp:term":[{"taxonomy":"category","embeddable":true,"href":"https:\/\/www.heartfailurematters.org\/de\/wp-json\/wp\/v2\/categories?post=1456"},{"taxonomy":"post_tag","embeddable":true,"href":"https:\/\/www.heartfailurematters.org\/de\/wp-json\/wp\/v2\/tags?post=1456"}],"curies":[{"name":"wp","href":"https:\/\/api.w.org\/{rel}","templated":true}]}}