{"id":1447,"date":"2021-01-27T22:00:32","date_gmt":"2021-01-27T22:00:32","guid":{"rendered":"http:\/\/heartfailurematters.local:8888\/finanzielle-belange\/"},"modified":"2021-01-27T22:00:32","modified_gmt":"2021-01-27T22:00:32","slug":"finanzielle-belange","status":"publish","type":"page","link":"https:\/\/www.heartfailurematters.org\/de\/fuer-pflegende-angehoerige\/finanzielle-belange\/","title":{"rendered":"Finanzielle Belange"},"content":{"rendered":"<p> Es ist m\u00f6glich, dass die Diagnose Herzinsuffizienz wichtige finanzielle Fragen f\u00fcr Sie und Ihren Partner oder Angeh\u00f6rigen aufwirft. Die Situation wird bei jedem anders sein. Im Folgenden finden Sie einige Anmerkungen zu finanziellen Dingen, die Sie ber\u00fccksichtigen m\u00fcssen.<\/p>\n<ul>\n<li> Befassen Sie sich mit dem Krankenversicherungsschutz Ihres Partners bzw. Angeh\u00f6rigen. Wenn Ihr Partner oder Angeh\u00f6riger eine Krankenversicherung hat, kl\u00e4ren Sie ab, was diese abdeckt und wie sich die Diagnose Herzinsuffizienz auswirkt. Nehmen Sie erforderlichenfalls Finanzhilfen in Anspruch, um die Behandlungskosten zu bezahlen. .<\/li>\n<li> Es kommt bei Herzinsuffizienz-Patienten entscheidend darauf an, dass sie alle ihre Medikamente wie verordnet einnehmen. Sprechen Sie mit Ihrem Arzt oder der betreuenden Pflegekraft dar\u00fcber. Diese k\u00f6nnen Ihnen sagen, an wen Sie sich wenden m\u00fcssen (Sozialamt), um sich beraten zu lassen bzw. finanzielle Unterst\u00fctzung zu beantragen.<\/li>\n<li> Befassen Sie sich mit der finanziellen Situation Ihres Haushalts. Wenn die von der Herzinsuffizienz betroffene Person der Hauptern\u00e4hrer ist oder einen Gro\u00dfteil des Haushaltseinkommens aufbringt, besteht Handlungsbedarf f\u00fcr Sie und Ihre Familie, wenn der Betroffene nicht mehr in der Lage ist, wie bisher zu arbeiten. Wenn Ihr Partner oder Angeh\u00f6riger eine Berufsunf\u00e4higkeitsversicherung abgeschlossen hat, k\u00f6nnen Sie hieraus Anspr\u00fcche (Erwerbsunf\u00e4higkeitsrente) geltend machen.<\/li>\n<\/ul>\n","protected":false},"excerpt":{"rendered":"<p>Es ist m\u00f6glich, dass die Diagnose Herzinsuffizienz wichtige finanzielle Fragen f\u00fcr Sie und Ihren Partner oder Angeh\u00f6rigen aufwirft. Die Situation wird bei jedem anders sein. Im Folgenden finden Sie einige Anmerkungen zu finanziellen Dingen, die Sie ber\u00fccksichtigen m\u00fcssen. Befassen Sie sich mit dem Krankenversicherungsschutz Ihres Partners bzw. Angeh\u00f6rigen. Wenn Ihr Partner oder Angeh\u00f6riger eine Krankenversicherung [&hellip;]<\/p>\n","protected":false},"author":1,"featured_media":11169,"parent":2842,"menu_order":4,"comment_status":"open","ping_status":"closed","template":"","meta":{"_acf_changed":false,"footnotes":""},"categories":[83],"tags":[],"class_list":["post-1447","page","type-page","status-publish","has-post-thumbnail","hentry","category-for-caregivers-de"],"acf":[],"yoast_head":"<!-- This site is optimized with the Yoast SEO plugin v24.8.1 - https:\/\/yoast.com\/wordpress\/plugins\/seo\/ -->\n<title>Finanzielle Belange<\/title>\n<meta name=\"description\" content=\"Eine Herzinsuffizienzdiagnose kann zudem wichtige finanzielle Fragen f\u00fcr Sie und Ihren Partner oder Verwandten aufwerfen. Die Gesundheitssysteme sind von Land zu Land unterschiedlich, und die Situation jedes Einzelnen ist anders.\" \/>\n<meta name=\"robots\" content=\"index, follow, max-snippet:-1, max-image-preview:large, max-video-preview:-1\" \/>\n<link rel=\"canonical\" href=\"https:\/\/www.heartfailurematters.org\/de\/fuer-pflegende-angehoerige\/finanzielle-belange\/\" \/>\n<meta property=\"og:locale\" content=\"de_DE\" \/>\n<meta property=\"og:type\" content=\"article\" \/>\n<meta property=\"og:title\" content=\"Finanzielle Belange\" \/>\n<meta property=\"og:description\" content=\"Eine Herzinsuffizienzdiagnose kann zudem wichtige finanzielle Fragen f\u00fcr Sie und Ihren Partner oder Verwandten aufwerfen. Die Gesundheitssysteme sind von Land zu Land unterschiedlich, und die Situation jedes Einzelnen ist anders.\" \/>\n<meta property=\"og:url\" content=\"https:\/\/www.heartfailurematters.org\/de\/fuer-pflegende-angehoerige\/finanzielle-belange\/\" \/>\n<meta property=\"og:site_name\" content=\"Heart Failure Matters\" \/>\n<meta property=\"article:publisher\" content=\"https:\/\/www.facebook.com\/heartfailurematters\" \/>\n<meta property=\"og:image\" content=\"https:\/\/www.heartfailurematters.org\/wp-content\/uploads\/2022\/03\/shutterstock_1822706021-1-min.jpg?_t=1773216850\" \/>\n\t<meta property=\"og:image:width\" content=\"900\" \/>\n\t<meta property=\"og:image:height\" content=\"506\" \/>\n\t<meta property=\"og:image:type\" content=\"image\/jpeg\" \/>\n<meta name=\"twitter:card\" content=\"summary_large_image\" \/>\n<meta name=\"twitter:label1\" content=\"Gesch\u00e4tzte Lesezeit\" \/>\n\t<meta name=\"twitter:data1\" content=\"1\u00a0Minute\" \/>\n<script type=\"application\/ld+json\" class=\"yoast-schema-graph\">{\"@context\":\"https:\/\/schema.org\",\"@graph\":[{\"@type\":\"WebPage\",\"@id\":\"https:\/\/www.heartfailurematters.org\/de\/fuer-pflegende-angehoerige\/finanzielle-belange\/\",\"url\":\"https:\/\/www.heartfailurematters.org\/de\/fuer-pflegende-angehoerige\/finanzielle-belange\/\",\"name\":\"Finanzielle Belange\",\"isPartOf\":{\"@id\":\"https:\/\/www.heartfailurematters.org\/de\/#website\"},\"primaryImageOfPage\":{\"@id\":\"https:\/\/www.heartfailurematters.org\/de\/fuer-pflegende-angehoerige\/finanzielle-belange\/#primaryimage\"},\"image\":{\"@id\":\"https:\/\/www.heartfailurematters.org\/de\/fuer-pflegende-angehoerige\/finanzielle-belange\/#primaryimage\"},\"thumbnailUrl\":\"https:\/\/www.heartfailurematters.org\/wp-content\/uploads\/2022\/03\/shutterstock_1822706021-1-min.jpg\",\"datePublished\":\"2021-01-27T22:00:32+00:00\",\"description\":\"Eine Herzinsuffizienzdiagnose kann zudem wichtige finanzielle Fragen f\u00fcr Sie und Ihren Partner oder Verwandten aufwerfen. Die Gesundheitssysteme sind von Land zu Land unterschiedlich, und die Situation jedes Einzelnen ist anders.\",\"breadcrumb\":{\"@id\":\"https:\/\/www.heartfailurematters.org\/de\/fuer-pflegende-angehoerige\/finanzielle-belange\/#breadcrumb\"},\"inLanguage\":\"de\",\"potentialAction\":[{\"@type\":\"ReadAction\",\"target\":[\"https:\/\/www.heartfailurematters.org\/de\/fuer-pflegende-angehoerige\/finanzielle-belange\/\"]}]},{\"@type\":\"ImageObject\",\"inLanguage\":\"de\",\"@id\":\"https:\/\/www.heartfailurematters.org\/de\/fuer-pflegende-angehoerige\/finanzielle-belange\/#primaryimage\",\"url\":\"https:\/\/www.heartfailurematters.org\/wp-content\/uploads\/2022\/03\/shutterstock_1822706021-1-min.jpg\",\"contentUrl\":\"https:\/\/www.heartfailurematters.org\/wp-content\/uploads\/2022\/03\/shutterstock_1822706021-1-min.jpg\",\"width\":900,\"height\":506},{\"@type\":\"BreadcrumbList\",\"@id\":\"https:\/\/www.heartfailurematters.org\/de\/fuer-pflegende-angehoerige\/finanzielle-belange\/#breadcrumb\",\"itemListElement\":[{\"@type\":\"ListItem\",\"position\":1,\"name\":\"Startseite\",\"item\":\"https:\/\/www.heartfailurematters.org\/de\/\"},{\"@type\":\"ListItem\",\"position\":2,\"name\":\"F\u00fcr Betreuer\",\"item\":\"https:\/\/www.heartfailurematters.org\/de\/fuer-pflegende-angehoerige\/\"},{\"@type\":\"ListItem\",\"position\":3,\"name\":\"Finanzielle Belange\"}]},{\"@type\":\"WebSite\",\"@id\":\"https:\/\/www.heartfailurematters.org\/de\/#website\",\"url\":\"https:\/\/www.heartfailurematters.org\/de\/\",\"name\":\"Heart Failure Matters\",\"description\":\"Practical information for patients, families and caregivers.\",\"publisher\":{\"@id\":\"https:\/\/www.heartfailurematters.org\/de\/#organization\"},\"potentialAction\":[{\"@type\":\"SearchAction\",\"target\":{\"@type\":\"EntryPoint\",\"urlTemplate\":\"https:\/\/www.heartfailurematters.org\/de\/?s={search_term_string}\"},\"query-input\":{\"@type\":\"PropertyValueSpecification\",\"valueRequired\":true,\"valueName\":\"search_term_string\"}}],\"inLanguage\":\"de\"},{\"@type\":\"Organization\",\"@id\":\"https:\/\/www.heartfailurematters.org\/de\/#organization\",\"name\":\"Heart Failure Matters\",\"url\":\"https:\/\/www.heartfailurematters.org\/de\/\",\"logo\":{\"@type\":\"ImageObject\",\"inLanguage\":\"de\",\"@id\":\"https:\/\/www.heartfailurematters.org\/de\/#\/schema\/logo\/image\/\",\"url\":\"https:\/\/cdn-endpoint-hfm.azureedge.net\/heartfailurematters\/2024\/07\/hfm-logo1.jpg\",\"contentUrl\":\"https:\/\/cdn-endpoint-hfm.azureedge.net\/heartfailurematters\/2024\/07\/hfm-logo1.jpg\",\"width\":1280,\"height\":720,\"caption\":\"Heart Failure Matters\"},\"image\":{\"@id\":\"https:\/\/www.heartfailurematters.org\/de\/#\/schema\/logo\/image\/\"},\"sameAs\":[\"https:\/\/www.facebook.com\/heartfailurematters\"]}]}<\/script>\n<!-- \/ Yoast SEO plugin. -->","yoast_head_json":{"title":"Finanzielle Belange","description":"Eine Herzinsuffizienzdiagnose kann zudem wichtige finanzielle Fragen f\u00fcr Sie und Ihren Partner oder Verwandten aufwerfen. Die Gesundheitssysteme sind von Land zu Land unterschiedlich, und die Situation jedes Einzelnen ist anders.","robots":{"index":"index","follow":"follow","max-snippet":"max-snippet:-1","max-image-preview":"max-image-preview:large","max-video-preview":"max-video-preview:-1"},"canonical":"https:\/\/www.heartfailurematters.org\/de\/fuer-pflegende-angehoerige\/finanzielle-belange\/","og_locale":"de_DE","og_type":"article","og_title":"Finanzielle Belange","og_description":"Eine Herzinsuffizienzdiagnose kann zudem wichtige finanzielle Fragen f\u00fcr Sie und Ihren Partner oder Verwandten aufwerfen. Die Gesundheitssysteme sind von Land zu Land unterschiedlich, und die Situation jedes Einzelnen ist anders.","og_url":"https:\/\/www.heartfailurematters.org\/de\/fuer-pflegende-angehoerige\/finanzielle-belange\/","og_site_name":"Heart Failure Matters","article_publisher":"https:\/\/www.facebook.com\/heartfailurematters","og_image":[{"width":900,"height":506,"url":"https:\/\/www.heartfailurematters.org\/wp-content\/uploads\/2022\/03\/shutterstock_1822706021-1-min.jpg?_t=1773216850","type":"image\/jpeg"}],"twitter_card":"summary_large_image","twitter_misc":{"Gesch\u00e4tzte Lesezeit":"1\u00a0Minute"},"schema":{"@context":"https:\/\/schema.org","@graph":[{"@type":"WebPage","@id":"https:\/\/www.heartfailurematters.org\/de\/fuer-pflegende-angehoerige\/finanzielle-belange\/","url":"https:\/\/www.heartfailurematters.org\/de\/fuer-pflegende-angehoerige\/finanzielle-belange\/","name":"Finanzielle Belange","isPartOf":{"@id":"https:\/\/www.heartfailurematters.org\/de\/#website"},"primaryImageOfPage":{"@id":"https:\/\/www.heartfailurematters.org\/de\/fuer-pflegende-angehoerige\/finanzielle-belange\/#primaryimage"},"image":{"@id":"https:\/\/www.heartfailurematters.org\/de\/fuer-pflegende-angehoerige\/finanzielle-belange\/#primaryimage"},"thumbnailUrl":"https:\/\/www.heartfailurematters.org\/wp-content\/uploads\/2022\/03\/shutterstock_1822706021-1-min.jpg","datePublished":"2021-01-27T22:00:32+00:00","description":"Eine Herzinsuffizienzdiagnose kann zudem wichtige finanzielle Fragen f\u00fcr Sie und Ihren Partner oder Verwandten aufwerfen. Die Gesundheitssysteme sind von Land zu Land unterschiedlich, und die Situation jedes Einzelnen ist anders.","breadcrumb":{"@id":"https:\/\/www.heartfailurematters.org\/de\/fuer-pflegende-angehoerige\/finanzielle-belange\/#breadcrumb"},"inLanguage":"de","potentialAction":[{"@type":"ReadAction","target":["https:\/\/www.heartfailurematters.org\/de\/fuer-pflegende-angehoerige\/finanzielle-belange\/"]}]},{"@type":"ImageObject","inLanguage":"de","@id":"https:\/\/www.heartfailurematters.org\/de\/fuer-pflegende-angehoerige\/finanzielle-belange\/#primaryimage","url":"https:\/\/www.heartfailurematters.org\/wp-content\/uploads\/2022\/03\/shutterstock_1822706021-1-min.jpg","contentUrl":"https:\/\/www.heartfailurematters.org\/wp-content\/uploads\/2022\/03\/shutterstock_1822706021-1-min.jpg","width":900,"height":506},{"@type":"BreadcrumbList","@id":"https:\/\/www.heartfailurematters.org\/de\/fuer-pflegende-angehoerige\/finanzielle-belange\/#breadcrumb","itemListElement":[{"@type":"ListItem","position":1,"name":"Startseite","item":"https:\/\/www.heartfailurematters.org\/de\/"},{"@type":"ListItem","position":2,"name":"F\u00fcr Betreuer","item":"https:\/\/www.heartfailurematters.org\/de\/fuer-pflegende-angehoerige\/"},{"@type":"ListItem","position":3,"name":"Finanzielle Belange"}]},{"@type":"WebSite","@id":"https:\/\/www.heartfailurematters.org\/de\/#website","url":"https:\/\/www.heartfailurematters.org\/de\/","name":"Heart Failure Matters","description":"Practical information for patients, families and caregivers.","publisher":{"@id":"https:\/\/www.heartfailurematters.org\/de\/#organization"},"potentialAction":[{"@type":"SearchAction","target":{"@type":"EntryPoint","urlTemplate":"https:\/\/www.heartfailurematters.org\/de\/?s={search_term_string}"},"query-input":{"@type":"PropertyValueSpecification","valueRequired":true,"valueName":"search_term_string"}}],"inLanguage":"de"},{"@type":"Organization","@id":"https:\/\/www.heartfailurematters.org\/de\/#organization","name":"Heart Failure Matters","url":"https:\/\/www.heartfailurematters.org\/de\/","logo":{"@type":"ImageObject","inLanguage":"de","@id":"https:\/\/www.heartfailurematters.org\/de\/#\/schema\/logo\/image\/","url":"https:\/\/cdn-endpoint-hfm.azureedge.net\/heartfailurematters\/2024\/07\/hfm-logo1.jpg","contentUrl":"https:\/\/cdn-endpoint-hfm.azureedge.net\/heartfailurematters\/2024\/07\/hfm-logo1.jpg","width":1280,"height":720,"caption":"Heart Failure Matters"},"image":{"@id":"https:\/\/www.heartfailurematters.org\/de\/#\/schema\/logo\/image\/"},"sameAs":["https:\/\/www.facebook.com\/heartfailurematters"]}]}},"_links":{"self":[{"href":"https:\/\/www.heartfailurematters.org\/de\/wp-json\/wp\/v2\/pages\/1447","targetHints":{"allow":["GET"]}}],"collection":[{"href":"https:\/\/www.heartfailurematters.org\/de\/wp-json\/wp\/v2\/pages"}],"about":[{"href":"https:\/\/www.heartfailurematters.org\/de\/wp-json\/wp\/v2\/types\/page"}],"author":[{"embeddable":true,"href":"https:\/\/www.heartfailurematters.org\/de\/wp-json\/wp\/v2\/users\/1"}],"replies":[{"embeddable":true,"href":"https:\/\/www.heartfailurematters.org\/de\/wp-json\/wp\/v2\/comments?post=1447"}],"version-history":[{"count":0,"href":"https:\/\/www.heartfailurematters.org\/de\/wp-json\/wp\/v2\/pages\/1447\/revisions"}],"up":[{"embeddable":true,"href":"https:\/\/www.heartfailurematters.org\/de\/wp-json\/wp\/v2\/pages\/2842"}],"wp:featuredmedia":[{"embeddable":true,"href":"https:\/\/www.heartfailurematters.org\/de\/wp-json\/wp\/v2\/media\/11169"}],"wp:attachment":[{"href":"https:\/\/www.heartfailurematters.org\/de\/wp-json\/wp\/v2\/media?parent=1447"}],"wp:term":[{"taxonomy":"category","embeddable":true,"href":"https:\/\/www.heartfailurematters.org\/de\/wp-json\/wp\/v2\/categories?post=1447"},{"taxonomy":"post_tag","embeddable":true,"href":"https:\/\/www.heartfailurematters.org\/de\/wp-json\/wp\/v2\/tags?post=1447"}],"curies":[{"name":"wp","href":"https:\/\/api.w.org\/{rel}","templated":true}]}}