{"id":1446,"date":"2021-01-27T22:00:32","date_gmt":"2021-01-27T22:00:32","guid":{"rendered":"http:\/\/heartfailurematters.local:8888\/wie-passen-sich-ihr-herz-und-ihr-koerper-an-eine-herzinsuffizienz-an\/"},"modified":"2021-08-09T12:18:53","modified_gmt":"2021-08-09T11:18:53","slug":"wie-passen-sich-ihr-herz-und-ihr-koerper-an-eine-herzinsuffizienz-an","status":"publish","type":"page","link":"https:\/\/www.heartfailurematters.org\/de\/herzinsuffizienz-verstehen\/wie-passen-sich-ihr-herz-und-ihr-koerper-an-eine-herzinsuffizienz-an\/","title":{"rendered":"Wie passen sich Ihr Herz und Ihr K\u00f6rper an eine Herzinsuffizienz an?"},"content":{"rendered":"<p>Bei Vorliegen einer Herzinsuffizienz wird sich Ihr K\u00f6rper anzupassen versuchen, um den K\u00f6rper weiter mit der ben\u00f6tigten Menge Blut zu versorgen. Dieser Mechanismus wird als Kompensation bezeichnet.<\/p>\n<p>Ihr Herz wird:<\/p>\n<ul>\n<li>die Zahl der Schl\u00e4ge erh\u00f6hen (Tachykardie), um mehr Blut durch den K\u00f6rper zu pumpen<\/li>\n<li>an Gr\u00f6\u00dfe zunehmen (Dilatation) weil durch die Volumenzunahme das Fassungsverm\u00f6gen f\u00fcr das durchzupumpende Blut erh\u00f6rt wird;<\/li>\n<li>einen st\u00e4rkeren, dickeren Herzmuskel entwickeln (Hypertrophie), um kr\u00e4ftiger pumpen zu k\u00f6nnen.<\/li>\n<\/ul>\n<p>Ihr K\u00f6rper wird zudem versuchen, die zirkulierende Blutmenge zu erh\u00f6hen und den Blutfluss weg von der Muskulatur hin zum Gehirn und anderen wichtigen Organen umzuleiten.<\/p>\n<p>Obgleich Ihr K\u00f6rper auf diese Weise lange einen Kompensationszustand aufrechterhalten kann, richtet er mit diesen Mechanismen letztlich mehr Schaden an. Da Ihr Herz bereits schwach ist, f\u00fchren die Ver\u00e4nderungen dazu, dass das Organ noch st\u00e4rker gefordert wird. Es kommt zu einer weiteren Schw\u00e4chung.<\/p>\n<p>Zur\u00fcck zu \u201eWas passiert bei einer Herzinsuffizienz?\u201c<\/p>\n","protected":false},"excerpt":{"rendered":"<p>Bei Vorliegen einer Herzinsuffizienz wird sich Ihr K\u00f6rper anzupassen versuchen, um den K\u00f6rper weiter mit der ben\u00f6tigten Menge Blut zu versorgen. Dieser Mechanismus wird als Kompensation bezeichnet. Ihr Herz wird: die Zahl der Schl\u00e4ge erh\u00f6hen (Tachykardie), um mehr Blut durch den K\u00f6rper zu pumpen an Gr\u00f6\u00dfe zunehmen (Dilatation) weil durch die Volumenzunahme das Fassungsverm\u00f6gen f\u00fcr [&hellip;]<\/p>\n","protected":false},"author":1,"featured_media":0,"parent":1371,"menu_order":0,"comment_status":"open","ping_status":"open","template":"","meta":{"_acf_changed":false,"footnotes":""},"categories":[],"tags":[],"class_list":["post-1446","page","type-page","status-publish","hentry"],"acf":[],"yoast_head":"<!-- This site is optimized with the Yoast SEO plugin v24.8.1 - https:\/\/yoast.com\/wordpress\/plugins\/seo\/ -->\n<title>Anpassung von Herz und K\u00f6rper an Herzinsuffizienz<\/title>\n<meta name=\"description\" content=\"Wenn Sie an Herzinsuffizienz leiden, wird sich Ihr K\u00f6rper anpassen, um mit der Blutmenge Schritt zu halten, die Ihr K\u00f6rper ben\u00f6tigt. Dies wird auch als Kompensation bezeichnet. Erfahren Sie mehr\" \/>\n<meta name=\"robots\" content=\"index, follow, max-snippet:-1, max-image-preview:large, max-video-preview:-1\" \/>\n<link rel=\"canonical\" href=\"https:\/\/www.heartfailurematters.org\/de\/herzinsuffizienz-verstehen\/wie-passen-sich-ihr-herz-und-ihr-koerper-an-eine-herzinsuffizienz-an\/\" \/>\n<meta property=\"og:locale\" content=\"de_DE\" \/>\n<meta property=\"og:type\" content=\"article\" \/>\n<meta property=\"og:title\" content=\"Anpassung von Herz und K\u00f6rper an Herzinsuffizienz\" \/>\n<meta property=\"og:description\" content=\"Wenn Sie an Herzinsuffizienz leiden, wird sich Ihr K\u00f6rper anpassen, um mit der Blutmenge Schritt zu halten, die Ihr K\u00f6rper ben\u00f6tigt. Dies wird auch als Kompensation bezeichnet. Erfahren Sie mehr\" \/>\n<meta property=\"og:url\" content=\"https:\/\/www.heartfailurematters.org\/de\/herzinsuffizienz-verstehen\/wie-passen-sich-ihr-herz-und-ihr-koerper-an-eine-herzinsuffizienz-an\/\" \/>\n<meta property=\"og:site_name\" content=\"Heart Failure Matters\" \/>\n<meta property=\"article:publisher\" content=\"https:\/\/www.facebook.com\/heartfailurematters\" \/>\n<meta property=\"article:modified_time\" content=\"2021-08-09T11:18:53+00:00\" \/>\n<meta name=\"twitter:card\" content=\"summary_large_image\" \/>\n<meta name=\"twitter:label1\" content=\"Gesch\u00e4tzte Lesezeit\" \/>\n\t<meta name=\"twitter:data1\" content=\"1\u00a0Minute\" \/>\n<script type=\"application\/ld+json\" class=\"yoast-schema-graph\">{\"@context\":\"https:\/\/schema.org\",\"@graph\":[{\"@type\":\"WebPage\",\"@id\":\"https:\/\/www.heartfailurematters.org\/de\/herzinsuffizienz-verstehen\/wie-passen-sich-ihr-herz-und-ihr-koerper-an-eine-herzinsuffizienz-an\/\",\"url\":\"https:\/\/www.heartfailurematters.org\/de\/herzinsuffizienz-verstehen\/wie-passen-sich-ihr-herz-und-ihr-koerper-an-eine-herzinsuffizienz-an\/\",\"name\":\"Anpassung von Herz und K\u00f6rper an Herzinsuffizienz\",\"isPartOf\":{\"@id\":\"https:\/\/www.heartfailurematters.org\/de\/#website\"},\"datePublished\":\"2021-01-27T22:00:32+00:00\",\"dateModified\":\"2021-08-09T11:18:53+00:00\",\"description\":\"Wenn Sie an Herzinsuffizienz leiden, wird sich Ihr K\u00f6rper anpassen, um mit der Blutmenge Schritt zu halten, die Ihr K\u00f6rper ben\u00f6tigt. Dies wird auch als Kompensation bezeichnet. Erfahren Sie mehr\",\"breadcrumb\":{\"@id\":\"https:\/\/www.heartfailurematters.org\/de\/herzinsuffizienz-verstehen\/wie-passen-sich-ihr-herz-und-ihr-koerper-an-eine-herzinsuffizienz-an\/#breadcrumb\"},\"inLanguage\":\"de\",\"potentialAction\":[{\"@type\":\"ReadAction\",\"target\":[\"https:\/\/www.heartfailurematters.org\/de\/herzinsuffizienz-verstehen\/wie-passen-sich-ihr-herz-und-ihr-koerper-an-eine-herzinsuffizienz-an\/\"]}]},{\"@type\":\"BreadcrumbList\",\"@id\":\"https:\/\/www.heartfailurematters.org\/de\/herzinsuffizienz-verstehen\/wie-passen-sich-ihr-herz-und-ihr-koerper-an-eine-herzinsuffizienz-an\/#breadcrumb\",\"itemListElement\":[{\"@type\":\"ListItem\",\"position\":1,\"name\":\"Startseite\",\"item\":\"https:\/\/www.heartfailurematters.org\/de\/\"},{\"@type\":\"ListItem\",\"position\":2,\"name\":\"Herzinsuffizienz verstehen\",\"item\":\"https:\/\/www.heartfailurematters.org\/de\/herzinsuffizienz-verstehen\/\"},{\"@type\":\"ListItem\",\"position\":3,\"name\":\"Wie passen sich Ihr Herz und Ihr K\u00f6rper an eine Herzinsuffizienz an?\"}]},{\"@type\":\"WebSite\",\"@id\":\"https:\/\/www.heartfailurematters.org\/de\/#website\",\"url\":\"https:\/\/www.heartfailurematters.org\/de\/\",\"name\":\"Heart Failure Matters\",\"description\":\"Practical information for patients, families and caregivers.\",\"publisher\":{\"@id\":\"https:\/\/www.heartfailurematters.org\/de\/#organization\"},\"potentialAction\":[{\"@type\":\"SearchAction\",\"target\":{\"@type\":\"EntryPoint\",\"urlTemplate\":\"https:\/\/www.heartfailurematters.org\/de\/?s={search_term_string}\"},\"query-input\":{\"@type\":\"PropertyValueSpecification\",\"valueRequired\":true,\"valueName\":\"search_term_string\"}}],\"inLanguage\":\"de\"},{\"@type\":\"Organization\",\"@id\":\"https:\/\/www.heartfailurematters.org\/de\/#organization\",\"name\":\"Heart Failure Matters\",\"url\":\"https:\/\/www.heartfailurematters.org\/de\/\",\"logo\":{\"@type\":\"ImageObject\",\"inLanguage\":\"de\",\"@id\":\"https:\/\/www.heartfailurematters.org\/de\/#\/schema\/logo\/image\/\",\"url\":\"https:\/\/cdn-endpoint-hfm.azureedge.net\/heartfailurematters\/2024\/07\/hfm-logo1.jpg\",\"contentUrl\":\"https:\/\/cdn-endpoint-hfm.azureedge.net\/heartfailurematters\/2024\/07\/hfm-logo1.jpg\",\"width\":1280,\"height\":720,\"caption\":\"Heart Failure Matters\"},\"image\":{\"@id\":\"https:\/\/www.heartfailurematters.org\/de\/#\/schema\/logo\/image\/\"},\"sameAs\":[\"https:\/\/www.facebook.com\/heartfailurematters\"]}]}<\/script>\n<!-- \/ Yoast SEO plugin. -->","yoast_head_json":{"title":"Anpassung von Herz und K\u00f6rper an Herzinsuffizienz","description":"Wenn Sie an Herzinsuffizienz leiden, wird sich Ihr K\u00f6rper anpassen, um mit der Blutmenge Schritt zu halten, die Ihr K\u00f6rper ben\u00f6tigt. Dies wird auch als Kompensation bezeichnet. Erfahren Sie mehr","robots":{"index":"index","follow":"follow","max-snippet":"max-snippet:-1","max-image-preview":"max-image-preview:large","max-video-preview":"max-video-preview:-1"},"canonical":"https:\/\/www.heartfailurematters.org\/de\/herzinsuffizienz-verstehen\/wie-passen-sich-ihr-herz-und-ihr-koerper-an-eine-herzinsuffizienz-an\/","og_locale":"de_DE","og_type":"article","og_title":"Anpassung von Herz und K\u00f6rper an Herzinsuffizienz","og_description":"Wenn Sie an Herzinsuffizienz leiden, wird sich Ihr K\u00f6rper anpassen, um mit der Blutmenge Schritt zu halten, die Ihr K\u00f6rper ben\u00f6tigt. Dies wird auch als Kompensation bezeichnet. Erfahren Sie mehr","og_url":"https:\/\/www.heartfailurematters.org\/de\/herzinsuffizienz-verstehen\/wie-passen-sich-ihr-herz-und-ihr-koerper-an-eine-herzinsuffizienz-an\/","og_site_name":"Heart Failure Matters","article_publisher":"https:\/\/www.facebook.com\/heartfailurematters","article_modified_time":"2021-08-09T11:18:53+00:00","twitter_card":"summary_large_image","twitter_misc":{"Gesch\u00e4tzte Lesezeit":"1\u00a0Minute"},"schema":{"@context":"https:\/\/schema.org","@graph":[{"@type":"WebPage","@id":"https:\/\/www.heartfailurematters.org\/de\/herzinsuffizienz-verstehen\/wie-passen-sich-ihr-herz-und-ihr-koerper-an-eine-herzinsuffizienz-an\/","url":"https:\/\/www.heartfailurematters.org\/de\/herzinsuffizienz-verstehen\/wie-passen-sich-ihr-herz-und-ihr-koerper-an-eine-herzinsuffizienz-an\/","name":"Anpassung von Herz und K\u00f6rper an Herzinsuffizienz","isPartOf":{"@id":"https:\/\/www.heartfailurematters.org\/de\/#website"},"datePublished":"2021-01-27T22:00:32+00:00","dateModified":"2021-08-09T11:18:53+00:00","description":"Wenn Sie an Herzinsuffizienz leiden, wird sich Ihr K\u00f6rper anpassen, um mit der Blutmenge Schritt zu halten, die Ihr K\u00f6rper ben\u00f6tigt. Dies wird auch als Kompensation bezeichnet. Erfahren Sie mehr","breadcrumb":{"@id":"https:\/\/www.heartfailurematters.org\/de\/herzinsuffizienz-verstehen\/wie-passen-sich-ihr-herz-und-ihr-koerper-an-eine-herzinsuffizienz-an\/#breadcrumb"},"inLanguage":"de","potentialAction":[{"@type":"ReadAction","target":["https:\/\/www.heartfailurematters.org\/de\/herzinsuffizienz-verstehen\/wie-passen-sich-ihr-herz-und-ihr-koerper-an-eine-herzinsuffizienz-an\/"]}]},{"@type":"BreadcrumbList","@id":"https:\/\/www.heartfailurematters.org\/de\/herzinsuffizienz-verstehen\/wie-passen-sich-ihr-herz-und-ihr-koerper-an-eine-herzinsuffizienz-an\/#breadcrumb","itemListElement":[{"@type":"ListItem","position":1,"name":"Startseite","item":"https:\/\/www.heartfailurematters.org\/de\/"},{"@type":"ListItem","position":2,"name":"Herzinsuffizienz verstehen","item":"https:\/\/www.heartfailurematters.org\/de\/herzinsuffizienz-verstehen\/"},{"@type":"ListItem","position":3,"name":"Wie passen sich Ihr Herz und Ihr K\u00f6rper an eine Herzinsuffizienz an?"}]},{"@type":"WebSite","@id":"https:\/\/www.heartfailurematters.org\/de\/#website","url":"https:\/\/www.heartfailurematters.org\/de\/","name":"Heart Failure Matters","description":"Practical information for patients, families and caregivers.","publisher":{"@id":"https:\/\/www.heartfailurematters.org\/de\/#organization"},"potentialAction":[{"@type":"SearchAction","target":{"@type":"EntryPoint","urlTemplate":"https:\/\/www.heartfailurematters.org\/de\/?s={search_term_string}"},"query-input":{"@type":"PropertyValueSpecification","valueRequired":true,"valueName":"search_term_string"}}],"inLanguage":"de"},{"@type":"Organization","@id":"https:\/\/www.heartfailurematters.org\/de\/#organization","name":"Heart Failure Matters","url":"https:\/\/www.heartfailurematters.org\/de\/","logo":{"@type":"ImageObject","inLanguage":"de","@id":"https:\/\/www.heartfailurematters.org\/de\/#\/schema\/logo\/image\/","url":"https:\/\/cdn-endpoint-hfm.azureedge.net\/heartfailurematters\/2024\/07\/hfm-logo1.jpg","contentUrl":"https:\/\/cdn-endpoint-hfm.azureedge.net\/heartfailurematters\/2024\/07\/hfm-logo1.jpg","width":1280,"height":720,"caption":"Heart Failure Matters"},"image":{"@id":"https:\/\/www.heartfailurematters.org\/de\/#\/schema\/logo\/image\/"},"sameAs":["https:\/\/www.facebook.com\/heartfailurematters"]}]}},"_links":{"self":[{"href":"https:\/\/www.heartfailurematters.org\/de\/wp-json\/wp\/v2\/pages\/1446","targetHints":{"allow":["GET"]}}],"collection":[{"href":"https:\/\/www.heartfailurematters.org\/de\/wp-json\/wp\/v2\/pages"}],"about":[{"href":"https:\/\/www.heartfailurematters.org\/de\/wp-json\/wp\/v2\/types\/page"}],"author":[{"embeddable":true,"href":"https:\/\/www.heartfailurematters.org\/de\/wp-json\/wp\/v2\/users\/1"}],"replies":[{"embeddable":true,"href":"https:\/\/www.heartfailurematters.org\/de\/wp-json\/wp\/v2\/comments?post=1446"}],"version-history":[{"count":1,"href":"https:\/\/www.heartfailurematters.org\/de\/wp-json\/wp\/v2\/pages\/1446\/revisions"}],"predecessor-version":[{"id":9714,"href":"https:\/\/www.heartfailurematters.org\/de\/wp-json\/wp\/v2\/pages\/1446\/revisions\/9714"}],"up":[{"embeddable":true,"href":"https:\/\/www.heartfailurematters.org\/de\/wp-json\/wp\/v2\/pages\/1371"}],"wp:attachment":[{"href":"https:\/\/www.heartfailurematters.org\/de\/wp-json\/wp\/v2\/media?parent=1446"}],"wp:term":[{"taxonomy":"category","embeddable":true,"href":"https:\/\/www.heartfailurematters.org\/de\/wp-json\/wp\/v2\/categories?post=1446"},{"taxonomy":"post_tag","embeddable":true,"href":"https:\/\/www.heartfailurematters.org\/de\/wp-json\/wp\/v2\/tags?post=1446"}],"curies":[{"name":"wp","href":"https:\/\/api.w.org\/{rel}","templated":true}]}}