{"id":1444,"date":"2021-01-27T22:00:32","date_gmt":"2021-01-27T22:00:32","guid":{"rendered":"http:\/\/heartfailurematters.local:8888\/verzicht-auf-wiederbelebung-anordnung\/"},"modified":"2021-01-27T22:00:32","modified_gmt":"2021-01-27T22:00:32","slug":"verzicht-auf-wiederbelebung-anordnung","status":"publish","type":"page","link":"https:\/\/www.heartfailurematters.org\/de\/leben-mit-herzinsuffizienz\/verzicht-auf-wiederbelebung-anordnung\/","title":{"rendered":"\u201eVerzicht-auf-Wiederbelebung\u201d-Anordnung"},"content":{"rendered":"<p>Eine \u201eVerzicht-auf-Wiederbelebung\u201d<strong>-Anordnung <\/strong><\/a>, nach dem Englischen auch DNR (\u201eDo-not-resuscitate\u201c)-Order genannt, ist ein Dokument, das \u00c4rzte, Pflegepersonal und sonstige medizinischen Notfallhelfer anweist, was diese unterlassen sollten, wenn eine Person einen Atemstillstand hat oder der Herzrhythmus lebensbedrohlich ist. Es kann auch Therapiebegrenzungen enthalten, z.\u00a0B. welche Methoden zur Wiederbelebung vermieden werden sollten. Zu diesen Methoden z\u00e4hlen z. B. die folgenden:<\/p>\n<ul>\n<li><strong>Kardiopulmonale Wiederbelebung (CPR)<\/strong><\/a><br \/>Manuelle Druckmassage und Mund-zu-Mund-Beatmung zur Aufrechterhaltung des Kreislaufs und der Sauerstoffversorgung der Lungen.\n<\/li>\n<li><strong>Defibrillation<\/strong><\/a><br \/>Elektroschockbehandlung des Herzens zur Wiederherstellung eines normalen Herzschlags.\n<\/li>\n<li><strong>K\u00fcnstliche Beatmung (Beatmungsschlauch und \u2013maschine)<\/strong><\/a><br \/>Zur Beatmung einer bewusstlosen Person\n<\/li>\n<li><strong>Medikamente<\/strong><br \/>Die Verabreichung von Medikamenten zur Wiederherstellung einer effektiven Herzrate und Verbesserung der Durchblutung der wichtigsten Organe. Wenn ein medizinisches Implantat eingesetzt wurde, verhindert dies keine Verfahren und Eingriffe und verkompliziert auch keine Behandlung, die nach der DNR-Order als geeignet erscheint.<\/li>\n<\/ul>\n<p>Die Entscheidung eine schriftliche DNR-Order aufzusetzen, muss von Ihnen oder Ihrer Familie in R\u00fccksprache mit Ihrem Arzt ausgehen.<\/p>\n<p>Zur\u00fcck zu \u201ePlanen f\u00fcr das Lebensende\u201c<\/a><\/p>\n","protected":false},"excerpt":{"rendered":"<p>Eine \u201eVerzicht-auf-Wiederbelebung\u201d-Anordnung , nach dem Englischen auch DNR (\u201eDo-not-resuscitate\u201c)-Order genannt, ist ein Dokument, das \u00c4rzte, Pflegepersonal und sonstige medizinischen Notfallhelfer anweist, was diese unterlassen sollten, wenn eine Person einen Atemstillstand hat oder der Herzrhythmus lebensbedrohlich ist. Es kann auch Therapiebegrenzungen enthalten, z.\u00a0B. welche Methoden zur Wiederbelebung vermieden werden sollten. Zu diesen Methoden z\u00e4hlen z. B. [&hellip;]<\/p>\n","protected":false},"author":1,"featured_media":11157,"parent":2813,"menu_order":0,"comment_status":"open","ping_status":"open","template":"","meta":{"_acf_changed":false,"footnotes":""},"categories":[],"tags":[],"class_list":["post-1444","page","type-page","status-publish","has-post-thumbnail","hentry"],"acf":[],"yoast_head":"<!-- This site is optimized with the Yoast SEO plugin v24.8.1 - https:\/\/yoast.com\/wordpress\/plugins\/seo\/ -->\n<title>Was ist eine \u201eVerzicht-auf-Wiederbelebung\u201d-Anordnung?<\/title>\n<meta name=\"description\" content=\"Eine DNR-Anordnung ist ein Dokument, das \u00c4rzten, Pflegepersonal und anderen medizinischen Notfallkr\u00e4ften mitteilt, was sie im Falle von Atemstillstand oder lebensbedrohlichem Herzrhythmus bei Ihnen nicht durchf\u00fchren d\u00fcrfen.\" \/>\n<meta name=\"robots\" content=\"index, follow, max-snippet:-1, max-image-preview:large, max-video-preview:-1\" \/>\n<link rel=\"canonical\" href=\"https:\/\/www.heartfailurematters.org\/de\/leben-mit-herzinsuffizienz\/verzicht-auf-wiederbelebung-anordnung\/\" \/>\n<meta property=\"og:locale\" content=\"de_DE\" \/>\n<meta property=\"og:type\" content=\"article\" \/>\n<meta property=\"og:title\" content=\"Was ist eine \u201eVerzicht-auf-Wiederbelebung\u201d-Anordnung?\" \/>\n<meta property=\"og:description\" content=\"Eine DNR-Anordnung ist ein Dokument, das \u00c4rzten, Pflegepersonal und anderen medizinischen Notfallkr\u00e4ften mitteilt, was sie im Falle von Atemstillstand oder lebensbedrohlichem Herzrhythmus bei Ihnen nicht durchf\u00fchren d\u00fcrfen.\" \/>\n<meta property=\"og:url\" content=\"https:\/\/www.heartfailurematters.org\/de\/leben-mit-herzinsuffizienz\/verzicht-auf-wiederbelebung-anordnung\/\" \/>\n<meta property=\"og:site_name\" content=\"Heart Failure Matters\" \/>\n<meta property=\"article:publisher\" content=\"https:\/\/www.facebook.com\/heartfailurematters\" \/>\n<meta property=\"og:image\" content=\"https:\/\/www.heartfailurematters.org\/wp-content\/uploads\/2022\/03\/shutterstock_1544093657-1-min.jpg\" \/>\n\t<meta property=\"og:image:width\" content=\"900\" \/>\n\t<meta property=\"og:image:height\" content=\"600\" \/>\n\t<meta property=\"og:image:type\" content=\"image\/jpeg\" \/>\n<meta name=\"twitter:card\" content=\"summary_large_image\" \/>\n<meta name=\"twitter:label1\" content=\"Gesch\u00e4tzte Lesezeit\" \/>\n\t<meta name=\"twitter:data1\" content=\"1\u00a0Minute\" \/>\n<script type=\"application\/ld+json\" class=\"yoast-schema-graph\">{\"@context\":\"https:\/\/schema.org\",\"@graph\":[{\"@type\":\"WebPage\",\"@id\":\"https:\/\/www.heartfailurematters.org\/de\/leben-mit-herzinsuffizienz\/verzicht-auf-wiederbelebung-anordnung\/\",\"url\":\"https:\/\/www.heartfailurematters.org\/de\/leben-mit-herzinsuffizienz\/verzicht-auf-wiederbelebung-anordnung\/\",\"name\":\"Was ist eine \u201eVerzicht-auf-Wiederbelebung\u201d-Anordnung?\",\"isPartOf\":{\"@id\":\"https:\/\/www.heartfailurematters.org\/de\/#website\"},\"primaryImageOfPage\":{\"@id\":\"https:\/\/www.heartfailurematters.org\/de\/leben-mit-herzinsuffizienz\/verzicht-auf-wiederbelebung-anordnung\/#primaryimage\"},\"image\":{\"@id\":\"https:\/\/www.heartfailurematters.org\/de\/leben-mit-herzinsuffizienz\/verzicht-auf-wiederbelebung-anordnung\/#primaryimage\"},\"thumbnailUrl\":\"https:\/\/www.heartfailurematters.org\/wp-content\/uploads\/2022\/03\/shutterstock_1544093657-1-min.jpg\",\"datePublished\":\"2021-01-27T22:00:32+00:00\",\"description\":\"Eine DNR-Anordnung ist ein Dokument, das \u00c4rzten, Pflegepersonal und anderen medizinischen Notfallkr\u00e4ften mitteilt, was sie im Falle von Atemstillstand oder lebensbedrohlichem Herzrhythmus bei Ihnen nicht durchf\u00fchren d\u00fcrfen.\",\"breadcrumb\":{\"@id\":\"https:\/\/www.heartfailurematters.org\/de\/leben-mit-herzinsuffizienz\/verzicht-auf-wiederbelebung-anordnung\/#breadcrumb\"},\"inLanguage\":\"de\",\"potentialAction\":[{\"@type\":\"ReadAction\",\"target\":[\"https:\/\/www.heartfailurematters.org\/de\/leben-mit-herzinsuffizienz\/verzicht-auf-wiederbelebung-anordnung\/\"]}]},{\"@type\":\"ImageObject\",\"inLanguage\":\"de\",\"@id\":\"https:\/\/www.heartfailurematters.org\/de\/leben-mit-herzinsuffizienz\/verzicht-auf-wiederbelebung-anordnung\/#primaryimage\",\"url\":\"https:\/\/www.heartfailurematters.org\/wp-content\/uploads\/2022\/03\/shutterstock_1544093657-1-min.jpg\",\"contentUrl\":\"https:\/\/www.heartfailurematters.org\/wp-content\/uploads\/2022\/03\/shutterstock_1544093657-1-min.jpg\",\"width\":900,\"height\":600},{\"@type\":\"BreadcrumbList\",\"@id\":\"https:\/\/www.heartfailurematters.org\/de\/leben-mit-herzinsuffizienz\/verzicht-auf-wiederbelebung-anordnung\/#breadcrumb\",\"itemListElement\":[{\"@type\":\"ListItem\",\"position\":1,\"name\":\"Startseite\",\"item\":\"https:\/\/www.heartfailurematters.org\/de\/\"},{\"@type\":\"ListItem\",\"position\":2,\"name\":\"Leben mit Herzinsuffizienz\",\"item\":\"https:\/\/www.heartfailurematters.org\/de\/leben-mit-herzinsuffizienz\/\"},{\"@type\":\"ListItem\",\"position\":3,\"name\":\"\u201eVerzicht-auf-Wiederbelebung\u201d-Anordnung\"}]},{\"@type\":\"WebSite\",\"@id\":\"https:\/\/www.heartfailurematters.org\/de\/#website\",\"url\":\"https:\/\/www.heartfailurematters.org\/de\/\",\"name\":\"Heart Failure Matters\",\"description\":\"Practical information for patients, families and caregivers.\",\"publisher\":{\"@id\":\"https:\/\/www.heartfailurematters.org\/de\/#organization\"},\"potentialAction\":[{\"@type\":\"SearchAction\",\"target\":{\"@type\":\"EntryPoint\",\"urlTemplate\":\"https:\/\/www.heartfailurematters.org\/de\/?s={search_term_string}\"},\"query-input\":{\"@type\":\"PropertyValueSpecification\",\"valueRequired\":true,\"valueName\":\"search_term_string\"}}],\"inLanguage\":\"de\"},{\"@type\":\"Organization\",\"@id\":\"https:\/\/www.heartfailurematters.org\/de\/#organization\",\"name\":\"Heart Failure Matters\",\"url\":\"https:\/\/www.heartfailurematters.org\/de\/\",\"logo\":{\"@type\":\"ImageObject\",\"inLanguage\":\"de\",\"@id\":\"https:\/\/www.heartfailurematters.org\/de\/#\/schema\/logo\/image\/\",\"url\":\"https:\/\/cdn-endpoint-hfm.azureedge.net\/heartfailurematters\/2024\/07\/hfm-logo1.jpg\",\"contentUrl\":\"https:\/\/cdn-endpoint-hfm.azureedge.net\/heartfailurematters\/2024\/07\/hfm-logo1.jpg\",\"width\":1280,\"height\":720,\"caption\":\"Heart Failure Matters\"},\"image\":{\"@id\":\"https:\/\/www.heartfailurematters.org\/de\/#\/schema\/logo\/image\/\"},\"sameAs\":[\"https:\/\/www.facebook.com\/heartfailurematters\"]}]}<\/script>\n<!-- \/ Yoast SEO plugin. -->","yoast_head_json":{"title":"Was ist eine \u201eVerzicht-auf-Wiederbelebung\u201d-Anordnung?","description":"Eine DNR-Anordnung ist ein Dokument, das \u00c4rzten, Pflegepersonal und anderen medizinischen Notfallkr\u00e4ften mitteilt, was sie im Falle von Atemstillstand oder lebensbedrohlichem Herzrhythmus bei Ihnen nicht durchf\u00fchren d\u00fcrfen.","robots":{"index":"index","follow":"follow","max-snippet":"max-snippet:-1","max-image-preview":"max-image-preview:large","max-video-preview":"max-video-preview:-1"},"canonical":"https:\/\/www.heartfailurematters.org\/de\/leben-mit-herzinsuffizienz\/verzicht-auf-wiederbelebung-anordnung\/","og_locale":"de_DE","og_type":"article","og_title":"Was ist eine \u201eVerzicht-auf-Wiederbelebung\u201d-Anordnung?","og_description":"Eine DNR-Anordnung ist ein Dokument, das \u00c4rzten, Pflegepersonal und anderen medizinischen Notfallkr\u00e4ften mitteilt, was sie im Falle von Atemstillstand oder lebensbedrohlichem Herzrhythmus bei Ihnen nicht durchf\u00fchren d\u00fcrfen.","og_url":"https:\/\/www.heartfailurematters.org\/de\/leben-mit-herzinsuffizienz\/verzicht-auf-wiederbelebung-anordnung\/","og_site_name":"Heart Failure Matters","article_publisher":"https:\/\/www.facebook.com\/heartfailurematters","og_image":[{"width":900,"height":600,"url":"https:\/\/www.heartfailurematters.org\/wp-content\/uploads\/2022\/03\/shutterstock_1544093657-1-min.jpg","type":"image\/jpeg"}],"twitter_card":"summary_large_image","twitter_misc":{"Gesch\u00e4tzte Lesezeit":"1\u00a0Minute"},"schema":{"@context":"https:\/\/schema.org","@graph":[{"@type":"WebPage","@id":"https:\/\/www.heartfailurematters.org\/de\/leben-mit-herzinsuffizienz\/verzicht-auf-wiederbelebung-anordnung\/","url":"https:\/\/www.heartfailurematters.org\/de\/leben-mit-herzinsuffizienz\/verzicht-auf-wiederbelebung-anordnung\/","name":"Was ist eine \u201eVerzicht-auf-Wiederbelebung\u201d-Anordnung?","isPartOf":{"@id":"https:\/\/www.heartfailurematters.org\/de\/#website"},"primaryImageOfPage":{"@id":"https:\/\/www.heartfailurematters.org\/de\/leben-mit-herzinsuffizienz\/verzicht-auf-wiederbelebung-anordnung\/#primaryimage"},"image":{"@id":"https:\/\/www.heartfailurematters.org\/de\/leben-mit-herzinsuffizienz\/verzicht-auf-wiederbelebung-anordnung\/#primaryimage"},"thumbnailUrl":"https:\/\/www.heartfailurematters.org\/wp-content\/uploads\/2022\/03\/shutterstock_1544093657-1-min.jpg","datePublished":"2021-01-27T22:00:32+00:00","description":"Eine DNR-Anordnung ist ein Dokument, das \u00c4rzten, Pflegepersonal und anderen medizinischen Notfallkr\u00e4ften mitteilt, was sie im Falle von Atemstillstand oder lebensbedrohlichem Herzrhythmus bei Ihnen nicht durchf\u00fchren d\u00fcrfen.","breadcrumb":{"@id":"https:\/\/www.heartfailurematters.org\/de\/leben-mit-herzinsuffizienz\/verzicht-auf-wiederbelebung-anordnung\/#breadcrumb"},"inLanguage":"de","potentialAction":[{"@type":"ReadAction","target":["https:\/\/www.heartfailurematters.org\/de\/leben-mit-herzinsuffizienz\/verzicht-auf-wiederbelebung-anordnung\/"]}]},{"@type":"ImageObject","inLanguage":"de","@id":"https:\/\/www.heartfailurematters.org\/de\/leben-mit-herzinsuffizienz\/verzicht-auf-wiederbelebung-anordnung\/#primaryimage","url":"https:\/\/www.heartfailurematters.org\/wp-content\/uploads\/2022\/03\/shutterstock_1544093657-1-min.jpg","contentUrl":"https:\/\/www.heartfailurematters.org\/wp-content\/uploads\/2022\/03\/shutterstock_1544093657-1-min.jpg","width":900,"height":600},{"@type":"BreadcrumbList","@id":"https:\/\/www.heartfailurematters.org\/de\/leben-mit-herzinsuffizienz\/verzicht-auf-wiederbelebung-anordnung\/#breadcrumb","itemListElement":[{"@type":"ListItem","position":1,"name":"Startseite","item":"https:\/\/www.heartfailurematters.org\/de\/"},{"@type":"ListItem","position":2,"name":"Leben mit Herzinsuffizienz","item":"https:\/\/www.heartfailurematters.org\/de\/leben-mit-herzinsuffizienz\/"},{"@type":"ListItem","position":3,"name":"\u201eVerzicht-auf-Wiederbelebung\u201d-Anordnung"}]},{"@type":"WebSite","@id":"https:\/\/www.heartfailurematters.org\/de\/#website","url":"https:\/\/www.heartfailurematters.org\/de\/","name":"Heart Failure Matters","description":"Practical information for patients, families and caregivers.","publisher":{"@id":"https:\/\/www.heartfailurematters.org\/de\/#organization"},"potentialAction":[{"@type":"SearchAction","target":{"@type":"EntryPoint","urlTemplate":"https:\/\/www.heartfailurematters.org\/de\/?s={search_term_string}"},"query-input":{"@type":"PropertyValueSpecification","valueRequired":true,"valueName":"search_term_string"}}],"inLanguage":"de"},{"@type":"Organization","@id":"https:\/\/www.heartfailurematters.org\/de\/#organization","name":"Heart Failure Matters","url":"https:\/\/www.heartfailurematters.org\/de\/","logo":{"@type":"ImageObject","inLanguage":"de","@id":"https:\/\/www.heartfailurematters.org\/de\/#\/schema\/logo\/image\/","url":"https:\/\/cdn-endpoint-hfm.azureedge.net\/heartfailurematters\/2024\/07\/hfm-logo1.jpg","contentUrl":"https:\/\/cdn-endpoint-hfm.azureedge.net\/heartfailurematters\/2024\/07\/hfm-logo1.jpg","width":1280,"height":720,"caption":"Heart Failure Matters"},"image":{"@id":"https:\/\/www.heartfailurematters.org\/de\/#\/schema\/logo\/image\/"},"sameAs":["https:\/\/www.facebook.com\/heartfailurematters"]}]}},"_links":{"self":[{"href":"https:\/\/www.heartfailurematters.org\/de\/wp-json\/wp\/v2\/pages\/1444","targetHints":{"allow":["GET"]}}],"collection":[{"href":"https:\/\/www.heartfailurematters.org\/de\/wp-json\/wp\/v2\/pages"}],"about":[{"href":"https:\/\/www.heartfailurematters.org\/de\/wp-json\/wp\/v2\/types\/page"}],"author":[{"embeddable":true,"href":"https:\/\/www.heartfailurematters.org\/de\/wp-json\/wp\/v2\/users\/1"}],"replies":[{"embeddable":true,"href":"https:\/\/www.heartfailurematters.org\/de\/wp-json\/wp\/v2\/comments?post=1444"}],"version-history":[{"count":0,"href":"https:\/\/www.heartfailurematters.org\/de\/wp-json\/wp\/v2\/pages\/1444\/revisions"}],"up":[{"embeddable":true,"href":"https:\/\/www.heartfailurematters.org\/de\/wp-json\/wp\/v2\/pages\/2813"}],"wp:featuredmedia":[{"embeddable":true,"href":"https:\/\/www.heartfailurematters.org\/de\/wp-json\/wp\/v2\/media\/11157"}],"wp:attachment":[{"href":"https:\/\/www.heartfailurematters.org\/de\/wp-json\/wp\/v2\/media?parent=1444"}],"wp:term":[{"taxonomy":"category","embeddable":true,"href":"https:\/\/www.heartfailurematters.org\/de\/wp-json\/wp\/v2\/categories?post=1444"},{"taxonomy":"post_tag","embeddable":true,"href":"https:\/\/www.heartfailurematters.org\/de\/wp-json\/wp\/v2\/tags?post=1444"}],"curies":[{"name":"wp","href":"https:\/\/api.w.org\/{rel}","templated":true}]}}