{"id":1441,"date":"2021-01-27T22:00:32","date_gmt":"2021-01-27T22:00:32","guid":{"rendered":"http:\/\/heartfailurematters.local:8888\/mit-herzinsuffizienz-leben\/"},"modified":"2021-01-27T22:00:32","modified_gmt":"2021-01-27T22:00:32","slug":"mit-herzinsuffizienz-leben","status":"publish","type":"page","link":"https:\/\/www.heartfailurematters.org\/de\/leben-mit-herzinsuffizienz\/mit-herzinsuffizienz-leben\/","title":{"rendered":"Mit Herzinsuffizienz leben"},"content":{"rendered":"<p>Obwohl die Herzinsuffizienz gew\u00f6hnlich nicht heilbar ist, gibt es viele praktische M\u00f6glichkeiten, etwas f\u00fcr sich zu tun, um das Leben weiterhin genie\u00dfen zu k\u00f6nnen.<\/p>\n<p>Mit der richtigen Behandlung und Unterst\u00fctzung d\u00fcrfte eine Herzinsuffizienz Sie nicht daran hindern, die meisten Dinge zu tun, die Sie gerne tun m\u00f6chten, solange Sie sich Ihrer eigenen Grenzen bewusst sind. <\/p>\n<p>Ihre zuk\u00fcnftige Gesundheit wird davon abh\u00e4ngen, wie gut Ihr Herz funktioniert und wie gut dieses auf die Behandlung anspricht. Vieles h\u00e4ngt aber auch von Ihnen ab. Wie gut Sie mit Ihrem Arzt oder der Sie betreuenden Pflegekraft zur Behandlung Ihrer Beschwerden zusammenarbeiten und wie gut Sie Ihren Behandlungsplan einhalten, wird f\u00fcr das Behandlungsergebnis entscheidend sein.<\/p>\n<p>In diesem Abschnitt wollen wir auf spezielle Lebensbereiche eingehen, die durch Ihre Herzinsuffizienz beeintr\u00e4chtigt werden k\u00f6nnen und praktische Ma\u00dfnahmen vorschlagen, die Sie im Rahmen der Behandlung Ihrer Erkrankung ergreifen k\u00f6nnen.<\/p>\n<p>F\u00fcr ausf\u00fchrlichere Informationen zur Behandlung Ihrer Herzinsuffizienz schauen Sie sich die Abschnitte \u201eWas kann Ihr Arzt gegen Ihre Herzinsuffizienz tun?\u201c<\/a> und \u201eWas k\u00f6nnen Sie selbst zur Behandlung Ihrer Herzinsuffizienz beitragen?\u201c  an<\/a><\/p>\n","protected":false},"excerpt":{"rendered":"<p>Obwohl die Herzinsuffizienz gew\u00f6hnlich nicht heilbar ist, gibt es viele praktische M\u00f6glichkeiten, etwas f\u00fcr sich zu tun, um das Leben weiterhin genie\u00dfen zu k\u00f6nnen. Mit der richtigen Behandlung und Unterst\u00fctzung d\u00fcrfte eine Herzinsuffizienz Sie nicht daran hindern, die meisten Dinge zu tun, die Sie gerne tun m\u00f6chten, solange Sie sich Ihrer eigenen Grenzen bewusst sind. [&hellip;]<\/p>\n","protected":false},"author":1,"featured_media":10596,"parent":2813,"menu_order":1,"comment_status":"open","ping_status":"closed","template":"","meta":{"_acf_changed":false,"footnotes":""},"categories":[101],"tags":[],"class_list":["post-1441","page","type-page","status-publish","has-post-thumbnail","hentry","category-living-with-heart-failure-de"],"acf":[],"yoast_head":"<!-- This site is optimized with the Yoast SEO plugin v24.8.1 - https:\/\/yoast.com\/wordpress\/plugins\/seo\/ -->\n<title>Mit Herzinsuffizienz leben<\/title>\n<meta name=\"description\" content=\"Obwohl Herzinsuffizienz in der Regel nicht geheilt werden kann, gibt es viele praktische Dinge, die Sie tun k\u00f6nnen, um gut auf sich selbst zu achten, damit Sie das Leben weiterhin genie\u00dfen k\u00f6nnen.\" \/>\n<meta name=\"robots\" content=\"index, follow, max-snippet:-1, max-image-preview:large, max-video-preview:-1\" \/>\n<link rel=\"canonical\" href=\"https:\/\/www.heartfailurematters.org\/de\/leben-mit-herzinsuffizienz\/mit-herzinsuffizienz-leben\/\" \/>\n<meta property=\"og:locale\" content=\"de_DE\" \/>\n<meta property=\"og:type\" content=\"article\" \/>\n<meta property=\"og:title\" content=\"Mit Herzinsuffizienz leben\" \/>\n<meta property=\"og:description\" content=\"Obwohl Herzinsuffizienz in der Regel nicht geheilt werden kann, gibt es viele praktische Dinge, die Sie tun k\u00f6nnen, um gut auf sich selbst zu achten, damit Sie das Leben weiterhin genie\u00dfen k\u00f6nnen.\" \/>\n<meta property=\"og:url\" content=\"https:\/\/www.heartfailurematters.org\/de\/leben-mit-herzinsuffizienz\/mit-herzinsuffizienz-leben\/\" \/>\n<meta property=\"og:site_name\" content=\"Heart Failure Matters\" \/>\n<meta property=\"article:publisher\" content=\"https:\/\/www.facebook.com\/heartfailurematters\" \/>\n<meta property=\"og:image\" content=\"https:\/\/www.heartfailurematters.org\/wp-content\/uploads\/2022\/02\/shutterstock_294962735-1-min.jpg\" \/>\n\t<meta property=\"og:image:width\" content=\"900\" \/>\n\t<meta property=\"og:image:height\" content=\"601\" \/>\n\t<meta property=\"og:image:type\" content=\"image\/jpeg\" \/>\n<meta name=\"twitter:card\" content=\"summary_large_image\" \/>\n<meta name=\"twitter:label1\" content=\"Gesch\u00e4tzte Lesezeit\" \/>\n\t<meta name=\"twitter:data1\" content=\"1\u00a0Minute\" \/>\n<script type=\"application\/ld+json\" class=\"yoast-schema-graph\">{\"@context\":\"https:\/\/schema.org\",\"@graph\":[{\"@type\":\"WebPage\",\"@id\":\"https:\/\/www.heartfailurematters.org\/de\/leben-mit-herzinsuffizienz\/mit-herzinsuffizienz-leben\/\",\"url\":\"https:\/\/www.heartfailurematters.org\/de\/leben-mit-herzinsuffizienz\/mit-herzinsuffizienz-leben\/\",\"name\":\"Mit Herzinsuffizienz leben\",\"isPartOf\":{\"@id\":\"https:\/\/www.heartfailurematters.org\/de\/#website\"},\"primaryImageOfPage\":{\"@id\":\"https:\/\/www.heartfailurematters.org\/de\/leben-mit-herzinsuffizienz\/mit-herzinsuffizienz-leben\/#primaryimage\"},\"image\":{\"@id\":\"https:\/\/www.heartfailurematters.org\/de\/leben-mit-herzinsuffizienz\/mit-herzinsuffizienz-leben\/#primaryimage\"},\"thumbnailUrl\":\"https:\/\/www.heartfailurematters.org\/wp-content\/uploads\/2022\/02\/shutterstock_294962735-1-min.jpg\",\"datePublished\":\"2021-01-27T22:00:32+00:00\",\"description\":\"Obwohl Herzinsuffizienz in der Regel nicht geheilt werden kann, gibt es viele praktische Dinge, die Sie tun k\u00f6nnen, um gut auf sich selbst zu achten, damit Sie das Leben weiterhin genie\u00dfen k\u00f6nnen.\",\"breadcrumb\":{\"@id\":\"https:\/\/www.heartfailurematters.org\/de\/leben-mit-herzinsuffizienz\/mit-herzinsuffizienz-leben\/#breadcrumb\"},\"inLanguage\":\"de\",\"potentialAction\":[{\"@type\":\"ReadAction\",\"target\":[\"https:\/\/www.heartfailurematters.org\/de\/leben-mit-herzinsuffizienz\/mit-herzinsuffizienz-leben\/\"]}]},{\"@type\":\"ImageObject\",\"inLanguage\":\"de\",\"@id\":\"https:\/\/www.heartfailurematters.org\/de\/leben-mit-herzinsuffizienz\/mit-herzinsuffizienz-leben\/#primaryimage\",\"url\":\"https:\/\/www.heartfailurematters.org\/wp-content\/uploads\/2022\/02\/shutterstock_294962735-1-min.jpg\",\"contentUrl\":\"https:\/\/www.heartfailurematters.org\/wp-content\/uploads\/2022\/02\/shutterstock_294962735-1-min.jpg\",\"width\":900,\"height\":601},{\"@type\":\"BreadcrumbList\",\"@id\":\"https:\/\/www.heartfailurematters.org\/de\/leben-mit-herzinsuffizienz\/mit-herzinsuffizienz-leben\/#breadcrumb\",\"itemListElement\":[{\"@type\":\"ListItem\",\"position\":1,\"name\":\"Startseite\",\"item\":\"https:\/\/www.heartfailurematters.org\/de\/\"},{\"@type\":\"ListItem\",\"position\":2,\"name\":\"Leben mit Herzinsuffizienz\",\"item\":\"https:\/\/www.heartfailurematters.org\/de\/leben-mit-herzinsuffizienz\/\"},{\"@type\":\"ListItem\",\"position\":3,\"name\":\"Mit Herzinsuffizienz leben\"}]},{\"@type\":\"WebSite\",\"@id\":\"https:\/\/www.heartfailurematters.org\/de\/#website\",\"url\":\"https:\/\/www.heartfailurematters.org\/de\/\",\"name\":\"Heart Failure Matters\",\"description\":\"Practical information for patients, families and caregivers.\",\"publisher\":{\"@id\":\"https:\/\/www.heartfailurematters.org\/de\/#organization\"},\"potentialAction\":[{\"@type\":\"SearchAction\",\"target\":{\"@type\":\"EntryPoint\",\"urlTemplate\":\"https:\/\/www.heartfailurematters.org\/de\/?s={search_term_string}\"},\"query-input\":{\"@type\":\"PropertyValueSpecification\",\"valueRequired\":true,\"valueName\":\"search_term_string\"}}],\"inLanguage\":\"de\"},{\"@type\":\"Organization\",\"@id\":\"https:\/\/www.heartfailurematters.org\/de\/#organization\",\"name\":\"Heart Failure Matters\",\"url\":\"https:\/\/www.heartfailurematters.org\/de\/\",\"logo\":{\"@type\":\"ImageObject\",\"inLanguage\":\"de\",\"@id\":\"https:\/\/www.heartfailurematters.org\/de\/#\/schema\/logo\/image\/\",\"url\":\"https:\/\/cdn-endpoint-hfm.azureedge.net\/heartfailurematters\/2024\/07\/hfm-logo1.jpg\",\"contentUrl\":\"https:\/\/cdn-endpoint-hfm.azureedge.net\/heartfailurematters\/2024\/07\/hfm-logo1.jpg\",\"width\":1280,\"height\":720,\"caption\":\"Heart Failure Matters\"},\"image\":{\"@id\":\"https:\/\/www.heartfailurematters.org\/de\/#\/schema\/logo\/image\/\"},\"sameAs\":[\"https:\/\/www.facebook.com\/heartfailurematters\"]}]}<\/script>\n<!-- \/ Yoast SEO plugin. -->","yoast_head_json":{"title":"Mit Herzinsuffizienz leben","description":"Obwohl Herzinsuffizienz in der Regel nicht geheilt werden kann, gibt es viele praktische Dinge, die Sie tun k\u00f6nnen, um gut auf sich selbst zu achten, damit Sie das Leben weiterhin genie\u00dfen k\u00f6nnen.","robots":{"index":"index","follow":"follow","max-snippet":"max-snippet:-1","max-image-preview":"max-image-preview:large","max-video-preview":"max-video-preview:-1"},"canonical":"https:\/\/www.heartfailurematters.org\/de\/leben-mit-herzinsuffizienz\/mit-herzinsuffizienz-leben\/","og_locale":"de_DE","og_type":"article","og_title":"Mit Herzinsuffizienz leben","og_description":"Obwohl Herzinsuffizienz in der Regel nicht geheilt werden kann, gibt es viele praktische Dinge, die Sie tun k\u00f6nnen, um gut auf sich selbst zu achten, damit Sie das Leben weiterhin genie\u00dfen k\u00f6nnen.","og_url":"https:\/\/www.heartfailurematters.org\/de\/leben-mit-herzinsuffizienz\/mit-herzinsuffizienz-leben\/","og_site_name":"Heart Failure Matters","article_publisher":"https:\/\/www.facebook.com\/heartfailurematters","og_image":[{"width":900,"height":601,"url":"https:\/\/www.heartfailurematters.org\/wp-content\/uploads\/2022\/02\/shutterstock_294962735-1-min.jpg","type":"image\/jpeg"}],"twitter_card":"summary_large_image","twitter_misc":{"Gesch\u00e4tzte Lesezeit":"1\u00a0Minute"},"schema":{"@context":"https:\/\/schema.org","@graph":[{"@type":"WebPage","@id":"https:\/\/www.heartfailurematters.org\/de\/leben-mit-herzinsuffizienz\/mit-herzinsuffizienz-leben\/","url":"https:\/\/www.heartfailurematters.org\/de\/leben-mit-herzinsuffizienz\/mit-herzinsuffizienz-leben\/","name":"Mit Herzinsuffizienz leben","isPartOf":{"@id":"https:\/\/www.heartfailurematters.org\/de\/#website"},"primaryImageOfPage":{"@id":"https:\/\/www.heartfailurematters.org\/de\/leben-mit-herzinsuffizienz\/mit-herzinsuffizienz-leben\/#primaryimage"},"image":{"@id":"https:\/\/www.heartfailurematters.org\/de\/leben-mit-herzinsuffizienz\/mit-herzinsuffizienz-leben\/#primaryimage"},"thumbnailUrl":"https:\/\/www.heartfailurematters.org\/wp-content\/uploads\/2022\/02\/shutterstock_294962735-1-min.jpg","datePublished":"2021-01-27T22:00:32+00:00","description":"Obwohl Herzinsuffizienz in der Regel nicht geheilt werden kann, gibt es viele praktische Dinge, die Sie tun k\u00f6nnen, um gut auf sich selbst zu achten, damit Sie das Leben weiterhin genie\u00dfen k\u00f6nnen.","breadcrumb":{"@id":"https:\/\/www.heartfailurematters.org\/de\/leben-mit-herzinsuffizienz\/mit-herzinsuffizienz-leben\/#breadcrumb"},"inLanguage":"de","potentialAction":[{"@type":"ReadAction","target":["https:\/\/www.heartfailurematters.org\/de\/leben-mit-herzinsuffizienz\/mit-herzinsuffizienz-leben\/"]}]},{"@type":"ImageObject","inLanguage":"de","@id":"https:\/\/www.heartfailurematters.org\/de\/leben-mit-herzinsuffizienz\/mit-herzinsuffizienz-leben\/#primaryimage","url":"https:\/\/www.heartfailurematters.org\/wp-content\/uploads\/2022\/02\/shutterstock_294962735-1-min.jpg","contentUrl":"https:\/\/www.heartfailurematters.org\/wp-content\/uploads\/2022\/02\/shutterstock_294962735-1-min.jpg","width":900,"height":601},{"@type":"BreadcrumbList","@id":"https:\/\/www.heartfailurematters.org\/de\/leben-mit-herzinsuffizienz\/mit-herzinsuffizienz-leben\/#breadcrumb","itemListElement":[{"@type":"ListItem","position":1,"name":"Startseite","item":"https:\/\/www.heartfailurematters.org\/de\/"},{"@type":"ListItem","position":2,"name":"Leben mit Herzinsuffizienz","item":"https:\/\/www.heartfailurematters.org\/de\/leben-mit-herzinsuffizienz\/"},{"@type":"ListItem","position":3,"name":"Mit Herzinsuffizienz leben"}]},{"@type":"WebSite","@id":"https:\/\/www.heartfailurematters.org\/de\/#website","url":"https:\/\/www.heartfailurematters.org\/de\/","name":"Heart Failure Matters","description":"Practical information for patients, families and caregivers.","publisher":{"@id":"https:\/\/www.heartfailurematters.org\/de\/#organization"},"potentialAction":[{"@type":"SearchAction","target":{"@type":"EntryPoint","urlTemplate":"https:\/\/www.heartfailurematters.org\/de\/?s={search_term_string}"},"query-input":{"@type":"PropertyValueSpecification","valueRequired":true,"valueName":"search_term_string"}}],"inLanguage":"de"},{"@type":"Organization","@id":"https:\/\/www.heartfailurematters.org\/de\/#organization","name":"Heart Failure Matters","url":"https:\/\/www.heartfailurematters.org\/de\/","logo":{"@type":"ImageObject","inLanguage":"de","@id":"https:\/\/www.heartfailurematters.org\/de\/#\/schema\/logo\/image\/","url":"https:\/\/cdn-endpoint-hfm.azureedge.net\/heartfailurematters\/2024\/07\/hfm-logo1.jpg","contentUrl":"https:\/\/cdn-endpoint-hfm.azureedge.net\/heartfailurematters\/2024\/07\/hfm-logo1.jpg","width":1280,"height":720,"caption":"Heart Failure Matters"},"image":{"@id":"https:\/\/www.heartfailurematters.org\/de\/#\/schema\/logo\/image\/"},"sameAs":["https:\/\/www.facebook.com\/heartfailurematters"]}]}},"_links":{"self":[{"href":"https:\/\/www.heartfailurematters.org\/de\/wp-json\/wp\/v2\/pages\/1441","targetHints":{"allow":["GET"]}}],"collection":[{"href":"https:\/\/www.heartfailurematters.org\/de\/wp-json\/wp\/v2\/pages"}],"about":[{"href":"https:\/\/www.heartfailurematters.org\/de\/wp-json\/wp\/v2\/types\/page"}],"author":[{"embeddable":true,"href":"https:\/\/www.heartfailurematters.org\/de\/wp-json\/wp\/v2\/users\/1"}],"replies":[{"embeddable":true,"href":"https:\/\/www.heartfailurematters.org\/de\/wp-json\/wp\/v2\/comments?post=1441"}],"version-history":[{"count":0,"href":"https:\/\/www.heartfailurematters.org\/de\/wp-json\/wp\/v2\/pages\/1441\/revisions"}],"up":[{"embeddable":true,"href":"https:\/\/www.heartfailurematters.org\/de\/wp-json\/wp\/v2\/pages\/2813"}],"wp:featuredmedia":[{"embeddable":true,"href":"https:\/\/www.heartfailurematters.org\/de\/wp-json\/wp\/v2\/media\/10596"}],"wp:attachment":[{"href":"https:\/\/www.heartfailurematters.org\/de\/wp-json\/wp\/v2\/media?parent=1441"}],"wp:term":[{"taxonomy":"category","embeddable":true,"href":"https:\/\/www.heartfailurematters.org\/de\/wp-json\/wp\/v2\/categories?post=1441"},{"taxonomy":"post_tag","embeddable":true,"href":"https:\/\/www.heartfailurematters.org\/de\/wp-json\/wp\/v2\/tags?post=1441"}],"curies":[{"name":"wp","href":"https:\/\/api.w.org\/{rel}","templated":true}]}}