{"id":1440,"date":"2021-01-27T22:00:32","date_gmt":"2021-01-27T22:00:32","guid":{"rendered":"http:\/\/heartfailurematters.local:8888\/verhalten-bei-durchfall\/"},"modified":"2025-12-04T11:24:09","modified_gmt":"2025-12-04T11:24:09","slug":"verhalten-bei-durchfall","status":"publish","type":"page","link":"https:\/\/www.heartfailurematters.org\/de\/leben-mit-herzinsuffizienz\/verhalten-bei-durchfall\/","title":{"rendered":"Umgang mit Durchfall"},"content":{"rendered":"<p>Menschen mit Herzinsuffizienz kontrollieren Ihre Fl\u00fcssigkeitsaufnahme, um die oft bei Herzinsuffizienz auftretenden <a class=\"addtooltip\" title=\"Wenn zu viel Fl\u00fcssigkeit im Blut durch den K\u00f6rper zirkuliert, kommt es zur Stauung und der Druck in den Gef\u00e4\u00dfen steigt. Die Fl\u00fcssigkeit tritt in das umliegende Gewebe aus, wo sie sich ansammelt und zur Bildung eines \u00d6dems f\u00fchrt.\" href=\"https:\/\/www.heartfailurematters.org\/living-with-heart-failure\/coping-with-diarrhoea\/\"><strong title=\"\">Fl\u00fcssigkeitseinlagerungen <\/strong><\/a>zu minimieren. Wenn Sie Durchfall bekommen, kann Ihr K\u00f6rper mehr Fl\u00fcssigkeit als \u00fcblich verlieren und es besteht die Gefahr, dass Sie dehydrieren. In diesem Fall ist es m\u00f6glicherweise erforderlich, dass Sie mehr Fl\u00fcssigkeit als \u00fcblich zu sich nehmen, da eine Dehydrierung die Herzinsuffizienz-Symptome verschlimmern kann. Freiverk\u00e4ufliche Medikamente zur Bek\u00e4mpfung von Durchfall sind in der Regel sicher und wirksam. Weisen Sie in der Apotheke daraufhin, dass sie an einer Herzinsuffizienz leiden und nennen Sie die Medikamente, die sie t\u00e4glich einnehmen. Erbrechen kann zudem Einfluss darauf haben, wie gut Ihre Herzinsuffizienz-Tabletten von Ihrem K\u00f6rper aufgenommen werden und die Symptome verschlimmern. Falls Sie zu viel Fl\u00fcssigkeit verlieren, kann es erforderlich sein, dass Sie einige Ihrer Medikamente, wie zum Beispiel Diuretika f\u00fcr eine Zeitlang absetzen. Besprechen Sie dies mit Ihrem Arzt.<\/p>\n<p><a title=\"\" href=\"https:\/\/www.heartfailurematters.org\/living-with-heart-failure\/travel\/\">Zur\u00fcck zum Reisen <\/a><\/p>\n<p>&nbsp;<\/p>\n","protected":false},"excerpt":{"rendered":"<p>Menschen mit Herzinsuffizienz kontrollieren Ihre Fl\u00fcssigkeitsaufnahme, um die oft bei Herzinsuffizienz auftretenden Fl\u00fcssigkeitseinlagerungen zu minimieren. Wenn Sie Durchfall bekommen, kann Ihr K\u00f6rper mehr Fl\u00fcssigkeit als \u00fcblich verlieren und es besteht die Gefahr, dass Sie dehydrieren. In diesem Fall ist es m\u00f6glicherweise erforderlich, dass Sie mehr Fl\u00fcssigkeit als \u00fcblich zu sich nehmen, da eine Dehydrierung die [&hellip;]<\/p>\n","protected":false},"author":1,"featured_media":11111,"parent":2813,"menu_order":0,"comment_status":"open","ping_status":"open","template":"","meta":{"_acf_changed":false,"footnotes":""},"categories":[],"tags":[],"class_list":["post-1440","page","type-page","status-publish","has-post-thumbnail","hentry"],"acf":[],"yoast_head":"<!-- This site is optimized with the Yoast SEO plugin v24.8.1 - https:\/\/yoast.com\/wordpress\/plugins\/seo\/ -->\n<title>Umgang mit Durchfall bei Herzschw\u00e4che<\/title>\n<meta name=\"description\" content=\"Menschen mit Herzinsuffizienz kontrollieren die Menge an Fl\u00fcssigkeiten, die sie trinken, um Wassereinlagerungen, die h\u00e4ufig auftreten k\u00f6nnen, zu minimieren.\" \/>\n<meta name=\"robots\" content=\"index, follow, max-snippet:-1, max-image-preview:large, max-video-preview:-1\" \/>\n<link rel=\"canonical\" href=\"https:\/\/www.heartfailurematters.org\/de\/leben-mit-herzinsuffizienz\/verhalten-bei-durchfall\/\" \/>\n<meta property=\"og:locale\" content=\"de_DE\" \/>\n<meta property=\"og:type\" content=\"article\" \/>\n<meta property=\"og:title\" content=\"Umgang mit Durchfall bei Herzschw\u00e4che\" \/>\n<meta property=\"og:description\" content=\"Menschen mit Herzinsuffizienz kontrollieren die Menge an Fl\u00fcssigkeiten, die sie trinken, um Wassereinlagerungen, die h\u00e4ufig auftreten k\u00f6nnen, zu minimieren.\" \/>\n<meta property=\"og:url\" content=\"https:\/\/www.heartfailurematters.org\/de\/leben-mit-herzinsuffizienz\/verhalten-bei-durchfall\/\" \/>\n<meta property=\"og:site_name\" content=\"Heart Failure Matters\" \/>\n<meta property=\"article:publisher\" content=\"https:\/\/www.facebook.com\/heartfailurematters\" \/>\n<meta property=\"article:modified_time\" content=\"2025-12-04T11:24:09+00:00\" \/>\n<meta property=\"og:image\" content=\"https:\/\/www.heartfailurematters.org\/wp-content\/uploads\/2022\/03\/shutterstock_1850834386-1-min.jpg\" \/>\n\t<meta property=\"og:image:width\" content=\"900\" \/>\n\t<meta property=\"og:image:height\" content=\"600\" \/>\n\t<meta property=\"og:image:type\" content=\"image\/jpeg\" \/>\n<meta name=\"twitter:card\" content=\"summary_large_image\" \/>\n<meta name=\"twitter:label1\" content=\"Gesch\u00e4tzte Lesezeit\" \/>\n\t<meta name=\"twitter:data1\" content=\"1\u00a0Minute\" \/>\n<script type=\"application\/ld+json\" class=\"yoast-schema-graph\">{\"@context\":\"https:\/\/schema.org\",\"@graph\":[{\"@type\":\"WebPage\",\"@id\":\"https:\/\/www.heartfailurematters.org\/de\/leben-mit-herzinsuffizienz\/verhalten-bei-durchfall\/\",\"url\":\"https:\/\/www.heartfailurematters.org\/de\/leben-mit-herzinsuffizienz\/verhalten-bei-durchfall\/\",\"name\":\"Umgang mit Durchfall bei Herzschw\u00e4che\",\"isPartOf\":{\"@id\":\"https:\/\/www.heartfailurematters.org\/de\/#website\"},\"primaryImageOfPage\":{\"@id\":\"https:\/\/www.heartfailurematters.org\/de\/leben-mit-herzinsuffizienz\/verhalten-bei-durchfall\/#primaryimage\"},\"image\":{\"@id\":\"https:\/\/www.heartfailurematters.org\/de\/leben-mit-herzinsuffizienz\/verhalten-bei-durchfall\/#primaryimage\"},\"thumbnailUrl\":\"https:\/\/www.heartfailurematters.org\/wp-content\/uploads\/2022\/03\/shutterstock_1850834386-1-min.jpg\",\"datePublished\":\"2021-01-27T22:00:32+00:00\",\"dateModified\":\"2025-12-04T11:24:09+00:00\",\"description\":\"Menschen mit Herzinsuffizienz kontrollieren die Menge an Fl\u00fcssigkeiten, die sie trinken, um Wassereinlagerungen, die h\u00e4ufig auftreten k\u00f6nnen, zu minimieren.\",\"breadcrumb\":{\"@id\":\"https:\/\/www.heartfailurematters.org\/de\/leben-mit-herzinsuffizienz\/verhalten-bei-durchfall\/#breadcrumb\"},\"inLanguage\":\"de\",\"potentialAction\":[{\"@type\":\"ReadAction\",\"target\":[\"https:\/\/www.heartfailurematters.org\/de\/leben-mit-herzinsuffizienz\/verhalten-bei-durchfall\/\"]}]},{\"@type\":\"ImageObject\",\"inLanguage\":\"de\",\"@id\":\"https:\/\/www.heartfailurematters.org\/de\/leben-mit-herzinsuffizienz\/verhalten-bei-durchfall\/#primaryimage\",\"url\":\"https:\/\/www.heartfailurematters.org\/wp-content\/uploads\/2022\/03\/shutterstock_1850834386-1-min.jpg\",\"contentUrl\":\"https:\/\/www.heartfailurematters.org\/wp-content\/uploads\/2022\/03\/shutterstock_1850834386-1-min.jpg\",\"width\":900,\"height\":600},{\"@type\":\"BreadcrumbList\",\"@id\":\"https:\/\/www.heartfailurematters.org\/de\/leben-mit-herzinsuffizienz\/verhalten-bei-durchfall\/#breadcrumb\",\"itemListElement\":[{\"@type\":\"ListItem\",\"position\":1,\"name\":\"Startseite\",\"item\":\"https:\/\/www.heartfailurematters.org\/de\/\"},{\"@type\":\"ListItem\",\"position\":2,\"name\":\"Leben mit Herzinsuffizienz\",\"item\":\"https:\/\/www.heartfailurematters.org\/de\/leben-mit-herzinsuffizienz\/\"},{\"@type\":\"ListItem\",\"position\":3,\"name\":\"Umgang mit Durchfall\"}]},{\"@type\":\"WebSite\",\"@id\":\"https:\/\/www.heartfailurematters.org\/de\/#website\",\"url\":\"https:\/\/www.heartfailurematters.org\/de\/\",\"name\":\"Heart Failure Matters\",\"description\":\"Practical information for patients, families and caregivers.\",\"publisher\":{\"@id\":\"https:\/\/www.heartfailurematters.org\/de\/#organization\"},\"potentialAction\":[{\"@type\":\"SearchAction\",\"target\":{\"@type\":\"EntryPoint\",\"urlTemplate\":\"https:\/\/www.heartfailurematters.org\/de\/?s={search_term_string}\"},\"query-input\":{\"@type\":\"PropertyValueSpecification\",\"valueRequired\":true,\"valueName\":\"search_term_string\"}}],\"inLanguage\":\"de\"},{\"@type\":\"Organization\",\"@id\":\"https:\/\/www.heartfailurematters.org\/de\/#organization\",\"name\":\"Heart Failure Matters\",\"url\":\"https:\/\/www.heartfailurematters.org\/de\/\",\"logo\":{\"@type\":\"ImageObject\",\"inLanguage\":\"de\",\"@id\":\"https:\/\/www.heartfailurematters.org\/de\/#\/schema\/logo\/image\/\",\"url\":\"https:\/\/cdn-endpoint-hfm.azureedge.net\/heartfailurematters\/2024\/07\/hfm-logo1.jpg\",\"contentUrl\":\"https:\/\/cdn-endpoint-hfm.azureedge.net\/heartfailurematters\/2024\/07\/hfm-logo1.jpg\",\"width\":1280,\"height\":720,\"caption\":\"Heart Failure Matters\"},\"image\":{\"@id\":\"https:\/\/www.heartfailurematters.org\/de\/#\/schema\/logo\/image\/\"},\"sameAs\":[\"https:\/\/www.facebook.com\/heartfailurematters\"]}]}<\/script>\n<!-- \/ Yoast SEO plugin. -->","yoast_head_json":{"title":"Umgang mit Durchfall bei Herzschw\u00e4che","description":"Menschen mit Herzinsuffizienz kontrollieren die Menge an Fl\u00fcssigkeiten, die sie trinken, um Wassereinlagerungen, die h\u00e4ufig auftreten k\u00f6nnen, zu minimieren.","robots":{"index":"index","follow":"follow","max-snippet":"max-snippet:-1","max-image-preview":"max-image-preview:large","max-video-preview":"max-video-preview:-1"},"canonical":"https:\/\/www.heartfailurematters.org\/de\/leben-mit-herzinsuffizienz\/verhalten-bei-durchfall\/","og_locale":"de_DE","og_type":"article","og_title":"Umgang mit Durchfall bei Herzschw\u00e4che","og_description":"Menschen mit Herzinsuffizienz kontrollieren die Menge an Fl\u00fcssigkeiten, die sie trinken, um Wassereinlagerungen, die h\u00e4ufig auftreten k\u00f6nnen, zu minimieren.","og_url":"https:\/\/www.heartfailurematters.org\/de\/leben-mit-herzinsuffizienz\/verhalten-bei-durchfall\/","og_site_name":"Heart Failure Matters","article_publisher":"https:\/\/www.facebook.com\/heartfailurematters","article_modified_time":"2025-12-04T11:24:09+00:00","og_image":[{"width":900,"height":600,"url":"https:\/\/www.heartfailurematters.org\/wp-content\/uploads\/2022\/03\/shutterstock_1850834386-1-min.jpg","type":"image\/jpeg"}],"twitter_card":"summary_large_image","twitter_misc":{"Gesch\u00e4tzte Lesezeit":"1\u00a0Minute"},"schema":{"@context":"https:\/\/schema.org","@graph":[{"@type":"WebPage","@id":"https:\/\/www.heartfailurematters.org\/de\/leben-mit-herzinsuffizienz\/verhalten-bei-durchfall\/","url":"https:\/\/www.heartfailurematters.org\/de\/leben-mit-herzinsuffizienz\/verhalten-bei-durchfall\/","name":"Umgang mit Durchfall bei Herzschw\u00e4che","isPartOf":{"@id":"https:\/\/www.heartfailurematters.org\/de\/#website"},"primaryImageOfPage":{"@id":"https:\/\/www.heartfailurematters.org\/de\/leben-mit-herzinsuffizienz\/verhalten-bei-durchfall\/#primaryimage"},"image":{"@id":"https:\/\/www.heartfailurematters.org\/de\/leben-mit-herzinsuffizienz\/verhalten-bei-durchfall\/#primaryimage"},"thumbnailUrl":"https:\/\/www.heartfailurematters.org\/wp-content\/uploads\/2022\/03\/shutterstock_1850834386-1-min.jpg","datePublished":"2021-01-27T22:00:32+00:00","dateModified":"2025-12-04T11:24:09+00:00","description":"Menschen mit Herzinsuffizienz kontrollieren die Menge an Fl\u00fcssigkeiten, die sie trinken, um Wassereinlagerungen, die h\u00e4ufig auftreten k\u00f6nnen, zu minimieren.","breadcrumb":{"@id":"https:\/\/www.heartfailurematters.org\/de\/leben-mit-herzinsuffizienz\/verhalten-bei-durchfall\/#breadcrumb"},"inLanguage":"de","potentialAction":[{"@type":"ReadAction","target":["https:\/\/www.heartfailurematters.org\/de\/leben-mit-herzinsuffizienz\/verhalten-bei-durchfall\/"]}]},{"@type":"ImageObject","inLanguage":"de","@id":"https:\/\/www.heartfailurematters.org\/de\/leben-mit-herzinsuffizienz\/verhalten-bei-durchfall\/#primaryimage","url":"https:\/\/www.heartfailurematters.org\/wp-content\/uploads\/2022\/03\/shutterstock_1850834386-1-min.jpg","contentUrl":"https:\/\/www.heartfailurematters.org\/wp-content\/uploads\/2022\/03\/shutterstock_1850834386-1-min.jpg","width":900,"height":600},{"@type":"BreadcrumbList","@id":"https:\/\/www.heartfailurematters.org\/de\/leben-mit-herzinsuffizienz\/verhalten-bei-durchfall\/#breadcrumb","itemListElement":[{"@type":"ListItem","position":1,"name":"Startseite","item":"https:\/\/www.heartfailurematters.org\/de\/"},{"@type":"ListItem","position":2,"name":"Leben mit Herzinsuffizienz","item":"https:\/\/www.heartfailurematters.org\/de\/leben-mit-herzinsuffizienz\/"},{"@type":"ListItem","position":3,"name":"Umgang mit Durchfall"}]},{"@type":"WebSite","@id":"https:\/\/www.heartfailurematters.org\/de\/#website","url":"https:\/\/www.heartfailurematters.org\/de\/","name":"Heart Failure Matters","description":"Practical information for patients, families and caregivers.","publisher":{"@id":"https:\/\/www.heartfailurematters.org\/de\/#organization"},"potentialAction":[{"@type":"SearchAction","target":{"@type":"EntryPoint","urlTemplate":"https:\/\/www.heartfailurematters.org\/de\/?s={search_term_string}"},"query-input":{"@type":"PropertyValueSpecification","valueRequired":true,"valueName":"search_term_string"}}],"inLanguage":"de"},{"@type":"Organization","@id":"https:\/\/www.heartfailurematters.org\/de\/#organization","name":"Heart Failure Matters","url":"https:\/\/www.heartfailurematters.org\/de\/","logo":{"@type":"ImageObject","inLanguage":"de","@id":"https:\/\/www.heartfailurematters.org\/de\/#\/schema\/logo\/image\/","url":"https:\/\/cdn-endpoint-hfm.azureedge.net\/heartfailurematters\/2024\/07\/hfm-logo1.jpg","contentUrl":"https:\/\/cdn-endpoint-hfm.azureedge.net\/heartfailurematters\/2024\/07\/hfm-logo1.jpg","width":1280,"height":720,"caption":"Heart Failure Matters"},"image":{"@id":"https:\/\/www.heartfailurematters.org\/de\/#\/schema\/logo\/image\/"},"sameAs":["https:\/\/www.facebook.com\/heartfailurematters"]}]}},"_links":{"self":[{"href":"https:\/\/www.heartfailurematters.org\/de\/wp-json\/wp\/v2\/pages\/1440","targetHints":{"allow":["GET"]}}],"collection":[{"href":"https:\/\/www.heartfailurematters.org\/de\/wp-json\/wp\/v2\/pages"}],"about":[{"href":"https:\/\/www.heartfailurematters.org\/de\/wp-json\/wp\/v2\/types\/page"}],"author":[{"embeddable":true,"href":"https:\/\/www.heartfailurematters.org\/de\/wp-json\/wp\/v2\/users\/1"}],"replies":[{"embeddable":true,"href":"https:\/\/www.heartfailurematters.org\/de\/wp-json\/wp\/v2\/comments?post=1440"}],"version-history":[{"count":2,"href":"https:\/\/www.heartfailurematters.org\/de\/wp-json\/wp\/v2\/pages\/1440\/revisions"}],"predecessor-version":[{"id":13628,"href":"https:\/\/www.heartfailurematters.org\/de\/wp-json\/wp\/v2\/pages\/1440\/revisions\/13628"}],"up":[{"embeddable":true,"href":"https:\/\/www.heartfailurematters.org\/de\/wp-json\/wp\/v2\/pages\/2813"}],"wp:featuredmedia":[{"embeddable":true,"href":"https:\/\/www.heartfailurematters.org\/de\/wp-json\/wp\/v2\/media\/11111"}],"wp:attachment":[{"href":"https:\/\/www.heartfailurematters.org\/de\/wp-json\/wp\/v2\/media?parent=1440"}],"wp:term":[{"taxonomy":"category","embeddable":true,"href":"https:\/\/www.heartfailurematters.org\/de\/wp-json\/wp\/v2\/categories?post=1440"},{"taxonomy":"post_tag","embeddable":true,"href":"https:\/\/www.heartfailurematters.org\/de\/wp-json\/wp\/v2\/tags?post=1440"}],"curies":[{"name":"wp","href":"https:\/\/api.w.org\/{rel}","templated":true}]}}