{"id":1436,"date":"2021-01-27T22:00:32","date_gmt":"2021-01-27T22:00:32","guid":{"rendered":"http:\/\/heartfailurematters.local:8888\/autofahren\/"},"modified":"2021-01-27T22:00:32","modified_gmt":"2021-01-27T22:00:32","slug":"autofahren","status":"publish","type":"page","link":"https:\/\/www.heartfailurematters.org\/de\/leben-mit-herzinsuffizienz\/autofahren\/","title":{"rendered":"Autofahren"},"content":{"rendered":"<p>Die meisten Menschen mit Herzinsuffizienz k\u00f6nnen ohne Bedenken ein Fahrzeug steuern. Menschen mit vorbekannten Bewusstseinsverlusten oder Ohnmachtsanf\u00e4llen aufgrund einer Herzrhythmusst\u00f6rung (Arrhythmie<\/strong><\/a>) sollten mit Ihrem Arzt besprechen, ob Sie fahrt\u00fcchtig sind.<\/p>\n<p>Bei Menschen, die von Berufs wegen Auto fahren, wird wahrscheinlich ein regelm\u00e4\u00dfiger Herz-Check durchgef\u00fchrt werden m\u00fcssen. In manchen L\u00e4ndern kann die Erkrankung zu einem Fahrverbot f\u00fchren. Wenn Sie einen Schwerlaster oder ein Fahrzeug zur Bef\u00f6rderung von Personen im \u00f6ffentlichen Verkehr steuern, sollten Sie Ihren Arzt bitten, die neuesten Informationen von Ihrer nationalen Kraftfahrzeugstelle einzuholen, um die Regelungen im Hinblick auf eine chronische Herzinsuffizienz in Erfahrung zu bringen.<\/p>\n<p>Das Einsetzen eines Herzschrittmachers hat keinen Einfluss auf Ihre Fahrerlaubnis. <\/p>\n<\/p>\n<p> Es gibt nationale Einschr\u00e4nkungen f\u00fcr das Fahren nach der Implantation eines Herzschrittmachers\/Defibrillators, die Sie beachten m\u00fcssen, daher sollten Sie dieses Problem mit Ihrem Arzt besprechen.<\/p>\n","protected":false},"excerpt":{"rendered":"<p>Die meisten Menschen mit Herzinsuffizienz k\u00f6nnen ohne Bedenken ein Fahrzeug steuern. Menschen mit vorbekannten Bewusstseinsverlusten oder Ohnmachtsanf\u00e4llen aufgrund einer Herzrhythmusst\u00f6rung (Arrhythmie) sollten mit Ihrem Arzt besprechen, ob Sie fahrt\u00fcchtig sind. Bei Menschen, die von Berufs wegen Auto fahren, wird wahrscheinlich ein regelm\u00e4\u00dfiger Herz-Check durchgef\u00fchrt werden m\u00fcssen. In manchen L\u00e4ndern kann die Erkrankung zu einem Fahrverbot [&hellip;]<\/p>\n","protected":false},"author":1,"featured_media":0,"parent":2813,"menu_order":0,"comment_status":"open","ping_status":"open","template":"","meta":{"_acf_changed":false,"footnotes":""},"categories":[],"tags":[],"class_list":["post-1436","page","type-page","status-publish","hentry"],"acf":[],"yoast_head":"<!-- This site is optimized with the Yoast SEO plugin v24.8.1 - https:\/\/yoast.com\/wordpress\/plugins\/seo\/ -->\n<title>Autofahren<\/title>\n<meta name=\"description\" content=\"Wenn Sie eine Herzinsuffizienz haben, fragen Sie sich vielleicht, ob Sie noch Auto fahren k\u00f6nnen. Generell k\u00f6nnen die meisten Patienten Auto fahren \u2013 es gibt jedoch Ausnahmen\" \/>\n<meta name=\"robots\" content=\"index, follow, max-snippet:-1, max-image-preview:large, max-video-preview:-1\" \/>\n<link rel=\"canonical\" href=\"https:\/\/www.heartfailurematters.org\/de\/leben-mit-herzinsuffizienz\/autofahren\/\" \/>\n<meta property=\"og:locale\" content=\"de_DE\" \/>\n<meta property=\"og:type\" content=\"article\" \/>\n<meta property=\"og:title\" content=\"Autofahren\" \/>\n<meta property=\"og:description\" content=\"Wenn Sie eine Herzinsuffizienz haben, fragen Sie sich vielleicht, ob Sie noch Auto fahren k\u00f6nnen. Generell k\u00f6nnen die meisten Patienten Auto fahren \u2013 es gibt jedoch Ausnahmen\" \/>\n<meta property=\"og:url\" content=\"https:\/\/www.heartfailurematters.org\/de\/leben-mit-herzinsuffizienz\/autofahren\/\" \/>\n<meta property=\"og:site_name\" content=\"Heart Failure Matters\" \/>\n<meta property=\"article:publisher\" content=\"https:\/\/www.facebook.com\/heartfailurematters\" \/>\n<meta name=\"twitter:card\" content=\"summary_large_image\" \/>\n<meta name=\"twitter:label1\" content=\"Gesch\u00e4tzte Lesezeit\" \/>\n\t<meta name=\"twitter:data1\" content=\"1\u00a0Minute\" \/>\n<script type=\"application\/ld+json\" class=\"yoast-schema-graph\">{\"@context\":\"https:\/\/schema.org\",\"@graph\":[{\"@type\":\"WebPage\",\"@id\":\"https:\/\/www.heartfailurematters.org\/de\/leben-mit-herzinsuffizienz\/autofahren\/\",\"url\":\"https:\/\/www.heartfailurematters.org\/de\/leben-mit-herzinsuffizienz\/autofahren\/\",\"name\":\"Autofahren\",\"isPartOf\":{\"@id\":\"https:\/\/www.heartfailurematters.org\/de\/#website\"},\"datePublished\":\"2021-01-27T22:00:32+00:00\",\"description\":\"Wenn Sie eine Herzinsuffizienz haben, fragen Sie sich vielleicht, ob Sie noch Auto fahren k\u00f6nnen. Generell k\u00f6nnen die meisten Patienten Auto fahren \u2013 es gibt jedoch Ausnahmen\",\"breadcrumb\":{\"@id\":\"https:\/\/www.heartfailurematters.org\/de\/leben-mit-herzinsuffizienz\/autofahren\/#breadcrumb\"},\"inLanguage\":\"de\",\"potentialAction\":[{\"@type\":\"ReadAction\",\"target\":[\"https:\/\/www.heartfailurematters.org\/de\/leben-mit-herzinsuffizienz\/autofahren\/\"]}]},{\"@type\":\"BreadcrumbList\",\"@id\":\"https:\/\/www.heartfailurematters.org\/de\/leben-mit-herzinsuffizienz\/autofahren\/#breadcrumb\",\"itemListElement\":[{\"@type\":\"ListItem\",\"position\":1,\"name\":\"Startseite\",\"item\":\"https:\/\/www.heartfailurematters.org\/de\/\"},{\"@type\":\"ListItem\",\"position\":2,\"name\":\"Leben mit Herzinsuffizienz\",\"item\":\"https:\/\/www.heartfailurematters.org\/de\/leben-mit-herzinsuffizienz\/\"},{\"@type\":\"ListItem\",\"position\":3,\"name\":\"Autofahren\"}]},{\"@type\":\"WebSite\",\"@id\":\"https:\/\/www.heartfailurematters.org\/de\/#website\",\"url\":\"https:\/\/www.heartfailurematters.org\/de\/\",\"name\":\"Heart Failure Matters\",\"description\":\"Practical information for patients, families and caregivers.\",\"publisher\":{\"@id\":\"https:\/\/www.heartfailurematters.org\/de\/#organization\"},\"potentialAction\":[{\"@type\":\"SearchAction\",\"target\":{\"@type\":\"EntryPoint\",\"urlTemplate\":\"https:\/\/www.heartfailurematters.org\/de\/?s={search_term_string}\"},\"query-input\":{\"@type\":\"PropertyValueSpecification\",\"valueRequired\":true,\"valueName\":\"search_term_string\"}}],\"inLanguage\":\"de\"},{\"@type\":\"Organization\",\"@id\":\"https:\/\/www.heartfailurematters.org\/de\/#organization\",\"name\":\"Heart Failure Matters\",\"url\":\"https:\/\/www.heartfailurematters.org\/de\/\",\"logo\":{\"@type\":\"ImageObject\",\"inLanguage\":\"de\",\"@id\":\"https:\/\/www.heartfailurematters.org\/de\/#\/schema\/logo\/image\/\",\"url\":\"https:\/\/cdn-endpoint-hfm.azureedge.net\/heartfailurematters\/2024\/07\/hfm-logo1.jpg\",\"contentUrl\":\"https:\/\/cdn-endpoint-hfm.azureedge.net\/heartfailurematters\/2024\/07\/hfm-logo1.jpg\",\"width\":1280,\"height\":720,\"caption\":\"Heart Failure Matters\"},\"image\":{\"@id\":\"https:\/\/www.heartfailurematters.org\/de\/#\/schema\/logo\/image\/\"},\"sameAs\":[\"https:\/\/www.facebook.com\/heartfailurematters\"]}]}<\/script>\n<!-- \/ Yoast SEO plugin. -->","yoast_head_json":{"title":"Autofahren","description":"Wenn Sie eine Herzinsuffizienz haben, fragen Sie sich vielleicht, ob Sie noch Auto fahren k\u00f6nnen. Generell k\u00f6nnen die meisten Patienten Auto fahren \u2013 es gibt jedoch Ausnahmen","robots":{"index":"index","follow":"follow","max-snippet":"max-snippet:-1","max-image-preview":"max-image-preview:large","max-video-preview":"max-video-preview:-1"},"canonical":"https:\/\/www.heartfailurematters.org\/de\/leben-mit-herzinsuffizienz\/autofahren\/","og_locale":"de_DE","og_type":"article","og_title":"Autofahren","og_description":"Wenn Sie eine Herzinsuffizienz haben, fragen Sie sich vielleicht, ob Sie noch Auto fahren k\u00f6nnen. Generell k\u00f6nnen die meisten Patienten Auto fahren \u2013 es gibt jedoch Ausnahmen","og_url":"https:\/\/www.heartfailurematters.org\/de\/leben-mit-herzinsuffizienz\/autofahren\/","og_site_name":"Heart Failure Matters","article_publisher":"https:\/\/www.facebook.com\/heartfailurematters","twitter_card":"summary_large_image","twitter_misc":{"Gesch\u00e4tzte Lesezeit":"1\u00a0Minute"},"schema":{"@context":"https:\/\/schema.org","@graph":[{"@type":"WebPage","@id":"https:\/\/www.heartfailurematters.org\/de\/leben-mit-herzinsuffizienz\/autofahren\/","url":"https:\/\/www.heartfailurematters.org\/de\/leben-mit-herzinsuffizienz\/autofahren\/","name":"Autofahren","isPartOf":{"@id":"https:\/\/www.heartfailurematters.org\/de\/#website"},"datePublished":"2021-01-27T22:00:32+00:00","description":"Wenn Sie eine Herzinsuffizienz haben, fragen Sie sich vielleicht, ob Sie noch Auto fahren k\u00f6nnen. Generell k\u00f6nnen die meisten Patienten Auto fahren \u2013 es gibt jedoch Ausnahmen","breadcrumb":{"@id":"https:\/\/www.heartfailurematters.org\/de\/leben-mit-herzinsuffizienz\/autofahren\/#breadcrumb"},"inLanguage":"de","potentialAction":[{"@type":"ReadAction","target":["https:\/\/www.heartfailurematters.org\/de\/leben-mit-herzinsuffizienz\/autofahren\/"]}]},{"@type":"BreadcrumbList","@id":"https:\/\/www.heartfailurematters.org\/de\/leben-mit-herzinsuffizienz\/autofahren\/#breadcrumb","itemListElement":[{"@type":"ListItem","position":1,"name":"Startseite","item":"https:\/\/www.heartfailurematters.org\/de\/"},{"@type":"ListItem","position":2,"name":"Leben mit Herzinsuffizienz","item":"https:\/\/www.heartfailurematters.org\/de\/leben-mit-herzinsuffizienz\/"},{"@type":"ListItem","position":3,"name":"Autofahren"}]},{"@type":"WebSite","@id":"https:\/\/www.heartfailurematters.org\/de\/#website","url":"https:\/\/www.heartfailurematters.org\/de\/","name":"Heart Failure Matters","description":"Practical information for patients, families and caregivers.","publisher":{"@id":"https:\/\/www.heartfailurematters.org\/de\/#organization"},"potentialAction":[{"@type":"SearchAction","target":{"@type":"EntryPoint","urlTemplate":"https:\/\/www.heartfailurematters.org\/de\/?s={search_term_string}"},"query-input":{"@type":"PropertyValueSpecification","valueRequired":true,"valueName":"search_term_string"}}],"inLanguage":"de"},{"@type":"Organization","@id":"https:\/\/www.heartfailurematters.org\/de\/#organization","name":"Heart Failure Matters","url":"https:\/\/www.heartfailurematters.org\/de\/","logo":{"@type":"ImageObject","inLanguage":"de","@id":"https:\/\/www.heartfailurematters.org\/de\/#\/schema\/logo\/image\/","url":"https:\/\/cdn-endpoint-hfm.azureedge.net\/heartfailurematters\/2024\/07\/hfm-logo1.jpg","contentUrl":"https:\/\/cdn-endpoint-hfm.azureedge.net\/heartfailurematters\/2024\/07\/hfm-logo1.jpg","width":1280,"height":720,"caption":"Heart Failure Matters"},"image":{"@id":"https:\/\/www.heartfailurematters.org\/de\/#\/schema\/logo\/image\/"},"sameAs":["https:\/\/www.facebook.com\/heartfailurematters"]}]}},"_links":{"self":[{"href":"https:\/\/www.heartfailurematters.org\/de\/wp-json\/wp\/v2\/pages\/1436","targetHints":{"allow":["GET"]}}],"collection":[{"href":"https:\/\/www.heartfailurematters.org\/de\/wp-json\/wp\/v2\/pages"}],"about":[{"href":"https:\/\/www.heartfailurematters.org\/de\/wp-json\/wp\/v2\/types\/page"}],"author":[{"embeddable":true,"href":"https:\/\/www.heartfailurematters.org\/de\/wp-json\/wp\/v2\/users\/1"}],"replies":[{"embeddable":true,"href":"https:\/\/www.heartfailurematters.org\/de\/wp-json\/wp\/v2\/comments?post=1436"}],"version-history":[{"count":0,"href":"https:\/\/www.heartfailurematters.org\/de\/wp-json\/wp\/v2\/pages\/1436\/revisions"}],"up":[{"embeddable":true,"href":"https:\/\/www.heartfailurematters.org\/de\/wp-json\/wp\/v2\/pages\/2813"}],"wp:attachment":[{"href":"https:\/\/www.heartfailurematters.org\/de\/wp-json\/wp\/v2\/media?parent=1436"}],"wp:term":[{"taxonomy":"category","embeddable":true,"href":"https:\/\/www.heartfailurematters.org\/de\/wp-json\/wp\/v2\/categories?post=1436"},{"taxonomy":"post_tag","embeddable":true,"href":"https:\/\/www.heartfailurematters.org\/de\/wp-json\/wp\/v2\/tags?post=1436"}],"curies":[{"name":"wp","href":"https:\/\/api.w.org\/{rel}","templated":true}]}}