{"id":1435,"date":"2021-01-27T22:00:32","date_gmt":"2021-01-27T22:00:32","guid":{"rendered":"http:\/\/heartfailurematters.local:8888\/gewichtszunahme\/"},"modified":"2021-04-01T11:24:03","modified_gmt":"2021-04-01T10:24:03","slug":"gewichtszunahme","status":"publish","type":"page","link":"https:\/\/www.heartfailurematters.org\/de\/herzinsuffizienz-verstehen\/gewichtszunahme\/","title":{"rendered":"Gewichtszunahme"},"content":{"rendered":"<p><img decoding=\"async\" class=\"alignleft size-full wp-image-6806\" src=\"https:\/\/www.heartfailurematters.org\/wp-content\/uploads\/2021\/02\/weight-gain.jpg\" alt=\"\" width=\"211\" height=\"206\" \/>Es\u2019s very common for people with heart failure to experience rapid changes in their weight. If your heart failure is causing fluid accumulation, you will gain weight. However, if your body loses this fluid (for example, after appropriate treatment), you will lose weight. It\u2019 ist wichtig, dass Sie sich regelm\u00e4\u00dfig wiegen und Ihren Arzt oder der Sie betreuenden Pflegekraft informieren, wenn Sie eine Gewichtszunahme von mehr als 2 Kilogramm in 3 Tagen feststellen. Um Ihnen den \u00dcberblick zu erleichtern, haben wir eine Tabelle erstellt, die Sie herunterladen und ausdrucken k\u00f6nnen, um Ihr Gewicht zu verfolgen und Ver\u00e4nderungen auf einen Blick zu erkennen. Klicken Sie hier um die Tabelle anzuschauen und herunterzuladen bzw. auszudrucken.<\/p>\n<p>Wenn Sie in Ihrer Tabelle eine Gewichtszunahme feststellen, schauen Sie sich das Muster der Gewichtszunahme an und f\u00fchren Sie sich Ihre Lebensweise der letzten Zeit in Erinnerung. Eine Gewichtszunahme aufgrund einer Fl\u00fcssigkeitsansammlung ist anders als eine Gewichtszunahme aufgrund einer kalorienreichen Ern\u00e4hrung. Wenn Sie sich nicht sicher sind, warum Sie an Gewicht zugenommen haben, wenden Sie sich an Ihren Arzt oder die Sie betreuende Pflegekraft.<\/p>\n<p>Klicken Sie hier, um weitere Informationen \u00fcber Symptome zu erhalten, die Sie regelm\u00e4\u00dfig im Auge behalten sollten Klicken Sie hier .{ ].<\/p>\n<table>\n<tbody>\n<tr>\n<td style=\"width: 25%;\">\n<h2>Animation<\/h2>\n<\/td>\n<td style=\"width: 75%; text-align: left; vertical-align: middle;\"><\/td>\n<\/tr>\n<tr>\n<td style=\"width: 25%;\"><a class=\"lightview\" href=\"https:\/\/www.youtube.com\/embed\/Vl5r1EE8VYU?hl=en_UK&amp;autoplay=1;&amp;version=3&amp;rel=0&amp;showinfo=0\" data-lightview-options=\"width: 620, height: 450\" data-lightview-title=\"How heart failure causes fluid accumulation\" data-lightview-caption=\"The animation below shows how heart failure can lead to fluid accumulation in the body, affecting appetite and weight gain and leading to swolling legs and ankles.\"><img decoding=\"async\" class=\"alignleft size-full wp-image-5042\" src=\"https:\/\/www.heartfailurematters.org\/wp-content\/uploads\/2021\/02\/04-animation.jpg\" alt=\"\" width=\"180\" height=\"130\" \/><\/a><\/td>\n<td style=\"width: 75%; text-align: left; vertical-align: middle;\">Animation, die erkl\u00e4rt, wie Herzinsuffizienz Fl\u00fcssigkeitsansammlungen verursacht.<\/td>\n<\/tr>\n<\/tbody>\n<\/table>\n<p>&nbsp;<\/p>\n<p><a title=\"Return to Symptoms\" href=\"https:\/\/www.heartfailurematters.org\/understanding-heart-failure\/symptoms-of-heart-failure\/\">Zur\u00fcck zu den Symptomen<\/a><\/p>\n","protected":false},"excerpt":{"rendered":"<p>Es\u2019s very common for people with heart failure to experience rapid changes in their weight. If your heart failure is causing fluid accumulation, you will gain weight. However, if your body loses this fluid (for example, after appropriate treatment), you will lose weight. It\u2019 ist wichtig, dass Sie sich regelm\u00e4\u00dfig wiegen und Ihren Arzt oder [&hellip;]<\/p>\n","protected":false},"author":1,"featured_media":0,"parent":1371,"menu_order":0,"comment_status":"open","ping_status":"open","template":"","meta":{"_acf_changed":false,"footnotes":""},"categories":[],"tags":[],"class_list":["post-1435","page","type-page","status-publish","hentry"],"acf":[],"yoast_head":"<!-- This site is optimized with the Yoast SEO plugin v24.8.1 - https:\/\/yoast.com\/wordpress\/plugins\/seo\/ -->\n<title>Gewichtszunahme und Herzinsuffizienz<\/title>\n<meta name=\"description\" content=\"H\u00e4ufig kommt es bei Menschen mit Herzinsuffizienz zu schnellen Gewichtsver\u00e4nderungen. Informieren Sie Ihren Arzt, wenn Sie innerhalb von 3 Tagen eine Gewichtszunahme um mehr als 2 Kilo bemerken.\" \/>\n<meta name=\"robots\" content=\"index, follow, max-snippet:-1, max-image-preview:large, max-video-preview:-1\" \/>\n<link rel=\"canonical\" href=\"https:\/\/www.heartfailurematters.org\/de\/herzinsuffizienz-verstehen\/gewichtszunahme\/\" \/>\n<meta property=\"og:locale\" content=\"de_DE\" \/>\n<meta property=\"og:type\" content=\"article\" \/>\n<meta property=\"og:title\" content=\"Gewichtszunahme und Herzinsuffizienz\" \/>\n<meta property=\"og:description\" content=\"H\u00e4ufig kommt es bei Menschen mit Herzinsuffizienz zu schnellen Gewichtsver\u00e4nderungen. Informieren Sie Ihren Arzt, wenn Sie innerhalb von 3 Tagen eine Gewichtszunahme um mehr als 2 Kilo bemerken.\" \/>\n<meta property=\"og:url\" content=\"https:\/\/www.heartfailurematters.org\/de\/herzinsuffizienz-verstehen\/gewichtszunahme\/\" \/>\n<meta property=\"og:site_name\" content=\"Heart Failure Matters\" \/>\n<meta property=\"article:publisher\" content=\"https:\/\/www.facebook.com\/heartfailurematters\" \/>\n<meta property=\"article:modified_time\" content=\"2021-04-01T10:24:03+00:00\" \/>\n<meta property=\"og:image\" content=\"https:\/\/www.heartfailurematters.org\/wp-content\/uploads\/2021\/02\/weight-gain.jpg\" \/>\n<meta name=\"twitter:card\" content=\"summary_large_image\" \/>\n<meta name=\"twitter:label1\" content=\"Gesch\u00e4tzte Lesezeit\" \/>\n\t<meta name=\"twitter:data1\" content=\"2\u00a0Minuten\" \/>\n<script type=\"application\/ld+json\" class=\"yoast-schema-graph\">{\"@context\":\"https:\/\/schema.org\",\"@graph\":[{\"@type\":\"WebPage\",\"@id\":\"https:\/\/www.heartfailurematters.org\/de\/herzinsuffizienz-verstehen\/gewichtszunahme\/\",\"url\":\"https:\/\/www.heartfailurematters.org\/de\/herzinsuffizienz-verstehen\/gewichtszunahme\/\",\"name\":\"Gewichtszunahme und Herzinsuffizienz\",\"isPartOf\":{\"@id\":\"https:\/\/www.heartfailurematters.org\/de\/#website\"},\"primaryImageOfPage\":{\"@id\":\"https:\/\/www.heartfailurematters.org\/de\/herzinsuffizienz-verstehen\/gewichtszunahme\/#primaryimage\"},\"image\":{\"@id\":\"https:\/\/www.heartfailurematters.org\/de\/herzinsuffizienz-verstehen\/gewichtszunahme\/#primaryimage\"},\"thumbnailUrl\":\"https:\/\/www.heartfailurematters.org\/wp-content\/uploads\/2021\/02\/weight-gain.jpg\",\"datePublished\":\"2021-01-27T22:00:32+00:00\",\"dateModified\":\"2021-04-01T10:24:03+00:00\",\"description\":\"H\u00e4ufig kommt es bei Menschen mit Herzinsuffizienz zu schnellen Gewichtsver\u00e4nderungen. Informieren Sie Ihren Arzt, wenn Sie innerhalb von 3 Tagen eine Gewichtszunahme um mehr als 2 Kilo bemerken.\",\"breadcrumb\":{\"@id\":\"https:\/\/www.heartfailurematters.org\/de\/herzinsuffizienz-verstehen\/gewichtszunahme\/#breadcrumb\"},\"inLanguage\":\"de\",\"potentialAction\":[{\"@type\":\"ReadAction\",\"target\":[\"https:\/\/www.heartfailurematters.org\/de\/herzinsuffizienz-verstehen\/gewichtszunahme\/\"]}]},{\"@type\":\"ImageObject\",\"inLanguage\":\"de\",\"@id\":\"https:\/\/www.heartfailurematters.org\/de\/herzinsuffizienz-verstehen\/gewichtszunahme\/#primaryimage\",\"url\":\"https:\/\/www.heartfailurematters.org\/wp-content\/uploads\/2021\/02\/weight-gain.jpg\",\"contentUrl\":\"https:\/\/www.heartfailurematters.org\/wp-content\/uploads\/2021\/02\/weight-gain.jpg\"},{\"@type\":\"BreadcrumbList\",\"@id\":\"https:\/\/www.heartfailurematters.org\/de\/herzinsuffizienz-verstehen\/gewichtszunahme\/#breadcrumb\",\"itemListElement\":[{\"@type\":\"ListItem\",\"position\":1,\"name\":\"Startseite\",\"item\":\"https:\/\/www.heartfailurematters.org\/de\/\"},{\"@type\":\"ListItem\",\"position\":2,\"name\":\"Herzinsuffizienz verstehen\",\"item\":\"https:\/\/www.heartfailurematters.org\/de\/herzinsuffizienz-verstehen\/\"},{\"@type\":\"ListItem\",\"position\":3,\"name\":\"Gewichtszunahme\"}]},{\"@type\":\"WebSite\",\"@id\":\"https:\/\/www.heartfailurematters.org\/de\/#website\",\"url\":\"https:\/\/www.heartfailurematters.org\/de\/\",\"name\":\"Heart Failure Matters\",\"description\":\"Practical information for patients, families and caregivers.\",\"publisher\":{\"@id\":\"https:\/\/www.heartfailurematters.org\/de\/#organization\"},\"potentialAction\":[{\"@type\":\"SearchAction\",\"target\":{\"@type\":\"EntryPoint\",\"urlTemplate\":\"https:\/\/www.heartfailurematters.org\/de\/?s={search_term_string}\"},\"query-input\":{\"@type\":\"PropertyValueSpecification\",\"valueRequired\":true,\"valueName\":\"search_term_string\"}}],\"inLanguage\":\"de\"},{\"@type\":\"Organization\",\"@id\":\"https:\/\/www.heartfailurematters.org\/de\/#organization\",\"name\":\"Heart Failure Matters\",\"url\":\"https:\/\/www.heartfailurematters.org\/de\/\",\"logo\":{\"@type\":\"ImageObject\",\"inLanguage\":\"de\",\"@id\":\"https:\/\/www.heartfailurematters.org\/de\/#\/schema\/logo\/image\/\",\"url\":\"https:\/\/cdn-endpoint-hfm.azureedge.net\/heartfailurematters\/2024\/07\/hfm-logo1.jpg\",\"contentUrl\":\"https:\/\/cdn-endpoint-hfm.azureedge.net\/heartfailurematters\/2024\/07\/hfm-logo1.jpg\",\"width\":1280,\"height\":720,\"caption\":\"Heart Failure Matters\"},\"image\":{\"@id\":\"https:\/\/www.heartfailurematters.org\/de\/#\/schema\/logo\/image\/\"},\"sameAs\":[\"https:\/\/www.facebook.com\/heartfailurematters\"]}]}<\/script>\n<!-- \/ Yoast SEO plugin. -->","yoast_head_json":{"title":"Gewichtszunahme und Herzinsuffizienz","description":"H\u00e4ufig kommt es bei Menschen mit Herzinsuffizienz zu schnellen Gewichtsver\u00e4nderungen. Informieren Sie Ihren Arzt, wenn Sie innerhalb von 3 Tagen eine Gewichtszunahme um mehr als 2 Kilo bemerken.","robots":{"index":"index","follow":"follow","max-snippet":"max-snippet:-1","max-image-preview":"max-image-preview:large","max-video-preview":"max-video-preview:-1"},"canonical":"https:\/\/www.heartfailurematters.org\/de\/herzinsuffizienz-verstehen\/gewichtszunahme\/","og_locale":"de_DE","og_type":"article","og_title":"Gewichtszunahme und Herzinsuffizienz","og_description":"H\u00e4ufig kommt es bei Menschen mit Herzinsuffizienz zu schnellen Gewichtsver\u00e4nderungen. Informieren Sie Ihren Arzt, wenn Sie innerhalb von 3 Tagen eine Gewichtszunahme um mehr als 2 Kilo bemerken.","og_url":"https:\/\/www.heartfailurematters.org\/de\/herzinsuffizienz-verstehen\/gewichtszunahme\/","og_site_name":"Heart Failure Matters","article_publisher":"https:\/\/www.facebook.com\/heartfailurematters","article_modified_time":"2021-04-01T10:24:03+00:00","og_image":[{"url":"https:\/\/www.heartfailurematters.org\/wp-content\/uploads\/2021\/02\/weight-gain.jpg","type":"","width":"","height":""}],"twitter_card":"summary_large_image","twitter_misc":{"Gesch\u00e4tzte Lesezeit":"2\u00a0Minuten"},"schema":{"@context":"https:\/\/schema.org","@graph":[{"@type":"WebPage","@id":"https:\/\/www.heartfailurematters.org\/de\/herzinsuffizienz-verstehen\/gewichtszunahme\/","url":"https:\/\/www.heartfailurematters.org\/de\/herzinsuffizienz-verstehen\/gewichtszunahme\/","name":"Gewichtszunahme und Herzinsuffizienz","isPartOf":{"@id":"https:\/\/www.heartfailurematters.org\/de\/#website"},"primaryImageOfPage":{"@id":"https:\/\/www.heartfailurematters.org\/de\/herzinsuffizienz-verstehen\/gewichtszunahme\/#primaryimage"},"image":{"@id":"https:\/\/www.heartfailurematters.org\/de\/herzinsuffizienz-verstehen\/gewichtszunahme\/#primaryimage"},"thumbnailUrl":"https:\/\/www.heartfailurematters.org\/wp-content\/uploads\/2021\/02\/weight-gain.jpg","datePublished":"2021-01-27T22:00:32+00:00","dateModified":"2021-04-01T10:24:03+00:00","description":"H\u00e4ufig kommt es bei Menschen mit Herzinsuffizienz zu schnellen Gewichtsver\u00e4nderungen. Informieren Sie Ihren Arzt, wenn Sie innerhalb von 3 Tagen eine Gewichtszunahme um mehr als 2 Kilo bemerken.","breadcrumb":{"@id":"https:\/\/www.heartfailurematters.org\/de\/herzinsuffizienz-verstehen\/gewichtszunahme\/#breadcrumb"},"inLanguage":"de","potentialAction":[{"@type":"ReadAction","target":["https:\/\/www.heartfailurematters.org\/de\/herzinsuffizienz-verstehen\/gewichtszunahme\/"]}]},{"@type":"ImageObject","inLanguage":"de","@id":"https:\/\/www.heartfailurematters.org\/de\/herzinsuffizienz-verstehen\/gewichtszunahme\/#primaryimage","url":"https:\/\/www.heartfailurematters.org\/wp-content\/uploads\/2021\/02\/weight-gain.jpg","contentUrl":"https:\/\/www.heartfailurematters.org\/wp-content\/uploads\/2021\/02\/weight-gain.jpg"},{"@type":"BreadcrumbList","@id":"https:\/\/www.heartfailurematters.org\/de\/herzinsuffizienz-verstehen\/gewichtszunahme\/#breadcrumb","itemListElement":[{"@type":"ListItem","position":1,"name":"Startseite","item":"https:\/\/www.heartfailurematters.org\/de\/"},{"@type":"ListItem","position":2,"name":"Herzinsuffizienz verstehen","item":"https:\/\/www.heartfailurematters.org\/de\/herzinsuffizienz-verstehen\/"},{"@type":"ListItem","position":3,"name":"Gewichtszunahme"}]},{"@type":"WebSite","@id":"https:\/\/www.heartfailurematters.org\/de\/#website","url":"https:\/\/www.heartfailurematters.org\/de\/","name":"Heart Failure Matters","description":"Practical information for patients, families and caregivers.","publisher":{"@id":"https:\/\/www.heartfailurematters.org\/de\/#organization"},"potentialAction":[{"@type":"SearchAction","target":{"@type":"EntryPoint","urlTemplate":"https:\/\/www.heartfailurematters.org\/de\/?s={search_term_string}"},"query-input":{"@type":"PropertyValueSpecification","valueRequired":true,"valueName":"search_term_string"}}],"inLanguage":"de"},{"@type":"Organization","@id":"https:\/\/www.heartfailurematters.org\/de\/#organization","name":"Heart Failure Matters","url":"https:\/\/www.heartfailurematters.org\/de\/","logo":{"@type":"ImageObject","inLanguage":"de","@id":"https:\/\/www.heartfailurematters.org\/de\/#\/schema\/logo\/image\/","url":"https:\/\/cdn-endpoint-hfm.azureedge.net\/heartfailurematters\/2024\/07\/hfm-logo1.jpg","contentUrl":"https:\/\/cdn-endpoint-hfm.azureedge.net\/heartfailurematters\/2024\/07\/hfm-logo1.jpg","width":1280,"height":720,"caption":"Heart Failure Matters"},"image":{"@id":"https:\/\/www.heartfailurematters.org\/de\/#\/schema\/logo\/image\/"},"sameAs":["https:\/\/www.facebook.com\/heartfailurematters"]}]}},"_links":{"self":[{"href":"https:\/\/www.heartfailurematters.org\/de\/wp-json\/wp\/v2\/pages\/1435","targetHints":{"allow":["GET"]}}],"collection":[{"href":"https:\/\/www.heartfailurematters.org\/de\/wp-json\/wp\/v2\/pages"}],"about":[{"href":"https:\/\/www.heartfailurematters.org\/de\/wp-json\/wp\/v2\/types\/page"}],"author":[{"embeddable":true,"href":"https:\/\/www.heartfailurematters.org\/de\/wp-json\/wp\/v2\/users\/1"}],"replies":[{"embeddable":true,"href":"https:\/\/www.heartfailurematters.org\/de\/wp-json\/wp\/v2\/comments?post=1435"}],"version-history":[{"count":3,"href":"https:\/\/www.heartfailurematters.org\/de\/wp-json\/wp\/v2\/pages\/1435\/revisions"}],"predecessor-version":[{"id":7590,"href":"https:\/\/www.heartfailurematters.org\/de\/wp-json\/wp\/v2\/pages\/1435\/revisions\/7590"}],"up":[{"embeddable":true,"href":"https:\/\/www.heartfailurematters.org\/de\/wp-json\/wp\/v2\/pages\/1371"}],"wp:attachment":[{"href":"https:\/\/www.heartfailurematters.org\/de\/wp-json\/wp\/v2\/media?parent=1435"}],"wp:term":[{"taxonomy":"category","embeddable":true,"href":"https:\/\/www.heartfailurematters.org\/de\/wp-json\/wp\/v2\/categories?post=1435"},{"taxonomy":"post_tag","embeddable":true,"href":"https:\/\/www.heartfailurematters.org\/de\/wp-json\/wp\/v2\/tags?post=1435"}],"curies":[{"name":"wp","href":"https:\/\/api.w.org\/{rel}","templated":true}]}}