{"id":1433,"date":"2021-01-27T22:00:28","date_gmt":"2021-01-27T22:00:28","guid":{"rendered":"http:\/\/heartfailurematters.local:8888\/kardiale-resynchronisationstherapie-crt\/"},"modified":"2021-02-16T11:49:58","modified_gmt":"2021-02-16T11:49:58","slug":"kardiale-resynchronisationstherapie-crt","status":"publish","type":"page","link":"https:\/\/www.heartfailurematters.org\/de\/das-koennen-ihr-arzt-oder-pflegepersonal-tun\/kardiale-resynchronisationstherapie-crt\/","title":{"rendered":"Kardiale Resynchronisationstherapie (CRT)"},"content":{"rendered":"<h2>Wie diese wirkt?<\/h2>\n<p><strong><img decoding=\"async\" class=\"alignleft size-full wp-image-6638\" src=\"https:\/\/www.heartfailurematters.org\/wp-content\/uploads\/2021\/02\/CRT-device.jpg\" alt=\"\" width=\"211\" height=\"206\" \/>Die kardiale Resynchronisationstherapie (CRT)<\/strong>, manchmal auch, biventrikul\u00e4res Pacing genannt, kann hilfreich sein, wenn die elektrischen Impulse, die Herzmuskelkontraktion und -entspannung kontrollieren, sich nicht z\u00fcgig und gleichm\u00e4\u00dfig \u00fcber das Herz ausbreiten. Der linke <a class=\"addtooltip\" title=\"Ventrikel: die gr\u00f6\u00dferen, unteren Herzkammern, die Blut aus den Vorh\u00f6fen aufnehmen und daf\u00fcr verantwortlich sind, Blut aus dem Herzen und zum K\u00f6rper und zur Lunge zu pumpen\"><strong>Ventrikel<\/strong><\/a> kann einen Bruchteil einer Sekunde nach dem rechten Ventrikel kontrahieren anstatt gleichzeitig. H\u00e4ufig zeigen Abschnitte des linken Ventrikels eine verz\u00f6gerte Kontraktion und das Ger\u00e4t kann eine k\u00fcrzere und einheitlichere Kontraktion bewirken. Diese mangelnde Koordination wirkt sich negativ auf die effektive Pumpleistung Ihres Herzens aus. In einer <a class=\"addtooltip\" title=\"Elektrokardiographie: ein Test, der die elektrische Aktivit\u00e4t des Herzens misst, Informationen \u00fcber Herzfrequenz, Rhythmus und elektrische Leitf\u00e4higkeit aufzeichnet und den Nachweis von Herzsch\u00e4den, Isch\u00e4mie und Hypertrophie erm\u00f6glicht.\"><strong>EKG<\/strong><\/a> Aufzeichnung oder einer <a class=\"addtooltip\" title=\"Echokardiogram: ein Test, der mit Ultraschall die Herzkammern, die Herzklappen und das umgebende Gewebe betrachtet und Funktion und Durchblutung beurteilt.\"><strong>echokardiographisch<\/strong><\/a> Untersuchung (Ultraschall) kann Ihr Arzt Hinweise auf eine schlechte Herzmuskelkoordination finden.<\/p>\n<p>Die CRT dient nicht nur als Schrittmacher sondern re-koordiniert (resynchronisiert) auch das Schlagen der beiden Ventrikel, indem sie f\u00fcr beide das gleiche Tempo vorgibt und speziell die Kontraktion des linken Ventrikels verbessert. Auf diese Weise wird die Effizienz des Herzens insgesamt verbessert. Die CRT unterscheidet sich daher von den typischen Schrittmachern, die nur das Tempo f\u00fcr den rechten Ventrikel vorgeben und die Herzrate kontrollieren. Eine CRT kann nicht nur die Beschwerden einer Herzinsuffizienz bessern, sondern nachweislich auch das langfristige \u00dcberleben verl\u00e4ngern. H\u00e4ufig setzen die \u00c4rzte eine Kombination aus CRT und ICD im selben Ger\u00e4t ein. In diesem Fall wird das Ger\u00e4t als CRT-D bezeichnet<\/p>\n<h2>Wo wird das Ger\u00e4t eingesetzt und wie wird es angeschlossen?<\/h2>\n<p>Wie die Standard-Schrittmacher hat das CRT-Ger\u00e4t die Gr\u00f6\u00dfe einer Taschenuhr. Ein CRT-Ger\u00e4t wird gew\u00f6hnlich unter \u00f6rtlicher Bet\u00e4ubung (d. h. in Lokalan\u00e4sthesie) direkt unter dem Schl\u00fcsselbein eingesetzt, so dass die herausf\u00fchrenden Elektroden (isolierte Leitungsdr\u00e4hte) bis an bestimmte Stellen im Herz reichen. Der Eingriff dauert gew\u00f6hnlich 1-2 Stunden.<\/p>\n<p>Die Elektrode wird in eine Vene an der Schulter oder am unteren Ende des Halses eingef\u00fchrt. Der Kardiologe dirigiert die Elektrode in die richtige Herzkammer, kontrolliert die Position auf einem R\u00f6ntgenschirm und n\u00e4ht sie, wenn sie richtig liegt, mit einem kleinen Stich an der Schulter fest. Die Elektrode wird dann an den Schrittmacher angeschlossen und der Schrittmacher in einer kleinen \u201eTasche\u201c oder einem Hohlraum zwischen Haut und Brustmuskel fixiert. Dann wird getestet, wie viel elektrische Energie ben\u00f6tigt wird, um eine Kontraktion des Herzens auszul\u00f6sen, und der Schrittmacher entsprechend eingestellt.<\/p>\n<h2>Nach dem Eingriff<\/h2>\n<p>Es kann sein, dass Sie nach dem Einsetzen des Ger\u00e4tes Schmerzen haben oder sich unwohl f\u00fchlen. Auch kann sich um das Ger\u00e4t herum ein Bluterguss bilden, aber diese Erscheinungen verschwinden gew\u00f6hnlich innerhalb weniger Tage wieder. Die meisten Betroffenen sind noch am gleichen Tag wieder auf den Beinen und k\u00f6nnen innerhalb von 2-4 Wochen wieder Ihren \u00fcblichen Aktivit\u00e4ten nachgehen.<\/p>\n<p>Die Funktion Ihres Ger\u00e4tes und der Batterien muss regelm\u00e4\u00dfig in einer Herzklinik \u00fcberpr\u00fcft werden. Je nachdem, welches Ger\u00e4t bei Ihnen implantiert wurde, kann ein Telemonitoring zur \u00dcberwachung Ihres Ger\u00e4ts empfohlen werden, das eine schnelle Identifizierung von Herzrhythmusst\u00f6rungen und technischen St\u00f6rungen erm\u00f6glicht, Ihre Versorgung verbessert und die Notwendigkeit von Klinikbesuchen reduziert. Zum Wechseln der Batterie muss nur das Ger\u00e4t selbst (nicht die Elektroden) ausgetauscht werden. Die Batterie h\u00e4lt in der Regel 5 bis 7 Jahre lang.<\/p>\n<p>Es ist wichtig, dass Sie jeden Arzt oder Zahnarzt davon in Kenntnis setzen, dass Sie ein CRT-Ger\u00e4t in sich tragen, bevor Sie sich einem Verfahren oder Eingriff unterziehen. Obgleich die meisten \u00e4rztlichen und zahn\u00e4rztlichen Verfahren wahrscheinlich keinen Einfluss auf die Funktion des Ger\u00e4tes haben werden, m\u00fcssen doch bei manchen bestimmte Vorsichtsma\u00dfnahmen getroffen werden, um St\u00f6rungen zu minimieren.<\/p>\n<p>CRT-Ger\u00e4te l\u00f6sen bisweilen in der Sicherheitsschleuse am Flughafen Alarm aus, wobei die Funktion des Ger\u00e4tes nur selten gest\u00f6rt wird. Wenn Sie ein CRT-Ger\u00e4t haben, sollten Sie vorab immer das Sicherheitspersonal dar\u00fcber informieren.<\/p>\n<p>Es finden zwei Arten von CRT-Ger\u00e4ten Anwendung:<\/p>\n<ul>\n<li>CRT-P (CRT mit Schrittmacherfunktion)<\/li>\n<li>CRT-D (CRT mit ICD-Funktion)<\/li>\n<\/ul>\n<p><a title=\"Return to Devices\" href=\"https:\/\/www.heartfailurematters.org\/de\/das-koennen-ihr-arzt-oder-pflegepersonal-tun\/implantierbare-medizinprodukte\/\">Zur\u00fcck zu \u201eMedizinprodukte\u201c<\/a><\/p>\n","protected":false},"excerpt":{"rendered":"<p>Wie diese wirkt? Die kardiale Resynchronisationstherapie (CRT), manchmal auch, biventrikul\u00e4res Pacing genannt, kann hilfreich sein, wenn die elektrischen Impulse, die Herzmuskelkontraktion und -entspannung kontrollieren, sich nicht z\u00fcgig und gleichm\u00e4\u00dfig \u00fcber das Herz ausbreiten. Der linke Ventrikel kann einen Bruchteil einer Sekunde nach dem rechten Ventrikel kontrahieren anstatt gleichzeitig. H\u00e4ufig zeigen Abschnitte des linken Ventrikels eine [&hellip;]<\/p>\n","protected":false},"author":1,"featured_media":10902,"parent":2680,"menu_order":0,"comment_status":"open","ping_status":"open","template":"","meta":{"_acf_changed":false,"footnotes":""},"categories":[],"tags":[],"class_list":["post-1433","page","type-page","status-publish","has-post-thumbnail","hentry"],"acf":[],"yoast_head":"<!-- This site is optimized with the Yoast SEO plugin v24.8.1 - https:\/\/yoast.com\/wordpress\/plugins\/seo\/ -->\n<title>Kardiale Resynchronisationstherapie (CRT)<\/title>\n<meta name=\"description\" content=\"Eine kardiale Resynchronisationstherapie (CRT), manchmal biventrikul\u00e4re Stimulation genannt, kann hilfreich sein, wenn die elektrischen Impulse, welche die Kontraktion und Entspannung des Herzmuskels steuern, nicht schnell und gleichm\u00e4\u00dfig durch Ihr Herz wandern.\" \/>\n<meta name=\"robots\" content=\"index, follow, max-snippet:-1, max-image-preview:large, max-video-preview:-1\" \/>\n<link rel=\"canonical\" href=\"https:\/\/www.heartfailurematters.org\/de\/das-koennen-ihr-arzt-oder-pflegepersonal-tun\/kardiale-resynchronisationstherapie-crt\/\" \/>\n<meta property=\"og:locale\" content=\"de_DE\" \/>\n<meta property=\"og:type\" content=\"article\" \/>\n<meta property=\"og:title\" content=\"Kardiale Resynchronisationstherapie (CRT)\" \/>\n<meta property=\"og:description\" content=\"Eine kardiale Resynchronisationstherapie (CRT), manchmal biventrikul\u00e4re Stimulation genannt, kann hilfreich sein, wenn die elektrischen Impulse, welche die Kontraktion und Entspannung des Herzmuskels steuern, nicht schnell und gleichm\u00e4\u00dfig durch Ihr Herz wandern.\" \/>\n<meta property=\"og:url\" content=\"https:\/\/www.heartfailurematters.org\/de\/das-koennen-ihr-arzt-oder-pflegepersonal-tun\/kardiale-resynchronisationstherapie-crt\/\" \/>\n<meta property=\"og:site_name\" content=\"Heart Failure Matters\" \/>\n<meta property=\"article:publisher\" content=\"https:\/\/www.facebook.com\/heartfailurematters\" \/>\n<meta property=\"article:modified_time\" content=\"2021-02-16T11:49:58+00:00\" \/>\n<meta property=\"og:image\" content=\"https:\/\/www.heartfailurematters.org\/wp-content\/uploads\/2022\/03\/CRT.jpg\" \/>\n\t<meta property=\"og:image:width\" content=\"1415\" \/>\n\t<meta property=\"og:image:height\" content=\"910\" \/>\n\t<meta property=\"og:image:type\" content=\"image\/jpeg\" \/>\n<meta name=\"twitter:card\" content=\"summary_large_image\" \/>\n<meta name=\"twitter:label1\" content=\"Gesch\u00e4tzte Lesezeit\" \/>\n\t<meta name=\"twitter:data1\" content=\"3\u00a0Minuten\" \/>\n<script type=\"application\/ld+json\" class=\"yoast-schema-graph\">{\"@context\":\"https:\/\/schema.org\",\"@graph\":[{\"@type\":\"WebPage\",\"@id\":\"https:\/\/www.heartfailurematters.org\/de\/das-koennen-ihr-arzt-oder-pflegepersonal-tun\/kardiale-resynchronisationstherapie-crt\/\",\"url\":\"https:\/\/www.heartfailurematters.org\/de\/das-koennen-ihr-arzt-oder-pflegepersonal-tun\/kardiale-resynchronisationstherapie-crt\/\",\"name\":\"Kardiale Resynchronisationstherapie (CRT)\",\"isPartOf\":{\"@id\":\"https:\/\/www.heartfailurematters.org\/de\/#website\"},\"primaryImageOfPage\":{\"@id\":\"https:\/\/www.heartfailurematters.org\/de\/das-koennen-ihr-arzt-oder-pflegepersonal-tun\/kardiale-resynchronisationstherapie-crt\/#primaryimage\"},\"image\":{\"@id\":\"https:\/\/www.heartfailurematters.org\/de\/das-koennen-ihr-arzt-oder-pflegepersonal-tun\/kardiale-resynchronisationstherapie-crt\/#primaryimage\"},\"thumbnailUrl\":\"https:\/\/www.heartfailurematters.org\/wp-content\/uploads\/2022\/03\/CRT.jpg\",\"datePublished\":\"2021-01-27T22:00:28+00:00\",\"dateModified\":\"2021-02-16T11:49:58+00:00\",\"description\":\"Eine kardiale Resynchronisationstherapie (CRT), manchmal biventrikul\u00e4re Stimulation genannt, kann hilfreich sein, wenn die elektrischen Impulse, welche die Kontraktion und Entspannung des Herzmuskels steuern, nicht schnell und gleichm\u00e4\u00dfig durch Ihr Herz wandern.\",\"breadcrumb\":{\"@id\":\"https:\/\/www.heartfailurematters.org\/de\/das-koennen-ihr-arzt-oder-pflegepersonal-tun\/kardiale-resynchronisationstherapie-crt\/#breadcrumb\"},\"inLanguage\":\"de\",\"potentialAction\":[{\"@type\":\"ReadAction\",\"target\":[\"https:\/\/www.heartfailurematters.org\/de\/das-koennen-ihr-arzt-oder-pflegepersonal-tun\/kardiale-resynchronisationstherapie-crt\/\"]}]},{\"@type\":\"ImageObject\",\"inLanguage\":\"de\",\"@id\":\"https:\/\/www.heartfailurematters.org\/de\/das-koennen-ihr-arzt-oder-pflegepersonal-tun\/kardiale-resynchronisationstherapie-crt\/#primaryimage\",\"url\":\"https:\/\/www.heartfailurematters.org\/wp-content\/uploads\/2022\/03\/CRT.jpg\",\"contentUrl\":\"https:\/\/www.heartfailurematters.org\/wp-content\/uploads\/2022\/03\/CRT.jpg\",\"width\":1415,\"height\":910},{\"@type\":\"BreadcrumbList\",\"@id\":\"https:\/\/www.heartfailurematters.org\/de\/das-koennen-ihr-arzt-oder-pflegepersonal-tun\/kardiale-resynchronisationstherapie-crt\/#breadcrumb\",\"itemListElement\":[{\"@type\":\"ListItem\",\"position\":1,\"name\":\"Startseite\",\"item\":\"https:\/\/www.heartfailurematters.org\/de\/\"},{\"@type\":\"ListItem\",\"position\":2,\"name\":\"Das kann Ihr Arzt tun\",\"item\":\"https:\/\/www.heartfailurematters.org\/de\/das-koennen-ihr-arzt-oder-pflegepersonal-tun\/\"},{\"@type\":\"ListItem\",\"position\":3,\"name\":\"Kardiale Resynchronisationstherapie (CRT)\"}]},{\"@type\":\"WebSite\",\"@id\":\"https:\/\/www.heartfailurematters.org\/de\/#website\",\"url\":\"https:\/\/www.heartfailurematters.org\/de\/\",\"name\":\"Heart Failure Matters\",\"description\":\"Practical information for patients, families and caregivers.\",\"publisher\":{\"@id\":\"https:\/\/www.heartfailurematters.org\/de\/#organization\"},\"potentialAction\":[{\"@type\":\"SearchAction\",\"target\":{\"@type\":\"EntryPoint\",\"urlTemplate\":\"https:\/\/www.heartfailurematters.org\/de\/?s={search_term_string}\"},\"query-input\":{\"@type\":\"PropertyValueSpecification\",\"valueRequired\":true,\"valueName\":\"search_term_string\"}}],\"inLanguage\":\"de\"},{\"@type\":\"Organization\",\"@id\":\"https:\/\/www.heartfailurematters.org\/de\/#organization\",\"name\":\"Heart Failure Matters\",\"url\":\"https:\/\/www.heartfailurematters.org\/de\/\",\"logo\":{\"@type\":\"ImageObject\",\"inLanguage\":\"de\",\"@id\":\"https:\/\/www.heartfailurematters.org\/de\/#\/schema\/logo\/image\/\",\"url\":\"https:\/\/cdn-endpoint-hfm.azureedge.net\/heartfailurematters\/2024\/07\/hfm-logo1.jpg\",\"contentUrl\":\"https:\/\/cdn-endpoint-hfm.azureedge.net\/heartfailurematters\/2024\/07\/hfm-logo1.jpg\",\"width\":1280,\"height\":720,\"caption\":\"Heart Failure Matters\"},\"image\":{\"@id\":\"https:\/\/www.heartfailurematters.org\/de\/#\/schema\/logo\/image\/\"},\"sameAs\":[\"https:\/\/www.facebook.com\/heartfailurematters\"]}]}<\/script>\n<!-- \/ Yoast SEO plugin. -->","yoast_head_json":{"title":"Kardiale Resynchronisationstherapie (CRT)","description":"Eine kardiale Resynchronisationstherapie (CRT), manchmal biventrikul\u00e4re Stimulation genannt, kann hilfreich sein, wenn die elektrischen Impulse, welche die Kontraktion und Entspannung des Herzmuskels steuern, nicht schnell und gleichm\u00e4\u00dfig durch Ihr Herz wandern.","robots":{"index":"index","follow":"follow","max-snippet":"max-snippet:-1","max-image-preview":"max-image-preview:large","max-video-preview":"max-video-preview:-1"},"canonical":"https:\/\/www.heartfailurematters.org\/de\/das-koennen-ihr-arzt-oder-pflegepersonal-tun\/kardiale-resynchronisationstherapie-crt\/","og_locale":"de_DE","og_type":"article","og_title":"Kardiale Resynchronisationstherapie (CRT)","og_description":"Eine kardiale Resynchronisationstherapie (CRT), manchmal biventrikul\u00e4re Stimulation genannt, kann hilfreich sein, wenn die elektrischen Impulse, welche die Kontraktion und Entspannung des Herzmuskels steuern, nicht schnell und gleichm\u00e4\u00dfig durch Ihr Herz wandern.","og_url":"https:\/\/www.heartfailurematters.org\/de\/das-koennen-ihr-arzt-oder-pflegepersonal-tun\/kardiale-resynchronisationstherapie-crt\/","og_site_name":"Heart Failure Matters","article_publisher":"https:\/\/www.facebook.com\/heartfailurematters","article_modified_time":"2021-02-16T11:49:58+00:00","og_image":[{"width":1415,"height":910,"url":"https:\/\/www.heartfailurematters.org\/wp-content\/uploads\/2022\/03\/CRT.jpg","type":"image\/jpeg"}],"twitter_card":"summary_large_image","twitter_misc":{"Gesch\u00e4tzte Lesezeit":"3\u00a0Minuten"},"schema":{"@context":"https:\/\/schema.org","@graph":[{"@type":"WebPage","@id":"https:\/\/www.heartfailurematters.org\/de\/das-koennen-ihr-arzt-oder-pflegepersonal-tun\/kardiale-resynchronisationstherapie-crt\/","url":"https:\/\/www.heartfailurematters.org\/de\/das-koennen-ihr-arzt-oder-pflegepersonal-tun\/kardiale-resynchronisationstherapie-crt\/","name":"Kardiale Resynchronisationstherapie (CRT)","isPartOf":{"@id":"https:\/\/www.heartfailurematters.org\/de\/#website"},"primaryImageOfPage":{"@id":"https:\/\/www.heartfailurematters.org\/de\/das-koennen-ihr-arzt-oder-pflegepersonal-tun\/kardiale-resynchronisationstherapie-crt\/#primaryimage"},"image":{"@id":"https:\/\/www.heartfailurematters.org\/de\/das-koennen-ihr-arzt-oder-pflegepersonal-tun\/kardiale-resynchronisationstherapie-crt\/#primaryimage"},"thumbnailUrl":"https:\/\/www.heartfailurematters.org\/wp-content\/uploads\/2022\/03\/CRT.jpg","datePublished":"2021-01-27T22:00:28+00:00","dateModified":"2021-02-16T11:49:58+00:00","description":"Eine kardiale Resynchronisationstherapie (CRT), manchmal biventrikul\u00e4re Stimulation genannt, kann hilfreich sein, wenn die elektrischen Impulse, welche die Kontraktion und Entspannung des Herzmuskels steuern, nicht schnell und gleichm\u00e4\u00dfig durch Ihr Herz wandern.","breadcrumb":{"@id":"https:\/\/www.heartfailurematters.org\/de\/das-koennen-ihr-arzt-oder-pflegepersonal-tun\/kardiale-resynchronisationstherapie-crt\/#breadcrumb"},"inLanguage":"de","potentialAction":[{"@type":"ReadAction","target":["https:\/\/www.heartfailurematters.org\/de\/das-koennen-ihr-arzt-oder-pflegepersonal-tun\/kardiale-resynchronisationstherapie-crt\/"]}]},{"@type":"ImageObject","inLanguage":"de","@id":"https:\/\/www.heartfailurematters.org\/de\/das-koennen-ihr-arzt-oder-pflegepersonal-tun\/kardiale-resynchronisationstherapie-crt\/#primaryimage","url":"https:\/\/www.heartfailurematters.org\/wp-content\/uploads\/2022\/03\/CRT.jpg","contentUrl":"https:\/\/www.heartfailurematters.org\/wp-content\/uploads\/2022\/03\/CRT.jpg","width":1415,"height":910},{"@type":"BreadcrumbList","@id":"https:\/\/www.heartfailurematters.org\/de\/das-koennen-ihr-arzt-oder-pflegepersonal-tun\/kardiale-resynchronisationstherapie-crt\/#breadcrumb","itemListElement":[{"@type":"ListItem","position":1,"name":"Startseite","item":"https:\/\/www.heartfailurematters.org\/de\/"},{"@type":"ListItem","position":2,"name":"Das kann Ihr Arzt tun","item":"https:\/\/www.heartfailurematters.org\/de\/das-koennen-ihr-arzt-oder-pflegepersonal-tun\/"},{"@type":"ListItem","position":3,"name":"Kardiale Resynchronisationstherapie (CRT)"}]},{"@type":"WebSite","@id":"https:\/\/www.heartfailurematters.org\/de\/#website","url":"https:\/\/www.heartfailurematters.org\/de\/","name":"Heart Failure Matters","description":"Practical information for patients, families and caregivers.","publisher":{"@id":"https:\/\/www.heartfailurematters.org\/de\/#organization"},"potentialAction":[{"@type":"SearchAction","target":{"@type":"EntryPoint","urlTemplate":"https:\/\/www.heartfailurematters.org\/de\/?s={search_term_string}"},"query-input":{"@type":"PropertyValueSpecification","valueRequired":true,"valueName":"search_term_string"}}],"inLanguage":"de"},{"@type":"Organization","@id":"https:\/\/www.heartfailurematters.org\/de\/#organization","name":"Heart Failure Matters","url":"https:\/\/www.heartfailurematters.org\/de\/","logo":{"@type":"ImageObject","inLanguage":"de","@id":"https:\/\/www.heartfailurematters.org\/de\/#\/schema\/logo\/image\/","url":"https:\/\/cdn-endpoint-hfm.azureedge.net\/heartfailurematters\/2024\/07\/hfm-logo1.jpg","contentUrl":"https:\/\/cdn-endpoint-hfm.azureedge.net\/heartfailurematters\/2024\/07\/hfm-logo1.jpg","width":1280,"height":720,"caption":"Heart Failure Matters"},"image":{"@id":"https:\/\/www.heartfailurematters.org\/de\/#\/schema\/logo\/image\/"},"sameAs":["https:\/\/www.facebook.com\/heartfailurematters"]}]}},"_links":{"self":[{"href":"https:\/\/www.heartfailurematters.org\/de\/wp-json\/wp\/v2\/pages\/1433","targetHints":{"allow":["GET"]}}],"collection":[{"href":"https:\/\/www.heartfailurematters.org\/de\/wp-json\/wp\/v2\/pages"}],"about":[{"href":"https:\/\/www.heartfailurematters.org\/de\/wp-json\/wp\/v2\/types\/page"}],"author":[{"embeddable":true,"href":"https:\/\/www.heartfailurematters.org\/de\/wp-json\/wp\/v2\/users\/1"}],"replies":[{"embeddable":true,"href":"https:\/\/www.heartfailurematters.org\/de\/wp-json\/wp\/v2\/comments?post=1433"}],"version-history":[{"count":1,"href":"https:\/\/www.heartfailurematters.org\/de\/wp-json\/wp\/v2\/pages\/1433\/revisions"}],"predecessor-version":[{"id":6648,"href":"https:\/\/www.heartfailurematters.org\/de\/wp-json\/wp\/v2\/pages\/1433\/revisions\/6648"}],"up":[{"embeddable":true,"href":"https:\/\/www.heartfailurematters.org\/de\/wp-json\/wp\/v2\/pages\/2680"}],"wp:featuredmedia":[{"embeddable":true,"href":"https:\/\/www.heartfailurematters.org\/de\/wp-json\/wp\/v2\/media\/10902"}],"wp:attachment":[{"href":"https:\/\/www.heartfailurematters.org\/de\/wp-json\/wp\/v2\/media?parent=1433"}],"wp:term":[{"taxonomy":"category","embeddable":true,"href":"https:\/\/www.heartfailurematters.org\/de\/wp-json\/wp\/v2\/categories?post=1433"},{"taxonomy":"post_tag","embeddable":true,"href":"https:\/\/www.heartfailurematters.org\/de\/wp-json\/wp\/v2\/tags?post=1433"}],"curies":[{"name":"wp","href":"https:\/\/api.w.org\/{rel}","templated":true}]}}