{"id":1427,"date":"2021-01-27T22:00:28","date_gmt":"2021-01-27T22:00:28","guid":{"rendered":"http:\/\/heartfailurematters.local:8888\/unterstuetzung-erhalten\/"},"modified":"2025-12-04T11:29:48","modified_gmt":"2025-12-04T11:29:48","slug":"unterstuetzung-erhalten","status":"publish","type":"page","link":"https:\/\/www.heartfailurematters.org\/de\/fragen-sie-ihren-arzt\/unterstuetzung-erhalten\/","title":{"rendered":"Unterst\u00fctzung erhalten"},"content":{"rendered":"<p>F\u00fcr Menschen mit Herzinsuffizienz und ihre Betreuungspersonen gibt es viele verschiedene Unterst\u00fctzungsquellen. Gesundheitsfachpersonal ist meistens informiert dar\u00fcber, welche verschiedenen Selbsthilfegruppen und Programme es in Ihrer Region gibt, so dass sich medizinisches Beratungsgespr\u00e4ch empfiehlt. Weitere Informationen finden Sie in den Abschnitten zum Thema <a href=\"https:\/\/www.heartfailurematters.org\/living-with-heart-failure\/support\/\">Leben mit Herzinsuffizienz<\/a> und <a href=\"https:\/\/www.heartfailurematters.org\/what-your-doctor-can-do\/people-that-may-be-involved-in-your-care\/\">Familienangeh\u00f6rige und Personen, die an der Behandlung beteiligt sein k\u00f6nnen<\/a>.<\/p>\n<p><strong>Gibt es lokale Selbsthilfegruppen, mit denen ich Kontakt aufnehmen und an denen ich teilnehmen kann? <\/strong><br \/>\nIhre \u00c4rztin\/Ihr Arzt kann Sie mit einer lokalen Selbsthilfegruppe in Kontakt bringen, die regelm\u00e4\u00dfige Treffen mit Gesundheitsfachkr\u00e4ften und\/oder anderen Patientinnen und Patienten abh\u00e4lt. W\u00e4hrend dieser Treffen erfahren Sie mehr \u00fcber den Umgang mit Ihrer Herzinsuffizienz im Alltag und k\u00f6nnen Ihre Erfahrungen mit anderen Betroffenen teilen.<\/p>\n<p><strong>Kann ich an einem Programm zum Umgang mit der Herzinsuffizienz in meinem Krankenhaus oder meiner Praxis teilnehmen?<\/strong><br \/>\nViele Krankenh\u00e4user haben ein multidisziplin\u00e4res ambulantes Programm f\u00fcr die Behandlung von Herzinsuffizienz, das von Fachkr\u00e4ften im Bereich Pflege und Kardiologie in Zusammenarbeit mit anderen verwandten Diensten aus den Bereichen Prim\u00e4rversorgung, Physiotherapie, Pharmazeutik, Ern\u00e4hrungswissenschaft, Geriatrie und Sozialarbeit organisiert wird. Diese Programme sind in der Regel f\u00fcr Menschen mit relativ schweren Symptomen konzipiert. Im Rahmen eines medizinischen Beratungsgespr\u00e4chs k\u00f6nnen Sie sich \u00fcber die Verf\u00fcgbarkeit und Ihre Eignung f\u00fcr solche Programme erkundigen.<\/p>\n","protected":false},"excerpt":{"rendered":"<p>F\u00fcr Menschen mit Herzinsuffizienz und ihre Betreuungspersonen gibt es viele verschiedene Unterst\u00fctzungsquellen. Gesundheitsfachpersonal ist meistens informiert dar\u00fcber, welche verschiedenen Selbsthilfegruppen und Programme es in Ihrer Region gibt, so dass sich medizinisches Beratungsgespr\u00e4ch empfiehlt. Weitere Informationen finden Sie in den Abschnitten zum Thema Leben mit Herzinsuffizienz und Familienangeh\u00f6rige und Personen, die an der Behandlung beteiligt sein [&hellip;]<\/p>\n","protected":false},"author":1,"featured_media":11074,"parent":2762,"menu_order":10,"comment_status":"open","ping_status":"closed","template":"","meta":{"_acf_changed":false,"footnotes":""},"categories":[65],"tags":[],"class_list":["post-1427","page","type-page","status-publish","has-post-thumbnail","hentry","category-ask-your-doctor-de"],"acf":[],"yoast_head":"<!-- This site is optimized with the Yoast SEO plugin v24.8.1 - https:\/\/yoast.com\/wordpress\/plugins\/seo\/ -->\n<title>Unterst\u00fctzung bei Herzinsuffizienz erhalten<\/title>\n<meta name=\"description\" content=\"F\u00fcr Menschen mit Herzinsuffizienz und ihre Betreuungspersonen gibt es viele verschiedene Unterst\u00fctzungsquellen. Jetzt mehr erfahren\" \/>\n<meta name=\"robots\" content=\"index, follow, max-snippet:-1, max-image-preview:large, max-video-preview:-1\" \/>\n<link rel=\"canonical\" href=\"https:\/\/www.heartfailurematters.org\/de\/fragen-sie-ihren-arzt\/unterstuetzung-erhalten\/\" \/>\n<meta property=\"og:locale\" content=\"de_DE\" \/>\n<meta property=\"og:type\" content=\"article\" \/>\n<meta property=\"og:title\" content=\"Unterst\u00fctzung bei Herzinsuffizienz erhalten\" \/>\n<meta property=\"og:description\" content=\"F\u00fcr Menschen mit Herzinsuffizienz und ihre Betreuungspersonen gibt es viele verschiedene Unterst\u00fctzungsquellen. Jetzt mehr erfahren\" \/>\n<meta property=\"og:url\" content=\"https:\/\/www.heartfailurematters.org\/de\/fragen-sie-ihren-arzt\/unterstuetzung-erhalten\/\" \/>\n<meta property=\"og:site_name\" content=\"Heart Failure Matters\" \/>\n<meta property=\"article:publisher\" content=\"https:\/\/www.facebook.com\/heartfailurematters\" \/>\n<meta property=\"article:modified_time\" content=\"2025-12-04T11:29:48+00:00\" \/>\n<meta property=\"og:image\" content=\"https:\/\/www.heartfailurematters.org\/wp-content\/uploads\/2022\/03\/shutterstock_1379588399-1-min.jpg\" \/>\n\t<meta property=\"og:image:width\" content=\"900\" \/>\n\t<meta property=\"og:image:height\" content=\"600\" \/>\n\t<meta property=\"og:image:type\" content=\"image\/jpeg\" \/>\n<meta name=\"twitter:card\" content=\"summary_large_image\" \/>\n<meta name=\"twitter:label1\" content=\"Gesch\u00e4tzte Lesezeit\" \/>\n\t<meta name=\"twitter:data1\" content=\"1\u00a0Minute\" \/>\n<script type=\"application\/ld+json\" class=\"yoast-schema-graph\">{\"@context\":\"https:\/\/schema.org\",\"@graph\":[{\"@type\":\"WebPage\",\"@id\":\"https:\/\/www.heartfailurematters.org\/de\/fragen-sie-ihren-arzt\/unterstuetzung-erhalten\/\",\"url\":\"https:\/\/www.heartfailurematters.org\/de\/fragen-sie-ihren-arzt\/unterstuetzung-erhalten\/\",\"name\":\"Unterst\u00fctzung bei Herzinsuffizienz erhalten\",\"isPartOf\":{\"@id\":\"https:\/\/www.heartfailurematters.org\/de\/#website\"},\"primaryImageOfPage\":{\"@id\":\"https:\/\/www.heartfailurematters.org\/de\/fragen-sie-ihren-arzt\/unterstuetzung-erhalten\/#primaryimage\"},\"image\":{\"@id\":\"https:\/\/www.heartfailurematters.org\/de\/fragen-sie-ihren-arzt\/unterstuetzung-erhalten\/#primaryimage\"},\"thumbnailUrl\":\"https:\/\/www.heartfailurematters.org\/wp-content\/uploads\/2022\/03\/shutterstock_1379588399-1-min.jpg\",\"datePublished\":\"2021-01-27T22:00:28+00:00\",\"dateModified\":\"2025-12-04T11:29:48+00:00\",\"description\":\"F\u00fcr Menschen mit Herzinsuffizienz und ihre Betreuungspersonen gibt es viele verschiedene Unterst\u00fctzungsquellen. Jetzt mehr erfahren\",\"breadcrumb\":{\"@id\":\"https:\/\/www.heartfailurematters.org\/de\/fragen-sie-ihren-arzt\/unterstuetzung-erhalten\/#breadcrumb\"},\"inLanguage\":\"de\",\"potentialAction\":[{\"@type\":\"ReadAction\",\"target\":[\"https:\/\/www.heartfailurematters.org\/de\/fragen-sie-ihren-arzt\/unterstuetzung-erhalten\/\"]}]},{\"@type\":\"ImageObject\",\"inLanguage\":\"de\",\"@id\":\"https:\/\/www.heartfailurematters.org\/de\/fragen-sie-ihren-arzt\/unterstuetzung-erhalten\/#primaryimage\",\"url\":\"https:\/\/www.heartfailurematters.org\/wp-content\/uploads\/2022\/03\/shutterstock_1379588399-1-min.jpg\",\"contentUrl\":\"https:\/\/www.heartfailurematters.org\/wp-content\/uploads\/2022\/03\/shutterstock_1379588399-1-min.jpg\",\"width\":900,\"height\":600},{\"@type\":\"BreadcrumbList\",\"@id\":\"https:\/\/www.heartfailurematters.org\/de\/fragen-sie-ihren-arzt\/unterstuetzung-erhalten\/#breadcrumb\",\"itemListElement\":[{\"@type\":\"ListItem\",\"position\":1,\"name\":\"Startseite\",\"item\":\"https:\/\/www.heartfailurematters.org\/de\/\"},{\"@type\":\"ListItem\",\"position\":2,\"name\":\"Fragen Sie Ihren Arzt\",\"item\":\"https:\/\/www.heartfailurematters.org\/de\/fragen-sie-ihren-arzt\/\"},{\"@type\":\"ListItem\",\"position\":3,\"name\":\"Unterst\u00fctzung erhalten\"}]},{\"@type\":\"WebSite\",\"@id\":\"https:\/\/www.heartfailurematters.org\/de\/#website\",\"url\":\"https:\/\/www.heartfailurematters.org\/de\/\",\"name\":\"Heart Failure Matters\",\"description\":\"Practical information for patients, families and caregivers.\",\"publisher\":{\"@id\":\"https:\/\/www.heartfailurematters.org\/de\/#organization\"},\"potentialAction\":[{\"@type\":\"SearchAction\",\"target\":{\"@type\":\"EntryPoint\",\"urlTemplate\":\"https:\/\/www.heartfailurematters.org\/de\/?s={search_term_string}\"},\"query-input\":{\"@type\":\"PropertyValueSpecification\",\"valueRequired\":true,\"valueName\":\"search_term_string\"}}],\"inLanguage\":\"de\"},{\"@type\":\"Organization\",\"@id\":\"https:\/\/www.heartfailurematters.org\/de\/#organization\",\"name\":\"Heart Failure Matters\",\"url\":\"https:\/\/www.heartfailurematters.org\/de\/\",\"logo\":{\"@type\":\"ImageObject\",\"inLanguage\":\"de\",\"@id\":\"https:\/\/www.heartfailurematters.org\/de\/#\/schema\/logo\/image\/\",\"url\":\"https:\/\/cdn-endpoint-hfm.azureedge.net\/heartfailurematters\/2024\/07\/hfm-logo1.jpg\",\"contentUrl\":\"https:\/\/cdn-endpoint-hfm.azureedge.net\/heartfailurematters\/2024\/07\/hfm-logo1.jpg\",\"width\":1280,\"height\":720,\"caption\":\"Heart Failure Matters\"},\"image\":{\"@id\":\"https:\/\/www.heartfailurematters.org\/de\/#\/schema\/logo\/image\/\"},\"sameAs\":[\"https:\/\/www.facebook.com\/heartfailurematters\"]}]}<\/script>\n<!-- \/ Yoast SEO plugin. -->","yoast_head_json":{"title":"Unterst\u00fctzung bei Herzinsuffizienz erhalten","description":"F\u00fcr Menschen mit Herzinsuffizienz und ihre Betreuungspersonen gibt es viele verschiedene Unterst\u00fctzungsquellen. Jetzt mehr erfahren","robots":{"index":"index","follow":"follow","max-snippet":"max-snippet:-1","max-image-preview":"max-image-preview:large","max-video-preview":"max-video-preview:-1"},"canonical":"https:\/\/www.heartfailurematters.org\/de\/fragen-sie-ihren-arzt\/unterstuetzung-erhalten\/","og_locale":"de_DE","og_type":"article","og_title":"Unterst\u00fctzung bei Herzinsuffizienz erhalten","og_description":"F\u00fcr Menschen mit Herzinsuffizienz und ihre Betreuungspersonen gibt es viele verschiedene Unterst\u00fctzungsquellen. Jetzt mehr erfahren","og_url":"https:\/\/www.heartfailurematters.org\/de\/fragen-sie-ihren-arzt\/unterstuetzung-erhalten\/","og_site_name":"Heart Failure Matters","article_publisher":"https:\/\/www.facebook.com\/heartfailurematters","article_modified_time":"2025-12-04T11:29:48+00:00","og_image":[{"width":900,"height":600,"url":"https:\/\/www.heartfailurematters.org\/wp-content\/uploads\/2022\/03\/shutterstock_1379588399-1-min.jpg","type":"image\/jpeg"}],"twitter_card":"summary_large_image","twitter_misc":{"Gesch\u00e4tzte Lesezeit":"1\u00a0Minute"},"schema":{"@context":"https:\/\/schema.org","@graph":[{"@type":"WebPage","@id":"https:\/\/www.heartfailurematters.org\/de\/fragen-sie-ihren-arzt\/unterstuetzung-erhalten\/","url":"https:\/\/www.heartfailurematters.org\/de\/fragen-sie-ihren-arzt\/unterstuetzung-erhalten\/","name":"Unterst\u00fctzung bei Herzinsuffizienz erhalten","isPartOf":{"@id":"https:\/\/www.heartfailurematters.org\/de\/#website"},"primaryImageOfPage":{"@id":"https:\/\/www.heartfailurematters.org\/de\/fragen-sie-ihren-arzt\/unterstuetzung-erhalten\/#primaryimage"},"image":{"@id":"https:\/\/www.heartfailurematters.org\/de\/fragen-sie-ihren-arzt\/unterstuetzung-erhalten\/#primaryimage"},"thumbnailUrl":"https:\/\/www.heartfailurematters.org\/wp-content\/uploads\/2022\/03\/shutterstock_1379588399-1-min.jpg","datePublished":"2021-01-27T22:00:28+00:00","dateModified":"2025-12-04T11:29:48+00:00","description":"F\u00fcr Menschen mit Herzinsuffizienz und ihre Betreuungspersonen gibt es viele verschiedene Unterst\u00fctzungsquellen. Jetzt mehr erfahren","breadcrumb":{"@id":"https:\/\/www.heartfailurematters.org\/de\/fragen-sie-ihren-arzt\/unterstuetzung-erhalten\/#breadcrumb"},"inLanguage":"de","potentialAction":[{"@type":"ReadAction","target":["https:\/\/www.heartfailurematters.org\/de\/fragen-sie-ihren-arzt\/unterstuetzung-erhalten\/"]}]},{"@type":"ImageObject","inLanguage":"de","@id":"https:\/\/www.heartfailurematters.org\/de\/fragen-sie-ihren-arzt\/unterstuetzung-erhalten\/#primaryimage","url":"https:\/\/www.heartfailurematters.org\/wp-content\/uploads\/2022\/03\/shutterstock_1379588399-1-min.jpg","contentUrl":"https:\/\/www.heartfailurematters.org\/wp-content\/uploads\/2022\/03\/shutterstock_1379588399-1-min.jpg","width":900,"height":600},{"@type":"BreadcrumbList","@id":"https:\/\/www.heartfailurematters.org\/de\/fragen-sie-ihren-arzt\/unterstuetzung-erhalten\/#breadcrumb","itemListElement":[{"@type":"ListItem","position":1,"name":"Startseite","item":"https:\/\/www.heartfailurematters.org\/de\/"},{"@type":"ListItem","position":2,"name":"Fragen Sie Ihren Arzt","item":"https:\/\/www.heartfailurematters.org\/de\/fragen-sie-ihren-arzt\/"},{"@type":"ListItem","position":3,"name":"Unterst\u00fctzung erhalten"}]},{"@type":"WebSite","@id":"https:\/\/www.heartfailurematters.org\/de\/#website","url":"https:\/\/www.heartfailurematters.org\/de\/","name":"Heart Failure Matters","description":"Practical information for patients, families and caregivers.","publisher":{"@id":"https:\/\/www.heartfailurematters.org\/de\/#organization"},"potentialAction":[{"@type":"SearchAction","target":{"@type":"EntryPoint","urlTemplate":"https:\/\/www.heartfailurematters.org\/de\/?s={search_term_string}"},"query-input":{"@type":"PropertyValueSpecification","valueRequired":true,"valueName":"search_term_string"}}],"inLanguage":"de"},{"@type":"Organization","@id":"https:\/\/www.heartfailurematters.org\/de\/#organization","name":"Heart Failure Matters","url":"https:\/\/www.heartfailurematters.org\/de\/","logo":{"@type":"ImageObject","inLanguage":"de","@id":"https:\/\/www.heartfailurematters.org\/de\/#\/schema\/logo\/image\/","url":"https:\/\/cdn-endpoint-hfm.azureedge.net\/heartfailurematters\/2024\/07\/hfm-logo1.jpg","contentUrl":"https:\/\/cdn-endpoint-hfm.azureedge.net\/heartfailurematters\/2024\/07\/hfm-logo1.jpg","width":1280,"height":720,"caption":"Heart Failure Matters"},"image":{"@id":"https:\/\/www.heartfailurematters.org\/de\/#\/schema\/logo\/image\/"},"sameAs":["https:\/\/www.facebook.com\/heartfailurematters"]}]}},"_links":{"self":[{"href":"https:\/\/www.heartfailurematters.org\/de\/wp-json\/wp\/v2\/pages\/1427","targetHints":{"allow":["GET"]}}],"collection":[{"href":"https:\/\/www.heartfailurematters.org\/de\/wp-json\/wp\/v2\/pages"}],"about":[{"href":"https:\/\/www.heartfailurematters.org\/de\/wp-json\/wp\/v2\/types\/page"}],"author":[{"embeddable":true,"href":"https:\/\/www.heartfailurematters.org\/de\/wp-json\/wp\/v2\/users\/1"}],"replies":[{"embeddable":true,"href":"https:\/\/www.heartfailurematters.org\/de\/wp-json\/wp\/v2\/comments?post=1427"}],"version-history":[{"count":1,"href":"https:\/\/www.heartfailurematters.org\/de\/wp-json\/wp\/v2\/pages\/1427\/revisions"}],"predecessor-version":[{"id":13657,"href":"https:\/\/www.heartfailurematters.org\/de\/wp-json\/wp\/v2\/pages\/1427\/revisions\/13657"}],"up":[{"embeddable":true,"href":"https:\/\/www.heartfailurematters.org\/de\/wp-json\/wp\/v2\/pages\/2762"}],"wp:featuredmedia":[{"embeddable":true,"href":"https:\/\/www.heartfailurematters.org\/de\/wp-json\/wp\/v2\/media\/11074"}],"wp:attachment":[{"href":"https:\/\/www.heartfailurematters.org\/de\/wp-json\/wp\/v2\/media?parent=1427"}],"wp:term":[{"taxonomy":"category","embeddable":true,"href":"https:\/\/www.heartfailurematters.org\/de\/wp-json\/wp\/v2\/categories?post=1427"},{"taxonomy":"post_tag","embeddable":true,"href":"https:\/\/www.heartfailurematters.org\/de\/wp-json\/wp\/v2\/tags?post=1427"}],"curies":[{"name":"wp","href":"https:\/\/api.w.org\/{rel}","templated":true}]}}