{"id":1426,"date":"2021-01-27T22:00:28","date_gmt":"2021-01-27T22:00:28","guid":{"rendered":"http:\/\/heartfailurematters.local:8888\/hoher-blutdruck\/"},"modified":"2021-09-24T17:14:50","modified_gmt":"2021-09-24T16:14:50","slug":"hoher-blutdruck","status":"publish","type":"page","link":"https:\/\/www.heartfailurematters.org\/de\/zurueck-zu-ursachen-fuer-herzinsuffizienz-und-andere-haeufige-erkrankungen\/hoher-blutdruck\/","title":{"rendered":"Bluthochdruck"},"content":{"rendered":"<p>Hoher Druck in Ihren Blutgef\u00e4\u00dfen wird als Bluthochdruck bezeichnet. Wird der Bluthochdruck nicht kontrolliert, erh\u00f6ht sich das Risiko, an Herzinsuffizienz zu erkranken, und zwar auf zwei Arten:<\/p>\n<ol>\n<li>Bluthochdruck erh\u00f6ht den Widerstand in Ihren Blutgef\u00e4\u00dfen, einschlie\u00dflich der Gef\u00e4\u00dfe, die Ihr Herz mit Blut versorgen. Dadurch kann es zu einem verringerten Fluss zum Herzmuskel kommen, der Ihr Herz schw\u00e4chen kann.<\/li>\n<li>Die Belastung f\u00fcr Ihr Herz erh\u00f6ht sich. Wenn der Druck zu hoch ist, muss Ihr Herz st\u00e4rker als normal pumpen, um den Blutkreislauf aufrechtzuerhalten. Um den h\u00f6heren Druck zu bew\u00e4ltigen und zu kompensieren, wird Ihr Herzmuskel dicker und \u201esteifer\u201c. Wenn dieser Zustand lange anh\u00e4lt, ist das Herz dann nicht mehr in der Lage, die erforderliche Blutmenge f\u00fcr die Versorgung der Organe zu liefern: es kommt zur Dekompensation und damit zur symptomatischen Herzinsuffizienz.<\/li>\n<\/ol>\n<p>Wenn bei Ihnen eine Herzinsuffizienz diagnostiziert wird, ist es wichtig, Ihren Blutdruck weiterhin zu kontrollieren. Der normale Blutdruck variiert mit dem Alter, aber Bluthochdruck (BP \u00fcber 140\/80 mmHg) verschlechtert Ihre Herzfunktion, verst\u00e4rkt Ihre Symptome und erfordert eine langfristige Behandlung. Weitere Informationen zur \u00dcberwachung Ihres Blutdrucks finden Sie im Abschnitt <a href=\"https:\/\/www.heartfailurematters.org\/heart-failure-causes-and-other-common-medical-conditions\/taking-your-own-blood-pressure-and-heart-rate-pulse\/\">Blutdruck- und Pulsmessung<\/a>.<\/p>\n<p>Wird der Bluthochdruck nicht richtig behandelt, erh\u00f6ht sich das Risiko einer Herzinsuffizienz. Wenn der Druck zu hoch ist, muss Ihr Herz st\u00e4rker als normal pumpen, um den Blutkreislauf aufrechtzuerhalten. Die Verengung und Blockierung von Blutgef\u00e4\u00dfen durch hohen Blutdruck erh\u00f6ht das Risiko, an Herzinsuffizienz zu erkranken. Verengte Arterien sind weniger elastisch und erschweren die Durchblutung des K\u00f6rpers.<\/p>\n<p>Die Behandlung umfasst Medikamente aber auch \u00c4nderungen des Lebensstils. Beide Ma\u00dfnahmen sind gleicherma\u00dfen wichtig f\u00fcr die Behandlung der Herzinsuffizienz. <a href=\"https:\/\/www.heartfailurematters.org\/what-you-can-do\/adapting-your-lifestyle\/\">\u00c4nderungen des Lebensstils<\/a> sind zum Beispiel Einschr\u00e4nkung der Natriumzufuhr (Salz), regelm\u00e4\u00dfige k\u00f6rperliche Aktivit\u00e4ten, Aufh\u00f6ren zu rauchen usw.<\/p>\n<p>Medikamente, die zur Behandlung von Herzinsuffizienz verwendet werden, senken normalerweise auch den Blutdruck. Diese Medikamente kommen deshalb als Erstes zum Einsatz. Wenn der Blutdruck weiterhin noch nicht unter Kontrolle ist, gibt es weitere m\u00f6gliche Medikamente. Beachten Sie, dass nicht alle Arzneimittel, die zur Behandlung von Bluthochdruck verwendet werden, gut f\u00fcr Patienten mit Herzinsuffizienz sind. Fragen zu Medikamenten <a href=\"https:\/\/www.heartfailurematters.org\/what-your-doctor-can-do\/heart-failure-medicines\/\">sollten Sie mit Behandlungsteam besprechen<\/a>.<\/p>\n<p>Wirkstoffklassen zur Behandlung von Bluthochdruck sind beispielsweise:<br \/>\n&#8211; Angiotensin-konvertierendes-Enzym-Inhibitoren (ACE-Inhibitoren)<br \/>\n&#8211; Angiotensin-Rezeptor-Blocker (ARB)<br \/>\n&#8211; Angiotensin-Rezeptor-Blocker \/ Neprilysin-Inhibitoren (ARNI)<br \/>\n&#8211; Betablocker<br \/>\n&#8211; Kalziumkanalblocker<br \/>\n&#8211; Mineralkortikoid-Rezeptor-Antagonisten (Aldosteron-Antagonisten)<br \/>\n&#8211; Diuretika<\/p>\n<p><a title=\"Zur\u00fcck zu H\u00e4ufige Herzerkrankungen\" href=\"https:\/\/www.heartfailurematters.org\/heart-failure-causes-and-other-common-medical-conditions\/common-heart-conditions\/\">Zur\u00fcck zu H\u00e4ufige Herzerkrankungen<\/a><\/p>\n","protected":false},"excerpt":{"rendered":"<p>Hoher Druck in Ihren Blutgef\u00e4\u00dfen wird als Bluthochdruck bezeichnet. Wird der Bluthochdruck nicht kontrolliert, erh\u00f6ht sich das Risiko, an Herzinsuffizienz zu erkranken, und zwar auf zwei Arten: Bluthochdruck erh\u00f6ht den Widerstand in Ihren Blutgef\u00e4\u00dfen, einschlie\u00dflich der Gef\u00e4\u00dfe, die Ihr Herz mit Blut versorgen. Dadurch kann es zu einem verringerten Fluss zum Herzmuskel kommen, der Ihr [&hellip;]<\/p>\n","protected":false},"author":1,"featured_media":10737,"parent":8049,"menu_order":4,"comment_status":"open","ping_status":"open","template":"","meta":{"_acf_changed":false,"footnotes":""},"categories":[],"tags":[],"class_list":["post-1426","page","type-page","status-publish","has-post-thumbnail","hentry"],"acf":[],"yoast_head":"<!-- This site is optimized with the Yoast SEO plugin v24.8.1 - https:\/\/yoast.com\/wordpress\/plugins\/seo\/ -->\n<title>Bluthochdruck und Herzinsuffizienz<\/title>\n<meta name=\"description\" content=\"Hoher Druck in Ihren Blutgef\u00e4\u00dfen wird als Bluthochdruck bezeichnet. Wenn der Druck zu hoch ist, muss Ihr Herz st\u00e4rker als normal pumpen, um den Blutkreislauf aufrechtzuerhalten.\" \/>\n<meta name=\"robots\" content=\"index, follow, max-snippet:-1, max-image-preview:large, max-video-preview:-1\" \/>\n<link rel=\"canonical\" href=\"https:\/\/www.heartfailurematters.org\/de\/zurueck-zu-ursachen-fuer-herzinsuffizienz-und-andere-haeufige-erkrankungen\/hoher-blutdruck\/\" \/>\n<meta property=\"og:locale\" content=\"de_DE\" \/>\n<meta property=\"og:type\" content=\"article\" \/>\n<meta property=\"og:title\" content=\"Bluthochdruck und Herzinsuffizienz\" \/>\n<meta property=\"og:description\" content=\"Hoher Druck in Ihren Blutgef\u00e4\u00dfen wird als Bluthochdruck bezeichnet. Wenn der Druck zu hoch ist, muss Ihr Herz st\u00e4rker als normal pumpen, um den Blutkreislauf aufrechtzuerhalten.\" \/>\n<meta property=\"og:url\" content=\"https:\/\/www.heartfailurematters.org\/de\/zurueck-zu-ursachen-fuer-herzinsuffizienz-und-andere-haeufige-erkrankungen\/hoher-blutdruck\/\" \/>\n<meta property=\"og:site_name\" content=\"Heart Failure Matters\" \/>\n<meta property=\"article:publisher\" content=\"https:\/\/www.facebook.com\/heartfailurematters\" \/>\n<meta property=\"article:modified_time\" content=\"2021-09-24T16:14:50+00:00\" \/>\n<meta property=\"og:image\" content=\"https:\/\/www.heartfailurematters.org\/wp-content\/uploads\/2022\/03\/shutterstock_312824303-1-min.jpg\" \/>\n\t<meta property=\"og:image:width\" content=\"900\" \/>\n\t<meta property=\"og:image:height\" content=\"600\" \/>\n\t<meta property=\"og:image:type\" content=\"image\/jpeg\" \/>\n<meta name=\"twitter:card\" content=\"summary_large_image\" \/>\n<meta name=\"twitter:label1\" content=\"Gesch\u00e4tzte Lesezeit\" \/>\n\t<meta name=\"twitter:data1\" content=\"2\u00a0Minuten\" \/>\n<script type=\"application\/ld+json\" class=\"yoast-schema-graph\">{\"@context\":\"https:\/\/schema.org\",\"@graph\":[{\"@type\":\"WebPage\",\"@id\":\"https:\/\/www.heartfailurematters.org\/de\/zurueck-zu-ursachen-fuer-herzinsuffizienz-und-andere-haeufige-erkrankungen\/hoher-blutdruck\/\",\"url\":\"https:\/\/www.heartfailurematters.org\/de\/zurueck-zu-ursachen-fuer-herzinsuffizienz-und-andere-haeufige-erkrankungen\/hoher-blutdruck\/\",\"name\":\"Bluthochdruck und Herzinsuffizienz\",\"isPartOf\":{\"@id\":\"https:\/\/www.heartfailurematters.org\/de\/#website\"},\"primaryImageOfPage\":{\"@id\":\"https:\/\/www.heartfailurematters.org\/de\/zurueck-zu-ursachen-fuer-herzinsuffizienz-und-andere-haeufige-erkrankungen\/hoher-blutdruck\/#primaryimage\"},\"image\":{\"@id\":\"https:\/\/www.heartfailurematters.org\/de\/zurueck-zu-ursachen-fuer-herzinsuffizienz-und-andere-haeufige-erkrankungen\/hoher-blutdruck\/#primaryimage\"},\"thumbnailUrl\":\"https:\/\/www.heartfailurematters.org\/wp-content\/uploads\/2022\/03\/shutterstock_312824303-1-min.jpg\",\"datePublished\":\"2021-01-27T22:00:28+00:00\",\"dateModified\":\"2021-09-24T16:14:50+00:00\",\"description\":\"Hoher Druck in Ihren Blutgef\u00e4\u00dfen wird als Bluthochdruck bezeichnet. Wenn der Druck zu hoch ist, muss Ihr Herz st\u00e4rker als normal pumpen, um den Blutkreislauf aufrechtzuerhalten.\",\"breadcrumb\":{\"@id\":\"https:\/\/www.heartfailurematters.org\/de\/zurueck-zu-ursachen-fuer-herzinsuffizienz-und-andere-haeufige-erkrankungen\/hoher-blutdruck\/#breadcrumb\"},\"inLanguage\":\"de\",\"potentialAction\":[{\"@type\":\"ReadAction\",\"target\":[\"https:\/\/www.heartfailurematters.org\/de\/zurueck-zu-ursachen-fuer-herzinsuffizienz-und-andere-haeufige-erkrankungen\/hoher-blutdruck\/\"]}]},{\"@type\":\"ImageObject\",\"inLanguage\":\"de\",\"@id\":\"https:\/\/www.heartfailurematters.org\/de\/zurueck-zu-ursachen-fuer-herzinsuffizienz-und-andere-haeufige-erkrankungen\/hoher-blutdruck\/#primaryimage\",\"url\":\"https:\/\/www.heartfailurematters.org\/wp-content\/uploads\/2022\/03\/shutterstock_312824303-1-min.jpg\",\"contentUrl\":\"https:\/\/www.heartfailurematters.org\/wp-content\/uploads\/2022\/03\/shutterstock_312824303-1-min.jpg\",\"width\":900,\"height\":600},{\"@type\":\"BreadcrumbList\",\"@id\":\"https:\/\/www.heartfailurematters.org\/de\/zurueck-zu-ursachen-fuer-herzinsuffizienz-und-andere-haeufige-erkrankungen\/hoher-blutdruck\/#breadcrumb\",\"itemListElement\":[{\"@type\":\"ListItem\",\"position\":1,\"name\":\"Startseite\",\"item\":\"https:\/\/www.heartfailurematters.org\/de\/\"},{\"@type\":\"ListItem\",\"position\":2,\"name\":\"Ursachen f\u00fcr Herzinsuffizienz und andere h\u00e4ufige Erkrankungen\",\"item\":\"https:\/\/www.heartfailurematters.org\/de\/zurueck-zu-ursachen-fuer-herzinsuffizienz-und-andere-haeufige-erkrankungen\/\"},{\"@type\":\"ListItem\",\"position\":3,\"name\":\"Bluthochdruck\"}]},{\"@type\":\"WebSite\",\"@id\":\"https:\/\/www.heartfailurematters.org\/de\/#website\",\"url\":\"https:\/\/www.heartfailurematters.org\/de\/\",\"name\":\"Heart Failure Matters\",\"description\":\"Practical information for patients, families and caregivers.\",\"publisher\":{\"@id\":\"https:\/\/www.heartfailurematters.org\/de\/#organization\"},\"potentialAction\":[{\"@type\":\"SearchAction\",\"target\":{\"@type\":\"EntryPoint\",\"urlTemplate\":\"https:\/\/www.heartfailurematters.org\/de\/?s={search_term_string}\"},\"query-input\":{\"@type\":\"PropertyValueSpecification\",\"valueRequired\":true,\"valueName\":\"search_term_string\"}}],\"inLanguage\":\"de\"},{\"@type\":\"Organization\",\"@id\":\"https:\/\/www.heartfailurematters.org\/de\/#organization\",\"name\":\"Heart Failure Matters\",\"url\":\"https:\/\/www.heartfailurematters.org\/de\/\",\"logo\":{\"@type\":\"ImageObject\",\"inLanguage\":\"de\",\"@id\":\"https:\/\/www.heartfailurematters.org\/de\/#\/schema\/logo\/image\/\",\"url\":\"https:\/\/cdn-endpoint-hfm.azureedge.net\/heartfailurematters\/2024\/07\/hfm-logo1.jpg\",\"contentUrl\":\"https:\/\/cdn-endpoint-hfm.azureedge.net\/heartfailurematters\/2024\/07\/hfm-logo1.jpg\",\"width\":1280,\"height\":720,\"caption\":\"Heart Failure Matters\"},\"image\":{\"@id\":\"https:\/\/www.heartfailurematters.org\/de\/#\/schema\/logo\/image\/\"},\"sameAs\":[\"https:\/\/www.facebook.com\/heartfailurematters\"]}]}<\/script>\n<!-- \/ Yoast SEO plugin. -->","yoast_head_json":{"title":"Bluthochdruck und Herzinsuffizienz","description":"Hoher Druck in Ihren Blutgef\u00e4\u00dfen wird als Bluthochdruck bezeichnet. Wenn der Druck zu hoch ist, muss Ihr Herz st\u00e4rker als normal pumpen, um den Blutkreislauf aufrechtzuerhalten.","robots":{"index":"index","follow":"follow","max-snippet":"max-snippet:-1","max-image-preview":"max-image-preview:large","max-video-preview":"max-video-preview:-1"},"canonical":"https:\/\/www.heartfailurematters.org\/de\/zurueck-zu-ursachen-fuer-herzinsuffizienz-und-andere-haeufige-erkrankungen\/hoher-blutdruck\/","og_locale":"de_DE","og_type":"article","og_title":"Bluthochdruck und Herzinsuffizienz","og_description":"Hoher Druck in Ihren Blutgef\u00e4\u00dfen wird als Bluthochdruck bezeichnet. Wenn der Druck zu hoch ist, muss Ihr Herz st\u00e4rker als normal pumpen, um den Blutkreislauf aufrechtzuerhalten.","og_url":"https:\/\/www.heartfailurematters.org\/de\/zurueck-zu-ursachen-fuer-herzinsuffizienz-und-andere-haeufige-erkrankungen\/hoher-blutdruck\/","og_site_name":"Heart Failure Matters","article_publisher":"https:\/\/www.facebook.com\/heartfailurematters","article_modified_time":"2021-09-24T16:14:50+00:00","og_image":[{"width":900,"height":600,"url":"https:\/\/www.heartfailurematters.org\/wp-content\/uploads\/2022\/03\/shutterstock_312824303-1-min.jpg","type":"image\/jpeg"}],"twitter_card":"summary_large_image","twitter_misc":{"Gesch\u00e4tzte Lesezeit":"2\u00a0Minuten"},"schema":{"@context":"https:\/\/schema.org","@graph":[{"@type":"WebPage","@id":"https:\/\/www.heartfailurematters.org\/de\/zurueck-zu-ursachen-fuer-herzinsuffizienz-und-andere-haeufige-erkrankungen\/hoher-blutdruck\/","url":"https:\/\/www.heartfailurematters.org\/de\/zurueck-zu-ursachen-fuer-herzinsuffizienz-und-andere-haeufige-erkrankungen\/hoher-blutdruck\/","name":"Bluthochdruck und Herzinsuffizienz","isPartOf":{"@id":"https:\/\/www.heartfailurematters.org\/de\/#website"},"primaryImageOfPage":{"@id":"https:\/\/www.heartfailurematters.org\/de\/zurueck-zu-ursachen-fuer-herzinsuffizienz-und-andere-haeufige-erkrankungen\/hoher-blutdruck\/#primaryimage"},"image":{"@id":"https:\/\/www.heartfailurematters.org\/de\/zurueck-zu-ursachen-fuer-herzinsuffizienz-und-andere-haeufige-erkrankungen\/hoher-blutdruck\/#primaryimage"},"thumbnailUrl":"https:\/\/www.heartfailurematters.org\/wp-content\/uploads\/2022\/03\/shutterstock_312824303-1-min.jpg","datePublished":"2021-01-27T22:00:28+00:00","dateModified":"2021-09-24T16:14:50+00:00","description":"Hoher Druck in Ihren Blutgef\u00e4\u00dfen wird als Bluthochdruck bezeichnet. Wenn der Druck zu hoch ist, muss Ihr Herz st\u00e4rker als normal pumpen, um den Blutkreislauf aufrechtzuerhalten.","breadcrumb":{"@id":"https:\/\/www.heartfailurematters.org\/de\/zurueck-zu-ursachen-fuer-herzinsuffizienz-und-andere-haeufige-erkrankungen\/hoher-blutdruck\/#breadcrumb"},"inLanguage":"de","potentialAction":[{"@type":"ReadAction","target":["https:\/\/www.heartfailurematters.org\/de\/zurueck-zu-ursachen-fuer-herzinsuffizienz-und-andere-haeufige-erkrankungen\/hoher-blutdruck\/"]}]},{"@type":"ImageObject","inLanguage":"de","@id":"https:\/\/www.heartfailurematters.org\/de\/zurueck-zu-ursachen-fuer-herzinsuffizienz-und-andere-haeufige-erkrankungen\/hoher-blutdruck\/#primaryimage","url":"https:\/\/www.heartfailurematters.org\/wp-content\/uploads\/2022\/03\/shutterstock_312824303-1-min.jpg","contentUrl":"https:\/\/www.heartfailurematters.org\/wp-content\/uploads\/2022\/03\/shutterstock_312824303-1-min.jpg","width":900,"height":600},{"@type":"BreadcrumbList","@id":"https:\/\/www.heartfailurematters.org\/de\/zurueck-zu-ursachen-fuer-herzinsuffizienz-und-andere-haeufige-erkrankungen\/hoher-blutdruck\/#breadcrumb","itemListElement":[{"@type":"ListItem","position":1,"name":"Startseite","item":"https:\/\/www.heartfailurematters.org\/de\/"},{"@type":"ListItem","position":2,"name":"Ursachen f\u00fcr Herzinsuffizienz und andere h\u00e4ufige Erkrankungen","item":"https:\/\/www.heartfailurematters.org\/de\/zurueck-zu-ursachen-fuer-herzinsuffizienz-und-andere-haeufige-erkrankungen\/"},{"@type":"ListItem","position":3,"name":"Bluthochdruck"}]},{"@type":"WebSite","@id":"https:\/\/www.heartfailurematters.org\/de\/#website","url":"https:\/\/www.heartfailurematters.org\/de\/","name":"Heart Failure Matters","description":"Practical information for patients, families and caregivers.","publisher":{"@id":"https:\/\/www.heartfailurematters.org\/de\/#organization"},"potentialAction":[{"@type":"SearchAction","target":{"@type":"EntryPoint","urlTemplate":"https:\/\/www.heartfailurematters.org\/de\/?s={search_term_string}"},"query-input":{"@type":"PropertyValueSpecification","valueRequired":true,"valueName":"search_term_string"}}],"inLanguage":"de"},{"@type":"Organization","@id":"https:\/\/www.heartfailurematters.org\/de\/#organization","name":"Heart Failure Matters","url":"https:\/\/www.heartfailurematters.org\/de\/","logo":{"@type":"ImageObject","inLanguage":"de","@id":"https:\/\/www.heartfailurematters.org\/de\/#\/schema\/logo\/image\/","url":"https:\/\/cdn-endpoint-hfm.azureedge.net\/heartfailurematters\/2024\/07\/hfm-logo1.jpg","contentUrl":"https:\/\/cdn-endpoint-hfm.azureedge.net\/heartfailurematters\/2024\/07\/hfm-logo1.jpg","width":1280,"height":720,"caption":"Heart Failure Matters"},"image":{"@id":"https:\/\/www.heartfailurematters.org\/de\/#\/schema\/logo\/image\/"},"sameAs":["https:\/\/www.facebook.com\/heartfailurematters"]}]}},"_links":{"self":[{"href":"https:\/\/www.heartfailurematters.org\/de\/wp-json\/wp\/v2\/pages\/1426","targetHints":{"allow":["GET"]}}],"collection":[{"href":"https:\/\/www.heartfailurematters.org\/de\/wp-json\/wp\/v2\/pages"}],"about":[{"href":"https:\/\/www.heartfailurematters.org\/de\/wp-json\/wp\/v2\/types\/page"}],"author":[{"embeddable":true,"href":"https:\/\/www.heartfailurematters.org\/de\/wp-json\/wp\/v2\/users\/1"}],"replies":[{"embeddable":true,"href":"https:\/\/www.heartfailurematters.org\/de\/wp-json\/wp\/v2\/comments?post=1426"}],"version-history":[{"count":2,"href":"https:\/\/www.heartfailurematters.org\/de\/wp-json\/wp\/v2\/pages\/1426\/revisions"}],"predecessor-version":[{"id":9379,"href":"https:\/\/www.heartfailurematters.org\/de\/wp-json\/wp\/v2\/pages\/1426\/revisions\/9379"}],"up":[{"embeddable":true,"href":"https:\/\/www.heartfailurematters.org\/de\/wp-json\/wp\/v2\/pages\/8049"}],"wp:featuredmedia":[{"embeddable":true,"href":"https:\/\/www.heartfailurematters.org\/de\/wp-json\/wp\/v2\/media\/10737"}],"wp:attachment":[{"href":"https:\/\/www.heartfailurematters.org\/de\/wp-json\/wp\/v2\/media?parent=1426"}],"wp:term":[{"taxonomy":"category","embeddable":true,"href":"https:\/\/www.heartfailurematters.org\/de\/wp-json\/wp\/v2\/categories?post=1426"},{"taxonomy":"post_tag","embeddable":true,"href":"https:\/\/www.heartfailurematters.org\/de\/wp-json\/wp\/v2\/tags?post=1426"}],"curies":[{"name":"wp","href":"https:\/\/api.w.org\/{rel}","templated":true}]}}