{"id":1425,"date":"2021-01-27T22:00:28","date_gmt":"2021-01-27T22:00:28","guid":{"rendered":"http:\/\/heartfailurematters.local:8888\/flugreisen\/"},"modified":"2021-01-27T22:00:28","modified_gmt":"2021-01-27T22:00:28","slug":"flugreisen","status":"publish","type":"page","link":"https:\/\/www.heartfailurematters.org\/de\/leben-mit-herzinsuffizienz\/flugreisen\/","title":{"rendered":"Flugreisen"},"content":{"rendered":"<p>Flugreisen stellen gew\u00f6hnlich f\u00fcr Menschen mit Herzinsuffizienz kein Problem dar, obgleich die Luft in gro\u00dfer H\u00f6he d\u00fcnner ist \u2013 sogar in den heutigen Flugzeugkabinen mit Druckausgleich. In seltenen F\u00e4llen kann Ihr Arzt eine zus\u00e4tzliche Sauerstoffgabe empfehlen. Wenden Sie sich daher vor Ihrer Reise an die Fluggesellschaft, mit der Sie fliegen, damit Sie deren Richtlinien zur Verwendung von zus\u00e4tzlichem Sauerstoff \u00fcberpr\u00fcfen und die entsprechenden Vorkehrungen treffen k\u00f6nnen.<\/p>\n<p>Wenn bei Ihnen ein medizinisches Implantat (<strong>Schrittmacher<\/strong><\/a>, <strong>CRT<\/strong><\/a>, <strong>ICD<\/strong><\/a>) eingesetzt wurde, wird dies wahrscheinlich in der Sicherheitsschleuse Alarm ausl\u00f6sen. Daher sollten Sie das Sicherheitspersonal vorab informieren. Die Sicherheitskontrolle und die Flugreise beeintr\u00e4chtigen das Ger\u00e4t selbst nicht. Die Ger\u00e4te sind heute technischer Standard, so dass erforderlichenfalls eine \u00dcberpr\u00fcfung fast \u00fcberall auf der Welt durchgef\u00fchrt werden kann.<\/p>\n<p>Das Stillsitzen \u00fcber l\u00e4ngere Zeit in engen Flugzeugen f\u00fchrt h\u00e4ufig zu Schwellungen der Kn\u00f6chel und bisweilen auch zu Muskelkr\u00e4mpfen. H\u00e4ufige Dehn- und Muskel\u00fcbungen k\u00f6nnen hier Abhilfe schaffen, ebenso wie das Herumgehen in der Kabine und im Wartebereich des Flughafens. Verzichten Sie m\u00f6glichst auf Alkohol und achten Sie darauf, gen\u00fcgend zu trinken. In manchen F\u00e4llen kann Ihr Arzt auch empfehlen, kniehohe St\u00fctzstr\u00fcmpfe w\u00e4hrend des Flugs zu tragen, um eine Unterschenkelthrombose zu vermeiden.<\/p>\n<p>Zur\u00fcck zu \u201cReisen\u201d<\/a><\/p>\n","protected":false},"excerpt":{"rendered":"<p>Flugreisen stellen gew\u00f6hnlich f\u00fcr Menschen mit Herzinsuffizienz kein Problem dar, obgleich die Luft in gro\u00dfer H\u00f6he d\u00fcnner ist \u2013 sogar in den heutigen Flugzeugkabinen mit Druckausgleich. In seltenen F\u00e4llen kann Ihr Arzt eine zus\u00e4tzliche Sauerstoffgabe empfehlen. Wenden Sie sich daher vor Ihrer Reise an die Fluggesellschaft, mit der Sie fliegen, damit Sie deren Richtlinien zur [&hellip;]<\/p>\n","protected":false},"author":1,"featured_media":11099,"parent":2813,"menu_order":0,"comment_status":"open","ping_status":"open","template":"","meta":{"_acf_changed":false,"footnotes":""},"categories":[],"tags":[],"class_list":["post-1425","page","type-page","status-publish","has-post-thumbnail","hentry"],"acf":[],"yoast_head":"<!-- This site is optimized with the Yoast SEO plugin v24.8.1 - https:\/\/yoast.com\/wordpress\/plugins\/seo\/ -->\n<title>Flugreisen mit Herzinsuffizienz<\/title>\n<meta name=\"description\" content=\"Wenn Ihre Herzinsuffizienz gut kontrolliert und stabil ist, sollten Sie im Allgemeinen keine Schwierigkeiten mit einer leichten Senkung des Sauerstoffgehalts im Flugzeug haben, vorausgesetzt, Ihre Symptome sind vor Reiseantritt stabil.\" \/>\n<meta name=\"robots\" content=\"index, follow, max-snippet:-1, max-image-preview:large, max-video-preview:-1\" \/>\n<link rel=\"canonical\" href=\"https:\/\/www.heartfailurematters.org\/de\/leben-mit-herzinsuffizienz\/flugreisen\/\" \/>\n<meta property=\"og:locale\" content=\"de_DE\" \/>\n<meta property=\"og:type\" content=\"article\" \/>\n<meta property=\"og:title\" content=\"Flugreisen mit Herzinsuffizienz\" \/>\n<meta property=\"og:description\" content=\"Wenn Ihre Herzinsuffizienz gut kontrolliert und stabil ist, sollten Sie im Allgemeinen keine Schwierigkeiten mit einer leichten Senkung des Sauerstoffgehalts im Flugzeug haben, vorausgesetzt, Ihre Symptome sind vor Reiseantritt stabil.\" \/>\n<meta property=\"og:url\" content=\"https:\/\/www.heartfailurematters.org\/de\/leben-mit-herzinsuffizienz\/flugreisen\/\" \/>\n<meta property=\"og:site_name\" content=\"Heart Failure Matters\" \/>\n<meta property=\"article:publisher\" content=\"https:\/\/www.facebook.com\/heartfailurematters\" \/>\n<meta property=\"og:image\" content=\"https:\/\/www.heartfailurematters.org\/wp-content\/uploads\/2022\/03\/shutterstock_1936631263-1-min.jpg\" \/>\n\t<meta property=\"og:image:width\" content=\"900\" \/>\n\t<meta property=\"og:image:height\" content=\"604\" \/>\n\t<meta property=\"og:image:type\" content=\"image\/jpeg\" \/>\n<meta name=\"twitter:card\" content=\"summary_large_image\" \/>\n<meta name=\"twitter:label1\" content=\"Gesch\u00e4tzte Lesezeit\" \/>\n\t<meta name=\"twitter:data1\" content=\"1\u00a0Minute\" \/>\n<script type=\"application\/ld+json\" class=\"yoast-schema-graph\">{\"@context\":\"https:\/\/schema.org\",\"@graph\":[{\"@type\":\"WebPage\",\"@id\":\"https:\/\/www.heartfailurematters.org\/de\/leben-mit-herzinsuffizienz\/flugreisen\/\",\"url\":\"https:\/\/www.heartfailurematters.org\/de\/leben-mit-herzinsuffizienz\/flugreisen\/\",\"name\":\"Flugreisen mit Herzinsuffizienz\",\"isPartOf\":{\"@id\":\"https:\/\/www.heartfailurematters.org\/de\/#website\"},\"primaryImageOfPage\":{\"@id\":\"https:\/\/www.heartfailurematters.org\/de\/leben-mit-herzinsuffizienz\/flugreisen\/#primaryimage\"},\"image\":{\"@id\":\"https:\/\/www.heartfailurematters.org\/de\/leben-mit-herzinsuffizienz\/flugreisen\/#primaryimage\"},\"thumbnailUrl\":\"https:\/\/www.heartfailurematters.org\/wp-content\/uploads\/2022\/03\/shutterstock_1936631263-1-min.jpg\",\"datePublished\":\"2021-01-27T22:00:28+00:00\",\"description\":\"Wenn Ihre Herzinsuffizienz gut kontrolliert und stabil ist, sollten Sie im Allgemeinen keine Schwierigkeiten mit einer leichten Senkung des Sauerstoffgehalts im Flugzeug haben, vorausgesetzt, Ihre Symptome sind vor Reiseantritt stabil.\",\"breadcrumb\":{\"@id\":\"https:\/\/www.heartfailurematters.org\/de\/leben-mit-herzinsuffizienz\/flugreisen\/#breadcrumb\"},\"inLanguage\":\"de\",\"potentialAction\":[{\"@type\":\"ReadAction\",\"target\":[\"https:\/\/www.heartfailurematters.org\/de\/leben-mit-herzinsuffizienz\/flugreisen\/\"]}]},{\"@type\":\"ImageObject\",\"inLanguage\":\"de\",\"@id\":\"https:\/\/www.heartfailurematters.org\/de\/leben-mit-herzinsuffizienz\/flugreisen\/#primaryimage\",\"url\":\"https:\/\/www.heartfailurematters.org\/wp-content\/uploads\/2022\/03\/shutterstock_1936631263-1-min.jpg\",\"contentUrl\":\"https:\/\/www.heartfailurematters.org\/wp-content\/uploads\/2022\/03\/shutterstock_1936631263-1-min.jpg\",\"width\":900,\"height\":604},{\"@type\":\"BreadcrumbList\",\"@id\":\"https:\/\/www.heartfailurematters.org\/de\/leben-mit-herzinsuffizienz\/flugreisen\/#breadcrumb\",\"itemListElement\":[{\"@type\":\"ListItem\",\"position\":1,\"name\":\"Startseite\",\"item\":\"https:\/\/www.heartfailurematters.org\/de\/\"},{\"@type\":\"ListItem\",\"position\":2,\"name\":\"Leben mit Herzinsuffizienz\",\"item\":\"https:\/\/www.heartfailurematters.org\/de\/leben-mit-herzinsuffizienz\/\"},{\"@type\":\"ListItem\",\"position\":3,\"name\":\"Flugreisen\"}]},{\"@type\":\"WebSite\",\"@id\":\"https:\/\/www.heartfailurematters.org\/de\/#website\",\"url\":\"https:\/\/www.heartfailurematters.org\/de\/\",\"name\":\"Heart Failure Matters\",\"description\":\"Practical information for patients, families and caregivers.\",\"publisher\":{\"@id\":\"https:\/\/www.heartfailurematters.org\/de\/#organization\"},\"potentialAction\":[{\"@type\":\"SearchAction\",\"target\":{\"@type\":\"EntryPoint\",\"urlTemplate\":\"https:\/\/www.heartfailurematters.org\/de\/?s={search_term_string}\"},\"query-input\":{\"@type\":\"PropertyValueSpecification\",\"valueRequired\":true,\"valueName\":\"search_term_string\"}}],\"inLanguage\":\"de\"},{\"@type\":\"Organization\",\"@id\":\"https:\/\/www.heartfailurematters.org\/de\/#organization\",\"name\":\"Heart Failure Matters\",\"url\":\"https:\/\/www.heartfailurematters.org\/de\/\",\"logo\":{\"@type\":\"ImageObject\",\"inLanguage\":\"de\",\"@id\":\"https:\/\/www.heartfailurematters.org\/de\/#\/schema\/logo\/image\/\",\"url\":\"https:\/\/cdn-endpoint-hfm.azureedge.net\/heartfailurematters\/2024\/07\/hfm-logo1.jpg\",\"contentUrl\":\"https:\/\/cdn-endpoint-hfm.azureedge.net\/heartfailurematters\/2024\/07\/hfm-logo1.jpg\",\"width\":1280,\"height\":720,\"caption\":\"Heart Failure Matters\"},\"image\":{\"@id\":\"https:\/\/www.heartfailurematters.org\/de\/#\/schema\/logo\/image\/\"},\"sameAs\":[\"https:\/\/www.facebook.com\/heartfailurematters\"]}]}<\/script>\n<!-- \/ Yoast SEO plugin. -->","yoast_head_json":{"title":"Flugreisen mit Herzinsuffizienz","description":"Wenn Ihre Herzinsuffizienz gut kontrolliert und stabil ist, sollten Sie im Allgemeinen keine Schwierigkeiten mit einer leichten Senkung des Sauerstoffgehalts im Flugzeug haben, vorausgesetzt, Ihre Symptome sind vor Reiseantritt stabil.","robots":{"index":"index","follow":"follow","max-snippet":"max-snippet:-1","max-image-preview":"max-image-preview:large","max-video-preview":"max-video-preview:-1"},"canonical":"https:\/\/www.heartfailurematters.org\/de\/leben-mit-herzinsuffizienz\/flugreisen\/","og_locale":"de_DE","og_type":"article","og_title":"Flugreisen mit Herzinsuffizienz","og_description":"Wenn Ihre Herzinsuffizienz gut kontrolliert und stabil ist, sollten Sie im Allgemeinen keine Schwierigkeiten mit einer leichten Senkung des Sauerstoffgehalts im Flugzeug haben, vorausgesetzt, Ihre Symptome sind vor Reiseantritt stabil.","og_url":"https:\/\/www.heartfailurematters.org\/de\/leben-mit-herzinsuffizienz\/flugreisen\/","og_site_name":"Heart Failure Matters","article_publisher":"https:\/\/www.facebook.com\/heartfailurematters","og_image":[{"width":900,"height":604,"url":"https:\/\/www.heartfailurematters.org\/wp-content\/uploads\/2022\/03\/shutterstock_1936631263-1-min.jpg","type":"image\/jpeg"}],"twitter_card":"summary_large_image","twitter_misc":{"Gesch\u00e4tzte Lesezeit":"1\u00a0Minute"},"schema":{"@context":"https:\/\/schema.org","@graph":[{"@type":"WebPage","@id":"https:\/\/www.heartfailurematters.org\/de\/leben-mit-herzinsuffizienz\/flugreisen\/","url":"https:\/\/www.heartfailurematters.org\/de\/leben-mit-herzinsuffizienz\/flugreisen\/","name":"Flugreisen mit Herzinsuffizienz","isPartOf":{"@id":"https:\/\/www.heartfailurematters.org\/de\/#website"},"primaryImageOfPage":{"@id":"https:\/\/www.heartfailurematters.org\/de\/leben-mit-herzinsuffizienz\/flugreisen\/#primaryimage"},"image":{"@id":"https:\/\/www.heartfailurematters.org\/de\/leben-mit-herzinsuffizienz\/flugreisen\/#primaryimage"},"thumbnailUrl":"https:\/\/www.heartfailurematters.org\/wp-content\/uploads\/2022\/03\/shutterstock_1936631263-1-min.jpg","datePublished":"2021-01-27T22:00:28+00:00","description":"Wenn Ihre Herzinsuffizienz gut kontrolliert und stabil ist, sollten Sie im Allgemeinen keine Schwierigkeiten mit einer leichten Senkung des Sauerstoffgehalts im Flugzeug haben, vorausgesetzt, Ihre Symptome sind vor Reiseantritt stabil.","breadcrumb":{"@id":"https:\/\/www.heartfailurematters.org\/de\/leben-mit-herzinsuffizienz\/flugreisen\/#breadcrumb"},"inLanguage":"de","potentialAction":[{"@type":"ReadAction","target":["https:\/\/www.heartfailurematters.org\/de\/leben-mit-herzinsuffizienz\/flugreisen\/"]}]},{"@type":"ImageObject","inLanguage":"de","@id":"https:\/\/www.heartfailurematters.org\/de\/leben-mit-herzinsuffizienz\/flugreisen\/#primaryimage","url":"https:\/\/www.heartfailurematters.org\/wp-content\/uploads\/2022\/03\/shutterstock_1936631263-1-min.jpg","contentUrl":"https:\/\/www.heartfailurematters.org\/wp-content\/uploads\/2022\/03\/shutterstock_1936631263-1-min.jpg","width":900,"height":604},{"@type":"BreadcrumbList","@id":"https:\/\/www.heartfailurematters.org\/de\/leben-mit-herzinsuffizienz\/flugreisen\/#breadcrumb","itemListElement":[{"@type":"ListItem","position":1,"name":"Startseite","item":"https:\/\/www.heartfailurematters.org\/de\/"},{"@type":"ListItem","position":2,"name":"Leben mit Herzinsuffizienz","item":"https:\/\/www.heartfailurematters.org\/de\/leben-mit-herzinsuffizienz\/"},{"@type":"ListItem","position":3,"name":"Flugreisen"}]},{"@type":"WebSite","@id":"https:\/\/www.heartfailurematters.org\/de\/#website","url":"https:\/\/www.heartfailurematters.org\/de\/","name":"Heart Failure Matters","description":"Practical information for patients, families and caregivers.","publisher":{"@id":"https:\/\/www.heartfailurematters.org\/de\/#organization"},"potentialAction":[{"@type":"SearchAction","target":{"@type":"EntryPoint","urlTemplate":"https:\/\/www.heartfailurematters.org\/de\/?s={search_term_string}"},"query-input":{"@type":"PropertyValueSpecification","valueRequired":true,"valueName":"search_term_string"}}],"inLanguage":"de"},{"@type":"Organization","@id":"https:\/\/www.heartfailurematters.org\/de\/#organization","name":"Heart Failure Matters","url":"https:\/\/www.heartfailurematters.org\/de\/","logo":{"@type":"ImageObject","inLanguage":"de","@id":"https:\/\/www.heartfailurematters.org\/de\/#\/schema\/logo\/image\/","url":"https:\/\/cdn-endpoint-hfm.azureedge.net\/heartfailurematters\/2024\/07\/hfm-logo1.jpg","contentUrl":"https:\/\/cdn-endpoint-hfm.azureedge.net\/heartfailurematters\/2024\/07\/hfm-logo1.jpg","width":1280,"height":720,"caption":"Heart Failure Matters"},"image":{"@id":"https:\/\/www.heartfailurematters.org\/de\/#\/schema\/logo\/image\/"},"sameAs":["https:\/\/www.facebook.com\/heartfailurematters"]}]}},"_links":{"self":[{"href":"https:\/\/www.heartfailurematters.org\/de\/wp-json\/wp\/v2\/pages\/1425","targetHints":{"allow":["GET"]}}],"collection":[{"href":"https:\/\/www.heartfailurematters.org\/de\/wp-json\/wp\/v2\/pages"}],"about":[{"href":"https:\/\/www.heartfailurematters.org\/de\/wp-json\/wp\/v2\/types\/page"}],"author":[{"embeddable":true,"href":"https:\/\/www.heartfailurematters.org\/de\/wp-json\/wp\/v2\/users\/1"}],"replies":[{"embeddable":true,"href":"https:\/\/www.heartfailurematters.org\/de\/wp-json\/wp\/v2\/comments?post=1425"}],"version-history":[{"count":0,"href":"https:\/\/www.heartfailurematters.org\/de\/wp-json\/wp\/v2\/pages\/1425\/revisions"}],"up":[{"embeddable":true,"href":"https:\/\/www.heartfailurematters.org\/de\/wp-json\/wp\/v2\/pages\/2813"}],"wp:featuredmedia":[{"embeddable":true,"href":"https:\/\/www.heartfailurematters.org\/de\/wp-json\/wp\/v2\/media\/11099"}],"wp:attachment":[{"href":"https:\/\/www.heartfailurematters.org\/de\/wp-json\/wp\/v2\/media?parent=1425"}],"wp:term":[{"taxonomy":"category","embeddable":true,"href":"https:\/\/www.heartfailurematters.org\/de\/wp-json\/wp\/v2\/categories?post=1425"},{"taxonomy":"post_tag","embeddable":true,"href":"https:\/\/www.heartfailurematters.org\/de\/wp-json\/wp\/v2\/tags?post=1425"}],"curies":[{"name":"wp","href":"https:\/\/api.w.org\/{rel}","templated":true}]}}