{"id":1420,"date":"2021-01-27T22:00:28","date_gmt":"2021-01-27T22:00:28","guid":{"rendered":"http:\/\/heartfailurematters.local:8888\/depressionen-und-angstzustaende-erkennen\/"},"modified":"2021-01-27T22:00:28","modified_gmt":"2021-01-27T22:00:28","slug":"depressionen-und-angstzustaende-erkennen","status":"publish","type":"page","link":"https:\/\/www.heartfailurematters.org\/de\/fuer-pflegende-angehoerige\/depressionen-und-angstzustaende-erkennen\/","title":{"rendered":"Depressionen und Angstzust\u00e4nde erkennen"},"content":{"rendered":"<p>Menschen mit einer schweren Erkrankung wie einer Herzinsuffizienz m\u00fcssen sich zwangsl\u00e4ufig manchmal sehr traurig oder niedergeschlagen f\u00fchlen. Wenn diese Gef\u00fchle jedoch anhalten und Sie feststellen, dass Ihr Partner oder Angeh\u00f6riger an Alltagsaktivit\u00e4ten nicht mehr so freudig teilnimmt wie fr\u00fcher, oder Ihre Beziehung leidet, k\u00f6nnten dies Anzeichen f\u00fcr eine Depression sein.<\/p>\n<p>Es&rsquo; ist wichtig, bei Depressionen oder Angstzust\u00e4nden medizinische Hilfe in Anspruch zu nehmen, da diese psychischen St\u00f6rungen meist behandelt werden k\u00f6nnen. Unbehandelt k\u00f6nnen Sie zu einer Verschlechterung der Erkrankung Ihres Partners und auch Ihrer Gesundheit f\u00fchren.<\/p>\n<p>Wenn Sie eines oder mehrere der folgenden Symptome an Ihrem Partner oder Angeh\u00f6rigen anhaltend \u00fcber mehr als zwei Wochen beobachten, kann eine Depression vorliegen:<\/p>\n<ul>\n<li>Gedr\u00fcckte Stimmung\/Gef\u00fchle von Traurigkeit oder Melancholie<\/li>\n<li>Erh\u00f6hte Reizbarkeit 14]\n<li>Appetitver\u00e4nderungen<\/li>\n<li>Verlust des Interesses an Dingen, die fr\u00fcher Spa\u00df gemacht haben <\/li>\n<li>Sozialer R\u00fcckzug<\/li>\n<li>\u00dcberm\u00e4\u00dfige Schl\u00e4frigkeit oder fr\u00fchmorgendliches Erwachen<\/li>\n<li>St\u00e4ndige M\u00fcdigkeit\/Antriebslosigkeit<\/li>\n<li>Wertlosigkeits- und Schuldgef\u00fchle <\/li>\n<li>Hoffnungslosigkeit <\/li>\n<li>Todessehns\u00fcchte und Selbstmordgedanken.<\/li>\n<\/ul>\n<p>Ihr Partner oder Angeh\u00f6riger ist m\u00f6glicherweise \u00fcber\u00e4ngstlich wenn eines oder mehrere der folgenden Symptome \u00fcber mehr als zwei Wochen vorliegen:<\/p>\n<ul>\n<li>\u00dcberm\u00e4\u00dfige Besorgtheit <\/li>\n<li>\u00c4ngste<\/li>\n<li>Angespannt sein <\/li>\n<li>Ruhelosigkeit <\/li>\n<li>Nervosit\u00e4t oder Unsicherheit. .<\/li>\n<\/ul>\n<p><a title=\"\" href=\"https:\/\/www.heartfailurematters.org\/de\/fuer-pflegende-angehoerige\/die-gefuehle-der-betroffenen-verstehen\/\"\">Zur\u00fcck zu \u201eDie Gef\u00fchle der Betroffenen verstehen\u201d<\/a><\/p>\n","protected":false},"excerpt":{"rendered":"<p>Menschen mit einer schweren Erkrankung wie einer Herzinsuffizienz m\u00fcssen sich zwangsl\u00e4ufig manchmal sehr traurig oder niedergeschlagen f\u00fchlen. Wenn diese Gef\u00fchle jedoch anhalten und Sie feststellen, dass Ihr Partner oder Angeh\u00f6riger an Alltagsaktivit\u00e4ten nicht mehr so freudig teilnimmt wie fr\u00fcher, oder Ihre Beziehung leidet, k\u00f6nnten dies Anzeichen f\u00fcr eine Depression sein. Es&rsquo; ist wichtig, bei Depressionen [&hellip;]<\/p>\n","protected":false},"author":1,"featured_media":10849,"parent":2842,"menu_order":0,"comment_status":"open","ping_status":"open","template":"","meta":{"_acf_changed":false,"footnotes":""},"categories":[],"tags":[],"class_list":["post-1420","page","type-page","status-publish","has-post-thumbnail","hentry"],"acf":[],"yoast_head":"<!-- This site is optimized with the Yoast SEO plugin v24.8.1 - https:\/\/yoast.com\/wordpress\/plugins\/seo\/ -->\n<title>Depressionen und Angstzust\u00e4nde erkennen<\/title>\n<meta name=\"description\" content=\"Menschen mit einer schweren Erkrankung wie Herzinsuffizienz f\u00fchlen sich hin und wieder sehr traurig oder niedergeschlagen. Wenn diese Gef\u00fchle jedoch \u00fcber l\u00e4ngere Zeit andauern und Sie feststellen, dass Ihr Partner oder Familienmitglied t\u00e4gliche Aktivit\u00e4ten nicht mehr gern aus\u00fcbt oder dass Ihre Beziehung leidet, k\u00f6nnte dies ein Zeichen f\u00fcr Depressionen sein.\" \/>\n<meta name=\"robots\" content=\"index, follow, max-snippet:-1, max-image-preview:large, max-video-preview:-1\" \/>\n<link rel=\"canonical\" href=\"https:\/\/www.heartfailurematters.org\/de\/fuer-pflegende-angehoerige\/depressionen-und-angstzustaende-erkennen\/\" \/>\n<meta property=\"og:locale\" content=\"de_DE\" \/>\n<meta property=\"og:type\" content=\"article\" \/>\n<meta property=\"og:title\" content=\"Depressionen und Angstzust\u00e4nde erkennen\" \/>\n<meta property=\"og:description\" content=\"Menschen mit einer schweren Erkrankung wie Herzinsuffizienz f\u00fchlen sich hin und wieder sehr traurig oder niedergeschlagen. Wenn diese Gef\u00fchle jedoch \u00fcber l\u00e4ngere Zeit andauern und Sie feststellen, dass Ihr Partner oder Familienmitglied t\u00e4gliche Aktivit\u00e4ten nicht mehr gern aus\u00fcbt oder dass Ihre Beziehung leidet, k\u00f6nnte dies ein Zeichen f\u00fcr Depressionen sein.\" \/>\n<meta property=\"og:url\" content=\"https:\/\/www.heartfailurematters.org\/de\/fuer-pflegende-angehoerige\/depressionen-und-angstzustaende-erkennen\/\" \/>\n<meta property=\"og:site_name\" content=\"Heart Failure Matters\" \/>\n<meta property=\"article:publisher\" content=\"https:\/\/www.facebook.com\/heartfailurematters\" \/>\n<meta property=\"og:image\" content=\"https:\/\/www.heartfailurematters.org\/wp-content\/uploads\/2022\/03\/shutterstock_1769847845-1-min.jpg\" \/>\n\t<meta property=\"og:image:width\" content=\"900\" \/>\n\t<meta property=\"og:image:height\" content=\"600\" \/>\n\t<meta property=\"og:image:type\" content=\"image\/jpeg\" \/>\n<meta name=\"twitter:card\" content=\"summary_large_image\" \/>\n<meta name=\"twitter:label1\" content=\"Gesch\u00e4tzte Lesezeit\" \/>\n\t<meta name=\"twitter:data1\" content=\"1\u00a0Minute\" \/>\n<script type=\"application\/ld+json\" class=\"yoast-schema-graph\">{\"@context\":\"https:\/\/schema.org\",\"@graph\":[{\"@type\":\"WebPage\",\"@id\":\"https:\/\/www.heartfailurematters.org\/de\/fuer-pflegende-angehoerige\/depressionen-und-angstzustaende-erkennen\/\",\"url\":\"https:\/\/www.heartfailurematters.org\/de\/fuer-pflegende-angehoerige\/depressionen-und-angstzustaende-erkennen\/\",\"name\":\"Depressionen und Angstzust\u00e4nde erkennen\",\"isPartOf\":{\"@id\":\"https:\/\/www.heartfailurematters.org\/de\/#website\"},\"primaryImageOfPage\":{\"@id\":\"https:\/\/www.heartfailurematters.org\/de\/fuer-pflegende-angehoerige\/depressionen-und-angstzustaende-erkennen\/#primaryimage\"},\"image\":{\"@id\":\"https:\/\/www.heartfailurematters.org\/de\/fuer-pflegende-angehoerige\/depressionen-und-angstzustaende-erkennen\/#primaryimage\"},\"thumbnailUrl\":\"https:\/\/www.heartfailurematters.org\/wp-content\/uploads\/2022\/03\/shutterstock_1769847845-1-min.jpg\",\"datePublished\":\"2021-01-27T22:00:28+00:00\",\"description\":\"Menschen mit einer schweren Erkrankung wie Herzinsuffizienz f\u00fchlen sich hin und wieder sehr traurig oder niedergeschlagen. Wenn diese Gef\u00fchle jedoch \u00fcber l\u00e4ngere Zeit andauern und Sie feststellen, dass Ihr Partner oder Familienmitglied t\u00e4gliche Aktivit\u00e4ten nicht mehr gern aus\u00fcbt oder dass Ihre Beziehung leidet, k\u00f6nnte dies ein Zeichen f\u00fcr Depressionen sein.\",\"breadcrumb\":{\"@id\":\"https:\/\/www.heartfailurematters.org\/de\/fuer-pflegende-angehoerige\/depressionen-und-angstzustaende-erkennen\/#breadcrumb\"},\"inLanguage\":\"de\",\"potentialAction\":[{\"@type\":\"ReadAction\",\"target\":[\"https:\/\/www.heartfailurematters.org\/de\/fuer-pflegende-angehoerige\/depressionen-und-angstzustaende-erkennen\/\"]}]},{\"@type\":\"ImageObject\",\"inLanguage\":\"de\",\"@id\":\"https:\/\/www.heartfailurematters.org\/de\/fuer-pflegende-angehoerige\/depressionen-und-angstzustaende-erkennen\/#primaryimage\",\"url\":\"https:\/\/www.heartfailurematters.org\/wp-content\/uploads\/2022\/03\/shutterstock_1769847845-1-min.jpg\",\"contentUrl\":\"https:\/\/www.heartfailurematters.org\/wp-content\/uploads\/2022\/03\/shutterstock_1769847845-1-min.jpg\",\"width\":900,\"height\":600},{\"@type\":\"BreadcrumbList\",\"@id\":\"https:\/\/www.heartfailurematters.org\/de\/fuer-pflegende-angehoerige\/depressionen-und-angstzustaende-erkennen\/#breadcrumb\",\"itemListElement\":[{\"@type\":\"ListItem\",\"position\":1,\"name\":\"Startseite\",\"item\":\"https:\/\/www.heartfailurematters.org\/de\/\"},{\"@type\":\"ListItem\",\"position\":2,\"name\":\"F\u00fcr Betreuer\",\"item\":\"https:\/\/www.heartfailurematters.org\/de\/fuer-pflegende-angehoerige\/\"},{\"@type\":\"ListItem\",\"position\":3,\"name\":\"Depressionen und Angstzust\u00e4nde erkennen\"}]},{\"@type\":\"WebSite\",\"@id\":\"https:\/\/www.heartfailurematters.org\/de\/#website\",\"url\":\"https:\/\/www.heartfailurematters.org\/de\/\",\"name\":\"Heart Failure Matters\",\"description\":\"Practical information for patients, families and caregivers.\",\"publisher\":{\"@id\":\"https:\/\/www.heartfailurematters.org\/de\/#organization\"},\"potentialAction\":[{\"@type\":\"SearchAction\",\"target\":{\"@type\":\"EntryPoint\",\"urlTemplate\":\"https:\/\/www.heartfailurematters.org\/de\/?s={search_term_string}\"},\"query-input\":{\"@type\":\"PropertyValueSpecification\",\"valueRequired\":true,\"valueName\":\"search_term_string\"}}],\"inLanguage\":\"de\"},{\"@type\":\"Organization\",\"@id\":\"https:\/\/www.heartfailurematters.org\/de\/#organization\",\"name\":\"Heart Failure Matters\",\"url\":\"https:\/\/www.heartfailurematters.org\/de\/\",\"logo\":{\"@type\":\"ImageObject\",\"inLanguage\":\"de\",\"@id\":\"https:\/\/www.heartfailurematters.org\/de\/#\/schema\/logo\/image\/\",\"url\":\"https:\/\/cdn-endpoint-hfm.azureedge.net\/heartfailurematters\/2024\/07\/hfm-logo1.jpg\",\"contentUrl\":\"https:\/\/cdn-endpoint-hfm.azureedge.net\/heartfailurematters\/2024\/07\/hfm-logo1.jpg\",\"width\":1280,\"height\":720,\"caption\":\"Heart Failure Matters\"},\"image\":{\"@id\":\"https:\/\/www.heartfailurematters.org\/de\/#\/schema\/logo\/image\/\"},\"sameAs\":[\"https:\/\/www.facebook.com\/heartfailurematters\"]}]}<\/script>\n<!-- \/ Yoast SEO plugin. -->","yoast_head_json":{"title":"Depressionen und Angstzust\u00e4nde erkennen","description":"Menschen mit einer schweren Erkrankung wie Herzinsuffizienz f\u00fchlen sich hin und wieder sehr traurig oder niedergeschlagen. Wenn diese Gef\u00fchle jedoch \u00fcber l\u00e4ngere Zeit andauern und Sie feststellen, dass Ihr Partner oder Familienmitglied t\u00e4gliche Aktivit\u00e4ten nicht mehr gern aus\u00fcbt oder dass Ihre Beziehung leidet, k\u00f6nnte dies ein Zeichen f\u00fcr Depressionen sein.","robots":{"index":"index","follow":"follow","max-snippet":"max-snippet:-1","max-image-preview":"max-image-preview:large","max-video-preview":"max-video-preview:-1"},"canonical":"https:\/\/www.heartfailurematters.org\/de\/fuer-pflegende-angehoerige\/depressionen-und-angstzustaende-erkennen\/","og_locale":"de_DE","og_type":"article","og_title":"Depressionen und Angstzust\u00e4nde erkennen","og_description":"Menschen mit einer schweren Erkrankung wie Herzinsuffizienz f\u00fchlen sich hin und wieder sehr traurig oder niedergeschlagen. Wenn diese Gef\u00fchle jedoch \u00fcber l\u00e4ngere Zeit andauern und Sie feststellen, dass Ihr Partner oder Familienmitglied t\u00e4gliche Aktivit\u00e4ten nicht mehr gern aus\u00fcbt oder dass Ihre Beziehung leidet, k\u00f6nnte dies ein Zeichen f\u00fcr Depressionen sein.","og_url":"https:\/\/www.heartfailurematters.org\/de\/fuer-pflegende-angehoerige\/depressionen-und-angstzustaende-erkennen\/","og_site_name":"Heart Failure Matters","article_publisher":"https:\/\/www.facebook.com\/heartfailurematters","og_image":[{"width":900,"height":600,"url":"https:\/\/www.heartfailurematters.org\/wp-content\/uploads\/2022\/03\/shutterstock_1769847845-1-min.jpg","type":"image\/jpeg"}],"twitter_card":"summary_large_image","twitter_misc":{"Gesch\u00e4tzte Lesezeit":"1\u00a0Minute"},"schema":{"@context":"https:\/\/schema.org","@graph":[{"@type":"WebPage","@id":"https:\/\/www.heartfailurematters.org\/de\/fuer-pflegende-angehoerige\/depressionen-und-angstzustaende-erkennen\/","url":"https:\/\/www.heartfailurematters.org\/de\/fuer-pflegende-angehoerige\/depressionen-und-angstzustaende-erkennen\/","name":"Depressionen und Angstzust\u00e4nde erkennen","isPartOf":{"@id":"https:\/\/www.heartfailurematters.org\/de\/#website"},"primaryImageOfPage":{"@id":"https:\/\/www.heartfailurematters.org\/de\/fuer-pflegende-angehoerige\/depressionen-und-angstzustaende-erkennen\/#primaryimage"},"image":{"@id":"https:\/\/www.heartfailurematters.org\/de\/fuer-pflegende-angehoerige\/depressionen-und-angstzustaende-erkennen\/#primaryimage"},"thumbnailUrl":"https:\/\/www.heartfailurematters.org\/wp-content\/uploads\/2022\/03\/shutterstock_1769847845-1-min.jpg","datePublished":"2021-01-27T22:00:28+00:00","description":"Menschen mit einer schweren Erkrankung wie Herzinsuffizienz f\u00fchlen sich hin und wieder sehr traurig oder niedergeschlagen. Wenn diese Gef\u00fchle jedoch \u00fcber l\u00e4ngere Zeit andauern und Sie feststellen, dass Ihr Partner oder Familienmitglied t\u00e4gliche Aktivit\u00e4ten nicht mehr gern aus\u00fcbt oder dass Ihre Beziehung leidet, k\u00f6nnte dies ein Zeichen f\u00fcr Depressionen sein.","breadcrumb":{"@id":"https:\/\/www.heartfailurematters.org\/de\/fuer-pflegende-angehoerige\/depressionen-und-angstzustaende-erkennen\/#breadcrumb"},"inLanguage":"de","potentialAction":[{"@type":"ReadAction","target":["https:\/\/www.heartfailurematters.org\/de\/fuer-pflegende-angehoerige\/depressionen-und-angstzustaende-erkennen\/"]}]},{"@type":"ImageObject","inLanguage":"de","@id":"https:\/\/www.heartfailurematters.org\/de\/fuer-pflegende-angehoerige\/depressionen-und-angstzustaende-erkennen\/#primaryimage","url":"https:\/\/www.heartfailurematters.org\/wp-content\/uploads\/2022\/03\/shutterstock_1769847845-1-min.jpg","contentUrl":"https:\/\/www.heartfailurematters.org\/wp-content\/uploads\/2022\/03\/shutterstock_1769847845-1-min.jpg","width":900,"height":600},{"@type":"BreadcrumbList","@id":"https:\/\/www.heartfailurematters.org\/de\/fuer-pflegende-angehoerige\/depressionen-und-angstzustaende-erkennen\/#breadcrumb","itemListElement":[{"@type":"ListItem","position":1,"name":"Startseite","item":"https:\/\/www.heartfailurematters.org\/de\/"},{"@type":"ListItem","position":2,"name":"F\u00fcr Betreuer","item":"https:\/\/www.heartfailurematters.org\/de\/fuer-pflegende-angehoerige\/"},{"@type":"ListItem","position":3,"name":"Depressionen und Angstzust\u00e4nde erkennen"}]},{"@type":"WebSite","@id":"https:\/\/www.heartfailurematters.org\/de\/#website","url":"https:\/\/www.heartfailurematters.org\/de\/","name":"Heart Failure Matters","description":"Practical information for patients, families and caregivers.","publisher":{"@id":"https:\/\/www.heartfailurematters.org\/de\/#organization"},"potentialAction":[{"@type":"SearchAction","target":{"@type":"EntryPoint","urlTemplate":"https:\/\/www.heartfailurematters.org\/de\/?s={search_term_string}"},"query-input":{"@type":"PropertyValueSpecification","valueRequired":true,"valueName":"search_term_string"}}],"inLanguage":"de"},{"@type":"Organization","@id":"https:\/\/www.heartfailurematters.org\/de\/#organization","name":"Heart Failure Matters","url":"https:\/\/www.heartfailurematters.org\/de\/","logo":{"@type":"ImageObject","inLanguage":"de","@id":"https:\/\/www.heartfailurematters.org\/de\/#\/schema\/logo\/image\/","url":"https:\/\/cdn-endpoint-hfm.azureedge.net\/heartfailurematters\/2024\/07\/hfm-logo1.jpg","contentUrl":"https:\/\/cdn-endpoint-hfm.azureedge.net\/heartfailurematters\/2024\/07\/hfm-logo1.jpg","width":1280,"height":720,"caption":"Heart Failure Matters"},"image":{"@id":"https:\/\/www.heartfailurematters.org\/de\/#\/schema\/logo\/image\/"},"sameAs":["https:\/\/www.facebook.com\/heartfailurematters"]}]}},"_links":{"self":[{"href":"https:\/\/www.heartfailurematters.org\/de\/wp-json\/wp\/v2\/pages\/1420","targetHints":{"allow":["GET"]}}],"collection":[{"href":"https:\/\/www.heartfailurematters.org\/de\/wp-json\/wp\/v2\/pages"}],"about":[{"href":"https:\/\/www.heartfailurematters.org\/de\/wp-json\/wp\/v2\/types\/page"}],"author":[{"embeddable":true,"href":"https:\/\/www.heartfailurematters.org\/de\/wp-json\/wp\/v2\/users\/1"}],"replies":[{"embeddable":true,"href":"https:\/\/www.heartfailurematters.org\/de\/wp-json\/wp\/v2\/comments?post=1420"}],"version-history":[{"count":0,"href":"https:\/\/www.heartfailurematters.org\/de\/wp-json\/wp\/v2\/pages\/1420\/revisions"}],"up":[{"embeddable":true,"href":"https:\/\/www.heartfailurematters.org\/de\/wp-json\/wp\/v2\/pages\/2842"}],"wp:featuredmedia":[{"embeddable":true,"href":"https:\/\/www.heartfailurematters.org\/de\/wp-json\/wp\/v2\/media\/10849"}],"wp:attachment":[{"href":"https:\/\/www.heartfailurematters.org\/de\/wp-json\/wp\/v2\/media?parent=1420"}],"wp:term":[{"taxonomy":"category","embeddable":true,"href":"https:\/\/www.heartfailurematters.org\/de\/wp-json\/wp\/v2\/categories?post=1420"},{"taxonomy":"post_tag","embeddable":true,"href":"https:\/\/www.heartfailurematters.org\/de\/wp-json\/wp\/v2\/tags?post=1420"}],"curies":[{"name":"wp","href":"https:\/\/api.w.org\/{rel}","templated":true}]}}