{"id":1418,"date":"2021-01-27T22:00:28","date_gmt":"2021-01-27T22:00:28","guid":{"rendered":"http:\/\/heartfailurematters.local:8888\/schwellungen-oder-schmerzen-im-bauchbereich\/"},"modified":"2025-12-04T11:29:46","modified_gmt":"2025-12-04T11:29:46","slug":"schwellungen-oder-schmerzen-im-bauchbereich","status":"publish","type":"page","link":"https:\/\/www.heartfailurematters.org\/de\/warnsignale\/schwellungen-oder-schmerzen-im-bauchbereich\/","title":{"rendered":"Schwellung oder Schmerz im Bauchraum"},"content":{"rendered":"<p>Schwellungen oder Schmerzen im Oberbauch (Magenbereich) k\u00f6nnen aufgrund von Fl\u00fcssigkeitsansammlungen (<a class=\"addtooltip\" title=\"Ein \u00dcberschuss an Fl\u00fcssigkeit in einem Teil des K\u00f6rpers.\"><strong>Stauung<\/strong><\/a>) im K\u00f6rper auftreten. Dies ist ein h\u00e4ufiges Symptom f\u00fcr eine Verschlechterung der Herzinsuffizienz. Die Beschwerden sind auf Fl\u00fcssigkeitseinlagerungen und Stauungen in Leber und Darm zur\u00fcckzuf\u00fchren. Manche Menschen, die eine Zunahme des Bauchumfangs erleben, bemerken, dass sich ihre Kleidung enger anf\u00fchlt. Sprechen Sie dieses Symptom unbedingt in einem medizinischen Gespr\u00e4ch an. M\u00f6glicherweise ist eine Umstellung Ihrer <a class=\"addtooltip\" title=\"Eine Klasse von Arzneimitteln, die auf die Nieren wirken, um die Urinproduktion anzuregen, wodurch Fl\u00fcssigkeitseinlagerungen und Stauungen reduziert werden.\"><strong>Diuretika<\/strong><\/a> erforderlich, insbesondere wenn Sie eine Gewichtszunahme bemerkt haben. Es kann erforderlich sein, dass Sie besonders auf Ihre <a href=\"https:\/\/www.heartfailurematters.org\/what-you-can-do\/adjusting-your-diet-fluids\/\">Fl\u00fcssigkeitszufuhr<\/a> oder Ihren Salzkonsum achten m\u00fcssen.<\/p>\n<p>Wenn Ihr Arzt\/Ihre \u00c4rztin mit Ihnen besprochen hat, wie Sie Ihre Diuretika-Medikamente anpassen k\u00f6nnen, sollten Sie dies tun, wenn Sie eine Zunahme Ihres Bauchumfangs bemerken, insbesondere wenn Sie zus\u00e4tzlich eine Gewichtszunahme festgestellt haben. Vereinbaren Sie andernfalls ein medizinisches Beratungsgespr\u00e4ch.<\/p>\n","protected":false},"excerpt":{"rendered":"<p>Schwellungen oder Schmerzen im Oberbauch (Magenbereich) k\u00f6nnen aufgrund von Fl\u00fcssigkeitsansammlungen (Stauung) im K\u00f6rper auftreten. Dies ist ein h\u00e4ufiges Symptom f\u00fcr eine Verschlechterung der Herzinsuffizienz. Die Beschwerden sind auf Fl\u00fcssigkeitseinlagerungen und Stauungen in Leber und Darm zur\u00fcckzuf\u00fchren. Manche Menschen, die eine Zunahme des Bauchumfangs erleben, bemerken, dass sich ihre Kleidung enger anf\u00fchlt. Sprechen Sie dieses Symptom [&hellip;]<\/p>\n","protected":false},"author":1,"featured_media":11111,"parent":2865,"menu_order":9,"comment_status":"open","ping_status":"closed","template":"","meta":{"_acf_changed":false,"footnotes":""},"categories":[128],"tags":[],"class_list":["post-1418","page","type-page","status-publish","has-post-thumbnail","hentry","category-warning-signs-de"],"acf":[],"yoast_head":"<!-- This site is optimized with the Yoast SEO plugin v24.8.1 - https:\/\/yoast.com\/wordpress\/plugins\/seo\/ -->\n<title>Schwellung oder Schmerz im Bauchraum<\/title>\n<meta name=\"description\" content=\"Schwellung oder Schmerz im Oberbauch? Erfahren Sie m\u00f6gliche Ursachen und Abhilfema\u00dfnahmen (ggf. kann dies auf eine Herzinsuffizienz-Verschlechterung hindeuten)\" \/>\n<meta name=\"robots\" content=\"index, follow, max-snippet:-1, max-image-preview:large, max-video-preview:-1\" \/>\n<link rel=\"canonical\" href=\"https:\/\/www.heartfailurematters.org\/de\/warnsignale\/schwellungen-oder-schmerzen-im-bauchbereich\/\" \/>\n<meta property=\"og:locale\" content=\"de_DE\" \/>\n<meta property=\"og:type\" content=\"article\" \/>\n<meta property=\"og:title\" content=\"Schwellung oder Schmerz im Bauchraum\" \/>\n<meta property=\"og:description\" content=\"Schwellung oder Schmerz im Oberbauch? Erfahren Sie m\u00f6gliche Ursachen und Abhilfema\u00dfnahmen (ggf. kann dies auf eine Herzinsuffizienz-Verschlechterung hindeuten)\" \/>\n<meta property=\"og:url\" content=\"https:\/\/www.heartfailurematters.org\/de\/warnsignale\/schwellungen-oder-schmerzen-im-bauchbereich\/\" \/>\n<meta property=\"og:site_name\" content=\"Heart Failure Matters\" \/>\n<meta property=\"article:publisher\" content=\"https:\/\/www.facebook.com\/heartfailurematters\" \/>\n<meta property=\"article:modified_time\" content=\"2025-12-04T11:29:46+00:00\" \/>\n<meta property=\"og:image\" content=\"https:\/\/www.heartfailurematters.org\/wp-content\/uploads\/2022\/03\/shutterstock_1850834386-1-min.jpg\" \/>\n\t<meta property=\"og:image:width\" content=\"900\" \/>\n\t<meta property=\"og:image:height\" content=\"600\" \/>\n\t<meta property=\"og:image:type\" content=\"image\/jpeg\" \/>\n<meta name=\"twitter:card\" content=\"summary_large_image\" \/>\n<meta name=\"twitter:label1\" content=\"Gesch\u00e4tzte Lesezeit\" \/>\n\t<meta name=\"twitter:data1\" content=\"1\u00a0Minute\" \/>\n<script type=\"application\/ld+json\" class=\"yoast-schema-graph\">{\"@context\":\"https:\/\/schema.org\",\"@graph\":[{\"@type\":\"WebPage\",\"@id\":\"https:\/\/www.heartfailurematters.org\/de\/warnsignale\/schwellungen-oder-schmerzen-im-bauchbereich\/\",\"url\":\"https:\/\/www.heartfailurematters.org\/de\/warnsignale\/schwellungen-oder-schmerzen-im-bauchbereich\/\",\"name\":\"Schwellung oder Schmerz im Bauchraum\",\"isPartOf\":{\"@id\":\"https:\/\/www.heartfailurematters.org\/de\/#website\"},\"primaryImageOfPage\":{\"@id\":\"https:\/\/www.heartfailurematters.org\/de\/warnsignale\/schwellungen-oder-schmerzen-im-bauchbereich\/#primaryimage\"},\"image\":{\"@id\":\"https:\/\/www.heartfailurematters.org\/de\/warnsignale\/schwellungen-oder-schmerzen-im-bauchbereich\/#primaryimage\"},\"thumbnailUrl\":\"https:\/\/www.heartfailurematters.org\/wp-content\/uploads\/2022\/03\/shutterstock_1850834386-1-min.jpg\",\"datePublished\":\"2021-01-27T22:00:28+00:00\",\"dateModified\":\"2025-12-04T11:29:46+00:00\",\"description\":\"Schwellung oder Schmerz im Oberbauch? Erfahren Sie m\u00f6gliche Ursachen und Abhilfema\u00dfnahmen (ggf. kann dies auf eine Herzinsuffizienz-Verschlechterung hindeuten)\",\"breadcrumb\":{\"@id\":\"https:\/\/www.heartfailurematters.org\/de\/warnsignale\/schwellungen-oder-schmerzen-im-bauchbereich\/#breadcrumb\"},\"inLanguage\":\"de\",\"potentialAction\":[{\"@type\":\"ReadAction\",\"target\":[\"https:\/\/www.heartfailurematters.org\/de\/warnsignale\/schwellungen-oder-schmerzen-im-bauchbereich\/\"]}]},{\"@type\":\"ImageObject\",\"inLanguage\":\"de\",\"@id\":\"https:\/\/www.heartfailurematters.org\/de\/warnsignale\/schwellungen-oder-schmerzen-im-bauchbereich\/#primaryimage\",\"url\":\"https:\/\/www.heartfailurematters.org\/wp-content\/uploads\/2022\/03\/shutterstock_1850834386-1-min.jpg\",\"contentUrl\":\"https:\/\/www.heartfailurematters.org\/wp-content\/uploads\/2022\/03\/shutterstock_1850834386-1-min.jpg\",\"width\":900,\"height\":600},{\"@type\":\"BreadcrumbList\",\"@id\":\"https:\/\/www.heartfailurematters.org\/de\/warnsignale\/schwellungen-oder-schmerzen-im-bauchbereich\/#breadcrumb\",\"itemListElement\":[{\"@type\":\"ListItem\",\"position\":1,\"name\":\"Startseite\",\"item\":\"https:\/\/www.heartfailurematters.org\/de\/\"},{\"@type\":\"ListItem\",\"position\":2,\"name\":\"Warnsignale\",\"item\":\"https:\/\/www.heartfailurematters.org\/de\/warnsignale\/\"},{\"@type\":\"ListItem\",\"position\":3,\"name\":\"Schwellung oder Schmerz im Bauchraum\"}]},{\"@type\":\"WebSite\",\"@id\":\"https:\/\/www.heartfailurematters.org\/de\/#website\",\"url\":\"https:\/\/www.heartfailurematters.org\/de\/\",\"name\":\"Heart Failure Matters\",\"description\":\"Practical information for patients, families and caregivers.\",\"publisher\":{\"@id\":\"https:\/\/www.heartfailurematters.org\/de\/#organization\"},\"potentialAction\":[{\"@type\":\"SearchAction\",\"target\":{\"@type\":\"EntryPoint\",\"urlTemplate\":\"https:\/\/www.heartfailurematters.org\/de\/?s={search_term_string}\"},\"query-input\":{\"@type\":\"PropertyValueSpecification\",\"valueRequired\":true,\"valueName\":\"search_term_string\"}}],\"inLanguage\":\"de\"},{\"@type\":\"Organization\",\"@id\":\"https:\/\/www.heartfailurematters.org\/de\/#organization\",\"name\":\"Heart Failure Matters\",\"url\":\"https:\/\/www.heartfailurematters.org\/de\/\",\"logo\":{\"@type\":\"ImageObject\",\"inLanguage\":\"de\",\"@id\":\"https:\/\/www.heartfailurematters.org\/de\/#\/schema\/logo\/image\/\",\"url\":\"https:\/\/cdn-endpoint-hfm.azureedge.net\/heartfailurematters\/2024\/07\/hfm-logo1.jpg\",\"contentUrl\":\"https:\/\/cdn-endpoint-hfm.azureedge.net\/heartfailurematters\/2024\/07\/hfm-logo1.jpg\",\"width\":1280,\"height\":720,\"caption\":\"Heart Failure Matters\"},\"image\":{\"@id\":\"https:\/\/www.heartfailurematters.org\/de\/#\/schema\/logo\/image\/\"},\"sameAs\":[\"https:\/\/www.facebook.com\/heartfailurematters\"]}]}<\/script>\n<!-- \/ Yoast SEO plugin. -->","yoast_head_json":{"title":"Schwellung oder Schmerz im Bauchraum","description":"Schwellung oder Schmerz im Oberbauch? Erfahren Sie m\u00f6gliche Ursachen und Abhilfema\u00dfnahmen (ggf. kann dies auf eine Herzinsuffizienz-Verschlechterung hindeuten)","robots":{"index":"index","follow":"follow","max-snippet":"max-snippet:-1","max-image-preview":"max-image-preview:large","max-video-preview":"max-video-preview:-1"},"canonical":"https:\/\/www.heartfailurematters.org\/de\/warnsignale\/schwellungen-oder-schmerzen-im-bauchbereich\/","og_locale":"de_DE","og_type":"article","og_title":"Schwellung oder Schmerz im Bauchraum","og_description":"Schwellung oder Schmerz im Oberbauch? Erfahren Sie m\u00f6gliche Ursachen und Abhilfema\u00dfnahmen (ggf. kann dies auf eine Herzinsuffizienz-Verschlechterung hindeuten)","og_url":"https:\/\/www.heartfailurematters.org\/de\/warnsignale\/schwellungen-oder-schmerzen-im-bauchbereich\/","og_site_name":"Heart Failure Matters","article_publisher":"https:\/\/www.facebook.com\/heartfailurematters","article_modified_time":"2025-12-04T11:29:46+00:00","og_image":[{"width":900,"height":600,"url":"https:\/\/www.heartfailurematters.org\/wp-content\/uploads\/2022\/03\/shutterstock_1850834386-1-min.jpg","type":"image\/jpeg"}],"twitter_card":"summary_large_image","twitter_misc":{"Gesch\u00e4tzte Lesezeit":"1\u00a0Minute"},"schema":{"@context":"https:\/\/schema.org","@graph":[{"@type":"WebPage","@id":"https:\/\/www.heartfailurematters.org\/de\/warnsignale\/schwellungen-oder-schmerzen-im-bauchbereich\/","url":"https:\/\/www.heartfailurematters.org\/de\/warnsignale\/schwellungen-oder-schmerzen-im-bauchbereich\/","name":"Schwellung oder Schmerz im Bauchraum","isPartOf":{"@id":"https:\/\/www.heartfailurematters.org\/de\/#website"},"primaryImageOfPage":{"@id":"https:\/\/www.heartfailurematters.org\/de\/warnsignale\/schwellungen-oder-schmerzen-im-bauchbereich\/#primaryimage"},"image":{"@id":"https:\/\/www.heartfailurematters.org\/de\/warnsignale\/schwellungen-oder-schmerzen-im-bauchbereich\/#primaryimage"},"thumbnailUrl":"https:\/\/www.heartfailurematters.org\/wp-content\/uploads\/2022\/03\/shutterstock_1850834386-1-min.jpg","datePublished":"2021-01-27T22:00:28+00:00","dateModified":"2025-12-04T11:29:46+00:00","description":"Schwellung oder Schmerz im Oberbauch? Erfahren Sie m\u00f6gliche Ursachen und Abhilfema\u00dfnahmen (ggf. kann dies auf eine Herzinsuffizienz-Verschlechterung hindeuten)","breadcrumb":{"@id":"https:\/\/www.heartfailurematters.org\/de\/warnsignale\/schwellungen-oder-schmerzen-im-bauchbereich\/#breadcrumb"},"inLanguage":"de","potentialAction":[{"@type":"ReadAction","target":["https:\/\/www.heartfailurematters.org\/de\/warnsignale\/schwellungen-oder-schmerzen-im-bauchbereich\/"]}]},{"@type":"ImageObject","inLanguage":"de","@id":"https:\/\/www.heartfailurematters.org\/de\/warnsignale\/schwellungen-oder-schmerzen-im-bauchbereich\/#primaryimage","url":"https:\/\/www.heartfailurematters.org\/wp-content\/uploads\/2022\/03\/shutterstock_1850834386-1-min.jpg","contentUrl":"https:\/\/www.heartfailurematters.org\/wp-content\/uploads\/2022\/03\/shutterstock_1850834386-1-min.jpg","width":900,"height":600},{"@type":"BreadcrumbList","@id":"https:\/\/www.heartfailurematters.org\/de\/warnsignale\/schwellungen-oder-schmerzen-im-bauchbereich\/#breadcrumb","itemListElement":[{"@type":"ListItem","position":1,"name":"Startseite","item":"https:\/\/www.heartfailurematters.org\/de\/"},{"@type":"ListItem","position":2,"name":"Warnsignale","item":"https:\/\/www.heartfailurematters.org\/de\/warnsignale\/"},{"@type":"ListItem","position":3,"name":"Schwellung oder Schmerz im Bauchraum"}]},{"@type":"WebSite","@id":"https:\/\/www.heartfailurematters.org\/de\/#website","url":"https:\/\/www.heartfailurematters.org\/de\/","name":"Heart Failure Matters","description":"Practical information for patients, families and caregivers.","publisher":{"@id":"https:\/\/www.heartfailurematters.org\/de\/#organization"},"potentialAction":[{"@type":"SearchAction","target":{"@type":"EntryPoint","urlTemplate":"https:\/\/www.heartfailurematters.org\/de\/?s={search_term_string}"},"query-input":{"@type":"PropertyValueSpecification","valueRequired":true,"valueName":"search_term_string"}}],"inLanguage":"de"},{"@type":"Organization","@id":"https:\/\/www.heartfailurematters.org\/de\/#organization","name":"Heart Failure Matters","url":"https:\/\/www.heartfailurematters.org\/de\/","logo":{"@type":"ImageObject","inLanguage":"de","@id":"https:\/\/www.heartfailurematters.org\/de\/#\/schema\/logo\/image\/","url":"https:\/\/cdn-endpoint-hfm.azureedge.net\/heartfailurematters\/2024\/07\/hfm-logo1.jpg","contentUrl":"https:\/\/cdn-endpoint-hfm.azureedge.net\/heartfailurematters\/2024\/07\/hfm-logo1.jpg","width":1280,"height":720,"caption":"Heart Failure Matters"},"image":{"@id":"https:\/\/www.heartfailurematters.org\/de\/#\/schema\/logo\/image\/"},"sameAs":["https:\/\/www.facebook.com\/heartfailurematters"]}]}},"_links":{"self":[{"href":"https:\/\/www.heartfailurematters.org\/de\/wp-json\/wp\/v2\/pages\/1418","targetHints":{"allow":["GET"]}}],"collection":[{"href":"https:\/\/www.heartfailurematters.org\/de\/wp-json\/wp\/v2\/pages"}],"about":[{"href":"https:\/\/www.heartfailurematters.org\/de\/wp-json\/wp\/v2\/types\/page"}],"author":[{"embeddable":true,"href":"https:\/\/www.heartfailurematters.org\/de\/wp-json\/wp\/v2\/users\/1"}],"replies":[{"embeddable":true,"href":"https:\/\/www.heartfailurematters.org\/de\/wp-json\/wp\/v2\/comments?post=1418"}],"version-history":[{"count":1,"href":"https:\/\/www.heartfailurematters.org\/de\/wp-json\/wp\/v2\/pages\/1418\/revisions"}],"predecessor-version":[{"id":13654,"href":"https:\/\/www.heartfailurematters.org\/de\/wp-json\/wp\/v2\/pages\/1418\/revisions\/13654"}],"up":[{"embeddable":true,"href":"https:\/\/www.heartfailurematters.org\/de\/wp-json\/wp\/v2\/pages\/2865"}],"wp:featuredmedia":[{"embeddable":true,"href":"https:\/\/www.heartfailurematters.org\/de\/wp-json\/wp\/v2\/media\/11111"}],"wp:attachment":[{"href":"https:\/\/www.heartfailurematters.org\/de\/wp-json\/wp\/v2\/media?parent=1418"}],"wp:term":[{"taxonomy":"category","embeddable":true,"href":"https:\/\/www.heartfailurematters.org\/de\/wp-json\/wp\/v2\/categories?post=1418"},{"taxonomy":"post_tag","embeddable":true,"href":"https:\/\/www.heartfailurematters.org\/de\/wp-json\/wp\/v2\/tags?post=1418"}],"curies":[{"name":"wp","href":"https:\/\/api.w.org\/{rel}","templated":true}]}}