{"id":1408,"date":"2021-01-27T22:00:23","date_gmt":"2021-01-27T22:00:23","guid":{"rendered":"http:\/\/heartfailurematters.local:8888\/zuverlaessige-medikamenteneinnahme\/"},"modified":"2021-02-18T15:25:29","modified_gmt":"2021-02-18T15:25:29","slug":"zuverlaessige-medikamenteneinnahme","status":"publish","type":"page","link":"https:\/\/www.heartfailurematters.org\/de\/fuer-pflegende-angehoerige\/zuverlaessige-medikamenteneinnahme\/","title":{"rendered":"Zuverl\u00e4ssige Medikamenteneinnahme"},"content":{"rendered":"<p>Es ist sehr wahrscheinlich, dass Ihr Partner oder Angeh\u00f6riger verschiedene Medikamente zur Behandlung der Herzinsuffizienz einnehmen muss. Es ist wichtig, dass der Betroffene diese genau nach Anweisung des Arztes einnimmt.<\/p>\n<p>Sie k\u00f6nnen Ihren Partner oder Angeh\u00f6rigen darin unterst\u00fctzen, den \u00dcberblick \u00fcber die Medikamente zu behalten. Komplizierte Dosieranweisungen lassen sich dadurch vereinfachen, indem ein Plan aufgestellt und Abl\u00e4ufe eingehalten werden, die dann zur Routine werden. Zum Beispiel k\u00f6nnen Sie eine Art Checkliste mit einer <a href=\"\/wp-content\/uploads\/2021\/02\/MEDIKAMENTENTABELLE.pdf\">Medikamententabelle <\/a>f\u00fchren oder vorsortierte <a href=\"https:\/\/www.heartfailurematters.org\/de\/das-koennen-ihr-arzt-oder-pflegepersonal-tun\/bedeutung-der-zuverlaessigen-medikamenteneinnahme\/\">Pillenschachteln oder ein Alarmsystem zur Terminerinnerung <\/a>verwenden, um Ihren Partner oder Angeh\u00f6rigen in der zuverl\u00e4ssigen Medikamenteneinnahme zu unterst\u00fctzen.<\/p>\n<p><a href=\"https:\/\/www.heartfailurematters.org\/de\/fuer-pflegende-angehoerige\/einfache-dinge-die-sie-beitragen-koennen\/\">Zur\u00fcck zu \u201eEinfache Dinge, die Sie beitragen k\u00f6nnen\u201c<\/a><\/p>\n","protected":false},"excerpt":{"rendered":"<p>Es ist sehr wahrscheinlich, dass Ihr Partner oder Angeh\u00f6riger verschiedene Medikamente zur Behandlung der Herzinsuffizienz einnehmen muss. Es ist wichtig, dass der Betroffene diese genau nach Anweisung des Arztes einnimmt. Sie k\u00f6nnen Ihren Partner oder Angeh\u00f6rigen darin unterst\u00fctzen, den \u00dcberblick \u00fcber die Medikamente zu behalten. Komplizierte Dosieranweisungen lassen sich dadurch vereinfachen, indem ein Plan aufgestellt [&hellip;]<\/p>\n","protected":false},"author":1,"featured_media":10869,"parent":2842,"menu_order":0,"comment_status":"open","ping_status":"open","template":"","meta":{"_acf_changed":false,"footnotes":""},"categories":[],"tags":[],"class_list":["post-1408","page","type-page","status-publish","has-post-thumbnail","hentry"],"acf":[],"yoast_head":"<!-- This site is optimized with the Yoast SEO plugin v24.8.1 - https:\/\/yoast.com\/wordpress\/plugins\/seo\/ -->\n<title>Zuverl\u00e4ssige Medikamenteneinnahme<\/title>\n<meta name=\"description\" content=\"Ihr Partner oder Familienmitglied nimmt sehr wahrscheinlich mehrere verschiedene Medikamente zur Kontrolle der Herzinsuffizienz ein. Es ist wichtig, diese genau nach Anweisung des Arztes einzunehmen.\" \/>\n<meta name=\"robots\" content=\"index, follow, max-snippet:-1, max-image-preview:large, max-video-preview:-1\" \/>\n<link rel=\"canonical\" href=\"https:\/\/www.heartfailurematters.org\/de\/fuer-pflegende-angehoerige\/zuverlaessige-medikamenteneinnahme\/\" \/>\n<meta property=\"og:locale\" content=\"de_DE\" \/>\n<meta property=\"og:type\" content=\"article\" \/>\n<meta property=\"og:title\" content=\"Zuverl\u00e4ssige Medikamenteneinnahme\" \/>\n<meta property=\"og:description\" content=\"Ihr Partner oder Familienmitglied nimmt sehr wahrscheinlich mehrere verschiedene Medikamente zur Kontrolle der Herzinsuffizienz ein. Es ist wichtig, diese genau nach Anweisung des Arztes einzunehmen.\" \/>\n<meta property=\"og:url\" content=\"https:\/\/www.heartfailurematters.org\/de\/fuer-pflegende-angehoerige\/zuverlaessige-medikamenteneinnahme\/\" \/>\n<meta property=\"og:site_name\" content=\"Heart Failure Matters\" \/>\n<meta property=\"article:publisher\" content=\"https:\/\/www.facebook.com\/heartfailurematters\" \/>\n<meta property=\"article:modified_time\" content=\"2021-02-18T15:25:29+00:00\" \/>\n<meta property=\"og:image\" content=\"https:\/\/www.heartfailurematters.org\/wp-content\/uploads\/2022\/03\/shutterstock_441673426-1-min.jpg\" \/>\n\t<meta property=\"og:image:width\" content=\"900\" \/>\n\t<meta property=\"og:image:height\" content=\"596\" \/>\n\t<meta property=\"og:image:type\" content=\"image\/jpeg\" \/>\n<meta name=\"twitter:card\" content=\"summary_large_image\" \/>\n<meta name=\"twitter:label1\" content=\"Gesch\u00e4tzte Lesezeit\" \/>\n\t<meta name=\"twitter:data1\" content=\"1\u00a0Minute\" \/>\n<script type=\"application\/ld+json\" class=\"yoast-schema-graph\">{\"@context\":\"https:\/\/schema.org\",\"@graph\":[{\"@type\":\"WebPage\",\"@id\":\"https:\/\/www.heartfailurematters.org\/de\/fuer-pflegende-angehoerige\/zuverlaessige-medikamenteneinnahme\/\",\"url\":\"https:\/\/www.heartfailurematters.org\/de\/fuer-pflegende-angehoerige\/zuverlaessige-medikamenteneinnahme\/\",\"name\":\"Zuverl\u00e4ssige Medikamenteneinnahme\",\"isPartOf\":{\"@id\":\"https:\/\/www.heartfailurematters.org\/de\/#website\"},\"primaryImageOfPage\":{\"@id\":\"https:\/\/www.heartfailurematters.org\/de\/fuer-pflegende-angehoerige\/zuverlaessige-medikamenteneinnahme\/#primaryimage\"},\"image\":{\"@id\":\"https:\/\/www.heartfailurematters.org\/de\/fuer-pflegende-angehoerige\/zuverlaessige-medikamenteneinnahme\/#primaryimage\"},\"thumbnailUrl\":\"https:\/\/www.heartfailurematters.org\/wp-content\/uploads\/2022\/03\/shutterstock_441673426-1-min.jpg\",\"datePublished\":\"2021-01-27T22:00:23+00:00\",\"dateModified\":\"2021-02-18T15:25:29+00:00\",\"description\":\"Ihr Partner oder Familienmitglied nimmt sehr wahrscheinlich mehrere verschiedene Medikamente zur Kontrolle der Herzinsuffizienz ein. Es ist wichtig, diese genau nach Anweisung des Arztes einzunehmen.\",\"breadcrumb\":{\"@id\":\"https:\/\/www.heartfailurematters.org\/de\/fuer-pflegende-angehoerige\/zuverlaessige-medikamenteneinnahme\/#breadcrumb\"},\"inLanguage\":\"de\",\"potentialAction\":[{\"@type\":\"ReadAction\",\"target\":[\"https:\/\/www.heartfailurematters.org\/de\/fuer-pflegende-angehoerige\/zuverlaessige-medikamenteneinnahme\/\"]}]},{\"@type\":\"ImageObject\",\"inLanguage\":\"de\",\"@id\":\"https:\/\/www.heartfailurematters.org\/de\/fuer-pflegende-angehoerige\/zuverlaessige-medikamenteneinnahme\/#primaryimage\",\"url\":\"https:\/\/www.heartfailurematters.org\/wp-content\/uploads\/2022\/03\/shutterstock_441673426-1-min.jpg\",\"contentUrl\":\"https:\/\/www.heartfailurematters.org\/wp-content\/uploads\/2022\/03\/shutterstock_441673426-1-min.jpg\",\"width\":900,\"height\":596},{\"@type\":\"BreadcrumbList\",\"@id\":\"https:\/\/www.heartfailurematters.org\/de\/fuer-pflegende-angehoerige\/zuverlaessige-medikamenteneinnahme\/#breadcrumb\",\"itemListElement\":[{\"@type\":\"ListItem\",\"position\":1,\"name\":\"Startseite\",\"item\":\"https:\/\/www.heartfailurematters.org\/de\/\"},{\"@type\":\"ListItem\",\"position\":2,\"name\":\"F\u00fcr Betreuer\",\"item\":\"https:\/\/www.heartfailurematters.org\/de\/fuer-pflegende-angehoerige\/\"},{\"@type\":\"ListItem\",\"position\":3,\"name\":\"Zuverl\u00e4ssige Medikamenteneinnahme\"}]},{\"@type\":\"WebSite\",\"@id\":\"https:\/\/www.heartfailurematters.org\/de\/#website\",\"url\":\"https:\/\/www.heartfailurematters.org\/de\/\",\"name\":\"Heart Failure Matters\",\"description\":\"Practical information for patients, families and caregivers.\",\"publisher\":{\"@id\":\"https:\/\/www.heartfailurematters.org\/de\/#organization\"},\"potentialAction\":[{\"@type\":\"SearchAction\",\"target\":{\"@type\":\"EntryPoint\",\"urlTemplate\":\"https:\/\/www.heartfailurematters.org\/de\/?s={search_term_string}\"},\"query-input\":{\"@type\":\"PropertyValueSpecification\",\"valueRequired\":true,\"valueName\":\"search_term_string\"}}],\"inLanguage\":\"de\"},{\"@type\":\"Organization\",\"@id\":\"https:\/\/www.heartfailurematters.org\/de\/#organization\",\"name\":\"Heart Failure Matters\",\"url\":\"https:\/\/www.heartfailurematters.org\/de\/\",\"logo\":{\"@type\":\"ImageObject\",\"inLanguage\":\"de\",\"@id\":\"https:\/\/www.heartfailurematters.org\/de\/#\/schema\/logo\/image\/\",\"url\":\"https:\/\/cdn-endpoint-hfm.azureedge.net\/heartfailurematters\/2024\/07\/hfm-logo1.jpg\",\"contentUrl\":\"https:\/\/cdn-endpoint-hfm.azureedge.net\/heartfailurematters\/2024\/07\/hfm-logo1.jpg\",\"width\":1280,\"height\":720,\"caption\":\"Heart Failure Matters\"},\"image\":{\"@id\":\"https:\/\/www.heartfailurematters.org\/de\/#\/schema\/logo\/image\/\"},\"sameAs\":[\"https:\/\/www.facebook.com\/heartfailurematters\"]}]}<\/script>\n<!-- \/ Yoast SEO plugin. -->","yoast_head_json":{"title":"Zuverl\u00e4ssige Medikamenteneinnahme","description":"Ihr Partner oder Familienmitglied nimmt sehr wahrscheinlich mehrere verschiedene Medikamente zur Kontrolle der Herzinsuffizienz ein. Es ist wichtig, diese genau nach Anweisung des Arztes einzunehmen.","robots":{"index":"index","follow":"follow","max-snippet":"max-snippet:-1","max-image-preview":"max-image-preview:large","max-video-preview":"max-video-preview:-1"},"canonical":"https:\/\/www.heartfailurematters.org\/de\/fuer-pflegende-angehoerige\/zuverlaessige-medikamenteneinnahme\/","og_locale":"de_DE","og_type":"article","og_title":"Zuverl\u00e4ssige Medikamenteneinnahme","og_description":"Ihr Partner oder Familienmitglied nimmt sehr wahrscheinlich mehrere verschiedene Medikamente zur Kontrolle der Herzinsuffizienz ein. Es ist wichtig, diese genau nach Anweisung des Arztes einzunehmen.","og_url":"https:\/\/www.heartfailurematters.org\/de\/fuer-pflegende-angehoerige\/zuverlaessige-medikamenteneinnahme\/","og_site_name":"Heart Failure Matters","article_publisher":"https:\/\/www.facebook.com\/heartfailurematters","article_modified_time":"2021-02-18T15:25:29+00:00","og_image":[{"width":900,"height":596,"url":"https:\/\/www.heartfailurematters.org\/wp-content\/uploads\/2022\/03\/shutterstock_441673426-1-min.jpg","type":"image\/jpeg"}],"twitter_card":"summary_large_image","twitter_misc":{"Gesch\u00e4tzte Lesezeit":"1\u00a0Minute"},"schema":{"@context":"https:\/\/schema.org","@graph":[{"@type":"WebPage","@id":"https:\/\/www.heartfailurematters.org\/de\/fuer-pflegende-angehoerige\/zuverlaessige-medikamenteneinnahme\/","url":"https:\/\/www.heartfailurematters.org\/de\/fuer-pflegende-angehoerige\/zuverlaessige-medikamenteneinnahme\/","name":"Zuverl\u00e4ssige Medikamenteneinnahme","isPartOf":{"@id":"https:\/\/www.heartfailurematters.org\/de\/#website"},"primaryImageOfPage":{"@id":"https:\/\/www.heartfailurematters.org\/de\/fuer-pflegende-angehoerige\/zuverlaessige-medikamenteneinnahme\/#primaryimage"},"image":{"@id":"https:\/\/www.heartfailurematters.org\/de\/fuer-pflegende-angehoerige\/zuverlaessige-medikamenteneinnahme\/#primaryimage"},"thumbnailUrl":"https:\/\/www.heartfailurematters.org\/wp-content\/uploads\/2022\/03\/shutterstock_441673426-1-min.jpg","datePublished":"2021-01-27T22:00:23+00:00","dateModified":"2021-02-18T15:25:29+00:00","description":"Ihr Partner oder Familienmitglied nimmt sehr wahrscheinlich mehrere verschiedene Medikamente zur Kontrolle der Herzinsuffizienz ein. Es ist wichtig, diese genau nach Anweisung des Arztes einzunehmen.","breadcrumb":{"@id":"https:\/\/www.heartfailurematters.org\/de\/fuer-pflegende-angehoerige\/zuverlaessige-medikamenteneinnahme\/#breadcrumb"},"inLanguage":"de","potentialAction":[{"@type":"ReadAction","target":["https:\/\/www.heartfailurematters.org\/de\/fuer-pflegende-angehoerige\/zuverlaessige-medikamenteneinnahme\/"]}]},{"@type":"ImageObject","inLanguage":"de","@id":"https:\/\/www.heartfailurematters.org\/de\/fuer-pflegende-angehoerige\/zuverlaessige-medikamenteneinnahme\/#primaryimage","url":"https:\/\/www.heartfailurematters.org\/wp-content\/uploads\/2022\/03\/shutterstock_441673426-1-min.jpg","contentUrl":"https:\/\/www.heartfailurematters.org\/wp-content\/uploads\/2022\/03\/shutterstock_441673426-1-min.jpg","width":900,"height":596},{"@type":"BreadcrumbList","@id":"https:\/\/www.heartfailurematters.org\/de\/fuer-pflegende-angehoerige\/zuverlaessige-medikamenteneinnahme\/#breadcrumb","itemListElement":[{"@type":"ListItem","position":1,"name":"Startseite","item":"https:\/\/www.heartfailurematters.org\/de\/"},{"@type":"ListItem","position":2,"name":"F\u00fcr Betreuer","item":"https:\/\/www.heartfailurematters.org\/de\/fuer-pflegende-angehoerige\/"},{"@type":"ListItem","position":3,"name":"Zuverl\u00e4ssige Medikamenteneinnahme"}]},{"@type":"WebSite","@id":"https:\/\/www.heartfailurematters.org\/de\/#website","url":"https:\/\/www.heartfailurematters.org\/de\/","name":"Heart Failure Matters","description":"Practical information for patients, families and caregivers.","publisher":{"@id":"https:\/\/www.heartfailurematters.org\/de\/#organization"},"potentialAction":[{"@type":"SearchAction","target":{"@type":"EntryPoint","urlTemplate":"https:\/\/www.heartfailurematters.org\/de\/?s={search_term_string}"},"query-input":{"@type":"PropertyValueSpecification","valueRequired":true,"valueName":"search_term_string"}}],"inLanguage":"de"},{"@type":"Organization","@id":"https:\/\/www.heartfailurematters.org\/de\/#organization","name":"Heart Failure Matters","url":"https:\/\/www.heartfailurematters.org\/de\/","logo":{"@type":"ImageObject","inLanguage":"de","@id":"https:\/\/www.heartfailurematters.org\/de\/#\/schema\/logo\/image\/","url":"https:\/\/cdn-endpoint-hfm.azureedge.net\/heartfailurematters\/2024\/07\/hfm-logo1.jpg","contentUrl":"https:\/\/cdn-endpoint-hfm.azureedge.net\/heartfailurematters\/2024\/07\/hfm-logo1.jpg","width":1280,"height":720,"caption":"Heart Failure Matters"},"image":{"@id":"https:\/\/www.heartfailurematters.org\/de\/#\/schema\/logo\/image\/"},"sameAs":["https:\/\/www.facebook.com\/heartfailurematters"]}]}},"_links":{"self":[{"href":"https:\/\/www.heartfailurematters.org\/de\/wp-json\/wp\/v2\/pages\/1408","targetHints":{"allow":["GET"]}}],"collection":[{"href":"https:\/\/www.heartfailurematters.org\/de\/wp-json\/wp\/v2\/pages"}],"about":[{"href":"https:\/\/www.heartfailurematters.org\/de\/wp-json\/wp\/v2\/types\/page"}],"author":[{"embeddable":true,"href":"https:\/\/www.heartfailurematters.org\/de\/wp-json\/wp\/v2\/users\/1"}],"replies":[{"embeddable":true,"href":"https:\/\/www.heartfailurematters.org\/de\/wp-json\/wp\/v2\/comments?post=1408"}],"version-history":[{"count":3,"href":"https:\/\/www.heartfailurematters.org\/de\/wp-json\/wp\/v2\/pages\/1408\/revisions"}],"predecessor-version":[{"id":7049,"href":"https:\/\/www.heartfailurematters.org\/de\/wp-json\/wp\/v2\/pages\/1408\/revisions\/7049"}],"up":[{"embeddable":true,"href":"https:\/\/www.heartfailurematters.org\/de\/wp-json\/wp\/v2\/pages\/2842"}],"wp:featuredmedia":[{"embeddable":true,"href":"https:\/\/www.heartfailurematters.org\/de\/wp-json\/wp\/v2\/media\/10869"}],"wp:attachment":[{"href":"https:\/\/www.heartfailurematters.org\/de\/wp-json\/wp\/v2\/media?parent=1408"}],"wp:term":[{"taxonomy":"category","embeddable":true,"href":"https:\/\/www.heartfailurematters.org\/de\/wp-json\/wp\/v2\/categories?post=1408"},{"taxonomy":"post_tag","embeddable":true,"href":"https:\/\/www.heartfailurematters.org\/de\/wp-json\/wp\/v2\/tags?post=1408"}],"curies":[{"name":"wp","href":"https:\/\/api.w.org\/{rel}","templated":true}]}}