{"id":1405,"date":"2021-01-27T22:00:23","date_gmt":"2021-01-27T22:00:23","guid":{"rendered":"http:\/\/heartfailurematters.local:8888\/messung-von-blutdruck-und-herzfrequenz-puls-vom-patienten-selbst\/"},"modified":"2021-08-12T12:35:49","modified_gmt":"2021-08-12T11:35:49","slug":"messung-von-blutdruck-und-herzfrequenz-puls-vom-patienten-selbst","status":"publish","type":"page","link":"https:\/\/www.heartfailurematters.org\/de\/zurueck-zu-ursachen-fuer-herzinsuffizienz-und-andere-haeufige-erkrankungen\/messung-von-blutdruck-und-herzfrequenz-puls-vom-patienten-selbst\/","title":{"rendered":"Messung von Blutdruck und Herzfrequenz (Puls) vom Patienten selbst"},"content":{"rendered":"<p>M\u00f6glicherweise wird Ihnen Ihr Arzt raten, regelm\u00e4\u00dfig selbst Ihren Blutdruck und Ihre Herzfrequenz (Puls) zu Hause zu messen, oder Sie ringen sich dazu in Ihrem eigenen Interesse selbst durch. In jedem Falle ist es wichtig, dass Sie lernen, wie Sie die Messungen korrekt durchf\u00fchren.<\/p>\n<p>Warum?Wenn Sie Ihren Blutdruck und Ihre Herzfrequenz selbst \u00fcberwachen, kann Ihnen dies das Gef\u00fchl geben, Ihre Erkrankung besser im Griff zu haben und mehr Vertrauen in die Ihnen verordnete Behandlung zu entwickeln. Sowohl \u00c4rzte als auch Pflegekr\u00e4fte haben ein Interesse daran, in regelm\u00e4\u00dfigen Abst\u00e4nden einen Blick auf eine gut gef\u00fchrte Tabelle werfen zu k\u00f6nnen, in der Sie Ihre Werte zu Herzfrequenz und Blutdruck notiert haben. Diese Aufzeichnungen liefern Informationen, die es Ihrem Arzt einfacher machen, eine Feinabstimmung Ihrer Behandlung vorzunehmen.<\/p>\n<p>Allerdings kann die Selbstbestimmung Ihres Blutdrucks zu Hause auch dazu f\u00fchren, dass Sie sich \u00fcberbesorgt zu viel mit Ihrer Krankheit besch\u00e4ftigen. In diesem Fall sollten Sie der Versuchung widerstehen, h\u00e4ufiger als von Ihrem Arzt empfohlen Messungen durchzuf\u00fchren. Ihr Arzt wird mit Ihnen die aktuellen Werte von Blutdruck und Herzfrequenz besprechen und Ihnen die Zielwerte nennen, die mit Hilfe Ihrer Behandlung anzustreben sind.<\/p>\n<p>Wie?Ein Blutdruckmessger\u00e4t werden Sie von Ihrem Arzt nur in den seltensten F\u00e4llen kostenlos erhalten k\u00f6nnen. Sie k\u00f6nnen ein solches jedoch f\u00fcr eine bestimmte Zeit lang mieten. Ihr Arzt wird Sie auch beraten k\u00f6nnen, welches Ger\u00e4t Sie am besten w\u00e4hlen sollten, wenn Sie einen Kauf beabsichtigen. Bevor Sie selbst mit den Messungen beginnen, sollten Sie Ihren Arzt oder die Sie betreuende Pflegekraft bitten, zu pr\u00fcfen, ob das Ger\u00e4t exakte Messungen liefert, und sich zeigen lassen, wie Sie richtig damit umgehen.<\/p>\n<p>Sie k\u00f6nnen Ihre Pulsrate ganz einfach zu Hause bestimmen. Alles was Sie dazu brauchen, ist eine Uhr mit einem Sekundenzeiger oder eine digitale Stoppuhr. Suchen Sie sich ein ruhiges Pl\u00e4tzchen, wo Sie ungest\u00f6rt sind, setzen Sie sich und beginnen Sie nach fr\u00fchestens 10 Minuten (um sicherzugehen, dass Sie einen Ruhepuls erreicht haben) mit der Pulsbestimmung. Legen Sie daf\u00fcr zwei Finger auf die Innenseite Ihres Handgelenks, den Daumen auf die Au\u00dfenseite, und z\u00e4hlen Sie die Schl\u00e4ge \u00fcber 30 Sekunden lang (der Daumen darf nicht aufgelegt werden, weil er den eigenen Puls f\u00fchlen k\u00f6nnte). Um Ihren Ruhepuls zu erhalten, m\u00fcssen Sie dann diese Zahl verdoppeln \u2013 diese sollte in der Regel zwischen 60 und 100 Schl\u00e4ge pro Minute liegen.<\/p>\n","protected":false},"excerpt":{"rendered":"<p>M\u00f6glicherweise wird Ihnen Ihr Arzt raten, regelm\u00e4\u00dfig selbst Ihren Blutdruck und Ihre Herzfrequenz (Puls) zu Hause zu messen, oder Sie ringen sich dazu in Ihrem eigenen Interesse selbst durch. In jedem Falle ist es wichtig, dass Sie lernen, wie Sie die Messungen korrekt durchf\u00fchren. Warum?Wenn Sie Ihren Blutdruck und Ihre Herzfrequenz selbst \u00fcberwachen, kann Ihnen [&hellip;]<\/p>\n","protected":false},"author":1,"featured_media":0,"parent":8049,"menu_order":0,"comment_status":"open","ping_status":"open","template":"","meta":{"_acf_changed":false,"footnotes":""},"categories":[],"tags":[],"class_list":["post-1405","page","type-page","status-publish","hentry"],"acf":[],"yoast_head":"<!-- This site is optimized with the Yoast SEO plugin v24.8.1 - https:\/\/yoast.com\/wordpress\/plugins\/seo\/ -->\n<title>Messung von Blutdruck und Herzrate (Puls) vom Patienten selbst<\/title>\n<meta name=\"description\" content=\"M\u00f6glicherweise wird Ihnen Ihr Arzt raten, regelm\u00e4\u00dfig selbst Ihren Blutdruck und Ihre Herzfrequenz (Puls) zu Hause zu messen, oder Sie ringen sich dazu in Ihrem eigenen Interesse selbst durch.\" \/>\n<meta name=\"robots\" content=\"index, follow, max-snippet:-1, max-image-preview:large, max-video-preview:-1\" \/>\n<link rel=\"canonical\" href=\"https:\/\/www.heartfailurematters.org\/de\/zurueck-zu-ursachen-fuer-herzinsuffizienz-und-andere-haeufige-erkrankungen\/messung-von-blutdruck-und-herzfrequenz-puls-vom-patienten-selbst\/\" \/>\n<meta property=\"og:locale\" content=\"de_DE\" \/>\n<meta property=\"og:type\" content=\"article\" \/>\n<meta property=\"og:title\" content=\"Messung von Blutdruck und Herzrate (Puls) vom Patienten selbst\" \/>\n<meta property=\"og:description\" content=\"M\u00f6glicherweise wird Ihnen Ihr Arzt raten, regelm\u00e4\u00dfig selbst Ihren Blutdruck und Ihre Herzfrequenz (Puls) zu Hause zu messen, oder Sie ringen sich dazu in Ihrem eigenen Interesse selbst durch.\" \/>\n<meta property=\"og:url\" content=\"https:\/\/www.heartfailurematters.org\/de\/zurueck-zu-ursachen-fuer-herzinsuffizienz-und-andere-haeufige-erkrankungen\/messung-von-blutdruck-und-herzfrequenz-puls-vom-patienten-selbst\/\" \/>\n<meta property=\"og:site_name\" content=\"Heart Failure Matters\" \/>\n<meta property=\"article:publisher\" content=\"https:\/\/www.facebook.com\/heartfailurematters\" \/>\n<meta property=\"article:modified_time\" content=\"2021-08-12T11:35:49+00:00\" \/>\n<meta name=\"twitter:card\" content=\"summary_large_image\" \/>\n<meta name=\"twitter:label1\" content=\"Gesch\u00e4tzte Lesezeit\" \/>\n\t<meta name=\"twitter:data1\" content=\"2\u00a0Minuten\" \/>\n<script type=\"application\/ld+json\" class=\"yoast-schema-graph\">{\"@context\":\"https:\/\/schema.org\",\"@graph\":[{\"@type\":\"WebPage\",\"@id\":\"https:\/\/www.heartfailurematters.org\/de\/zurueck-zu-ursachen-fuer-herzinsuffizienz-und-andere-haeufige-erkrankungen\/messung-von-blutdruck-und-herzfrequenz-puls-vom-patienten-selbst\/\",\"url\":\"https:\/\/www.heartfailurematters.org\/de\/zurueck-zu-ursachen-fuer-herzinsuffizienz-und-andere-haeufige-erkrankungen\/messung-von-blutdruck-und-herzfrequenz-puls-vom-patienten-selbst\/\",\"name\":\"Messung von Blutdruck und Herzrate (Puls) vom Patienten selbst\",\"isPartOf\":{\"@id\":\"https:\/\/www.heartfailurematters.org\/de\/#website\"},\"datePublished\":\"2021-01-27T22:00:23+00:00\",\"dateModified\":\"2021-08-12T11:35:49+00:00\",\"description\":\"M\u00f6glicherweise wird Ihnen Ihr Arzt raten, regelm\u00e4\u00dfig selbst Ihren Blutdruck und Ihre Herzfrequenz (Puls) zu Hause zu messen, oder Sie ringen sich dazu in Ihrem eigenen Interesse selbst durch.\",\"breadcrumb\":{\"@id\":\"https:\/\/www.heartfailurematters.org\/de\/zurueck-zu-ursachen-fuer-herzinsuffizienz-und-andere-haeufige-erkrankungen\/messung-von-blutdruck-und-herzfrequenz-puls-vom-patienten-selbst\/#breadcrumb\"},\"inLanguage\":\"de\",\"potentialAction\":[{\"@type\":\"ReadAction\",\"target\":[\"https:\/\/www.heartfailurematters.org\/de\/zurueck-zu-ursachen-fuer-herzinsuffizienz-und-andere-haeufige-erkrankungen\/messung-von-blutdruck-und-herzfrequenz-puls-vom-patienten-selbst\/\"]}]},{\"@type\":\"BreadcrumbList\",\"@id\":\"https:\/\/www.heartfailurematters.org\/de\/zurueck-zu-ursachen-fuer-herzinsuffizienz-und-andere-haeufige-erkrankungen\/messung-von-blutdruck-und-herzfrequenz-puls-vom-patienten-selbst\/#breadcrumb\",\"itemListElement\":[{\"@type\":\"ListItem\",\"position\":1,\"name\":\"Startseite\",\"item\":\"https:\/\/www.heartfailurematters.org\/de\/\"},{\"@type\":\"ListItem\",\"position\":2,\"name\":\"Ursachen f\u00fcr Herzinsuffizienz und andere h\u00e4ufige Erkrankungen\",\"item\":\"https:\/\/www.heartfailurematters.org\/de\/zurueck-zu-ursachen-fuer-herzinsuffizienz-und-andere-haeufige-erkrankungen\/\"},{\"@type\":\"ListItem\",\"position\":3,\"name\":\"Messung von Blutdruck und Herzfrequenz (Puls) vom Patienten selbst\"}]},{\"@type\":\"WebSite\",\"@id\":\"https:\/\/www.heartfailurematters.org\/de\/#website\",\"url\":\"https:\/\/www.heartfailurematters.org\/de\/\",\"name\":\"Heart Failure Matters\",\"description\":\"Practical information for patients, families and caregivers.\",\"publisher\":{\"@id\":\"https:\/\/www.heartfailurematters.org\/de\/#organization\"},\"potentialAction\":[{\"@type\":\"SearchAction\",\"target\":{\"@type\":\"EntryPoint\",\"urlTemplate\":\"https:\/\/www.heartfailurematters.org\/de\/?s={search_term_string}\"},\"query-input\":{\"@type\":\"PropertyValueSpecification\",\"valueRequired\":true,\"valueName\":\"search_term_string\"}}],\"inLanguage\":\"de\"},{\"@type\":\"Organization\",\"@id\":\"https:\/\/www.heartfailurematters.org\/de\/#organization\",\"name\":\"Heart Failure Matters\",\"url\":\"https:\/\/www.heartfailurematters.org\/de\/\",\"logo\":{\"@type\":\"ImageObject\",\"inLanguage\":\"de\",\"@id\":\"https:\/\/www.heartfailurematters.org\/de\/#\/schema\/logo\/image\/\",\"url\":\"https:\/\/cdn-endpoint-hfm.azureedge.net\/heartfailurematters\/2024\/07\/hfm-logo1.jpg\",\"contentUrl\":\"https:\/\/cdn-endpoint-hfm.azureedge.net\/heartfailurematters\/2024\/07\/hfm-logo1.jpg\",\"width\":1280,\"height\":720,\"caption\":\"Heart Failure Matters\"},\"image\":{\"@id\":\"https:\/\/www.heartfailurematters.org\/de\/#\/schema\/logo\/image\/\"},\"sameAs\":[\"https:\/\/www.facebook.com\/heartfailurematters\"]}]}<\/script>\n<!-- \/ Yoast SEO plugin. -->","yoast_head_json":{"title":"Messung von Blutdruck und Herzrate (Puls) vom Patienten selbst","description":"M\u00f6glicherweise wird Ihnen Ihr Arzt raten, regelm\u00e4\u00dfig selbst Ihren Blutdruck und Ihre Herzfrequenz (Puls) zu Hause zu messen, oder Sie ringen sich dazu in Ihrem eigenen Interesse selbst durch.","robots":{"index":"index","follow":"follow","max-snippet":"max-snippet:-1","max-image-preview":"max-image-preview:large","max-video-preview":"max-video-preview:-1"},"canonical":"https:\/\/www.heartfailurematters.org\/de\/zurueck-zu-ursachen-fuer-herzinsuffizienz-und-andere-haeufige-erkrankungen\/messung-von-blutdruck-und-herzfrequenz-puls-vom-patienten-selbst\/","og_locale":"de_DE","og_type":"article","og_title":"Messung von Blutdruck und Herzrate (Puls) vom Patienten selbst","og_description":"M\u00f6glicherweise wird Ihnen Ihr Arzt raten, regelm\u00e4\u00dfig selbst Ihren Blutdruck und Ihre Herzfrequenz (Puls) zu Hause zu messen, oder Sie ringen sich dazu in Ihrem eigenen Interesse selbst durch.","og_url":"https:\/\/www.heartfailurematters.org\/de\/zurueck-zu-ursachen-fuer-herzinsuffizienz-und-andere-haeufige-erkrankungen\/messung-von-blutdruck-und-herzfrequenz-puls-vom-patienten-selbst\/","og_site_name":"Heart Failure Matters","article_publisher":"https:\/\/www.facebook.com\/heartfailurematters","article_modified_time":"2021-08-12T11:35:49+00:00","twitter_card":"summary_large_image","twitter_misc":{"Gesch\u00e4tzte Lesezeit":"2\u00a0Minuten"},"schema":{"@context":"https:\/\/schema.org","@graph":[{"@type":"WebPage","@id":"https:\/\/www.heartfailurematters.org\/de\/zurueck-zu-ursachen-fuer-herzinsuffizienz-und-andere-haeufige-erkrankungen\/messung-von-blutdruck-und-herzfrequenz-puls-vom-patienten-selbst\/","url":"https:\/\/www.heartfailurematters.org\/de\/zurueck-zu-ursachen-fuer-herzinsuffizienz-und-andere-haeufige-erkrankungen\/messung-von-blutdruck-und-herzfrequenz-puls-vom-patienten-selbst\/","name":"Messung von Blutdruck und Herzrate (Puls) vom Patienten selbst","isPartOf":{"@id":"https:\/\/www.heartfailurematters.org\/de\/#website"},"datePublished":"2021-01-27T22:00:23+00:00","dateModified":"2021-08-12T11:35:49+00:00","description":"M\u00f6glicherweise wird Ihnen Ihr Arzt raten, regelm\u00e4\u00dfig selbst Ihren Blutdruck und Ihre Herzfrequenz (Puls) zu Hause zu messen, oder Sie ringen sich dazu in Ihrem eigenen Interesse selbst durch.","breadcrumb":{"@id":"https:\/\/www.heartfailurematters.org\/de\/zurueck-zu-ursachen-fuer-herzinsuffizienz-und-andere-haeufige-erkrankungen\/messung-von-blutdruck-und-herzfrequenz-puls-vom-patienten-selbst\/#breadcrumb"},"inLanguage":"de","potentialAction":[{"@type":"ReadAction","target":["https:\/\/www.heartfailurematters.org\/de\/zurueck-zu-ursachen-fuer-herzinsuffizienz-und-andere-haeufige-erkrankungen\/messung-von-blutdruck-und-herzfrequenz-puls-vom-patienten-selbst\/"]}]},{"@type":"BreadcrumbList","@id":"https:\/\/www.heartfailurematters.org\/de\/zurueck-zu-ursachen-fuer-herzinsuffizienz-und-andere-haeufige-erkrankungen\/messung-von-blutdruck-und-herzfrequenz-puls-vom-patienten-selbst\/#breadcrumb","itemListElement":[{"@type":"ListItem","position":1,"name":"Startseite","item":"https:\/\/www.heartfailurematters.org\/de\/"},{"@type":"ListItem","position":2,"name":"Ursachen f\u00fcr Herzinsuffizienz und andere h\u00e4ufige Erkrankungen","item":"https:\/\/www.heartfailurematters.org\/de\/zurueck-zu-ursachen-fuer-herzinsuffizienz-und-andere-haeufige-erkrankungen\/"},{"@type":"ListItem","position":3,"name":"Messung von Blutdruck und Herzfrequenz (Puls) vom Patienten selbst"}]},{"@type":"WebSite","@id":"https:\/\/www.heartfailurematters.org\/de\/#website","url":"https:\/\/www.heartfailurematters.org\/de\/","name":"Heart Failure Matters","description":"Practical information for patients, families and caregivers.","publisher":{"@id":"https:\/\/www.heartfailurematters.org\/de\/#organization"},"potentialAction":[{"@type":"SearchAction","target":{"@type":"EntryPoint","urlTemplate":"https:\/\/www.heartfailurematters.org\/de\/?s={search_term_string}"},"query-input":{"@type":"PropertyValueSpecification","valueRequired":true,"valueName":"search_term_string"}}],"inLanguage":"de"},{"@type":"Organization","@id":"https:\/\/www.heartfailurematters.org\/de\/#organization","name":"Heart Failure Matters","url":"https:\/\/www.heartfailurematters.org\/de\/","logo":{"@type":"ImageObject","inLanguage":"de","@id":"https:\/\/www.heartfailurematters.org\/de\/#\/schema\/logo\/image\/","url":"https:\/\/cdn-endpoint-hfm.azureedge.net\/heartfailurematters\/2024\/07\/hfm-logo1.jpg","contentUrl":"https:\/\/cdn-endpoint-hfm.azureedge.net\/heartfailurematters\/2024\/07\/hfm-logo1.jpg","width":1280,"height":720,"caption":"Heart Failure Matters"},"image":{"@id":"https:\/\/www.heartfailurematters.org\/de\/#\/schema\/logo\/image\/"},"sameAs":["https:\/\/www.facebook.com\/heartfailurematters"]}]}},"_links":{"self":[{"href":"https:\/\/www.heartfailurematters.org\/de\/wp-json\/wp\/v2\/pages\/1405","targetHints":{"allow":["GET"]}}],"collection":[{"href":"https:\/\/www.heartfailurematters.org\/de\/wp-json\/wp\/v2\/pages"}],"about":[{"href":"https:\/\/www.heartfailurematters.org\/de\/wp-json\/wp\/v2\/types\/page"}],"author":[{"embeddable":true,"href":"https:\/\/www.heartfailurematters.org\/de\/wp-json\/wp\/v2\/users\/1"}],"replies":[{"embeddable":true,"href":"https:\/\/www.heartfailurematters.org\/de\/wp-json\/wp\/v2\/comments?post=1405"}],"version-history":[{"count":1,"href":"https:\/\/www.heartfailurematters.org\/de\/wp-json\/wp\/v2\/pages\/1405\/revisions"}],"predecessor-version":[{"id":9857,"href":"https:\/\/www.heartfailurematters.org\/de\/wp-json\/wp\/v2\/pages\/1405\/revisions\/9857"}],"up":[{"embeddable":true,"href":"https:\/\/www.heartfailurematters.org\/de\/wp-json\/wp\/v2\/pages\/8049"}],"wp:attachment":[{"href":"https:\/\/www.heartfailurematters.org\/de\/wp-json\/wp\/v2\/media?parent=1405"}],"wp:term":[{"taxonomy":"category","embeddable":true,"href":"https:\/\/www.heartfailurematters.org\/de\/wp-json\/wp\/v2\/categories?post=1405"},{"taxonomy":"post_tag","embeddable":true,"href":"https:\/\/www.heartfailurematters.org\/de\/wp-json\/wp\/v2\/tags?post=1405"}],"curies":[{"name":"wp","href":"https:\/\/api.w.org\/{rel}","templated":true}]}}