{"id":1401,"date":"2021-01-27T22:00:23","date_gmt":"2021-01-27T22:00:23","guid":{"rendered":"http:\/\/heartfailurematters.local:8888\/katheterablation-von-arrhythmien-bei-herzinsuffizienz\/"},"modified":"2021-01-27T22:00:23","modified_gmt":"2021-01-27T22:00:23","slug":"katheterablation-von-arrhythmien-bei-herzinsuffizienz","status":"publish","type":"page","link":"https:\/\/www.heartfailurematters.org\/de\/das-koennen-ihr-arzt-oder-pflegepersonal-tun\/katheterablation-von-arrhythmien-bei-herzinsuffizienz\/","title":{"rendered":"Katheterablation von Arrhythmien bei Herzinsuffizienz"},"content":{"rendered":"<h2>Was bewirkt dieses Verfahren?<\/h2>\n<p>Episoden eines beschleunigten Herzschlags (supraventrikul&auml;re oder ventrikul&auml;re Herzrhythmusst&ouml;rungen) treten bei der chronischen Herzinsuffizienz h&auml;ufig auf und werden oft mit einer Verschlechterung der Symptome assoziiert, die einen Krankenhausaufenthalt erforderlich machen kann. Wird eine Herzinsuffizienz medikament&ouml;s behandelt, treten solche Komplikationen seltener auf, aber oft k&ouml;nnen sie nicht ganz abgestellt werden. Liegt ein hohes Risiko f&uuml;r ventrikul&auml;re Herzrhythmusst&ouml;rungen vor, kann ein implantierbarer Herzdefibrillator (ICD), auch Kardioverter-Defibrillator genannt, eingesetzt werden, um diese schweren Arrhythmien zu behandeln, die zu einer Verschlechterung der Symptome oder sogar zum pl&ouml;tzlichen Tod f&uuml;hren k&ouml;nnen. Ein ICD verringert jedoch nicht die H&auml;ufigkeit von Arrhythmien und die spezifischen Medikamente, die diese Rhythmusst&ouml;rungen reduzieren k&ouml;nnten, k&ouml;nnen bei Herzinsuffizienz kontraindiziert sein.<\/p>\n<p>Die Katheterablation ist derzeit die effizienteste Therapie zur Reduzierung von Arrhythmien. Bei der Herzinsuffizienz k&ouml;nnen zellul&auml;re Ver&auml;nderungen das Muster der elektrischen Aktivierung ver&auml;ndern. So k&ouml;nnen einige Teile des Herzens spontan aktiviert werden (vorzeitige ventrikul&auml;re Kontraktionen) oder es wird eine kreisende Erregung (Reentry-Mechanismus) erzeugt, die sich fortsetzen und zu einer anhaltend schnellen Herzfrequenz f&uuml;hren kann. Die Katheterablation zielt darauf ab, mit Hilfe eines Hochfrequenzkatheters oder einer K&auml;lteapplikation mit einem Kryoballon im elektrischen Leitungssystem des Herzens kleine oberfl&auml;chliche Narben zu erzeugen, um den Bereich, der die Arrhythmie ausl&ouml;st, zu eliminieren. Auf &auml;hnliche Weise kann die Katheterablation auch die H&auml;ufigkeit von Vorhofflimmern eliminieren oder reduzieren.<\/p>\n<h2>Die Katheterablation wird aus 2 Hauptgr&uuml;nden eingesetzt<\/h2>\n<ul>\n<li>Verminderung von Episoden mit schnellem Herzschlag, die durch supraventrikul&auml;re (Vorhofflattern, Vorhofflimmern) oder ventrikul&auml;re Arrhythmien verursacht werden.<\/li>\n<li>Verringerung des Risikos eines pl&ouml;tzlichen Herztodes (ventrikul&auml;re Tachykardie, Kammerflimmern).<\/li>\n<\/ul>\n<p>Die Katheterablation wird seit mehreren Jahrzehnten eingesetzt und reduziert nachweislich Arrhythmien effizient und verbessert im Einzelfall die Herzfunktion. Die technologische Verbesserung der Katheterablation erm&ouml;glicht die Behandlung komplexerer Arrhythmie in allen Herzh&ouml;hlen.<\/p>\n<h2>Die Katheterablation besteht aus 3 Teilen.<\/h2>\n<ul>\n<li>Ein diagnostischer Katheter zur Lokalisierung der elektrischen Signale und zur Darstellung des Leitungsmusters.<\/li>\n<li>Ein Ablationskatheter zur Erzeugung von Narben mit verschiedenen Energieformen (Hochfrequenz, Kryotherapie).<\/li>\n<li>Ein System zur Lokalisierung der Position des Katheters im Herzen (Fluoroskopie oder dreidimensionales System).<\/li>\n<\/ul>\n<h2>Wie wird das Verfahren durchgef&uuml;hrt?<\/h2>\n<p>Ein Katheter wird durch die Oberschenkelvene ins Herz eingef&uuml;hrt, der Eingriff erfolgt mit Lokalan&auml;sthesie (&ouml;rtlicher Bet&auml;ubung). Der erste Teil des Verfahrens besteht darin, den Ursprung der Arrhythmie zu untersuchen und zu lokalisieren. Dann erfordert die Katheterablation eine Vollnarkose oder Sedierung. Es werden mehrere Energieanwendungen durchgef&uuml;hrt, um die Narbe in den entsprechenden Bereichen zu erzeugen. Der Erfolg des Verfahrens wird regelm&auml;&szlig;ig &uuml;berpr&uuml;ft, um nachzuweisen, dass die abnormale elektrische Leitf&auml;higkeit nicht ausgel&ouml;st werden kann, was das Ende des Verfahrens definiert.<\/p>\n<h2>Nach dem Eingriff<\/h2>\n<p>Nach dem Eingriff bleiben Sie 24-48 Stunden auf einer kardiologischen Station, um das eventuelle Wiederauftreten einer Arrhythmie zu &uuml;berwachen. Abh&auml;ngig von der Arrhythmie und dem Eingriff kann es vorkommen, dass Sie gebeten werden, sich ein paar Tage lang etwas auszuruhen.<\/p>\n<p>Seltene, aber m&ouml;gliche Nebenwirkungen sind: Blutungen, Herzoperationen, Embolie, Arrhythmie oder ein einen Herzschrittmacher erfordernder atrio-ventrikul&auml;rer Block.<\/p>\n<p>Innerhalb der ersten Monate nach dem Eingriff k&ouml;nnen aufgrund einiger Ver&auml;nderungen &nbsp;w&auml;hrend des Heilungsprozesses erneut Arrhythmien auftreten. Der Eingriff der Katheterablation kann mehrmals durchgef&uuml;hrt werden, um Rezidive oder andere auftretende Arrhythmien zu behandeln.<\/p>\n<p>Bitte sprechen Sie mit Ihrem Arzt oder Ihrer Pflegekraft,<\/p>\n<p><a href=\"https:\/\/www.heartfailurematters.org\/de\/das-koennen-ihr-arzt-oder-pflegepersonal-tun\/sonstige-verfahren\/\">Zur&uuml;ck zu &bdquo;Sonstige Verfahren&ldquo;<\/a><\/p>\n","protected":false},"excerpt":{"rendered":"<p>Was bewirkt dieses Verfahren? Episoden eines beschleunigten Herzschlags (supraventrikul&auml;re oder ventrikul&auml;re Herzrhythmusst&ouml;rungen) treten bei der chronischen Herzinsuffizienz h&auml;ufig auf und werden oft mit einer Verschlechterung der Symptome assoziiert, die einen Krankenhausaufenthalt erforderlich machen kann. Wird eine Herzinsuffizienz medikament&ouml;s behandelt, treten solche Komplikationen seltener auf, aber oft k&ouml;nnen sie nicht ganz abgestellt werden. Liegt ein hohes [&hellip;]<\/p>\n","protected":false},"author":1,"featured_media":10687,"parent":2680,"menu_order":0,"comment_status":"open","ping_status":"open","template":"","meta":{"_acf_changed":false,"footnotes":""},"categories":[],"tags":[],"class_list":["post-1401","page","type-page","status-publish","has-post-thumbnail","hentry"],"acf":[],"yoast_head":"<!-- This site is optimized with the Yoast SEO plugin v24.8.1 - https:\/\/yoast.com\/wordpress\/plugins\/seo\/ -->\n<title>Katheterablation von Arrhythmien bei Herzinsuffizienz<\/title>\n<meta name=\"description\" content=\"Episoden von schnellem Herzschlag (supraventrikul\u00e4re oder ventrikul\u00e4re Arrhythmien) sind in der nat\u00fcrlichen Vorgeschichte chronischer Herzinsuffizienz recht h\u00e4ufig und sind oft mit einer Verschlechterung der Symptome verbunden, was einen Krankenhausaufenthalt erfordern kann.\" \/>\n<meta name=\"robots\" content=\"index, follow, max-snippet:-1, max-image-preview:large, max-video-preview:-1\" \/>\n<link rel=\"canonical\" href=\"https:\/\/www.heartfailurematters.org\/de\/das-koennen-ihr-arzt-oder-pflegepersonal-tun\/katheterablation-von-arrhythmien-bei-herzinsuffizienz\/\" \/>\n<meta property=\"og:locale\" content=\"de_DE\" \/>\n<meta property=\"og:type\" content=\"article\" \/>\n<meta property=\"og:title\" content=\"Katheterablation von Arrhythmien bei Herzinsuffizienz\" \/>\n<meta property=\"og:description\" content=\"Episoden von schnellem Herzschlag (supraventrikul\u00e4re oder ventrikul\u00e4re Arrhythmien) sind in der nat\u00fcrlichen Vorgeschichte chronischer Herzinsuffizienz recht h\u00e4ufig und sind oft mit einer Verschlechterung der Symptome verbunden, was einen Krankenhausaufenthalt erfordern kann.\" \/>\n<meta property=\"og:url\" content=\"https:\/\/www.heartfailurematters.org\/de\/das-koennen-ihr-arzt-oder-pflegepersonal-tun\/katheterablation-von-arrhythmien-bei-herzinsuffizienz\/\" \/>\n<meta property=\"og:site_name\" content=\"Heart Failure Matters\" \/>\n<meta property=\"article:publisher\" content=\"https:\/\/www.facebook.com\/heartfailurematters\" \/>\n<meta property=\"og:image\" content=\"https:\/\/www.heartfailurematters.org\/wp-content\/uploads\/2022\/02\/shutterstock_26945083-1-min.jpg?_t=1773224777\" \/>\n\t<meta property=\"og:image:width\" content=\"900\" \/>\n\t<meta property=\"og:image:height\" content=\"600\" \/>\n\t<meta property=\"og:image:type\" content=\"image\/jpeg\" \/>\n<meta name=\"twitter:card\" content=\"summary_large_image\" \/>\n<meta name=\"twitter:label1\" content=\"Gesch\u00e4tzte Lesezeit\" \/>\n\t<meta name=\"twitter:data1\" content=\"3\u00a0Minuten\" \/>\n<script type=\"application\/ld+json\" class=\"yoast-schema-graph\">{\"@context\":\"https:\/\/schema.org\",\"@graph\":[{\"@type\":\"WebPage\",\"@id\":\"https:\/\/www.heartfailurematters.org\/de\/das-koennen-ihr-arzt-oder-pflegepersonal-tun\/katheterablation-von-arrhythmien-bei-herzinsuffizienz\/\",\"url\":\"https:\/\/www.heartfailurematters.org\/de\/das-koennen-ihr-arzt-oder-pflegepersonal-tun\/katheterablation-von-arrhythmien-bei-herzinsuffizienz\/\",\"name\":\"Katheterablation von Arrhythmien bei Herzinsuffizienz\",\"isPartOf\":{\"@id\":\"https:\/\/www.heartfailurematters.org\/de\/#website\"},\"primaryImageOfPage\":{\"@id\":\"https:\/\/www.heartfailurematters.org\/de\/das-koennen-ihr-arzt-oder-pflegepersonal-tun\/katheterablation-von-arrhythmien-bei-herzinsuffizienz\/#primaryimage\"},\"image\":{\"@id\":\"https:\/\/www.heartfailurematters.org\/de\/das-koennen-ihr-arzt-oder-pflegepersonal-tun\/katheterablation-von-arrhythmien-bei-herzinsuffizienz\/#primaryimage\"},\"thumbnailUrl\":\"https:\/\/www.heartfailurematters.org\/wp-content\/uploads\/2022\/02\/shutterstock_26945083-1-min.jpg\",\"datePublished\":\"2021-01-27T22:00:23+00:00\",\"description\":\"Episoden von schnellem Herzschlag (supraventrikul\u00e4re oder ventrikul\u00e4re Arrhythmien) sind in der nat\u00fcrlichen Vorgeschichte chronischer Herzinsuffizienz recht h\u00e4ufig und sind oft mit einer Verschlechterung der Symptome verbunden, was einen Krankenhausaufenthalt erfordern kann.\",\"breadcrumb\":{\"@id\":\"https:\/\/www.heartfailurematters.org\/de\/das-koennen-ihr-arzt-oder-pflegepersonal-tun\/katheterablation-von-arrhythmien-bei-herzinsuffizienz\/#breadcrumb\"},\"inLanguage\":\"de\",\"potentialAction\":[{\"@type\":\"ReadAction\",\"target\":[\"https:\/\/www.heartfailurematters.org\/de\/das-koennen-ihr-arzt-oder-pflegepersonal-tun\/katheterablation-von-arrhythmien-bei-herzinsuffizienz\/\"]}]},{\"@type\":\"ImageObject\",\"inLanguage\":\"de\",\"@id\":\"https:\/\/www.heartfailurematters.org\/de\/das-koennen-ihr-arzt-oder-pflegepersonal-tun\/katheterablation-von-arrhythmien-bei-herzinsuffizienz\/#primaryimage\",\"url\":\"https:\/\/www.heartfailurematters.org\/wp-content\/uploads\/2022\/02\/shutterstock_26945083-1-min.jpg\",\"contentUrl\":\"https:\/\/www.heartfailurematters.org\/wp-content\/uploads\/2022\/02\/shutterstock_26945083-1-min.jpg\",\"width\":900,\"height\":600},{\"@type\":\"BreadcrumbList\",\"@id\":\"https:\/\/www.heartfailurematters.org\/de\/das-koennen-ihr-arzt-oder-pflegepersonal-tun\/katheterablation-von-arrhythmien-bei-herzinsuffizienz\/#breadcrumb\",\"itemListElement\":[{\"@type\":\"ListItem\",\"position\":1,\"name\":\"Startseite\",\"item\":\"https:\/\/www.heartfailurematters.org\/de\/\"},{\"@type\":\"ListItem\",\"position\":2,\"name\":\"Das kann Ihr Arzt tun\",\"item\":\"https:\/\/www.heartfailurematters.org\/de\/das-koennen-ihr-arzt-oder-pflegepersonal-tun\/\"},{\"@type\":\"ListItem\",\"position\":3,\"name\":\"Katheterablation von Arrhythmien bei Herzinsuffizienz\"}]},{\"@type\":\"WebSite\",\"@id\":\"https:\/\/www.heartfailurematters.org\/de\/#website\",\"url\":\"https:\/\/www.heartfailurematters.org\/de\/\",\"name\":\"Heart Failure Matters\",\"description\":\"Practical information for patients, families and caregivers.\",\"publisher\":{\"@id\":\"https:\/\/www.heartfailurematters.org\/de\/#organization\"},\"potentialAction\":[{\"@type\":\"SearchAction\",\"target\":{\"@type\":\"EntryPoint\",\"urlTemplate\":\"https:\/\/www.heartfailurematters.org\/de\/?s={search_term_string}\"},\"query-input\":{\"@type\":\"PropertyValueSpecification\",\"valueRequired\":true,\"valueName\":\"search_term_string\"}}],\"inLanguage\":\"de\"},{\"@type\":\"Organization\",\"@id\":\"https:\/\/www.heartfailurematters.org\/de\/#organization\",\"name\":\"Heart Failure Matters\",\"url\":\"https:\/\/www.heartfailurematters.org\/de\/\",\"logo\":{\"@type\":\"ImageObject\",\"inLanguage\":\"de\",\"@id\":\"https:\/\/www.heartfailurematters.org\/de\/#\/schema\/logo\/image\/\",\"url\":\"https:\/\/cdn-endpoint-hfm.azureedge.net\/heartfailurematters\/2024\/07\/hfm-logo1.jpg\",\"contentUrl\":\"https:\/\/cdn-endpoint-hfm.azureedge.net\/heartfailurematters\/2024\/07\/hfm-logo1.jpg\",\"width\":1280,\"height\":720,\"caption\":\"Heart Failure Matters\"},\"image\":{\"@id\":\"https:\/\/www.heartfailurematters.org\/de\/#\/schema\/logo\/image\/\"},\"sameAs\":[\"https:\/\/www.facebook.com\/heartfailurematters\"]}]}<\/script>\n<!-- \/ Yoast SEO plugin. -->","yoast_head_json":{"title":"Katheterablation von Arrhythmien bei Herzinsuffizienz","description":"Episoden von schnellem Herzschlag (supraventrikul\u00e4re oder ventrikul\u00e4re Arrhythmien) sind in der nat\u00fcrlichen Vorgeschichte chronischer Herzinsuffizienz recht h\u00e4ufig und sind oft mit einer Verschlechterung der Symptome verbunden, was einen Krankenhausaufenthalt erfordern kann.","robots":{"index":"index","follow":"follow","max-snippet":"max-snippet:-1","max-image-preview":"max-image-preview:large","max-video-preview":"max-video-preview:-1"},"canonical":"https:\/\/www.heartfailurematters.org\/de\/das-koennen-ihr-arzt-oder-pflegepersonal-tun\/katheterablation-von-arrhythmien-bei-herzinsuffizienz\/","og_locale":"de_DE","og_type":"article","og_title":"Katheterablation von Arrhythmien bei Herzinsuffizienz","og_description":"Episoden von schnellem Herzschlag (supraventrikul\u00e4re oder ventrikul\u00e4re Arrhythmien) sind in der nat\u00fcrlichen Vorgeschichte chronischer Herzinsuffizienz recht h\u00e4ufig und sind oft mit einer Verschlechterung der Symptome verbunden, was einen Krankenhausaufenthalt erfordern kann.","og_url":"https:\/\/www.heartfailurematters.org\/de\/das-koennen-ihr-arzt-oder-pflegepersonal-tun\/katheterablation-von-arrhythmien-bei-herzinsuffizienz\/","og_site_name":"Heart Failure Matters","article_publisher":"https:\/\/www.facebook.com\/heartfailurematters","og_image":[{"width":900,"height":600,"url":"https:\/\/www.heartfailurematters.org\/wp-content\/uploads\/2022\/02\/shutterstock_26945083-1-min.jpg?_t=1773224777","type":"image\/jpeg"}],"twitter_card":"summary_large_image","twitter_misc":{"Gesch\u00e4tzte Lesezeit":"3\u00a0Minuten"},"schema":{"@context":"https:\/\/schema.org","@graph":[{"@type":"WebPage","@id":"https:\/\/www.heartfailurematters.org\/de\/das-koennen-ihr-arzt-oder-pflegepersonal-tun\/katheterablation-von-arrhythmien-bei-herzinsuffizienz\/","url":"https:\/\/www.heartfailurematters.org\/de\/das-koennen-ihr-arzt-oder-pflegepersonal-tun\/katheterablation-von-arrhythmien-bei-herzinsuffizienz\/","name":"Katheterablation von Arrhythmien bei Herzinsuffizienz","isPartOf":{"@id":"https:\/\/www.heartfailurematters.org\/de\/#website"},"primaryImageOfPage":{"@id":"https:\/\/www.heartfailurematters.org\/de\/das-koennen-ihr-arzt-oder-pflegepersonal-tun\/katheterablation-von-arrhythmien-bei-herzinsuffizienz\/#primaryimage"},"image":{"@id":"https:\/\/www.heartfailurematters.org\/de\/das-koennen-ihr-arzt-oder-pflegepersonal-tun\/katheterablation-von-arrhythmien-bei-herzinsuffizienz\/#primaryimage"},"thumbnailUrl":"https:\/\/www.heartfailurematters.org\/wp-content\/uploads\/2022\/02\/shutterstock_26945083-1-min.jpg","datePublished":"2021-01-27T22:00:23+00:00","description":"Episoden von schnellem Herzschlag (supraventrikul\u00e4re oder ventrikul\u00e4re Arrhythmien) sind in der nat\u00fcrlichen Vorgeschichte chronischer Herzinsuffizienz recht h\u00e4ufig und sind oft mit einer Verschlechterung der Symptome verbunden, was einen Krankenhausaufenthalt erfordern kann.","breadcrumb":{"@id":"https:\/\/www.heartfailurematters.org\/de\/das-koennen-ihr-arzt-oder-pflegepersonal-tun\/katheterablation-von-arrhythmien-bei-herzinsuffizienz\/#breadcrumb"},"inLanguage":"de","potentialAction":[{"@type":"ReadAction","target":["https:\/\/www.heartfailurematters.org\/de\/das-koennen-ihr-arzt-oder-pflegepersonal-tun\/katheterablation-von-arrhythmien-bei-herzinsuffizienz\/"]}]},{"@type":"ImageObject","inLanguage":"de","@id":"https:\/\/www.heartfailurematters.org\/de\/das-koennen-ihr-arzt-oder-pflegepersonal-tun\/katheterablation-von-arrhythmien-bei-herzinsuffizienz\/#primaryimage","url":"https:\/\/www.heartfailurematters.org\/wp-content\/uploads\/2022\/02\/shutterstock_26945083-1-min.jpg","contentUrl":"https:\/\/www.heartfailurematters.org\/wp-content\/uploads\/2022\/02\/shutterstock_26945083-1-min.jpg","width":900,"height":600},{"@type":"BreadcrumbList","@id":"https:\/\/www.heartfailurematters.org\/de\/das-koennen-ihr-arzt-oder-pflegepersonal-tun\/katheterablation-von-arrhythmien-bei-herzinsuffizienz\/#breadcrumb","itemListElement":[{"@type":"ListItem","position":1,"name":"Startseite","item":"https:\/\/www.heartfailurematters.org\/de\/"},{"@type":"ListItem","position":2,"name":"Das kann Ihr Arzt tun","item":"https:\/\/www.heartfailurematters.org\/de\/das-koennen-ihr-arzt-oder-pflegepersonal-tun\/"},{"@type":"ListItem","position":3,"name":"Katheterablation von Arrhythmien bei Herzinsuffizienz"}]},{"@type":"WebSite","@id":"https:\/\/www.heartfailurematters.org\/de\/#website","url":"https:\/\/www.heartfailurematters.org\/de\/","name":"Heart Failure Matters","description":"Practical information for patients, families and caregivers.","publisher":{"@id":"https:\/\/www.heartfailurematters.org\/de\/#organization"},"potentialAction":[{"@type":"SearchAction","target":{"@type":"EntryPoint","urlTemplate":"https:\/\/www.heartfailurematters.org\/de\/?s={search_term_string}"},"query-input":{"@type":"PropertyValueSpecification","valueRequired":true,"valueName":"search_term_string"}}],"inLanguage":"de"},{"@type":"Organization","@id":"https:\/\/www.heartfailurematters.org\/de\/#organization","name":"Heart Failure Matters","url":"https:\/\/www.heartfailurematters.org\/de\/","logo":{"@type":"ImageObject","inLanguage":"de","@id":"https:\/\/www.heartfailurematters.org\/de\/#\/schema\/logo\/image\/","url":"https:\/\/cdn-endpoint-hfm.azureedge.net\/heartfailurematters\/2024\/07\/hfm-logo1.jpg","contentUrl":"https:\/\/cdn-endpoint-hfm.azureedge.net\/heartfailurematters\/2024\/07\/hfm-logo1.jpg","width":1280,"height":720,"caption":"Heart Failure Matters"},"image":{"@id":"https:\/\/www.heartfailurematters.org\/de\/#\/schema\/logo\/image\/"},"sameAs":["https:\/\/www.facebook.com\/heartfailurematters"]}]}},"_links":{"self":[{"href":"https:\/\/www.heartfailurematters.org\/de\/wp-json\/wp\/v2\/pages\/1401","targetHints":{"allow":["GET"]}}],"collection":[{"href":"https:\/\/www.heartfailurematters.org\/de\/wp-json\/wp\/v2\/pages"}],"about":[{"href":"https:\/\/www.heartfailurematters.org\/de\/wp-json\/wp\/v2\/types\/page"}],"author":[{"embeddable":true,"href":"https:\/\/www.heartfailurematters.org\/de\/wp-json\/wp\/v2\/users\/1"}],"replies":[{"embeddable":true,"href":"https:\/\/www.heartfailurematters.org\/de\/wp-json\/wp\/v2\/comments?post=1401"}],"version-history":[{"count":0,"href":"https:\/\/www.heartfailurematters.org\/de\/wp-json\/wp\/v2\/pages\/1401\/revisions"}],"up":[{"embeddable":true,"href":"https:\/\/www.heartfailurematters.org\/de\/wp-json\/wp\/v2\/pages\/2680"}],"wp:featuredmedia":[{"embeddable":true,"href":"https:\/\/www.heartfailurematters.org\/de\/wp-json\/wp\/v2\/media\/10687"}],"wp:attachment":[{"href":"https:\/\/www.heartfailurematters.org\/de\/wp-json\/wp\/v2\/media?parent=1401"}],"wp:term":[{"taxonomy":"category","embeddable":true,"href":"https:\/\/www.heartfailurematters.org\/de\/wp-json\/wp\/v2\/categories?post=1401"},{"taxonomy":"post_tag","embeddable":true,"href":"https:\/\/www.heartfailurematters.org\/de\/wp-json\/wp\/v2\/tags?post=1401"}],"curies":[{"name":"wp","href":"https:\/\/api.w.org\/{rel}","templated":true}]}}