{"id":1397,"date":"2021-01-27T22:00:23","date_gmt":"2021-01-27T22:00:23","guid":{"rendered":"http:\/\/heartfailurematters.local:8888\/sonstige-tipps\/"},"modified":"2021-01-27T22:00:23","modified_gmt":"2021-01-27T22:00:23","slug":"sonstige-tipps","status":"publish","type":"page","link":"https:\/\/www.heartfailurematters.org\/de\/fuer-pflegende-angehoerige\/sonstige-tipps\/","title":{"rendered":"Sonstige Tipps"},"content":{"rendered":"<p>Hier einige weitere Vorschl\u00e4ge, die vielleicht von Interesse f\u00fcr Sie sein k\u00f6nnten:<\/p>\n<ul>\n<li>Beziehen Sie Ihre Familie und enge Freunde mit ein. Eine effektive Behandlung der Herzinsuffizienz gelingt h\u00e4ufig nur dann, wenn alle an einem Strang ziehen. Sie k\u00f6nnten gemeinsame Aktivit\u00e4ten mit Familie und Freunden vorschlagen, je nachdem, was Ihrem Partner oder Angeh\u00f6rigen zugemutet werden kann. Oder Sie k\u00f6nnten gesunde Mahlzeiten miteinander vorbereiten. <\/li>\n<li>Ermutigen Sie auch andere Familienmitglieder zu Ver\u00e4nderungen, um deren eigenes Risiko f\u00fcr eine Herzerkrankung oder Herzinsuffizienz zu senken. Ihr Partner oder Angeh\u00f6riger f\u00fchlt sich dann m\u00f6glicherweise nicht so allein oder isoliert. <\/li>\n<li>Bemuttern Sie Ihren Partner oder Angeh\u00f6rigen nicht zu sehr, indem Sie ihm\/ihr alles abnehmen. Obwohl Menschen mit Herzinsuffizienz bestimmte k\u00f6rperliche Grenzen gesetzt sind, m\u00fcssen sie unbedingt aktiv bleiben und ein moderates Training absolvieren. Wenn Sie dem Betroffenen alles abnehmen, f\u00fchlt dieser sich zudem seiner Unabh\u00e4ngigkeit beraubt oder h\u00e4lt sich f\u00fcr eine Belastung f\u00fcr andere. <\/li>\n<li>Erkunden Sie diese Webseite zusammen. Auf diese Weise lernen Sie beide dazu und k\u00f6nnen manche Aspekte der Erkrankung direkt miteinander besprechen. <\/li>\n<\/ul>\n<p>Zur\u00fcck zu \u201eRollenverst\u00e4ndnis\u201c<\/a><\/p>\n","protected":false},"excerpt":{"rendered":"<p>Hier einige weitere Vorschl\u00e4ge, die vielleicht von Interesse f\u00fcr Sie sein k\u00f6nnten: Beziehen Sie Ihre Familie und enge Freunde mit ein. Eine effektive Behandlung der Herzinsuffizienz gelingt h\u00e4ufig nur dann, wenn alle an einem Strang ziehen. Sie k\u00f6nnten gemeinsame Aktivit\u00e4ten mit Familie und Freunden vorschlagen, je nachdem, was Ihrem Partner oder Angeh\u00f6rigen zugemutet werden kann. [&hellip;]<\/p>\n","protected":false},"author":1,"featured_media":11144,"parent":2842,"menu_order":0,"comment_status":"open","ping_status":"open","template":"","meta":{"_acf_changed":false,"footnotes":""},"categories":[],"tags":[],"class_list":["post-1397","page","type-page","status-publish","has-post-thumbnail","hentry"],"acf":[],"yoast_head":"<!-- This site is optimized with the Yoast SEO plugin v24.8.1 - https:\/\/yoast.com\/wordpress\/plugins\/seo\/ -->\n<title>Sonstige Tipps<\/title>\n<meta name=\"description\" content=\"Der erfolgreiche Umgang mit Herzinsuffizienz ist oft eine Gruppenanstrengung. Hier sind einige Vorschl\u00e4ge, wie Betreuer von Herzinsuffizienzpatienten dabei helfen k\u00f6nnen, zeitnah \u00c4nderungen vorzunehmen und das eigene Risiko f\u00fcr eine zuk\u00fcnftig auftretende Herzinsuffizienz zu reduzieren.\" \/>\n<meta name=\"robots\" content=\"index, follow, max-snippet:-1, max-image-preview:large, max-video-preview:-1\" \/>\n<link rel=\"canonical\" href=\"https:\/\/www.heartfailurematters.org\/de\/fuer-pflegende-angehoerige\/sonstige-tipps\/\" \/>\n<meta property=\"og:locale\" content=\"de_DE\" \/>\n<meta property=\"og:type\" content=\"article\" \/>\n<meta property=\"og:title\" content=\"Sonstige Tipps\" \/>\n<meta property=\"og:description\" content=\"Der erfolgreiche Umgang mit Herzinsuffizienz ist oft eine Gruppenanstrengung. Hier sind einige Vorschl\u00e4ge, wie Betreuer von Herzinsuffizienzpatienten dabei helfen k\u00f6nnen, zeitnah \u00c4nderungen vorzunehmen und das eigene Risiko f\u00fcr eine zuk\u00fcnftig auftretende Herzinsuffizienz zu reduzieren.\" \/>\n<meta property=\"og:url\" content=\"https:\/\/www.heartfailurematters.org\/de\/fuer-pflegende-angehoerige\/sonstige-tipps\/\" \/>\n<meta property=\"og:site_name\" content=\"Heart Failure Matters\" \/>\n<meta property=\"article:publisher\" content=\"https:\/\/www.facebook.com\/heartfailurematters\" \/>\n<meta property=\"og:image\" content=\"https:\/\/www.heartfailurematters.org\/wp-content\/uploads\/2022\/03\/shutterstock_326634329-1-min.jpg\" \/>\n\t<meta property=\"og:image:width\" content=\"900\" \/>\n\t<meta property=\"og:image:height\" content=\"600\" \/>\n\t<meta property=\"og:image:type\" content=\"image\/jpeg\" \/>\n<meta name=\"twitter:card\" content=\"summary_large_image\" \/>\n<meta name=\"twitter:label1\" content=\"Gesch\u00e4tzte Lesezeit\" \/>\n\t<meta name=\"twitter:data1\" content=\"1\u00a0Minute\" \/>\n<script type=\"application\/ld+json\" class=\"yoast-schema-graph\">{\"@context\":\"https:\/\/schema.org\",\"@graph\":[{\"@type\":\"WebPage\",\"@id\":\"https:\/\/www.heartfailurematters.org\/de\/fuer-pflegende-angehoerige\/sonstige-tipps\/\",\"url\":\"https:\/\/www.heartfailurematters.org\/de\/fuer-pflegende-angehoerige\/sonstige-tipps\/\",\"name\":\"Sonstige Tipps\",\"isPartOf\":{\"@id\":\"https:\/\/www.heartfailurematters.org\/de\/#website\"},\"primaryImageOfPage\":{\"@id\":\"https:\/\/www.heartfailurematters.org\/de\/fuer-pflegende-angehoerige\/sonstige-tipps\/#primaryimage\"},\"image\":{\"@id\":\"https:\/\/www.heartfailurematters.org\/de\/fuer-pflegende-angehoerige\/sonstige-tipps\/#primaryimage\"},\"thumbnailUrl\":\"https:\/\/www.heartfailurematters.org\/wp-content\/uploads\/2022\/03\/shutterstock_326634329-1-min.jpg\",\"datePublished\":\"2021-01-27T22:00:23+00:00\",\"description\":\"Der erfolgreiche Umgang mit Herzinsuffizienz ist oft eine Gruppenanstrengung. Hier sind einige Vorschl\u00e4ge, wie Betreuer von Herzinsuffizienzpatienten dabei helfen k\u00f6nnen, zeitnah \u00c4nderungen vorzunehmen und das eigene Risiko f\u00fcr eine zuk\u00fcnftig auftretende Herzinsuffizienz zu reduzieren.\",\"breadcrumb\":{\"@id\":\"https:\/\/www.heartfailurematters.org\/de\/fuer-pflegende-angehoerige\/sonstige-tipps\/#breadcrumb\"},\"inLanguage\":\"de\",\"potentialAction\":[{\"@type\":\"ReadAction\",\"target\":[\"https:\/\/www.heartfailurematters.org\/de\/fuer-pflegende-angehoerige\/sonstige-tipps\/\"]}]},{\"@type\":\"ImageObject\",\"inLanguage\":\"de\",\"@id\":\"https:\/\/www.heartfailurematters.org\/de\/fuer-pflegende-angehoerige\/sonstige-tipps\/#primaryimage\",\"url\":\"https:\/\/www.heartfailurematters.org\/wp-content\/uploads\/2022\/03\/shutterstock_326634329-1-min.jpg\",\"contentUrl\":\"https:\/\/www.heartfailurematters.org\/wp-content\/uploads\/2022\/03\/shutterstock_326634329-1-min.jpg\",\"width\":900,\"height\":600},{\"@type\":\"BreadcrumbList\",\"@id\":\"https:\/\/www.heartfailurematters.org\/de\/fuer-pflegende-angehoerige\/sonstige-tipps\/#breadcrumb\",\"itemListElement\":[{\"@type\":\"ListItem\",\"position\":1,\"name\":\"Startseite\",\"item\":\"https:\/\/www.heartfailurematters.org\/de\/\"},{\"@type\":\"ListItem\",\"position\":2,\"name\":\"F\u00fcr Betreuer\",\"item\":\"https:\/\/www.heartfailurematters.org\/de\/fuer-pflegende-angehoerige\/\"},{\"@type\":\"ListItem\",\"position\":3,\"name\":\"Sonstige Tipps\"}]},{\"@type\":\"WebSite\",\"@id\":\"https:\/\/www.heartfailurematters.org\/de\/#website\",\"url\":\"https:\/\/www.heartfailurematters.org\/de\/\",\"name\":\"Heart Failure Matters\",\"description\":\"Practical information for patients, families and caregivers.\",\"publisher\":{\"@id\":\"https:\/\/www.heartfailurematters.org\/de\/#organization\"},\"potentialAction\":[{\"@type\":\"SearchAction\",\"target\":{\"@type\":\"EntryPoint\",\"urlTemplate\":\"https:\/\/www.heartfailurematters.org\/de\/?s={search_term_string}\"},\"query-input\":{\"@type\":\"PropertyValueSpecification\",\"valueRequired\":true,\"valueName\":\"search_term_string\"}}],\"inLanguage\":\"de\"},{\"@type\":\"Organization\",\"@id\":\"https:\/\/www.heartfailurematters.org\/de\/#organization\",\"name\":\"Heart Failure Matters\",\"url\":\"https:\/\/www.heartfailurematters.org\/de\/\",\"logo\":{\"@type\":\"ImageObject\",\"inLanguage\":\"de\",\"@id\":\"https:\/\/www.heartfailurematters.org\/de\/#\/schema\/logo\/image\/\",\"url\":\"https:\/\/cdn-endpoint-hfm.azureedge.net\/heartfailurematters\/2024\/07\/hfm-logo1.jpg\",\"contentUrl\":\"https:\/\/cdn-endpoint-hfm.azureedge.net\/heartfailurematters\/2024\/07\/hfm-logo1.jpg\",\"width\":1280,\"height\":720,\"caption\":\"Heart Failure Matters\"},\"image\":{\"@id\":\"https:\/\/www.heartfailurematters.org\/de\/#\/schema\/logo\/image\/\"},\"sameAs\":[\"https:\/\/www.facebook.com\/heartfailurematters\"]}]}<\/script>\n<!-- \/ Yoast SEO plugin. -->","yoast_head_json":{"title":"Sonstige Tipps","description":"Der erfolgreiche Umgang mit Herzinsuffizienz ist oft eine Gruppenanstrengung. Hier sind einige Vorschl\u00e4ge, wie Betreuer von Herzinsuffizienzpatienten dabei helfen k\u00f6nnen, zeitnah \u00c4nderungen vorzunehmen und das eigene Risiko f\u00fcr eine zuk\u00fcnftig auftretende Herzinsuffizienz zu reduzieren.","robots":{"index":"index","follow":"follow","max-snippet":"max-snippet:-1","max-image-preview":"max-image-preview:large","max-video-preview":"max-video-preview:-1"},"canonical":"https:\/\/www.heartfailurematters.org\/de\/fuer-pflegende-angehoerige\/sonstige-tipps\/","og_locale":"de_DE","og_type":"article","og_title":"Sonstige Tipps","og_description":"Der erfolgreiche Umgang mit Herzinsuffizienz ist oft eine Gruppenanstrengung. Hier sind einige Vorschl\u00e4ge, wie Betreuer von Herzinsuffizienzpatienten dabei helfen k\u00f6nnen, zeitnah \u00c4nderungen vorzunehmen und das eigene Risiko f\u00fcr eine zuk\u00fcnftig auftretende Herzinsuffizienz zu reduzieren.","og_url":"https:\/\/www.heartfailurematters.org\/de\/fuer-pflegende-angehoerige\/sonstige-tipps\/","og_site_name":"Heart Failure Matters","article_publisher":"https:\/\/www.facebook.com\/heartfailurematters","og_image":[{"width":900,"height":600,"url":"https:\/\/www.heartfailurematters.org\/wp-content\/uploads\/2022\/03\/shutterstock_326634329-1-min.jpg","type":"image\/jpeg"}],"twitter_card":"summary_large_image","twitter_misc":{"Gesch\u00e4tzte Lesezeit":"1\u00a0Minute"},"schema":{"@context":"https:\/\/schema.org","@graph":[{"@type":"WebPage","@id":"https:\/\/www.heartfailurematters.org\/de\/fuer-pflegende-angehoerige\/sonstige-tipps\/","url":"https:\/\/www.heartfailurematters.org\/de\/fuer-pflegende-angehoerige\/sonstige-tipps\/","name":"Sonstige Tipps","isPartOf":{"@id":"https:\/\/www.heartfailurematters.org\/de\/#website"},"primaryImageOfPage":{"@id":"https:\/\/www.heartfailurematters.org\/de\/fuer-pflegende-angehoerige\/sonstige-tipps\/#primaryimage"},"image":{"@id":"https:\/\/www.heartfailurematters.org\/de\/fuer-pflegende-angehoerige\/sonstige-tipps\/#primaryimage"},"thumbnailUrl":"https:\/\/www.heartfailurematters.org\/wp-content\/uploads\/2022\/03\/shutterstock_326634329-1-min.jpg","datePublished":"2021-01-27T22:00:23+00:00","description":"Der erfolgreiche Umgang mit Herzinsuffizienz ist oft eine Gruppenanstrengung. Hier sind einige Vorschl\u00e4ge, wie Betreuer von Herzinsuffizienzpatienten dabei helfen k\u00f6nnen, zeitnah \u00c4nderungen vorzunehmen und das eigene Risiko f\u00fcr eine zuk\u00fcnftig auftretende Herzinsuffizienz zu reduzieren.","breadcrumb":{"@id":"https:\/\/www.heartfailurematters.org\/de\/fuer-pflegende-angehoerige\/sonstige-tipps\/#breadcrumb"},"inLanguage":"de","potentialAction":[{"@type":"ReadAction","target":["https:\/\/www.heartfailurematters.org\/de\/fuer-pflegende-angehoerige\/sonstige-tipps\/"]}]},{"@type":"ImageObject","inLanguage":"de","@id":"https:\/\/www.heartfailurematters.org\/de\/fuer-pflegende-angehoerige\/sonstige-tipps\/#primaryimage","url":"https:\/\/www.heartfailurematters.org\/wp-content\/uploads\/2022\/03\/shutterstock_326634329-1-min.jpg","contentUrl":"https:\/\/www.heartfailurematters.org\/wp-content\/uploads\/2022\/03\/shutterstock_326634329-1-min.jpg","width":900,"height":600},{"@type":"BreadcrumbList","@id":"https:\/\/www.heartfailurematters.org\/de\/fuer-pflegende-angehoerige\/sonstige-tipps\/#breadcrumb","itemListElement":[{"@type":"ListItem","position":1,"name":"Startseite","item":"https:\/\/www.heartfailurematters.org\/de\/"},{"@type":"ListItem","position":2,"name":"F\u00fcr Betreuer","item":"https:\/\/www.heartfailurematters.org\/de\/fuer-pflegende-angehoerige\/"},{"@type":"ListItem","position":3,"name":"Sonstige Tipps"}]},{"@type":"WebSite","@id":"https:\/\/www.heartfailurematters.org\/de\/#website","url":"https:\/\/www.heartfailurematters.org\/de\/","name":"Heart Failure Matters","description":"Practical information for patients, families and caregivers.","publisher":{"@id":"https:\/\/www.heartfailurematters.org\/de\/#organization"},"potentialAction":[{"@type":"SearchAction","target":{"@type":"EntryPoint","urlTemplate":"https:\/\/www.heartfailurematters.org\/de\/?s={search_term_string}"},"query-input":{"@type":"PropertyValueSpecification","valueRequired":true,"valueName":"search_term_string"}}],"inLanguage":"de"},{"@type":"Organization","@id":"https:\/\/www.heartfailurematters.org\/de\/#organization","name":"Heart Failure Matters","url":"https:\/\/www.heartfailurematters.org\/de\/","logo":{"@type":"ImageObject","inLanguage":"de","@id":"https:\/\/www.heartfailurematters.org\/de\/#\/schema\/logo\/image\/","url":"https:\/\/cdn-endpoint-hfm.azureedge.net\/heartfailurematters\/2024\/07\/hfm-logo1.jpg","contentUrl":"https:\/\/cdn-endpoint-hfm.azureedge.net\/heartfailurematters\/2024\/07\/hfm-logo1.jpg","width":1280,"height":720,"caption":"Heart Failure Matters"},"image":{"@id":"https:\/\/www.heartfailurematters.org\/de\/#\/schema\/logo\/image\/"},"sameAs":["https:\/\/www.facebook.com\/heartfailurematters"]}]}},"_links":{"self":[{"href":"https:\/\/www.heartfailurematters.org\/de\/wp-json\/wp\/v2\/pages\/1397","targetHints":{"allow":["GET"]}}],"collection":[{"href":"https:\/\/www.heartfailurematters.org\/de\/wp-json\/wp\/v2\/pages"}],"about":[{"href":"https:\/\/www.heartfailurematters.org\/de\/wp-json\/wp\/v2\/types\/page"}],"author":[{"embeddable":true,"href":"https:\/\/www.heartfailurematters.org\/de\/wp-json\/wp\/v2\/users\/1"}],"replies":[{"embeddable":true,"href":"https:\/\/www.heartfailurematters.org\/de\/wp-json\/wp\/v2\/comments?post=1397"}],"version-history":[{"count":0,"href":"https:\/\/www.heartfailurematters.org\/de\/wp-json\/wp\/v2\/pages\/1397\/revisions"}],"up":[{"embeddable":true,"href":"https:\/\/www.heartfailurematters.org\/de\/wp-json\/wp\/v2\/pages\/2842"}],"wp:featuredmedia":[{"embeddable":true,"href":"https:\/\/www.heartfailurematters.org\/de\/wp-json\/wp\/v2\/media\/11144"}],"wp:attachment":[{"href":"https:\/\/www.heartfailurematters.org\/de\/wp-json\/wp\/v2\/media?parent=1397"}],"wp:term":[{"taxonomy":"category","embeddable":true,"href":"https:\/\/www.heartfailurematters.org\/de\/wp-json\/wp\/v2\/categories?post=1397"},{"taxonomy":"post_tag","embeddable":true,"href":"https:\/\/www.heartfailurematters.org\/de\/wp-json\/wp\/v2\/tags?post=1397"}],"curies":[{"name":"wp","href":"https:\/\/api.w.org\/{rel}","templated":true}]}}