{"id":1390,"date":"2021-01-27T22:00:18","date_gmt":"2021-01-27T22:00:18","guid":{"rendered":"http:\/\/heartfailurematters.local:8888\/naechtlicher-harndrang\/"},"modified":"2021-02-16T15:32:45","modified_gmt":"2021-02-16T15:32:45","slug":"naechtlicher-harndrang","status":"publish","type":"page","link":"https:\/\/www.heartfailurematters.org\/de\/herzinsuffizienz-verstehen\/naechtlicher-harndrang\/","title":{"rendered":"N\u00e4chtlicher Harndrang"},"content":{"rendered":"<p><img decoding=\"async\" class=\"alignleft size-full wp-image-6855\" src=\"https:\/\/www.heartfailurematters.org\/wp-content\/uploads\/2021\/02\/need-to-urinate-at-night.jpg\" alt=\"\" width=\"211\" height=\"206\" \/>W\u00e4hrend der n\u00e4chtlichen Bettruhe kann die Fl\u00fcssigkeit, die sich tags\u00fcber in den Beinen angesammelt hat, wieder mit dem Blutstrom abtransportiert und dann in den Nieren \u00fcber den Urin ausgeschieden werden.<\/p>\n<p>Ein Toilettengang vor dem Zubettgehen und eine Beschr\u00e4nkung der abendlichen Trinkmenge k\u00f6nnen dazu beitragen, die Zahl der Toiletteng\u00e4nge in der Nacht zu reduzieren. Klicken Sie hier, um mehr \u00fcber die Kontrolle Ihrer Fl\u00fcssigkeitsaufnahme zu erfahren.<\/p>\n<p>Auch kann es hilfreich sein <strong>Diuretika <\/strong> am Morgen einzunehmen.<\/p>\n<p>Zur\u00fcck zu \u201e Symptome\u201c<\/p>\n","protected":false},"excerpt":{"rendered":"<p>W\u00e4hrend der n\u00e4chtlichen Bettruhe kann die Fl\u00fcssigkeit, die sich tags\u00fcber in den Beinen angesammelt hat, wieder mit dem Blutstrom abtransportiert und dann in den Nieren \u00fcber den Urin ausgeschieden werden. Ein Toilettengang vor dem Zubettgehen und eine Beschr\u00e4nkung der abendlichen Trinkmenge k\u00f6nnen dazu beitragen, die Zahl der Toiletteng\u00e4nge in der Nacht zu reduzieren. Klicken Sie [&hellip;]<\/p>\n","protected":false},"author":1,"featured_media":0,"parent":1371,"menu_order":0,"comment_status":"open","ping_status":"open","template":"","meta":{"_acf_changed":false,"footnotes":""},"categories":[],"tags":[],"class_list":["post-1390","page","type-page","status-publish","hentry"],"acf":[],"yoast_head":"<!-- This site is optimized with the Yoast SEO plugin v24.8.1 - https:\/\/yoast.com\/wordpress\/plugins\/seo\/ -->\n<title>N\u00e4chtlicher Harndrang<\/title>\n<meta name=\"description\" content=\"Wenn Sie an Herzinsuffizienz leiden, werden Sie manchmal das Bed\u00fcrfnis versp\u00fcren, nachts zu urinieren. Diese beiden einfachen Schritte k\u00f6nnen Ihnen helfen, besser zu schlafen.\" \/>\n<meta name=\"robots\" content=\"index, follow, max-snippet:-1, max-image-preview:large, max-video-preview:-1\" \/>\n<link rel=\"canonical\" href=\"https:\/\/www.heartfailurematters.org\/de\/herzinsuffizienz-verstehen\/naechtlicher-harndrang\/\" \/>\n<meta property=\"og:locale\" content=\"de_DE\" \/>\n<meta property=\"og:type\" content=\"article\" \/>\n<meta property=\"og:title\" content=\"N\u00e4chtlicher Harndrang\" \/>\n<meta property=\"og:description\" content=\"Wenn Sie an Herzinsuffizienz leiden, werden Sie manchmal das Bed\u00fcrfnis versp\u00fcren, nachts zu urinieren. Diese beiden einfachen Schritte k\u00f6nnen Ihnen helfen, besser zu schlafen.\" \/>\n<meta property=\"og:url\" content=\"https:\/\/www.heartfailurematters.org\/de\/herzinsuffizienz-verstehen\/naechtlicher-harndrang\/\" \/>\n<meta property=\"og:site_name\" content=\"Heart Failure Matters\" \/>\n<meta property=\"article:publisher\" content=\"https:\/\/www.facebook.com\/heartfailurematters\" \/>\n<meta property=\"article:modified_time\" content=\"2021-02-16T15:32:45+00:00\" \/>\n<meta property=\"og:image\" content=\"https:\/\/www.heartfailurematters.org\/wp-content\/uploads\/2021\/02\/need-to-urinate-at-night.jpg\" \/>\n<meta name=\"twitter:card\" content=\"summary_large_image\" \/>\n<meta name=\"twitter:label1\" content=\"Gesch\u00e4tzte Lesezeit\" \/>\n\t<meta name=\"twitter:data1\" content=\"1\u00a0Minute\" \/>\n<script type=\"application\/ld+json\" class=\"yoast-schema-graph\">{\"@context\":\"https:\/\/schema.org\",\"@graph\":[{\"@type\":\"WebPage\",\"@id\":\"https:\/\/www.heartfailurematters.org\/de\/herzinsuffizienz-verstehen\/naechtlicher-harndrang\/\",\"url\":\"https:\/\/www.heartfailurematters.org\/de\/herzinsuffizienz-verstehen\/naechtlicher-harndrang\/\",\"name\":\"N\u00e4chtlicher Harndrang\",\"isPartOf\":{\"@id\":\"https:\/\/www.heartfailurematters.org\/de\/#website\"},\"primaryImageOfPage\":{\"@id\":\"https:\/\/www.heartfailurematters.org\/de\/herzinsuffizienz-verstehen\/naechtlicher-harndrang\/#primaryimage\"},\"image\":{\"@id\":\"https:\/\/www.heartfailurematters.org\/de\/herzinsuffizienz-verstehen\/naechtlicher-harndrang\/#primaryimage\"},\"thumbnailUrl\":\"https:\/\/www.heartfailurematters.org\/wp-content\/uploads\/2021\/02\/need-to-urinate-at-night.jpg\",\"datePublished\":\"2021-01-27T22:00:18+00:00\",\"dateModified\":\"2021-02-16T15:32:45+00:00\",\"description\":\"Wenn Sie an Herzinsuffizienz leiden, werden Sie manchmal das Bed\u00fcrfnis versp\u00fcren, nachts zu urinieren. Diese beiden einfachen Schritte k\u00f6nnen Ihnen helfen, besser zu schlafen.\",\"breadcrumb\":{\"@id\":\"https:\/\/www.heartfailurematters.org\/de\/herzinsuffizienz-verstehen\/naechtlicher-harndrang\/#breadcrumb\"},\"inLanguage\":\"de\",\"potentialAction\":[{\"@type\":\"ReadAction\",\"target\":[\"https:\/\/www.heartfailurematters.org\/de\/herzinsuffizienz-verstehen\/naechtlicher-harndrang\/\"]}]},{\"@type\":\"ImageObject\",\"inLanguage\":\"de\",\"@id\":\"https:\/\/www.heartfailurematters.org\/de\/herzinsuffizienz-verstehen\/naechtlicher-harndrang\/#primaryimage\",\"url\":\"https:\/\/www.heartfailurematters.org\/wp-content\/uploads\/2021\/02\/need-to-urinate-at-night.jpg\",\"contentUrl\":\"https:\/\/www.heartfailurematters.org\/wp-content\/uploads\/2021\/02\/need-to-urinate-at-night.jpg\"},{\"@type\":\"BreadcrumbList\",\"@id\":\"https:\/\/www.heartfailurematters.org\/de\/herzinsuffizienz-verstehen\/naechtlicher-harndrang\/#breadcrumb\",\"itemListElement\":[{\"@type\":\"ListItem\",\"position\":1,\"name\":\"Startseite\",\"item\":\"https:\/\/www.heartfailurematters.org\/de\/\"},{\"@type\":\"ListItem\",\"position\":2,\"name\":\"Herzinsuffizienz verstehen\",\"item\":\"https:\/\/www.heartfailurematters.org\/de\/herzinsuffizienz-verstehen\/\"},{\"@type\":\"ListItem\",\"position\":3,\"name\":\"N\u00e4chtlicher Harndrang\"}]},{\"@type\":\"WebSite\",\"@id\":\"https:\/\/www.heartfailurematters.org\/de\/#website\",\"url\":\"https:\/\/www.heartfailurematters.org\/de\/\",\"name\":\"Heart Failure Matters\",\"description\":\"Practical information for patients, families and caregivers.\",\"publisher\":{\"@id\":\"https:\/\/www.heartfailurematters.org\/de\/#organization\"},\"potentialAction\":[{\"@type\":\"SearchAction\",\"target\":{\"@type\":\"EntryPoint\",\"urlTemplate\":\"https:\/\/www.heartfailurematters.org\/de\/?s={search_term_string}\"},\"query-input\":{\"@type\":\"PropertyValueSpecification\",\"valueRequired\":true,\"valueName\":\"search_term_string\"}}],\"inLanguage\":\"de\"},{\"@type\":\"Organization\",\"@id\":\"https:\/\/www.heartfailurematters.org\/de\/#organization\",\"name\":\"Heart Failure Matters\",\"url\":\"https:\/\/www.heartfailurematters.org\/de\/\",\"logo\":{\"@type\":\"ImageObject\",\"inLanguage\":\"de\",\"@id\":\"https:\/\/www.heartfailurematters.org\/de\/#\/schema\/logo\/image\/\",\"url\":\"https:\/\/cdn-endpoint-hfm.azureedge.net\/heartfailurematters\/2024\/07\/hfm-logo1.jpg\",\"contentUrl\":\"https:\/\/cdn-endpoint-hfm.azureedge.net\/heartfailurematters\/2024\/07\/hfm-logo1.jpg\",\"width\":1280,\"height\":720,\"caption\":\"Heart Failure Matters\"},\"image\":{\"@id\":\"https:\/\/www.heartfailurematters.org\/de\/#\/schema\/logo\/image\/\"},\"sameAs\":[\"https:\/\/www.facebook.com\/heartfailurematters\"]}]}<\/script>\n<!-- \/ Yoast SEO plugin. -->","yoast_head_json":{"title":"N\u00e4chtlicher Harndrang","description":"Wenn Sie an Herzinsuffizienz leiden, werden Sie manchmal das Bed\u00fcrfnis versp\u00fcren, nachts zu urinieren. Diese beiden einfachen Schritte k\u00f6nnen Ihnen helfen, besser zu schlafen.","robots":{"index":"index","follow":"follow","max-snippet":"max-snippet:-1","max-image-preview":"max-image-preview:large","max-video-preview":"max-video-preview:-1"},"canonical":"https:\/\/www.heartfailurematters.org\/de\/herzinsuffizienz-verstehen\/naechtlicher-harndrang\/","og_locale":"de_DE","og_type":"article","og_title":"N\u00e4chtlicher Harndrang","og_description":"Wenn Sie an Herzinsuffizienz leiden, werden Sie manchmal das Bed\u00fcrfnis versp\u00fcren, nachts zu urinieren. Diese beiden einfachen Schritte k\u00f6nnen Ihnen helfen, besser zu schlafen.","og_url":"https:\/\/www.heartfailurematters.org\/de\/herzinsuffizienz-verstehen\/naechtlicher-harndrang\/","og_site_name":"Heart Failure Matters","article_publisher":"https:\/\/www.facebook.com\/heartfailurematters","article_modified_time":"2021-02-16T15:32:45+00:00","og_image":[{"url":"https:\/\/www.heartfailurematters.org\/wp-content\/uploads\/2021\/02\/need-to-urinate-at-night.jpg","type":"","width":"","height":""}],"twitter_card":"summary_large_image","twitter_misc":{"Gesch\u00e4tzte Lesezeit":"1\u00a0Minute"},"schema":{"@context":"https:\/\/schema.org","@graph":[{"@type":"WebPage","@id":"https:\/\/www.heartfailurematters.org\/de\/herzinsuffizienz-verstehen\/naechtlicher-harndrang\/","url":"https:\/\/www.heartfailurematters.org\/de\/herzinsuffizienz-verstehen\/naechtlicher-harndrang\/","name":"N\u00e4chtlicher Harndrang","isPartOf":{"@id":"https:\/\/www.heartfailurematters.org\/de\/#website"},"primaryImageOfPage":{"@id":"https:\/\/www.heartfailurematters.org\/de\/herzinsuffizienz-verstehen\/naechtlicher-harndrang\/#primaryimage"},"image":{"@id":"https:\/\/www.heartfailurematters.org\/de\/herzinsuffizienz-verstehen\/naechtlicher-harndrang\/#primaryimage"},"thumbnailUrl":"https:\/\/www.heartfailurematters.org\/wp-content\/uploads\/2021\/02\/need-to-urinate-at-night.jpg","datePublished":"2021-01-27T22:00:18+00:00","dateModified":"2021-02-16T15:32:45+00:00","description":"Wenn Sie an Herzinsuffizienz leiden, werden Sie manchmal das Bed\u00fcrfnis versp\u00fcren, nachts zu urinieren. Diese beiden einfachen Schritte k\u00f6nnen Ihnen helfen, besser zu schlafen.","breadcrumb":{"@id":"https:\/\/www.heartfailurematters.org\/de\/herzinsuffizienz-verstehen\/naechtlicher-harndrang\/#breadcrumb"},"inLanguage":"de","potentialAction":[{"@type":"ReadAction","target":["https:\/\/www.heartfailurematters.org\/de\/herzinsuffizienz-verstehen\/naechtlicher-harndrang\/"]}]},{"@type":"ImageObject","inLanguage":"de","@id":"https:\/\/www.heartfailurematters.org\/de\/herzinsuffizienz-verstehen\/naechtlicher-harndrang\/#primaryimage","url":"https:\/\/www.heartfailurematters.org\/wp-content\/uploads\/2021\/02\/need-to-urinate-at-night.jpg","contentUrl":"https:\/\/www.heartfailurematters.org\/wp-content\/uploads\/2021\/02\/need-to-urinate-at-night.jpg"},{"@type":"BreadcrumbList","@id":"https:\/\/www.heartfailurematters.org\/de\/herzinsuffizienz-verstehen\/naechtlicher-harndrang\/#breadcrumb","itemListElement":[{"@type":"ListItem","position":1,"name":"Startseite","item":"https:\/\/www.heartfailurematters.org\/de\/"},{"@type":"ListItem","position":2,"name":"Herzinsuffizienz verstehen","item":"https:\/\/www.heartfailurematters.org\/de\/herzinsuffizienz-verstehen\/"},{"@type":"ListItem","position":3,"name":"N\u00e4chtlicher Harndrang"}]},{"@type":"WebSite","@id":"https:\/\/www.heartfailurematters.org\/de\/#website","url":"https:\/\/www.heartfailurematters.org\/de\/","name":"Heart Failure Matters","description":"Practical information for patients, families and caregivers.","publisher":{"@id":"https:\/\/www.heartfailurematters.org\/de\/#organization"},"potentialAction":[{"@type":"SearchAction","target":{"@type":"EntryPoint","urlTemplate":"https:\/\/www.heartfailurematters.org\/de\/?s={search_term_string}"},"query-input":{"@type":"PropertyValueSpecification","valueRequired":true,"valueName":"search_term_string"}}],"inLanguage":"de"},{"@type":"Organization","@id":"https:\/\/www.heartfailurematters.org\/de\/#organization","name":"Heart Failure Matters","url":"https:\/\/www.heartfailurematters.org\/de\/","logo":{"@type":"ImageObject","inLanguage":"de","@id":"https:\/\/www.heartfailurematters.org\/de\/#\/schema\/logo\/image\/","url":"https:\/\/cdn-endpoint-hfm.azureedge.net\/heartfailurematters\/2024\/07\/hfm-logo1.jpg","contentUrl":"https:\/\/cdn-endpoint-hfm.azureedge.net\/heartfailurematters\/2024\/07\/hfm-logo1.jpg","width":1280,"height":720,"caption":"Heart Failure Matters"},"image":{"@id":"https:\/\/www.heartfailurematters.org\/de\/#\/schema\/logo\/image\/"},"sameAs":["https:\/\/www.facebook.com\/heartfailurematters"]}]}},"_links":{"self":[{"href":"https:\/\/www.heartfailurematters.org\/de\/wp-json\/wp\/v2\/pages\/1390","targetHints":{"allow":["GET"]}}],"collection":[{"href":"https:\/\/www.heartfailurematters.org\/de\/wp-json\/wp\/v2\/pages"}],"about":[{"href":"https:\/\/www.heartfailurematters.org\/de\/wp-json\/wp\/v2\/types\/page"}],"author":[{"embeddable":true,"href":"https:\/\/www.heartfailurematters.org\/de\/wp-json\/wp\/v2\/users\/1"}],"replies":[{"embeddable":true,"href":"https:\/\/www.heartfailurematters.org\/de\/wp-json\/wp\/v2\/comments?post=1390"}],"version-history":[{"count":1,"href":"https:\/\/www.heartfailurematters.org\/de\/wp-json\/wp\/v2\/pages\/1390\/revisions"}],"predecessor-version":[{"id":6867,"href":"https:\/\/www.heartfailurematters.org\/de\/wp-json\/wp\/v2\/pages\/1390\/revisions\/6867"}],"up":[{"embeddable":true,"href":"https:\/\/www.heartfailurematters.org\/de\/wp-json\/wp\/v2\/pages\/1371"}],"wp:attachment":[{"href":"https:\/\/www.heartfailurematters.org\/de\/wp-json\/wp\/v2\/media?parent=1390"}],"wp:term":[{"taxonomy":"category","embeddable":true,"href":"https:\/\/www.heartfailurematters.org\/de\/wp-json\/wp\/v2\/categories?post=1390"},{"taxonomy":"post_tag","embeddable":true,"href":"https:\/\/www.heartfailurematters.org\/de\/wp-json\/wp\/v2\/tags?post=1390"}],"curies":[{"name":"wp","href":"https:\/\/api.w.org\/{rel}","templated":true}]}}