{"id":1388,"date":"2021-01-27T22:00:18","date_gmt":"2021-01-27T22:00:18","guid":{"rendered":"http:\/\/heartfailurematters.local:8888\/bluttests\/"},"modified":"2025-12-03T15:22:19","modified_gmt":"2025-12-03T15:22:19","slug":"bluttests","status":"publish","type":"page","link":"https:\/\/www.heartfailurematters.org\/de\/herzinsuffizienz-verstehen\/bluttests\/","title":{"rendered":"Bluttests"},"content":{"rendered":"<p>Bluttests k\u00f6nnen sich beim Screening auf Herzinsuffizienz und bei der Suche nach m\u00f6glichen Ursachen, Ausl\u00f6sern oder Komplikationen als n\u00fctzlich erweisen.<\/p>\n<h2>Natriuretisches Peptid (BNP, NT-proBNP):<\/h2>\n<p>Das Herz setzt Hormone, sogenannte natriuretische Peptide, frei, wenn sich der Herzmuskel aufgrund von Druck oder Fl\u00fcssigkeit dehnt. Diese Hormone haben eine leicht harntreibende und salzabbauende Wirkung, die f\u00fcr Patientinnen und Patienten mit Herzinsuffizienz vorteilhaft ist. Zwei Arten von natriuretischen Peptiden, BNP oder NT-proBNP, k\u00f6nnen routinem\u00e4\u00dfig anhand eines einfachen \u00e4rztlichen oder kardiologischen Bluttests gemessen werden. Bei Patientinnen und Patienten mit Herzinsuffizienz zeigt sich ein erh\u00f6hter Spiegel eines natriuretischen Peptids, und die Werte steigen bei einem Fortschreiten der Herzinsuffizienz an. Daher ist die Messung des natriuretischen Peptids sowohl bei Diagnose- als auch bei Behandlungsentscheidungen f\u00fcr Herzinsuffizienz n\u00fctzlich. Bei anderen Erkrankungen wie Nierenerkrankungen k\u00f6nnen die BNP- und NT-proBNP-Werte erh\u00f6ht sein und bei \u00fcbergewichtigen Menschen sind geringere Werte m\u00f6glich. Es gilt zu beachten, dass ein normaler BNP-Wert bei einer Person, die nicht wegen Herzinsuffizienz behandelt wird, darauf hinweist, dass die Symptome h\u00f6chstwahrscheinlich auf andere Ursachen zur\u00fcckzuf\u00fchren sind (d. h. es ist sehr unwahrscheinlich, dass eine Herzinsuffizienz vorliegt). Daher ist der Test auch \u00fcberaus n\u00fctzlich f\u00fcr ein Screening auf Herzinsuffizienz.<\/p>\n<h2>Sonstige Bluttests:<\/h2>\n<p>Bei Verdacht auf Herzinsuffizienz k\u00f6nnen eine Reihe von Bluttests durchgef\u00fchrt werden. Es gibt keine festgelegte Kombination von Bluttests, die bei allen Patientinnen und Patienten mit Herzinsuffizienz durchgef\u00fchrt werden sollten. Die Anzahl der erforderlichen Labortests h\u00e4ngt von Faktoren wie Alter, Schwere der Symptome und bekannten Begleiterkrankungen wie <strong>Diabetes<\/strong>, An\u00e4mie oder eingeschr\u00e4nkter Nierenfunktion ab. Wenn eine Herzinsuffizienz diagnostiziert wurde, k\u00f6nnen Bluttests dabei helfen, die etwaigen Auswirkungen auf andere Organe zu ermitteln. Bei diesen Bluttests werden Elektrolytst\u00f6rungen, Diabetes, Probleme mit Leber oder Nieren, die Schilddr\u00fcsenfunktion, An\u00e4mie, Eisenmangel und erh\u00f6hte natriuretische Peptidwerte ermittelt. Manche dieser Bluttests m\u00fcssen m\u00f6glicherweise regelm\u00e4\u00dfig durchgef\u00fchrt werden, um die Fortschritte von Patientinnen und Patienten im Laufe der Zeit zu beobachten.<\/p>\n<p><a href=\"https:\/\/www.heartfailurematters.org\/understanding-heart-failure\/common-tests-for-heart-failure\/\">Zur\u00fcck zu g\u00e4ngigen Herzinsuffizienz-Tests<\/a><\/p>\n","protected":false},"excerpt":{"rendered":"<p>Bluttests k\u00f6nnen sich beim Screening auf Herzinsuffizienz und bei der Suche nach m\u00f6glichen Ursachen, Ausl\u00f6sern oder Komplikationen als n\u00fctzlich erweisen. Natriuretisches Peptid (BNP, NT-proBNP): Das Herz setzt Hormone, sogenannte natriuretische Peptide, frei, wenn sich der Herzmuskel aufgrund von Druck oder Fl\u00fcssigkeit dehnt. Diese Hormone haben eine leicht harntreibende und salzabbauende Wirkung, die f\u00fcr Patientinnen und [&hellip;]<\/p>\n","protected":false},"author":1,"featured_media":10627,"parent":1371,"menu_order":0,"comment_status":"open","ping_status":"open","template":"","meta":{"_acf_changed":false,"footnotes":""},"categories":[],"tags":[],"class_list":["post-1388","page","type-page","status-publish","has-post-thumbnail","hentry"],"acf":[],"yoast_head":"<!-- This site is optimized with the Yoast SEO plugin v24.8.1 - https:\/\/yoast.com\/wordpress\/plugins\/seo\/ -->\n<title>Blutuntersuchungen f\u00fcr Herzinsuffizienz-Patienten<\/title>\n<meta name=\"description\" content=\"Bluttests k\u00f6nnen beim Screening auf Herzinsuffizienz und m\u00f6gliche Ursachen oder Ausl\u00f6ser helfen. Bspw. wurden hohe BNP-Werte mit Herzinsuffizienz assoziiert.\" \/>\n<meta name=\"robots\" content=\"index, follow, max-snippet:-1, max-image-preview:large, max-video-preview:-1\" \/>\n<link rel=\"canonical\" href=\"https:\/\/www.heartfailurematters.org\/de\/herzinsuffizienz-verstehen\/bluttests\/\" \/>\n<meta property=\"og:locale\" content=\"de_DE\" \/>\n<meta property=\"og:type\" content=\"article\" \/>\n<meta property=\"og:title\" content=\"Blutuntersuchungen f\u00fcr Herzinsuffizienz-Patienten\" \/>\n<meta property=\"og:description\" content=\"Bluttests k\u00f6nnen beim Screening auf Herzinsuffizienz und m\u00f6gliche Ursachen oder Ausl\u00f6ser helfen. Bspw. wurden hohe BNP-Werte mit Herzinsuffizienz assoziiert.\" \/>\n<meta property=\"og:url\" content=\"https:\/\/www.heartfailurematters.org\/de\/herzinsuffizienz-verstehen\/bluttests\/\" \/>\n<meta property=\"og:site_name\" content=\"Heart Failure Matters\" \/>\n<meta property=\"article:publisher\" content=\"https:\/\/www.facebook.com\/heartfailurematters\" \/>\n<meta property=\"article:modified_time\" content=\"2025-12-03T15:22:19+00:00\" \/>\n<meta property=\"og:image\" content=\"https:\/\/www.heartfailurematters.org\/wp-content\/uploads\/2022\/02\/shutterstock_1114244621-1-min.jpg\" \/>\n\t<meta property=\"og:image:width\" content=\"900\" \/>\n\t<meta property=\"og:image:height\" content=\"596\" \/>\n\t<meta property=\"og:image:type\" content=\"image\/jpeg\" \/>\n<meta name=\"twitter:card\" content=\"summary_large_image\" \/>\n<meta name=\"twitter:label1\" content=\"Gesch\u00e4tzte Lesezeit\" \/>\n\t<meta name=\"twitter:data1\" content=\"2\u00a0Minuten\" \/>\n<script type=\"application\/ld+json\" class=\"yoast-schema-graph\">{\"@context\":\"https:\/\/schema.org\",\"@graph\":[{\"@type\":\"WebPage\",\"@id\":\"https:\/\/www.heartfailurematters.org\/de\/herzinsuffizienz-verstehen\/bluttests\/\",\"url\":\"https:\/\/www.heartfailurematters.org\/de\/herzinsuffizienz-verstehen\/bluttests\/\",\"name\":\"Blutuntersuchungen f\u00fcr Herzinsuffizienz-Patienten\",\"isPartOf\":{\"@id\":\"https:\/\/www.heartfailurematters.org\/de\/#website\"},\"primaryImageOfPage\":{\"@id\":\"https:\/\/www.heartfailurematters.org\/de\/herzinsuffizienz-verstehen\/bluttests\/#primaryimage\"},\"image\":{\"@id\":\"https:\/\/www.heartfailurematters.org\/de\/herzinsuffizienz-verstehen\/bluttests\/#primaryimage\"},\"thumbnailUrl\":\"https:\/\/www.heartfailurematters.org\/wp-content\/uploads\/2022\/02\/shutterstock_1114244621-1-min.jpg\",\"datePublished\":\"2021-01-27T22:00:18+00:00\",\"dateModified\":\"2025-12-03T15:22:19+00:00\",\"description\":\"Bluttests k\u00f6nnen beim Screening auf Herzinsuffizienz und m\u00f6gliche Ursachen oder Ausl\u00f6ser helfen. Bspw. wurden hohe BNP-Werte mit Herzinsuffizienz assoziiert.\",\"breadcrumb\":{\"@id\":\"https:\/\/www.heartfailurematters.org\/de\/herzinsuffizienz-verstehen\/bluttests\/#breadcrumb\"},\"inLanguage\":\"de\",\"potentialAction\":[{\"@type\":\"ReadAction\",\"target\":[\"https:\/\/www.heartfailurematters.org\/de\/herzinsuffizienz-verstehen\/bluttests\/\"]}]},{\"@type\":\"ImageObject\",\"inLanguage\":\"de\",\"@id\":\"https:\/\/www.heartfailurematters.org\/de\/herzinsuffizienz-verstehen\/bluttests\/#primaryimage\",\"url\":\"https:\/\/www.heartfailurematters.org\/wp-content\/uploads\/2022\/02\/shutterstock_1114244621-1-min.jpg\",\"contentUrl\":\"https:\/\/www.heartfailurematters.org\/wp-content\/uploads\/2022\/02\/shutterstock_1114244621-1-min.jpg\",\"width\":900,\"height\":596},{\"@type\":\"BreadcrumbList\",\"@id\":\"https:\/\/www.heartfailurematters.org\/de\/herzinsuffizienz-verstehen\/bluttests\/#breadcrumb\",\"itemListElement\":[{\"@type\":\"ListItem\",\"position\":1,\"name\":\"Startseite\",\"item\":\"https:\/\/www.heartfailurematters.org\/de\/\"},{\"@type\":\"ListItem\",\"position\":2,\"name\":\"Herzinsuffizienz verstehen\",\"item\":\"https:\/\/www.heartfailurematters.org\/de\/herzinsuffizienz-verstehen\/\"},{\"@type\":\"ListItem\",\"position\":3,\"name\":\"Bluttests\"}]},{\"@type\":\"WebSite\",\"@id\":\"https:\/\/www.heartfailurematters.org\/de\/#website\",\"url\":\"https:\/\/www.heartfailurematters.org\/de\/\",\"name\":\"Heart Failure Matters\",\"description\":\"Practical information for patients, families and caregivers.\",\"publisher\":{\"@id\":\"https:\/\/www.heartfailurematters.org\/de\/#organization\"},\"potentialAction\":[{\"@type\":\"SearchAction\",\"target\":{\"@type\":\"EntryPoint\",\"urlTemplate\":\"https:\/\/www.heartfailurematters.org\/de\/?s={search_term_string}\"},\"query-input\":{\"@type\":\"PropertyValueSpecification\",\"valueRequired\":true,\"valueName\":\"search_term_string\"}}],\"inLanguage\":\"de\"},{\"@type\":\"Organization\",\"@id\":\"https:\/\/www.heartfailurematters.org\/de\/#organization\",\"name\":\"Heart Failure Matters\",\"url\":\"https:\/\/www.heartfailurematters.org\/de\/\",\"logo\":{\"@type\":\"ImageObject\",\"inLanguage\":\"de\",\"@id\":\"https:\/\/www.heartfailurematters.org\/de\/#\/schema\/logo\/image\/\",\"url\":\"https:\/\/cdn-endpoint-hfm.azureedge.net\/heartfailurematters\/2024\/07\/hfm-logo1.jpg\",\"contentUrl\":\"https:\/\/cdn-endpoint-hfm.azureedge.net\/heartfailurematters\/2024\/07\/hfm-logo1.jpg\",\"width\":1280,\"height\":720,\"caption\":\"Heart Failure Matters\"},\"image\":{\"@id\":\"https:\/\/www.heartfailurematters.org\/de\/#\/schema\/logo\/image\/\"},\"sameAs\":[\"https:\/\/www.facebook.com\/heartfailurematters\"]}]}<\/script>\n<!-- \/ Yoast SEO plugin. -->","yoast_head_json":{"title":"Blutuntersuchungen f\u00fcr Herzinsuffizienz-Patienten","description":"Bluttests k\u00f6nnen beim Screening auf Herzinsuffizienz und m\u00f6gliche Ursachen oder Ausl\u00f6ser helfen. Bspw. wurden hohe BNP-Werte mit Herzinsuffizienz assoziiert.","robots":{"index":"index","follow":"follow","max-snippet":"max-snippet:-1","max-image-preview":"max-image-preview:large","max-video-preview":"max-video-preview:-1"},"canonical":"https:\/\/www.heartfailurematters.org\/de\/herzinsuffizienz-verstehen\/bluttests\/","og_locale":"de_DE","og_type":"article","og_title":"Blutuntersuchungen f\u00fcr Herzinsuffizienz-Patienten","og_description":"Bluttests k\u00f6nnen beim Screening auf Herzinsuffizienz und m\u00f6gliche Ursachen oder Ausl\u00f6ser helfen. Bspw. wurden hohe BNP-Werte mit Herzinsuffizienz assoziiert.","og_url":"https:\/\/www.heartfailurematters.org\/de\/herzinsuffizienz-verstehen\/bluttests\/","og_site_name":"Heart Failure Matters","article_publisher":"https:\/\/www.facebook.com\/heartfailurematters","article_modified_time":"2025-12-03T15:22:19+00:00","og_image":[{"width":900,"height":596,"url":"https:\/\/www.heartfailurematters.org\/wp-content\/uploads\/2022\/02\/shutterstock_1114244621-1-min.jpg","type":"image\/jpeg"}],"twitter_card":"summary_large_image","twitter_misc":{"Gesch\u00e4tzte Lesezeit":"2\u00a0Minuten"},"schema":{"@context":"https:\/\/schema.org","@graph":[{"@type":"WebPage","@id":"https:\/\/www.heartfailurematters.org\/de\/herzinsuffizienz-verstehen\/bluttests\/","url":"https:\/\/www.heartfailurematters.org\/de\/herzinsuffizienz-verstehen\/bluttests\/","name":"Blutuntersuchungen f\u00fcr Herzinsuffizienz-Patienten","isPartOf":{"@id":"https:\/\/www.heartfailurematters.org\/de\/#website"},"primaryImageOfPage":{"@id":"https:\/\/www.heartfailurematters.org\/de\/herzinsuffizienz-verstehen\/bluttests\/#primaryimage"},"image":{"@id":"https:\/\/www.heartfailurematters.org\/de\/herzinsuffizienz-verstehen\/bluttests\/#primaryimage"},"thumbnailUrl":"https:\/\/www.heartfailurematters.org\/wp-content\/uploads\/2022\/02\/shutterstock_1114244621-1-min.jpg","datePublished":"2021-01-27T22:00:18+00:00","dateModified":"2025-12-03T15:22:19+00:00","description":"Bluttests k\u00f6nnen beim Screening auf Herzinsuffizienz und m\u00f6gliche Ursachen oder Ausl\u00f6ser helfen. Bspw. wurden hohe BNP-Werte mit Herzinsuffizienz assoziiert.","breadcrumb":{"@id":"https:\/\/www.heartfailurematters.org\/de\/herzinsuffizienz-verstehen\/bluttests\/#breadcrumb"},"inLanguage":"de","potentialAction":[{"@type":"ReadAction","target":["https:\/\/www.heartfailurematters.org\/de\/herzinsuffizienz-verstehen\/bluttests\/"]}]},{"@type":"ImageObject","inLanguage":"de","@id":"https:\/\/www.heartfailurematters.org\/de\/herzinsuffizienz-verstehen\/bluttests\/#primaryimage","url":"https:\/\/www.heartfailurematters.org\/wp-content\/uploads\/2022\/02\/shutterstock_1114244621-1-min.jpg","contentUrl":"https:\/\/www.heartfailurematters.org\/wp-content\/uploads\/2022\/02\/shutterstock_1114244621-1-min.jpg","width":900,"height":596},{"@type":"BreadcrumbList","@id":"https:\/\/www.heartfailurematters.org\/de\/herzinsuffizienz-verstehen\/bluttests\/#breadcrumb","itemListElement":[{"@type":"ListItem","position":1,"name":"Startseite","item":"https:\/\/www.heartfailurematters.org\/de\/"},{"@type":"ListItem","position":2,"name":"Herzinsuffizienz verstehen","item":"https:\/\/www.heartfailurematters.org\/de\/herzinsuffizienz-verstehen\/"},{"@type":"ListItem","position":3,"name":"Bluttests"}]},{"@type":"WebSite","@id":"https:\/\/www.heartfailurematters.org\/de\/#website","url":"https:\/\/www.heartfailurematters.org\/de\/","name":"Heart Failure Matters","description":"Practical information for patients, families and caregivers.","publisher":{"@id":"https:\/\/www.heartfailurematters.org\/de\/#organization"},"potentialAction":[{"@type":"SearchAction","target":{"@type":"EntryPoint","urlTemplate":"https:\/\/www.heartfailurematters.org\/de\/?s={search_term_string}"},"query-input":{"@type":"PropertyValueSpecification","valueRequired":true,"valueName":"search_term_string"}}],"inLanguage":"de"},{"@type":"Organization","@id":"https:\/\/www.heartfailurematters.org\/de\/#organization","name":"Heart Failure Matters","url":"https:\/\/www.heartfailurematters.org\/de\/","logo":{"@type":"ImageObject","inLanguage":"de","@id":"https:\/\/www.heartfailurematters.org\/de\/#\/schema\/logo\/image\/","url":"https:\/\/cdn-endpoint-hfm.azureedge.net\/heartfailurematters\/2024\/07\/hfm-logo1.jpg","contentUrl":"https:\/\/cdn-endpoint-hfm.azureedge.net\/heartfailurematters\/2024\/07\/hfm-logo1.jpg","width":1280,"height":720,"caption":"Heart Failure Matters"},"image":{"@id":"https:\/\/www.heartfailurematters.org\/de\/#\/schema\/logo\/image\/"},"sameAs":["https:\/\/www.facebook.com\/heartfailurematters"]}]}},"_links":{"self":[{"href":"https:\/\/www.heartfailurematters.org\/de\/wp-json\/wp\/v2\/pages\/1388","targetHints":{"allow":["GET"]}}],"collection":[{"href":"https:\/\/www.heartfailurematters.org\/de\/wp-json\/wp\/v2\/pages"}],"about":[{"href":"https:\/\/www.heartfailurematters.org\/de\/wp-json\/wp\/v2\/types\/page"}],"author":[{"embeddable":true,"href":"https:\/\/www.heartfailurematters.org\/de\/wp-json\/wp\/v2\/users\/1"}],"replies":[{"embeddable":true,"href":"https:\/\/www.heartfailurematters.org\/de\/wp-json\/wp\/v2\/comments?post=1388"}],"version-history":[{"count":3,"href":"https:\/\/www.heartfailurematters.org\/de\/wp-json\/wp\/v2\/pages\/1388\/revisions"}],"predecessor-version":[{"id":13617,"href":"https:\/\/www.heartfailurematters.org\/de\/wp-json\/wp\/v2\/pages\/1388\/revisions\/13617"}],"up":[{"embeddable":true,"href":"https:\/\/www.heartfailurematters.org\/de\/wp-json\/wp\/v2\/pages\/1371"}],"wp:featuredmedia":[{"embeddable":true,"href":"https:\/\/www.heartfailurematters.org\/de\/wp-json\/wp\/v2\/media\/10627"}],"wp:attachment":[{"href":"https:\/\/www.heartfailurematters.org\/de\/wp-json\/wp\/v2\/media?parent=1388"}],"wp:term":[{"taxonomy":"category","embeddable":true,"href":"https:\/\/www.heartfailurematters.org\/de\/wp-json\/wp\/v2\/categories?post=1388"},{"taxonomy":"post_tag","embeddable":true,"href":"https:\/\/www.heartfailurematters.org\/de\/wp-json\/wp\/v2\/tags?post=1388"}],"curies":[{"name":"wp","href":"https:\/\/api.w.org\/{rel}","templated":true}]}}