{"id":1387,"date":"2021-01-27T22:00:18","date_gmt":"2021-01-27T22:00:18","guid":{"rendered":"http:\/\/heartfailurematters.local:8888\/aldosteron-rezeptorantagonisten-auch-mineralokortikoid-rezeptor-antagonisten-mra-genannt\/"},"modified":"2025-12-04T11:29:43","modified_gmt":"2025-12-04T11:29:43","slug":"aldosteron-rezeptorantagonisten-auch-mineralokortikoid-rezeptor-antagonisten-mra-genannt","status":"publish","type":"page","link":"https:\/\/www.heartfailurematters.org\/de\/das-koennen-ihr-arzt-oder-pflegepersonal-tun\/aldosteron-rezeptorantagonisten-auch-mineralokortikoid-rezeptor-antagonisten-mra-genannt\/","title":{"rendered":"Aldosteron-Rezeptor-Antagonisten oder Mineralkortikoid-Rezeptor-Antagonisten (MRAs)"},"content":{"rendered":"<h2>Wirkweise<\/h2>\n<p><a class=\"addtooltip\" title=\"&lt;div id='ToolTipTextWrap'&gt;Aldosteron-Rezeptor-Antagonisten&lt;\/div&gt;&lt;p&gt;Eine Klasse von Arzneimitteln, die zur Senkung des Blutdrucks, zur Verringerung von Stauungen und zum Schutz Ihres Herzes eingesetzt werden.&lt;\/p&gt;\"><strong>Aldosteron-Rezeptor-Antagonisten<\/strong><\/a>, auch MRAs genannt, blockieren die Wirkung eines <a class=\"addtooltip\" title=\"&lt;div id='ToolTipTextWrap'&gt;Hormone&lt;\/div&gt;&lt;p&gt; Substanzen, die von verschiedenen Dr\u00fcsen im K\u00f6rper in das Blut freigesetzt werden und wesentliche Funktionen regulieren.&lt;\/p&gt;\"><strong>Hormons<\/strong><\/a>, das von Natur aus von den <a class=\"addtooltip\" title=\"&lt;div id='ToolTipTextWrap'&gt;Nebennieren&lt;\/div&gt;&lt;p&gt;Dr\u00fcsen oberhalb Ihrer Nieren, die Hormone absondern, um Ihre Herzfrequenz, Ihren Blutdruck, Ihre Nierenfunktion, die Nahrungsverwertung Ihres K\u00f6rpers und andere lebenswichtige Funktionen zu regeln.&lt;\/p&gt;\"><strong>Nebennieren<\/strong><\/a> produziert wird und Ihre Herzinsuffizienz verschlimmern kann. Aldosteron-Rezeptor-Antagonisten haben Einfluss auf einen ausgeglichenen Wasser- und Salzhaushalt durch Ausscheidung und sind schwache <a class=\"addtooltip\" title=\"&lt;div id='ToolTipTextWrap'&gt;Diuretika&lt;\/div&gt;&lt;p&gt;Eine Klasse von Arzneimitteln, die auf die Nieren wirken, um die Urinproduktion anzuregen, wodurch Fl\u00fcssigkeitseinlagerungen und Stauungen reduziert werden.&lt;\/p&gt;\"><strong>Diuretika<\/strong><\/a>. Sie helfen, den Blutdruck zu senken, <a class=\"addtooltip\" title=\"&lt;div id='ToolTipTextWrap'&gt;Stauung&lt;\/div&gt;&lt;p&gt; Ein \u00dcberschuss an Fl\u00fcssigkeit in einem Teil des K\u00f6rpers.&lt;\/p&gt;\"><strong>Stauungen<\/strong><\/a> zu reduzieren und so das Herz zu sch\u00fctzen.<\/p>\n<p>Aldosteron-Rezeptor-Antagonisten haben sich bei fortgeschrittener Herzinsuffizienz als besonders wirksam erwiesen und werden oft in Kombination mit anderen Herzinsuffizienz-Medikamenten eingenommen.<\/p>\n<h2>Welche Vorteile sind zu erwarten?<\/h2>\n<p>Aldosteron-Rezeptor-Antagonisten (MRAs) f\u00fchren nachweislich zu weniger Krankenhausaufenthalten im Zusammenhang mit Herzinsuffizienz, verl\u00e4ngern die Lebensdauer und verbessern die k\u00f6rperliche Belastbarkeit und Lebensqualit\u00e4t.<\/p>\n<h2>Nebenwirkungen<\/h2>\n<p>Dieses Medikament kann sich bisweilen auf die Nierenfunktion auswirken und zudem den<a class=\"addtooltip\" title=\"&lt;div id='ToolTipTextWrap'&gt;Kalium&lt;\/div&gt;&lt;p&gt;Ein essentieller Mineralstoff, der von Ihrem K\u00f6rper f\u00fcr die normale Zellfunktion ben\u00f6tigt wird. Diuretika k\u00f6nnen den Kalium-Spiegel senken.&lt;\/p&gt;\"><strong>Kaliumspiegel<\/strong><\/a> erh\u00f6hen. Dies ist von besonderer Bedeutung f\u00fcr Patientinnen und Patienten, die ebenfalls <a class=\"addtooltip\" title=\"&lt;div id='ToolTipTextWrap'&gt;Angiotensin-konvertierende Enzym-(ACE)-Hemmer &lt;\/div&gt;&lt;p&gt; Eine Klasse von Medikamenten zur Hemmung der Angiotensin-II-Produktion und Senkung des Blutdrucks.&lt;\/p&gt;\"><strong>ACE-Hemmer<\/strong><\/a> oder <a class=\"addtooltip\" title=\"&lt;div id='ToolTipTextWrap'&gt;Angiotensin-Rezeptorblocker (ARBs)&lt;\/div&gt;&lt;p&gt; Eine Klasse von Medikamenten zur Blockierung der Angiotensin-II-Wirkung und Senkung des Blutdrucks.&lt;\/p&gt;\"><strong>ARBs<\/strong><\/a> einnehmen. Ihre Nierenfunktion und Ihr Kaliumspiegel wird durch regelm\u00e4\u00dfige Blutuntersuchungen \u00e4rztlich \u00fcberwacht.<\/p>\n<p>In seltenen F\u00e4llen, insbesondere bei M\u00e4nnern, k\u00f6nnen Aldosteron-Rezeptor-Antagonisten, mit dem Wirkstoff Spironolacton, zu einer Vergr\u00f6\u00dferung oder Empfindlichkeit im Brustbereich f\u00fchren. Neuere Medikamente zeigen diese Wirkung nicht.<\/p>\n<h2>Auch bekannt als:<\/h2>\n<ul>\n<li><strong>Spironolacton<br \/>\n<\/strong>(Aldactone\u00ae)<\/li>\n<li><strong>Eplerenon<br \/>\n<\/strong>(Inspra\u00ae)<\/li>\n<li><strong>Kombinationsprodukte<br \/>\n<\/strong>(Aldactide\u00ae, Lasilactone\u00ae)<\/li>\n<li><strong>Finerenon<\/strong><br \/>\n(Kerendia\u00ae, Firialta\u00ae)<\/li>\n<\/ul>\n<p><a href=\"https:\/\/www.heartfailurematters.org\/what-your-doctor-can-do\/heart-failure-medicines\/\">Zur\u00fcck zu Medikamenten zur Behandlung von Herzinsuffizienz<\/a><\/p>\n<p>&nbsp;<\/p>\n<h2\/>\n","protected":false},"excerpt":{"rendered":"<p>Wirkweise Aldosteron-Rezeptor-Antagonisten, auch MRAs genannt, blockieren die Wirkung eines Hormons, das von Natur aus von den Nebennieren produziert wird und Ihre Herzinsuffizienz verschlimmern kann. Aldosteron-Rezeptor-Antagonisten haben Einfluss auf einen ausgeglichenen Wasser- und Salzhaushalt durch Ausscheidung und sind schwache Diuretika. Sie helfen, den Blutdruck zu senken, Stauungen zu reduzieren und so das Herz zu sch\u00fctzen. Aldosteron-Rezeptor-Antagonisten [&hellip;]<\/p>\n","protected":false},"author":1,"featured_media":10869,"parent":2680,"menu_order":0,"comment_status":"open","ping_status":"open","template":"","meta":{"_acf_changed":false,"footnotes":""},"categories":[],"tags":[],"class_list":["post-1387","page","type-page","status-publish","has-post-thumbnail","hentry"],"acf":[],"yoast_head":"<!-- This site is optimized with the Yoast SEO plugin v24.8.1 - https:\/\/yoast.com\/wordpress\/plugins\/seo\/ -->\n<title>Aldosteron-Rezeptor-Antagonisten (MRAs)<\/title>\n<meta name=\"description\" content=\"Aldosteron-Rezeptor-Antagonisten \u2013 Erfahren Sie, worum es sich dabei handelt, was sie bewirken und welche Nebenwirkungen bei Herzinsuffizienz auftreten k\u00f6nnen\" \/>\n<meta name=\"robots\" content=\"index, follow, max-snippet:-1, max-image-preview:large, max-video-preview:-1\" \/>\n<link rel=\"canonical\" href=\"https:\/\/www.heartfailurematters.org\/de\/das-koennen-ihr-arzt-oder-pflegepersonal-tun\/aldosteron-rezeptorantagonisten-auch-mineralokortikoid-rezeptor-antagonisten-mra-genannt\/\" \/>\n<meta property=\"og:locale\" content=\"de_DE\" \/>\n<meta property=\"og:type\" content=\"article\" \/>\n<meta property=\"og:title\" content=\"Aldosteron-Rezeptor-Antagonisten (MRAs)\" \/>\n<meta property=\"og:description\" content=\"Aldosteron-Rezeptor-Antagonisten \u2013 Erfahren Sie, worum es sich dabei handelt, was sie bewirken und welche Nebenwirkungen bei Herzinsuffizienz auftreten k\u00f6nnen\" \/>\n<meta property=\"og:url\" content=\"https:\/\/www.heartfailurematters.org\/de\/das-koennen-ihr-arzt-oder-pflegepersonal-tun\/aldosteron-rezeptorantagonisten-auch-mineralokortikoid-rezeptor-antagonisten-mra-genannt\/\" \/>\n<meta property=\"og:site_name\" content=\"Heart Failure Matters\" \/>\n<meta property=\"article:publisher\" content=\"https:\/\/www.facebook.com\/heartfailurematters\" \/>\n<meta property=\"article:modified_time\" content=\"2025-12-04T11:29:43+00:00\" \/>\n<meta property=\"og:image\" content=\"https:\/\/www.heartfailurematters.org\/wp-content\/uploads\/2022\/03\/shutterstock_441673426-1-min.jpg\" \/>\n\t<meta property=\"og:image:width\" content=\"900\" \/>\n\t<meta property=\"og:image:height\" content=\"596\" \/>\n\t<meta property=\"og:image:type\" content=\"image\/jpeg\" \/>\n<meta name=\"twitter:card\" content=\"summary_large_image\" \/>\n<meta name=\"twitter:label1\" content=\"Gesch\u00e4tzte Lesezeit\" \/>\n\t<meta name=\"twitter:data1\" content=\"1\u00a0Minute\" \/>\n<script type=\"application\/ld+json\" class=\"yoast-schema-graph\">{\"@context\":\"https:\/\/schema.org\",\"@graph\":[{\"@type\":\"WebPage\",\"@id\":\"https:\/\/www.heartfailurematters.org\/de\/das-koennen-ihr-arzt-oder-pflegepersonal-tun\/aldosteron-rezeptorantagonisten-auch-mineralokortikoid-rezeptor-antagonisten-mra-genannt\/\",\"url\":\"https:\/\/www.heartfailurematters.org\/de\/das-koennen-ihr-arzt-oder-pflegepersonal-tun\/aldosteron-rezeptorantagonisten-auch-mineralokortikoid-rezeptor-antagonisten-mra-genannt\/\",\"name\":\"Aldosteron-Rezeptor-Antagonisten (MRAs)\",\"isPartOf\":{\"@id\":\"https:\/\/www.heartfailurematters.org\/de\/#website\"},\"primaryImageOfPage\":{\"@id\":\"https:\/\/www.heartfailurematters.org\/de\/das-koennen-ihr-arzt-oder-pflegepersonal-tun\/aldosteron-rezeptorantagonisten-auch-mineralokortikoid-rezeptor-antagonisten-mra-genannt\/#primaryimage\"},\"image\":{\"@id\":\"https:\/\/www.heartfailurematters.org\/de\/das-koennen-ihr-arzt-oder-pflegepersonal-tun\/aldosteron-rezeptorantagonisten-auch-mineralokortikoid-rezeptor-antagonisten-mra-genannt\/#primaryimage\"},\"thumbnailUrl\":\"https:\/\/www.heartfailurematters.org\/wp-content\/uploads\/2022\/03\/shutterstock_441673426-1-min.jpg\",\"datePublished\":\"2021-01-27T22:00:18+00:00\",\"dateModified\":\"2025-12-04T11:29:43+00:00\",\"description\":\"Aldosteron-Rezeptor-Antagonisten \u2013 Erfahren Sie, worum es sich dabei handelt, was sie bewirken und welche Nebenwirkungen bei Herzinsuffizienz auftreten k\u00f6nnen\",\"breadcrumb\":{\"@id\":\"https:\/\/www.heartfailurematters.org\/de\/das-koennen-ihr-arzt-oder-pflegepersonal-tun\/aldosteron-rezeptorantagonisten-auch-mineralokortikoid-rezeptor-antagonisten-mra-genannt\/#breadcrumb\"},\"inLanguage\":\"de\",\"potentialAction\":[{\"@type\":\"ReadAction\",\"target\":[\"https:\/\/www.heartfailurematters.org\/de\/das-koennen-ihr-arzt-oder-pflegepersonal-tun\/aldosteron-rezeptorantagonisten-auch-mineralokortikoid-rezeptor-antagonisten-mra-genannt\/\"]}]},{\"@type\":\"ImageObject\",\"inLanguage\":\"de\",\"@id\":\"https:\/\/www.heartfailurematters.org\/de\/das-koennen-ihr-arzt-oder-pflegepersonal-tun\/aldosteron-rezeptorantagonisten-auch-mineralokortikoid-rezeptor-antagonisten-mra-genannt\/#primaryimage\",\"url\":\"https:\/\/www.heartfailurematters.org\/wp-content\/uploads\/2022\/03\/shutterstock_441673426-1-min.jpg\",\"contentUrl\":\"https:\/\/www.heartfailurematters.org\/wp-content\/uploads\/2022\/03\/shutterstock_441673426-1-min.jpg\",\"width\":900,\"height\":596},{\"@type\":\"BreadcrumbList\",\"@id\":\"https:\/\/www.heartfailurematters.org\/de\/das-koennen-ihr-arzt-oder-pflegepersonal-tun\/aldosteron-rezeptorantagonisten-auch-mineralokortikoid-rezeptor-antagonisten-mra-genannt\/#breadcrumb\",\"itemListElement\":[{\"@type\":\"ListItem\",\"position\":1,\"name\":\"Startseite\",\"item\":\"https:\/\/www.heartfailurematters.org\/de\/\"},{\"@type\":\"ListItem\",\"position\":2,\"name\":\"Das kann Ihr Arzt tun\",\"item\":\"https:\/\/www.heartfailurematters.org\/de\/das-koennen-ihr-arzt-oder-pflegepersonal-tun\/\"},{\"@type\":\"ListItem\",\"position\":3,\"name\":\"Aldosteron-Rezeptor-Antagonisten oder Mineralkortikoid-Rezeptor-Antagonisten (MRAs)\"}]},{\"@type\":\"WebSite\",\"@id\":\"https:\/\/www.heartfailurematters.org\/de\/#website\",\"url\":\"https:\/\/www.heartfailurematters.org\/de\/\",\"name\":\"Heart Failure Matters\",\"description\":\"Practical information for patients, families and caregivers.\",\"publisher\":{\"@id\":\"https:\/\/www.heartfailurematters.org\/de\/#organization\"},\"potentialAction\":[{\"@type\":\"SearchAction\",\"target\":{\"@type\":\"EntryPoint\",\"urlTemplate\":\"https:\/\/www.heartfailurematters.org\/de\/?s={search_term_string}\"},\"query-input\":{\"@type\":\"PropertyValueSpecification\",\"valueRequired\":true,\"valueName\":\"search_term_string\"}}],\"inLanguage\":\"de\"},{\"@type\":\"Organization\",\"@id\":\"https:\/\/www.heartfailurematters.org\/de\/#organization\",\"name\":\"Heart Failure Matters\",\"url\":\"https:\/\/www.heartfailurematters.org\/de\/\",\"logo\":{\"@type\":\"ImageObject\",\"inLanguage\":\"de\",\"@id\":\"https:\/\/www.heartfailurematters.org\/de\/#\/schema\/logo\/image\/\",\"url\":\"https:\/\/cdn-endpoint-hfm.azureedge.net\/heartfailurematters\/2024\/07\/hfm-logo1.jpg\",\"contentUrl\":\"https:\/\/cdn-endpoint-hfm.azureedge.net\/heartfailurematters\/2024\/07\/hfm-logo1.jpg\",\"width\":1280,\"height\":720,\"caption\":\"Heart Failure Matters\"},\"image\":{\"@id\":\"https:\/\/www.heartfailurematters.org\/de\/#\/schema\/logo\/image\/\"},\"sameAs\":[\"https:\/\/www.facebook.com\/heartfailurematters\"]}]}<\/script>\n<!-- \/ Yoast SEO plugin. -->","yoast_head_json":{"title":"Aldosteron-Rezeptor-Antagonisten (MRAs)","description":"Aldosteron-Rezeptor-Antagonisten \u2013 Erfahren Sie, worum es sich dabei handelt, was sie bewirken und welche Nebenwirkungen bei Herzinsuffizienz auftreten k\u00f6nnen","robots":{"index":"index","follow":"follow","max-snippet":"max-snippet:-1","max-image-preview":"max-image-preview:large","max-video-preview":"max-video-preview:-1"},"canonical":"https:\/\/www.heartfailurematters.org\/de\/das-koennen-ihr-arzt-oder-pflegepersonal-tun\/aldosteron-rezeptorantagonisten-auch-mineralokortikoid-rezeptor-antagonisten-mra-genannt\/","og_locale":"de_DE","og_type":"article","og_title":"Aldosteron-Rezeptor-Antagonisten (MRAs)","og_description":"Aldosteron-Rezeptor-Antagonisten \u2013 Erfahren Sie, worum es sich dabei handelt, was sie bewirken und welche Nebenwirkungen bei Herzinsuffizienz auftreten k\u00f6nnen","og_url":"https:\/\/www.heartfailurematters.org\/de\/das-koennen-ihr-arzt-oder-pflegepersonal-tun\/aldosteron-rezeptorantagonisten-auch-mineralokortikoid-rezeptor-antagonisten-mra-genannt\/","og_site_name":"Heart Failure Matters","article_publisher":"https:\/\/www.facebook.com\/heartfailurematters","article_modified_time":"2025-12-04T11:29:43+00:00","og_image":[{"width":900,"height":596,"url":"https:\/\/www.heartfailurematters.org\/wp-content\/uploads\/2022\/03\/shutterstock_441673426-1-min.jpg","type":"image\/jpeg"}],"twitter_card":"summary_large_image","twitter_misc":{"Gesch\u00e4tzte Lesezeit":"1\u00a0Minute"},"schema":{"@context":"https:\/\/schema.org","@graph":[{"@type":"WebPage","@id":"https:\/\/www.heartfailurematters.org\/de\/das-koennen-ihr-arzt-oder-pflegepersonal-tun\/aldosteron-rezeptorantagonisten-auch-mineralokortikoid-rezeptor-antagonisten-mra-genannt\/","url":"https:\/\/www.heartfailurematters.org\/de\/das-koennen-ihr-arzt-oder-pflegepersonal-tun\/aldosteron-rezeptorantagonisten-auch-mineralokortikoid-rezeptor-antagonisten-mra-genannt\/","name":"Aldosteron-Rezeptor-Antagonisten (MRAs)","isPartOf":{"@id":"https:\/\/www.heartfailurematters.org\/de\/#website"},"primaryImageOfPage":{"@id":"https:\/\/www.heartfailurematters.org\/de\/das-koennen-ihr-arzt-oder-pflegepersonal-tun\/aldosteron-rezeptorantagonisten-auch-mineralokortikoid-rezeptor-antagonisten-mra-genannt\/#primaryimage"},"image":{"@id":"https:\/\/www.heartfailurematters.org\/de\/das-koennen-ihr-arzt-oder-pflegepersonal-tun\/aldosteron-rezeptorantagonisten-auch-mineralokortikoid-rezeptor-antagonisten-mra-genannt\/#primaryimage"},"thumbnailUrl":"https:\/\/www.heartfailurematters.org\/wp-content\/uploads\/2022\/03\/shutterstock_441673426-1-min.jpg","datePublished":"2021-01-27T22:00:18+00:00","dateModified":"2025-12-04T11:29:43+00:00","description":"Aldosteron-Rezeptor-Antagonisten \u2013 Erfahren Sie, worum es sich dabei handelt, was sie bewirken und welche Nebenwirkungen bei Herzinsuffizienz auftreten k\u00f6nnen","breadcrumb":{"@id":"https:\/\/www.heartfailurematters.org\/de\/das-koennen-ihr-arzt-oder-pflegepersonal-tun\/aldosteron-rezeptorantagonisten-auch-mineralokortikoid-rezeptor-antagonisten-mra-genannt\/#breadcrumb"},"inLanguage":"de","potentialAction":[{"@type":"ReadAction","target":["https:\/\/www.heartfailurematters.org\/de\/das-koennen-ihr-arzt-oder-pflegepersonal-tun\/aldosteron-rezeptorantagonisten-auch-mineralokortikoid-rezeptor-antagonisten-mra-genannt\/"]}]},{"@type":"ImageObject","inLanguage":"de","@id":"https:\/\/www.heartfailurematters.org\/de\/das-koennen-ihr-arzt-oder-pflegepersonal-tun\/aldosteron-rezeptorantagonisten-auch-mineralokortikoid-rezeptor-antagonisten-mra-genannt\/#primaryimage","url":"https:\/\/www.heartfailurematters.org\/wp-content\/uploads\/2022\/03\/shutterstock_441673426-1-min.jpg","contentUrl":"https:\/\/www.heartfailurematters.org\/wp-content\/uploads\/2022\/03\/shutterstock_441673426-1-min.jpg","width":900,"height":596},{"@type":"BreadcrumbList","@id":"https:\/\/www.heartfailurematters.org\/de\/das-koennen-ihr-arzt-oder-pflegepersonal-tun\/aldosteron-rezeptorantagonisten-auch-mineralokortikoid-rezeptor-antagonisten-mra-genannt\/#breadcrumb","itemListElement":[{"@type":"ListItem","position":1,"name":"Startseite","item":"https:\/\/www.heartfailurematters.org\/de\/"},{"@type":"ListItem","position":2,"name":"Das kann Ihr Arzt tun","item":"https:\/\/www.heartfailurematters.org\/de\/das-koennen-ihr-arzt-oder-pflegepersonal-tun\/"},{"@type":"ListItem","position":3,"name":"Aldosteron-Rezeptor-Antagonisten oder Mineralkortikoid-Rezeptor-Antagonisten (MRAs)"}]},{"@type":"WebSite","@id":"https:\/\/www.heartfailurematters.org\/de\/#website","url":"https:\/\/www.heartfailurematters.org\/de\/","name":"Heart Failure Matters","description":"Practical information for patients, families and caregivers.","publisher":{"@id":"https:\/\/www.heartfailurematters.org\/de\/#organization"},"potentialAction":[{"@type":"SearchAction","target":{"@type":"EntryPoint","urlTemplate":"https:\/\/www.heartfailurematters.org\/de\/?s={search_term_string}"},"query-input":{"@type":"PropertyValueSpecification","valueRequired":true,"valueName":"search_term_string"}}],"inLanguage":"de"},{"@type":"Organization","@id":"https:\/\/www.heartfailurematters.org\/de\/#organization","name":"Heart Failure Matters","url":"https:\/\/www.heartfailurematters.org\/de\/","logo":{"@type":"ImageObject","inLanguage":"de","@id":"https:\/\/www.heartfailurematters.org\/de\/#\/schema\/logo\/image\/","url":"https:\/\/cdn-endpoint-hfm.azureedge.net\/heartfailurematters\/2024\/07\/hfm-logo1.jpg","contentUrl":"https:\/\/cdn-endpoint-hfm.azureedge.net\/heartfailurematters\/2024\/07\/hfm-logo1.jpg","width":1280,"height":720,"caption":"Heart Failure Matters"},"image":{"@id":"https:\/\/www.heartfailurematters.org\/de\/#\/schema\/logo\/image\/"},"sameAs":["https:\/\/www.facebook.com\/heartfailurematters"]}]}},"_links":{"self":[{"href":"https:\/\/www.heartfailurematters.org\/de\/wp-json\/wp\/v2\/pages\/1387","targetHints":{"allow":["GET"]}}],"collection":[{"href":"https:\/\/www.heartfailurematters.org\/de\/wp-json\/wp\/v2\/pages"}],"about":[{"href":"https:\/\/www.heartfailurematters.org\/de\/wp-json\/wp\/v2\/types\/page"}],"author":[{"embeddable":true,"href":"https:\/\/www.heartfailurematters.org\/de\/wp-json\/wp\/v2\/users\/1"}],"replies":[{"embeddable":true,"href":"https:\/\/www.heartfailurematters.org\/de\/wp-json\/wp\/v2\/comments?post=1387"}],"version-history":[{"count":4,"href":"https:\/\/www.heartfailurematters.org\/de\/wp-json\/wp\/v2\/pages\/1387\/revisions"}],"predecessor-version":[{"id":13649,"href":"https:\/\/www.heartfailurematters.org\/de\/wp-json\/wp\/v2\/pages\/1387\/revisions\/13649"}],"up":[{"embeddable":true,"href":"https:\/\/www.heartfailurematters.org\/de\/wp-json\/wp\/v2\/pages\/2680"}],"wp:featuredmedia":[{"embeddable":true,"href":"https:\/\/www.heartfailurematters.org\/de\/wp-json\/wp\/v2\/media\/10869"}],"wp:attachment":[{"href":"https:\/\/www.heartfailurematters.org\/de\/wp-json\/wp\/v2\/media?parent=1387"}],"wp:term":[{"taxonomy":"category","embeddable":true,"href":"https:\/\/www.heartfailurematters.org\/de\/wp-json\/wp\/v2\/categories?post=1387"},{"taxonomy":"post_tag","embeddable":true,"href":"https:\/\/www.heartfailurematters.org\/de\/wp-json\/wp\/v2\/tags?post=1387"}],"curies":[{"name":"wp","href":"https:\/\/api.w.org\/{rel}","templated":true}]}}