{"id":1385,"date":"2021-01-27T22:00:18","date_gmt":"2021-01-27T22:00:18","guid":{"rendered":"http:\/\/heartfailurematters.local:8888\/gespraeche-mit-ihrer-familie-und-oder-ihrer-pflegeperson\/"},"modified":"2021-01-27T22:00:18","modified_gmt":"2021-01-27T22:00:18","slug":"gespraeche-mit-ihrer-familie-und-oder-ihrer-pflegeperson","status":"publish","type":"page","link":"https:\/\/www.heartfailurematters.org\/de\/leben-mit-herzinsuffizienz\/gespraeche-mit-ihrer-familie-und-oder-ihrer-pflegeperson\/","title":{"rendered":"Gespr\u00e4che mit Ihrer Familie und\/oder Ihrer Pflegeperson."},"content":{"rendered":"<p>Auch wenn Gespr\u00e4che mit der Familie und Freunden \u00fcber den Tod und das Sterben sicher schwierig sind, werden alle erleichtert sein, wenn f\u00fcr den Fall des Falles allgemeine Klarheit \u00fcber Ihre W\u00fcnsche herrscht.<\/p>\n<p>Da Familie und Freunde dieses Thema wahrscheinlich nur ungern ansprechen wollen, m\u00fcssen wahrscheinlich Sie den ersten Schritt dazu tun. Im Weiteren finden Sie einige Vorschl\u00e4ge, wie Sie ein Gespr\u00e4ch \u00fcber dieses meist heikle Thema beginnen k\u00f6nnen:<\/p>\n<ul>\n<li>Ich m\u00f6chte dar\u00fcber sprechen, welche Hilfe wir uns holen k\u00f6nnen wenn sich meine Herzinsuffizienz verschlechtert <\/li>\n<li>Lasst uns dar\u00fcber sprechen, was wir tun k\u00f6nnen, um mir das Leben zu erleichtern wenn sich meine Herzinsuffizienz verschlechtern sollte <\/li>\n<li>Wir sollten uns erkundigen, welche Art von Unterst\u00fctzung wir erhalten k\u00f6nnen, wenn ich mich nicht mehr selbst versorgen kann. <\/li>\n<li>Ich m\u00f6chte dar\u00fcber sprechen, was ihr tun sollt, wenn bei mir aufgrund meiner Herzinsuffizienz ein medizinischer Notfall eintritt.<\/li>\n<\/ul>\n<p>Zur\u00fcck zu \u201ePlanen f\u00fcr das Lebensende\u201c<\/a><\/p>\n","protected":false},"excerpt":{"rendered":"<p>Auch wenn Gespr\u00e4che mit der Familie und Freunden \u00fcber den Tod und das Sterben sicher schwierig sind, werden alle erleichtert sein, wenn f\u00fcr den Fall des Falles allgemeine Klarheit \u00fcber Ihre W\u00fcnsche herrscht. Da Familie und Freunde dieses Thema wahrscheinlich nur ungern ansprechen wollen, m\u00fcssen wahrscheinlich Sie den ersten Schritt dazu tun. Im Weiteren finden [&hellip;]<\/p>\n","protected":false},"author":1,"featured_media":11144,"parent":2813,"menu_order":0,"comment_status":"open","ping_status":"open","template":"","meta":{"_acf_changed":false,"footnotes":""},"categories":[],"tags":[],"class_list":["post-1385","page","type-page","status-publish","has-post-thumbnail","hentry"],"acf":[],"yoast_head":"<!-- This site is optimized with the Yoast SEO plugin v24.8.1 - https:\/\/yoast.com\/wordpress\/plugins\/seo\/ -->\n<title>Gespr\u00e4che mit Ihrer Familie und\/oder Ihrer Pflegeperson<\/title>\n<meta name=\"description\" content=\"Obwohl es schwierig sein kann, mit Ihrer Familie und Ihren Freunden \u00fcber Tod und Sterben zu sprechen, wird sich jeder besser f\u00fchlen, wenn er Ihre W\u00fcnsche kennt.\" \/>\n<meta name=\"robots\" content=\"index, follow, max-snippet:-1, max-image-preview:large, max-video-preview:-1\" \/>\n<link rel=\"canonical\" href=\"https:\/\/www.heartfailurematters.org\/de\/leben-mit-herzinsuffizienz\/gespraeche-mit-ihrer-familie-und-oder-ihrer-pflegeperson\/\" \/>\n<meta property=\"og:locale\" content=\"de_DE\" \/>\n<meta property=\"og:type\" content=\"article\" \/>\n<meta property=\"og:title\" content=\"Gespr\u00e4che mit Ihrer Familie und\/oder Ihrer Pflegeperson\" \/>\n<meta property=\"og:description\" content=\"Obwohl es schwierig sein kann, mit Ihrer Familie und Ihren Freunden \u00fcber Tod und Sterben zu sprechen, wird sich jeder besser f\u00fchlen, wenn er Ihre W\u00fcnsche kennt.\" \/>\n<meta property=\"og:url\" content=\"https:\/\/www.heartfailurematters.org\/de\/leben-mit-herzinsuffizienz\/gespraeche-mit-ihrer-familie-und-oder-ihrer-pflegeperson\/\" \/>\n<meta property=\"og:site_name\" content=\"Heart Failure Matters\" \/>\n<meta property=\"article:publisher\" content=\"https:\/\/www.facebook.com\/heartfailurematters\" \/>\n<meta property=\"og:image\" content=\"https:\/\/www.heartfailurematters.org\/wp-content\/uploads\/2022\/03\/shutterstock_326634329-1-min.jpg\" \/>\n\t<meta property=\"og:image:width\" content=\"900\" \/>\n\t<meta property=\"og:image:height\" content=\"600\" \/>\n\t<meta property=\"og:image:type\" content=\"image\/jpeg\" \/>\n<meta name=\"twitter:card\" content=\"summary_large_image\" \/>\n<meta name=\"twitter:label1\" content=\"Gesch\u00e4tzte Lesezeit\" \/>\n\t<meta name=\"twitter:data1\" content=\"1\u00a0Minute\" \/>\n<script type=\"application\/ld+json\" class=\"yoast-schema-graph\">{\"@context\":\"https:\/\/schema.org\",\"@graph\":[{\"@type\":\"WebPage\",\"@id\":\"https:\/\/www.heartfailurematters.org\/de\/leben-mit-herzinsuffizienz\/gespraeche-mit-ihrer-familie-und-oder-ihrer-pflegeperson\/\",\"url\":\"https:\/\/www.heartfailurematters.org\/de\/leben-mit-herzinsuffizienz\/gespraeche-mit-ihrer-familie-und-oder-ihrer-pflegeperson\/\",\"name\":\"Gespr\u00e4che mit Ihrer Familie und\/oder Ihrer Pflegeperson\",\"isPartOf\":{\"@id\":\"https:\/\/www.heartfailurematters.org\/de\/#website\"},\"primaryImageOfPage\":{\"@id\":\"https:\/\/www.heartfailurematters.org\/de\/leben-mit-herzinsuffizienz\/gespraeche-mit-ihrer-familie-und-oder-ihrer-pflegeperson\/#primaryimage\"},\"image\":{\"@id\":\"https:\/\/www.heartfailurematters.org\/de\/leben-mit-herzinsuffizienz\/gespraeche-mit-ihrer-familie-und-oder-ihrer-pflegeperson\/#primaryimage\"},\"thumbnailUrl\":\"https:\/\/www.heartfailurematters.org\/wp-content\/uploads\/2022\/03\/shutterstock_326634329-1-min.jpg\",\"datePublished\":\"2021-01-27T22:00:18+00:00\",\"description\":\"Obwohl es schwierig sein kann, mit Ihrer Familie und Ihren Freunden \u00fcber Tod und Sterben zu sprechen, wird sich jeder besser f\u00fchlen, wenn er Ihre W\u00fcnsche kennt.\",\"breadcrumb\":{\"@id\":\"https:\/\/www.heartfailurematters.org\/de\/leben-mit-herzinsuffizienz\/gespraeche-mit-ihrer-familie-und-oder-ihrer-pflegeperson\/#breadcrumb\"},\"inLanguage\":\"de\",\"potentialAction\":[{\"@type\":\"ReadAction\",\"target\":[\"https:\/\/www.heartfailurematters.org\/de\/leben-mit-herzinsuffizienz\/gespraeche-mit-ihrer-familie-und-oder-ihrer-pflegeperson\/\"]}]},{\"@type\":\"ImageObject\",\"inLanguage\":\"de\",\"@id\":\"https:\/\/www.heartfailurematters.org\/de\/leben-mit-herzinsuffizienz\/gespraeche-mit-ihrer-familie-und-oder-ihrer-pflegeperson\/#primaryimage\",\"url\":\"https:\/\/www.heartfailurematters.org\/wp-content\/uploads\/2022\/03\/shutterstock_326634329-1-min.jpg\",\"contentUrl\":\"https:\/\/www.heartfailurematters.org\/wp-content\/uploads\/2022\/03\/shutterstock_326634329-1-min.jpg\",\"width\":900,\"height\":600},{\"@type\":\"BreadcrumbList\",\"@id\":\"https:\/\/www.heartfailurematters.org\/de\/leben-mit-herzinsuffizienz\/gespraeche-mit-ihrer-familie-und-oder-ihrer-pflegeperson\/#breadcrumb\",\"itemListElement\":[{\"@type\":\"ListItem\",\"position\":1,\"name\":\"Startseite\",\"item\":\"https:\/\/www.heartfailurematters.org\/de\/\"},{\"@type\":\"ListItem\",\"position\":2,\"name\":\"Leben mit Herzinsuffizienz\",\"item\":\"https:\/\/www.heartfailurematters.org\/de\/leben-mit-herzinsuffizienz\/\"},{\"@type\":\"ListItem\",\"position\":3,\"name\":\"Gespr\u00e4che mit Ihrer Familie und\/oder Ihrer Pflegeperson.\"}]},{\"@type\":\"WebSite\",\"@id\":\"https:\/\/www.heartfailurematters.org\/de\/#website\",\"url\":\"https:\/\/www.heartfailurematters.org\/de\/\",\"name\":\"Heart Failure Matters\",\"description\":\"Practical information for patients, families and caregivers.\",\"publisher\":{\"@id\":\"https:\/\/www.heartfailurematters.org\/de\/#organization\"},\"potentialAction\":[{\"@type\":\"SearchAction\",\"target\":{\"@type\":\"EntryPoint\",\"urlTemplate\":\"https:\/\/www.heartfailurematters.org\/de\/?s={search_term_string}\"},\"query-input\":{\"@type\":\"PropertyValueSpecification\",\"valueRequired\":true,\"valueName\":\"search_term_string\"}}],\"inLanguage\":\"de\"},{\"@type\":\"Organization\",\"@id\":\"https:\/\/www.heartfailurematters.org\/de\/#organization\",\"name\":\"Heart Failure Matters\",\"url\":\"https:\/\/www.heartfailurematters.org\/de\/\",\"logo\":{\"@type\":\"ImageObject\",\"inLanguage\":\"de\",\"@id\":\"https:\/\/www.heartfailurematters.org\/de\/#\/schema\/logo\/image\/\",\"url\":\"https:\/\/cdn-endpoint-hfm.azureedge.net\/heartfailurematters\/2024\/07\/hfm-logo1.jpg\",\"contentUrl\":\"https:\/\/cdn-endpoint-hfm.azureedge.net\/heartfailurematters\/2024\/07\/hfm-logo1.jpg\",\"width\":1280,\"height\":720,\"caption\":\"Heart Failure Matters\"},\"image\":{\"@id\":\"https:\/\/www.heartfailurematters.org\/de\/#\/schema\/logo\/image\/\"},\"sameAs\":[\"https:\/\/www.facebook.com\/heartfailurematters\"]}]}<\/script>\n<!-- \/ Yoast SEO plugin. -->","yoast_head_json":{"title":"Gespr\u00e4che mit Ihrer Familie und\/oder Ihrer Pflegeperson","description":"Obwohl es schwierig sein kann, mit Ihrer Familie und Ihren Freunden \u00fcber Tod und Sterben zu sprechen, wird sich jeder besser f\u00fchlen, wenn er Ihre W\u00fcnsche kennt.","robots":{"index":"index","follow":"follow","max-snippet":"max-snippet:-1","max-image-preview":"max-image-preview:large","max-video-preview":"max-video-preview:-1"},"canonical":"https:\/\/www.heartfailurematters.org\/de\/leben-mit-herzinsuffizienz\/gespraeche-mit-ihrer-familie-und-oder-ihrer-pflegeperson\/","og_locale":"de_DE","og_type":"article","og_title":"Gespr\u00e4che mit Ihrer Familie und\/oder Ihrer Pflegeperson","og_description":"Obwohl es schwierig sein kann, mit Ihrer Familie und Ihren Freunden \u00fcber Tod und Sterben zu sprechen, wird sich jeder besser f\u00fchlen, wenn er Ihre W\u00fcnsche kennt.","og_url":"https:\/\/www.heartfailurematters.org\/de\/leben-mit-herzinsuffizienz\/gespraeche-mit-ihrer-familie-und-oder-ihrer-pflegeperson\/","og_site_name":"Heart Failure Matters","article_publisher":"https:\/\/www.facebook.com\/heartfailurematters","og_image":[{"width":900,"height":600,"url":"https:\/\/www.heartfailurematters.org\/wp-content\/uploads\/2022\/03\/shutterstock_326634329-1-min.jpg","type":"image\/jpeg"}],"twitter_card":"summary_large_image","twitter_misc":{"Gesch\u00e4tzte Lesezeit":"1\u00a0Minute"},"schema":{"@context":"https:\/\/schema.org","@graph":[{"@type":"WebPage","@id":"https:\/\/www.heartfailurematters.org\/de\/leben-mit-herzinsuffizienz\/gespraeche-mit-ihrer-familie-und-oder-ihrer-pflegeperson\/","url":"https:\/\/www.heartfailurematters.org\/de\/leben-mit-herzinsuffizienz\/gespraeche-mit-ihrer-familie-und-oder-ihrer-pflegeperson\/","name":"Gespr\u00e4che mit Ihrer Familie und\/oder Ihrer Pflegeperson","isPartOf":{"@id":"https:\/\/www.heartfailurematters.org\/de\/#website"},"primaryImageOfPage":{"@id":"https:\/\/www.heartfailurematters.org\/de\/leben-mit-herzinsuffizienz\/gespraeche-mit-ihrer-familie-und-oder-ihrer-pflegeperson\/#primaryimage"},"image":{"@id":"https:\/\/www.heartfailurematters.org\/de\/leben-mit-herzinsuffizienz\/gespraeche-mit-ihrer-familie-und-oder-ihrer-pflegeperson\/#primaryimage"},"thumbnailUrl":"https:\/\/www.heartfailurematters.org\/wp-content\/uploads\/2022\/03\/shutterstock_326634329-1-min.jpg","datePublished":"2021-01-27T22:00:18+00:00","description":"Obwohl es schwierig sein kann, mit Ihrer Familie und Ihren Freunden \u00fcber Tod und Sterben zu sprechen, wird sich jeder besser f\u00fchlen, wenn er Ihre W\u00fcnsche kennt.","breadcrumb":{"@id":"https:\/\/www.heartfailurematters.org\/de\/leben-mit-herzinsuffizienz\/gespraeche-mit-ihrer-familie-und-oder-ihrer-pflegeperson\/#breadcrumb"},"inLanguage":"de","potentialAction":[{"@type":"ReadAction","target":["https:\/\/www.heartfailurematters.org\/de\/leben-mit-herzinsuffizienz\/gespraeche-mit-ihrer-familie-und-oder-ihrer-pflegeperson\/"]}]},{"@type":"ImageObject","inLanguage":"de","@id":"https:\/\/www.heartfailurematters.org\/de\/leben-mit-herzinsuffizienz\/gespraeche-mit-ihrer-familie-und-oder-ihrer-pflegeperson\/#primaryimage","url":"https:\/\/www.heartfailurematters.org\/wp-content\/uploads\/2022\/03\/shutterstock_326634329-1-min.jpg","contentUrl":"https:\/\/www.heartfailurematters.org\/wp-content\/uploads\/2022\/03\/shutterstock_326634329-1-min.jpg","width":900,"height":600},{"@type":"BreadcrumbList","@id":"https:\/\/www.heartfailurematters.org\/de\/leben-mit-herzinsuffizienz\/gespraeche-mit-ihrer-familie-und-oder-ihrer-pflegeperson\/#breadcrumb","itemListElement":[{"@type":"ListItem","position":1,"name":"Startseite","item":"https:\/\/www.heartfailurematters.org\/de\/"},{"@type":"ListItem","position":2,"name":"Leben mit Herzinsuffizienz","item":"https:\/\/www.heartfailurematters.org\/de\/leben-mit-herzinsuffizienz\/"},{"@type":"ListItem","position":3,"name":"Gespr\u00e4che mit Ihrer Familie und\/oder Ihrer Pflegeperson."}]},{"@type":"WebSite","@id":"https:\/\/www.heartfailurematters.org\/de\/#website","url":"https:\/\/www.heartfailurematters.org\/de\/","name":"Heart Failure Matters","description":"Practical information for patients, families and caregivers.","publisher":{"@id":"https:\/\/www.heartfailurematters.org\/de\/#organization"},"potentialAction":[{"@type":"SearchAction","target":{"@type":"EntryPoint","urlTemplate":"https:\/\/www.heartfailurematters.org\/de\/?s={search_term_string}"},"query-input":{"@type":"PropertyValueSpecification","valueRequired":true,"valueName":"search_term_string"}}],"inLanguage":"de"},{"@type":"Organization","@id":"https:\/\/www.heartfailurematters.org\/de\/#organization","name":"Heart Failure Matters","url":"https:\/\/www.heartfailurematters.org\/de\/","logo":{"@type":"ImageObject","inLanguage":"de","@id":"https:\/\/www.heartfailurematters.org\/de\/#\/schema\/logo\/image\/","url":"https:\/\/cdn-endpoint-hfm.azureedge.net\/heartfailurematters\/2024\/07\/hfm-logo1.jpg","contentUrl":"https:\/\/cdn-endpoint-hfm.azureedge.net\/heartfailurematters\/2024\/07\/hfm-logo1.jpg","width":1280,"height":720,"caption":"Heart Failure Matters"},"image":{"@id":"https:\/\/www.heartfailurematters.org\/de\/#\/schema\/logo\/image\/"},"sameAs":["https:\/\/www.facebook.com\/heartfailurematters"]}]}},"_links":{"self":[{"href":"https:\/\/www.heartfailurematters.org\/de\/wp-json\/wp\/v2\/pages\/1385","targetHints":{"allow":["GET"]}}],"collection":[{"href":"https:\/\/www.heartfailurematters.org\/de\/wp-json\/wp\/v2\/pages"}],"about":[{"href":"https:\/\/www.heartfailurematters.org\/de\/wp-json\/wp\/v2\/types\/page"}],"author":[{"embeddable":true,"href":"https:\/\/www.heartfailurematters.org\/de\/wp-json\/wp\/v2\/users\/1"}],"replies":[{"embeddable":true,"href":"https:\/\/www.heartfailurematters.org\/de\/wp-json\/wp\/v2\/comments?post=1385"}],"version-history":[{"count":0,"href":"https:\/\/www.heartfailurematters.org\/de\/wp-json\/wp\/v2\/pages\/1385\/revisions"}],"up":[{"embeddable":true,"href":"https:\/\/www.heartfailurematters.org\/de\/wp-json\/wp\/v2\/pages\/2813"}],"wp:featuredmedia":[{"embeddable":true,"href":"https:\/\/www.heartfailurematters.org\/de\/wp-json\/wp\/v2\/media\/11144"}],"wp:attachment":[{"href":"https:\/\/www.heartfailurematters.org\/de\/wp-json\/wp\/v2\/media?parent=1385"}],"wp:term":[{"taxonomy":"category","embeddable":true,"href":"https:\/\/www.heartfailurematters.org\/de\/wp-json\/wp\/v2\/categories?post=1385"},{"taxonomy":"post_tag","embeddable":true,"href":"https:\/\/www.heartfailurematters.org\/de\/wp-json\/wp\/v2\/tags?post=1385"}],"curies":[{"name":"wp","href":"https:\/\/api.w.org\/{rel}","templated":true}]}}