{"id":1383,"date":"2021-01-27T22:00:18","date_gmt":"2021-01-27T22:00:18","guid":{"rendered":"http:\/\/heartfailurematters.local:8888\/die-stadien-der-herzinsuffizienz-einteilung-in-schweregrade\/"},"modified":"2021-08-12T09:24:31","modified_gmt":"2021-08-12T08:24:31","slug":"die-stadien-der-herzinsuffizienz-einteilung-in-schweregrade","status":"publish","type":"page","link":"https:\/\/www.heartfailurematters.org\/de\/herzinsuffizienz-verstehen\/die-stadien-der-herzinsuffizienz-einteilung-in-schweregrade\/","title":{"rendered":"Die Stadien der Herzinsuffizienz: Einteilung in Schweregrade"},"content":{"rendered":"<p>Die Beurteilung des Schweregrads Ihrer Herzinsuffizienz ist wichtig, wenn Sie Ihren Termin bei Ihrem Arzt haben. Die beiden unten beschriebenen Skalen basieren darauf, wie Sie sich f\u00fchlen und sie beurteilen jeweils Ihre Symptome. Der Arzt oder die Pflegekraft wird wissen wollen, wie Sie sich seit Ihrem letzten Termin gef\u00fchlt haben. Versuchen Sie dann Ihren eigenen Gesundheitszustand den Stadien der beiden Skalen zuzuordnen. Dabei kann es auch sein, dass Ihre Symptome vier Tage in der Woche eher dem NYHA-Klasse 2 entsprechen und sich an den anderen drei Wochentagen eher wie das NYHA-Klasse 3 anf\u00fchlen. Diese Skalen k\u00f6nnen Ihnen auch im Alltag beim Umgang mit Ihrer Erkrankung helfen und Sie k\u00f6nnen sich dann bei Ihrem n\u00e4chsten Termin mit Ihrem Arzt oder Ihrer Pflegekraft jeweils darauf beziehen. Ihr Arzt wird eine Einteilung (Klassifikation) Ihrer Herzinsuffizienz zum Zeitpunkt der Diagnosestellung und erneut bei sp\u00e4teren Besuchen vornehmen. F\u00fcr die Einteilung der Herzinsuffizienz in Schweregrade sind zwei Klassifikationssysteme in Gebrauch und m\u00f6glicherweise verwendet Ihr Arzt eine Kombination aus beiden.<\/p>\n<p><strong>Klassifikation der New York Heart Association (NYHA)<\/strong><\/p>\n<p>Dieses System wird herangezogen, um eine Einteilung Ihrer Erkrankung nach deren Schwere auf der Grundlage der Symptome vorzunehmen.<\/p>\n<p>NYHA-Klasse 1 (keine Symptome):<\/p>\n<p>Sie haben keine Symptome und k\u00f6nnen, ohne sich m\u00fcde oder kurzatmig zu f\u00fchlen, allt\u00e4gliche Aktivit\u00e4ten bew\u00e4ltigen.<\/p>\n<p>NYHA-Klasse 2 (leichte Symptome)<\/p>\n<p>Bei m\u00e4\u00dfigen allt\u00e4glichen k\u00f6rperlichen Belastungen f\u00fchlen Sie sich ersch\u00f6pft oder bekommen Atemnot. Es treten aber keine Beschwerden im Ruhezustand auf.<\/p>\n<p>NYHA-Klasse 3 (mittelschwere Symptome)<\/p>\n<p>Auch bei geringen k\u00f6rperlichen Aktivit\u00e4ten f\u00fchlen Sie sich bereits ersch\u00f6pft oder leiden unter Atemnot. In Ruhe treten diese Symptome hingegen nicht auf.<\/p>\n<p>NYHA-Klasse 4 (schwere Symptome)<\/p>\n<p>Sie k\u00f6nnen sich ohne Beeintr\u00e4chtigung des Wohlbefindens keinerlei k\u00f6rperlicher Anstrengung unterziehen und die Symptome treten auch in Ruhe auf.<\/p>\n<p><strong>Stadieneinteilung der American Heart Association bzw. des American College of Cardiology <\/strong><\/p>\n<p>Dieses System geht davon aus, dass eine Herzinsuffizienz bereits vorliegen kann, bevor Symptome auftreten<\/p>\n<p>Stadium A<\/p>\n<p>Sie haben keine Herzinsuffizienz. Sie tragen aber ein hohes Risiko f\u00fcr die Entwicklung einer anderen Erkrankung, die zu Herzinsuffizienz f\u00fchren kann, wie z. B. hoher Blutdruck, Diabetes, Fettleibigkeit oder koronare Herzkrankheit.<\/p>\n<p>Stadium B<\/p>\n<p>Ihr Herz hat durch (eine) sonstige Erkrankung(en) oder andere Faktoren bereits Schaden genommen, Sie zeigen selbst aber noch keine Symptome.<\/p>\n<p>Stadium C<\/p>\n<p>Ihr Herz ist gesch\u00e4digt und bei Ihnen treten Symptome einer Herzinsuffizienz auf.<\/p>\n<p>Stadium D<\/p>\n<p>Sie haben eine schwere Herzinsuffizienz, die trotz einer Behandlung eine spezielle Versorgung erfordert.<\/p>\n<p>Zur\u00fcck zu \u201eWie kann sich eine Herzinsuffizienz mit der Zeit ver\u00e4ndern?\u201c<\/p>\n","protected":false},"excerpt":{"rendered":"<p>Die Beurteilung des Schweregrads Ihrer Herzinsuffizienz ist wichtig, wenn Sie Ihren Termin bei Ihrem Arzt haben. Die beiden unten beschriebenen Skalen basieren darauf, wie Sie sich f\u00fchlen und sie beurteilen jeweils Ihre Symptome. Der Arzt oder die Pflegekraft wird wissen wollen, wie Sie sich seit Ihrem letzten Termin gef\u00fchlt haben. Versuchen Sie dann Ihren eigenen [&hellip;]<\/p>\n","protected":false},"author":1,"featured_media":0,"parent":1371,"menu_order":0,"comment_status":"open","ping_status":"open","template":"","meta":{"_acf_changed":false,"footnotes":""},"categories":[],"tags":[],"class_list":["post-1383","page","type-page","status-publish","hentry"],"acf":[],"yoast_head":"<!-- This site is optimized with the Yoast SEO plugin v24.8.1 - https:\/\/yoast.com\/wordpress\/plugins\/seo\/ -->\n<title>Einstufung von Herzinsuffizienz<\/title>\n<meta name=\"description\" content=\"Es gibt zwei verschiedene Systeme, um Herzinsuffizienz einzustufen, und es ist wahrscheinlich, dass Ihr Arzt eine Kombination aus beiden verwenden wird. Hier erfahren Sie, welche dies sind\" \/>\n<meta name=\"robots\" content=\"index, follow, max-snippet:-1, max-image-preview:large, max-video-preview:-1\" \/>\n<link rel=\"canonical\" href=\"https:\/\/www.heartfailurematters.org\/de\/herzinsuffizienz-verstehen\/die-stadien-der-herzinsuffizienz-einteilung-in-schweregrade\/\" \/>\n<meta property=\"og:locale\" content=\"de_DE\" \/>\n<meta property=\"og:type\" content=\"article\" \/>\n<meta property=\"og:title\" content=\"Einstufung von Herzinsuffizienz\" \/>\n<meta property=\"og:description\" content=\"Es gibt zwei verschiedene Systeme, um Herzinsuffizienz einzustufen, und es ist wahrscheinlich, dass Ihr Arzt eine Kombination aus beiden verwenden wird. Hier erfahren Sie, welche dies sind\" \/>\n<meta property=\"og:url\" content=\"https:\/\/www.heartfailurematters.org\/de\/herzinsuffizienz-verstehen\/die-stadien-der-herzinsuffizienz-einteilung-in-schweregrade\/\" \/>\n<meta property=\"og:site_name\" content=\"Heart Failure Matters\" \/>\n<meta property=\"article:publisher\" content=\"https:\/\/www.facebook.com\/heartfailurematters\" \/>\n<meta property=\"article:modified_time\" content=\"2021-08-12T08:24:31+00:00\" \/>\n<meta name=\"twitter:card\" content=\"summary_large_image\" \/>\n<meta name=\"twitter:label1\" content=\"Gesch\u00e4tzte Lesezeit\" \/>\n\t<meta name=\"twitter:data1\" content=\"2\u00a0Minuten\" \/>\n<script type=\"application\/ld+json\" class=\"yoast-schema-graph\">{\"@context\":\"https:\/\/schema.org\",\"@graph\":[{\"@type\":\"WebPage\",\"@id\":\"https:\/\/www.heartfailurematters.org\/de\/herzinsuffizienz-verstehen\/die-stadien-der-herzinsuffizienz-einteilung-in-schweregrade\/\",\"url\":\"https:\/\/www.heartfailurematters.org\/de\/herzinsuffizienz-verstehen\/die-stadien-der-herzinsuffizienz-einteilung-in-schweregrade\/\",\"name\":\"Einstufung von Herzinsuffizienz\",\"isPartOf\":{\"@id\":\"https:\/\/www.heartfailurematters.org\/de\/#website\"},\"datePublished\":\"2021-01-27T22:00:18+00:00\",\"dateModified\":\"2021-08-12T08:24:31+00:00\",\"description\":\"Es gibt zwei verschiedene Systeme, um Herzinsuffizienz einzustufen, und es ist wahrscheinlich, dass Ihr Arzt eine Kombination aus beiden verwenden wird. Hier erfahren Sie, welche dies sind\",\"breadcrumb\":{\"@id\":\"https:\/\/www.heartfailurematters.org\/de\/herzinsuffizienz-verstehen\/die-stadien-der-herzinsuffizienz-einteilung-in-schweregrade\/#breadcrumb\"},\"inLanguage\":\"de\",\"potentialAction\":[{\"@type\":\"ReadAction\",\"target\":[\"https:\/\/www.heartfailurematters.org\/de\/herzinsuffizienz-verstehen\/die-stadien-der-herzinsuffizienz-einteilung-in-schweregrade\/\"]}]},{\"@type\":\"BreadcrumbList\",\"@id\":\"https:\/\/www.heartfailurematters.org\/de\/herzinsuffizienz-verstehen\/die-stadien-der-herzinsuffizienz-einteilung-in-schweregrade\/#breadcrumb\",\"itemListElement\":[{\"@type\":\"ListItem\",\"position\":1,\"name\":\"Startseite\",\"item\":\"https:\/\/www.heartfailurematters.org\/de\/\"},{\"@type\":\"ListItem\",\"position\":2,\"name\":\"Herzinsuffizienz verstehen\",\"item\":\"https:\/\/www.heartfailurematters.org\/de\/herzinsuffizienz-verstehen\/\"},{\"@type\":\"ListItem\",\"position\":3,\"name\":\"Die Stadien der Herzinsuffizienz: Einteilung in Schweregrade\"}]},{\"@type\":\"WebSite\",\"@id\":\"https:\/\/www.heartfailurematters.org\/de\/#website\",\"url\":\"https:\/\/www.heartfailurematters.org\/de\/\",\"name\":\"Heart Failure Matters\",\"description\":\"Practical information for patients, families and caregivers.\",\"publisher\":{\"@id\":\"https:\/\/www.heartfailurematters.org\/de\/#organization\"},\"potentialAction\":[{\"@type\":\"SearchAction\",\"target\":{\"@type\":\"EntryPoint\",\"urlTemplate\":\"https:\/\/www.heartfailurematters.org\/de\/?s={search_term_string}\"},\"query-input\":{\"@type\":\"PropertyValueSpecification\",\"valueRequired\":true,\"valueName\":\"search_term_string\"}}],\"inLanguage\":\"de\"},{\"@type\":\"Organization\",\"@id\":\"https:\/\/www.heartfailurematters.org\/de\/#organization\",\"name\":\"Heart Failure Matters\",\"url\":\"https:\/\/www.heartfailurematters.org\/de\/\",\"logo\":{\"@type\":\"ImageObject\",\"inLanguage\":\"de\",\"@id\":\"https:\/\/www.heartfailurematters.org\/de\/#\/schema\/logo\/image\/\",\"url\":\"https:\/\/cdn-endpoint-hfm.azureedge.net\/heartfailurematters\/2024\/07\/hfm-logo1.jpg\",\"contentUrl\":\"https:\/\/cdn-endpoint-hfm.azureedge.net\/heartfailurematters\/2024\/07\/hfm-logo1.jpg\",\"width\":1280,\"height\":720,\"caption\":\"Heart Failure Matters\"},\"image\":{\"@id\":\"https:\/\/www.heartfailurematters.org\/de\/#\/schema\/logo\/image\/\"},\"sameAs\":[\"https:\/\/www.facebook.com\/heartfailurematters\"]}]}<\/script>\n<!-- \/ Yoast SEO plugin. -->","yoast_head_json":{"title":"Einstufung von Herzinsuffizienz","description":"Es gibt zwei verschiedene Systeme, um Herzinsuffizienz einzustufen, und es ist wahrscheinlich, dass Ihr Arzt eine Kombination aus beiden verwenden wird. Hier erfahren Sie, welche dies sind","robots":{"index":"index","follow":"follow","max-snippet":"max-snippet:-1","max-image-preview":"max-image-preview:large","max-video-preview":"max-video-preview:-1"},"canonical":"https:\/\/www.heartfailurematters.org\/de\/herzinsuffizienz-verstehen\/die-stadien-der-herzinsuffizienz-einteilung-in-schweregrade\/","og_locale":"de_DE","og_type":"article","og_title":"Einstufung von Herzinsuffizienz","og_description":"Es gibt zwei verschiedene Systeme, um Herzinsuffizienz einzustufen, und es ist wahrscheinlich, dass Ihr Arzt eine Kombination aus beiden verwenden wird. Hier erfahren Sie, welche dies sind","og_url":"https:\/\/www.heartfailurematters.org\/de\/herzinsuffizienz-verstehen\/die-stadien-der-herzinsuffizienz-einteilung-in-schweregrade\/","og_site_name":"Heart Failure Matters","article_publisher":"https:\/\/www.facebook.com\/heartfailurematters","article_modified_time":"2021-08-12T08:24:31+00:00","twitter_card":"summary_large_image","twitter_misc":{"Gesch\u00e4tzte Lesezeit":"2\u00a0Minuten"},"schema":{"@context":"https:\/\/schema.org","@graph":[{"@type":"WebPage","@id":"https:\/\/www.heartfailurematters.org\/de\/herzinsuffizienz-verstehen\/die-stadien-der-herzinsuffizienz-einteilung-in-schweregrade\/","url":"https:\/\/www.heartfailurematters.org\/de\/herzinsuffizienz-verstehen\/die-stadien-der-herzinsuffizienz-einteilung-in-schweregrade\/","name":"Einstufung von Herzinsuffizienz","isPartOf":{"@id":"https:\/\/www.heartfailurematters.org\/de\/#website"},"datePublished":"2021-01-27T22:00:18+00:00","dateModified":"2021-08-12T08:24:31+00:00","description":"Es gibt zwei verschiedene Systeme, um Herzinsuffizienz einzustufen, und es ist wahrscheinlich, dass Ihr Arzt eine Kombination aus beiden verwenden wird. Hier erfahren Sie, welche dies sind","breadcrumb":{"@id":"https:\/\/www.heartfailurematters.org\/de\/herzinsuffizienz-verstehen\/die-stadien-der-herzinsuffizienz-einteilung-in-schweregrade\/#breadcrumb"},"inLanguage":"de","potentialAction":[{"@type":"ReadAction","target":["https:\/\/www.heartfailurematters.org\/de\/herzinsuffizienz-verstehen\/die-stadien-der-herzinsuffizienz-einteilung-in-schweregrade\/"]}]},{"@type":"BreadcrumbList","@id":"https:\/\/www.heartfailurematters.org\/de\/herzinsuffizienz-verstehen\/die-stadien-der-herzinsuffizienz-einteilung-in-schweregrade\/#breadcrumb","itemListElement":[{"@type":"ListItem","position":1,"name":"Startseite","item":"https:\/\/www.heartfailurematters.org\/de\/"},{"@type":"ListItem","position":2,"name":"Herzinsuffizienz verstehen","item":"https:\/\/www.heartfailurematters.org\/de\/herzinsuffizienz-verstehen\/"},{"@type":"ListItem","position":3,"name":"Die Stadien der Herzinsuffizienz: Einteilung in Schweregrade"}]},{"@type":"WebSite","@id":"https:\/\/www.heartfailurematters.org\/de\/#website","url":"https:\/\/www.heartfailurematters.org\/de\/","name":"Heart Failure Matters","description":"Practical information for patients, families and caregivers.","publisher":{"@id":"https:\/\/www.heartfailurematters.org\/de\/#organization"},"potentialAction":[{"@type":"SearchAction","target":{"@type":"EntryPoint","urlTemplate":"https:\/\/www.heartfailurematters.org\/de\/?s={search_term_string}"},"query-input":{"@type":"PropertyValueSpecification","valueRequired":true,"valueName":"search_term_string"}}],"inLanguage":"de"},{"@type":"Organization","@id":"https:\/\/www.heartfailurematters.org\/de\/#organization","name":"Heart Failure Matters","url":"https:\/\/www.heartfailurematters.org\/de\/","logo":{"@type":"ImageObject","inLanguage":"de","@id":"https:\/\/www.heartfailurematters.org\/de\/#\/schema\/logo\/image\/","url":"https:\/\/cdn-endpoint-hfm.azureedge.net\/heartfailurematters\/2024\/07\/hfm-logo1.jpg","contentUrl":"https:\/\/cdn-endpoint-hfm.azureedge.net\/heartfailurematters\/2024\/07\/hfm-logo1.jpg","width":1280,"height":720,"caption":"Heart Failure Matters"},"image":{"@id":"https:\/\/www.heartfailurematters.org\/de\/#\/schema\/logo\/image\/"},"sameAs":["https:\/\/www.facebook.com\/heartfailurematters"]}]}},"_links":{"self":[{"href":"https:\/\/www.heartfailurematters.org\/de\/wp-json\/wp\/v2\/pages\/1383","targetHints":{"allow":["GET"]}}],"collection":[{"href":"https:\/\/www.heartfailurematters.org\/de\/wp-json\/wp\/v2\/pages"}],"about":[{"href":"https:\/\/www.heartfailurematters.org\/de\/wp-json\/wp\/v2\/types\/page"}],"author":[{"embeddable":true,"href":"https:\/\/www.heartfailurematters.org\/de\/wp-json\/wp\/v2\/users\/1"}],"replies":[{"embeddable":true,"href":"https:\/\/www.heartfailurematters.org\/de\/wp-json\/wp\/v2\/comments?post=1383"}],"version-history":[{"count":2,"href":"https:\/\/www.heartfailurematters.org\/de\/wp-json\/wp\/v2\/pages\/1383\/revisions"}],"predecessor-version":[{"id":9782,"href":"https:\/\/www.heartfailurematters.org\/de\/wp-json\/wp\/v2\/pages\/1383\/revisions\/9782"}],"up":[{"embeddable":true,"href":"https:\/\/www.heartfailurematters.org\/de\/wp-json\/wp\/v2\/pages\/1371"}],"wp:attachment":[{"href":"https:\/\/www.heartfailurematters.org\/de\/wp-json\/wp\/v2\/media?parent=1383"}],"wp:term":[{"taxonomy":"category","embeddable":true,"href":"https:\/\/www.heartfailurematters.org\/de\/wp-json\/wp\/v2\/categories?post=1383"},{"taxonomy":"post_tag","embeddable":true,"href":"https:\/\/www.heartfailurematters.org\/de\/wp-json\/wp\/v2\/tags?post=1383"}],"curies":[{"name":"wp","href":"https:\/\/api.w.org\/{rel}","templated":true}]}}