{"id":1381,"date":"2021-01-27T22:00:18","date_gmt":"2021-01-27T22:00:18","guid":{"rendered":"http:\/\/heartfailurematters.local:8888\/aktivitaet-und-koerperliches-training\/"},"modified":"2021-01-27T22:00:18","modified_gmt":"2021-01-27T22:00:18","slug":"aktivitaet-und-koerperliches-training","status":"publish","type":"page","link":"https:\/\/www.heartfailurematters.org\/de\/das-koennen-sie-tun\/aktivitaet-und-koerperliches-training\/","title":{"rendered":"Aktivit\u00e4t und k\u00f6rperliches Training"},"content":{"rendered":"<p>Eine leichte k&ouml;rperliche Aktivit&auml;t wirkt sich bei der Mehrzahl der Menschen mit Herzinsuffizienz vorteilhaft aus. K&ouml;rperliches Training kann zu einem besseren Allgemeinbefinden beitragen.<\/p>\n<h2>Warum?<\/h2>\n<p>Aktivit&auml;t kann die Herzfunktion verbessern, indem sie die Arbeitslast mindert und eine effizientere Pumpleistung erm&ouml;glicht, was zu einer Besserung der Beschwerden f&uuml;hrt.<\/p>\n<h2>Wie?<\/h2>\n<p>Bevor Sie mit einem Trainingsprogramm beginnen oder wenn Sie Ihre sportlichen Aktivit&auml;ten steigern oder &auml;ndern m&ouml;chten, halten Sie bitte R&uuml;cksprache mit Ihrem Arzt oder der Sie betreuenden Pflegekraft, um sicherzustellen, dass Sie Ihrem Herzen nicht zu schnell zu viel zumuten. Diese werden Ihnen auch sagen k&ouml;nnen, welche Aktivit&auml;ten Sie vermeiden sollten. Es ist immer eine gute Idee, Kontakt mit dem &ouml;rtlichen kardiologischen Rehabilitationszentrum (falls vorhanden) aufzunehmen und nachzufragen, ob dort ein Training niedriger Intensit&auml;t angeboten wird.<\/p>\n<p>W&auml;hlen Sie eine Aktivit&auml;t, die Ihnen Spa&szlig; macht, da Sie dann eher bereit sein werden, diese regelm&auml;&szlig;ig zu machen. Training mit einem Freund hilft ebenso, da Sie sich dann gegenseitig unterst&uuml;tzen k&ouml;nnen. Es ist wichtig zu verstehen, was f&uuml;r Sie m&ouml;glich ist. Wenn Sie vor dem Auftreten Ihrer Herzinsuffizienz nicht Joggen gegangen sind, werden Sie den Einstieg jetzt mit Herzinsuffizienz wohl nicht schaffen. Wenn Sie aber gerne Spazierg&auml;nge machen oder schwimmen, versuchen Sie es damit.<\/p>\n<p>W&auml;rmen Sie sich immer vor Beginn des Trainings auf und reduzieren Sie die Belastung am Ende wieder schrittweise &ndash; ein qualifizierter Sportlehrer wird Ihnen zeigen k&ouml;nnen, wie dies sicher geht. Wenn es drau&szlig;en kalt oder windig ist, sollten Sie sich aufw&auml;rmen, bevor Sie aus dem Haus gehen. Gehen Sie dazu einige Minuten lang z&uuml;gig auf und ab, um einen Temperaturschock beim Hinausgehen zu vermeiden.<\/p>\n<p>Zu Fu&szlig; gehen ist eine gute Aktivit&auml;t, um einen Einstieg zu finden. Versuchen Sie jeden Tag, einen Spaziergang zu machen, indem Sie z. B. die Zeitung holen oder eine Bushaltestelle fr&uuml;her aussteigen. Wenn Sie bereits regelm&auml;&szlig;ig zu Fu&szlig; unterwegs sind und sich f&uuml;r k&ouml;rperlich aktiv halten, versuchen Sie es mit Radfahren oder Schwimmen. Beginnen Sie langsam und erh&ouml;hen Sie langsam mit zunehmender Kraft bzw. Fitness die Distanz oder Intensit&auml;t.<\/p>\n<p>Eine gute Faustregel ist, dass Sie w&auml;hrend des Trainings noch sprechen k&ouml;nnen sollten. Wenn Sie nebenher nicht mehr sprechen k&ouml;nnen, &uuml;bertreiben Sie es wahrscheinlich. H&ouml;ren Sie sofort mit dem Training auf, wenn Atemnot, Schwindel, Schmerzen in der Brust, &Uuml;belkeit oder kalter Schwei&szlig; auftreten. Sollten die Symptome anhalten, kontaktieren Sie Ihren Arzt oder die Sie betreuende Pflegekraft.<\/p>\n<p>Vermeiden Sie es Sport zu machen, wenn Sie l&auml;nger nichts mehr gegessen haben oder nach einer reichhaltigen Mahlzeit. Planen Sie es so ein, dass Sie sich 1-2 Stunden nach einer leichten Mahlzeit k&ouml;rperlich bet&auml;tigen.<\/p>\n<p>Viele Menschen mit Herzinsuffizienz haben die Sorge, auf Ihre Enkelkinder nicht mehr richtig eingehen zu k&ouml;nnen, wenn sie es nicht mehr schaffen, diese hochzuheben. Achten Sie auf die Signale Ihres K&ouml;rpers. Aktivit&auml;ten, die es erfordern, dass Sie den Atem anhalten, sich hinabbeugen oder sehr schnell Energie freisetzen m&uuml;ssen, sollten besser vermieden werden. Wenn Ihre Enkelkinder nicht mehr im Babyalter sind, kann es sinnvoller sein, diese im Sitzen auf den Scho&szlig; zu nehmen.<\/p>\n<p><a href=\"https:\/\/www.heartfailurematters.org\/de\/das-koennen-sie-tun\/anpassung-der-lebensweise\/\" title=\"Return to Adapting your lifestyle\">Zur&uuml;ck zu &bdquo;Anpassung der Lebensweise<\/a><\/p>\n<p>&nbsp;<\/p>\n<p>&nbsp;<\/p>\n","protected":false},"excerpt":{"rendered":"<p>Eine leichte k&ouml;rperliche Aktivit&auml;t wirkt sich bei der Mehrzahl der Menschen mit Herzinsuffizienz vorteilhaft aus. K&ouml;rperliches Training kann zu einem besseren Allgemeinbefinden beitragen. Warum? Aktivit&auml;t kann die Herzfunktion verbessern, indem sie die Arbeitslast mindert und eine effizientere Pumpleistung erm&ouml;glicht, was zu einer Besserung der Beschwerden f&uuml;hrt. Wie? Bevor Sie mit einem Trainingsprogramm beginnen oder wenn [&hellip;]<\/p>\n","protected":false},"author":1,"featured_media":10985,"parent":2716,"menu_order":0,"comment_status":"open","ping_status":"open","template":"","meta":{"_acf_changed":false,"footnotes":""},"categories":[],"tags":[],"class_list":["post-1381","page","type-page","status-publish","has-post-thumbnail","hentry"],"acf":[],"yoast_head":"<!-- This site is optimized with the Yoast SEO plugin v24.8.1 - https:\/\/yoast.com\/wordpress\/plugins\/seo\/ -->\n<title>Aktivit\u00e4t und k\u00f6rperliches Training bei Herzinsuffizienz<\/title>\n<meta name=\"description\" content=\"Leichte k\u00f6rperliche Aktivit\u00e4t wirkt sich bei den meisten Menschen mit Herzinsuffizienz vorteilhaft aus. K\u00f6rperliches Training kann zu einem besseren Allgemeinbefinden beitragen.\" \/>\n<meta name=\"robots\" content=\"index, follow, max-snippet:-1, max-image-preview:large, max-video-preview:-1\" \/>\n<link rel=\"canonical\" href=\"https:\/\/www.heartfailurematters.org\/de\/das-koennen-sie-tun\/aktivitaet-und-koerperliches-training\/\" \/>\n<meta property=\"og:locale\" content=\"de_DE\" \/>\n<meta property=\"og:type\" content=\"article\" \/>\n<meta property=\"og:title\" content=\"Aktivit\u00e4t und k\u00f6rperliches Training bei Herzinsuffizienz\" \/>\n<meta property=\"og:description\" content=\"Leichte k\u00f6rperliche Aktivit\u00e4t wirkt sich bei den meisten Menschen mit Herzinsuffizienz vorteilhaft aus. K\u00f6rperliches Training kann zu einem besseren Allgemeinbefinden beitragen.\" \/>\n<meta property=\"og:url\" content=\"https:\/\/www.heartfailurematters.org\/de\/das-koennen-sie-tun\/aktivitaet-und-koerperliches-training\/\" \/>\n<meta property=\"og:site_name\" content=\"Heart Failure Matters\" \/>\n<meta property=\"article:publisher\" content=\"https:\/\/www.facebook.com\/heartfailurematters\" \/>\n<meta property=\"og:image\" content=\"https:\/\/www.heartfailurematters.org\/wp-content\/uploads\/2022\/03\/shutterstock_1215825016-1-min.jpg\" \/>\n\t<meta property=\"og:image:width\" content=\"900\" \/>\n\t<meta property=\"og:image:height\" content=\"601\" \/>\n\t<meta property=\"og:image:type\" content=\"image\/jpeg\" \/>\n<meta name=\"twitter:card\" content=\"summary_large_image\" \/>\n<meta name=\"twitter:label1\" content=\"Gesch\u00e4tzte Lesezeit\" \/>\n\t<meta name=\"twitter:data1\" content=\"3\u00a0Minuten\" \/>\n<script type=\"application\/ld+json\" class=\"yoast-schema-graph\">{\"@context\":\"https:\/\/schema.org\",\"@graph\":[{\"@type\":\"WebPage\",\"@id\":\"https:\/\/www.heartfailurematters.org\/de\/das-koennen-sie-tun\/aktivitaet-und-koerperliches-training\/\",\"url\":\"https:\/\/www.heartfailurematters.org\/de\/das-koennen-sie-tun\/aktivitaet-und-koerperliches-training\/\",\"name\":\"Aktivit\u00e4t und k\u00f6rperliches Training bei Herzinsuffizienz\",\"isPartOf\":{\"@id\":\"https:\/\/www.heartfailurematters.org\/de\/#website\"},\"primaryImageOfPage\":{\"@id\":\"https:\/\/www.heartfailurematters.org\/de\/das-koennen-sie-tun\/aktivitaet-und-koerperliches-training\/#primaryimage\"},\"image\":{\"@id\":\"https:\/\/www.heartfailurematters.org\/de\/das-koennen-sie-tun\/aktivitaet-und-koerperliches-training\/#primaryimage\"},\"thumbnailUrl\":\"https:\/\/www.heartfailurematters.org\/wp-content\/uploads\/2022\/03\/shutterstock_1215825016-1-min.jpg\",\"datePublished\":\"2021-01-27T22:00:18+00:00\",\"description\":\"Leichte k\u00f6rperliche Aktivit\u00e4t wirkt sich bei den meisten Menschen mit Herzinsuffizienz vorteilhaft aus. K\u00f6rperliches Training kann zu einem besseren Allgemeinbefinden beitragen.\",\"breadcrumb\":{\"@id\":\"https:\/\/www.heartfailurematters.org\/de\/das-koennen-sie-tun\/aktivitaet-und-koerperliches-training\/#breadcrumb\"},\"inLanguage\":\"de\",\"potentialAction\":[{\"@type\":\"ReadAction\",\"target\":[\"https:\/\/www.heartfailurematters.org\/de\/das-koennen-sie-tun\/aktivitaet-und-koerperliches-training\/\"]}]},{\"@type\":\"ImageObject\",\"inLanguage\":\"de\",\"@id\":\"https:\/\/www.heartfailurematters.org\/de\/das-koennen-sie-tun\/aktivitaet-und-koerperliches-training\/#primaryimage\",\"url\":\"https:\/\/www.heartfailurematters.org\/wp-content\/uploads\/2022\/03\/shutterstock_1215825016-1-min.jpg\",\"contentUrl\":\"https:\/\/www.heartfailurematters.org\/wp-content\/uploads\/2022\/03\/shutterstock_1215825016-1-min.jpg\",\"width\":900,\"height\":601},{\"@type\":\"BreadcrumbList\",\"@id\":\"https:\/\/www.heartfailurematters.org\/de\/das-koennen-sie-tun\/aktivitaet-und-koerperliches-training\/#breadcrumb\",\"itemListElement\":[{\"@type\":\"ListItem\",\"position\":1,\"name\":\"Startseite\",\"item\":\"https:\/\/www.heartfailurematters.org\/de\/\"},{\"@type\":\"ListItem\",\"position\":2,\"name\":\"Das k\u00f6nnen Sie tun\",\"item\":\"https:\/\/www.heartfailurematters.org\/de\/das-koennen-sie-tun\/\"},{\"@type\":\"ListItem\",\"position\":3,\"name\":\"Aktivit\u00e4t und k\u00f6rperliches Training\"}]},{\"@type\":\"WebSite\",\"@id\":\"https:\/\/www.heartfailurematters.org\/de\/#website\",\"url\":\"https:\/\/www.heartfailurematters.org\/de\/\",\"name\":\"Heart Failure Matters\",\"description\":\"Practical information for patients, families and caregivers.\",\"publisher\":{\"@id\":\"https:\/\/www.heartfailurematters.org\/de\/#organization\"},\"potentialAction\":[{\"@type\":\"SearchAction\",\"target\":{\"@type\":\"EntryPoint\",\"urlTemplate\":\"https:\/\/www.heartfailurematters.org\/de\/?s={search_term_string}\"},\"query-input\":{\"@type\":\"PropertyValueSpecification\",\"valueRequired\":true,\"valueName\":\"search_term_string\"}}],\"inLanguage\":\"de\"},{\"@type\":\"Organization\",\"@id\":\"https:\/\/www.heartfailurematters.org\/de\/#organization\",\"name\":\"Heart Failure Matters\",\"url\":\"https:\/\/www.heartfailurematters.org\/de\/\",\"logo\":{\"@type\":\"ImageObject\",\"inLanguage\":\"de\",\"@id\":\"https:\/\/www.heartfailurematters.org\/de\/#\/schema\/logo\/image\/\",\"url\":\"https:\/\/cdn-endpoint-hfm.azureedge.net\/heartfailurematters\/2024\/07\/hfm-logo1.jpg\",\"contentUrl\":\"https:\/\/cdn-endpoint-hfm.azureedge.net\/heartfailurematters\/2024\/07\/hfm-logo1.jpg\",\"width\":1280,\"height\":720,\"caption\":\"Heart Failure Matters\"},\"image\":{\"@id\":\"https:\/\/www.heartfailurematters.org\/de\/#\/schema\/logo\/image\/\"},\"sameAs\":[\"https:\/\/www.facebook.com\/heartfailurematters\"]}]}<\/script>\n<!-- \/ Yoast SEO plugin. -->","yoast_head_json":{"title":"Aktivit\u00e4t und k\u00f6rperliches Training bei Herzinsuffizienz","description":"Leichte k\u00f6rperliche Aktivit\u00e4t wirkt sich bei den meisten Menschen mit Herzinsuffizienz vorteilhaft aus. K\u00f6rperliches Training kann zu einem besseren Allgemeinbefinden beitragen.","robots":{"index":"index","follow":"follow","max-snippet":"max-snippet:-1","max-image-preview":"max-image-preview:large","max-video-preview":"max-video-preview:-1"},"canonical":"https:\/\/www.heartfailurematters.org\/de\/das-koennen-sie-tun\/aktivitaet-und-koerperliches-training\/","og_locale":"de_DE","og_type":"article","og_title":"Aktivit\u00e4t und k\u00f6rperliches Training bei Herzinsuffizienz","og_description":"Leichte k\u00f6rperliche Aktivit\u00e4t wirkt sich bei den meisten Menschen mit Herzinsuffizienz vorteilhaft aus. K\u00f6rperliches Training kann zu einem besseren Allgemeinbefinden beitragen.","og_url":"https:\/\/www.heartfailurematters.org\/de\/das-koennen-sie-tun\/aktivitaet-und-koerperliches-training\/","og_site_name":"Heart Failure Matters","article_publisher":"https:\/\/www.facebook.com\/heartfailurematters","og_image":[{"width":900,"height":601,"url":"https:\/\/www.heartfailurematters.org\/wp-content\/uploads\/2022\/03\/shutterstock_1215825016-1-min.jpg","type":"image\/jpeg"}],"twitter_card":"summary_large_image","twitter_misc":{"Gesch\u00e4tzte Lesezeit":"3\u00a0Minuten"},"schema":{"@context":"https:\/\/schema.org","@graph":[{"@type":"WebPage","@id":"https:\/\/www.heartfailurematters.org\/de\/das-koennen-sie-tun\/aktivitaet-und-koerperliches-training\/","url":"https:\/\/www.heartfailurematters.org\/de\/das-koennen-sie-tun\/aktivitaet-und-koerperliches-training\/","name":"Aktivit\u00e4t und k\u00f6rperliches Training bei Herzinsuffizienz","isPartOf":{"@id":"https:\/\/www.heartfailurematters.org\/de\/#website"},"primaryImageOfPage":{"@id":"https:\/\/www.heartfailurematters.org\/de\/das-koennen-sie-tun\/aktivitaet-und-koerperliches-training\/#primaryimage"},"image":{"@id":"https:\/\/www.heartfailurematters.org\/de\/das-koennen-sie-tun\/aktivitaet-und-koerperliches-training\/#primaryimage"},"thumbnailUrl":"https:\/\/www.heartfailurematters.org\/wp-content\/uploads\/2022\/03\/shutterstock_1215825016-1-min.jpg","datePublished":"2021-01-27T22:00:18+00:00","description":"Leichte k\u00f6rperliche Aktivit\u00e4t wirkt sich bei den meisten Menschen mit Herzinsuffizienz vorteilhaft aus. K\u00f6rperliches Training kann zu einem besseren Allgemeinbefinden beitragen.","breadcrumb":{"@id":"https:\/\/www.heartfailurematters.org\/de\/das-koennen-sie-tun\/aktivitaet-und-koerperliches-training\/#breadcrumb"},"inLanguage":"de","potentialAction":[{"@type":"ReadAction","target":["https:\/\/www.heartfailurematters.org\/de\/das-koennen-sie-tun\/aktivitaet-und-koerperliches-training\/"]}]},{"@type":"ImageObject","inLanguage":"de","@id":"https:\/\/www.heartfailurematters.org\/de\/das-koennen-sie-tun\/aktivitaet-und-koerperliches-training\/#primaryimage","url":"https:\/\/www.heartfailurematters.org\/wp-content\/uploads\/2022\/03\/shutterstock_1215825016-1-min.jpg","contentUrl":"https:\/\/www.heartfailurematters.org\/wp-content\/uploads\/2022\/03\/shutterstock_1215825016-1-min.jpg","width":900,"height":601},{"@type":"BreadcrumbList","@id":"https:\/\/www.heartfailurematters.org\/de\/das-koennen-sie-tun\/aktivitaet-und-koerperliches-training\/#breadcrumb","itemListElement":[{"@type":"ListItem","position":1,"name":"Startseite","item":"https:\/\/www.heartfailurematters.org\/de\/"},{"@type":"ListItem","position":2,"name":"Das k\u00f6nnen Sie tun","item":"https:\/\/www.heartfailurematters.org\/de\/das-koennen-sie-tun\/"},{"@type":"ListItem","position":3,"name":"Aktivit\u00e4t und k\u00f6rperliches Training"}]},{"@type":"WebSite","@id":"https:\/\/www.heartfailurematters.org\/de\/#website","url":"https:\/\/www.heartfailurematters.org\/de\/","name":"Heart Failure Matters","description":"Practical information for patients, families and caregivers.","publisher":{"@id":"https:\/\/www.heartfailurematters.org\/de\/#organization"},"potentialAction":[{"@type":"SearchAction","target":{"@type":"EntryPoint","urlTemplate":"https:\/\/www.heartfailurematters.org\/de\/?s={search_term_string}"},"query-input":{"@type":"PropertyValueSpecification","valueRequired":true,"valueName":"search_term_string"}}],"inLanguage":"de"},{"@type":"Organization","@id":"https:\/\/www.heartfailurematters.org\/de\/#organization","name":"Heart Failure Matters","url":"https:\/\/www.heartfailurematters.org\/de\/","logo":{"@type":"ImageObject","inLanguage":"de","@id":"https:\/\/www.heartfailurematters.org\/de\/#\/schema\/logo\/image\/","url":"https:\/\/cdn-endpoint-hfm.azureedge.net\/heartfailurematters\/2024\/07\/hfm-logo1.jpg","contentUrl":"https:\/\/cdn-endpoint-hfm.azureedge.net\/heartfailurematters\/2024\/07\/hfm-logo1.jpg","width":1280,"height":720,"caption":"Heart Failure Matters"},"image":{"@id":"https:\/\/www.heartfailurematters.org\/de\/#\/schema\/logo\/image\/"},"sameAs":["https:\/\/www.facebook.com\/heartfailurematters"]}]}},"_links":{"self":[{"href":"https:\/\/www.heartfailurematters.org\/de\/wp-json\/wp\/v2\/pages\/1381","targetHints":{"allow":["GET"]}}],"collection":[{"href":"https:\/\/www.heartfailurematters.org\/de\/wp-json\/wp\/v2\/pages"}],"about":[{"href":"https:\/\/www.heartfailurematters.org\/de\/wp-json\/wp\/v2\/types\/page"}],"author":[{"embeddable":true,"href":"https:\/\/www.heartfailurematters.org\/de\/wp-json\/wp\/v2\/users\/1"}],"replies":[{"embeddable":true,"href":"https:\/\/www.heartfailurematters.org\/de\/wp-json\/wp\/v2\/comments?post=1381"}],"version-history":[{"count":0,"href":"https:\/\/www.heartfailurematters.org\/de\/wp-json\/wp\/v2\/pages\/1381\/revisions"}],"up":[{"embeddable":true,"href":"https:\/\/www.heartfailurematters.org\/de\/wp-json\/wp\/v2\/pages\/2716"}],"wp:featuredmedia":[{"embeddable":true,"href":"https:\/\/www.heartfailurematters.org\/de\/wp-json\/wp\/v2\/media\/10985"}],"wp:attachment":[{"href":"https:\/\/www.heartfailurematters.org\/de\/wp-json\/wp\/v2\/media?parent=1381"}],"wp:term":[{"taxonomy":"category","embeddable":true,"href":"https:\/\/www.heartfailurematters.org\/de\/wp-json\/wp\/v2\/categories?post=1381"},{"taxonomy":"post_tag","embeddable":true,"href":"https:\/\/www.heartfailurematters.org\/de\/wp-json\/wp\/v2\/tags?post=1381"}],"curies":[{"name":"wp","href":"https:\/\/api.w.org\/{rel}","templated":true}]}}