{"id":1374,"date":"2021-01-27T22:00:12","date_gmt":"2021-01-27T22:00:12","guid":{"rendered":"http:\/\/heartfailurematters.local:8888\/koronare-bypassoperation-cabg\/"},"modified":"2021-01-27T22:00:12","modified_gmt":"2021-01-27T22:00:12","slug":"koronare-bypassoperation-cabg","status":"publish","type":"page","link":"https:\/\/www.heartfailurematters.org\/de\/das-koennen-ihr-arzt-oder-pflegepersonal-tun\/koronare-bypassoperation-cabg\/","title":{"rendered":"Koronare Bypassoperation (CABG)"},"content":{"rendered":"<h2>Warum wird sie durchgef\u00fchrt?<\/h2>\n<p>Wenn sich eine Ihrer <a title=\"Koronararterien: Blutgef\u00e4\u00dfe, die den Herzmuskel mit Blut versorgen\" class=\"addtooltip\" href=\"#\"><strong>Koronararterien<\/strong><\/a>, die den Herzmuskel mit Blut versorgen, durch Ablagerungen von Cholesterin (<a title=\"Plaque: die Ablagerung von Cholesterin, Fettverbindungen, Kalzium und Blutgerinnungsstoffen in der Wand einer Arterie\" class=\"addtooltip\" href=\"#\"><strong>Plaque<\/strong><\/a>), verschlie\u00dft, wird die Durchblutung gest\u00f6rt, was zu einer <a title=\"Angina: Schmerzen oder Beschwerden in der Brust als Folge einer verminderten Durchblutung eines Teils des Herzmuskels, die meist durch eine koronare Herzkrankheit verursacht wird.\" class=\"addtooltip\" href=\"#\"><strong>Angina <\/strong><\/a>oder einem <a title=\"Herzinfarkt: Sch\u00e4den, die im Herzmuskel entstehen, wenn eine Koronararterie blockiert wird und der Blutfluss zu einem Teil des Muskels stark reduziert oder gestoppt wird.\" class=\"addtooltip\" href=\"#\"><strong>Herzanfall<\/strong><\/a>. f\u00fchren kann. Dies wiederum kann zu einem Fortschreiten Ihrer Herzinsuffizienz f\u00fchren. Durch eine <a title=\"Koronararterien-Bypass-Operation (CABG) ein chirurgisches Verfahren zur Umleitung des Blutflusses um eine Blockade in einer Koronararterie, bei dem ein Blutgef\u00e4\u00df aus dem Bein oder der Brustwand entnommen und auf die erkrankte Arterie \u00fcber und unter der Blockade aufgepfropft wird.\" class=\"addtooltip\" href=\"#\"><strong>koronare Bypassoperation <\/strong><\/a>wird eine Umgehung (Bypass) um diesen blockierten Arterienabschnitt angelegt, so dass Ihr Herz wieder normal funktionieren kann.<\/p>\n<h2>Was ist damit verbunden?<\/h2>\n<p>W\u00e4hrend der Operation werden Sie gew\u00f6hnlich an eine Herz-Lungen-Maschine angeschlossen, die das Gehirn und den K\u00f6rper mit Blut versorgt, w\u00e4hrend Chirurgen gesunde Blutgef\u00e4\u00dfe aus einem anderen Teil des K\u00f6rpers wie dem Bein oder der Brustwand entnehmen, und operativ diese Gewebetransplantate (Grafts) an das\/die verschlossene(n) Gef\u00e4\u00df(e) anschlie\u00dfen, so dass das Blut um den verstopften Abschnitt herumgeleitet werden kann.<\/p>\n<p>Die Operation dauert gew\u00f6hnlich 3 Stunden, kann aber auch mehr Zeit in Anspruch nehmen, je nachdem wie viele Gewebetransplantate ben\u00f6tigt werden.<\/p>\n<h2>Fragen, die Sie Ihrem Arzt stellen sollten<\/h2>\n<ul>\n<li>Mit welchen Risiken ist diese Operation verbunden?<\/li>\n<li>Muss vor der Operation ein <a title=\"Angiographie: ein Test unter Verwendung einer Injektion eines fl\u00fcssigen Farbstoffs, der bei einer R\u00f6ntgenuntersuchung sichtbar ist. Auf diese Weise werden  Verstopfungen in Ihren Koronararterien  identifiziert.\" class=\"addtooltip\" href=\"#\"><strong>Angiogramm <\/strong><\/a>erstellt werden?<\/li>\n<li>Muss ich nach einer koronaren Bypassoperation eine spezielle Di\u00e4t halten?<\/li>\n<li>Wie lange wird es dauern, bis ich mich erholt habe?<\/li>\n<li>Was f\u00fcr eine Narbe wird zur\u00fcckbleiben?<\/li>\n<li>In welchem Ausma\u00df darf ich nach dem Eingriff k\u00f6rperlich aktiv sein?<\/li>\n<li>Welche Medikamente werde ich nach dem Eingriff einnehmen m\u00fcssen? ?<\/li>\n<\/ul>\n<p><a href=\"https:\/\/www.heartfailurematters.org\/de\/das-koennen-ihr-arzt-oder-pflegepersonal-tun\/operativer-eingriff\/\">Zur\u00fcck zu \u201cOperative Eingriffe\u201d<\/a><\/p>\n","protected":false},"excerpt":{"rendered":"<p>Warum wird sie durchgef\u00fchrt? Wenn sich eine Ihrer Koronararterien, die den Herzmuskel mit Blut versorgen, durch Ablagerungen von Cholesterin (Plaque), verschlie\u00dft, wird die Durchblutung gest\u00f6rt, was zu einer Angina oder einem Herzanfall. f\u00fchren kann. Dies wiederum kann zu einem Fortschreiten Ihrer Herzinsuffizienz f\u00fchren. Durch eine koronare Bypassoperation wird eine Umgehung (Bypass) um diesen blockierten Arterienabschnitt [&hellip;]<\/p>\n","protected":false},"author":1,"featured_media":10934,"parent":2680,"menu_order":0,"comment_status":"open","ping_status":"open","template":"","meta":{"_acf_changed":false,"footnotes":""},"categories":[],"tags":[],"class_list":["post-1374","page","type-page","status-publish","has-post-thumbnail","hentry"],"acf":[],"yoast_head":"<!-- This site is optimized with the Yoast SEO plugin v24.8.1 - https:\/\/yoast.com\/wordpress\/plugins\/seo\/ -->\n<title>Koronare Bypassoperation (CABG)<\/title>\n<meta name=\"description\" content=\"Ein Koronararterien-Bypass-Transplantat leitet Ihre Blutversorgung um blockierte Arterienabschnitte herum, sodass Ihr Herz normal funktionieren kann.\" \/>\n<meta name=\"robots\" content=\"index, follow, max-snippet:-1, max-image-preview:large, max-video-preview:-1\" \/>\n<link rel=\"canonical\" href=\"https:\/\/www.heartfailurematters.org\/de\/das-koennen-ihr-arzt-oder-pflegepersonal-tun\/koronare-bypassoperation-cabg\/\" \/>\n<meta property=\"og:locale\" content=\"de_DE\" \/>\n<meta property=\"og:type\" content=\"article\" \/>\n<meta property=\"og:title\" content=\"Koronare Bypassoperation (CABG)\" \/>\n<meta property=\"og:description\" content=\"Ein Koronararterien-Bypass-Transplantat leitet Ihre Blutversorgung um blockierte Arterienabschnitte herum, sodass Ihr Herz normal funktionieren kann.\" \/>\n<meta property=\"og:url\" content=\"https:\/\/www.heartfailurematters.org\/de\/das-koennen-ihr-arzt-oder-pflegepersonal-tun\/koronare-bypassoperation-cabg\/\" \/>\n<meta property=\"og:site_name\" content=\"Heart Failure Matters\" \/>\n<meta property=\"article:publisher\" content=\"https:\/\/www.facebook.com\/heartfailurematters\" \/>\n<meta property=\"og:image\" content=\"https:\/\/www.heartfailurematters.org\/wp-content\/uploads\/2022\/03\/shutterstock_2073525971-1-min.jpg\" \/>\n\t<meta property=\"og:image:width\" content=\"900\" \/>\n\t<meta property=\"og:image:height\" content=\"559\" \/>\n\t<meta property=\"og:image:type\" content=\"image\/jpeg\" \/>\n<meta name=\"twitter:card\" content=\"summary_large_image\" \/>\n<meta name=\"twitter:label1\" content=\"Gesch\u00e4tzte Lesezeit\" \/>\n\t<meta name=\"twitter:data1\" content=\"1\u00a0Minute\" \/>\n<script type=\"application\/ld+json\" class=\"yoast-schema-graph\">{\"@context\":\"https:\/\/schema.org\",\"@graph\":[{\"@type\":\"WebPage\",\"@id\":\"https:\/\/www.heartfailurematters.org\/de\/das-koennen-ihr-arzt-oder-pflegepersonal-tun\/koronare-bypassoperation-cabg\/\",\"url\":\"https:\/\/www.heartfailurematters.org\/de\/das-koennen-ihr-arzt-oder-pflegepersonal-tun\/koronare-bypassoperation-cabg\/\",\"name\":\"Koronare Bypassoperation (CABG)\",\"isPartOf\":{\"@id\":\"https:\/\/www.heartfailurematters.org\/de\/#website\"},\"primaryImageOfPage\":{\"@id\":\"https:\/\/www.heartfailurematters.org\/de\/das-koennen-ihr-arzt-oder-pflegepersonal-tun\/koronare-bypassoperation-cabg\/#primaryimage\"},\"image\":{\"@id\":\"https:\/\/www.heartfailurematters.org\/de\/das-koennen-ihr-arzt-oder-pflegepersonal-tun\/koronare-bypassoperation-cabg\/#primaryimage\"},\"thumbnailUrl\":\"https:\/\/www.heartfailurematters.org\/wp-content\/uploads\/2022\/03\/shutterstock_2073525971-1-min.jpg\",\"datePublished\":\"2021-01-27T22:00:12+00:00\",\"description\":\"Ein Koronararterien-Bypass-Transplantat leitet Ihre Blutversorgung um blockierte Arterienabschnitte herum, sodass Ihr Herz normal funktionieren kann.\",\"breadcrumb\":{\"@id\":\"https:\/\/www.heartfailurematters.org\/de\/das-koennen-ihr-arzt-oder-pflegepersonal-tun\/koronare-bypassoperation-cabg\/#breadcrumb\"},\"inLanguage\":\"de\",\"potentialAction\":[{\"@type\":\"ReadAction\",\"target\":[\"https:\/\/www.heartfailurematters.org\/de\/das-koennen-ihr-arzt-oder-pflegepersonal-tun\/koronare-bypassoperation-cabg\/\"]}]},{\"@type\":\"ImageObject\",\"inLanguage\":\"de\",\"@id\":\"https:\/\/www.heartfailurematters.org\/de\/das-koennen-ihr-arzt-oder-pflegepersonal-tun\/koronare-bypassoperation-cabg\/#primaryimage\",\"url\":\"https:\/\/www.heartfailurematters.org\/wp-content\/uploads\/2022\/03\/shutterstock_2073525971-1-min.jpg\",\"contentUrl\":\"https:\/\/www.heartfailurematters.org\/wp-content\/uploads\/2022\/03\/shutterstock_2073525971-1-min.jpg\",\"width\":900,\"height\":559},{\"@type\":\"BreadcrumbList\",\"@id\":\"https:\/\/www.heartfailurematters.org\/de\/das-koennen-ihr-arzt-oder-pflegepersonal-tun\/koronare-bypassoperation-cabg\/#breadcrumb\",\"itemListElement\":[{\"@type\":\"ListItem\",\"position\":1,\"name\":\"Startseite\",\"item\":\"https:\/\/www.heartfailurematters.org\/de\/\"},{\"@type\":\"ListItem\",\"position\":2,\"name\":\"Das kann Ihr Arzt tun\",\"item\":\"https:\/\/www.heartfailurematters.org\/de\/das-koennen-ihr-arzt-oder-pflegepersonal-tun\/\"},{\"@type\":\"ListItem\",\"position\":3,\"name\":\"Koronare Bypassoperation (CABG)\"}]},{\"@type\":\"WebSite\",\"@id\":\"https:\/\/www.heartfailurematters.org\/de\/#website\",\"url\":\"https:\/\/www.heartfailurematters.org\/de\/\",\"name\":\"Heart Failure Matters\",\"description\":\"Practical information for patients, families and caregivers.\",\"publisher\":{\"@id\":\"https:\/\/www.heartfailurematters.org\/de\/#organization\"},\"potentialAction\":[{\"@type\":\"SearchAction\",\"target\":{\"@type\":\"EntryPoint\",\"urlTemplate\":\"https:\/\/www.heartfailurematters.org\/de\/?s={search_term_string}\"},\"query-input\":{\"@type\":\"PropertyValueSpecification\",\"valueRequired\":true,\"valueName\":\"search_term_string\"}}],\"inLanguage\":\"de\"},{\"@type\":\"Organization\",\"@id\":\"https:\/\/www.heartfailurematters.org\/de\/#organization\",\"name\":\"Heart Failure Matters\",\"url\":\"https:\/\/www.heartfailurematters.org\/de\/\",\"logo\":{\"@type\":\"ImageObject\",\"inLanguage\":\"de\",\"@id\":\"https:\/\/www.heartfailurematters.org\/de\/#\/schema\/logo\/image\/\",\"url\":\"https:\/\/cdn-endpoint-hfm.azureedge.net\/heartfailurematters\/2024\/07\/hfm-logo1.jpg\",\"contentUrl\":\"https:\/\/cdn-endpoint-hfm.azureedge.net\/heartfailurematters\/2024\/07\/hfm-logo1.jpg\",\"width\":1280,\"height\":720,\"caption\":\"Heart Failure Matters\"},\"image\":{\"@id\":\"https:\/\/www.heartfailurematters.org\/de\/#\/schema\/logo\/image\/\"},\"sameAs\":[\"https:\/\/www.facebook.com\/heartfailurematters\"]}]}<\/script>\n<!-- \/ Yoast SEO plugin. -->","yoast_head_json":{"title":"Koronare Bypassoperation (CABG)","description":"Ein Koronararterien-Bypass-Transplantat leitet Ihre Blutversorgung um blockierte Arterienabschnitte herum, sodass Ihr Herz normal funktionieren kann.","robots":{"index":"index","follow":"follow","max-snippet":"max-snippet:-1","max-image-preview":"max-image-preview:large","max-video-preview":"max-video-preview:-1"},"canonical":"https:\/\/www.heartfailurematters.org\/de\/das-koennen-ihr-arzt-oder-pflegepersonal-tun\/koronare-bypassoperation-cabg\/","og_locale":"de_DE","og_type":"article","og_title":"Koronare Bypassoperation (CABG)","og_description":"Ein Koronararterien-Bypass-Transplantat leitet Ihre Blutversorgung um blockierte Arterienabschnitte herum, sodass Ihr Herz normal funktionieren kann.","og_url":"https:\/\/www.heartfailurematters.org\/de\/das-koennen-ihr-arzt-oder-pflegepersonal-tun\/koronare-bypassoperation-cabg\/","og_site_name":"Heart Failure Matters","article_publisher":"https:\/\/www.facebook.com\/heartfailurematters","og_image":[{"width":900,"height":559,"url":"https:\/\/www.heartfailurematters.org\/wp-content\/uploads\/2022\/03\/shutterstock_2073525971-1-min.jpg","type":"image\/jpeg"}],"twitter_card":"summary_large_image","twitter_misc":{"Gesch\u00e4tzte Lesezeit":"1\u00a0Minute"},"schema":{"@context":"https:\/\/schema.org","@graph":[{"@type":"WebPage","@id":"https:\/\/www.heartfailurematters.org\/de\/das-koennen-ihr-arzt-oder-pflegepersonal-tun\/koronare-bypassoperation-cabg\/","url":"https:\/\/www.heartfailurematters.org\/de\/das-koennen-ihr-arzt-oder-pflegepersonal-tun\/koronare-bypassoperation-cabg\/","name":"Koronare Bypassoperation (CABG)","isPartOf":{"@id":"https:\/\/www.heartfailurematters.org\/de\/#website"},"primaryImageOfPage":{"@id":"https:\/\/www.heartfailurematters.org\/de\/das-koennen-ihr-arzt-oder-pflegepersonal-tun\/koronare-bypassoperation-cabg\/#primaryimage"},"image":{"@id":"https:\/\/www.heartfailurematters.org\/de\/das-koennen-ihr-arzt-oder-pflegepersonal-tun\/koronare-bypassoperation-cabg\/#primaryimage"},"thumbnailUrl":"https:\/\/www.heartfailurematters.org\/wp-content\/uploads\/2022\/03\/shutterstock_2073525971-1-min.jpg","datePublished":"2021-01-27T22:00:12+00:00","description":"Ein Koronararterien-Bypass-Transplantat leitet Ihre Blutversorgung um blockierte Arterienabschnitte herum, sodass Ihr Herz normal funktionieren kann.","breadcrumb":{"@id":"https:\/\/www.heartfailurematters.org\/de\/das-koennen-ihr-arzt-oder-pflegepersonal-tun\/koronare-bypassoperation-cabg\/#breadcrumb"},"inLanguage":"de","potentialAction":[{"@type":"ReadAction","target":["https:\/\/www.heartfailurematters.org\/de\/das-koennen-ihr-arzt-oder-pflegepersonal-tun\/koronare-bypassoperation-cabg\/"]}]},{"@type":"ImageObject","inLanguage":"de","@id":"https:\/\/www.heartfailurematters.org\/de\/das-koennen-ihr-arzt-oder-pflegepersonal-tun\/koronare-bypassoperation-cabg\/#primaryimage","url":"https:\/\/www.heartfailurematters.org\/wp-content\/uploads\/2022\/03\/shutterstock_2073525971-1-min.jpg","contentUrl":"https:\/\/www.heartfailurematters.org\/wp-content\/uploads\/2022\/03\/shutterstock_2073525971-1-min.jpg","width":900,"height":559},{"@type":"BreadcrumbList","@id":"https:\/\/www.heartfailurematters.org\/de\/das-koennen-ihr-arzt-oder-pflegepersonal-tun\/koronare-bypassoperation-cabg\/#breadcrumb","itemListElement":[{"@type":"ListItem","position":1,"name":"Startseite","item":"https:\/\/www.heartfailurematters.org\/de\/"},{"@type":"ListItem","position":2,"name":"Das kann Ihr Arzt tun","item":"https:\/\/www.heartfailurematters.org\/de\/das-koennen-ihr-arzt-oder-pflegepersonal-tun\/"},{"@type":"ListItem","position":3,"name":"Koronare Bypassoperation (CABG)"}]},{"@type":"WebSite","@id":"https:\/\/www.heartfailurematters.org\/de\/#website","url":"https:\/\/www.heartfailurematters.org\/de\/","name":"Heart Failure Matters","description":"Practical information for patients, families and caregivers.","publisher":{"@id":"https:\/\/www.heartfailurematters.org\/de\/#organization"},"potentialAction":[{"@type":"SearchAction","target":{"@type":"EntryPoint","urlTemplate":"https:\/\/www.heartfailurematters.org\/de\/?s={search_term_string}"},"query-input":{"@type":"PropertyValueSpecification","valueRequired":true,"valueName":"search_term_string"}}],"inLanguage":"de"},{"@type":"Organization","@id":"https:\/\/www.heartfailurematters.org\/de\/#organization","name":"Heart Failure Matters","url":"https:\/\/www.heartfailurematters.org\/de\/","logo":{"@type":"ImageObject","inLanguage":"de","@id":"https:\/\/www.heartfailurematters.org\/de\/#\/schema\/logo\/image\/","url":"https:\/\/cdn-endpoint-hfm.azureedge.net\/heartfailurematters\/2024\/07\/hfm-logo1.jpg","contentUrl":"https:\/\/cdn-endpoint-hfm.azureedge.net\/heartfailurematters\/2024\/07\/hfm-logo1.jpg","width":1280,"height":720,"caption":"Heart Failure Matters"},"image":{"@id":"https:\/\/www.heartfailurematters.org\/de\/#\/schema\/logo\/image\/"},"sameAs":["https:\/\/www.facebook.com\/heartfailurematters"]}]}},"_links":{"self":[{"href":"https:\/\/www.heartfailurematters.org\/de\/wp-json\/wp\/v2\/pages\/1374","targetHints":{"allow":["GET"]}}],"collection":[{"href":"https:\/\/www.heartfailurematters.org\/de\/wp-json\/wp\/v2\/pages"}],"about":[{"href":"https:\/\/www.heartfailurematters.org\/de\/wp-json\/wp\/v2\/types\/page"}],"author":[{"embeddable":true,"href":"https:\/\/www.heartfailurematters.org\/de\/wp-json\/wp\/v2\/users\/1"}],"replies":[{"embeddable":true,"href":"https:\/\/www.heartfailurematters.org\/de\/wp-json\/wp\/v2\/comments?post=1374"}],"version-history":[{"count":0,"href":"https:\/\/www.heartfailurematters.org\/de\/wp-json\/wp\/v2\/pages\/1374\/revisions"}],"up":[{"embeddable":true,"href":"https:\/\/www.heartfailurematters.org\/de\/wp-json\/wp\/v2\/pages\/2680"}],"wp:featuredmedia":[{"embeddable":true,"href":"https:\/\/www.heartfailurematters.org\/de\/wp-json\/wp\/v2\/media\/10934"}],"wp:attachment":[{"href":"https:\/\/www.heartfailurematters.org\/de\/wp-json\/wp\/v2\/media?parent=1374"}],"wp:term":[{"taxonomy":"category","embeddable":true,"href":"https:\/\/www.heartfailurematters.org\/de\/wp-json\/wp\/v2\/categories?post=1374"},{"taxonomy":"post_tag","embeddable":true,"href":"https:\/\/www.heartfailurematters.org\/de\/wp-json\/wp\/v2\/tags?post=1374"}],"curies":[{"name":"wp","href":"https:\/\/api.w.org\/{rel}","templated":true}]}}