{"id":1373,"date":"2021-01-27T22:00:12","date_gmt":"2021-01-27T22:00:12","guid":{"rendered":"http:\/\/heartfailurematters.local:8888\/emotionale-unterstuetzung\/"},"modified":"2021-01-27T22:00:12","modified_gmt":"2021-01-27T22:00:12","slug":"emotionale-unterstuetzung","status":"publish","type":"page","link":"https:\/\/www.heartfailurematters.org\/de\/fuer-pflegende-angehoerige\/emotionale-unterstuetzung\/","title":{"rendered":"Emotionale Unterst\u00fctzung"},"content":{"rendered":"<p>Abgesehen von der praktischen Unterst\u00fctzung, die Sie Ihrem Partner oder Angeh\u00f6rigen in der Behandlung der Herzinsuffizienz zukommen lassen, ist auch die emotionale Unterst\u00fctzung extrem wichtig, da der Betroffene wahrscheinlich eine Vielzahl von Gef\u00fchlen bew\u00e4ltigen muss.Als Pflegeperson k\u00f6nnen Sie emotionale Unterst\u00fctzung leisten: <\/p>\n<ul>\n<li>indem Sie Ihren Partner oder Angeh\u00f6rigen darin best\u00e4rken, dass Ver\u00e4nderungen Zeit brauchen. Es ist ganz normal, dass die Umstellung von eingefahrenen Gewohnheiten f\u00fcr jeden schwierig ist. Ihr Partner oder Angeh\u00f6riger wird es zu sch\u00e4tzen wissen, wenn Sie seine\/ihre Sorgen anh\u00f6ren und positiv eingestellt bleiben, auch wenn der Betroffene den Empfehlungen des Arztes nicht sofort komplett nachkommt. Ermutigen Sie den Betroffenen und loben Sie ihn\/sie f\u00fcr jede neue gute Gewohnheit und Fortschritte und verurteilen Sie Ihren Partner oder Angeh\u00f6rigen nicht gleich, wenn er\/sie gelegentlich in alte Gewohnheiten zur\u00fcckf\u00e4llt. Unterst\u00fctzen Sie ihn\/sie vielmehr darin, schnell wieder auf den richtigen Weg zur\u00fcckzufinden. <\/li>\n<li>indem Sie Ihrem Partner oder Angeh\u00f6rigen vorschlagen, sich einer Hilfsvereinigung f\u00fcr Menschen mit Herzinsuffizienz anzuschlie\u00dfen, um Unterst\u00fctzung von Menschen zu erhalten, die sich in einer \u00e4hnlichen Situation befinden. Vielleicht m\u00f6chten Sie ihn\/sie dahin begleiten, allerdings wird diese Erfahrung wahrscheinlich dann am meisten bringen, wenn der Betroffene sich selbst dazu entscheidet. <\/li>\n<\/ul>\n<p>indem Sie Verst\u00e4ndnis daf\u00fcr haben, dass zwischen Ihnen anfangs ein gewisser Verlust von k\u00f6rperlicher Intimit\u00e4t eintritt. Die Diagnose Herzinsuffizienz bedeutet h\u00e4ufig die Beendigung oder Einschr\u00e4nkung &nbsp;<a title=\"\" href=\"https:\/\/www.heartfailurematters.org\/de\/das-koennen-sie-tun\/sex-und-herzinsuffizienz\/\"\">sexueller Aktivit\u00e4t<\/a>,\u00a0bis die Erkrankung unter Kontrolle ist. <\/p>\n<p><a title=\"\" href=\"https:\/\/www.heartfailurematters.org\/de\/fuer-pflegende-angehoerige\/rollenverstaendnis\/\"\">Zur\u00fcck zu \u201cRollenverst\u00e4ndnis\u201d<\/a><\/p>\n","protected":false},"excerpt":{"rendered":"<p>Abgesehen von der praktischen Unterst\u00fctzung, die Sie Ihrem Partner oder Angeh\u00f6rigen in der Behandlung der Herzinsuffizienz zukommen lassen, ist auch die emotionale Unterst\u00fctzung extrem wichtig, da der Betroffene wahrscheinlich eine Vielzahl von Gef\u00fchlen bew\u00e4ltigen muss.Als Pflegeperson k\u00f6nnen Sie emotionale Unterst\u00fctzung leisten: indem Sie Ihren Partner oder Angeh\u00f6rigen darin best\u00e4rken, dass Ver\u00e4nderungen Zeit brauchen. Es ist [&hellip;]<\/p>\n","protected":false},"author":1,"featured_media":11144,"parent":2842,"menu_order":0,"comment_status":"open","ping_status":"open","template":"","meta":{"_acf_changed":false,"footnotes":""},"categories":[],"tags":[],"class_list":["post-1373","page","type-page","status-publish","has-post-thumbnail","hentry"],"acf":[],"yoast_head":"<!-- This site is optimized with the Yoast SEO plugin v24.8.1 - https:\/\/yoast.com\/wordpress\/plugins\/seo\/ -->\n<title>Emotionale Unterst\u00fctzung<\/title>\n<meta name=\"description\" content=\"Neben der Unterst\u00fctzung Ihres Partners oder Familienmitglieds in praktischen Belangen im Zusammenhang mit Herzinsuffizienz ist auch die emotionale Unterst\u00fctzung \u00e4u\u00dferst wichtig, da bei den Patienten viele verschiedene, oft schwer zu bew\u00e4ltigende Gef\u00fchle und Reaktionen auftreten k\u00f6nnen.\" \/>\n<meta name=\"robots\" content=\"index, follow, max-snippet:-1, max-image-preview:large, max-video-preview:-1\" \/>\n<link rel=\"canonical\" href=\"https:\/\/www.heartfailurematters.org\/de\/fuer-pflegende-angehoerige\/emotionale-unterstuetzung\/\" \/>\n<meta property=\"og:locale\" content=\"de_DE\" \/>\n<meta property=\"og:type\" content=\"article\" \/>\n<meta property=\"og:title\" content=\"Emotionale Unterst\u00fctzung\" \/>\n<meta property=\"og:description\" content=\"Neben der Unterst\u00fctzung Ihres Partners oder Familienmitglieds in praktischen Belangen im Zusammenhang mit Herzinsuffizienz ist auch die emotionale Unterst\u00fctzung \u00e4u\u00dferst wichtig, da bei den Patienten viele verschiedene, oft schwer zu bew\u00e4ltigende Gef\u00fchle und Reaktionen auftreten k\u00f6nnen.\" \/>\n<meta property=\"og:url\" content=\"https:\/\/www.heartfailurematters.org\/de\/fuer-pflegende-angehoerige\/emotionale-unterstuetzung\/\" \/>\n<meta property=\"og:site_name\" content=\"Heart Failure Matters\" \/>\n<meta property=\"article:publisher\" content=\"https:\/\/www.facebook.com\/heartfailurematters\" \/>\n<meta property=\"og:image\" content=\"https:\/\/www.heartfailurematters.org\/wp-content\/uploads\/2022\/03\/shutterstock_326634329-1-min.jpg\" \/>\n\t<meta property=\"og:image:width\" content=\"900\" \/>\n\t<meta property=\"og:image:height\" content=\"600\" \/>\n\t<meta property=\"og:image:type\" content=\"image\/jpeg\" \/>\n<meta name=\"twitter:card\" content=\"summary_large_image\" \/>\n<meta name=\"twitter:label1\" content=\"Gesch\u00e4tzte Lesezeit\" \/>\n\t<meta name=\"twitter:data1\" content=\"1\u00a0Minute\" \/>\n<script type=\"application\/ld+json\" class=\"yoast-schema-graph\">{\"@context\":\"https:\/\/schema.org\",\"@graph\":[{\"@type\":\"WebPage\",\"@id\":\"https:\/\/www.heartfailurematters.org\/de\/fuer-pflegende-angehoerige\/emotionale-unterstuetzung\/\",\"url\":\"https:\/\/www.heartfailurematters.org\/de\/fuer-pflegende-angehoerige\/emotionale-unterstuetzung\/\",\"name\":\"Emotionale Unterst\u00fctzung\",\"isPartOf\":{\"@id\":\"https:\/\/www.heartfailurematters.org\/de\/#website\"},\"primaryImageOfPage\":{\"@id\":\"https:\/\/www.heartfailurematters.org\/de\/fuer-pflegende-angehoerige\/emotionale-unterstuetzung\/#primaryimage\"},\"image\":{\"@id\":\"https:\/\/www.heartfailurematters.org\/de\/fuer-pflegende-angehoerige\/emotionale-unterstuetzung\/#primaryimage\"},\"thumbnailUrl\":\"https:\/\/www.heartfailurematters.org\/wp-content\/uploads\/2022\/03\/shutterstock_326634329-1-min.jpg\",\"datePublished\":\"2021-01-27T22:00:12+00:00\",\"description\":\"Neben der Unterst\u00fctzung Ihres Partners oder Familienmitglieds in praktischen Belangen im Zusammenhang mit Herzinsuffizienz ist auch die emotionale Unterst\u00fctzung \u00e4u\u00dferst wichtig, da bei den Patienten viele verschiedene, oft schwer zu bew\u00e4ltigende Gef\u00fchle und Reaktionen auftreten k\u00f6nnen.\",\"breadcrumb\":{\"@id\":\"https:\/\/www.heartfailurematters.org\/de\/fuer-pflegende-angehoerige\/emotionale-unterstuetzung\/#breadcrumb\"},\"inLanguage\":\"de\",\"potentialAction\":[{\"@type\":\"ReadAction\",\"target\":[\"https:\/\/www.heartfailurematters.org\/de\/fuer-pflegende-angehoerige\/emotionale-unterstuetzung\/\"]}]},{\"@type\":\"ImageObject\",\"inLanguage\":\"de\",\"@id\":\"https:\/\/www.heartfailurematters.org\/de\/fuer-pflegende-angehoerige\/emotionale-unterstuetzung\/#primaryimage\",\"url\":\"https:\/\/www.heartfailurematters.org\/wp-content\/uploads\/2022\/03\/shutterstock_326634329-1-min.jpg\",\"contentUrl\":\"https:\/\/www.heartfailurematters.org\/wp-content\/uploads\/2022\/03\/shutterstock_326634329-1-min.jpg\",\"width\":900,\"height\":600},{\"@type\":\"BreadcrumbList\",\"@id\":\"https:\/\/www.heartfailurematters.org\/de\/fuer-pflegende-angehoerige\/emotionale-unterstuetzung\/#breadcrumb\",\"itemListElement\":[{\"@type\":\"ListItem\",\"position\":1,\"name\":\"Startseite\",\"item\":\"https:\/\/www.heartfailurematters.org\/de\/\"},{\"@type\":\"ListItem\",\"position\":2,\"name\":\"F\u00fcr Betreuer\",\"item\":\"https:\/\/www.heartfailurematters.org\/de\/fuer-pflegende-angehoerige\/\"},{\"@type\":\"ListItem\",\"position\":3,\"name\":\"Emotionale Unterst\u00fctzung\"}]},{\"@type\":\"WebSite\",\"@id\":\"https:\/\/www.heartfailurematters.org\/de\/#website\",\"url\":\"https:\/\/www.heartfailurematters.org\/de\/\",\"name\":\"Heart Failure Matters\",\"description\":\"Practical information for patients, families and caregivers.\",\"publisher\":{\"@id\":\"https:\/\/www.heartfailurematters.org\/de\/#organization\"},\"potentialAction\":[{\"@type\":\"SearchAction\",\"target\":{\"@type\":\"EntryPoint\",\"urlTemplate\":\"https:\/\/www.heartfailurematters.org\/de\/?s={search_term_string}\"},\"query-input\":{\"@type\":\"PropertyValueSpecification\",\"valueRequired\":true,\"valueName\":\"search_term_string\"}}],\"inLanguage\":\"de\"},{\"@type\":\"Organization\",\"@id\":\"https:\/\/www.heartfailurematters.org\/de\/#organization\",\"name\":\"Heart Failure Matters\",\"url\":\"https:\/\/www.heartfailurematters.org\/de\/\",\"logo\":{\"@type\":\"ImageObject\",\"inLanguage\":\"de\",\"@id\":\"https:\/\/www.heartfailurematters.org\/de\/#\/schema\/logo\/image\/\",\"url\":\"https:\/\/cdn-endpoint-hfm.azureedge.net\/heartfailurematters\/2024\/07\/hfm-logo1.jpg\",\"contentUrl\":\"https:\/\/cdn-endpoint-hfm.azureedge.net\/heartfailurematters\/2024\/07\/hfm-logo1.jpg\",\"width\":1280,\"height\":720,\"caption\":\"Heart Failure Matters\"},\"image\":{\"@id\":\"https:\/\/www.heartfailurematters.org\/de\/#\/schema\/logo\/image\/\"},\"sameAs\":[\"https:\/\/www.facebook.com\/heartfailurematters\"]}]}<\/script>\n<!-- \/ Yoast SEO plugin. -->","yoast_head_json":{"title":"Emotionale Unterst\u00fctzung","description":"Neben der Unterst\u00fctzung Ihres Partners oder Familienmitglieds in praktischen Belangen im Zusammenhang mit Herzinsuffizienz ist auch die emotionale Unterst\u00fctzung \u00e4u\u00dferst wichtig, da bei den Patienten viele verschiedene, oft schwer zu bew\u00e4ltigende Gef\u00fchle und Reaktionen auftreten k\u00f6nnen.","robots":{"index":"index","follow":"follow","max-snippet":"max-snippet:-1","max-image-preview":"max-image-preview:large","max-video-preview":"max-video-preview:-1"},"canonical":"https:\/\/www.heartfailurematters.org\/de\/fuer-pflegende-angehoerige\/emotionale-unterstuetzung\/","og_locale":"de_DE","og_type":"article","og_title":"Emotionale Unterst\u00fctzung","og_description":"Neben der Unterst\u00fctzung Ihres Partners oder Familienmitglieds in praktischen Belangen im Zusammenhang mit Herzinsuffizienz ist auch die emotionale Unterst\u00fctzung \u00e4u\u00dferst wichtig, da bei den Patienten viele verschiedene, oft schwer zu bew\u00e4ltigende Gef\u00fchle und Reaktionen auftreten k\u00f6nnen.","og_url":"https:\/\/www.heartfailurematters.org\/de\/fuer-pflegende-angehoerige\/emotionale-unterstuetzung\/","og_site_name":"Heart Failure Matters","article_publisher":"https:\/\/www.facebook.com\/heartfailurematters","og_image":[{"width":900,"height":600,"url":"https:\/\/www.heartfailurematters.org\/wp-content\/uploads\/2022\/03\/shutterstock_326634329-1-min.jpg","type":"image\/jpeg"}],"twitter_card":"summary_large_image","twitter_misc":{"Gesch\u00e4tzte Lesezeit":"1\u00a0Minute"},"schema":{"@context":"https:\/\/schema.org","@graph":[{"@type":"WebPage","@id":"https:\/\/www.heartfailurematters.org\/de\/fuer-pflegende-angehoerige\/emotionale-unterstuetzung\/","url":"https:\/\/www.heartfailurematters.org\/de\/fuer-pflegende-angehoerige\/emotionale-unterstuetzung\/","name":"Emotionale Unterst\u00fctzung","isPartOf":{"@id":"https:\/\/www.heartfailurematters.org\/de\/#website"},"primaryImageOfPage":{"@id":"https:\/\/www.heartfailurematters.org\/de\/fuer-pflegende-angehoerige\/emotionale-unterstuetzung\/#primaryimage"},"image":{"@id":"https:\/\/www.heartfailurematters.org\/de\/fuer-pflegende-angehoerige\/emotionale-unterstuetzung\/#primaryimage"},"thumbnailUrl":"https:\/\/www.heartfailurematters.org\/wp-content\/uploads\/2022\/03\/shutterstock_326634329-1-min.jpg","datePublished":"2021-01-27T22:00:12+00:00","description":"Neben der Unterst\u00fctzung Ihres Partners oder Familienmitglieds in praktischen Belangen im Zusammenhang mit Herzinsuffizienz ist auch die emotionale Unterst\u00fctzung \u00e4u\u00dferst wichtig, da bei den Patienten viele verschiedene, oft schwer zu bew\u00e4ltigende Gef\u00fchle und Reaktionen auftreten k\u00f6nnen.","breadcrumb":{"@id":"https:\/\/www.heartfailurematters.org\/de\/fuer-pflegende-angehoerige\/emotionale-unterstuetzung\/#breadcrumb"},"inLanguage":"de","potentialAction":[{"@type":"ReadAction","target":["https:\/\/www.heartfailurematters.org\/de\/fuer-pflegende-angehoerige\/emotionale-unterstuetzung\/"]}]},{"@type":"ImageObject","inLanguage":"de","@id":"https:\/\/www.heartfailurematters.org\/de\/fuer-pflegende-angehoerige\/emotionale-unterstuetzung\/#primaryimage","url":"https:\/\/www.heartfailurematters.org\/wp-content\/uploads\/2022\/03\/shutterstock_326634329-1-min.jpg","contentUrl":"https:\/\/www.heartfailurematters.org\/wp-content\/uploads\/2022\/03\/shutterstock_326634329-1-min.jpg","width":900,"height":600},{"@type":"BreadcrumbList","@id":"https:\/\/www.heartfailurematters.org\/de\/fuer-pflegende-angehoerige\/emotionale-unterstuetzung\/#breadcrumb","itemListElement":[{"@type":"ListItem","position":1,"name":"Startseite","item":"https:\/\/www.heartfailurematters.org\/de\/"},{"@type":"ListItem","position":2,"name":"F\u00fcr Betreuer","item":"https:\/\/www.heartfailurematters.org\/de\/fuer-pflegende-angehoerige\/"},{"@type":"ListItem","position":3,"name":"Emotionale Unterst\u00fctzung"}]},{"@type":"WebSite","@id":"https:\/\/www.heartfailurematters.org\/de\/#website","url":"https:\/\/www.heartfailurematters.org\/de\/","name":"Heart Failure Matters","description":"Practical information for patients, families and caregivers.","publisher":{"@id":"https:\/\/www.heartfailurematters.org\/de\/#organization"},"potentialAction":[{"@type":"SearchAction","target":{"@type":"EntryPoint","urlTemplate":"https:\/\/www.heartfailurematters.org\/de\/?s={search_term_string}"},"query-input":{"@type":"PropertyValueSpecification","valueRequired":true,"valueName":"search_term_string"}}],"inLanguage":"de"},{"@type":"Organization","@id":"https:\/\/www.heartfailurematters.org\/de\/#organization","name":"Heart Failure Matters","url":"https:\/\/www.heartfailurematters.org\/de\/","logo":{"@type":"ImageObject","inLanguage":"de","@id":"https:\/\/www.heartfailurematters.org\/de\/#\/schema\/logo\/image\/","url":"https:\/\/cdn-endpoint-hfm.azureedge.net\/heartfailurematters\/2024\/07\/hfm-logo1.jpg","contentUrl":"https:\/\/cdn-endpoint-hfm.azureedge.net\/heartfailurematters\/2024\/07\/hfm-logo1.jpg","width":1280,"height":720,"caption":"Heart Failure Matters"},"image":{"@id":"https:\/\/www.heartfailurematters.org\/de\/#\/schema\/logo\/image\/"},"sameAs":["https:\/\/www.facebook.com\/heartfailurematters"]}]}},"_links":{"self":[{"href":"https:\/\/www.heartfailurematters.org\/de\/wp-json\/wp\/v2\/pages\/1373","targetHints":{"allow":["GET"]}}],"collection":[{"href":"https:\/\/www.heartfailurematters.org\/de\/wp-json\/wp\/v2\/pages"}],"about":[{"href":"https:\/\/www.heartfailurematters.org\/de\/wp-json\/wp\/v2\/types\/page"}],"author":[{"embeddable":true,"href":"https:\/\/www.heartfailurematters.org\/de\/wp-json\/wp\/v2\/users\/1"}],"replies":[{"embeddable":true,"href":"https:\/\/www.heartfailurematters.org\/de\/wp-json\/wp\/v2\/comments?post=1373"}],"version-history":[{"count":0,"href":"https:\/\/www.heartfailurematters.org\/de\/wp-json\/wp\/v2\/pages\/1373\/revisions"}],"up":[{"embeddable":true,"href":"https:\/\/www.heartfailurematters.org\/de\/wp-json\/wp\/v2\/pages\/2842"}],"wp:featuredmedia":[{"embeddable":true,"href":"https:\/\/www.heartfailurematters.org\/de\/wp-json\/wp\/v2\/media\/11144"}],"wp:attachment":[{"href":"https:\/\/www.heartfailurematters.org\/de\/wp-json\/wp\/v2\/media?parent=1373"}],"wp:term":[{"taxonomy":"category","embeddable":true,"href":"https:\/\/www.heartfailurematters.org\/de\/wp-json\/wp\/v2\/categories?post=1373"},{"taxonomy":"post_tag","embeddable":true,"href":"https:\/\/www.heartfailurematters.org\/de\/wp-json\/wp\/v2\/tags?post=1373"}],"curies":[{"name":"wp","href":"https:\/\/api.w.org\/{rel}","templated":true}]}}