{"id":1372,"date":"2021-01-27T22:00:12","date_gmt":"2021-01-27T22:00:12","guid":{"rendered":"http:\/\/heartfailurematters.local:8888\/appetitlosigkeit-uebelkeit\/"},"modified":"2022-01-21T14:36:33","modified_gmt":"2022-01-21T14:36:33","slug":"appetitlosigkeit-uebelkeit","status":"publish","type":"page","link":"https:\/\/www.heartfailurematters.org\/de\/warnsignale\/appetitlosigkeit-uebelkeit\/","title":{"rendered":"Appetitlosigkeit\/\u00dcbelkeit"},"content":{"rendered":"<p>Bei Herzinsuffizienz kann es zu Appetitlosigkeit, ver\u00e4ndertem Appetit oder \u00dcbelkeitsgef\u00fchlen kommen. Manche Betroffene berichten auch von einem V\u00f6lle- oder \u00dcbelkeitsgef\u00fchl, wenn sie kaum etwas gegessen haben. Es k\u00f6nnen auch Bauchschmerzen oder eine Druckempfindlichkeit der Bauchdecke auftreten.<\/p>\n<p>Diese Symptome sind h\u00e4ufig auf eine Fl\u00fcssigkeitsansammlung (<a class=\"addtooltip\" title=\"Stauung\/Kongestion: ein \u00dcberschuss an Fl\u00fcssigkeit in einem Teil des K\u00f6rpers.\"><strong>Stauung<\/strong><\/a>) im Bereich von Leber und Darm zur\u00fcckzuf\u00fchren, die die Verdauung beeintr\u00e4chtigt. Wenn Sie irgendwelche Appetitver\u00e4nderungen feststellen oder pl\u00f6tzlich Verdauungsprobleme auftreten, kann dies ein Hinweis darauf sein, dass sich Ihre Herzinsuffizienz verschlechtert. Sie sollten dann Ihren Arzt oder die Sie betreuende Pflegekraft konsultieren.<\/p>\n<p>Appetitverlust und \u00dcbelkeit sind ebenfalls h\u00e4ufige Nebenwirkungen mancher Medikamente.<\/p>\n","protected":false},"excerpt":{"rendered":"<p>Bei Herzinsuffizienz kann es zu Appetitlosigkeit, ver\u00e4ndertem Appetit oder \u00dcbelkeitsgef\u00fchlen kommen. Manche Betroffene berichten auch von einem V\u00f6lle- oder \u00dcbelkeitsgef\u00fchl, wenn sie kaum etwas gegessen haben. Es k\u00f6nnen auch Bauchschmerzen oder eine Druckempfindlichkeit der Bauchdecke auftreten. Diese Symptome sind h\u00e4ufig auf eine Fl\u00fcssigkeitsansammlung (Stauung) im Bereich von Leber und Darm zur\u00fcckzuf\u00fchren, die die Verdauung beeintr\u00e4chtigt. [&hellip;]<\/p>\n","protected":false},"author":1,"featured_media":11244,"parent":2865,"menu_order":10,"comment_status":"open","ping_status":"closed","template":"","meta":{"_acf_changed":false,"footnotes":""},"categories":[128],"tags":[],"class_list":["post-1372","page","type-page","status-publish","has-post-thumbnail","hentry","category-warning-signs-de"],"acf":[],"yoast_head":"<!-- This site is optimized with the Yoast SEO plugin v24.8.1 - https:\/\/yoast.com\/wordpress\/plugins\/seo\/ -->\n<title>Appetitlosigkeit\/\u00dcbelkeit<\/title>\n<meta name=\"description\" content=\"Haben Sie Appetitver\u00e4nderungen oder Verdauungsprobleme bei sich festgestellt? Dies k\u00f6nnte mit Herzinsuffizienz zusammenh\u00e4ngen \u2013 erfahren Sie mehr\" \/>\n<meta name=\"robots\" content=\"index, follow, max-snippet:-1, max-image-preview:large, max-video-preview:-1\" \/>\n<link rel=\"canonical\" href=\"https:\/\/www.heartfailurematters.org\/de\/warnsignale\/appetitlosigkeit-uebelkeit\/\" \/>\n<meta property=\"og:locale\" content=\"de_DE\" \/>\n<meta property=\"og:type\" content=\"article\" \/>\n<meta property=\"og:title\" content=\"Appetitlosigkeit\/\u00dcbelkeit\" \/>\n<meta property=\"og:description\" content=\"Haben Sie Appetitver\u00e4nderungen oder Verdauungsprobleme bei sich festgestellt? Dies k\u00f6nnte mit Herzinsuffizienz zusammenh\u00e4ngen \u2013 erfahren Sie mehr\" \/>\n<meta property=\"og:url\" content=\"https:\/\/www.heartfailurematters.org\/de\/warnsignale\/appetitlosigkeit-uebelkeit\/\" \/>\n<meta property=\"og:site_name\" content=\"Heart Failure Matters\" \/>\n<meta property=\"article:publisher\" content=\"https:\/\/www.facebook.com\/heartfailurematters\" \/>\n<meta property=\"article:modified_time\" content=\"2022-01-21T14:36:33+00:00\" \/>\n<meta property=\"og:image\" content=\"https:\/\/www.heartfailurematters.org\/wp-content\/uploads\/2022\/03\/shutterstock_2002601171-1-min.jpg?_t=1773223119\" \/>\n\t<meta property=\"og:image:width\" content=\"900\" \/>\n\t<meta property=\"og:image:height\" content=\"600\" \/>\n\t<meta property=\"og:image:type\" content=\"image\/jpeg\" \/>\n<meta name=\"twitter:card\" content=\"summary_large_image\" \/>\n<meta name=\"twitter:label1\" content=\"Gesch\u00e4tzte Lesezeit\" \/>\n\t<meta name=\"twitter:data1\" content=\"1\u00a0Minute\" \/>\n<script type=\"application\/ld+json\" class=\"yoast-schema-graph\">{\"@context\":\"https:\/\/schema.org\",\"@graph\":[{\"@type\":\"WebPage\",\"@id\":\"https:\/\/www.heartfailurematters.org\/de\/warnsignale\/appetitlosigkeit-uebelkeit\/\",\"url\":\"https:\/\/www.heartfailurematters.org\/de\/warnsignale\/appetitlosigkeit-uebelkeit\/\",\"name\":\"Appetitlosigkeit\/\u00dcbelkeit\",\"isPartOf\":{\"@id\":\"https:\/\/www.heartfailurematters.org\/de\/#website\"},\"primaryImageOfPage\":{\"@id\":\"https:\/\/www.heartfailurematters.org\/de\/warnsignale\/appetitlosigkeit-uebelkeit\/#primaryimage\"},\"image\":{\"@id\":\"https:\/\/www.heartfailurematters.org\/de\/warnsignale\/appetitlosigkeit-uebelkeit\/#primaryimage\"},\"thumbnailUrl\":\"https:\/\/www.heartfailurematters.org\/wp-content\/uploads\/2022\/03\/shutterstock_2002601171-1-min.jpg\",\"datePublished\":\"2021-01-27T22:00:12+00:00\",\"dateModified\":\"2022-01-21T14:36:33+00:00\",\"description\":\"Haben Sie Appetitver\u00e4nderungen oder Verdauungsprobleme bei sich festgestellt? Dies k\u00f6nnte mit Herzinsuffizienz zusammenh\u00e4ngen \u2013 erfahren Sie mehr\",\"breadcrumb\":{\"@id\":\"https:\/\/www.heartfailurematters.org\/de\/warnsignale\/appetitlosigkeit-uebelkeit\/#breadcrumb\"},\"inLanguage\":\"de\",\"potentialAction\":[{\"@type\":\"ReadAction\",\"target\":[\"https:\/\/www.heartfailurematters.org\/de\/warnsignale\/appetitlosigkeit-uebelkeit\/\"]}]},{\"@type\":\"ImageObject\",\"inLanguage\":\"de\",\"@id\":\"https:\/\/www.heartfailurematters.org\/de\/warnsignale\/appetitlosigkeit-uebelkeit\/#primaryimage\",\"url\":\"https:\/\/www.heartfailurematters.org\/wp-content\/uploads\/2022\/03\/shutterstock_2002601171-1-min.jpg\",\"contentUrl\":\"https:\/\/www.heartfailurematters.org\/wp-content\/uploads\/2022\/03\/shutterstock_2002601171-1-min.jpg\",\"width\":900,\"height\":600},{\"@type\":\"BreadcrumbList\",\"@id\":\"https:\/\/www.heartfailurematters.org\/de\/warnsignale\/appetitlosigkeit-uebelkeit\/#breadcrumb\",\"itemListElement\":[{\"@type\":\"ListItem\",\"position\":1,\"name\":\"Startseite\",\"item\":\"https:\/\/www.heartfailurematters.org\/de\/\"},{\"@type\":\"ListItem\",\"position\":2,\"name\":\"Warnsignale\",\"item\":\"https:\/\/www.heartfailurematters.org\/de\/warnsignale\/\"},{\"@type\":\"ListItem\",\"position\":3,\"name\":\"Appetitlosigkeit\/\u00dcbelkeit\"}]},{\"@type\":\"WebSite\",\"@id\":\"https:\/\/www.heartfailurematters.org\/de\/#website\",\"url\":\"https:\/\/www.heartfailurematters.org\/de\/\",\"name\":\"Heart Failure Matters\",\"description\":\"Practical information for patients, families and caregivers.\",\"publisher\":{\"@id\":\"https:\/\/www.heartfailurematters.org\/de\/#organization\"},\"potentialAction\":[{\"@type\":\"SearchAction\",\"target\":{\"@type\":\"EntryPoint\",\"urlTemplate\":\"https:\/\/www.heartfailurematters.org\/de\/?s={search_term_string}\"},\"query-input\":{\"@type\":\"PropertyValueSpecification\",\"valueRequired\":true,\"valueName\":\"search_term_string\"}}],\"inLanguage\":\"de\"},{\"@type\":\"Organization\",\"@id\":\"https:\/\/www.heartfailurematters.org\/de\/#organization\",\"name\":\"Heart Failure Matters\",\"url\":\"https:\/\/www.heartfailurematters.org\/de\/\",\"logo\":{\"@type\":\"ImageObject\",\"inLanguage\":\"de\",\"@id\":\"https:\/\/www.heartfailurematters.org\/de\/#\/schema\/logo\/image\/\",\"url\":\"https:\/\/cdn-endpoint-hfm.azureedge.net\/heartfailurematters\/2024\/07\/hfm-logo1.jpg\",\"contentUrl\":\"https:\/\/cdn-endpoint-hfm.azureedge.net\/heartfailurematters\/2024\/07\/hfm-logo1.jpg\",\"width\":1280,\"height\":720,\"caption\":\"Heart Failure Matters\"},\"image\":{\"@id\":\"https:\/\/www.heartfailurematters.org\/de\/#\/schema\/logo\/image\/\"},\"sameAs\":[\"https:\/\/www.facebook.com\/heartfailurematters\"]}]}<\/script>\n<!-- \/ Yoast SEO plugin. -->","yoast_head_json":{"title":"Appetitlosigkeit\/\u00dcbelkeit","description":"Haben Sie Appetitver\u00e4nderungen oder Verdauungsprobleme bei sich festgestellt? Dies k\u00f6nnte mit Herzinsuffizienz zusammenh\u00e4ngen \u2013 erfahren Sie mehr","robots":{"index":"index","follow":"follow","max-snippet":"max-snippet:-1","max-image-preview":"max-image-preview:large","max-video-preview":"max-video-preview:-1"},"canonical":"https:\/\/www.heartfailurematters.org\/de\/warnsignale\/appetitlosigkeit-uebelkeit\/","og_locale":"de_DE","og_type":"article","og_title":"Appetitlosigkeit\/\u00dcbelkeit","og_description":"Haben Sie Appetitver\u00e4nderungen oder Verdauungsprobleme bei sich festgestellt? Dies k\u00f6nnte mit Herzinsuffizienz zusammenh\u00e4ngen \u2013 erfahren Sie mehr","og_url":"https:\/\/www.heartfailurematters.org\/de\/warnsignale\/appetitlosigkeit-uebelkeit\/","og_site_name":"Heart Failure Matters","article_publisher":"https:\/\/www.facebook.com\/heartfailurematters","article_modified_time":"2022-01-21T14:36:33+00:00","og_image":[{"width":900,"height":600,"url":"https:\/\/www.heartfailurematters.org\/wp-content\/uploads\/2022\/03\/shutterstock_2002601171-1-min.jpg?_t=1773223119","type":"image\/jpeg"}],"twitter_card":"summary_large_image","twitter_misc":{"Gesch\u00e4tzte Lesezeit":"1\u00a0Minute"},"schema":{"@context":"https:\/\/schema.org","@graph":[{"@type":"WebPage","@id":"https:\/\/www.heartfailurematters.org\/de\/warnsignale\/appetitlosigkeit-uebelkeit\/","url":"https:\/\/www.heartfailurematters.org\/de\/warnsignale\/appetitlosigkeit-uebelkeit\/","name":"Appetitlosigkeit\/\u00dcbelkeit","isPartOf":{"@id":"https:\/\/www.heartfailurematters.org\/de\/#website"},"primaryImageOfPage":{"@id":"https:\/\/www.heartfailurematters.org\/de\/warnsignale\/appetitlosigkeit-uebelkeit\/#primaryimage"},"image":{"@id":"https:\/\/www.heartfailurematters.org\/de\/warnsignale\/appetitlosigkeit-uebelkeit\/#primaryimage"},"thumbnailUrl":"https:\/\/www.heartfailurematters.org\/wp-content\/uploads\/2022\/03\/shutterstock_2002601171-1-min.jpg","datePublished":"2021-01-27T22:00:12+00:00","dateModified":"2022-01-21T14:36:33+00:00","description":"Haben Sie Appetitver\u00e4nderungen oder Verdauungsprobleme bei sich festgestellt? Dies k\u00f6nnte mit Herzinsuffizienz zusammenh\u00e4ngen \u2013 erfahren Sie mehr","breadcrumb":{"@id":"https:\/\/www.heartfailurematters.org\/de\/warnsignale\/appetitlosigkeit-uebelkeit\/#breadcrumb"},"inLanguage":"de","potentialAction":[{"@type":"ReadAction","target":["https:\/\/www.heartfailurematters.org\/de\/warnsignale\/appetitlosigkeit-uebelkeit\/"]}]},{"@type":"ImageObject","inLanguage":"de","@id":"https:\/\/www.heartfailurematters.org\/de\/warnsignale\/appetitlosigkeit-uebelkeit\/#primaryimage","url":"https:\/\/www.heartfailurematters.org\/wp-content\/uploads\/2022\/03\/shutterstock_2002601171-1-min.jpg","contentUrl":"https:\/\/www.heartfailurematters.org\/wp-content\/uploads\/2022\/03\/shutterstock_2002601171-1-min.jpg","width":900,"height":600},{"@type":"BreadcrumbList","@id":"https:\/\/www.heartfailurematters.org\/de\/warnsignale\/appetitlosigkeit-uebelkeit\/#breadcrumb","itemListElement":[{"@type":"ListItem","position":1,"name":"Startseite","item":"https:\/\/www.heartfailurematters.org\/de\/"},{"@type":"ListItem","position":2,"name":"Warnsignale","item":"https:\/\/www.heartfailurematters.org\/de\/warnsignale\/"},{"@type":"ListItem","position":3,"name":"Appetitlosigkeit\/\u00dcbelkeit"}]},{"@type":"WebSite","@id":"https:\/\/www.heartfailurematters.org\/de\/#website","url":"https:\/\/www.heartfailurematters.org\/de\/","name":"Heart Failure Matters","description":"Practical information for patients, families and caregivers.","publisher":{"@id":"https:\/\/www.heartfailurematters.org\/de\/#organization"},"potentialAction":[{"@type":"SearchAction","target":{"@type":"EntryPoint","urlTemplate":"https:\/\/www.heartfailurematters.org\/de\/?s={search_term_string}"},"query-input":{"@type":"PropertyValueSpecification","valueRequired":true,"valueName":"search_term_string"}}],"inLanguage":"de"},{"@type":"Organization","@id":"https:\/\/www.heartfailurematters.org\/de\/#organization","name":"Heart Failure Matters","url":"https:\/\/www.heartfailurematters.org\/de\/","logo":{"@type":"ImageObject","inLanguage":"de","@id":"https:\/\/www.heartfailurematters.org\/de\/#\/schema\/logo\/image\/","url":"https:\/\/cdn-endpoint-hfm.azureedge.net\/heartfailurematters\/2024\/07\/hfm-logo1.jpg","contentUrl":"https:\/\/cdn-endpoint-hfm.azureedge.net\/heartfailurematters\/2024\/07\/hfm-logo1.jpg","width":1280,"height":720,"caption":"Heart Failure Matters"},"image":{"@id":"https:\/\/www.heartfailurematters.org\/de\/#\/schema\/logo\/image\/"},"sameAs":["https:\/\/www.facebook.com\/heartfailurematters"]}]}},"_links":{"self":[{"href":"https:\/\/www.heartfailurematters.org\/de\/wp-json\/wp\/v2\/pages\/1372","targetHints":{"allow":["GET"]}}],"collection":[{"href":"https:\/\/www.heartfailurematters.org\/de\/wp-json\/wp\/v2\/pages"}],"about":[{"href":"https:\/\/www.heartfailurematters.org\/de\/wp-json\/wp\/v2\/types\/page"}],"author":[{"embeddable":true,"href":"https:\/\/www.heartfailurematters.org\/de\/wp-json\/wp\/v2\/users\/1"}],"replies":[{"embeddable":true,"href":"https:\/\/www.heartfailurematters.org\/de\/wp-json\/wp\/v2\/comments?post=1372"}],"version-history":[{"count":1,"href":"https:\/\/www.heartfailurematters.org\/de\/wp-json\/wp\/v2\/pages\/1372\/revisions"}],"predecessor-version":[{"id":10314,"href":"https:\/\/www.heartfailurematters.org\/de\/wp-json\/wp\/v2\/pages\/1372\/revisions\/10314"}],"up":[{"embeddable":true,"href":"https:\/\/www.heartfailurematters.org\/de\/wp-json\/wp\/v2\/pages\/2865"}],"wp:featuredmedia":[{"embeddable":true,"href":"https:\/\/www.heartfailurematters.org\/de\/wp-json\/wp\/v2\/media\/11244"}],"wp:attachment":[{"href":"https:\/\/www.heartfailurematters.org\/de\/wp-json\/wp\/v2\/media?parent=1372"}],"wp:term":[{"taxonomy":"category","embeddable":true,"href":"https:\/\/www.heartfailurematters.org\/de\/wp-json\/wp\/v2\/categories?post=1372"},{"taxonomy":"post_tag","embeddable":true,"href":"https:\/\/www.heartfailurematters.org\/de\/wp-json\/wp\/v2\/tags?post=1372"}],"curies":[{"name":"wp","href":"https:\/\/api.w.org\/{rel}","templated":true}]}}