{"id":1371,"date":"2021-01-27T22:01:19","date_gmt":"2021-01-27T22:01:19","guid":{"rendered":"http:\/\/heartfailurematters.local:8888\/was-kann-ihr-arzt-tun\/"},"modified":"2023-09-19T15:04:22","modified_gmt":"2023-09-19T14:04:22","slug":"herzinsuffizienz-verstehen","status":"publish","type":"page","link":"https:\/\/www.heartfailurematters.org\/de\/herzinsuffizienz-verstehen\/","title":{"rendered":"Herzinsuffizienz verstehen"},"content":{"rendered":"<h2>Was ist Herzinsuffizienz?<\/h2>\n<p>Bei einer Herzinsuffizienz ist das Herz nicht in der Lage, die verschiedenen Organe des menschlichen K\u00f6rpers ausreichend mit Blut, N\u00e4hrstoffen und Sauerstoff zu versorgen. Es handelt sich um eine schwerwiegende Erkrankung, die h\u00e4ufig mit einer Fl\u00fcssigkeitsansammlung in der Lunge, in den Beinen oder anderen Bereichen des K\u00f6rpers einhergeht. Daher wird die Herzinsuffizienz h\u00e4ufig auch als kongestive Herzinsuffizienz (CHF) bezeichnet.<\/p>\n<h2>Was sind die Symptome und Folgen der Herzinsuffizienz?<\/h2>\n<p>Typische Symptome bei Personen mit Herzinsuffizienz sind <a href=\"https:\/\/www.heartfailurematters.org\/warning-signs\/shortness-of-breath\/\">Kurzatmigkeit<\/a> (Dyspnoe), <a href=\"https:\/\/www.heartfailurematters.org\/warning-signs\/increasing-fatigue\/\">M\u00fcdigkeit<\/a> und <a href=\"https:\/\/www.heartfailurematters.org\/for-caregivers\/activity-and-exercise\/\">Belastungsintoleranz<\/a>. Bei Personen \u00fcber 65 Jahren stellt sie die h\u00e4ufigste Ursache f\u00fcr eine Krankenhauseinweisung dar.<\/p>\n<h2>Wie kommt es zur Herzinsuffizienz?<\/h2>\n<p>Es gibt viele Faktoren, die zur Entstehung einer Herzinsuffizienz f\u00fchren. H\u00e4ufige Ursachen sind koronare Herzkrankheit (d.&nbsp;h. verengte Blutgef\u00e4\u00dfe im Herzmuskel), <a href=\"https:\/\/www.heartfailurematters.org\/heart-failure-causes-and-other-common-medical-conditions\/high-blood-pressure\/\">Bluthochdruck<\/a>, Herzrhythmusst\u00f6rungen oder Herzklappenerkrankungen.<\/p>\n<p>Grunds\u00e4tzlich kann eine Herzinsuffizienz durch zwei Faktoren ausgel\u00f6st werden:<\/p>\n<p>1) der Herzmuskel ist zu schwach, was zu einem Pumpversagen mit reduzierter Ejektionsfraktion (<a href=\"https:\/\/www.heartfailurematters.org\/understanding-heart-failure\/what-is-ejection-fraction-hfref-and-hfpef\/\">HFrEF<\/a>) f\u00fchrt; oder<br \/>\n2) die Pumpfunktion des Herzens ist erhalten (<a href=\"https:\/\/www.heartfailurematters.org\/understanding-heart-failure\/what-is-ejection-fraction-hfref-and-hfpef\/\">HFpEF<\/a>), der Herzmuskel ist jedoch zu steif, um effizient zu arbeiten.<\/p>\n<p>Die Diagnose der Herzinsuffizienz muss so fr\u00fch wie m\u00f6glich erfolgen, da es f\u00fcr viele der zugrunde liegenden Ursachen eine sehr wirksame Behandlung gibt. Die Diagnose kann durch Bluttests (z.&nbsp;B. natriuretisches Peptid) unterst\u00fctzt werden und sollte immer ein Echokardiogramm umfassen, eine Ultraschalluntersuchung des Herzens, die von einem Herzspezialisten (Kardiologen) durchgef\u00fchrt wird.<\/p>\n<h2>Kann eine Herzinsuffizienz behandelt werden?<\/h2>\n<p>Mit der richtigen, rechtzeitig eingeleiteten Behandlung k\u00f6nnen die ernsten Anzeichen und Symptome der Herzinsuffizienz kontrolliert und h\u00e4ufig r\u00fcckg\u00e4ngig gemacht werden. Da die Behandlungsm\u00f6glichkeiten auf die spezifischen Bed\u00fcrfnisse des Einzelnen abgestimmt werden sollten, ist es sehr wichtig, sich so fr\u00fch wie m\u00f6glich \u00fcber die in Frage kommenden Ma\u00dfnahmen zu informieren.<\/p>\n<p>Bei der Behandlung von Patienten mit Herzinsuffizienz kommt ein breites Spektrum an Ma\u00dfnahmen in Frage. Fast immer beinhaltet dies Medikamente (Tabletten) sowie \u00c4nderungen der Lebensweise und der Ern\u00e4hrung. Bei einigen Patienten kann die Implantation spezieller Ger\u00e4te wie eines <a href=\"https:\/\/www.heartfailurematters.org\/what-your-doctor-can-do\/pacemakers\/\">Herzschrittmachers<\/a> oder <a href=\"https:\/\/www.heartfailurematters.org\/what-your-doctor-can-do\/implantable-cardioverter-defibrillator-icds\/\">Defibrillators<\/a> sinnvoll sein, bei anderen eine Operation bis hin zur M\u00f6glichkeit einer Herztransplantation oder der Implantation eines <a href=\"https:\/\/www.heartfailurematters.org\/what-your-doctor-can-do\/left-ventricular-assist-devices-lvad\/\">Herzunterst\u00fctzungssystems (VAD)<\/a>. Auch wenn die Herzinsuffizienz eine ernste Erkrankung ist, profitieren die meisten Patienten von der Behandlung und k\u00f6nnen weiterhin ein aktives und erf\u00fclltes Leben f\u00fchren.<\/p>\n","protected":false},"excerpt":{"rendered":"<p>Was ist Herzinsuffizienz? Bei einer Herzinsuffizienz ist das Herz nicht in der Lage, die verschiedenen Organe des menschlichen K\u00f6rpers ausreichend mit Blut, N\u00e4hrstoffen und Sauerstoff zu versorgen. Es handelt sich um eine schwerwiegende Erkrankung, die h\u00e4ufig mit einer Fl\u00fcssigkeitsansammlung in der Lunge, in den Beinen oder anderen Bereichen des K\u00f6rpers einhergeht. Daher wird die Herzinsuffizienz [&hellip;]<\/p>\n","protected":false},"author":1,"featured_media":0,"parent":0,"menu_order":1,"comment_status":"open","ping_status":"closed","template":"","meta":{"_acf_changed":false,"footnotes":""},"categories":[119],"tags":[],"class_list":["post-1371","page","type-page","status-publish","hentry","category-understanding-heart-failure-de"],"acf":[],"yoast_head":"<!-- This site is optimized with the Yoast SEO plugin v24.8.1 - https:\/\/yoast.com\/wordpress\/plugins\/seo\/ -->\n<title>Eine Einf\u00fchrung in das Thema Herzinsuffizienz | Was ist Herzinsuffizienz?<\/title>\n<meta name=\"description\" content=\"Herzinsuffizienz ist eine h\u00e4ufige, aber schwere und stetig fortschreitende Erkrankung, die in den meisten F\u00e4llen unheilbar ist. Hier erfahren Sie mehr \u00fcber die Ursachen und Symptome.\" \/>\n<meta name=\"robots\" content=\"index, follow, max-snippet:-1, max-image-preview:large, max-video-preview:-1\" \/>\n<link rel=\"canonical\" href=\"https:\/\/www.heartfailurematters.org\/de\/herzinsuffizienz-verstehen\/\" \/>\n<meta property=\"og:locale\" content=\"de_DE\" \/>\n<meta property=\"og:type\" content=\"article\" \/>\n<meta property=\"og:title\" content=\"Eine Einf\u00fchrung in das Thema Herzinsuffizienz | Was ist Herzinsuffizienz?\" \/>\n<meta property=\"og:description\" content=\"Herzinsuffizienz ist eine h\u00e4ufige, aber schwere und stetig fortschreitende Erkrankung, die in den meisten F\u00e4llen unheilbar ist. Hier erfahren Sie mehr \u00fcber die Ursachen und Symptome.\" \/>\n<meta property=\"og:url\" content=\"https:\/\/www.heartfailurematters.org\/de\/herzinsuffizienz-verstehen\/\" \/>\n<meta property=\"og:site_name\" content=\"Heart Failure Matters\" \/>\n<meta property=\"article:publisher\" content=\"https:\/\/www.facebook.com\/heartfailurematters\" \/>\n<meta property=\"article:modified_time\" content=\"2023-09-19T14:04:22+00:00\" \/>\n<meta name=\"twitter:card\" content=\"summary_large_image\" \/>\n<meta name=\"twitter:label1\" content=\"Gesch\u00e4tzte Lesezeit\" \/>\n\t<meta name=\"twitter:data1\" content=\"2\u00a0Minuten\" \/>\n<script type=\"application\/ld+json\" class=\"yoast-schema-graph\">{\"@context\":\"https:\/\/schema.org\",\"@graph\":[{\"@type\":\"WebPage\",\"@id\":\"https:\/\/www.heartfailurematters.org\/de\/herzinsuffizienz-verstehen\/\",\"url\":\"https:\/\/www.heartfailurematters.org\/de\/herzinsuffizienz-verstehen\/\",\"name\":\"Eine Einf\u00fchrung in das Thema Herzinsuffizienz | Was ist Herzinsuffizienz?\",\"isPartOf\":{\"@id\":\"https:\/\/www.heartfailurematters.org\/de\/#website\"},\"datePublished\":\"2021-01-27T22:01:19+00:00\",\"dateModified\":\"2023-09-19T14:04:22+00:00\",\"description\":\"Herzinsuffizienz ist eine h\u00e4ufige, aber schwere und stetig fortschreitende Erkrankung, die in den meisten F\u00e4llen unheilbar ist. Hier erfahren Sie mehr \u00fcber die Ursachen und Symptome.\",\"breadcrumb\":{\"@id\":\"https:\/\/www.heartfailurematters.org\/de\/herzinsuffizienz-verstehen\/#breadcrumb\"},\"inLanguage\":\"de\",\"potentialAction\":[{\"@type\":\"ReadAction\",\"target\":[\"https:\/\/www.heartfailurematters.org\/de\/herzinsuffizienz-verstehen\/\"]}]},{\"@type\":\"BreadcrumbList\",\"@id\":\"https:\/\/www.heartfailurematters.org\/de\/herzinsuffizienz-verstehen\/#breadcrumb\",\"itemListElement\":[{\"@type\":\"ListItem\",\"position\":1,\"name\":\"Startseite\",\"item\":\"https:\/\/www.heartfailurematters.org\/de\/\"},{\"@type\":\"ListItem\",\"position\":2,\"name\":\"Herzinsuffizienz verstehen\"}]},{\"@type\":\"WebSite\",\"@id\":\"https:\/\/www.heartfailurematters.org\/de\/#website\",\"url\":\"https:\/\/www.heartfailurematters.org\/de\/\",\"name\":\"Heart Failure Matters\",\"description\":\"Practical information for patients, families and caregivers.\",\"publisher\":{\"@id\":\"https:\/\/www.heartfailurematters.org\/de\/#organization\"},\"potentialAction\":[{\"@type\":\"SearchAction\",\"target\":{\"@type\":\"EntryPoint\",\"urlTemplate\":\"https:\/\/www.heartfailurematters.org\/de\/?s={search_term_string}\"},\"query-input\":{\"@type\":\"PropertyValueSpecification\",\"valueRequired\":true,\"valueName\":\"search_term_string\"}}],\"inLanguage\":\"de\"},{\"@type\":\"Organization\",\"@id\":\"https:\/\/www.heartfailurematters.org\/de\/#organization\",\"name\":\"Heart Failure Matters\",\"url\":\"https:\/\/www.heartfailurematters.org\/de\/\",\"logo\":{\"@type\":\"ImageObject\",\"inLanguage\":\"de\",\"@id\":\"https:\/\/www.heartfailurematters.org\/de\/#\/schema\/logo\/image\/\",\"url\":\"https:\/\/cdn-endpoint-hfm.azureedge.net\/heartfailurematters\/2024\/07\/hfm-logo1.jpg\",\"contentUrl\":\"https:\/\/cdn-endpoint-hfm.azureedge.net\/heartfailurematters\/2024\/07\/hfm-logo1.jpg\",\"width\":1280,\"height\":720,\"caption\":\"Heart Failure Matters\"},\"image\":{\"@id\":\"https:\/\/www.heartfailurematters.org\/de\/#\/schema\/logo\/image\/\"},\"sameAs\":[\"https:\/\/www.facebook.com\/heartfailurematters\"]}]}<\/script>\n<!-- \/ Yoast SEO plugin. -->","yoast_head_json":{"title":"Eine Einf\u00fchrung in das Thema Herzinsuffizienz | Was ist Herzinsuffizienz?","description":"Herzinsuffizienz ist eine h\u00e4ufige, aber schwere und stetig fortschreitende Erkrankung, die in den meisten F\u00e4llen unheilbar ist. Hier erfahren Sie mehr \u00fcber die Ursachen und Symptome.","robots":{"index":"index","follow":"follow","max-snippet":"max-snippet:-1","max-image-preview":"max-image-preview:large","max-video-preview":"max-video-preview:-1"},"canonical":"https:\/\/www.heartfailurematters.org\/de\/herzinsuffizienz-verstehen\/","og_locale":"de_DE","og_type":"article","og_title":"Eine Einf\u00fchrung in das Thema Herzinsuffizienz | Was ist Herzinsuffizienz?","og_description":"Herzinsuffizienz ist eine h\u00e4ufige, aber schwere und stetig fortschreitende Erkrankung, die in den meisten F\u00e4llen unheilbar ist. Hier erfahren Sie mehr \u00fcber die Ursachen und Symptome.","og_url":"https:\/\/www.heartfailurematters.org\/de\/herzinsuffizienz-verstehen\/","og_site_name":"Heart Failure Matters","article_publisher":"https:\/\/www.facebook.com\/heartfailurematters","article_modified_time":"2023-09-19T14:04:22+00:00","twitter_card":"summary_large_image","twitter_misc":{"Gesch\u00e4tzte Lesezeit":"2\u00a0Minuten"},"schema":{"@context":"https:\/\/schema.org","@graph":[{"@type":"WebPage","@id":"https:\/\/www.heartfailurematters.org\/de\/herzinsuffizienz-verstehen\/","url":"https:\/\/www.heartfailurematters.org\/de\/herzinsuffizienz-verstehen\/","name":"Eine Einf\u00fchrung in das Thema Herzinsuffizienz | Was ist Herzinsuffizienz?","isPartOf":{"@id":"https:\/\/www.heartfailurematters.org\/de\/#website"},"datePublished":"2021-01-27T22:01:19+00:00","dateModified":"2023-09-19T14:04:22+00:00","description":"Herzinsuffizienz ist eine h\u00e4ufige, aber schwere und stetig fortschreitende Erkrankung, die in den meisten F\u00e4llen unheilbar ist. Hier erfahren Sie mehr \u00fcber die Ursachen und Symptome.","breadcrumb":{"@id":"https:\/\/www.heartfailurematters.org\/de\/herzinsuffizienz-verstehen\/#breadcrumb"},"inLanguage":"de","potentialAction":[{"@type":"ReadAction","target":["https:\/\/www.heartfailurematters.org\/de\/herzinsuffizienz-verstehen\/"]}]},{"@type":"BreadcrumbList","@id":"https:\/\/www.heartfailurematters.org\/de\/herzinsuffizienz-verstehen\/#breadcrumb","itemListElement":[{"@type":"ListItem","position":1,"name":"Startseite","item":"https:\/\/www.heartfailurematters.org\/de\/"},{"@type":"ListItem","position":2,"name":"Herzinsuffizienz verstehen"}]},{"@type":"WebSite","@id":"https:\/\/www.heartfailurematters.org\/de\/#website","url":"https:\/\/www.heartfailurematters.org\/de\/","name":"Heart Failure Matters","description":"Practical information for patients, families and caregivers.","publisher":{"@id":"https:\/\/www.heartfailurematters.org\/de\/#organization"},"potentialAction":[{"@type":"SearchAction","target":{"@type":"EntryPoint","urlTemplate":"https:\/\/www.heartfailurematters.org\/de\/?s={search_term_string}"},"query-input":{"@type":"PropertyValueSpecification","valueRequired":true,"valueName":"search_term_string"}}],"inLanguage":"de"},{"@type":"Organization","@id":"https:\/\/www.heartfailurematters.org\/de\/#organization","name":"Heart Failure Matters","url":"https:\/\/www.heartfailurematters.org\/de\/","logo":{"@type":"ImageObject","inLanguage":"de","@id":"https:\/\/www.heartfailurematters.org\/de\/#\/schema\/logo\/image\/","url":"https:\/\/cdn-endpoint-hfm.azureedge.net\/heartfailurematters\/2024\/07\/hfm-logo1.jpg","contentUrl":"https:\/\/cdn-endpoint-hfm.azureedge.net\/heartfailurematters\/2024\/07\/hfm-logo1.jpg","width":1280,"height":720,"caption":"Heart Failure Matters"},"image":{"@id":"https:\/\/www.heartfailurematters.org\/de\/#\/schema\/logo\/image\/"},"sameAs":["https:\/\/www.facebook.com\/heartfailurematters"]}]}},"_links":{"self":[{"href":"https:\/\/www.heartfailurematters.org\/de\/wp-json\/wp\/v2\/pages\/1371","targetHints":{"allow":["GET"]}}],"collection":[{"href":"https:\/\/www.heartfailurematters.org\/de\/wp-json\/wp\/v2\/pages"}],"about":[{"href":"https:\/\/www.heartfailurematters.org\/de\/wp-json\/wp\/v2\/types\/page"}],"author":[{"embeddable":true,"href":"https:\/\/www.heartfailurematters.org\/de\/wp-json\/wp\/v2\/users\/1"}],"replies":[{"embeddable":true,"href":"https:\/\/www.heartfailurematters.org\/de\/wp-json\/wp\/v2\/comments?post=1371"}],"version-history":[{"count":16,"href":"https:\/\/www.heartfailurematters.org\/de\/wp-json\/wp\/v2\/pages\/1371\/revisions"}],"predecessor-version":[{"id":13214,"href":"https:\/\/www.heartfailurematters.org\/de\/wp-json\/wp\/v2\/pages\/1371\/revisions\/13214"}],"wp:attachment":[{"href":"https:\/\/www.heartfailurematters.org\/de\/wp-json\/wp\/v2\/media?parent=1371"}],"wp:term":[{"taxonomy":"category","embeddable":true,"href":"https:\/\/www.heartfailurematters.org\/de\/wp-json\/wp\/v2\/categories?post=1371"},{"taxonomy":"post_tag","embeddable":true,"href":"https:\/\/www.heartfailurematters.org\/de\/wp-json\/wp\/v2\/tags?post=1371"}],"curies":[{"name":"wp","href":"https:\/\/api.w.org\/{rel}","templated":true}]}}