{"id":1370,"date":"2021-01-27T22:00:12","date_gmt":"2021-01-27T22:00:12","guid":{"rendered":"http:\/\/heartfailurematters.local:8888\/ueber-meine-herzinsuffizienz\/"},"modified":"2021-02-18T14:24:24","modified_gmt":"2021-02-18T14:24:24","slug":"ueber-meine-herzinsuffizienz","status":"publish","type":"page","link":"https:\/\/www.heartfailurematters.org\/de\/fragen-sie-ihren-arzt\/ueber-meine-herzinsuffizienz\/","title":{"rendered":"\u00dcber meine Herzinsuffizienz"},"content":{"rendered":"<p>Allgemeine Informationen \u00fcber die Herzinsuffizienz finden Sie im Abschnitt \u00a0<a title=\"\" href=\"\/de\/herzinsuffizienz-verstehen\/einfuehrung\/\"> Herzinsuffizienz verstehen <\/a>auf dieser Webseite. Wenn Sie jedoch weitere Informationen w\u00fcnschen, speziell zu Ihrem pers\u00f6nlichen Fall, k\u00f6nnen die untenstehenden Fragen eine Hilfestellung f\u00fcr das Gespr\u00e4ch mit Ihrem Arzt sein.<\/p>\n<p><strong>Was hat meine Herzinsuffizienz hervorgerufen? <\/strong><\/p>\n<p>F\u00fcr eine Herzinsuffizienz gibt es verschiedene Ursachen, und daher kann es hilfreich sein, vom Arzt zu erfahren, woher die Herzinsuffizienz in Ihrem Fall kommt. Scheuen Sie sich nicht, immer wieder nachzuhaken, denn es ist wichtig, dass Sie ein umfassendes Verst\u00e4ndnis dar\u00fcber erlangen, durch was Ihre Herzinsuffizienz bedingt ist. Ihr Arzt wird Ihnen auch sagen k\u00f6nnen, ob es eine M\u00f6glichkeit gibt, die Ursache Ihrer Herzinsuffizienz zu behandeln.<\/p>\n<p><strong>Wird sich die Herzinsuffizienz auf eine meiner anderen Erkrankungen auswirken? <\/strong><\/p>\n<p>Viele Menschen mit Herzinsuffizienz haben zudem noch andere Erkrankungen. Es ist wichtig, eventuell vorhandene weitere Erkrankungen einer effektiven Behandlung zuzuf\u00fchren, da diese ansonsten Ihre Herzinsuffizienz weiter verschlimmern k\u00f6nnen. Ihr Arzt oder die Sie betreuende Pflegekraft kann Ihnen Ihre Erkrankungen auseinandersetzen und Empfehlungen abgeben, was Sie tun k\u00f6nnen, um diese so gut wie m\u00f6glich in den Griff zu bekommen.<\/p>\n<p><strong>Besteht die Wahrscheinlichkeit, dass meine Lebenserwartung durch die Herzinsuffizienz beeinflusst wird? <\/strong><\/p>\n<p>Eine Herzinsuffizienz ist eine ernste chronische Erkrankung, die sich mit der Zeit verschlimmern kann. Letztlich kann sie sogar Ihr Leben verk\u00fcrzen. Der Verlauf einer Herzinsuffizienz ist unvorhersehbar und von Mensch zu Mensch verschieden. In vielen F\u00e4llen bleiben die Symptome \u00fcber einige Zeit (Monate oder Jahre) stabil, ohne dass es zu einem Fortschreiten kommt. Anpassungen in der Lebensweise und die Behandlung mit Medikamenten bzw. medizinischen Implantaten k\u00f6nnen die Symptome h\u00e4ufig stabilisieren und das \u00dcberleben verl\u00e4ngern. Die an Ihrer Behandlung beteiligten Heilberufler werden in Zusammenarbeit mit Ihnen alles tun, um Ihre Herzinsuffizienz in den Griff zu bekommen, Ihre Beschwerden zu lindern, Ihre Prognose zu verbessern und Ihr Leben zu verl\u00e4ngern.<\/p>\n<p><strong>Welche Behandlung ben\u00f6tige ich? <\/strong><\/p>\n<p>Wenn Ihnen Ihr Arzt die Ursache Ihrer Herzinsuffizienz erkl\u00e4rt hat, wird er Ihnen eine geeignete Behandlung empfehlen. Diese kann Anpassungen in der Lebensweise, die Einnahme von Medikamenten, das Einsetzen eines medizinischen Implantats oder eine Operation beinhalten. Ihr Arzt wird m\u00f6glicherweise weitere Tests empfehlen, um den Schweregrad Ihrer Herzinsuffizienz besser einsch\u00e4tzen zu k\u00f6nnen, bevor er eine Entscheidung \u00fcber die richtige Behandlung treffen kann.<\/p>\n<p><strong>Mit den Medikamenten geht es mir besser. Woran erkenne ich, ob ich operiert werden muss oder ein medizinisches Implantat ben\u00f6tige? <\/strong><\/p>\n<p>Ob Sie operiert werden m\u00fcssen oder ein medizinisches Implantat ben\u00f6tigen, h\u00e4ngt von der Art, der Ursache und der Schwere Ihrer Beschwerden ab. Normalerweise wird anhand der Symptome zusammen mit den EKG-Befunden und den Ergebnissen der Ultraschalluntersuchung (Echokardiographie) klar, ob Sie ein Implantat ben\u00f6tigen. Ihr Kardiologe wird Ihnen mitteilen, wenn Sie operiert werden m\u00fcssen oder ein medizinisches Implantat ben\u00f6tigen, und mit Ihnen alle weiteren Untersuchungen besprechen, die m\u00f6glicherweise erforderlich sind.<\/p>\n","protected":false},"excerpt":{"rendered":"<p>Allgemeine Informationen \u00fcber die Herzinsuffizienz finden Sie im Abschnitt \u00a0 Herzinsuffizienz verstehen auf dieser Webseite. Wenn Sie jedoch weitere Informationen w\u00fcnschen, speziell zu Ihrem pers\u00f6nlichen Fall, k\u00f6nnen die untenstehenden Fragen eine Hilfestellung f\u00fcr das Gespr\u00e4ch mit Ihrem Arzt sein. Was hat meine Herzinsuffizienz hervorgerufen? F\u00fcr eine Herzinsuffizienz gibt es verschiedene Ursachen, und daher kann es [&hellip;]<\/p>\n","protected":false},"author":1,"featured_media":0,"parent":2762,"menu_order":0,"comment_status":"open","ping_status":"open","template":"","meta":{"_acf_changed":false,"footnotes":""},"categories":[],"tags":[],"class_list":["post-1370","page","type-page","status-publish","hentry"],"acf":[],"yoast_head":"<!-- This site is optimized with the Yoast SEO plugin v24.8.1 - https:\/\/yoast.com\/wordpress\/plugins\/seo\/ -->\n<title>\u00dcber meine Herzinsuffizienz<\/title>\n<meta name=\"description\" content=\"Wenn Sie weitere Informationen speziell \u00fcber Ihre Herzinsuffizienz w\u00fcnschen, k\u00f6nnen Ihnen die folgenden Fragen helfen, dies mit Ihren \u00c4rzten oder Ihrem Pflegepersonal zu besprechen.\" \/>\n<meta name=\"robots\" content=\"index, follow, max-snippet:-1, max-image-preview:large, max-video-preview:-1\" \/>\n<link rel=\"canonical\" href=\"https:\/\/www.heartfailurematters.org\/de\/fragen-sie-ihren-arzt\/ueber-meine-herzinsuffizienz\/\" \/>\n<meta property=\"og:locale\" content=\"de_DE\" \/>\n<meta property=\"og:type\" content=\"article\" \/>\n<meta property=\"og:title\" content=\"\u00dcber meine Herzinsuffizienz\" \/>\n<meta property=\"og:description\" content=\"Wenn Sie weitere Informationen speziell \u00fcber Ihre Herzinsuffizienz w\u00fcnschen, k\u00f6nnen Ihnen die folgenden Fragen helfen, dies mit Ihren \u00c4rzten oder Ihrem Pflegepersonal zu besprechen.\" \/>\n<meta property=\"og:url\" content=\"https:\/\/www.heartfailurematters.org\/de\/fragen-sie-ihren-arzt\/ueber-meine-herzinsuffizienz\/\" \/>\n<meta property=\"og:site_name\" content=\"Heart Failure Matters\" \/>\n<meta property=\"article:publisher\" content=\"https:\/\/www.facebook.com\/heartfailurematters\" \/>\n<meta property=\"article:modified_time\" content=\"2021-02-18T14:24:24+00:00\" \/>\n<meta name=\"twitter:card\" content=\"summary_large_image\" \/>\n<meta name=\"twitter:label1\" content=\"Gesch\u00e4tzte Lesezeit\" \/>\n\t<meta name=\"twitter:data1\" content=\"2\u00a0Minuten\" \/>\n<script type=\"application\/ld+json\" class=\"yoast-schema-graph\">{\"@context\":\"https:\/\/schema.org\",\"@graph\":[{\"@type\":\"WebPage\",\"@id\":\"https:\/\/www.heartfailurematters.org\/de\/fragen-sie-ihren-arzt\/ueber-meine-herzinsuffizienz\/\",\"url\":\"https:\/\/www.heartfailurematters.org\/de\/fragen-sie-ihren-arzt\/ueber-meine-herzinsuffizienz\/\",\"name\":\"\u00dcber meine Herzinsuffizienz\",\"isPartOf\":{\"@id\":\"https:\/\/www.heartfailurematters.org\/de\/#website\"},\"datePublished\":\"2021-01-27T22:00:12+00:00\",\"dateModified\":\"2021-02-18T14:24:24+00:00\",\"description\":\"Wenn Sie weitere Informationen speziell \u00fcber Ihre Herzinsuffizienz w\u00fcnschen, k\u00f6nnen Ihnen die folgenden Fragen helfen, dies mit Ihren \u00c4rzten oder Ihrem Pflegepersonal zu besprechen.\",\"breadcrumb\":{\"@id\":\"https:\/\/www.heartfailurematters.org\/de\/fragen-sie-ihren-arzt\/ueber-meine-herzinsuffizienz\/#breadcrumb\"},\"inLanguage\":\"de\",\"potentialAction\":[{\"@type\":\"ReadAction\",\"target\":[\"https:\/\/www.heartfailurematters.org\/de\/fragen-sie-ihren-arzt\/ueber-meine-herzinsuffizienz\/\"]}]},{\"@type\":\"BreadcrumbList\",\"@id\":\"https:\/\/www.heartfailurematters.org\/de\/fragen-sie-ihren-arzt\/ueber-meine-herzinsuffizienz\/#breadcrumb\",\"itemListElement\":[{\"@type\":\"ListItem\",\"position\":1,\"name\":\"Startseite\",\"item\":\"https:\/\/www.heartfailurematters.org\/de\/\"},{\"@type\":\"ListItem\",\"position\":2,\"name\":\"Fragen Sie Ihren Arzt\",\"item\":\"https:\/\/www.heartfailurematters.org\/de\/fragen-sie-ihren-arzt\/\"},{\"@type\":\"ListItem\",\"position\":3,\"name\":\"\u00dcber meine Herzinsuffizienz\"}]},{\"@type\":\"WebSite\",\"@id\":\"https:\/\/www.heartfailurematters.org\/de\/#website\",\"url\":\"https:\/\/www.heartfailurematters.org\/de\/\",\"name\":\"Heart Failure Matters\",\"description\":\"Practical information for patients, families and caregivers.\",\"publisher\":{\"@id\":\"https:\/\/www.heartfailurematters.org\/de\/#organization\"},\"potentialAction\":[{\"@type\":\"SearchAction\",\"target\":{\"@type\":\"EntryPoint\",\"urlTemplate\":\"https:\/\/www.heartfailurematters.org\/de\/?s={search_term_string}\"},\"query-input\":{\"@type\":\"PropertyValueSpecification\",\"valueRequired\":true,\"valueName\":\"search_term_string\"}}],\"inLanguage\":\"de\"},{\"@type\":\"Organization\",\"@id\":\"https:\/\/www.heartfailurematters.org\/de\/#organization\",\"name\":\"Heart Failure Matters\",\"url\":\"https:\/\/www.heartfailurematters.org\/de\/\",\"logo\":{\"@type\":\"ImageObject\",\"inLanguage\":\"de\",\"@id\":\"https:\/\/www.heartfailurematters.org\/de\/#\/schema\/logo\/image\/\",\"url\":\"https:\/\/cdn-endpoint-hfm.azureedge.net\/heartfailurematters\/2024\/07\/hfm-logo1.jpg\",\"contentUrl\":\"https:\/\/cdn-endpoint-hfm.azureedge.net\/heartfailurematters\/2024\/07\/hfm-logo1.jpg\",\"width\":1280,\"height\":720,\"caption\":\"Heart Failure Matters\"},\"image\":{\"@id\":\"https:\/\/www.heartfailurematters.org\/de\/#\/schema\/logo\/image\/\"},\"sameAs\":[\"https:\/\/www.facebook.com\/heartfailurematters\"]}]}<\/script>\n<!-- \/ Yoast SEO plugin. -->","yoast_head_json":{"title":"\u00dcber meine Herzinsuffizienz","description":"Wenn Sie weitere Informationen speziell \u00fcber Ihre Herzinsuffizienz w\u00fcnschen, k\u00f6nnen Ihnen die folgenden Fragen helfen, dies mit Ihren \u00c4rzten oder Ihrem Pflegepersonal zu besprechen.","robots":{"index":"index","follow":"follow","max-snippet":"max-snippet:-1","max-image-preview":"max-image-preview:large","max-video-preview":"max-video-preview:-1"},"canonical":"https:\/\/www.heartfailurematters.org\/de\/fragen-sie-ihren-arzt\/ueber-meine-herzinsuffizienz\/","og_locale":"de_DE","og_type":"article","og_title":"\u00dcber meine Herzinsuffizienz","og_description":"Wenn Sie weitere Informationen speziell \u00fcber Ihre Herzinsuffizienz w\u00fcnschen, k\u00f6nnen Ihnen die folgenden Fragen helfen, dies mit Ihren \u00c4rzten oder Ihrem Pflegepersonal zu besprechen.","og_url":"https:\/\/www.heartfailurematters.org\/de\/fragen-sie-ihren-arzt\/ueber-meine-herzinsuffizienz\/","og_site_name":"Heart Failure Matters","article_publisher":"https:\/\/www.facebook.com\/heartfailurematters","article_modified_time":"2021-02-18T14:24:24+00:00","twitter_card":"summary_large_image","twitter_misc":{"Gesch\u00e4tzte Lesezeit":"2\u00a0Minuten"},"schema":{"@context":"https:\/\/schema.org","@graph":[{"@type":"WebPage","@id":"https:\/\/www.heartfailurematters.org\/de\/fragen-sie-ihren-arzt\/ueber-meine-herzinsuffizienz\/","url":"https:\/\/www.heartfailurematters.org\/de\/fragen-sie-ihren-arzt\/ueber-meine-herzinsuffizienz\/","name":"\u00dcber meine Herzinsuffizienz","isPartOf":{"@id":"https:\/\/www.heartfailurematters.org\/de\/#website"},"datePublished":"2021-01-27T22:00:12+00:00","dateModified":"2021-02-18T14:24:24+00:00","description":"Wenn Sie weitere Informationen speziell \u00fcber Ihre Herzinsuffizienz w\u00fcnschen, k\u00f6nnen Ihnen die folgenden Fragen helfen, dies mit Ihren \u00c4rzten oder Ihrem Pflegepersonal zu besprechen.","breadcrumb":{"@id":"https:\/\/www.heartfailurematters.org\/de\/fragen-sie-ihren-arzt\/ueber-meine-herzinsuffizienz\/#breadcrumb"},"inLanguage":"de","potentialAction":[{"@type":"ReadAction","target":["https:\/\/www.heartfailurematters.org\/de\/fragen-sie-ihren-arzt\/ueber-meine-herzinsuffizienz\/"]}]},{"@type":"BreadcrumbList","@id":"https:\/\/www.heartfailurematters.org\/de\/fragen-sie-ihren-arzt\/ueber-meine-herzinsuffizienz\/#breadcrumb","itemListElement":[{"@type":"ListItem","position":1,"name":"Startseite","item":"https:\/\/www.heartfailurematters.org\/de\/"},{"@type":"ListItem","position":2,"name":"Fragen Sie Ihren Arzt","item":"https:\/\/www.heartfailurematters.org\/de\/fragen-sie-ihren-arzt\/"},{"@type":"ListItem","position":3,"name":"\u00dcber meine Herzinsuffizienz"}]},{"@type":"WebSite","@id":"https:\/\/www.heartfailurematters.org\/de\/#website","url":"https:\/\/www.heartfailurematters.org\/de\/","name":"Heart Failure Matters","description":"Practical information for patients, families and caregivers.","publisher":{"@id":"https:\/\/www.heartfailurematters.org\/de\/#organization"},"potentialAction":[{"@type":"SearchAction","target":{"@type":"EntryPoint","urlTemplate":"https:\/\/www.heartfailurematters.org\/de\/?s={search_term_string}"},"query-input":{"@type":"PropertyValueSpecification","valueRequired":true,"valueName":"search_term_string"}}],"inLanguage":"de"},{"@type":"Organization","@id":"https:\/\/www.heartfailurematters.org\/de\/#organization","name":"Heart Failure Matters","url":"https:\/\/www.heartfailurematters.org\/de\/","logo":{"@type":"ImageObject","inLanguage":"de","@id":"https:\/\/www.heartfailurematters.org\/de\/#\/schema\/logo\/image\/","url":"https:\/\/cdn-endpoint-hfm.azureedge.net\/heartfailurematters\/2024\/07\/hfm-logo1.jpg","contentUrl":"https:\/\/cdn-endpoint-hfm.azureedge.net\/heartfailurematters\/2024\/07\/hfm-logo1.jpg","width":1280,"height":720,"caption":"Heart Failure Matters"},"image":{"@id":"https:\/\/www.heartfailurematters.org\/de\/#\/schema\/logo\/image\/"},"sameAs":["https:\/\/www.facebook.com\/heartfailurematters"]}]}},"_links":{"self":[{"href":"https:\/\/www.heartfailurematters.org\/de\/wp-json\/wp\/v2\/pages\/1370","targetHints":{"allow":["GET"]}}],"collection":[{"href":"https:\/\/www.heartfailurematters.org\/de\/wp-json\/wp\/v2\/pages"}],"about":[{"href":"https:\/\/www.heartfailurematters.org\/de\/wp-json\/wp\/v2\/types\/page"}],"author":[{"embeddable":true,"href":"https:\/\/www.heartfailurematters.org\/de\/wp-json\/wp\/v2\/users\/1"}],"replies":[{"embeddable":true,"href":"https:\/\/www.heartfailurematters.org\/de\/wp-json\/wp\/v2\/comments?post=1370"}],"version-history":[{"count":2,"href":"https:\/\/www.heartfailurematters.org\/de\/wp-json\/wp\/v2\/pages\/1370\/revisions"}],"predecessor-version":[{"id":7001,"href":"https:\/\/www.heartfailurematters.org\/de\/wp-json\/wp\/v2\/pages\/1370\/revisions\/7001"}],"up":[{"embeddable":true,"href":"https:\/\/www.heartfailurematters.org\/de\/wp-json\/wp\/v2\/pages\/2762"}],"wp:attachment":[{"href":"https:\/\/www.heartfailurematters.org\/de\/wp-json\/wp\/v2\/media?parent=1370"}],"wp:term":[{"taxonomy":"category","embeddable":true,"href":"https:\/\/www.heartfailurematters.org\/de\/wp-json\/wp\/v2\/categories?post=1370"},{"taxonomy":"post_tag","embeddable":true,"href":"https:\/\/www.heartfailurematters.org\/de\/wp-json\/wp\/v2\/tags?post=1370"}],"curies":[{"name":"wp","href":"https:\/\/api.w.org\/{rel}","templated":true}]}}