{"id":1367,"date":"2021-01-27T22:00:12","date_gmt":"2021-01-27T22:00:12","guid":{"rendered":"http:\/\/heartfailurematters.local:8888\/leben-mit-herzinsuffizienz-2\/"},"modified":"2025-12-04T11:29:49","modified_gmt":"2025-12-04T11:29:49","slug":"leben-mit-herzinsuffizienz","status":"publish","type":"page","link":"https:\/\/www.heartfailurematters.org\/de\/fragen-sie-ihren-arzt\/leben-mit-herzinsuffizienz\/","title":{"rendered":"Leben mit Herzinsuffizienz"},"content":{"rendered":"<p>Im Rahmen Ihres Behandlungsplans sind gegebenenfalls Lebensstil\u00e4nderungen erforderlich. Im Abschnitt \u00fcber die Anpassungen Ihres Lebensstils finden Sie n\u00e4here Informationen hierzu. Sie sollten dies jedoch auch mit Ihrem Gesundheitsteam besprechen, da m\u00f6glicherweise spezifische Empfehlungen f\u00fcr eventuelle \u00c4nderungen zu beachten sind. Es gibt zudem spezifische Informationen zu <a href=\"\/wp-content\/uploads\/2021\/02\/Warning_signs_EN.pdf\">Warnsignalen<\/a>.<\/p>\n<p><strong>Inwiefern soll ich meinen Lebensstil nach der Diagnose einer Herzinsuffizienz \u00e4ndern? <\/strong><br \/>\nIhre \u00c4rztin\/Ihr Arzt kann Ihnen empfehlen, welche Lebensstilanpassungen Sie vornehmen k\u00f6nnen. Ihre \u00c4rztin\/Ihr Arzt kann Sie auch an eine Ern\u00e4hrungsberatung \u00fcberweisen, die mit Ihnen \u00c4nderungen an Ihrer Ern\u00e4hrung erarbeitet. Im Rahmen einer physiotherapeutischen oder sportmedizinischen Beratung k\u00f6nnen mit Ihnen geeignete k\u00f6rperliche Aktivit\u00e4ten oder empfehlenswerte Trainings- oder Sportprogramme ermittelt werden. Genaue Informationen zum Thema <a href=\"https:\/\/www.heartfailurematters.org\/living-with-heart-failure\/smoking\/\">Rauchen<\/a> und <a href=\"https:\/\/www.heartfailurematters.org\/what-you-can-do\/adjusting-your-diet-alcohol\/\">Alkohol<\/a> finden Sie hier.<\/p>\n<p><strong>Wie h\u00e4ufig sind Kontrolluntersuchungen in der Klinik erforderlich? <\/strong><br \/>\nDies h\u00e4ngt von dem Behandlungsplan ab, den Ihre \u00c4rztin\/Ihr Arzt Ihnen empfiehlt. Ihre \u00c4rztin\/Ihr Arzt kann Sie auch an eine Fachkraft im Bereich Pflege, Ern\u00e4hrungsberatung oder Physiotherapie sowie an Selbsthilfegruppen usw. verweisen, um regelm\u00e4\u00dfige Termine zu vereinbaren.<\/p>\n<p><strong>Wie viel Fl\u00fcssigkeit sollte ich jeden Tag zu mir nehmen? <\/strong><br \/>\nEs ist wichtig, aufmerksam bez\u00fcglich Ihrer Fl\u00fcssigkeitsaufnahme zu sein, um die<a class=\"addtooltip\" title=\"Wenn zu viel Fl\u00fcssigkeit im Blut durch den K\u00f6rper zirkuliert, kommt es zur Stauung und der Druck in den Gef\u00e4\u00dfen steigt. Die Fl\u00fcssigkeit tritt in das umliegende Gewebe aus, wo sie sich ansammelt und zur Bildung eines \u00d6dems f\u00fchrt.\"><strong title=\"\">Bindung von Wasser und Salz<\/strong><\/a> im K\u00f6rper zu minimieren, welche h\u00e4ufig bei Herzinsuffizienz auftritt. Ihre behandelnde \u00c4rztin\/Ihr behandelnder Arzt, oder Herzinsuffizienz-Fachpflegekraft kann Ihnen empfehlen, wie viel Fl\u00fcssigkeit und Salz Sie zu sich nehmen sollten. Au\u00dferdem sollte Ihre \u00c4rztin\/Ihr Arzt die <a class=\"addtooltip\" title=\"Eine Klasse von Arzneimitteln, die auf die Nieren wirken, um die Urinproduktion anzuregen, wodurch Fl\u00fcssigkeitseinlagerungen und Stauungen reduziert werden.\"><strong title=\"\">Diuretika<\/strong><\/a>-Therapie mit Ihnen besprechen und erkl\u00e4ren, wie Sie diese anpassen k\u00f6nnen, falls sich Ihre Symptome verschlechtern. Denken Sie daran, dass Sie Fl\u00fcssigkeit auf verschiedene Weisen zu sich nehmen, einschlie\u00dflich durch viele Lebensmittel wie Suppen und Eint\u00f6pfe.<\/p>\n<p><strong>Welcher Art von k\u00f6rperlicher Aktivit\u00e4t sollte ich nachgehen und in welchem Ma\u00df?<\/strong><br \/>\nEin m\u00f6glichst aktiver Lebensstil ist ein wichtiger Baustein; Sie sollten jedoch sicherstellen, dass Sie es nicht zu \u00fcbertreiben und sich etwas Zeit nehmen. Sie sollten darauf achten, dass Sie bei keinen Aktivit\u00e4ten kurzatmig werden. Ihre \u00c4rztin\/Ihr Arzt kann Ihnen sagen, welche Aktivit\u00e4ten f\u00fcr den Einstieg geeignet sind und welche gemieden werden sollten. Ihre \u00c4rztin\/Ihr Arzt kann Sie ggf. auch an ein Herzrehabilitationszentrum oder eine Herzsportgruppe in der N\u00e4he verweisen, damit Sie Trainingsprogramme mit geringer Intensit\u00e4t absolvieren k\u00f6nnen.<\/p>\n<p><strong>Gibt es ein empfehlenswertes Blutdruckmessger\u00e4t?<\/strong><br \/>\nEs stehen verschiedene Blutdruckmessger\u00e4te zur Verf\u00fcgung, aber nicht alle wurden auf ihre Genauigkeit hin getestet. Ihre \u00c4rztin\/Ihr Arzt oder Ihre Apothekerin\/Ihr Apotheker kann Sie im Hinblick auf nachweislich genaue Messger\u00e4te beraten, und Sie bei der korrekten Verwendung des Messger\u00e4ts unterst\u00fctzen.<\/p>\n<p><strong>Wie sollten mein Blutdruck und meine Herzfrequenz sein?<\/strong><br \/>\nWenn Sie Ihren Blutdruck und Ihre Herzfrequenz regelm\u00e4\u00dfig messen, ist es wichtig, dass Sie die f\u00fcr Sie normalen Messwerte kennen. Herzinsuffizienz-Medikamente dienen in der Regel dazu, den Blutdruck und die Herzfrequenz zu senken. Sie k\u00f6nnen dann Ihre Messwerte erfassen und Ihre \u00c4rztin\/Ihren Arzt informieren, falls Sie gr\u00f6\u00dfere Ver\u00e4nderungen bemerken.<\/p>\n<p><strong>Kann ich trotzdem noch Flugreisen unternehmen? <\/strong><br \/>\nFlugreisen sind f\u00fcr Menschen mit Herzinsuffizienz in der Regel kein Problem. Ihre Symptome sollten jedoch stabil sein, bevor Sie auf Reisen gehen. Falls Sie ein Implantat haben, sollten Sie bei Sicherheitskontrollen darauf hinweisen, da Sicherheitsdetektoren darauf reagieren k\u00f6nnten.<br \/>\nSicherheitskontrollen d\u00fcrften die Funktion Ihres Ger\u00e4ts in keiner Weise beeintr\u00e4chtigen.<\/p>\n<p><strong>Wann sollte ich meinen n\u00e4chsten Termin f\u00fcr eine Grippe-\/Pneumokokkenimpfung vereinbaren?<\/strong><br \/>\nIhre \u00c4rztin\/Ihr Arzt kann Sie zu <a href=\"https:\/\/www.heartfailurematters.org\/living-with-heart-failure\/immunisations\/\">empfohlenen Impfungen<\/a> beraten, z. B. ob und wie h\u00e4ufig Sie eine Grippe-, <a class=\"addtooltip\" title=\"Eine Lungenentz\u00fcndung wird meist durch eine Infektion (Pneumonie) verursacht und tritt h\u00e4ufiger bei Menschen mit Herzinsuffizienz und Lungenstauung auf.\"><strong>Pneumokokken-<\/strong><\/a> oder <a href=\"https:\/\/www.heartfailurematters.org\/covid-19-virus-and-heart-failure-information-and-practical-tips\/\">COVID<\/a>-Impfung ben\u00f6tigen.<\/p>\n<p><strong>Was sollte ich tun, wenn ich denke, dass sich meine Herzinsuffizienz verschlimmert und ich h\u00e4ufiger Symptome zeige?<\/strong><br \/>\nDies ist eine wichtige Frage, die Sie in einem \u00e4rztlichen Gespr\u00e4ch abkl\u00e4ren sollten. Bitte beachten Sie den Abschnitt auf dieser Website zum Thema Warnsignale. Falls Sie zum Beispiel das Gef\u00fchl haben, dass sich Ihre Atmung allm\u00e4hlich verschlechtert oder Sie eine fortschreitende Gewichtszunahme bemerken, sollten Sie sich so schnell wie m\u00f6glich um einen Arzttermin bem\u00fchen. Falls sich die Symptome schnell verschlimmern und von Atemnot in Ruhe, Herzrasen oder Brustschmerzen begleitet werden, ben\u00f6tigen Sie dringend Hilfe und sollten sich sofort an den Rettungsdienst wenden.<\/p>\n","protected":false},"excerpt":{"rendered":"<p>Im Rahmen Ihres Behandlungsplans sind gegebenenfalls Lebensstil\u00e4nderungen erforderlich. Im Abschnitt \u00fcber die Anpassungen Ihres Lebensstils finden Sie n\u00e4here Informationen hierzu. Sie sollten dies jedoch auch mit Ihrem Gesundheitsteam besprechen, da m\u00f6glicherweise spezifische Empfehlungen f\u00fcr eventuelle \u00c4nderungen zu beachten sind. Es gibt zudem spezifische Informationen zu Warnsignalen. Inwiefern soll ich meinen Lebensstil nach der Diagnose einer [&hellip;]<\/p>\n","protected":false},"author":1,"featured_media":10596,"parent":2762,"menu_order":6,"comment_status":"open","ping_status":"closed","template":"","meta":{"_acf_changed":false,"footnotes":""},"categories":[65],"tags":[],"class_list":["post-1367","page","type-page","status-publish","has-post-thumbnail","hentry","category-ask-your-doctor-de"],"acf":[],"yoast_head":"<!-- This site is optimized with the Yoast SEO plugin v24.8.1 - https:\/\/yoast.com\/wordpress\/plugins\/seo\/ -->\n<title>Leben mit Herzinsuffizienz - n\u00fctzliche Empfehlungen<\/title>\n<meta name=\"description\" content=\"Im Rahmen Ihres Behandlungsplans sind ggf. Lebensstil\u00e4nderungen erforderlich. Stellen Sie Ihrer \u00c4rztin\/Ihrem Arzt die folgenden Fragen \u00fcber das Leben mit Herzinsuffizienz\" \/>\n<meta name=\"robots\" content=\"index, follow, max-snippet:-1, max-image-preview:large, max-video-preview:-1\" \/>\n<link rel=\"canonical\" href=\"https:\/\/www.heartfailurematters.org\/de\/fragen-sie-ihren-arzt\/leben-mit-herzinsuffizienz\/\" \/>\n<meta property=\"og:locale\" content=\"de_DE\" \/>\n<meta property=\"og:type\" content=\"article\" \/>\n<meta property=\"og:title\" content=\"Leben mit Herzinsuffizienz - n\u00fctzliche Empfehlungen\" \/>\n<meta property=\"og:description\" content=\"Im Rahmen Ihres Behandlungsplans sind ggf. Lebensstil\u00e4nderungen erforderlich. Stellen Sie Ihrer \u00c4rztin\/Ihrem Arzt die folgenden Fragen \u00fcber das Leben mit Herzinsuffizienz\" \/>\n<meta property=\"og:url\" content=\"https:\/\/www.heartfailurematters.org\/de\/fragen-sie-ihren-arzt\/leben-mit-herzinsuffizienz\/\" \/>\n<meta property=\"og:site_name\" content=\"Heart Failure Matters\" \/>\n<meta property=\"article:publisher\" content=\"https:\/\/www.facebook.com\/heartfailurematters\" \/>\n<meta property=\"article:modified_time\" content=\"2025-12-04T11:29:49+00:00\" \/>\n<meta property=\"og:image\" content=\"https:\/\/www.heartfailurematters.org\/wp-content\/uploads\/2022\/02\/shutterstock_294962735-1-min.jpg\" \/>\n\t<meta property=\"og:image:width\" content=\"900\" \/>\n\t<meta property=\"og:image:height\" content=\"601\" \/>\n\t<meta property=\"og:image:type\" content=\"image\/jpeg\" \/>\n<meta name=\"twitter:card\" content=\"summary_large_image\" \/>\n<meta name=\"twitter:label1\" content=\"Gesch\u00e4tzte Lesezeit\" \/>\n\t<meta name=\"twitter:data1\" content=\"4\u00a0Minuten\" \/>\n<script type=\"application\/ld+json\" class=\"yoast-schema-graph\">{\"@context\":\"https:\/\/schema.org\",\"@graph\":[{\"@type\":\"WebPage\",\"@id\":\"https:\/\/www.heartfailurematters.org\/de\/fragen-sie-ihren-arzt\/leben-mit-herzinsuffizienz\/\",\"url\":\"https:\/\/www.heartfailurematters.org\/de\/fragen-sie-ihren-arzt\/leben-mit-herzinsuffizienz\/\",\"name\":\"Leben mit Herzinsuffizienz - n\u00fctzliche Empfehlungen\",\"isPartOf\":{\"@id\":\"https:\/\/www.heartfailurematters.org\/de\/#website\"},\"primaryImageOfPage\":{\"@id\":\"https:\/\/www.heartfailurematters.org\/de\/fragen-sie-ihren-arzt\/leben-mit-herzinsuffizienz\/#primaryimage\"},\"image\":{\"@id\":\"https:\/\/www.heartfailurematters.org\/de\/fragen-sie-ihren-arzt\/leben-mit-herzinsuffizienz\/#primaryimage\"},\"thumbnailUrl\":\"https:\/\/www.heartfailurematters.org\/wp-content\/uploads\/2022\/02\/shutterstock_294962735-1-min.jpg\",\"datePublished\":\"2021-01-27T22:00:12+00:00\",\"dateModified\":\"2025-12-04T11:29:49+00:00\",\"description\":\"Im Rahmen Ihres Behandlungsplans sind ggf. Lebensstil\u00e4nderungen erforderlich. Stellen Sie Ihrer \u00c4rztin\/Ihrem Arzt die folgenden Fragen \u00fcber das Leben mit Herzinsuffizienz\",\"breadcrumb\":{\"@id\":\"https:\/\/www.heartfailurematters.org\/de\/fragen-sie-ihren-arzt\/leben-mit-herzinsuffizienz\/#breadcrumb\"},\"inLanguage\":\"de\",\"potentialAction\":[{\"@type\":\"ReadAction\",\"target\":[\"https:\/\/www.heartfailurematters.org\/de\/fragen-sie-ihren-arzt\/leben-mit-herzinsuffizienz\/\"]}]},{\"@type\":\"ImageObject\",\"inLanguage\":\"de\",\"@id\":\"https:\/\/www.heartfailurematters.org\/de\/fragen-sie-ihren-arzt\/leben-mit-herzinsuffizienz\/#primaryimage\",\"url\":\"https:\/\/www.heartfailurematters.org\/wp-content\/uploads\/2022\/02\/shutterstock_294962735-1-min.jpg\",\"contentUrl\":\"https:\/\/www.heartfailurematters.org\/wp-content\/uploads\/2022\/02\/shutterstock_294962735-1-min.jpg\",\"width\":900,\"height\":601},{\"@type\":\"BreadcrumbList\",\"@id\":\"https:\/\/www.heartfailurematters.org\/de\/fragen-sie-ihren-arzt\/leben-mit-herzinsuffizienz\/#breadcrumb\",\"itemListElement\":[{\"@type\":\"ListItem\",\"position\":1,\"name\":\"Startseite\",\"item\":\"https:\/\/www.heartfailurematters.org\/de\/\"},{\"@type\":\"ListItem\",\"position\":2,\"name\":\"Fragen Sie Ihren Arzt\",\"item\":\"https:\/\/www.heartfailurematters.org\/de\/fragen-sie-ihren-arzt\/\"},{\"@type\":\"ListItem\",\"position\":3,\"name\":\"Leben mit Herzinsuffizienz\"}]},{\"@type\":\"WebSite\",\"@id\":\"https:\/\/www.heartfailurematters.org\/de\/#website\",\"url\":\"https:\/\/www.heartfailurematters.org\/de\/\",\"name\":\"Heart Failure Matters\",\"description\":\"Practical information for patients, families and caregivers.\",\"publisher\":{\"@id\":\"https:\/\/www.heartfailurematters.org\/de\/#organization\"},\"potentialAction\":[{\"@type\":\"SearchAction\",\"target\":{\"@type\":\"EntryPoint\",\"urlTemplate\":\"https:\/\/www.heartfailurematters.org\/de\/?s={search_term_string}\"},\"query-input\":{\"@type\":\"PropertyValueSpecification\",\"valueRequired\":true,\"valueName\":\"search_term_string\"}}],\"inLanguage\":\"de\"},{\"@type\":\"Organization\",\"@id\":\"https:\/\/www.heartfailurematters.org\/de\/#organization\",\"name\":\"Heart Failure Matters\",\"url\":\"https:\/\/www.heartfailurematters.org\/de\/\",\"logo\":{\"@type\":\"ImageObject\",\"inLanguage\":\"de\",\"@id\":\"https:\/\/www.heartfailurematters.org\/de\/#\/schema\/logo\/image\/\",\"url\":\"https:\/\/cdn-endpoint-hfm.azureedge.net\/heartfailurematters\/2024\/07\/hfm-logo1.jpg\",\"contentUrl\":\"https:\/\/cdn-endpoint-hfm.azureedge.net\/heartfailurematters\/2024\/07\/hfm-logo1.jpg\",\"width\":1280,\"height\":720,\"caption\":\"Heart Failure Matters\"},\"image\":{\"@id\":\"https:\/\/www.heartfailurematters.org\/de\/#\/schema\/logo\/image\/\"},\"sameAs\":[\"https:\/\/www.facebook.com\/heartfailurematters\"]}]}<\/script>\n<!-- \/ Yoast SEO plugin. -->","yoast_head_json":{"title":"Leben mit Herzinsuffizienz - n\u00fctzliche Empfehlungen","description":"Im Rahmen Ihres Behandlungsplans sind ggf. Lebensstil\u00e4nderungen erforderlich. Stellen Sie Ihrer \u00c4rztin\/Ihrem Arzt die folgenden Fragen \u00fcber das Leben mit Herzinsuffizienz","robots":{"index":"index","follow":"follow","max-snippet":"max-snippet:-1","max-image-preview":"max-image-preview:large","max-video-preview":"max-video-preview:-1"},"canonical":"https:\/\/www.heartfailurematters.org\/de\/fragen-sie-ihren-arzt\/leben-mit-herzinsuffizienz\/","og_locale":"de_DE","og_type":"article","og_title":"Leben mit Herzinsuffizienz - n\u00fctzliche Empfehlungen","og_description":"Im Rahmen Ihres Behandlungsplans sind ggf. Lebensstil\u00e4nderungen erforderlich. Stellen Sie Ihrer \u00c4rztin\/Ihrem Arzt die folgenden Fragen \u00fcber das Leben mit Herzinsuffizienz","og_url":"https:\/\/www.heartfailurematters.org\/de\/fragen-sie-ihren-arzt\/leben-mit-herzinsuffizienz\/","og_site_name":"Heart Failure Matters","article_publisher":"https:\/\/www.facebook.com\/heartfailurematters","article_modified_time":"2025-12-04T11:29:49+00:00","og_image":[{"width":900,"height":601,"url":"https:\/\/www.heartfailurematters.org\/wp-content\/uploads\/2022\/02\/shutterstock_294962735-1-min.jpg","type":"image\/jpeg"}],"twitter_card":"summary_large_image","twitter_misc":{"Gesch\u00e4tzte Lesezeit":"4\u00a0Minuten"},"schema":{"@context":"https:\/\/schema.org","@graph":[{"@type":"WebPage","@id":"https:\/\/www.heartfailurematters.org\/de\/fragen-sie-ihren-arzt\/leben-mit-herzinsuffizienz\/","url":"https:\/\/www.heartfailurematters.org\/de\/fragen-sie-ihren-arzt\/leben-mit-herzinsuffizienz\/","name":"Leben mit Herzinsuffizienz - n\u00fctzliche Empfehlungen","isPartOf":{"@id":"https:\/\/www.heartfailurematters.org\/de\/#website"},"primaryImageOfPage":{"@id":"https:\/\/www.heartfailurematters.org\/de\/fragen-sie-ihren-arzt\/leben-mit-herzinsuffizienz\/#primaryimage"},"image":{"@id":"https:\/\/www.heartfailurematters.org\/de\/fragen-sie-ihren-arzt\/leben-mit-herzinsuffizienz\/#primaryimage"},"thumbnailUrl":"https:\/\/www.heartfailurematters.org\/wp-content\/uploads\/2022\/02\/shutterstock_294962735-1-min.jpg","datePublished":"2021-01-27T22:00:12+00:00","dateModified":"2025-12-04T11:29:49+00:00","description":"Im Rahmen Ihres Behandlungsplans sind ggf. Lebensstil\u00e4nderungen erforderlich. Stellen Sie Ihrer \u00c4rztin\/Ihrem Arzt die folgenden Fragen \u00fcber das Leben mit Herzinsuffizienz","breadcrumb":{"@id":"https:\/\/www.heartfailurematters.org\/de\/fragen-sie-ihren-arzt\/leben-mit-herzinsuffizienz\/#breadcrumb"},"inLanguage":"de","potentialAction":[{"@type":"ReadAction","target":["https:\/\/www.heartfailurematters.org\/de\/fragen-sie-ihren-arzt\/leben-mit-herzinsuffizienz\/"]}]},{"@type":"ImageObject","inLanguage":"de","@id":"https:\/\/www.heartfailurematters.org\/de\/fragen-sie-ihren-arzt\/leben-mit-herzinsuffizienz\/#primaryimage","url":"https:\/\/www.heartfailurematters.org\/wp-content\/uploads\/2022\/02\/shutterstock_294962735-1-min.jpg","contentUrl":"https:\/\/www.heartfailurematters.org\/wp-content\/uploads\/2022\/02\/shutterstock_294962735-1-min.jpg","width":900,"height":601},{"@type":"BreadcrumbList","@id":"https:\/\/www.heartfailurematters.org\/de\/fragen-sie-ihren-arzt\/leben-mit-herzinsuffizienz\/#breadcrumb","itemListElement":[{"@type":"ListItem","position":1,"name":"Startseite","item":"https:\/\/www.heartfailurematters.org\/de\/"},{"@type":"ListItem","position":2,"name":"Fragen Sie Ihren Arzt","item":"https:\/\/www.heartfailurematters.org\/de\/fragen-sie-ihren-arzt\/"},{"@type":"ListItem","position":3,"name":"Leben mit Herzinsuffizienz"}]},{"@type":"WebSite","@id":"https:\/\/www.heartfailurematters.org\/de\/#website","url":"https:\/\/www.heartfailurematters.org\/de\/","name":"Heart Failure Matters","description":"Practical information for patients, families and caregivers.","publisher":{"@id":"https:\/\/www.heartfailurematters.org\/de\/#organization"},"potentialAction":[{"@type":"SearchAction","target":{"@type":"EntryPoint","urlTemplate":"https:\/\/www.heartfailurematters.org\/de\/?s={search_term_string}"},"query-input":{"@type":"PropertyValueSpecification","valueRequired":true,"valueName":"search_term_string"}}],"inLanguage":"de"},{"@type":"Organization","@id":"https:\/\/www.heartfailurematters.org\/de\/#organization","name":"Heart Failure Matters","url":"https:\/\/www.heartfailurematters.org\/de\/","logo":{"@type":"ImageObject","inLanguage":"de","@id":"https:\/\/www.heartfailurematters.org\/de\/#\/schema\/logo\/image\/","url":"https:\/\/cdn-endpoint-hfm.azureedge.net\/heartfailurematters\/2024\/07\/hfm-logo1.jpg","contentUrl":"https:\/\/cdn-endpoint-hfm.azureedge.net\/heartfailurematters\/2024\/07\/hfm-logo1.jpg","width":1280,"height":720,"caption":"Heart Failure Matters"},"image":{"@id":"https:\/\/www.heartfailurematters.org\/de\/#\/schema\/logo\/image\/"},"sameAs":["https:\/\/www.facebook.com\/heartfailurematters"]}]}},"_links":{"self":[{"href":"https:\/\/www.heartfailurematters.org\/de\/wp-json\/wp\/v2\/pages\/1367","targetHints":{"allow":["GET"]}}],"collection":[{"href":"https:\/\/www.heartfailurematters.org\/de\/wp-json\/wp\/v2\/pages"}],"about":[{"href":"https:\/\/www.heartfailurematters.org\/de\/wp-json\/wp\/v2\/types\/page"}],"author":[{"embeddable":true,"href":"https:\/\/www.heartfailurematters.org\/de\/wp-json\/wp\/v2\/users\/1"}],"replies":[{"embeddable":true,"href":"https:\/\/www.heartfailurematters.org\/de\/wp-json\/wp\/v2\/comments?post=1367"}],"version-history":[{"count":1,"href":"https:\/\/www.heartfailurematters.org\/de\/wp-json\/wp\/v2\/pages\/1367\/revisions"}],"predecessor-version":[{"id":13659,"href":"https:\/\/www.heartfailurematters.org\/de\/wp-json\/wp\/v2\/pages\/1367\/revisions\/13659"}],"up":[{"embeddable":true,"href":"https:\/\/www.heartfailurematters.org\/de\/wp-json\/wp\/v2\/pages\/2762"}],"wp:featuredmedia":[{"embeddable":true,"href":"https:\/\/www.heartfailurematters.org\/de\/wp-json\/wp\/v2\/media\/10596"}],"wp:attachment":[{"href":"https:\/\/www.heartfailurematters.org\/de\/wp-json\/wp\/v2\/media?parent=1367"}],"wp:term":[{"taxonomy":"category","embeddable":true,"href":"https:\/\/www.heartfailurematters.org\/de\/wp-json\/wp\/v2\/categories?post=1367"},{"taxonomy":"post_tag","embeddable":true,"href":"https:\/\/www.heartfailurematters.org\/de\/wp-json\/wp\/v2\/tags?post=1367"}],"curies":[{"name":"wp","href":"https:\/\/api.w.org\/{rel}","templated":true}]}}