{"id":1363,"date":"2021-01-27T22:00:12","date_gmt":"2021-01-27T22:00:12","guid":{"rendered":"http:\/\/heartfailurematters.local:8888\/herzkatheter-und-angiographie\/"},"modified":"2021-07-19T10:28:06","modified_gmt":"2021-07-19T09:28:06","slug":"herzkatheter-und-angiographie","status":"publish","type":"page","link":"https:\/\/www.heartfailurematters.org\/de\/herzinsuffizienz-verstehen\/herzkatheter-und-angiographie\/","title":{"rendered":"Herzkatheter und Angiographie"},"content":{"rendered":"<p><a class=\"addtooltip\" title=\"&lt;div id='ToolTipTextWrap'&gt;Angiography&lt;\/div&gt;&lt;p&gt;A test using an injection of a liquid dye that is visible on x-rays to identify blockages in your coronary arteries. &lt;\/p&gt;\" href=\"#\"><strong>Angiographie <\/strong><\/a>ist ein Test, bei dem ein Fl\u00fcssigfarbstoff injiziert wird, um den Blutfluss durch die den Herzmuskel versorgenden Arterien (<a class=\"addtooltip\" title=\"&lt;div id='ToolTipTextWrap'&gt;Coronary arteries&lt;\/div&gt;&lt;p&gt;Blood vessels that supply blood to the heart muscle. &lt;\/p&gt;\" href=\"#\"><strong>Koronararterien<\/strong><\/a>) beobachten zu k\u00f6nnen. Sie kann auch Aufschluss \u00fcber die Druckverh\u00e4ltnisse und Funktionst\u00fcchtigkeit der Ventrikel<\/p>\n<p>gebeDas Verfahren wird in einem R\u00f6ntgenraum durchgef\u00fchrt und nimmt 20 Minuten bis 1 Stunde in Anspruch, je nachdem was festgestellt wird.<\/p>\n<p>An dem Verfahren ist ein ganzes Team von Gesundheitsberufen beteiligt, einschlie\u00dflich einem Arzt, einer Schwester, einem Techniker und einem R\u00f6ntgenassistenten.<\/p>\n<p>Ein <a class=\"addtooltip\" title=\"&lt;div id='ToolTipTextWrap'&gt;Catheter&lt;\/div&gt;&lt;p&gt;a thin, flexible tube used in many procedures. &lt;\/p&gt;\" href=\"#\"><strong>Katheter <\/strong><\/a>wird in eine Vene oder Arterie entweder in der Leiste oder am Arm eingef\u00fchrt. Sie erhalten ein Lokalan\u00e4sthetikum, damit Sie davon nichts sp\u00fcren. Das Man\u00f6ver wird unter R\u00f6ntgenkontrolle durchgef\u00fchrt, um den Katheter durch Ihre Blutgef\u00e4\u00dfe in die korrekte Position in Ihr Herzen vorzuschieben. Sie sp\u00fcren die Bewegungen des Katheters nicht und k\u00f6nnen das Verfahren auf Wunsch am Bildschirm verfolgen.<\/p>\n<p>Sobald die richtige Position erreicht ist, wird der Blutdruck an der Katheterspitze gepr\u00fcft, dann wird ein Farbstoff \u00fcber den Katheter abgegeben und eine Reihe von R\u00f6ntgenbildern gemacht.<\/p>\n<p>Wenn der Test beendet ist, wird der Katheter wieder herausgezogen und von einer Schwester ein Verband angelegt.<\/p>\n<p>Nach dem Test m\u00fcssen Sie mehrere Stunden lang ruhen und m\u00f6glicherweise f\u00fchlen Sie sich eine Zeit lang ersch\u00f6pft. Die Stelle, an der der Katheter eingef\u00fchrt wurde, kann druckempfindlich sein und m\u00f6glicherweise hat sich dort ein kleiner Bluterguss oder Knoten gebildet. Diese verschwinden jedoch innerhalb weniger Tage wieder.<\/p>\n<p>Die Angiographie liefert zentrale Informationen \u00fcber die Druckverh\u00e4ltnisse im Inneren des Herzens, wie gut Ihr Herz arbeitet und auch \u00fcber den Blutfluss in den Koronararterien. Dieser Test erm\u00f6glicht es dem Kardiologen zudem zu beurteilen, ob Ihre Herzklappen schlecht funktionieren <a class=\"addtooltip\" title=\"&lt;div id='ToolTipTextWrap'&gt;Valves&lt;\/div&gt;&lt;p&gt;A test using an injection of a liquid dye that is visible on x-rays to identify blockages in your coronary arteries. &lt;\/p&gt;\" href=\"#\"><strong>Klappen <\/strong><\/a>.<\/p>\n<p>Mit diesem Verfahren kann auch eine Verengung der den Herzmuskel versorgenden Arterien lokalisiert und ermittelt werden, wie schwer die Arterien betroffen sind.<\/p>\n<p>Die Ergebnisse einer Angiographie unterst\u00fctzen Entscheidungen \u00fcber m\u00f6gliche Interventionen oder operative Eingriffe.<\/p>\n<p><a href=\"https:\/\/www.heartfailurematters.org\/de\/herzinsuffizienz-verstehen\/uebliche-tests-zum-nachweis-einer-herzinsuffizienz\/\">Zur\u00fcck zu \u201c\u00dcbliche Tests zum Nachweis einer Herzinsuffizienz\u201c<\/a><\/p>\n","protected":false},"excerpt":{"rendered":"<p>Angiographie ist ein Test, bei dem ein Fl\u00fcssigfarbstoff injiziert wird, um den Blutfluss durch die den Herzmuskel versorgenden Arterien (Koronararterien) beobachten zu k\u00f6nnen. Sie kann auch Aufschluss \u00fcber die Druckverh\u00e4ltnisse und Funktionst\u00fcchtigkeit der Ventrikel gebeDas Verfahren wird in einem R\u00f6ntgenraum durchgef\u00fchrt und nimmt 20 Minuten bis 1 Stunde in Anspruch, je nachdem was festgestellt wird. [&hellip;]<\/p>\n","protected":false},"author":1,"featured_media":10687,"parent":1371,"menu_order":0,"comment_status":"open","ping_status":"open","template":"","meta":{"_acf_changed":false,"footnotes":""},"categories":[],"tags":[],"class_list":["post-1363","page","type-page","status-publish","has-post-thumbnail","hentry"],"acf":[],"yoast_head":"<!-- This site is optimized with the Yoast SEO plugin v24.8.1 - https:\/\/yoast.com\/wordpress\/plugins\/seo\/ -->\n<title>Herzkatheterisierung und Angiographie bei Herzinsuffizienz<\/title>\n<meta name=\"description\" content=\"Bei einer Angiographie handelt es sich um einen Test, bei der fl\u00fcssiger Farbstoff injiziert wird, um den Blutfluss durch die Arterien zu beobachten, die Ihren Herzmuskel versorgen (Koronararterien). Sie kann au\u00dferdem Informationen \u00fcber den Druck und die Funktion der Ventrikel liefern.\" \/>\n<meta name=\"robots\" content=\"index, follow, max-snippet:-1, max-image-preview:large, max-video-preview:-1\" \/>\n<link rel=\"canonical\" href=\"https:\/\/www.heartfailurematters.org\/de\/herzinsuffizienz-verstehen\/herzkatheter-und-angiographie\/\" \/>\n<meta property=\"og:locale\" content=\"de_DE\" \/>\n<meta property=\"og:type\" content=\"article\" \/>\n<meta property=\"og:title\" content=\"Herzkatheterisierung und Angiographie bei Herzinsuffizienz\" \/>\n<meta property=\"og:description\" content=\"Bei einer Angiographie handelt es sich um einen Test, bei der fl\u00fcssiger Farbstoff injiziert wird, um den Blutfluss durch die Arterien zu beobachten, die Ihren Herzmuskel versorgen (Koronararterien). Sie kann au\u00dferdem Informationen \u00fcber den Druck und die Funktion der Ventrikel liefern.\" \/>\n<meta property=\"og:url\" content=\"https:\/\/www.heartfailurematters.org\/de\/herzinsuffizienz-verstehen\/herzkatheter-und-angiographie\/\" \/>\n<meta property=\"og:site_name\" content=\"Heart Failure Matters\" \/>\n<meta property=\"article:publisher\" content=\"https:\/\/www.facebook.com\/heartfailurematters\" \/>\n<meta property=\"article:modified_time\" content=\"2021-07-19T09:28:06+00:00\" \/>\n<meta property=\"og:image\" content=\"https:\/\/www.heartfailurematters.org\/wp-content\/uploads\/2022\/02\/shutterstock_26945083-1-min.jpg\" \/>\n\t<meta property=\"og:image:width\" content=\"900\" \/>\n\t<meta property=\"og:image:height\" content=\"600\" \/>\n\t<meta property=\"og:image:type\" content=\"image\/jpeg\" \/>\n<meta name=\"twitter:card\" content=\"summary_large_image\" \/>\n<meta name=\"twitter:label1\" content=\"Gesch\u00e4tzte Lesezeit\" \/>\n\t<meta name=\"twitter:data1\" content=\"2\u00a0Minuten\" \/>\n<script type=\"application\/ld+json\" class=\"yoast-schema-graph\">{\"@context\":\"https:\/\/schema.org\",\"@graph\":[{\"@type\":\"WebPage\",\"@id\":\"https:\/\/www.heartfailurematters.org\/de\/herzinsuffizienz-verstehen\/herzkatheter-und-angiographie\/\",\"url\":\"https:\/\/www.heartfailurematters.org\/de\/herzinsuffizienz-verstehen\/herzkatheter-und-angiographie\/\",\"name\":\"Herzkatheterisierung und Angiographie bei Herzinsuffizienz\",\"isPartOf\":{\"@id\":\"https:\/\/www.heartfailurematters.org\/de\/#website\"},\"primaryImageOfPage\":{\"@id\":\"https:\/\/www.heartfailurematters.org\/de\/herzinsuffizienz-verstehen\/herzkatheter-und-angiographie\/#primaryimage\"},\"image\":{\"@id\":\"https:\/\/www.heartfailurematters.org\/de\/herzinsuffizienz-verstehen\/herzkatheter-und-angiographie\/#primaryimage\"},\"thumbnailUrl\":\"https:\/\/www.heartfailurematters.org\/wp-content\/uploads\/2022\/02\/shutterstock_26945083-1-min.jpg\",\"datePublished\":\"2021-01-27T22:00:12+00:00\",\"dateModified\":\"2021-07-19T09:28:06+00:00\",\"description\":\"Bei einer Angiographie handelt es sich um einen Test, bei der fl\u00fcssiger Farbstoff injiziert wird, um den Blutfluss durch die Arterien zu beobachten, die Ihren Herzmuskel versorgen (Koronararterien). Sie kann au\u00dferdem Informationen \u00fcber den Druck und die Funktion der Ventrikel liefern.\",\"breadcrumb\":{\"@id\":\"https:\/\/www.heartfailurematters.org\/de\/herzinsuffizienz-verstehen\/herzkatheter-und-angiographie\/#breadcrumb\"},\"inLanguage\":\"de\",\"potentialAction\":[{\"@type\":\"ReadAction\",\"target\":[\"https:\/\/www.heartfailurematters.org\/de\/herzinsuffizienz-verstehen\/herzkatheter-und-angiographie\/\"]}]},{\"@type\":\"ImageObject\",\"inLanguage\":\"de\",\"@id\":\"https:\/\/www.heartfailurematters.org\/de\/herzinsuffizienz-verstehen\/herzkatheter-und-angiographie\/#primaryimage\",\"url\":\"https:\/\/www.heartfailurematters.org\/wp-content\/uploads\/2022\/02\/shutterstock_26945083-1-min.jpg\",\"contentUrl\":\"https:\/\/www.heartfailurematters.org\/wp-content\/uploads\/2022\/02\/shutterstock_26945083-1-min.jpg\",\"width\":900,\"height\":600},{\"@type\":\"BreadcrumbList\",\"@id\":\"https:\/\/www.heartfailurematters.org\/de\/herzinsuffizienz-verstehen\/herzkatheter-und-angiographie\/#breadcrumb\",\"itemListElement\":[{\"@type\":\"ListItem\",\"position\":1,\"name\":\"Startseite\",\"item\":\"https:\/\/www.heartfailurematters.org\/de\/\"},{\"@type\":\"ListItem\",\"position\":2,\"name\":\"Herzinsuffizienz verstehen\",\"item\":\"https:\/\/www.heartfailurematters.org\/de\/herzinsuffizienz-verstehen\/\"},{\"@type\":\"ListItem\",\"position\":3,\"name\":\"Herzkatheter und Angiographie\"}]},{\"@type\":\"WebSite\",\"@id\":\"https:\/\/www.heartfailurematters.org\/de\/#website\",\"url\":\"https:\/\/www.heartfailurematters.org\/de\/\",\"name\":\"Heart Failure Matters\",\"description\":\"Practical information for patients, families and caregivers.\",\"publisher\":{\"@id\":\"https:\/\/www.heartfailurematters.org\/de\/#organization\"},\"potentialAction\":[{\"@type\":\"SearchAction\",\"target\":{\"@type\":\"EntryPoint\",\"urlTemplate\":\"https:\/\/www.heartfailurematters.org\/de\/?s={search_term_string}\"},\"query-input\":{\"@type\":\"PropertyValueSpecification\",\"valueRequired\":true,\"valueName\":\"search_term_string\"}}],\"inLanguage\":\"de\"},{\"@type\":\"Organization\",\"@id\":\"https:\/\/www.heartfailurematters.org\/de\/#organization\",\"name\":\"Heart Failure Matters\",\"url\":\"https:\/\/www.heartfailurematters.org\/de\/\",\"logo\":{\"@type\":\"ImageObject\",\"inLanguage\":\"de\",\"@id\":\"https:\/\/www.heartfailurematters.org\/de\/#\/schema\/logo\/image\/\",\"url\":\"https:\/\/cdn-endpoint-hfm.azureedge.net\/heartfailurematters\/2024\/07\/hfm-logo1.jpg\",\"contentUrl\":\"https:\/\/cdn-endpoint-hfm.azureedge.net\/heartfailurematters\/2024\/07\/hfm-logo1.jpg\",\"width\":1280,\"height\":720,\"caption\":\"Heart Failure Matters\"},\"image\":{\"@id\":\"https:\/\/www.heartfailurematters.org\/de\/#\/schema\/logo\/image\/\"},\"sameAs\":[\"https:\/\/www.facebook.com\/heartfailurematters\"]}]}<\/script>\n<!-- \/ Yoast SEO plugin. -->","yoast_head_json":{"title":"Herzkatheterisierung und Angiographie bei Herzinsuffizienz","description":"Bei einer Angiographie handelt es sich um einen Test, bei der fl\u00fcssiger Farbstoff injiziert wird, um den Blutfluss durch die Arterien zu beobachten, die Ihren Herzmuskel versorgen (Koronararterien). Sie kann au\u00dferdem Informationen \u00fcber den Druck und die Funktion der Ventrikel liefern.","robots":{"index":"index","follow":"follow","max-snippet":"max-snippet:-1","max-image-preview":"max-image-preview:large","max-video-preview":"max-video-preview:-1"},"canonical":"https:\/\/www.heartfailurematters.org\/de\/herzinsuffizienz-verstehen\/herzkatheter-und-angiographie\/","og_locale":"de_DE","og_type":"article","og_title":"Herzkatheterisierung und Angiographie bei Herzinsuffizienz","og_description":"Bei einer Angiographie handelt es sich um einen Test, bei der fl\u00fcssiger Farbstoff injiziert wird, um den Blutfluss durch die Arterien zu beobachten, die Ihren Herzmuskel versorgen (Koronararterien). Sie kann au\u00dferdem Informationen \u00fcber den Druck und die Funktion der Ventrikel liefern.","og_url":"https:\/\/www.heartfailurematters.org\/de\/herzinsuffizienz-verstehen\/herzkatheter-und-angiographie\/","og_site_name":"Heart Failure Matters","article_publisher":"https:\/\/www.facebook.com\/heartfailurematters","article_modified_time":"2021-07-19T09:28:06+00:00","og_image":[{"width":900,"height":600,"url":"https:\/\/www.heartfailurematters.org\/wp-content\/uploads\/2022\/02\/shutterstock_26945083-1-min.jpg","type":"image\/jpeg"}],"twitter_card":"summary_large_image","twitter_misc":{"Gesch\u00e4tzte Lesezeit":"2\u00a0Minuten"},"schema":{"@context":"https:\/\/schema.org","@graph":[{"@type":"WebPage","@id":"https:\/\/www.heartfailurematters.org\/de\/herzinsuffizienz-verstehen\/herzkatheter-und-angiographie\/","url":"https:\/\/www.heartfailurematters.org\/de\/herzinsuffizienz-verstehen\/herzkatheter-und-angiographie\/","name":"Herzkatheterisierung und Angiographie bei Herzinsuffizienz","isPartOf":{"@id":"https:\/\/www.heartfailurematters.org\/de\/#website"},"primaryImageOfPage":{"@id":"https:\/\/www.heartfailurematters.org\/de\/herzinsuffizienz-verstehen\/herzkatheter-und-angiographie\/#primaryimage"},"image":{"@id":"https:\/\/www.heartfailurematters.org\/de\/herzinsuffizienz-verstehen\/herzkatheter-und-angiographie\/#primaryimage"},"thumbnailUrl":"https:\/\/www.heartfailurematters.org\/wp-content\/uploads\/2022\/02\/shutterstock_26945083-1-min.jpg","datePublished":"2021-01-27T22:00:12+00:00","dateModified":"2021-07-19T09:28:06+00:00","description":"Bei einer Angiographie handelt es sich um einen Test, bei der fl\u00fcssiger Farbstoff injiziert wird, um den Blutfluss durch die Arterien zu beobachten, die Ihren Herzmuskel versorgen (Koronararterien). Sie kann au\u00dferdem Informationen \u00fcber den Druck und die Funktion der Ventrikel liefern.","breadcrumb":{"@id":"https:\/\/www.heartfailurematters.org\/de\/herzinsuffizienz-verstehen\/herzkatheter-und-angiographie\/#breadcrumb"},"inLanguage":"de","potentialAction":[{"@type":"ReadAction","target":["https:\/\/www.heartfailurematters.org\/de\/herzinsuffizienz-verstehen\/herzkatheter-und-angiographie\/"]}]},{"@type":"ImageObject","inLanguage":"de","@id":"https:\/\/www.heartfailurematters.org\/de\/herzinsuffizienz-verstehen\/herzkatheter-und-angiographie\/#primaryimage","url":"https:\/\/www.heartfailurematters.org\/wp-content\/uploads\/2022\/02\/shutterstock_26945083-1-min.jpg","contentUrl":"https:\/\/www.heartfailurematters.org\/wp-content\/uploads\/2022\/02\/shutterstock_26945083-1-min.jpg","width":900,"height":600},{"@type":"BreadcrumbList","@id":"https:\/\/www.heartfailurematters.org\/de\/herzinsuffizienz-verstehen\/herzkatheter-und-angiographie\/#breadcrumb","itemListElement":[{"@type":"ListItem","position":1,"name":"Startseite","item":"https:\/\/www.heartfailurematters.org\/de\/"},{"@type":"ListItem","position":2,"name":"Herzinsuffizienz verstehen","item":"https:\/\/www.heartfailurematters.org\/de\/herzinsuffizienz-verstehen\/"},{"@type":"ListItem","position":3,"name":"Herzkatheter und Angiographie"}]},{"@type":"WebSite","@id":"https:\/\/www.heartfailurematters.org\/de\/#website","url":"https:\/\/www.heartfailurematters.org\/de\/","name":"Heart Failure Matters","description":"Practical information for patients, families and caregivers.","publisher":{"@id":"https:\/\/www.heartfailurematters.org\/de\/#organization"},"potentialAction":[{"@type":"SearchAction","target":{"@type":"EntryPoint","urlTemplate":"https:\/\/www.heartfailurematters.org\/de\/?s={search_term_string}"},"query-input":{"@type":"PropertyValueSpecification","valueRequired":true,"valueName":"search_term_string"}}],"inLanguage":"de"},{"@type":"Organization","@id":"https:\/\/www.heartfailurematters.org\/de\/#organization","name":"Heart Failure Matters","url":"https:\/\/www.heartfailurematters.org\/de\/","logo":{"@type":"ImageObject","inLanguage":"de","@id":"https:\/\/www.heartfailurematters.org\/de\/#\/schema\/logo\/image\/","url":"https:\/\/cdn-endpoint-hfm.azureedge.net\/heartfailurematters\/2024\/07\/hfm-logo1.jpg","contentUrl":"https:\/\/cdn-endpoint-hfm.azureedge.net\/heartfailurematters\/2024\/07\/hfm-logo1.jpg","width":1280,"height":720,"caption":"Heart Failure Matters"},"image":{"@id":"https:\/\/www.heartfailurematters.org\/de\/#\/schema\/logo\/image\/"},"sameAs":["https:\/\/www.facebook.com\/heartfailurematters"]}]}},"_links":{"self":[{"href":"https:\/\/www.heartfailurematters.org\/de\/wp-json\/wp\/v2\/pages\/1363","targetHints":{"allow":["GET"]}}],"collection":[{"href":"https:\/\/www.heartfailurematters.org\/de\/wp-json\/wp\/v2\/pages"}],"about":[{"href":"https:\/\/www.heartfailurematters.org\/de\/wp-json\/wp\/v2\/types\/page"}],"author":[{"embeddable":true,"href":"https:\/\/www.heartfailurematters.org\/de\/wp-json\/wp\/v2\/users\/1"}],"replies":[{"embeddable":true,"href":"https:\/\/www.heartfailurematters.org\/de\/wp-json\/wp\/v2\/comments?post=1363"}],"version-history":[{"count":1,"href":"https:\/\/www.heartfailurematters.org\/de\/wp-json\/wp\/v2\/pages\/1363\/revisions"}],"predecessor-version":[{"id":9479,"href":"https:\/\/www.heartfailurematters.org\/de\/wp-json\/wp\/v2\/pages\/1363\/revisions\/9479"}],"up":[{"embeddable":true,"href":"https:\/\/www.heartfailurematters.org\/de\/wp-json\/wp\/v2\/pages\/1371"}],"wp:featuredmedia":[{"embeddable":true,"href":"https:\/\/www.heartfailurematters.org\/de\/wp-json\/wp\/v2\/media\/10687"}],"wp:attachment":[{"href":"https:\/\/www.heartfailurematters.org\/de\/wp-json\/wp\/v2\/media?parent=1363"}],"wp:term":[{"taxonomy":"category","embeddable":true,"href":"https:\/\/www.heartfailurematters.org\/de\/wp-json\/wp\/v2\/categories?post=1363"},{"taxonomy":"post_tag","embeddable":true,"href":"https:\/\/www.heartfailurematters.org\/de\/wp-json\/wp\/v2\/tags?post=1363"}],"curies":[{"name":"wp","href":"https:\/\/api.w.org\/{rel}","templated":true}]}}