{"id":1361,"date":"2021-01-27T22:00:12","date_gmt":"2021-01-27T22:00:12","guid":{"rendered":"http:\/\/heartfailurematters.local:8888\/angiotensin-converting-enzyme-ace-hemmer\/"},"modified":"2025-12-04T11:29:47","modified_gmt":"2025-12-04T11:29:47","slug":"angiotensin-converting-enzyme-ace-hemmer","status":"publish","type":"page","link":"https:\/\/www.heartfailurematters.org\/de\/das-koennen-ihr-arzt-oder-pflegepersonal-tun\/angiotensin-converting-enzyme-ace-hemmer\/","title":{"rendered":"ACE-Hemmer (Angiotensin-konvertierendes-Enzym-Inhibitoren)"},"content":{"rendered":"<h2>Wie ist die Wirkungsweise?<\/h2>\n<p><strong>ACE-Hemmer<\/strong> blockieren die Wirkung von Angiotensin II, einem in den Nieren produzierten <strong>Hormon<\/strong>. Auf diese Weise sorgen ACE-Hemmer f\u00fcr eine Entspannung der Blutgef\u00e4\u00dfe und eine Senkung des Blutdrucks. Dementsprechend wird die Arbeitsbelastung Ihres Herzes reduziert.<\/p>\n<h2>Welche Vorteile sind zu erwarten?<\/h2>\n<p>ACE-Hemmer reduzieren herzinsuffizienzbedingte Krankenhausaufenthalte, verl\u00e4ngern die Lebensdauer und verbessern die k\u00f6rperliche Belastbarkeit und Lebensqualit\u00e4t.<\/p>\n<h2>Nebenwirkungen<\/h2>\n<ul>\n<li>Da ACE-Hemmer Einfluss auf Ihren Blutdruck haben k\u00f6nnen, sollten Sie diesen regelm\u00e4\u00dfig selbst \u00fcberwachen.<\/li>\n<li>Ihr <strong>Kalium<\/strong>-Spiegel k\u00f6nnte ansteigen und Ihre Nierenfunktion beeintr\u00e4chtigt werden. Daher wird Ihre \u00c4rztin\/Ihr Arzt durch <a href=\"https:\/\/www.heartfailurematters.org\/understanding-heart-failure\/blood-tests\/\" target=\"_blank\" rel=\"noopener\">Bluttests<\/a> ermitteln, ob sich der Blutwert in einem sicheren Bereich befindet.<\/li>\n<li>Manche Menschen entwickeln bei der Einnahme von ACE-Hemmern einen trockenen Husten. Wenn dies bei Ihnen der Fall ist, kann Ihre \u00c4rztin\/Ihr Arzt die Dosis senken oder Sie auf ein anderes Medikament umstellen.<\/li>\n<li>In seltenen F\u00e4llen k\u00f6nnen Ver\u00e4nderungen des Geschmackssinns auftreten.<\/li>\n<li>In Ausnahmef\u00e4llen k\u00f6nnen Menschen, die ACE-Hemmer einnehmen, Hautausschl\u00e4ge entwickeln.<\/li>\n<li>Schwellungen der Lippen oder des Rachens sind \u00e4u\u00dferst selten. Dies ist ein alarmierendes Symptom! In diesem Fall sollten Sie sofort \u00e4rztliche Hilfe in Anspruch nehmen!<\/li>\n<\/ul>\n<h2>Tipp<\/h2>\n<p>Ihre \u00c4rztin\/Ihr Arzt empfiehlt Ihnen gegebenenfalls, die erste Dosis Ihres ACE-Hemmers vor dem Schlafengehen einzunehmen, um Schwindel vorzubeugen. Falls Ihnen morgens schwindelig wird, k\u00f6nnen Sie versuchen, vor dem Aufstehen Ihre F\u00fc\u00dfe etwa zehnmal hin und her zu bewegen. Oder versuchen Sie es damit, Ihre Beine \u00fcber den Bettenrand baumeln zu lassen, ehe Sie sich aufsetzen, und dann eine Minute lang an der Seite des Bettes zu sitzen, bevor Sie schlie\u00dflich ganz Aufstehen. Vermeiden Sie es, zu schnell aus einer sitzenden oder geb\u00fcckten Haltung aufzustehen, da Ihnen dadurch schwindelig werden kann. Geben Sie Ihrem K\u00f6rper Zeit, sich anzupassen!<\/p>\n<h2>ACE-Hemmer bei Herzinsuffizienz<\/h2>\n<p>Die internationalen Behandlungsrichtlinien favorisieren bestimmte ACE-Hemmer.<\/p>\n<p>Die jeweiligen Namen sind in alphabetischer Reihenfolge aufgelistet:<\/p>\n<ul>\n<li>Captopril<\/li>\n<li>Enalapril<\/li>\n<li>Lisinopril<\/li>\n<li>Ramipril<\/li>\n<li>Trandolapril<\/li>\n<\/ul>\n<p>&nbsp;<\/p>\n<table border=\"1\" width=\"100%\" cellspacing=\"0\" cellpadding=\"0\">\n<tbody>\n<tr>\n<td style=\"width: 25%;\">\n<h2>Animation<\/h2>\n<\/td>\n<td style=\"width: 75%; vertical-align: middle; text-align: left;\"\/>\n<\/tr>\n<tr>\n<td style=\"width: 25%;\"><a class=\"lightview\" href=\"https:\/\/www.youtube.com\/embed\/lx_ReyaK408?hl=en_UK&amp;autoplay=1;&amp;version=3&amp;rel=0&amp;showinfo=0\" data-lightview-caption=\"The animation above shows how ACE (Angiotensin converting enzyme) inhibitors can help you by causing your blood vessels to relax and thus lower your blood pressure. This means your heart doesn't have to work so hard to squeeze your blood around your body.\" data-lightview-title=\"How ACE inhibitors work in heart failure\" data-lightview-options=\"width: 535, height: 400\" data-lightview-type=\"iframe\" data-lightview-group=\"journey\"><img decoding=\"async\" class=\"alignleft size-full wp-image-5071\" src=\"https:\/\/cdn-endpoint-hfm.azureedge.net\/heartfailurematters\/2021\/02\/07-animation.jpg\" alt=\"\" width=\"180\" height=\"130\"\/><\/a><\/td>\n<td style=\"width: 75%; vertical-align: middle; text-align: left;\">Erl\u00e4uternde Animation zur Wirkungsweise von ACE-Hemmern bei Herzinsuffizienz<\/td>\n<\/tr>\n<\/tbody>\n<\/table>\n<p><a href=\"https:\/\/www.heartfailurematters.org\/what-your-doctor-can-do\/heart-failure-medicines\/\" shape=\"rect\">Zur\u00fcck zu Medikamenten zur Behandlung von Herzinsuffizienz<\/a><\/p>\n<p>&nbsp;<\/p>\n","protected":false},"excerpt":{"rendered":"<p>Wie ist die Wirkungsweise? ACE-Hemmer blockieren die Wirkung von Angiotensin II, einem in den Nieren produzierten Hormon. Auf diese Weise sorgen ACE-Hemmer f\u00fcr eine Entspannung der Blutgef\u00e4\u00dfe und eine Senkung des Blutdrucks. Dementsprechend wird die Arbeitsbelastung Ihres Herzes reduziert. Welche Vorteile sind zu erwarten? ACE-Hemmer reduzieren herzinsuffizienzbedingte Krankenhausaufenthalte, verl\u00e4ngern die Lebensdauer und verbessern die k\u00f6rperliche [&hellip;]<\/p>\n","protected":false},"author":1,"featured_media":10869,"parent":2680,"menu_order":0,"comment_status":"open","ping_status":"open","template":"","meta":{"_acf_changed":false,"footnotes":""},"categories":[],"tags":[],"class_list":["post-1361","page","type-page","status-publish","has-post-thumbnail","hentry"],"acf":[],"yoast_head":"<!-- This site is optimized with the Yoast SEO plugin v24.8.1 - https:\/\/yoast.com\/wordpress\/plugins\/seo\/ -->\n<title>ACE-Hemmer (Angiotensin-konvertierendes-Enzym-Inhibitoren)<\/title>\n<meta name=\"description\" content=\"Durch Blockade der Wirkung von Angiotensin II bewirken ACE-Hemmer eine Entspannung der Blutgef\u00e4\u00dfe. Der Blutdruck sinkt, aber auch Nebenwirkungen sind m\u00f6glich.\" \/>\n<meta name=\"robots\" content=\"index, follow, max-snippet:-1, max-image-preview:large, max-video-preview:-1\" \/>\n<link rel=\"canonical\" href=\"https:\/\/www.heartfailurematters.org\/de\/das-koennen-ihr-arzt-oder-pflegepersonal-tun\/angiotensin-converting-enzyme-ace-hemmer\/\" \/>\n<meta property=\"og:locale\" content=\"de_DE\" \/>\n<meta property=\"og:type\" content=\"article\" \/>\n<meta property=\"og:title\" content=\"ACE-Hemmer (Angiotensin-konvertierendes-Enzym-Inhibitoren)\" \/>\n<meta property=\"og:description\" content=\"Durch Blockade der Wirkung von Angiotensin II bewirken ACE-Hemmer eine Entspannung der Blutgef\u00e4\u00dfe. Der Blutdruck sinkt, aber auch Nebenwirkungen sind m\u00f6glich.\" \/>\n<meta property=\"og:url\" content=\"https:\/\/www.heartfailurematters.org\/de\/das-koennen-ihr-arzt-oder-pflegepersonal-tun\/angiotensin-converting-enzyme-ace-hemmer\/\" \/>\n<meta property=\"og:site_name\" content=\"Heart Failure Matters\" \/>\n<meta property=\"article:publisher\" content=\"https:\/\/www.facebook.com\/heartfailurematters\" \/>\n<meta property=\"article:modified_time\" content=\"2025-12-04T11:29:47+00:00\" \/>\n<meta property=\"og:image\" content=\"https:\/\/www.heartfailurematters.org\/wp-content\/uploads\/2022\/03\/shutterstock_441673426-1-min.jpg\" \/>\n\t<meta property=\"og:image:width\" content=\"900\" \/>\n\t<meta property=\"og:image:height\" content=\"596\" \/>\n\t<meta property=\"og:image:type\" content=\"image\/jpeg\" \/>\n<meta name=\"twitter:card\" content=\"summary_large_image\" \/>\n<meta name=\"twitter:label1\" content=\"Gesch\u00e4tzte Lesezeit\" \/>\n\t<meta name=\"twitter:data1\" content=\"2\u00a0Minuten\" \/>\n<script type=\"application\/ld+json\" class=\"yoast-schema-graph\">{\"@context\":\"https:\/\/schema.org\",\"@graph\":[{\"@type\":\"WebPage\",\"@id\":\"https:\/\/www.heartfailurematters.org\/de\/das-koennen-ihr-arzt-oder-pflegepersonal-tun\/angiotensin-converting-enzyme-ace-hemmer\/\",\"url\":\"https:\/\/www.heartfailurematters.org\/de\/das-koennen-ihr-arzt-oder-pflegepersonal-tun\/angiotensin-converting-enzyme-ace-hemmer\/\",\"name\":\"ACE-Hemmer (Angiotensin-konvertierendes-Enzym-Inhibitoren)\",\"isPartOf\":{\"@id\":\"https:\/\/www.heartfailurematters.org\/de\/#website\"},\"primaryImageOfPage\":{\"@id\":\"https:\/\/www.heartfailurematters.org\/de\/das-koennen-ihr-arzt-oder-pflegepersonal-tun\/angiotensin-converting-enzyme-ace-hemmer\/#primaryimage\"},\"image\":{\"@id\":\"https:\/\/www.heartfailurematters.org\/de\/das-koennen-ihr-arzt-oder-pflegepersonal-tun\/angiotensin-converting-enzyme-ace-hemmer\/#primaryimage\"},\"thumbnailUrl\":\"https:\/\/www.heartfailurematters.org\/wp-content\/uploads\/2022\/03\/shutterstock_441673426-1-min.jpg\",\"datePublished\":\"2021-01-27T22:00:12+00:00\",\"dateModified\":\"2025-12-04T11:29:47+00:00\",\"description\":\"Durch Blockade der Wirkung von Angiotensin II bewirken ACE-Hemmer eine Entspannung der Blutgef\u00e4\u00dfe. Der Blutdruck sinkt, aber auch Nebenwirkungen sind m\u00f6glich.\",\"breadcrumb\":{\"@id\":\"https:\/\/www.heartfailurematters.org\/de\/das-koennen-ihr-arzt-oder-pflegepersonal-tun\/angiotensin-converting-enzyme-ace-hemmer\/#breadcrumb\"},\"inLanguage\":\"de\",\"potentialAction\":[{\"@type\":\"ReadAction\",\"target\":[\"https:\/\/www.heartfailurematters.org\/de\/das-koennen-ihr-arzt-oder-pflegepersonal-tun\/angiotensin-converting-enzyme-ace-hemmer\/\"]}]},{\"@type\":\"ImageObject\",\"inLanguage\":\"de\",\"@id\":\"https:\/\/www.heartfailurematters.org\/de\/das-koennen-ihr-arzt-oder-pflegepersonal-tun\/angiotensin-converting-enzyme-ace-hemmer\/#primaryimage\",\"url\":\"https:\/\/www.heartfailurematters.org\/wp-content\/uploads\/2022\/03\/shutterstock_441673426-1-min.jpg\",\"contentUrl\":\"https:\/\/www.heartfailurematters.org\/wp-content\/uploads\/2022\/03\/shutterstock_441673426-1-min.jpg\",\"width\":900,\"height\":596},{\"@type\":\"BreadcrumbList\",\"@id\":\"https:\/\/www.heartfailurematters.org\/de\/das-koennen-ihr-arzt-oder-pflegepersonal-tun\/angiotensin-converting-enzyme-ace-hemmer\/#breadcrumb\",\"itemListElement\":[{\"@type\":\"ListItem\",\"position\":1,\"name\":\"Startseite\",\"item\":\"https:\/\/www.heartfailurematters.org\/de\/\"},{\"@type\":\"ListItem\",\"position\":2,\"name\":\"Das kann Ihr Arzt tun\",\"item\":\"https:\/\/www.heartfailurematters.org\/de\/das-koennen-ihr-arzt-oder-pflegepersonal-tun\/\"},{\"@type\":\"ListItem\",\"position\":3,\"name\":\"ACE-Hemmer (Angiotensin-konvertierendes-Enzym-Inhibitoren)\"}]},{\"@type\":\"WebSite\",\"@id\":\"https:\/\/www.heartfailurematters.org\/de\/#website\",\"url\":\"https:\/\/www.heartfailurematters.org\/de\/\",\"name\":\"Heart Failure Matters\",\"description\":\"Practical information for patients, families and caregivers.\",\"publisher\":{\"@id\":\"https:\/\/www.heartfailurematters.org\/de\/#organization\"},\"potentialAction\":[{\"@type\":\"SearchAction\",\"target\":{\"@type\":\"EntryPoint\",\"urlTemplate\":\"https:\/\/www.heartfailurematters.org\/de\/?s={search_term_string}\"},\"query-input\":{\"@type\":\"PropertyValueSpecification\",\"valueRequired\":true,\"valueName\":\"search_term_string\"}}],\"inLanguage\":\"de\"},{\"@type\":\"Organization\",\"@id\":\"https:\/\/www.heartfailurematters.org\/de\/#organization\",\"name\":\"Heart Failure Matters\",\"url\":\"https:\/\/www.heartfailurematters.org\/de\/\",\"logo\":{\"@type\":\"ImageObject\",\"inLanguage\":\"de\",\"@id\":\"https:\/\/www.heartfailurematters.org\/de\/#\/schema\/logo\/image\/\",\"url\":\"https:\/\/cdn-endpoint-hfm.azureedge.net\/heartfailurematters\/2024\/07\/hfm-logo1.jpg\",\"contentUrl\":\"https:\/\/cdn-endpoint-hfm.azureedge.net\/heartfailurematters\/2024\/07\/hfm-logo1.jpg\",\"width\":1280,\"height\":720,\"caption\":\"Heart Failure Matters\"},\"image\":{\"@id\":\"https:\/\/www.heartfailurematters.org\/de\/#\/schema\/logo\/image\/\"},\"sameAs\":[\"https:\/\/www.facebook.com\/heartfailurematters\"]}]}<\/script>\n<!-- \/ Yoast SEO plugin. -->","yoast_head_json":{"title":"ACE-Hemmer (Angiotensin-konvertierendes-Enzym-Inhibitoren)","description":"Durch Blockade der Wirkung von Angiotensin II bewirken ACE-Hemmer eine Entspannung der Blutgef\u00e4\u00dfe. Der Blutdruck sinkt, aber auch Nebenwirkungen sind m\u00f6glich.","robots":{"index":"index","follow":"follow","max-snippet":"max-snippet:-1","max-image-preview":"max-image-preview:large","max-video-preview":"max-video-preview:-1"},"canonical":"https:\/\/www.heartfailurematters.org\/de\/das-koennen-ihr-arzt-oder-pflegepersonal-tun\/angiotensin-converting-enzyme-ace-hemmer\/","og_locale":"de_DE","og_type":"article","og_title":"ACE-Hemmer (Angiotensin-konvertierendes-Enzym-Inhibitoren)","og_description":"Durch Blockade der Wirkung von Angiotensin II bewirken ACE-Hemmer eine Entspannung der Blutgef\u00e4\u00dfe. Der Blutdruck sinkt, aber auch Nebenwirkungen sind m\u00f6glich.","og_url":"https:\/\/www.heartfailurematters.org\/de\/das-koennen-ihr-arzt-oder-pflegepersonal-tun\/angiotensin-converting-enzyme-ace-hemmer\/","og_site_name":"Heart Failure Matters","article_publisher":"https:\/\/www.facebook.com\/heartfailurematters","article_modified_time":"2025-12-04T11:29:47+00:00","og_image":[{"width":900,"height":596,"url":"https:\/\/www.heartfailurematters.org\/wp-content\/uploads\/2022\/03\/shutterstock_441673426-1-min.jpg","type":"image\/jpeg"}],"twitter_card":"summary_large_image","twitter_misc":{"Gesch\u00e4tzte Lesezeit":"2\u00a0Minuten"},"schema":{"@context":"https:\/\/schema.org","@graph":[{"@type":"WebPage","@id":"https:\/\/www.heartfailurematters.org\/de\/das-koennen-ihr-arzt-oder-pflegepersonal-tun\/angiotensin-converting-enzyme-ace-hemmer\/","url":"https:\/\/www.heartfailurematters.org\/de\/das-koennen-ihr-arzt-oder-pflegepersonal-tun\/angiotensin-converting-enzyme-ace-hemmer\/","name":"ACE-Hemmer (Angiotensin-konvertierendes-Enzym-Inhibitoren)","isPartOf":{"@id":"https:\/\/www.heartfailurematters.org\/de\/#website"},"primaryImageOfPage":{"@id":"https:\/\/www.heartfailurematters.org\/de\/das-koennen-ihr-arzt-oder-pflegepersonal-tun\/angiotensin-converting-enzyme-ace-hemmer\/#primaryimage"},"image":{"@id":"https:\/\/www.heartfailurematters.org\/de\/das-koennen-ihr-arzt-oder-pflegepersonal-tun\/angiotensin-converting-enzyme-ace-hemmer\/#primaryimage"},"thumbnailUrl":"https:\/\/www.heartfailurematters.org\/wp-content\/uploads\/2022\/03\/shutterstock_441673426-1-min.jpg","datePublished":"2021-01-27T22:00:12+00:00","dateModified":"2025-12-04T11:29:47+00:00","description":"Durch Blockade der Wirkung von Angiotensin II bewirken ACE-Hemmer eine Entspannung der Blutgef\u00e4\u00dfe. Der Blutdruck sinkt, aber auch Nebenwirkungen sind m\u00f6glich.","breadcrumb":{"@id":"https:\/\/www.heartfailurematters.org\/de\/das-koennen-ihr-arzt-oder-pflegepersonal-tun\/angiotensin-converting-enzyme-ace-hemmer\/#breadcrumb"},"inLanguage":"de","potentialAction":[{"@type":"ReadAction","target":["https:\/\/www.heartfailurematters.org\/de\/das-koennen-ihr-arzt-oder-pflegepersonal-tun\/angiotensin-converting-enzyme-ace-hemmer\/"]}]},{"@type":"ImageObject","inLanguage":"de","@id":"https:\/\/www.heartfailurematters.org\/de\/das-koennen-ihr-arzt-oder-pflegepersonal-tun\/angiotensin-converting-enzyme-ace-hemmer\/#primaryimage","url":"https:\/\/www.heartfailurematters.org\/wp-content\/uploads\/2022\/03\/shutterstock_441673426-1-min.jpg","contentUrl":"https:\/\/www.heartfailurematters.org\/wp-content\/uploads\/2022\/03\/shutterstock_441673426-1-min.jpg","width":900,"height":596},{"@type":"BreadcrumbList","@id":"https:\/\/www.heartfailurematters.org\/de\/das-koennen-ihr-arzt-oder-pflegepersonal-tun\/angiotensin-converting-enzyme-ace-hemmer\/#breadcrumb","itemListElement":[{"@type":"ListItem","position":1,"name":"Startseite","item":"https:\/\/www.heartfailurematters.org\/de\/"},{"@type":"ListItem","position":2,"name":"Das kann Ihr Arzt tun","item":"https:\/\/www.heartfailurematters.org\/de\/das-koennen-ihr-arzt-oder-pflegepersonal-tun\/"},{"@type":"ListItem","position":3,"name":"ACE-Hemmer (Angiotensin-konvertierendes-Enzym-Inhibitoren)"}]},{"@type":"WebSite","@id":"https:\/\/www.heartfailurematters.org\/de\/#website","url":"https:\/\/www.heartfailurematters.org\/de\/","name":"Heart Failure Matters","description":"Practical information for patients, families and caregivers.","publisher":{"@id":"https:\/\/www.heartfailurematters.org\/de\/#organization"},"potentialAction":[{"@type":"SearchAction","target":{"@type":"EntryPoint","urlTemplate":"https:\/\/www.heartfailurematters.org\/de\/?s={search_term_string}"},"query-input":{"@type":"PropertyValueSpecification","valueRequired":true,"valueName":"search_term_string"}}],"inLanguage":"de"},{"@type":"Organization","@id":"https:\/\/www.heartfailurematters.org\/de\/#organization","name":"Heart Failure Matters","url":"https:\/\/www.heartfailurematters.org\/de\/","logo":{"@type":"ImageObject","inLanguage":"de","@id":"https:\/\/www.heartfailurematters.org\/de\/#\/schema\/logo\/image\/","url":"https:\/\/cdn-endpoint-hfm.azureedge.net\/heartfailurematters\/2024\/07\/hfm-logo1.jpg","contentUrl":"https:\/\/cdn-endpoint-hfm.azureedge.net\/heartfailurematters\/2024\/07\/hfm-logo1.jpg","width":1280,"height":720,"caption":"Heart Failure Matters"},"image":{"@id":"https:\/\/www.heartfailurematters.org\/de\/#\/schema\/logo\/image\/"},"sameAs":["https:\/\/www.facebook.com\/heartfailurematters"]}]}},"_links":{"self":[{"href":"https:\/\/www.heartfailurematters.org\/de\/wp-json\/wp\/v2\/pages\/1361","targetHints":{"allow":["GET"]}}],"collection":[{"href":"https:\/\/www.heartfailurematters.org\/de\/wp-json\/wp\/v2\/pages"}],"about":[{"href":"https:\/\/www.heartfailurematters.org\/de\/wp-json\/wp\/v2\/types\/page"}],"author":[{"embeddable":true,"href":"https:\/\/www.heartfailurematters.org\/de\/wp-json\/wp\/v2\/users\/1"}],"replies":[{"embeddable":true,"href":"https:\/\/www.heartfailurematters.org\/de\/wp-json\/wp\/v2\/comments?post=1361"}],"version-history":[{"count":1,"href":"https:\/\/www.heartfailurematters.org\/de\/wp-json\/wp\/v2\/pages\/1361\/revisions"}],"predecessor-version":[{"id":13656,"href":"https:\/\/www.heartfailurematters.org\/de\/wp-json\/wp\/v2\/pages\/1361\/revisions\/13656"}],"up":[{"embeddable":true,"href":"https:\/\/www.heartfailurematters.org\/de\/wp-json\/wp\/v2\/pages\/2680"}],"wp:featuredmedia":[{"embeddable":true,"href":"https:\/\/www.heartfailurematters.org\/de\/wp-json\/wp\/v2\/media\/10869"}],"wp:attachment":[{"href":"https:\/\/www.heartfailurematters.org\/de\/wp-json\/wp\/v2\/media?parent=1361"}],"wp:term":[{"taxonomy":"category","embeddable":true,"href":"https:\/\/www.heartfailurematters.org\/de\/wp-json\/wp\/v2\/categories?post=1361"},{"taxonomy":"post_tag","embeddable":true,"href":"https:\/\/www.heartfailurematters.org\/de\/wp-json\/wp\/v2\/tags?post=1361"}],"curies":[{"name":"wp","href":"https:\/\/api.w.org\/{rel}","templated":true}]}}