{"id":1355,"date":"2021-01-27T22:00:12","date_gmt":"2021-01-27T22:00:12","guid":{"rendered":"http:\/\/heartfailurematters.local:8888\/planen-fuer-die-zukunft\/"},"modified":"2025-12-04T11:24:12","modified_gmt":"2025-12-04T11:24:12","slug":"planen-fuer-die-zukunft","status":"publish","type":"page","link":"https:\/\/www.heartfailurematters.org\/de\/fragen-sie-ihren-arzt\/planen-fuer-die-zukunft\/","title":{"rendered":"Die Zukunft planen."},"content":{"rendered":"<p>Wenn Sie Ihre Pl\u00e4ne f\u00fcr die Zukunft bereits mit Ihrer Familie besprochen haben, m\u00fcssen Sie diese Pl\u00e4ne auch \u00e4rztlich besprechen. Falls Sie jedoch gerade erst damit begonnen haben, \u00fcber diese Dinge nachzudenken, k\u00f6nnte der Abschnitt zur <a title=\"\" href=\"https:\/\/www.heartfailurematters.org\/living-with-heart-failure\/planning-for-the-end-of-life\/\">Planung f\u00fcr das Lebensende<\/a> hilfreich f\u00fcr Sie sein, damit Sie f\u00fcr Gespr\u00e4che mit Ihrer Familie und Ihrer \u00c4rztin\/Ihrem Arzt noch besser vorbereitet sind.<\/p>\n<p><strong>Wie erstelle ich eine <strong><a class=\"addtooltip\" title=\"Ein Dokument, in dem die Behandlungen und Verfahren beschrieben sind, denen man sich am Ende des Lebens unterziehen oder nicht unterziehen m\u00f6chte.\"><strong title=\"\">Patientenverf\u00fcgung<\/strong><\/a><\/strong>? <\/strong><br \/>\nIhre \u00c4rztin\/Ihr Arzt\/Ihre Pflegeperson oder Selbsthilfegruppe kann Sie beim Erstellen Ihrer Patientenverf\u00fcgung unterst\u00fctzen.<\/p>\n<p><strong>Wie erstelle ich eine <strong><a class=\"addtooltip\" title=\"Ein Dokument f\u00fcr Ihr medizinisches Fachpersonal, aus dem hervorgeht, dass Sie keine Wiederbelebung w\u00fcnschen, wenn Ihr Herz und Ihre Atmung aufh\u00f6ren.\"><strong title=\"\">Do-not-resuscitate (DNR) order\/Patientenverf\u00fcgung mit Verzicht auf Wiederbelebung<\/strong><\/a><\/strong>? <\/strong><br \/>\nDie Entscheidung \u00fcber eine Do-not-resuscitate (DNR) order\/Patientenverf\u00fcgung mit Verzicht auf Wiederbelebung liegt bei Ihnen bzw. bei Ihrer Familie in Absprache mit Ihrer \u00c4rztin\/Ihrem Arzt. Ihre \u00c4rztin\/Ihr Arzt wird Ihnen genau erkl\u00e4ren, was diese Verf\u00fcgung bedeutet, und sicherstellen, dass Sie sich der Konsequenzen bewusst sind, bevor Sie diese Entscheidung treffen.<\/p>\n<p>Patientinnen und Patienten mit einem<strong> <\/strong>ICD ben\u00f6tigen zur Abkl\u00e4rung m\u00f6glicherweise ein \u00e4rztliches Gespr\u00e4ch.<\/p>\n<p><strong>Was kann ich jetzt tun, um mich auf die Zukunft vorzubereiten? <\/strong><br \/>\nEs gibt viele M\u00f6glichkeiten, sich auf die Zukunft vorzubereiten. Ihre \u00c4rztin\/Ihr Arzt\/Ihre Pflegeperson oder Selbsthilfegruppe k\u00f6nnen Ihnen n\u00e4here Informationen \u00fcber Testamente, Patientenverf\u00fcgungen mit Verzicht auf Wiederbelebung (DNR) und die Finanzplanung geben. Sie sollten die Optionen mit Ihrer Familie und Ihrer \u00c4rztin\/Ihrem Arzt\/Ihrer Pflegeperson besprechen, bevor Sie Entscheidungen \u00fcber Ihre zuk\u00fcnftige Gesundheitsversorgung treffen.<\/p>\n<p><strong>Mit wem kann ich \u00fcber die Finanzplanung f\u00fcr die Zukunft sprechen? <\/strong><br \/>\nFalls Sie Bedenken hinsichtlich der Behandlungskosten oder eines m\u00f6glichen Einkommensverlusts haben, kann Ihre \u00c4rztin\/Ihr Arzt oder Ihre Pflegeperson Sie m\u00f6glicherweise auf Sozialhilfestellen hinweisen, die Sie bei finanziellen Fragen unterst\u00fctzen oder beraten k\u00f6nnen.<\/p>\n","protected":false},"excerpt":{"rendered":"<p>Wenn Sie Ihre Pl\u00e4ne f\u00fcr die Zukunft bereits mit Ihrer Familie besprochen haben, m\u00fcssen Sie diese Pl\u00e4ne auch \u00e4rztlich besprechen. Falls Sie jedoch gerade erst damit begonnen haben, \u00fcber diese Dinge nachzudenken, k\u00f6nnte der Abschnitt zur Planung f\u00fcr das Lebensende hilfreich f\u00fcr Sie sein, damit Sie f\u00fcr Gespr\u00e4che mit Ihrer Familie und Ihrer \u00c4rztin\/Ihrem Arzt [&hellip;]<\/p>\n","protected":false},"author":1,"featured_media":11064,"parent":2762,"menu_order":9,"comment_status":"open","ping_status":"closed","template":"","meta":{"_acf_changed":false,"footnotes":""},"categories":[65],"tags":[],"class_list":["post-1355","page","type-page","status-publish","has-post-thumbnail","hentry","category-ask-your-doctor-de"],"acf":[],"yoast_head":"<!-- This site is optimized with the Yoast SEO plugin v24.8.1 - https:\/\/yoast.com\/wordpress\/plugins\/seo\/ -->\n<title>Zukunftsplanung bei Herzinsuffizienz<\/title>\n<meta name=\"description\" content=\"Wenn Sie Ihre Pl\u00e4ne f\u00fcr die Zukunft bereits mit Ihrer Familie besprochen haben, m\u00fcssen Sie diese Pl\u00e4ne auch \u00e4rztlich besprechen. Hier erfahren Sie mehr\" \/>\n<meta name=\"robots\" content=\"index, follow, max-snippet:-1, max-image-preview:large, max-video-preview:-1\" \/>\n<link rel=\"canonical\" href=\"https:\/\/www.heartfailurematters.org\/de\/fragen-sie-ihren-arzt\/planen-fuer-die-zukunft\/\" \/>\n<meta property=\"og:locale\" content=\"de_DE\" \/>\n<meta property=\"og:type\" content=\"article\" \/>\n<meta property=\"og:title\" content=\"Zukunftsplanung bei Herzinsuffizienz\" \/>\n<meta property=\"og:description\" content=\"Wenn Sie Ihre Pl\u00e4ne f\u00fcr die Zukunft bereits mit Ihrer Familie besprochen haben, m\u00fcssen Sie diese Pl\u00e4ne auch \u00e4rztlich besprechen. Hier erfahren Sie mehr\" \/>\n<meta property=\"og:url\" content=\"https:\/\/www.heartfailurematters.org\/de\/fragen-sie-ihren-arzt\/planen-fuer-die-zukunft\/\" \/>\n<meta property=\"og:site_name\" content=\"Heart Failure Matters\" \/>\n<meta property=\"article:publisher\" content=\"https:\/\/www.facebook.com\/heartfailurematters\" \/>\n<meta property=\"article:modified_time\" content=\"2025-12-04T11:24:12+00:00\" \/>\n<meta property=\"og:image\" content=\"https:\/\/www.heartfailurematters.org\/wp-content\/uploads\/2022\/03\/shutterstock_1685261713-1-min.jpg\" \/>\n\t<meta property=\"og:image:width\" content=\"900\" \/>\n\t<meta property=\"og:image:height\" content=\"600\" \/>\n\t<meta property=\"og:image:type\" content=\"image\/jpeg\" \/>\n<meta name=\"twitter:card\" content=\"summary_large_image\" \/>\n<meta name=\"twitter:label1\" content=\"Gesch\u00e4tzte Lesezeit\" \/>\n\t<meta name=\"twitter:data1\" content=\"1\u00a0Minute\" \/>\n<script type=\"application\/ld+json\" class=\"yoast-schema-graph\">{\"@context\":\"https:\/\/schema.org\",\"@graph\":[{\"@type\":\"WebPage\",\"@id\":\"https:\/\/www.heartfailurematters.org\/de\/fragen-sie-ihren-arzt\/planen-fuer-die-zukunft\/\",\"url\":\"https:\/\/www.heartfailurematters.org\/de\/fragen-sie-ihren-arzt\/planen-fuer-die-zukunft\/\",\"name\":\"Zukunftsplanung bei Herzinsuffizienz\",\"isPartOf\":{\"@id\":\"https:\/\/www.heartfailurematters.org\/de\/#website\"},\"primaryImageOfPage\":{\"@id\":\"https:\/\/www.heartfailurematters.org\/de\/fragen-sie-ihren-arzt\/planen-fuer-die-zukunft\/#primaryimage\"},\"image\":{\"@id\":\"https:\/\/www.heartfailurematters.org\/de\/fragen-sie-ihren-arzt\/planen-fuer-die-zukunft\/#primaryimage\"},\"thumbnailUrl\":\"https:\/\/www.heartfailurematters.org\/wp-content\/uploads\/2022\/03\/shutterstock_1685261713-1-min.jpg\",\"datePublished\":\"2021-01-27T22:00:12+00:00\",\"dateModified\":\"2025-12-04T11:24:12+00:00\",\"description\":\"Wenn Sie Ihre Pl\u00e4ne f\u00fcr die Zukunft bereits mit Ihrer Familie besprochen haben, m\u00fcssen Sie diese Pl\u00e4ne auch \u00e4rztlich besprechen. Hier erfahren Sie mehr\",\"breadcrumb\":{\"@id\":\"https:\/\/www.heartfailurematters.org\/de\/fragen-sie-ihren-arzt\/planen-fuer-die-zukunft\/#breadcrumb\"},\"inLanguage\":\"de\",\"potentialAction\":[{\"@type\":\"ReadAction\",\"target\":[\"https:\/\/www.heartfailurematters.org\/de\/fragen-sie-ihren-arzt\/planen-fuer-die-zukunft\/\"]}]},{\"@type\":\"ImageObject\",\"inLanguage\":\"de\",\"@id\":\"https:\/\/www.heartfailurematters.org\/de\/fragen-sie-ihren-arzt\/planen-fuer-die-zukunft\/#primaryimage\",\"url\":\"https:\/\/www.heartfailurematters.org\/wp-content\/uploads\/2022\/03\/shutterstock_1685261713-1-min.jpg\",\"contentUrl\":\"https:\/\/www.heartfailurematters.org\/wp-content\/uploads\/2022\/03\/shutterstock_1685261713-1-min.jpg\",\"width\":900,\"height\":600},{\"@type\":\"BreadcrumbList\",\"@id\":\"https:\/\/www.heartfailurematters.org\/de\/fragen-sie-ihren-arzt\/planen-fuer-die-zukunft\/#breadcrumb\",\"itemListElement\":[{\"@type\":\"ListItem\",\"position\":1,\"name\":\"Startseite\",\"item\":\"https:\/\/www.heartfailurematters.org\/de\/\"},{\"@type\":\"ListItem\",\"position\":2,\"name\":\"Fragen Sie Ihren Arzt\",\"item\":\"https:\/\/www.heartfailurematters.org\/de\/fragen-sie-ihren-arzt\/\"},{\"@type\":\"ListItem\",\"position\":3,\"name\":\"Die Zukunft planen.\"}]},{\"@type\":\"WebSite\",\"@id\":\"https:\/\/www.heartfailurematters.org\/de\/#website\",\"url\":\"https:\/\/www.heartfailurematters.org\/de\/\",\"name\":\"Heart Failure Matters\",\"description\":\"Practical information for patients, families and caregivers.\",\"publisher\":{\"@id\":\"https:\/\/www.heartfailurematters.org\/de\/#organization\"},\"potentialAction\":[{\"@type\":\"SearchAction\",\"target\":{\"@type\":\"EntryPoint\",\"urlTemplate\":\"https:\/\/www.heartfailurematters.org\/de\/?s={search_term_string}\"},\"query-input\":{\"@type\":\"PropertyValueSpecification\",\"valueRequired\":true,\"valueName\":\"search_term_string\"}}],\"inLanguage\":\"de\"},{\"@type\":\"Organization\",\"@id\":\"https:\/\/www.heartfailurematters.org\/de\/#organization\",\"name\":\"Heart Failure Matters\",\"url\":\"https:\/\/www.heartfailurematters.org\/de\/\",\"logo\":{\"@type\":\"ImageObject\",\"inLanguage\":\"de\",\"@id\":\"https:\/\/www.heartfailurematters.org\/de\/#\/schema\/logo\/image\/\",\"url\":\"https:\/\/cdn-endpoint-hfm.azureedge.net\/heartfailurematters\/2024\/07\/hfm-logo1.jpg\",\"contentUrl\":\"https:\/\/cdn-endpoint-hfm.azureedge.net\/heartfailurematters\/2024\/07\/hfm-logo1.jpg\",\"width\":1280,\"height\":720,\"caption\":\"Heart Failure Matters\"},\"image\":{\"@id\":\"https:\/\/www.heartfailurematters.org\/de\/#\/schema\/logo\/image\/\"},\"sameAs\":[\"https:\/\/www.facebook.com\/heartfailurematters\"]}]}<\/script>\n<!-- \/ Yoast SEO plugin. -->","yoast_head_json":{"title":"Zukunftsplanung bei Herzinsuffizienz","description":"Wenn Sie Ihre Pl\u00e4ne f\u00fcr die Zukunft bereits mit Ihrer Familie besprochen haben, m\u00fcssen Sie diese Pl\u00e4ne auch \u00e4rztlich besprechen. Hier erfahren Sie mehr","robots":{"index":"index","follow":"follow","max-snippet":"max-snippet:-1","max-image-preview":"max-image-preview:large","max-video-preview":"max-video-preview:-1"},"canonical":"https:\/\/www.heartfailurematters.org\/de\/fragen-sie-ihren-arzt\/planen-fuer-die-zukunft\/","og_locale":"de_DE","og_type":"article","og_title":"Zukunftsplanung bei Herzinsuffizienz","og_description":"Wenn Sie Ihre Pl\u00e4ne f\u00fcr die Zukunft bereits mit Ihrer Familie besprochen haben, m\u00fcssen Sie diese Pl\u00e4ne auch \u00e4rztlich besprechen. Hier erfahren Sie mehr","og_url":"https:\/\/www.heartfailurematters.org\/de\/fragen-sie-ihren-arzt\/planen-fuer-die-zukunft\/","og_site_name":"Heart Failure Matters","article_publisher":"https:\/\/www.facebook.com\/heartfailurematters","article_modified_time":"2025-12-04T11:24:12+00:00","og_image":[{"width":900,"height":600,"url":"https:\/\/www.heartfailurematters.org\/wp-content\/uploads\/2022\/03\/shutterstock_1685261713-1-min.jpg","type":"image\/jpeg"}],"twitter_card":"summary_large_image","twitter_misc":{"Gesch\u00e4tzte Lesezeit":"1\u00a0Minute"},"schema":{"@context":"https:\/\/schema.org","@graph":[{"@type":"WebPage","@id":"https:\/\/www.heartfailurematters.org\/de\/fragen-sie-ihren-arzt\/planen-fuer-die-zukunft\/","url":"https:\/\/www.heartfailurematters.org\/de\/fragen-sie-ihren-arzt\/planen-fuer-die-zukunft\/","name":"Zukunftsplanung bei Herzinsuffizienz","isPartOf":{"@id":"https:\/\/www.heartfailurematters.org\/de\/#website"},"primaryImageOfPage":{"@id":"https:\/\/www.heartfailurematters.org\/de\/fragen-sie-ihren-arzt\/planen-fuer-die-zukunft\/#primaryimage"},"image":{"@id":"https:\/\/www.heartfailurematters.org\/de\/fragen-sie-ihren-arzt\/planen-fuer-die-zukunft\/#primaryimage"},"thumbnailUrl":"https:\/\/www.heartfailurematters.org\/wp-content\/uploads\/2022\/03\/shutterstock_1685261713-1-min.jpg","datePublished":"2021-01-27T22:00:12+00:00","dateModified":"2025-12-04T11:24:12+00:00","description":"Wenn Sie Ihre Pl\u00e4ne f\u00fcr die Zukunft bereits mit Ihrer Familie besprochen haben, m\u00fcssen Sie diese Pl\u00e4ne auch \u00e4rztlich besprechen. Hier erfahren Sie mehr","breadcrumb":{"@id":"https:\/\/www.heartfailurematters.org\/de\/fragen-sie-ihren-arzt\/planen-fuer-die-zukunft\/#breadcrumb"},"inLanguage":"de","potentialAction":[{"@type":"ReadAction","target":["https:\/\/www.heartfailurematters.org\/de\/fragen-sie-ihren-arzt\/planen-fuer-die-zukunft\/"]}]},{"@type":"ImageObject","inLanguage":"de","@id":"https:\/\/www.heartfailurematters.org\/de\/fragen-sie-ihren-arzt\/planen-fuer-die-zukunft\/#primaryimage","url":"https:\/\/www.heartfailurematters.org\/wp-content\/uploads\/2022\/03\/shutterstock_1685261713-1-min.jpg","contentUrl":"https:\/\/www.heartfailurematters.org\/wp-content\/uploads\/2022\/03\/shutterstock_1685261713-1-min.jpg","width":900,"height":600},{"@type":"BreadcrumbList","@id":"https:\/\/www.heartfailurematters.org\/de\/fragen-sie-ihren-arzt\/planen-fuer-die-zukunft\/#breadcrumb","itemListElement":[{"@type":"ListItem","position":1,"name":"Startseite","item":"https:\/\/www.heartfailurematters.org\/de\/"},{"@type":"ListItem","position":2,"name":"Fragen Sie Ihren Arzt","item":"https:\/\/www.heartfailurematters.org\/de\/fragen-sie-ihren-arzt\/"},{"@type":"ListItem","position":3,"name":"Die Zukunft planen."}]},{"@type":"WebSite","@id":"https:\/\/www.heartfailurematters.org\/de\/#website","url":"https:\/\/www.heartfailurematters.org\/de\/","name":"Heart Failure Matters","description":"Practical information for patients, families and caregivers.","publisher":{"@id":"https:\/\/www.heartfailurematters.org\/de\/#organization"},"potentialAction":[{"@type":"SearchAction","target":{"@type":"EntryPoint","urlTemplate":"https:\/\/www.heartfailurematters.org\/de\/?s={search_term_string}"},"query-input":{"@type":"PropertyValueSpecification","valueRequired":true,"valueName":"search_term_string"}}],"inLanguage":"de"},{"@type":"Organization","@id":"https:\/\/www.heartfailurematters.org\/de\/#organization","name":"Heart Failure Matters","url":"https:\/\/www.heartfailurematters.org\/de\/","logo":{"@type":"ImageObject","inLanguage":"de","@id":"https:\/\/www.heartfailurematters.org\/de\/#\/schema\/logo\/image\/","url":"https:\/\/cdn-endpoint-hfm.azureedge.net\/heartfailurematters\/2024\/07\/hfm-logo1.jpg","contentUrl":"https:\/\/cdn-endpoint-hfm.azureedge.net\/heartfailurematters\/2024\/07\/hfm-logo1.jpg","width":1280,"height":720,"caption":"Heart Failure Matters"},"image":{"@id":"https:\/\/www.heartfailurematters.org\/de\/#\/schema\/logo\/image\/"},"sameAs":["https:\/\/www.facebook.com\/heartfailurematters"]}]}},"_links":{"self":[{"href":"https:\/\/www.heartfailurematters.org\/de\/wp-json\/wp\/v2\/pages\/1355","targetHints":{"allow":["GET"]}}],"collection":[{"href":"https:\/\/www.heartfailurematters.org\/de\/wp-json\/wp\/v2\/pages"}],"about":[{"href":"https:\/\/www.heartfailurematters.org\/de\/wp-json\/wp\/v2\/types\/page"}],"author":[{"embeddable":true,"href":"https:\/\/www.heartfailurematters.org\/de\/wp-json\/wp\/v2\/users\/1"}],"replies":[{"embeddable":true,"href":"https:\/\/www.heartfailurematters.org\/de\/wp-json\/wp\/v2\/comments?post=1355"}],"version-history":[{"count":1,"href":"https:\/\/www.heartfailurematters.org\/de\/wp-json\/wp\/v2\/pages\/1355\/revisions"}],"predecessor-version":[{"id":13635,"href":"https:\/\/www.heartfailurematters.org\/de\/wp-json\/wp\/v2\/pages\/1355\/revisions\/13635"}],"up":[{"embeddable":true,"href":"https:\/\/www.heartfailurematters.org\/de\/wp-json\/wp\/v2\/pages\/2762"}],"wp:featuredmedia":[{"embeddable":true,"href":"https:\/\/www.heartfailurematters.org\/de\/wp-json\/wp\/v2\/media\/11064"}],"wp:attachment":[{"href":"https:\/\/www.heartfailurematters.org\/de\/wp-json\/wp\/v2\/media?parent=1355"}],"wp:term":[{"taxonomy":"category","embeddable":true,"href":"https:\/\/www.heartfailurematters.org\/de\/wp-json\/wp\/v2\/categories?post=1355"},{"taxonomy":"post_tag","embeddable":true,"href":"https:\/\/www.heartfailurematters.org\/de\/wp-json\/wp\/v2\/tags?post=1355"}],"curies":[{"name":"wp","href":"https:\/\/api.w.org\/{rel}","templated":true}]}}