{"id":13469,"date":"2024-07-25T14:10:49","date_gmt":"2024-07-25T13:10:49","guid":{"rendered":"https:\/\/www.heartfailurematters.org\/herzinsuffizienz-verstehen\/women-and-heart-failure\/"},"modified":"2025-12-04T11:24:05","modified_gmt":"2025-12-04T11:24:05","slug":"women-and-heart-failure","status":"publish","type":"page","link":"https:\/\/www.heartfailurematters.org\/de\/herzinsuffizienz-verstehen\/women-and-heart-failure\/","title":{"rendered":"Frauen und Herzinsuffizienz"},"content":{"rendered":"<p>F\u00fcr Frauen mit Herzinsuffizienz gibt es bestimmte Lebensabschnitte, die spezifische Beratung und Aufmerksamkeit erfordern k\u00f6nnen.<\/p>\n<h2>Geb\u00e4rf\u00e4higes Alter (von ca. 15-50 Jahren)<\/h2>\n<p>Es gilt, die m\u00f6glichen Auswirkungen einer Schwangerschaft auf das Herz zu ber\u00fccksichtigen. Dies hilft Ihnen bei der Entscheidung dar\u00fcber, ob Sie eine Schwangerschaft anstreben sollten und welche Art von Empf\u00e4ngnisverh\u00fctung f\u00fcr Sie geeignet sein k\u00f6nnte. Diese \u00dcberlegungen sind wichtig, da Sie so eine ungeplante Schwangerschaft vermeiden k\u00f6nnen.<\/p>\n<h2>Schwangerschaft<\/h2>\n<p>Eine Schwangerschaft ist eine zus\u00e4tzliche K\u00f6rperbelastung und geht mit vielen Ver\u00e4nderungen einher, die das Wachstum des F\u00f6tus beg\u00fcnstigen und den K\u00f6rper auf die Geburt vorbereiten. Zu diesen Ver\u00e4nderungen z\u00e4hlen eine Erh\u00f6hung des Blutvolumens um 30-50&nbsp;%, eine Erh\u00f6hung der Herzfrequenz und Ver\u00e4nderungen des Blutdrucks. Gewebe im K\u00f6rper beginnt sich zu entspannen, um sich auf die Geburt vorzubereiten. Zum Zeitpunkt der Entbindung treten weitere Ver\u00e4nderungen in Bezug auf das Blutvolumen und den Blutdruck auf. Nach der Geburt braucht der K\u00f6rper etwas Zeit, um in den Zustand vor der Schwangerschaft zur\u00fcckzukehren. Auch Frauen mit normaler Herzfunktion k\u00f6nnen sich durch diese tiefgreifenden Ver\u00e4nderungen belastet f\u00fchlen. Sie haben m\u00f6glicherweise bemerkt, dass Schwangere in Ihrem Freundeskreis von Kurzatmigkeit, M\u00fcdigkeit und Herzrasen betroffen sind.<\/p>\n<p>Was bedeutet das f\u00fcr Schwangere mit Herzinsuffizienz? Wie Sie wissen, gibt es ein Spektrum von leichter bis schwerer Herzinsuffizienz. Diese Website ist kein Ersatz f\u00fcr eine individuelle Beratung, Sie k\u00f6nnen jedoch einige wissenswerte Informationen finden. Wenn das Herz bereits in seiner Funktion beeintr\u00e4chtigt ist, erh\u00f6hen all diese Ver\u00e4nderungen in der Schwangerschaft, insbesondere die Erh\u00f6hung des Blutvolumens, das Risiko weiterer Ver\u00e4nderungen des Herzes. Manche Frauen vertragen diese Ver\u00e4nderungen gut. Bei manchen Frauen k\u00f6nnen diese Ver\u00e4nderungen jedoch ernstzunehmende Folgen haben und die Herzfunktion, den Herzrhythmus und das Wachstum des Babys oder die Geburt beeintr\u00e4chtigen. Aus diesem Grund sollten alle schwangeren Frauen mit Herzinsuffizienz-Vorgeschichte regelm\u00e4\u00dfig von einem auf Herzerkrankungen in der Schwangerschaft spezialisierten Team untersucht werden. Auf diese Weise k\u00f6nnen Ver\u00e4nderungen fr\u00fchzeitig erkannt werden.<\/p>\n<p>Manche Medikamente, die zur Linderung von Herzinsuffizienz verabreicht werden (z. B. ACEi, ARB, Sacubitril\/Valsartan, MRA, SGLT2i), k\u00f6nnen f\u00fcr einen F\u00f6tus sch\u00e4dlich sein. Wenn Sie eine Schwangerschaft in Betracht ziehen, empfiehlt sich ein kardiologisches Gespr\u00e4ch \u00fcber eine Anpassung der Medikamentenliste. Sie erhalten in diesem Zusammenhang auch eine Beratung \u00fcber m\u00f6gliche Risiken bei einem Absetzen dieser Tabletten w\u00e4hrend der Schwangerschaft. Frauen mit Herzerkrankung sind oftmals stillf\u00e4hig. Die Entscheidung h\u00e4ngt von Ihrer eigenen Pr\u00e4ferenz, der Stabilit\u00e4t Ihrer Herzgesundheit und von den verschriebenen Medikamenten ab.<\/p>\n<p>Wenn Sie eine Schwangerschaft in Betracht ziehen, empfiehlt sich ein kardiologisches Gespr\u00e4ch. Der Verlauf der Schwangerschaft bis zur Entbindung und etwaige Medikamenten\u00e4nderungen werden bei Bedarf \u00fcberwacht. Vor der Entbindung erhalten Sie eine Beratung zur Empf\u00e4ngnisverh\u00fctung.<\/p>\n<h2>Empf\u00e4ngnisverh\u00fctung<\/h2>\n<p>Es gibt mehrere Verh\u00fctungsm\u00f6glichkeiten f\u00fcr Frauen mit Herzinsuffizienz. Ihre Entscheidung dar\u00fcber, welches Verh\u00fctungsmittel f\u00fcr Sie am besten geeignet ist, h\u00e4ngt von folgenden Faktoren ab:<\/p>\n<ul>\n<li>Verh\u00fctungswunsch<\/li>\n<li>Schwangerschaftsrisiko<\/li>\n<li>H\u00e4ufigkeit sexueller Aktivit\u00e4t<\/li>\n<li>Sicherheit der Empf\u00e4ngnisverh\u00fctung im Zusammenhang mit gesundheitlichen Bedingungen<\/li>\n<li>Famili\u00e4re Krankengeschichte<\/li>\n<li>Religi\u00f6se und kulturelle Erw\u00e4gungen<\/li>\n<li>Aktuelle Medikation<\/li>\n<li>Menorrhagie &#8211; verst\u00e4rkte Monatsblutung<\/li>\n<li>K\u00fcrzliche Schwangerschaft und Stillzeit<\/li>\n<li>Vermeidung sexuell \u00fcbertragbarer Krankheiten<\/li>\n<li>Therapietreue<\/li>\n<li>Nebenwirkungen<\/li>\n<\/ul>\n<p>Die Empf\u00e4ngnisverh\u00fctung kann mit gewissen Risiken einhergehen. Es ist wichtig, dieses Risiko gegen das Risiko einer Schwangerschaft abzuw\u00e4gen. Im Allgemeinen lautet der Rat von medizinischem Fachpersonal f\u00fcr Frauen mit Herzinsuffizienz, \u00f6strogenhaltige Verh\u00fctungsmittel zu vermeiden. Intrauterine Ger\u00e4te oder injizierbare Verh\u00fctungsmethoden werden im Vergleich zu oral verabreichten Verh\u00fctungsmitteln bevorzugt verwendet. Es kommt jedoch auf eine Beratung durch medizinisches Fachpersonal an, das mit Ihrer Herzerkrankung und jeglichen anderen Erkrankungen und eingenommenen Medikamenten vertraut ist.<\/p>\n<h2>Assistierte Reproduktionstherapie (ART)<\/h2>\n<p>Manche Frauen ben\u00f6tigen m\u00f6glicherweise die Unterst\u00fctzung von Reproduktionstherapien, um schwanger zu werden. Manche M\u00e4nner und Frauen, die von einer erblich bedingten Herzinsuffizienz betroffen sind, k\u00f6nnen sich f\u00fcr ART entscheiden, um die Implantation des Embryos ohne die Erbkrankheit zu erm\u00f6glichen. Dies beinhaltet Gentests vor der Implantation. Menschen mit Herzinsuffizienz k\u00f6nnen auf ART zur\u00fcckgreifen. Ein kardiologisches Beratungsgespr\u00e4ch f\u00fcr die \u00dcberweisung an einen geeigneten ART-Dienst ist jedoch unverzichtbar.<\/p>\n<p>ART kann mit bestimmten Risiken einhergehen, die auf der Grundlage Ihrer Herzerkrankung abzuw\u00e4gen sind. Das ART-Team und Ihre Kardiologin\/Ihr Kardiologe werden nicht nur das Risiko von ART, sondern auch das Risiko einer Schwangerschaft f\u00fcr Sie abw\u00e4gen.<\/p>\n<h2>Menstruation<\/h2>\n<p>Manchmal k\u00f6nnen Frauen mit Herzinsuffizienz auch Medikamente verschrieben werden, um die Blutgerinnung zu verhindern (Thrombozytenhemmer oder Antikoagulanzien). Diese Medikamente k\u00f6nnen zu st\u00e4rkeren Periodenblutungen f\u00fchren. Wenden Sie sich an medizinisches Fachpersonal, wenn dies bei Ihnen der Fall ist. Dieses kann Blutwerte und Tests auf eine An\u00e4mie hin \u00fcberpr\u00fcfen. Es gibt M\u00f6glichkeiten, um Menstruationsblutungen zu reduzieren: Es empfiehlt sich jedoch ein \u00e4rztliches Beratungsgespr\u00e4ch, bevor Sie Ihre Medikamente absetzen.<\/p>\n<p>Frauen k\u00f6nnen oftmals vor und w\u00e4hrend der Menstruation von einem Bl\u00e4hbauch, einer Gewichtszunahme und bisweilen auch Benommenheit betroffen sein, besonders bei starken Menstruationsblutungen. Frauen mit Herzinsuffizienz sollten sich \u00fcber die g\u00e4ngigen Symptome im Klaren sein, um die Gewichtszunahme im Zusammenhang mit ihrer Periode richtig einsch\u00e4tzen zu k\u00f6nnen. Manche Frauen klagen \u00fcber Benommenheit und manche Frauen ben\u00f6tigen gegebenenfalls eine Anpassung ihrer Medikamente gegen Herzinsuffizienz. Falls Ihnen w\u00e4hrend Ihrer Periode eine ausgewogene Herzinsuffizienz-Medikation schwer f\u00e4llt, empfiehlt sich ein Beratungsgespr\u00e4ch mit Ihrer Herzinsuffizienz-Spezialistin\/Ihrem Herzinsuffizienz-Spezialisten. Es ist wichtig, dass Sie Ihre Herzinsuffizienz-Tabletten nicht \u00fcber einen l\u00e4ngeren Zeitraum absetzen.<\/p>\n<h2>Menopause (von 45-52 Jahren)<\/h2>\n<p>Von Menopause spricht man, wenn eine Frau seit mindestens 12 Monaten keine Periode hatte. Die Ursache hierf\u00fcr sind Ver\u00e4nderungen des Hormonspiegels. Die g\u00e4ngigen Symptome der Menopause, darunter Hitzewallungen, Schlafst\u00f6rungen, Verstimmung, Ged\u00e4chtnisprobleme, Gewichtsver\u00e4nderungen und verminderter Sexualtrieb, k\u00f6nnen gro\u00dfen Einfluss auf die Lebensqualit\u00e4t von Frauen haben.<\/p>\n<p>W\u00e4hrend der Menopause und in der postmenopausalen Phase k\u00f6nnen Frauen Anzeichen und Symptome einer Herzerkrankung entwickeln oder zeigen. Allgemeine Ratschl\u00e4ge zur Menopause und Herzgesundheit sowie zur Verringerung des Risikos einer erworbenen Herzerkrankung finden Sie <a href=\"https:\/\/www.bhf.org.uk\/informationsupport\/support\/women-with-a-heart-condition\/menopause-and-heart-disease\" target=\"_blank\" rel=\"noopener\">hier<\/a>.<\/p>\n<p>F\u00fcr Frauen mit Herzinsuffizienz gelten mehrere spezifische Erw\u00e4gungen. Der richtige Umgang mit den Symptomen der Menopause ist wichtig, um die Lebensqualit\u00e4t zu f\u00f6rdern. Ihnen stehen verschiedene Optionen f\u00fcr die Behandlung der Menopause zur Verf\u00fcgung. Im Rahmen eines haus\u00e4rztlichen oder kardiologischen Beratungsgespr\u00e4chs k\u00f6nnen Sie weitere Ratschl\u00e4ge einholen. Diese ber\u00fccksichtigen Ihre pers\u00f6nliche Herzgesundheit, und die famili\u00e4re Krankengeschichte (Anamnese) von Herzerkrankungen und andere Faktoren, um einen individuellen Behandlungsplan zu erstellen.<\/p>\n","protected":false},"excerpt":{"rendered":"<p>F\u00fcr Frauen mit Herzinsuffizienz gibt es bestimmte Lebensabschnitte, die spezifische Beratung und Aufmerksamkeit erfordern k\u00f6nnen. Geb\u00e4rf\u00e4higes Alter (von ca. 15-50 Jahren) Es gilt, die m\u00f6glichen Auswirkungen einer Schwangerschaft auf das Herz zu ber\u00fccksichtigen. Dies hilft Ihnen bei der Entscheidung dar\u00fcber, ob Sie eine Schwangerschaft anstreben sollten und welche Art von Empf\u00e4ngnisverh\u00fctung f\u00fcr Sie geeignet sein [&hellip;]<\/p>\n","protected":false},"author":22,"featured_media":0,"parent":1371,"menu_order":0,"comment_status":"closed","ping_status":"closed","template":"","meta":{"_acf_changed":false,"footnotes":""},"categories":[119],"tags":[],"class_list":["post-13469","page","type-page","status-publish","hentry","category-understanding-heart-failure-de"],"acf":[],"yoast_head":"<!-- This site is optimized with the Yoast SEO plugin v24.8.1 - https:\/\/yoast.com\/wordpress\/plugins\/seo\/ -->\n<title>Frauen und Herzinsuffizienz - Heart Failure Matters<\/title>\n<meta name=\"robots\" content=\"index, follow, max-snippet:-1, max-image-preview:large, max-video-preview:-1\" \/>\n<link rel=\"canonical\" href=\"https:\/\/www.heartfailurematters.org\/de\/herzinsuffizienz-verstehen\/women-and-heart-failure\/\" \/>\n<meta property=\"og:locale\" content=\"de_DE\" \/>\n<meta property=\"og:type\" content=\"article\" \/>\n<meta property=\"og:title\" content=\"Frauen und Herzinsuffizienz - Heart Failure Matters\" \/>\n<meta property=\"og:description\" content=\"F\u00fcr Frauen mit Herzinsuffizienz gibt es bestimmte Lebensabschnitte, die spezifische Beratung und Aufmerksamkeit erfordern k\u00f6nnen. Geb\u00e4rf\u00e4higes Alter (von ca. 15-50 Jahren) Es gilt, die m\u00f6glichen Auswirkungen einer Schwangerschaft auf das Herz zu ber\u00fccksichtigen. Dies hilft Ihnen bei der Entscheidung dar\u00fcber, ob Sie eine Schwangerschaft anstreben sollten und welche Art von Empf\u00e4ngnisverh\u00fctung f\u00fcr Sie geeignet sein [&hellip;]\" \/>\n<meta property=\"og:url\" content=\"https:\/\/www.heartfailurematters.org\/de\/herzinsuffizienz-verstehen\/women-and-heart-failure\/\" \/>\n<meta property=\"og:site_name\" content=\"Heart Failure Matters\" \/>\n<meta property=\"article:publisher\" content=\"https:\/\/www.facebook.com\/heartfailurematters\" \/>\n<meta property=\"article:modified_time\" content=\"2025-12-04T11:24:05+00:00\" \/>\n<meta name=\"twitter:card\" content=\"summary_large_image\" \/>\n<meta name=\"twitter:label1\" content=\"Gesch\u00e4tzte Lesezeit\" \/>\n\t<meta name=\"twitter:data1\" content=\"6\u00a0Minuten\" \/>\n<script type=\"application\/ld+json\" class=\"yoast-schema-graph\">{\"@context\":\"https:\/\/schema.org\",\"@graph\":[{\"@type\":\"WebPage\",\"@id\":\"https:\/\/www.heartfailurematters.org\/de\/herzinsuffizienz-verstehen\/women-and-heart-failure\/\",\"url\":\"https:\/\/www.heartfailurematters.org\/de\/herzinsuffizienz-verstehen\/women-and-heart-failure\/\",\"name\":\"Frauen und Herzinsuffizienz - Heart Failure Matters\",\"isPartOf\":{\"@id\":\"https:\/\/www.heartfailurematters.org\/de\/#website\"},\"datePublished\":\"2024-07-25T13:10:49+00:00\",\"dateModified\":\"2025-12-04T11:24:05+00:00\",\"breadcrumb\":{\"@id\":\"https:\/\/www.heartfailurematters.org\/de\/herzinsuffizienz-verstehen\/women-and-heart-failure\/#breadcrumb\"},\"inLanguage\":\"de\",\"potentialAction\":[{\"@type\":\"ReadAction\",\"target\":[\"https:\/\/www.heartfailurematters.org\/de\/herzinsuffizienz-verstehen\/women-and-heart-failure\/\"]}]},{\"@type\":\"BreadcrumbList\",\"@id\":\"https:\/\/www.heartfailurematters.org\/de\/herzinsuffizienz-verstehen\/women-and-heart-failure\/#breadcrumb\",\"itemListElement\":[{\"@type\":\"ListItem\",\"position\":1,\"name\":\"Startseite\",\"item\":\"https:\/\/www.heartfailurematters.org\/de\/\"},{\"@type\":\"ListItem\",\"position\":2,\"name\":\"Herzinsuffizienz verstehen\",\"item\":\"https:\/\/www.heartfailurematters.org\/de\/herzinsuffizienz-verstehen\/\"},{\"@type\":\"ListItem\",\"position\":3,\"name\":\"Frauen und Herzinsuffizienz\"}]},{\"@type\":\"WebSite\",\"@id\":\"https:\/\/www.heartfailurematters.org\/de\/#website\",\"url\":\"https:\/\/www.heartfailurematters.org\/de\/\",\"name\":\"Heart Failure Matters\",\"description\":\"Practical information for patients, families and caregivers.\",\"publisher\":{\"@id\":\"https:\/\/www.heartfailurematters.org\/de\/#organization\"},\"potentialAction\":[{\"@type\":\"SearchAction\",\"target\":{\"@type\":\"EntryPoint\",\"urlTemplate\":\"https:\/\/www.heartfailurematters.org\/de\/?s={search_term_string}\"},\"query-input\":{\"@type\":\"PropertyValueSpecification\",\"valueRequired\":true,\"valueName\":\"search_term_string\"}}],\"inLanguage\":\"de\"},{\"@type\":\"Organization\",\"@id\":\"https:\/\/www.heartfailurematters.org\/de\/#organization\",\"name\":\"Heart Failure Matters\",\"url\":\"https:\/\/www.heartfailurematters.org\/de\/\",\"logo\":{\"@type\":\"ImageObject\",\"inLanguage\":\"de\",\"@id\":\"https:\/\/www.heartfailurematters.org\/de\/#\/schema\/logo\/image\/\",\"url\":\"https:\/\/cdn-endpoint-hfm.azureedge.net\/heartfailurematters\/2024\/07\/hfm-logo1.jpg\",\"contentUrl\":\"https:\/\/cdn-endpoint-hfm.azureedge.net\/heartfailurematters\/2024\/07\/hfm-logo1.jpg\",\"width\":1280,\"height\":720,\"caption\":\"Heart Failure Matters\"},\"image\":{\"@id\":\"https:\/\/www.heartfailurematters.org\/de\/#\/schema\/logo\/image\/\"},\"sameAs\":[\"https:\/\/www.facebook.com\/heartfailurematters\"]}]}<\/script>\n<!-- \/ Yoast SEO plugin. -->","yoast_head_json":{"title":"Frauen und Herzinsuffizienz - Heart Failure Matters","robots":{"index":"index","follow":"follow","max-snippet":"max-snippet:-1","max-image-preview":"max-image-preview:large","max-video-preview":"max-video-preview:-1"},"canonical":"https:\/\/www.heartfailurematters.org\/de\/herzinsuffizienz-verstehen\/women-and-heart-failure\/","og_locale":"de_DE","og_type":"article","og_title":"Frauen und Herzinsuffizienz - Heart Failure Matters","og_description":"F\u00fcr Frauen mit Herzinsuffizienz gibt es bestimmte Lebensabschnitte, die spezifische Beratung und Aufmerksamkeit erfordern k\u00f6nnen. Geb\u00e4rf\u00e4higes Alter (von ca. 15-50 Jahren) Es gilt, die m\u00f6glichen Auswirkungen einer Schwangerschaft auf das Herz zu ber\u00fccksichtigen. Dies hilft Ihnen bei der Entscheidung dar\u00fcber, ob Sie eine Schwangerschaft anstreben sollten und welche Art von Empf\u00e4ngnisverh\u00fctung f\u00fcr Sie geeignet sein [&hellip;]","og_url":"https:\/\/www.heartfailurematters.org\/de\/herzinsuffizienz-verstehen\/women-and-heart-failure\/","og_site_name":"Heart Failure Matters","article_publisher":"https:\/\/www.facebook.com\/heartfailurematters","article_modified_time":"2025-12-04T11:24:05+00:00","twitter_card":"summary_large_image","twitter_misc":{"Gesch\u00e4tzte Lesezeit":"6\u00a0Minuten"},"schema":{"@context":"https:\/\/schema.org","@graph":[{"@type":"WebPage","@id":"https:\/\/www.heartfailurematters.org\/de\/herzinsuffizienz-verstehen\/women-and-heart-failure\/","url":"https:\/\/www.heartfailurematters.org\/de\/herzinsuffizienz-verstehen\/women-and-heart-failure\/","name":"Frauen und Herzinsuffizienz - Heart Failure Matters","isPartOf":{"@id":"https:\/\/www.heartfailurematters.org\/de\/#website"},"datePublished":"2024-07-25T13:10:49+00:00","dateModified":"2025-12-04T11:24:05+00:00","breadcrumb":{"@id":"https:\/\/www.heartfailurematters.org\/de\/herzinsuffizienz-verstehen\/women-and-heart-failure\/#breadcrumb"},"inLanguage":"de","potentialAction":[{"@type":"ReadAction","target":["https:\/\/www.heartfailurematters.org\/de\/herzinsuffizienz-verstehen\/women-and-heart-failure\/"]}]},{"@type":"BreadcrumbList","@id":"https:\/\/www.heartfailurematters.org\/de\/herzinsuffizienz-verstehen\/women-and-heart-failure\/#breadcrumb","itemListElement":[{"@type":"ListItem","position":1,"name":"Startseite","item":"https:\/\/www.heartfailurematters.org\/de\/"},{"@type":"ListItem","position":2,"name":"Herzinsuffizienz verstehen","item":"https:\/\/www.heartfailurematters.org\/de\/herzinsuffizienz-verstehen\/"},{"@type":"ListItem","position":3,"name":"Frauen und Herzinsuffizienz"}]},{"@type":"WebSite","@id":"https:\/\/www.heartfailurematters.org\/de\/#website","url":"https:\/\/www.heartfailurematters.org\/de\/","name":"Heart Failure Matters","description":"Practical information for patients, families and caregivers.","publisher":{"@id":"https:\/\/www.heartfailurematters.org\/de\/#organization"},"potentialAction":[{"@type":"SearchAction","target":{"@type":"EntryPoint","urlTemplate":"https:\/\/www.heartfailurematters.org\/de\/?s={search_term_string}"},"query-input":{"@type":"PropertyValueSpecification","valueRequired":true,"valueName":"search_term_string"}}],"inLanguage":"de"},{"@type":"Organization","@id":"https:\/\/www.heartfailurematters.org\/de\/#organization","name":"Heart Failure Matters","url":"https:\/\/www.heartfailurematters.org\/de\/","logo":{"@type":"ImageObject","inLanguage":"de","@id":"https:\/\/www.heartfailurematters.org\/de\/#\/schema\/logo\/image\/","url":"https:\/\/cdn-endpoint-hfm.azureedge.net\/heartfailurematters\/2024\/07\/hfm-logo1.jpg","contentUrl":"https:\/\/cdn-endpoint-hfm.azureedge.net\/heartfailurematters\/2024\/07\/hfm-logo1.jpg","width":1280,"height":720,"caption":"Heart Failure Matters"},"image":{"@id":"https:\/\/www.heartfailurematters.org\/de\/#\/schema\/logo\/image\/"},"sameAs":["https:\/\/www.facebook.com\/heartfailurematters"]}]}},"_links":{"self":[{"href":"https:\/\/www.heartfailurematters.org\/de\/wp-json\/wp\/v2\/pages\/13469","targetHints":{"allow":["GET"]}}],"collection":[{"href":"https:\/\/www.heartfailurematters.org\/de\/wp-json\/wp\/v2\/pages"}],"about":[{"href":"https:\/\/www.heartfailurematters.org\/de\/wp-json\/wp\/v2\/types\/page"}],"author":[{"embeddable":true,"href":"https:\/\/www.heartfailurematters.org\/de\/wp-json\/wp\/v2\/users\/22"}],"replies":[{"embeddable":true,"href":"https:\/\/www.heartfailurematters.org\/de\/wp-json\/wp\/v2\/comments?post=13469"}],"version-history":[{"count":1,"href":"https:\/\/www.heartfailurematters.org\/de\/wp-json\/wp\/v2\/pages\/13469\/revisions"}],"predecessor-version":[{"id":13619,"href":"https:\/\/www.heartfailurematters.org\/de\/wp-json\/wp\/v2\/pages\/13469\/revisions\/13619"}],"up":[{"embeddable":true,"href":"https:\/\/www.heartfailurematters.org\/de\/wp-json\/wp\/v2\/pages\/1371"}],"wp:attachment":[{"href":"https:\/\/www.heartfailurematters.org\/de\/wp-json\/wp\/v2\/media?parent=13469"}],"wp:term":[{"taxonomy":"category","embeddable":true,"href":"https:\/\/www.heartfailurematters.org\/de\/wp-json\/wp\/v2\/categories?post=13469"},{"taxonomy":"post_tag","embeddable":true,"href":"https:\/\/www.heartfailurematters.org\/de\/wp-json\/wp\/v2\/tags?post=13469"}],"curies":[{"name":"wp","href":"https:\/\/api.w.org\/{rel}","templated":true}]}}